{"id":1350,"date":"2025-12-09T15:07:29","date_gmt":"2025-12-09T14:07:29","guid":{"rendered":"https:\/\/www.girbau.com\/de-de\/soporte\/soporte-tecnico\/"},"modified":"2026-02-19T11:43:15","modified_gmt":"2026-02-19T10:43:15","slug":"technischer-support","status":"publish","type":"page","link":"https:\/\/www.girbau.com\/de-de\/support\/technischer-support\/","title":{"rendered":"Technischer Support"},"content":{"rendered":"\n\n\t\n<nav class=\"breadcrumbs\">\n\t<ul class=\"container breadcrumbs__list\">\n\t\t\t\t\t<li class=\"breadcrumbs__item\">\n\t\t\t\t\t\t\t\t\t<a\n\t\t\t\t\t\thref=\"https:\/\/www.girbau.com\/de-de\/\"\n\t\t\t\t\t\tclass=\"breadcrumbs__link\"\n\t\t\t\t\t\taria-label=\"Startseite\">\n\t\t\t\t\t\t<svg width=\"24\" height=\"24\" viewBox=\"0 0 24 24\" fill=\"none\" xmlns=\"http:\/\/www.w3.org\/2000\/svg\">\n<path d=\"M20 8.00001L14 2.74001C13.45 2.24805 12.7379 1.97607 12 1.97607C11.262 1.97607 10.55 2.24805 9.99997 2.74001L3.99997 8.00001C3.68234 8.28408 3.42887 8.63256 3.25644 9.02225C3.08402 9.41194 2.99659 9.83389 2.99997 10.26V19C2.99997 19.7957 3.31604 20.5587 3.87865 21.1213C4.44126 21.6839 5.20432 22 5.99997 22H18C18.7956 22 19.5587 21.6839 20.1213 21.1213C20.6839 20.5587 21 19.7957 21 19V10.25C21.0019 9.82557 20.9138 9.40555 20.7414 9.01769C20.5691 8.62983 20.3163 8.28296 20 8.00001ZM14 20H9.99997V15C9.99997 14.7348 10.1053 14.4804 10.2929 14.2929C10.4804 14.1054 10.7348 14 11 14H13C13.2652 14 13.5195 14.1054 13.7071 14.2929C13.8946 14.4804 14 14.7348 14 15V20ZM19 19C19 19.2652 18.8946 19.5196 18.7071 19.7071C18.5195 19.8946 18.2652 20 18 20H16V15C16 14.2044 15.6839 13.4413 15.1213 12.8787C14.5587 12.3161 13.7956 12 13 12H11C10.2043 12 9.44126 12.3161 8.87865 12.8787C8.31604 13.4413 7.99997 14.2044 7.99997 15V20H5.99997C5.73476 20 5.4804 19.8946 5.29287 19.7071C5.10533 19.5196 4.99997 19.2652 4.99997 19V10.25C5.00015 10.108 5.03057 9.9677 5.08919 9.83839C5.14781 9.70907 5.2333 9.59372 5.33997 9.50001L11.34 4.25001C11.5225 4.08969 11.7571 4.00127 12 4.00127C12.2429 4.00127 12.4775 4.08969 12.66 4.25001L18.66 9.50001C18.7666 9.59372 18.8521 9.70907 18.9108 9.83839C18.9694 9.9677 18.9998 10.108 19 10.25V19Z\" fill=\"black\"\/>\n<\/svg>\n\n\t\t\t\t\t<\/a>\n\t\t\t\t\t\t\t<\/li>\n\t\t\t<\/ul>\n<\/nav>\n\n\n\n\t\n\n\n<div class=\"content__block\">\n\t\n\t\n<div class=\"section-intro py-layoutModuleSpace container narrow\">\n\t\n\t\t\t<div class=\"section-intro__container\">\n\t\t\t\t\t\t\t\t\t\t<h2 class=\"section-intro__title\">Technischer Support<\/h2>\n\t\t\t\t\t<\/div>\n\t\n\t\t\t\t\t\t\t\t<p class=\"section-intro__description\">\n\t\t\t\tGeben Sie unten Ihre Daten ein, um unser technisches Support-Team zu kontaktieren. Ganz gleich, ob Sie ein Problem melden, Ersatzteile anfordern oder einen Vor-Ort-Service vereinbaren m\u00f6chten \u2013 wir werden umgehend Ma\u00dfnahmen ergreifen, damit Ihr Betrieb reibungslos weiterl\u00e4uft.\n\t\t\t<\/p>\n\t\t\t\n\t\n\t<\/div>\n<\/div>\n\n\n\n\n<style>\n  .girbau-form { max-width: 980px; margin: 0 auto; }\n  .girbau-grid {\n    display: grid;\n    grid-template-columns: 1fr 1fr;\n    gap: 14px 24px;\n    align-items: start;\n  }\n  .girbau-field { display: flex; flex-direction: column; gap: 6px; }\n  .girbau-label { font-size: 13px; font-weight: 600; }\n  .girbau-label.req::after { content: \" *\"; color: #b00020; }\n\n  .girbau-form input,\n  .girbau-form select,\n  .girbau-form textarea {\n    width: 100%;\n    padding: 10px 12px;\n    border: 1px solid #cfcfcf;\n    border-radius: 10px;\n    font-size: 14px;\n    background: #fff;\n  }\n  .girbau-form textarea { min-height: 130px; resize: vertical; }\n  .girbau-span-2 { grid-column: 1 \/ -1; }\n\n  .girbau-fineprint {\n    font-size: 12px;\n    line-height: 1.4;\n    color: #555;\n    margin-top: 6px;\n  }\n  .girbau-fineprint a { color: inherit; text-decoration: underline; }\n\n  .girbau-actions {\n    grid-column: 1 \/ -1;\n    display: flex;\n    justify-content: center;\n    margin-top: 8px;\n  }\n  .girbau-submit {\n    background: rgb(0,116,129);\n    color: #fff;\n    border: 0;\n    cursor: pointer;\n    font-weight: 700;\n    letter-spacing: 0.2px;\n    padding: 12px 28px;\n    border-radius: 12px;\n    min-width: 220px;\n  }\n  .girbau-submit:hover { filter: brightness(0.95); }\n\n  .girbau-hidden { display: none !important; }\n\n  @media (max-width: 820px) {\n    .girbau-grid { grid-template-columns: 1fr; }\n  }\n<\/style>\n\n<form action=\"https:\/\/webto.salesforce.com\/servlet\/servlet.WebToCase?encoding=UTF-8&#038;orgId=00DU0000000LgZH\" method=\"POST\">\n\n<input type=\"hidden\" name=\"orgid\" value=\"00DU0000000LgZH\">\n<input type=\"hidden\" name=\"retURL\" value=\"https:\/\/www.girbau.com\/de-de\/danke\/\">\n<input type=\"hidden\" id=\"external\" name=\"external\" value=\"1\">\n\n<div class=\"girbau-form\" id=\"girbauW2CFormDE\">\n  <div class=\"girbau-grid\">\n\n    <div class=\"girbau-field\">\n      <label class=\"girbau-label req\" for=\"00N4O000005qC1r\">Vorgangstyp<\/label>\n      <select id=\"00N4O000005qC1r\" name=\"00N4O000005qC1r\" required>\n        <option value=\"\">\u2013 Keine \u2013<\/option>\n        <option value=\"Inquiry\">Anfrage<\/option>\n        <option value=\"Incidence\">St\u00f6rung<\/option>\n        <option value=\"IncidenceFSL\">St\u00f6rung FSL<\/option>\n      <\/select>\n    <\/div>\n\n    <div class=\"girbau-field\">\n      <label class=\"girbau-label req\" for=\"name\">Kontaktname<\/label>\n      <input id=\"name\" name=\"name\" maxlength=\"80\" type=\"text\" required>\n    <\/div>\n\n    <div class=\"girbau-field\">\n      <label class=\"girbau-label req\" for=\"email\">E-Mail<\/label>\n      <input id=\"email\" name=\"email\" maxlength=\"80\" type=\"email\" required>\n    <\/div>\n\n    <div class=\"girbau-field\">\n      <label class=\"girbau-label\" for=\"phone\">Telefon<\/label>\n      <input id=\"phone\" name=\"phone\" maxlength=\"40\" type=\"tel\">\n    <\/div>\n\n    <div class=\"girbau-field\">\n      <label class=\"girbau-label\" for=\"company\">Unternehmen<\/label>\n      <input id=\"company\" name=\"company\" maxlength=\"80\" type=\"text\">\n    <\/div>\n\n    <div class=\"girbau-field\">\n      <label class=\"girbau-label req\" for=\"ui_country_de\">Land<\/label>\n      <select id=\"ui_country_de\" required>\n        <option value=\"\">\u2013 Bitte w\u00e4hlen \u2013<\/option>\n      <\/select>\n      <input id=\"00N0B000006Hx5m\" name=\"00N0B000006Hx5m\" type=\"text\" class=\"girbau-hidden\">\n    <\/div>\n\n    <div class=\"girbau-field\">\n      <label class=\"girbau-label\" for=\"00N0B000006Hx5o\">Bundesland\/Region<\/label>\n      <input id=\"00N0B000006Hx5o\" name=\"00N0B000006Hx5o\" maxlength=\"100\" type=\"text\">\n    <\/div>\n\n    <div class=\"girbau-field\">\n      <label class=\"girbau-label\" for=\"00N0B000006Hx5l\">Stadt<\/label>\n      <input id=\"00N0B000006Hx5l\" name=\"00N0B000006Hx5l\" maxlength=\"50\" type=\"text\">\n    <\/div>\n\n    <div class=\"girbau-field\">\n      <label class=\"girbau-label\" for=\"00N0B000006HgnO\">Seriennummer<\/label>\n      <input id=\"00N0B000006HgnO\" name=\"00N0B000006HgnO\" maxlength=\"80\" type=\"text\">\n    <\/div>\n\n    <div class=\"girbau-field\">\n      <label class=\"girbau-label\" for=\"subject\">Betreff<\/label>\n      <input id=\"subject\" name=\"subject\" maxlength=\"80\" type=\"text\">\n    <\/div>\n\n    <div class=\"girbau-field girbau-span-2\">\n      <label class=\"girbau-label req\" for=\"description\">Beschreibung<\/label>\n      <textarea id=\"description\" name=\"description\" required><\/textarea>\n    <\/div>\n\n    <div class=\"girbau-field girbau-span-2\">\n      <div class=\"girbau-fineprint\">\n        Gem\u00e4\u00df der Verordnung (EU) 2016\/679 des Europ\u00e4ischen Parlaments zum Schutz nat\u00fcrlicher Personen erkl\u00e4re ich mich damit einverstanden, dass Girbau S.A. meine Daten gem\u00e4\u00df der\n        <a href=\"https:\/\/www.girbau.com\/de-de\/datenschutzerklarung-der-website\/\" target=\"_blank\" rel=\"noopener noreferrer\">Datenschutzerkl\u00e4rung<\/a>\n        verwendet.\n      <\/div>\n    <\/div>\n\n    <div class=\"girbau-actions\">\n      <input type=\"submit\" name=\"submit\" class=\"girbau-submit\" value=\"Senden\">\n    <\/div>\n\n  <\/div>\n<\/div>\n\n<\/form>\n\n<script>\n(function () {\n  const ui = document.getElementById(\"ui_country_de\");\n  const sf = document.getElementById(\"00N0B000006Hx5m\");\n\n  const sfCountries = [\n    \"Andorra\",\"Espa\u00f1a\",\"France\",\"United Kingdom\",\"Estados Unidos\",\"Alemania\",\"Portugal\",\"Italia\",\n    \"Pa\u00edses Bajos\",\"Suiza\",\"Austria\",\"B\u00e9lgica\"\n  ];\n\n  const de = {\n    \"Espa\u00f1a\":\"Spanien\",\n    \"France\":\"Frankreich\",\n    \"United Kingdom\":\"Vereinigtes K\u00f6nigreich\",\n    \"Estados Unidos\":\"Vereinigte Staaten\",\n    \"Alemania\":\"Deutschland\",\n    \"Pa\u00edses Bajos\":\"Niederlande\",\n    \"Suiza\":\"Schweiz\",\n    \"Austria\":\"\u00d6sterreich\",\n    \"B\u00e9lgica\":\"Belgien\"\n  };\n\n  sfCountries.forEach(v => {\n    const opt = document.createElement(\"option\");\n    opt.value = v;\n    opt.textContent = de[v] || v;\n    ui.appendChild(opt);\n  });\n\n  ui.addEventListener(\"change\", () => sf.value = ui.value);\n})();\n<\/script>\n\n\n\n\n\n<p><\/p>\n","protected":false},"excerpt":{"rendered":"<p>Vorgangstyp \u2013 Keine \u2013AnfrageSt\u00f6rungSt\u00f6rung FSL Kontaktname E-Mail Telefon Unternehmen Land \u2013 Bitte w\u00e4hlen \u2013 Bundesland\/Region Stadt Seriennummer Betreff Beschreibung Gem\u00e4\u00df\u2026<\/p>\n","protected":false},"author":4,"featured_media":0,"parent":1086,"menu_order":0,"comment_status":"closed","ping_status":"closed","template":"","meta":{"_acf_changed":false,"footnotes":""},"class_list":["post-1350","page","type-page","status-publish","hentry"],"acf":[],"yoast_head":"<!-- This site is optimized with the Yoast SEO Premium plugin v26.8 (Yoast SEO v27.1.1) - https:\/\/yoast.com\/product\/yoast-seo-premium-wordpress\/ -->\n<title>Technischer Support &amp; Probleml\u00f6sung | Girbau<\/title>\n<meta name=\"description\" content=\"Technischer Support von Girbau Deutschland mit Wartungshinweisen und Probleml\u00f6sungen.\" \/>\n<meta name=\"robots\" content=\"index, follow, max-snippet:-1, max-image-preview:large, max-video-preview:-1\" \/>\n<link rel=\"canonical\" href=\"https:\/\/www.girbau.com\/de-de\/support\/technischer-support\/\" \/>\n<meta property=\"og:locale\" content=\"de_DE\" \/>\n<meta property=\"og:type\" content=\"article\" \/>\n<meta property=\"og:title\" content=\"Technischer Support\" \/>\n<meta property=\"og:description\" content=\"Technischer Support von Girbau Deutschland mit Wartungshinweisen und Probleml\u00f6sungen.\" \/>\n<meta property=\"og:url\" content=\"https:\/\/www.girbau.com\/de-de\/support\/technischer-support\/\" \/>\n<meta property=\"og:site_name\" content=\"Girbau DE\" \/>\n<meta property=\"article:modified_time\" content=\"2026-02-19T10:43:15+00:00\" \/>\n<meta name=\"twitter:card\" content=\"summary_large_image\" \/>\n<meta name=\"twitter:label1\" content=\"Gesch\u00e4tzte Lesezeit\" \/>\n\t<meta name=\"twitter:data1\" content=\"1\u00a0Minute\" \/>\n<script type=\"application\/ld+json\" class=\"yoast-schema-graph\">{\"@context\":\"https:\/\/schema.org\",\"@graph\":[{\"@type\":\"WebPage\",\"@id\":\"https:\/\/www.girbau.com\/de-de\/support\/technischer-support\/\",\"url\":\"https:\/\/www.girbau.com\/de-de\/support\/technischer-support\/\",\"name\":\"Technischer Support & Probleml\u00f6sung | Girbau\",\"isPartOf\":{\"@id\":\"https:\/\/www.girbau.com\/de-de\/#website\"},\"datePublished\":\"2025-12-09T14:07:29+00:00\",\"dateModified\":\"2026-02-19T10:43:15+00:00\",\"description\":\"Technischer Support von Girbau Deutschland mit Wartungshinweisen und Probleml\u00f6sungen.\",\"breadcrumb\":{\"@id\":\"https:\/\/www.girbau.com\/de-de\/support\/technischer-support\/#breadcrumb\"},\"inLanguage\":\"de\",\"potentialAction\":[{\"@type\":\"ReadAction\",\"target\":[\"https:\/\/www.girbau.com\/de-de\/support\/technischer-support\/\"]}]},{\"@type\":\"BreadcrumbList\",\"@id\":\"https:\/\/www.girbau.com\/de-de\/support\/technischer-support\/#breadcrumb\",\"itemListElement\":[{\"@type\":\"ListItem\",\"position\":1,\"name\":\"Home\",\"item\":\"https:\/\/www.girbau.com\/de-de\/\"},{\"@type\":\"ListItem\",\"position\":2,\"name\":\"Ihr Girbau-Support, immer in der N\u00e4he\",\"item\":\"https:\/\/www.girbau.com\/de-de\/support\/\"},{\"@type\":\"ListItem\",\"position\":3,\"name\":\"Technischer Support\"}]},{\"@type\":\"WebSite\",\"@id\":\"https:\/\/www.girbau.com\/de-de\/#website\",\"url\":\"https:\/\/www.girbau.com\/de-de\/\",\"name\":\"Girbau DE\",\"description\":\"\",\"potentialAction\":[{\"@type\":\"SearchAction\",\"target\":{\"@type\":\"EntryPoint\",\"urlTemplate\":\"https:\/\/www.girbau.com\/de-de\/?s={search_term_string}\"},\"query-input\":{\"@type\":\"PropertyValueSpecification\",\"valueRequired\":true,\"valueName\":\"search_term_string\"}}],\"inLanguage\":\"de\"}]}<\/script>\n<!-- \/ Yoast SEO Premium plugin. -->","yoast_head_json":{"title":"Technischer Support & Probleml\u00f6sung | Girbau","description":"Technischer Support von Girbau Deutschland mit Wartungshinweisen und Probleml\u00f6sungen.","robots":{"index":"index","follow":"follow","max-snippet":"max-snippet:-1","max-image-preview":"max-image-preview:large","max-video-preview":"max-video-preview:-1"},"canonical":"https:\/\/www.girbau.com\/de-de\/support\/technischer-support\/","og_locale":"de_DE","og_type":"article","og_title":"Technischer Support","og_description":"Technischer Support von Girbau Deutschland mit Wartungshinweisen und Probleml\u00f6sungen.","og_url":"https:\/\/www.girbau.com\/de-de\/support\/technischer-support\/","og_site_name":"Girbau DE","article_modified_time":"2026-02-19T10:43:15+00:00","twitter_card":"summary_large_image","twitter_misc":{"Gesch\u00e4tzte Lesezeit":"1\u00a0Minute"},"schema":{"@context":"https:\/\/schema.org","@graph":[{"@type":"WebPage","@id":"https:\/\/www.girbau.com\/de-de\/support\/technischer-support\/","url":"https:\/\/www.girbau.com\/de-de\/support\/technischer-support\/","name":"Technischer Support & Probleml\u00f6sung | Girbau","isPartOf":{"@id":"https:\/\/www.girbau.com\/de-de\/#website"},"datePublished":"2025-12-09T14:07:29+00:00","dateModified":"2026-02-19T10:43:15+00:00","description":"Technischer Support von Girbau Deutschland mit Wartungshinweisen und Probleml\u00f6sungen.","breadcrumb":{"@id":"https:\/\/www.girbau.com\/de-de\/support\/technischer-support\/#breadcrumb"},"inLanguage":"de","potentialAction":[{"@type":"ReadAction","target":["https:\/\/www.girbau.com\/de-de\/support\/technischer-support\/"]}]},{"@type":"BreadcrumbList","@id":"https:\/\/www.girbau.com\/de-de\/support\/technischer-support\/#breadcrumb","itemListElement":[{"@type":"ListItem","position":1,"name":"Home","item":"https:\/\/www.girbau.com\/de-de\/"},{"@type":"ListItem","position":2,"name":"Ihr Girbau-Support, immer in der N\u00e4he","item":"https:\/\/www.girbau.com\/de-de\/support\/"},{"@type":"ListItem","position":3,"name":"Technischer Support"}]},{"@type":"WebSite","@id":"https:\/\/www.girbau.com\/de-de\/#website","url":"https:\/\/www.girbau.com\/de-de\/","name":"Girbau DE","description":"","potentialAction":[{"@type":"SearchAction","target":{"@type":"EntryPoint","urlTemplate":"https:\/\/www.girbau.com\/de-de\/?s={search_term_string}"},"query-input":{"@type":"PropertyValueSpecification","valueRequired":true,"valueName":"search_term_string"}}],"inLanguage":"de"}]}},"_links":{"self":[{"href":"https:\/\/www.girbau.com\/de-de\/wp-json\/wp\/v2\/pages\/1350","targetHints":{"allow":["GET"]}}],"collection":[{"href":"https:\/\/www.girbau.com\/de-de\/wp-json\/wp\/v2\/pages"}],"about":[{"href":"https:\/\/www.girbau.com\/de-de\/wp-json\/wp\/v2\/types\/page"}],"author":[{"embeddable":true,"href":"https:\/\/www.girbau.com\/de-de\/wp-json\/wp\/v2\/users\/4"}],"replies":[{"embeddable":true,"href":"https:\/\/www.girbau.com\/de-de\/wp-json\/wp\/v2\/comments?post=1350"}],"version-history":[{"count":5,"href":"https:\/\/www.girbau.com\/de-de\/wp-json\/wp\/v2\/pages\/1350\/revisions"}],"predecessor-version":[{"id":2038,"href":"https:\/\/www.girbau.com\/de-de\/wp-json\/wp\/v2\/pages\/1350\/revisions\/2038"}],"up":[{"embeddable":true,"href":"https:\/\/www.girbau.com\/de-de\/wp-json\/wp\/v2\/pages\/1086"}],"wp:attachment":[{"href":"https:\/\/www.girbau.com\/de-de\/wp-json\/wp\/v2\/media?parent=1350"}],"curies":[{"name":"wp","href":"https:\/\/api.w.org\/{rel}","templated":true}]}}