{"id":168,"date":"2025-11-25T12:06:51","date_gmt":"2025-11-25T12:06:51","guid":{"rendered":"https:\/\/www.girbau.com\/de-de\/sistema-interno-de-informacion\/"},"modified":"2026-02-23T11:37:02","modified_gmt":"2026-02-23T10:37:02","slug":"internes-informationssystem","status":"publish","type":"page","link":"https:\/\/www.girbau.com\/de-de\/internes-informationssystem\/","title":{"rendered":"Internes Informationssystem"},"content":{"rendered":"\t\n\t\t\t\t\t\t\t\t\t\t\t\t\t\t\t\t\t\t\t\t\t\t\t\t\t\t\t\t\t\n\t\n\t\n\n<section class=\"module-grid\" >\n\t<div class=\"container\">\n\t\t\t\t\t\n\n<div class=\"section-header\">\n\t\t\t<div class=\"section-header__intro\">\n\t\t\t\n\n<div class=\"section-intro\">\n\t\n\t\t\t<div class=\"section-intro__container\">\n\t\t\t\t\t\t\t\t\t\t<h2 class=\"section-intro__title\">Internes Informationssystem<\/h2>\n\t\t\t\t\t<\/div>\n\t\n\t\n\t\n\t<\/div>\n\t\t<\/div>\n\t\n\t<\/div>\n\t\t\n\t\t\t\t\t<div class=\"module-grid__content only-text\">\n\t\t\t\t<p>In \u00dcbereinstimmung mit dem Gesetz 2\/2023 vom 20. Februar zur Regelung des Schutzes von Personen, die Verst\u00f6\u00dfe gegen Vorschriften melden, sowie zur Bek\u00e4mpfung von Korruption erkl\u00e4rt GIRBAU, S.A., dass ein Internes Informationssystem eingerichtet wurde. Das Unternehmen ist dabei f\u00fcr die Verarbeitung personenbezogener Daten verantwortlich und handelt im Einklang mit den einschl\u00e4gigen gesetzlichen Bestimmungen in diesem Bereich.<\/p>\n\n\t\t\t<\/div>\n\t\t\n\t\t\t\t\t<div class=\"module-grid__content\" style=\"--columns: 1;\">\n\t\t\t\t\t\t\t\t\t\n\n<div class=\"accordion\" data-accordion>\n\t<button class=\"accordion__trigger\" aria-expanded=\"false\" data-accordion-trigger>\n\t\t<h3 class=\"accordion__title\">I.- INTERNES INFORMATIONSSYSTEM<\/h3>\n\t\t<span class=\"accordion__icon\" aria-hidden=\"true\"><\/span>\n\t<\/button>\n\t<div class=\"accordion__content\" aria-hidden=\"true\">\n\t\t<div>\n\t\t\t<div class=\"accordion__inner\">\n\t\t\t\t\t\t\t\t\t<p data-start=\"77\" data-end=\"329\">In \u00dcbereinstimmung mit dem Gesetz 2\/2023 vom 20. Februar \u00fcber den Schutz von Personen, die Verst\u00f6\u00dfe gegen Vorschriften melden, sowie zur Bek\u00e4mpfung von Korruptionshandlungen erkl\u00e4rt GIRBAU, S.A., dass ein Internes Informationssystem eingerichtet wurde.<\/p>\n<p data-start=\"331\" data-end=\"990\">Um die Kultur der Information und Integrit\u00e4tsstrukturen bei GIRBAU, S.A. zu st\u00e4rken und eine Kommunikationskultur als Mechanismus zur Pr\u00e4vention von Handlungen oder Unterlassungen zu f\u00f6rdern, die Straftaten innerhalb der EU, schwerwiegende oder sehr schwerwiegende straf- oder verwaltungsrechtliche Verst\u00f6\u00dfe sowie Verst\u00f6\u00dfe im arbeitsrechtlichen Bereich, insbesondere in Bezug auf Sicherheit und Gesundheit am Arbeitsplatz, darstellen k\u00f6nnten, hat das Unternehmen die Person in der Funktion des Compliance Officers zur verantwortlichen Person f\u00fcr das Interne Informationssystem (IIS) ernannt und \u00fcber mehrere Wege einen Internen Informationskanal eingerichtet:<\/p>\n<p data-start=\"992\" data-end=\"1265\">Per Post an folgende Adresse: Carretera de Manlleu, km 1, Vic (Barcelona) \u2013 zu H\u00e4nden des Compliance Officers und Verantwortlichen f\u00fcr das IIS.<br data-start=\"1135\" data-end=\"1138\" \/>Per E-Mail an: <a class=\"decorated-link cursor-pointer\" rel=\"noopener\" data-start=\"1153\" data-end=\"1174\">compliance@girbau.com<\/a>.<br data-start=\"1175\" data-end=\"1178\" \/>Schriftlich, durch \u00dcbergabe an den Compliance Officer und Verantwortlichen f\u00fcr das IIS.<\/p>\n<p data-start=\"1267\" data-end=\"1443\">Die hinweisgebende Person kann innerhalb einer Frist von h\u00f6chstens sieben Tagen ein pers\u00f6nliches Treffen mit dem Compliance Officer und Verantwortlichen f\u00fcr das IIS beantragen.<\/p>\n<p data-start=\"1445\" data-end=\"1669\">M\u00fcndliche Meldungen im Rahmen eines pers\u00f6nlichen Treffens mit dem Compliance Officer und Verantwortlichen f\u00fcr das IIS werden \u2013 mit vorheriger Zustimmung der hinweisgebenden Person \u2013 auf eine der folgenden Arten dokumentiert:<\/p>\n<p data-start=\"1671\" data-end=\"1766\">a) durch Aufzeichnung des Gespr\u00e4chs in einem sicheren, dauerhaften und zug\u00e4nglichen Format oder<\/p>\n<p data-start=\"1768\" data-end=\"2016\">(*) Die hinweisgebende Person wird dar\u00fcber informiert, dass das Gespr\u00e4ch aufgezeichnet wird, und dar\u00fcber aufgekl\u00e4rt, dass ihre Daten gem\u00e4\u00df der Verordnung (EU) 2016\/679 des Europ\u00e4ischen Parlaments und des Rates vom 27. April 2016 verarbeitet werden.<\/p>\n<p data-start=\"2018\" data-end=\"2156\">b) durch eine vollst\u00e4ndige und genaue Niederschrift des Gespr\u00e4chs, erstellt durch den Compliance Officer und Verantwortlichen f\u00fcr das IIS.<\/p>\n<p data-start=\"2158\" data-end=\"2354\">Unbeschadet ihrer Rechte gem\u00e4\u00df den Datenschutzvorschriften erh\u00e4lt die hinweisgebende Person die M\u00f6glichkeit, die Niederschrift zu \u00fcberpr\u00fcfen, zu berichtigen und durch Unterzeichnung zu best\u00e4tigen.<\/p>\n<p data-start=\"2356\" data-end=\"2429\">Das IIS erf\u00fcllt die Anforderungen von Artikel 5.2 des genannten Gesetzes:<\/p>\n<p data-start=\"2431\" data-end=\"2606\">a).- Es erm\u00f6glicht den Personen, auf die das Gesetz (Artikel 3) Anwendung findet, \u00fcber verschiedene Wege Informationen \u00fcber die in Artikel 2 genannten Verst\u00f6\u00dfe zu \u00fcbermitteln.<\/p>\n<p data-start=\"2608\" data-end=\"3031\">b).- Es wird sicher verwaltet und gew\u00e4hrleistet, dass Mitteilungen innerhalb des Unternehmens wirksam bearbeitet werden k\u00f6nnen, dass die Identit\u00e4t der hinweisgebenden Person sowie jeder in der Meldung genannten dritten Person und die ergriffenen Ma\u00dfnahmen zu deren Bearbeitung und Nachverfolgung vertraulich behandelt werden, und dass der Datenschutz durch Verhinderung des Zugriffs unbefugter Personen sichergestellt wird.<\/p>\n<p data-start=\"3033\" data-end=\"3305\">c).- Es besteht ein Protokoll f\u00fcr das Internen Informationssystem, die Nutzung des Internen Informationskanals sowie die Ma\u00dfnahmen des Compliance Officers und Verantwortlichen f\u00fcr das Internen Informationssystem, das Garantien zum Schutz hinweisgebender Personen festlegt:<\/p>\n<ul data-start=\"3307\" data-end=\"4312\">\n<li data-section-id=\"jml4xv\" data-start=\"3307\" data-end=\"3391\">\n<p data-start=\"3309\" data-end=\"3391\">Eingangsbest\u00e4tigung innerhalb von sieben Kalendertagen nach Eingang der Meldung.<\/p>\n<\/li>\n<li data-section-id=\"1synpv9\" data-start=\"3392\" data-end=\"3598\">\n<p data-start=\"3394\" data-end=\"3598\">H\u00f6chstens drei Monate f\u00fcr die Durchf\u00fchrung von Untersuchungsma\u00dfnahmen gem\u00e4\u00df Artikel 9 des Gesetzes sowie f\u00fcr die ordnungsgem\u00e4\u00dfe Vervollst\u00e4ndigung und F\u00fchrung eines Registers der eingegangenen Meldungen.<\/p>\n<\/li>\n<li data-section-id=\"d58ib6\" data-start=\"3599\" data-end=\"3673\">\n<p data-start=\"3601\" data-end=\"3673\">M\u00f6glichkeit der weiteren Kommunikation mit der hinweisgebenden Person.<\/p>\n<\/li>\n<li data-section-id=\"pqwh09\" data-start=\"3674\" data-end=\"3819\">\n<p data-start=\"3676\" data-end=\"3819\">Die betroffene Person hat das Recht, \u00fcber die ihr zugeschriebenen Handlungen oder Unterlassungen informiert zu werden und Stellung zu nehmen.<\/p>\n<\/li>\n<li data-section-id=\"1vh9k2m\" data-start=\"3820\" data-end=\"4145\">\n<p data-start=\"3822\" data-end=\"4145\">Vertraulichkeit wird gew\u00e4hrleistet, wenn Informationen \u00fcber andere als die vorgesehenen Meldekan\u00e4le oder an Personen \u00fcbermittelt werden, die nicht f\u00fcr deren Bearbeitung zust\u00e4ndig sind; zugleich besteht die Verpflichtung der empfangenden Person, diese unverz\u00fcglich an die f\u00fcr das IIS verantwortliche Person weiterzuleiten.<\/p>\n<\/li>\n<li data-section-id=\"l08bok\" data-start=\"4146\" data-end=\"4230\">\n<p data-start=\"4148\" data-end=\"4230\">Wahrung der Unschuldsvermutung und des Rechts auf Ehre der betroffenen Personen.<\/p>\n<\/li>\n<li data-section-id=\"m3gysc\" data-start=\"4231\" data-end=\"4312\">\n<p data-start=\"4233\" data-end=\"4312\">Einhaltung der Datenschutzvorschriften (Abschnitt VI des genannten Gesetzes).<\/p>\n<\/li>\n<\/ul>\n\n\t\t\t\t\t\t\t<\/div>\n\t\t<\/div>\n\t<\/div>\n<\/div>\n\t\t\t\t\t\t\t\t\t\n\n<div class=\"accordion\" data-accordion>\n\t<button class=\"accordion__trigger\" aria-expanded=\"false\" data-accordion-trigger>\n\t\t<h3 class=\"accordion__title\">II.- VERARBEITUNG PERSONENBEZOGENER DATEN<\/h3>\n\t\t<span class=\"accordion__icon\" aria-hidden=\"true\"><\/span>\n\t<\/button>\n\t<div class=\"accordion__content\" aria-hidden=\"true\">\n\t\t<div>\n\t\t\t<div class=\"accordion__inner\">\n\t\t\t\t\t\t\t\t\t<p data-start=\"47\" data-end=\"793\">Als Verantwortlicher f\u00fcr die Datenverarbeitung verarbeitet GIRBAU, S.A. die in eingegangenen Meldungen enthaltenen personenbezogenen Daten, die durch das Gesetz 2\/2023 gesch\u00fctzt sind, mit dem Zweck, gegebenenfalls das entsprechende Untersuchungsverfahren einzuleiten. Rechtsgrundlage f\u00fcr die Verarbeitung ist die Erf\u00fcllung einer gesetzlichen Verpflichtung, die sich aus dem genannten Gesetz ergibt. Enth\u00e4lt die Meldung Daten besonderer Kategorien, beruht die Verarbeitung auf einem wesentlichen \u00f6ffentlichen Interesse sowie auf den weiteren Bestimmungen gem\u00e4\u00df Artikel 9 Absatz 2 der Verordnung (EU) 2016\/679 des Europ\u00e4ischen Parlaments und des Rates vom 27. April 2016 zum Schutz nat\u00fcrlicher Personen bei der Verarbeitung personenbezogener Daten.<\/p>\n<p data-start=\"795\" data-end=\"1526\">Es wird ferner darauf hingewiesen, dass diese personenbezogenen Daten von hierzu befugten Personen nur dann verarbeitet und weitergegeben werden d\u00fcrfen, wenn dies erforderlich ist, um bei GIRBAU, S.A. Korrekturma\u00dfnahmen zu ergreifen oder gegebenenfalls notwendige Sanktions- oder Strafverfahren einzuleiten. Die personenbezogenen Daten werden nur so lange gespeichert, wie es erforderlich ist, um zu entscheiden, ob eine Untersuchung der gemeldeten Sachverhalte eingeleitet werden soll. Wird innerhalb von drei Monaten keine entsprechende Entscheidung getroffen, werden die in der Meldung enthaltenen personenbezogenen Daten gel\u00f6scht, es sei denn, ihre Aufbewahrung ist erforderlich, um die Funktionsweise des Systems nachzuweisen.<\/p>\n<p data-start=\"1528\" data-end=\"1794\">Personenbezogene Daten, die als nicht zutreffend erachtet werden, werden ebenfalls gel\u00f6scht, es sei denn, die fehlende Richtigkeit k\u00f6nnte eine Straftat darstellen; in diesem Fall werden die Informationen f\u00fcr die Dauer der entsprechenden Gerichtsverfahren aufbewahrt.<\/p>\n<p data-start=\"1796\" data-end=\"2606\" data-is-last-node=\"\" data-is-only-node=\"\">Schlie\u00dflich wird darauf hingewiesen, dass die hinweisgebende Person jederzeit beim Verantwortlichen f\u00fcr die Datenverarbeitung Auskunft \u00fcber ihre personenbezogenen Daten verlangen sowie deren Berichtigung oder L\u00f6schung oder die Einschr\u00e4nkung der Verarbeitung beantragen oder Widerspruch gegen die Verarbeitung einlegen oder ihr Recht auf Daten\u00fcbertragbarkeit aus\u00fcben kann. Hierzu ist ein schriftlicher Antrag unter Beif\u00fcgung einer Kopie eines Identit\u00e4tsdokuments an die Postanschrift Carretera de Manlleu km 1 (08500) Vic oder an die E-Mail-Adresse <a class=\"decorated-link cursor-pointer\" rel=\"noopener\" data-start=\"2344\" data-end=\"2369\">dataprotection@girbau.com<\/a> zu richten. Wenn Sie mit der Verarbeitung Ihrer Daten nicht einverstanden sind, k\u00f6nnen Sie eine Beschwerde bei der spanischen Datenschutzbeh\u00f6rde als zust\u00e4ndiger Aufsichtsbeh\u00f6rde einreichen: C\/ Jorge Juan 6, (28001) Madrid (<a class=\"decorated-link\" href=\"http:\/\/www.aepd.es\" target=\"_new\" rel=\"noopener\" data-start=\"2593\" data-end=\"2604\">www.aepd.es<\/a>).<\/p>\n\n\t\t\t\t\t\t\t<\/div>\n\t\t<\/div>\n\t<\/div>\n<\/div>\n\t\t\t\t\t\t\t\t\t\n\n<div class=\"accordion\" data-accordion>\n\t<button class=\"accordion__trigger\" aria-expanded=\"false\" data-accordion-trigger>\n\t\t<h3 class=\"accordion__title\">III.- SCHUTZ VOR REPRESSIONEN<\/h3>\n\t\t<span class=\"accordion__icon\" aria-hidden=\"true\"><\/span>\n\t<\/button>\n\t<div class=\"accordion__content\" aria-hidden=\"true\">\n\t\t<div>\n\t\t\t<div class=\"accordion__inner\">\n\t\t\t\t\t\t\t\t\t<p>GIRBAU, S.A. verpflichtet sich ausdr\u00fccklich, keinerlei Ma\u00dfnahmen zu ergreifen, die eine Repressalie darstellen k\u00f6nnten \u2013 einschlie\u00dflich Drohungen oder Versuchshandlungen \u2013 gegen Personen, die gem\u00e4\u00df den Bestimmungen des Gesetzes 2\/2023 eine Meldung abgeben, und w\u00e4hrend der Bearbeitung eines Verfahrens Ma\u00dfnahmen zum Schutz der von einer solchen Meldung betroffenen Personen zu ergreifen.<\/p>\n\n\t\t\t\t\t\t\t<\/div>\n\t\t<\/div>\n\t<\/div>\n<\/div>\n\t\t\t\t\t\t\t\t\t\n\n<div class=\"accordion\" data-accordion>\n\t<button class=\"accordion__trigger\" aria-expanded=\"false\" data-accordion-trigger>\n\t\t<h3 class=\"accordion__title\">IV.- BEFREIUNG VON SANKTIONEN UND DEREN MINDERUNG<\/h3>\n\t\t<span class=\"accordion__icon\" aria-hidden=\"true\"><\/span>\n\t<\/button>\n\t<div class=\"accordion__content\" aria-hidden=\"true\">\n\t\t<div>\n\t\t\t<div class=\"accordion__inner\">\n\t\t\t\t\t\t\t\t\t<p data-start=\"479\" data-end=\"986\">Wenn eine Person, die an der Begehung einer Verwaltungsordnungswidrigkeit beteiligt war, die Gegenstand der Meldung ist, diese Information selbst \u00fcbermittelt und die Meldung vor der Mitteilung \u00fcber die Einleitung eines Untersuchungs- oder Sanktionsverfahrens erfolgt, kann die f\u00fcr die Entscheidung zust\u00e4ndige Beh\u00f6rde sie durch begr\u00fcndeten Beschluss von der Verh\u00e4ngung der entsprechenden Verwaltungssanktion befreien, sofern die in Artikel 40 des genannten Gesetzes vorgesehenen Voraussetzungen erf\u00fcllt sind.<\/p>\n<p data-start=\"988\" data-end=\"1063\">(*) Der Interne Informationskanal erm\u00f6glicht die Abgabe anonymer Meldungen.<\/p>\n<p data-start=\"1065\" data-end=\"1425\" data-is-last-node=\"\" data-is-only-node=\"\">(**) Meldungen sollten vorzugsweise und wann immer m\u00f6glich \u00fcber den internen Kanal eingereicht werden. Hinweisgebende Personen k\u00f6nnen diese jedoch gegebenenfalls auch an die Unabh\u00e4ngige Beh\u00f6rde zum Schutz von Hinweisgebern (hierf\u00fcr: das Antifraudeb\u00fcro von Katalonien), an die spanische Staatsanwaltschaft oder an die Europ\u00e4ische Staatsanwaltschaft \u00fcbermitteln.<\/p>\n\n\t\t\t\t\t\t\t<\/div>\n\t\t<\/div>\n\t<\/div>\n<\/div>\n\t\t\t\t\t\t\t<\/div>\n\t\t\n\t\t\t<\/div>\n<\/section>\n","protected":false},"excerpt":{"rendered":"","protected":false},"author":1,"featured_media":0,"parent":0,"menu_order":0,"comment_status":"closed","ping_status":"closed","template":"","meta":{"_acf_changed":false,"footnotes":""},"class_list":["post-168","page","type-page","status-publish","hentry"],"acf":[],"yoast_head":"<!-- This site is optimized with the Yoast SEO Premium plugin v26.8 (Yoast SEO v27.1.1) - https:\/\/yoast.com\/product\/yoast-seo-premium-wordpress\/ -->\n<title>Internes Informationssystem | Girbau Deutschland<\/title>\n<meta name=\"description\" content=\"GIRBAU, S.A. erkl\u00e4rt, dass ein Internes Informationssystem eingerichtet wurde.Select 90 more words to run Humanizer.\" \/>\n<meta name=\"robots\" content=\"index, follow, max-snippet:-1, max-image-preview:large, max-video-preview:-1\" \/>\n<link rel=\"canonical\" href=\"https:\/\/www.girbau.com\/de-de\/internes-informationssystem\/\" \/>\n<meta property=\"og:locale\" content=\"de_DE\" \/>\n<meta property=\"og:type\" content=\"article\" \/>\n<meta property=\"og:title\" content=\"Internes Informationssystem\" \/>\n<meta property=\"og:description\" content=\"GIRBAU, S.A. erkl\u00e4rt, dass ein Internes Informationssystem eingerichtet wurde.Select 90 more words to run Humanizer.\" \/>\n<meta property=\"og:url\" content=\"https:\/\/www.girbau.com\/de-de\/internes-informationssystem\/\" \/>\n<meta property=\"og:site_name\" content=\"Girbau DE\" \/>\n<meta property=\"article:modified_time\" content=\"2026-02-23T10:37:02+00:00\" \/>\n<meta name=\"twitter:card\" content=\"summary_large_image\" \/>\n<script type=\"application\/ld+json\" class=\"yoast-schema-graph\">{\"@context\":\"https:\/\/schema.org\",\"@graph\":[{\"@type\":\"WebPage\",\"@id\":\"https:\/\/www.girbau.com\/de-de\/internes-informationssystem\/\",\"url\":\"https:\/\/www.girbau.com\/de-de\/internes-informationssystem\/\",\"name\":\"Internes Informationssystem | Girbau Deutschland\",\"isPartOf\":{\"@id\":\"https:\/\/www.girbau.com\/de-de\/#website\"},\"datePublished\":\"2025-11-25T12:06:51+00:00\",\"dateModified\":\"2026-02-23T10:37:02+00:00\",\"description\":\"GIRBAU, S.A. erkl\u00e4rt, dass ein Internes Informationssystem eingerichtet wurde.Select 90 more words to run Humanizer.\",\"breadcrumb\":{\"@id\":\"https:\/\/www.girbau.com\/de-de\/internes-informationssystem\/#breadcrumb\"},\"inLanguage\":\"de\",\"potentialAction\":[{\"@type\":\"ReadAction\",\"target\":[\"https:\/\/www.girbau.com\/de-de\/internes-informationssystem\/\"]}]},{\"@type\":\"BreadcrumbList\",\"@id\":\"https:\/\/www.girbau.com\/de-de\/internes-informationssystem\/#breadcrumb\",\"itemListElement\":[{\"@type\":\"ListItem\",\"position\":1,\"name\":\"Home\",\"item\":\"https:\/\/www.girbau.com\/de-de\/\"},{\"@type\":\"ListItem\",\"position\":2,\"name\":\"Internes Informationssystem\"}]},{\"@type\":\"WebSite\",\"@id\":\"https:\/\/www.girbau.com\/de-de\/#website\",\"url\":\"https:\/\/www.girbau.com\/de-de\/\",\"name\":\"Girbau DE\",\"description\":\"\",\"potentialAction\":[{\"@type\":\"SearchAction\",\"target\":{\"@type\":\"EntryPoint\",\"urlTemplate\":\"https:\/\/www.girbau.com\/de-de\/?s={search_term_string}\"},\"query-input\":{\"@type\":\"PropertyValueSpecification\",\"valueRequired\":true,\"valueName\":\"search_term_string\"}}],\"inLanguage\":\"de\"}]}<\/script>\n<!-- \/ Yoast SEO Premium plugin. -->","yoast_head_json":{"title":"Internes Informationssystem | Girbau Deutschland","description":"GIRBAU, S.A. erkl\u00e4rt, dass ein Internes Informationssystem eingerichtet wurde.Select 90 more words to run Humanizer.","robots":{"index":"index","follow":"follow","max-snippet":"max-snippet:-1","max-image-preview":"max-image-preview:large","max-video-preview":"max-video-preview:-1"},"canonical":"https:\/\/www.girbau.com\/de-de\/internes-informationssystem\/","og_locale":"de_DE","og_type":"article","og_title":"Internes Informationssystem","og_description":"GIRBAU, S.A. erkl\u00e4rt, dass ein Internes Informationssystem eingerichtet wurde.Select 90 more words to run Humanizer.","og_url":"https:\/\/www.girbau.com\/de-de\/internes-informationssystem\/","og_site_name":"Girbau DE","article_modified_time":"2026-02-23T10:37:02+00:00","twitter_card":"summary_large_image","schema":{"@context":"https:\/\/schema.org","@graph":[{"@type":"WebPage","@id":"https:\/\/www.girbau.com\/de-de\/internes-informationssystem\/","url":"https:\/\/www.girbau.com\/de-de\/internes-informationssystem\/","name":"Internes Informationssystem | Girbau Deutschland","isPartOf":{"@id":"https:\/\/www.girbau.com\/de-de\/#website"},"datePublished":"2025-11-25T12:06:51+00:00","dateModified":"2026-02-23T10:37:02+00:00","description":"GIRBAU, S.A. erkl\u00e4rt, dass ein Internes Informationssystem eingerichtet wurde.Select 90 more words to run Humanizer.","breadcrumb":{"@id":"https:\/\/www.girbau.com\/de-de\/internes-informationssystem\/#breadcrumb"},"inLanguage":"de","potentialAction":[{"@type":"ReadAction","target":["https:\/\/www.girbau.com\/de-de\/internes-informationssystem\/"]}]},{"@type":"BreadcrumbList","@id":"https:\/\/www.girbau.com\/de-de\/internes-informationssystem\/#breadcrumb","itemListElement":[{"@type":"ListItem","position":1,"name":"Home","item":"https:\/\/www.girbau.com\/de-de\/"},{"@type":"ListItem","position":2,"name":"Internes Informationssystem"}]},{"@type":"WebSite","@id":"https:\/\/www.girbau.com\/de-de\/#website","url":"https:\/\/www.girbau.com\/de-de\/","name":"Girbau DE","description":"","potentialAction":[{"@type":"SearchAction","target":{"@type":"EntryPoint","urlTemplate":"https:\/\/www.girbau.com\/de-de\/?s={search_term_string}"},"query-input":{"@type":"PropertyValueSpecification","valueRequired":true,"valueName":"search_term_string"}}],"inLanguage":"de"}]}},"_links":{"self":[{"href":"https:\/\/www.girbau.com\/de-de\/wp-json\/wp\/v2\/pages\/168","targetHints":{"allow":["GET"]}}],"collection":[{"href":"https:\/\/www.girbau.com\/de-de\/wp-json\/wp\/v2\/pages"}],"about":[{"href":"https:\/\/www.girbau.com\/de-de\/wp-json\/wp\/v2\/types\/page"}],"author":[{"embeddable":true,"href":"https:\/\/www.girbau.com\/de-de\/wp-json\/wp\/v2\/users\/1"}],"replies":[{"embeddable":true,"href":"https:\/\/www.girbau.com\/de-de\/wp-json\/wp\/v2\/comments?post=168"}],"version-history":[{"count":10,"href":"https:\/\/www.girbau.com\/de-de\/wp-json\/wp\/v2\/pages\/168\/revisions"}],"predecessor-version":[{"id":2059,"href":"https:\/\/www.girbau.com\/de-de\/wp-json\/wp\/v2\/pages\/168\/revisions\/2059"}],"wp:attachment":[{"href":"https:\/\/www.girbau.com\/de-de\/wp-json\/wp\/v2\/media?parent=168"}],"curies":[{"name":"wp","href":"https:\/\/api.w.org\/{rel}","templated":true}]}}