{"id":49,"date":"2025-11-25T12:06:42","date_gmt":"2025-11-25T12:06:42","guid":{"rendered":"https:\/\/www.girbau.com\/de-de\/tendencias-girbau\/"},"modified":"2026-02-19T14:18:36","modified_gmt":"2026-02-19T13:18:36","slug":"trends-girbau","status":"publish","type":"page","link":"https:\/\/www.girbau.com\/de-de\/trends-girbau\/","title":{"rendered":"Girbau Trends"},"content":{"rendered":"","protected":false},"excerpt":{"rendered":"","protected":false},"author":1,"featured_media":0,"parent":0,"menu_order":0,"comment_status":"closed","ping_status":"closed","template":"","meta":{"_acf_changed":false,"footnotes":""},"class_list":["post-49","page","type-page","status-publish","hentry"],"acf":{"page_tendencias_girbau_main_subtitle":"Alle aktuellen Branchenentwicklungen sowie Neuigkeiten und Updates von Girbau an einem Ort.","page_tendencias_girbau_featured_featured_title":"","page_tendencias_girbau_featured_featured_posts":[814,810],"page_tendencias_girbau_content_blog_title":"Girbau Blog","page_tendencias_girbau_content_curated_title":"Was unsere Experten empfehlen","page_tendencias_girbau_content_news_title":"Die neuesten Updates von Girbau","page_tendencias_girbau_support_enabled":true,"page_tendencias_girbau_support_pretitle":"Support","page_tendencias_girbau_support_title":"Wir entwerfen gemeinsam mit Ihnen die W\u00e4scherei, die Ihren Anspr\u00fcchen gen\u00fcgt","page_tendencias_girbau_support_button_text":"Fachliche Beratung erhalten","page_tendencias_girbau_support_image":904,"page_tendencias_girbau_support_iframe_url":"https:\/\/go.girbau.com\/l\/1043681\/2025-12-08\/2gt6pj?language=de&amp;Subsidiary=GDE&amp;Specific_industry_source=trends","page_tendencias_girbau_video_banner_enabled":true,"page_tendencias_girbau_video_banner_tag":"","page_tendencias_girbau_video_banner_title":"","page_tendencias_girbau_video_banner_description":"","page_tendencias_girbau_video_banner_button_label":"","page_tendencias_girbau_video_banner_button_action":"url","page_tendencias_girbau_video_banner_button_url":"","page_tendencias_girbau_video_banner_button_post":null,"page_tendencias_girbau_video_banner_button_file":null,"page_tendencias_girbau_video_banner_button_modal_url":"","page_tendencias_girbau_video_banner_button":"","page_tendencias_girbau_video_banner_src":"","page_tendencias_girbau_video_banner_small":"","page_tendencias_girbau_video_banner_medium":"","page_tendencias_girbau_video_banner_large":"","page_tendencias_girbau_video_banner_extra_large":"","page_tendencias_girbau_json_schema_json_schema":""},"yoast_head":"<!-- This site is optimized with the Yoast SEO Premium plugin v26.8 (Yoast SEO v27.1.1) - https:\/\/yoast.com\/product\/yoast-seo-premium-wordpress\/ -->\n<title>Girbau Trends | Innovation und Neuigkeiten aus der W\u00e4schereibranche<\/title>\n<meta name=\"description\" content=\"Entdecken Sie Girbau Trends: Fachblog und Unternehmensnachrichten zu Innovation, Effizienz und Nachhaltigkeit in der industriellen W\u00e4scherei.\" \/>\n<meta name=\"robots\" content=\"index, follow, max-snippet:-1, max-image-preview:large, max-video-preview:-1\" \/>\n<link rel=\"canonical\" href=\"https:\/\/www.girbau.com\/de-de\/trends-girbau\/\" \/>\n<meta property=\"og:locale\" content=\"de_DE\" \/>\n<meta property=\"og:type\" content=\"article\" \/>\n<meta property=\"og:title\" content=\"Girbau Trends\" \/>\n<meta property=\"og:description\" content=\"Entdecken Sie Girbau Trends: Fachblog und Unternehmensnachrichten zu Innovation, Effizienz und Nachhaltigkeit in der industriellen W\u00e4scherei.\" \/>\n<meta property=\"og:url\" content=\"https:\/\/www.girbau.com\/de-de\/trends-girbau\/\" \/>\n<meta property=\"og:site_name\" content=\"Girbau DE\" \/>\n<meta property=\"article:modified_time\" content=\"2026-02-19T13:18:36+00:00\" \/>\n<meta name=\"twitter:card\" content=\"summary_large_image\" \/>\n<script type=\"application\/ld+json\" class=\"yoast-schema-graph\">{\"@context\":\"https:\/\/schema.org\",\"@graph\":[{\"@type\":\"WebPage\",\"@id\":\"https:\/\/www.girbau.com\/de-de\/trends-girbau\/\",\"url\":\"https:\/\/www.girbau.com\/de-de\/trends-girbau\/\",\"name\":\"Girbau Trends | Innovation und Neuigkeiten aus der W\u00e4schereibranche\",\"isPartOf\":{\"@id\":\"https:\/\/www.girbau.com\/de-de\/#website\"},\"datePublished\":\"2025-11-25T12:06:42+00:00\",\"dateModified\":\"2026-02-19T13:18:36+00:00\",\"description\":\"Entdecken Sie Girbau Trends: Fachblog und Unternehmensnachrichten zu Innovation, Effizienz und Nachhaltigkeit in der industriellen W\u00e4scherei.\",\"breadcrumb\":{\"@id\":\"https:\/\/www.girbau.com\/de-de\/trends-girbau\/#breadcrumb\"},\"inLanguage\":\"de\",\"potentialAction\":[{\"@type\":\"ReadAction\",\"target\":[\"https:\/\/www.girbau.com\/de-de\/trends-girbau\/\"]}]},{\"@type\":\"BreadcrumbList\",\"@id\":\"https:\/\/www.girbau.com\/de-de\/trends-girbau\/#breadcrumb\",\"itemListElement\":[{\"@type\":\"ListItem\",\"position\":1,\"name\":\"Home\",\"item\":\"https:\/\/www.girbau.com\/de-de\/\"},{\"@type\":\"ListItem\",\"position\":2,\"name\":\"Girbau Trends\"}]},{\"@type\":\"WebSite\",\"@id\":\"https:\/\/www.girbau.com\/de-de\/#website\",\"url\":\"https:\/\/www.girbau.com\/de-de\/\",\"name\":\"Girbau DE\",\"description\":\"\",\"potentialAction\":[{\"@type\":\"SearchAction\",\"target\":{\"@type\":\"EntryPoint\",\"urlTemplate\":\"https:\/\/www.girbau.com\/de-de\/?s={search_term_string}\"},\"query-input\":{\"@type\":\"PropertyValueSpecification\",\"valueRequired\":true,\"valueName\":\"search_term_string\"}}],\"inLanguage\":\"de\"}]}<\/script>\n<!-- \/ Yoast SEO Premium plugin. -->","yoast_head_json":{"title":"Girbau Trends | Innovation und Neuigkeiten aus der W\u00e4schereibranche","description":"Entdecken Sie Girbau Trends: Fachblog und Unternehmensnachrichten zu Innovation, Effizienz und Nachhaltigkeit in der industriellen W\u00e4scherei.","robots":{"index":"index","follow":"follow","max-snippet":"max-snippet:-1","max-image-preview":"max-image-preview:large","max-video-preview":"max-video-preview:-1"},"canonical":"https:\/\/www.girbau.com\/de-de\/trends-girbau\/","og_locale":"de_DE","og_type":"article","og_title":"Girbau Trends","og_description":"Entdecken Sie Girbau Trends: Fachblog und Unternehmensnachrichten zu Innovation, Effizienz und Nachhaltigkeit in der industriellen W\u00e4scherei.","og_url":"https:\/\/www.girbau.com\/de-de\/trends-girbau\/","og_site_name":"Girbau DE","article_modified_time":"2026-02-19T13:18:36+00:00","twitter_card":"summary_large_image","schema":{"@context":"https:\/\/schema.org","@graph":[{"@type":"WebPage","@id":"https:\/\/www.girbau.com\/de-de\/trends-girbau\/","url":"https:\/\/www.girbau.com\/de-de\/trends-girbau\/","name":"Girbau Trends | Innovation und Neuigkeiten aus der W\u00e4schereibranche","isPartOf":{"@id":"https:\/\/www.girbau.com\/de-de\/#website"},"datePublished":"2025-11-25T12:06:42+00:00","dateModified":"2026-02-19T13:18:36+00:00","description":"Entdecken Sie Girbau Trends: Fachblog und Unternehmensnachrichten zu Innovation, Effizienz und Nachhaltigkeit in der industriellen W\u00e4scherei.","breadcrumb":{"@id":"https:\/\/www.girbau.com\/de-de\/trends-girbau\/#breadcrumb"},"inLanguage":"de","potentialAction":[{"@type":"ReadAction","target":["https:\/\/www.girbau.com\/de-de\/trends-girbau\/"]}]},{"@type":"BreadcrumbList","@id":"https:\/\/www.girbau.com\/de-de\/trends-girbau\/#breadcrumb","itemListElement":[{"@type":"ListItem","position":1,"name":"Home","item":"https:\/\/www.girbau.com\/de-de\/"},{"@type":"ListItem","position":2,"name":"Girbau Trends"}]},{"@type":"WebSite","@id":"https:\/\/www.girbau.com\/de-de\/#website","url":"https:\/\/www.girbau.com\/de-de\/","name":"Girbau DE","description":"","potentialAction":[{"@type":"SearchAction","target":{"@type":"EntryPoint","urlTemplate":"https:\/\/www.girbau.com\/de-de\/?s={search_term_string}"},"query-input":{"@type":"PropertyValueSpecification","valueRequired":true,"valueName":"search_term_string"}}],"inLanguage":"de"}]}},"_links":{"self":[{"href":"https:\/\/www.girbau.com\/de-de\/wp-json\/wp\/v2\/pages\/49","targetHints":{"allow":["GET"]}}],"collection":[{"href":"https:\/\/www.girbau.com\/de-de\/wp-json\/wp\/v2\/pages"}],"about":[{"href":"https:\/\/www.girbau.com\/de-de\/wp-json\/wp\/v2\/types\/page"}],"author":[{"embeddable":true,"href":"https:\/\/www.girbau.com\/de-de\/wp-json\/wp\/v2\/users\/1"}],"replies":[{"embeddable":true,"href":"https:\/\/www.girbau.com\/de-de\/wp-json\/wp\/v2\/comments?post=49"}],"version-history":[{"count":14,"href":"https:\/\/www.girbau.com\/de-de\/wp-json\/wp\/v2\/pages\/49\/revisions"}],"predecessor-version":[{"id":2049,"href":"https:\/\/www.girbau.com\/de-de\/wp-json\/wp\/v2\/pages\/49\/revisions\/2049"}],"acf:post":[{"embeddable":true,"href":"https:\/\/www.girbau.com\/de-de\/wp-json\/wp\/v2\/posts\/810"},{"embeddable":true,"href":"https:\/\/www.girbau.com\/de-de\/wp-json\/wp\/v2\/posts\/814"}],"wp:attachment":[{"href":"https:\/\/www.girbau.com\/de-de\/wp-json\/wp\/v2\/media?parent=49"}],"curies":[{"name":"wp","href":"https:\/\/api.w.org\/{rel}","templated":true}]}}