{"id":55,"date":"2025-11-25T12:06:42","date_gmt":"2025-11-25T12:06:42","guid":{"rendered":"https:\/\/www.girbau.com\/de-de\/aviso-legal\/"},"modified":"2026-02-23T09:17:22","modified_gmt":"2026-02-23T08:17:22","slug":"rechtshinweisen","status":"publish","type":"page","link":"https:\/\/www.girbau.com\/de-de\/rechtshinweisen\/","title":{"rendered":"Rechtliche Hinweise"},"content":{"rendered":"\t\n\t\t\t\t\t\t\t\t\t\t\t\t\t\t\t\t\t\t\t\t\t\t\t\t\t\t\t\t\t\t\t\t\t\t\t\t\t\t\t\t\t\t\t\t\t\t\t\t\t\t\t\t\t\t\t\t\t\n\t\n\t\n\n<section class=\"module-grid\" >\n\t<div class=\"container\">\n\t\t\t\t\t\n\n<div class=\"section-header\">\n\t\t\t<div class=\"section-header__intro\">\n\t\t\t\n\n<div class=\"section-intro\">\n\t\n\t\t\t<div class=\"section-intro__container\">\n\t\t\t\t\t\t\t\t\t\t<h2 class=\"section-intro__title\">Rechtliche Hinweise<\/h2>\n\t\t\t\t\t<\/div>\n\t\n\t\t\t\t\t\t\t\t<p class=\"section-intro__description\">\n\t\t\t\tGeneral terms of access, browsing, and liability for this site.\n\t\t\t<\/p>\n\t\t\t\n\t\n\t<\/div>\n\t\t<\/div>\n\t\n\t<\/div>\n\t\t\n\t\t\t\t\t<div class=\"module-grid__content only-text\">\n\t\t\t\t\n\t\t\t<\/div>\n\t\t\n\t\t\t\t\t<div class=\"module-grid__content\" style=\"--columns: 1;\">\n\t\t\t\t\t\t\t\t\t\n\n<div class=\"accordion\" data-accordion>\n\t<button class=\"accordion__trigger\" aria-expanded=\"false\" data-accordion-trigger>\n\t\t<h3 class=\"accordion__title\">Girbau, S.A. \u2013 Unternehmensinformationen<\/h3>\n\t\t<span class=\"accordion__icon\" aria-hidden=\"true\"><\/span>\n\t<\/button>\n\t<div class=\"accordion__content\" aria-hidden=\"true\">\n\t\t<div>\n\t\t\t<div class=\"accordion__inner\">\n\t\t\t\t\t\t\t\t\t<p>Girbau, SA, befindet sich in der Stadt Vic und hat seinen Gesch\u00e4ftssitz in der Carretera de Manlleu, Km.\u00a01 (Spanien), Tel: 938861100,\u00a0<a href=\"mailto:girbau@girbau.com\">girbau@girbau.com<\/a>, ist eingetragen bei der Industrie- und Handelskammer (Band 32066, gro\u00dfes Blatt 162, kleines Blatt B32798, Blatt 57, Band 65) und hat die Steuernummer (NIF) A-08276438.\u00a0Die in diesem Abschnitt aufgef\u00fchrten Angaben erf\u00fcllen die Bestimmungen aus Artikel 10 des Dekrets 34\/2002 vom 11. Juli \u00fcber Informationen und Dienstleistungen von Unternehmen des elektronischen Gesch\u00e4ftsverkehrs.<\/p>\n\n\t\t\t\t\t\t\t<\/div>\n\t\t<\/div>\n\t<\/div>\n<\/div>\n\t\t\t\t\t\t\t\t\t\n\n<div class=\"accordion\" data-accordion>\n\t<button class=\"accordion__trigger\" aria-expanded=\"false\" data-accordion-trigger>\n\t\t<h3 class=\"accordion__title\">Geistiges und gewerbliches Eigentum an den Inhalten der Website<\/h3>\n\t\t<span class=\"accordion__icon\" aria-hidden=\"true\"><\/span>\n\t<\/button>\n\t<div class=\"accordion__content\" aria-hidden=\"true\">\n\t\t<div>\n\t\t\t<div class=\"accordion__inner\">\n\t\t\t\t\t\t\t\t\t<p>Alle auf der Website ver\u00f6ffentlichten Inhalte sind\u00a0\u2013 sofern nicht ausdr\u00fccklich anders angegeben\u00a0\u2013 Eigentum von Girbau S.A. oder von Dritten, die deren Verwendung genehmigt haben. Dazu geh\u00f6ren unter anderem alle Texte, Grafiken, Schnittstellen, Quellcodes, Fotos, Videos, Markenzeichen, Logos, T\u00f6ne, Lieder und Illustrationen sowie alle anderen audiovisuellen oder multimedialen Materialien. Ebenso sind das Design, die Struktur, die Auswahl, der Ausdruck, der Stil und die Organisation dieser Inhalte durch die entsprechenden geistigen und gewerblichen Eigentumsrechte gesch\u00fctzt.<\/p>\n<p>&nbsp;<\/p>\n<p>Girbau S.A. beh\u00e4lt sich das Recht vor, die Inhalte, die Konfiguration und das Design der Website ohne vorherige Ank\u00fcndigung zu \u00e4ndern, zu aktualisieren, zu entfernen sowie den Zugang zu ihnen vor\u00fcbergehend oder dauerhaft einzuschr\u00e4nken oder zu verhindern.<\/p>\n<p>&nbsp;<\/p>\n<p>Jegliche Vervielf\u00e4ltigung, Anfertigung von Kopien, \u00f6ffentliche Wiedergabe, Verbreitung, \u00c4nderung, Umwandlung, L\u00f6schung oder Manipulation der Gesamtheit oder eines Teils dieser Website oder eines ihrer Inhalte sowie jede Form der Nutzung der Inhalte zu Werbe-, Verkaufsf\u00f6rderungs- und\/oder gewerblichen Zwecken oder durch derartige Medien jeglicher Art ist ohne die vorherige und ausdr\u00fcckliche schriftliche Genehmigung von Girbau S.A. strengstens verboten.<\/p>\n<p>&nbsp;<\/p>\n<p>Der Zugriff auf diese Website ist keinesfalls dahingehend zu verstehen, dass der Benutzer von Girbau S.A. oder dem Inhaber der entsprechenden Rechte eine Erlaubnis oder Genehmigung f\u00fcr die \u00fcber den rein pers\u00f6nlichen Gebrauch hinausgehende Nutzung der auf der Website enthaltenen Inhalte, Informationen oder Dienstleistungen bzw. f\u00fcr die Aus\u00fcbung der mit ihnen verbundenen Rechte, insbesondere der Rechte an geistigem und gewerblichem Eigentum, erh\u00e4lt.<\/p>\n\n\t\t\t\t\t\t\t<\/div>\n\t\t<\/div>\n\t<\/div>\n<\/div>\n\t\t\t\t\t\t\t\t\t\n\n<div class=\"accordion\" data-accordion>\n\t<button class=\"accordion__trigger\" aria-expanded=\"false\" data-accordion-trigger>\n\t\t<h3 class=\"accordion__title\">Bedingungen f\u00fcr die Nutzung der Website<\/h3>\n\t\t<span class=\"accordion__icon\" aria-hidden=\"true\"><\/span>\n\t<\/button>\n\t<div class=\"accordion__content\" aria-hidden=\"true\">\n\t\t<div>\n\t\t\t<div class=\"accordion__inner\">\n\t\t\t\t\t\t\t\t\t<p>Die vorliegenden Nutzungsbedingungen regeln den Zugang und die Nutzung der Website durch alle Nutzer, sowohl in den frei zug\u00e4nglichen Bereichen als auch im privaten Bereich f\u00fcr diejenigen, die das entsprechende Anmeldeformular ausf\u00fcllen.<\/p>\n<p>Der Zugang zu bestimmten Inhalten der Website und deren Nutzung sind kostenlos, es sei denn, die Konfiguration eines privaten Zugangsbereichs sieht etwas anderes vor. In beiden F\u00e4llen akzeptiert der Nutzer vorbehaltlos die vorliegenden rechtlichen Hinweise, die jederzeit und ohne vorherige Ank\u00fcndigung ge\u00e4ndert werden k\u00f6nnen.<\/p>\n<p>Im Falle einer Registrierung \u00fcber das Registrierungsformular ist das Nutzerkonto durch ein vom Nutzer gew\u00e4hltes Passwort gesch\u00fctzt. Der Nutzer verpflichtet sich, sein Passwort geheim zu halten und es vor der unbefugten Nutzung durch Dritte zu sch\u00fctzen. Sollte ein Dritter Zugang zu den Registrierungsdaten des Nutzers, einschlie\u00dflich des Passwortes, erhalten oder diese offenlegen, ist der Nutzer allein f\u00fcr die Nutzung der Dienste oder Inhalte der Website und die daraus entstehenden Folgen verantwortlich. Der Nutzer ist verpflichtet, Girbau S.A. unverz\u00fcglich \u00fcber jeden unbefugten Zugriff auf sein Konto oder jede ihm bekannt gewordene Sicherheitsverletzung zu informieren.<\/p>\n<p>Girbau\u00a0S.A. haftet gegen\u00fcber den Nutzern weder f\u00fcr die Weitergabe ihrer pers\u00f6nlichen Daten an Dritte, noch f\u00fcr die Verwendung dieser Daten durch Dritte, es sei denn dies erfolgt aus Gr\u00fcnden, die direkt dem Unternehmen zuzuschreiben sind.<\/p>\n<p>Girbau S.A. ergreift die erforderlichen technischen und organisatorischen Ma\u00dfnahmen, um einen angemessenen Schutz der personenbezogenen Daten der Nutzer der Website zu gew\u00e4hrleisten und deren \u00c4nderung, Verlust, Zerst\u00f6rung, Verarbeitung oder unbefugten Zugriff gem\u00e4\u00df den geltenden Datenschutzbestimmungen zu verhindern.<\/p>\n<p>Der Nutzer verpflichtet sich, die Website, ihre Inhalte und\/oder Dienstleistungen in \u00dcbereinstimmung mit den vorliegenden rechtlichen Hinweisen und nur zu rechtm\u00e4\u00dfigen Zwecken sowie unter Einhaltung der geltenden Gesetzgebung, der guten Sitten und der \u00f6ffentlichen Ordnung zu nutzen.\u00a0Girbau S.A. beh\u00e4lt sich das Recht vor, jedem Nutzer, der gegen die Bestimmungen der vorliegenden rechtlichen Hinweise, die gesetzlichen Vorschriften oder die Grunds\u00e4tze von Treu und Glauben, der guten Sitten und der \u00f6ffentlichen Ordnung verst\u00f6\u00dft, jederzeit und ohne Vorank\u00fcndigung den Zugang zur Website und\/oder ihren Diensten zu verweigern oder zu entziehen.<\/p>\n<p>Zudem verpflichtet sich der Nutzer ausdr\u00fccklich, die auf der Website befindlichen Daten, Programme oder elektronischen Dokumente nicht zu zerst\u00f6ren, zu ver\u00e4ndern, unbrauchbar zu machen oder zu besch\u00e4digen, den Zugang anderer Nutzer nicht zu behindern sowie keinerlei Handlungen vorzunehmen, die die Website besch\u00e4digen, unterbrechen oder Fehler auf dieser erzeugen. Insbesondere verpflichtet sich der Nutzer, keine Programme, Viren, Zeichensequenzen, Makros oder andere Vorrichtungen einzuf\u00fchren, die Ver\u00e4nderungen auf der Website verursachen oder verursachen k\u00f6nnen.<\/p>\n<p>Sofern nicht ausdr\u00fccklich anders angegeben, ist es ohne vorherige schriftliche Genehmigung von Girbau\u00a0S.A. nicht gestattet, die Gesamtheit oder einen Teil der Inhalte der Website zu vervielf\u00e4ltigen, zu kopieren, zu verwenden, zu vertreiben, zu vermarkten, \u00f6ffentlich wiederzugeben oder in sonstiger Weise zu nutzen<\/p>\n\n\t\t\t\t\t\t\t<\/div>\n\t\t<\/div>\n\t<\/div>\n<\/div>\n\t\t\t\t\t\t\t\t\t\n\n<div class=\"accordion\" data-accordion>\n\t<button class=\"accordion__trigger\" aria-expanded=\"false\" data-accordion-trigger>\n\t\t<h3 class=\"accordion__title\">Haftung<\/h3>\n\t\t<span class=\"accordion__icon\" aria-hidden=\"true\"><\/span>\n\t<\/button>\n\t<div class=\"accordion__content\" aria-hidden=\"true\">\n\t\t<div>\n\t\t\t<div class=\"accordion__inner\">\n\t\t\t\t\t\t\t\t\t<p>Girbau S.A. ergreift die nach dem Stand der Technik erforderlichen Ma\u00dfnahmen, um den einwandfreien Betrieb der Website zu gew\u00e4hrleisten. Girbau S.A. \u00fcbernimmt jedoch keine Haftung f\u00fcr Sch\u00e4den, die sich aus der Nutzung von Software oder multimedialen Inhalten ergeben, die auf der Website als zus\u00e4tzliche Dienstleistung angeboten werden. Alle diese Elemente werden im Ist-Zustand zur Verf\u00fcgung gestellt, und obwohl Girbau\u00a0S.A. die geltenden Gesetze zum geistigen Eigentum, zum Verbraucherrecht und zum Datenschutz einhalten muss, ist sich der Nutzer dessen bewusst, dass Girbau\u00a0S.A. nicht f\u00fcr Fehler oder St\u00f6rungen verantwortlich gemacht werden kann, die auf Missbrauch, Inkompatibilit\u00e4ten oder andere externe Ursachen zur\u00fcckzuf\u00fchren sind.<\/p>\n<p>Girbau\u00a0S.A. lehnt jegliche Haftung f\u00fcr die unsachgem\u00e4\u00dfe Verwendung durch den Nutzer, sowie f\u00fcr Viren, Verbindungsprobleme oder die Verf\u00fcgbarkeit der Website ab. Der Nutzer ist allein f\u00fcr die Nutzung der Website und der wiedergegebenen Inhalte verantwortlich.\u00a0Girbau\u00a0S.A. \u00fcbernimmt keine Haftung f\u00fcr den Missbrauch der Inhalte, f\u00fcr Sicherheitsfehler aufgrund der Verwendung von mit Viren infizierten Ger\u00e4ten, f\u00fcr Fehlfunktionen des Browsers oder f\u00fcr Sch\u00e4den, die auf Probleme zur\u00fcckzuf\u00fchren sind, die au\u00dferhalb der Kontrolle von Girbau\u00a0S.A. liegen. Girbau\u00a0S.A. hat jedoch angemessene Ma\u00dfnahmen ergriffen, um Probleme wie die vorgenannten zu vermeiden.<\/p>\n<p>Girbau\u00a0S.A. kann auf der Website Informationen, Inhalte und Internetdienste \u00fcber Links oder Hyperlinks anbieten. Sofern nicht anders angegeben, hat Girbau\u00a0S.A. keine Kontrolle \u00fcber diese Inhalte, womit der Nutzer die volle Verantwortung \u00fcbernimmt, wenn er in diesen navigiert. Die Einrichtung eines Links impliziert weder das Bestehen von Beziehungen zwischen der Girbau\u00a0S.A. und dem Eigent\u00fcmer der verlinkten Seite noch die Zustimmung zu deren Inhalt.<\/p>\n<p>Girbau\u00a0S.A. beh\u00e4lt sich das Recht vor, Website-Links jeder Art zu verbieten oder auszusetzen, insbesondere wenn die Aktivit\u00e4t der verlinkten Website illegal ist.\u00a0Girbau\u00a0S.A. \u00fcbernimmt keine Verantwortung f\u00fcr eventuelle Verletzungen von Rechten an geistigem oder gewerblichem Eigentum, die durch von Dritten bereitgestellte Inhalte verursacht werden; ebenso nicht f\u00fcr Sch\u00e4den, die durch solche Inhalte verursacht werden.<\/p>\n\n\t\t\t\t\t\t\t<\/div>\n\t\t<\/div>\n\t<\/div>\n<\/div>\n\t\t\t\t\t\t\t\t\t\n\n<div class=\"accordion\" data-accordion>\n\t<button class=\"accordion__trigger\" aria-expanded=\"false\" data-accordion-trigger>\n\t\t<h3 class=\"accordion__title\">Nutzung des auf dieser Website angebotenen Materials<\/h3>\n\t\t<span class=\"accordion__icon\" aria-hidden=\"true\"><\/span>\n\t<\/button>\n\t<div class=\"accordion__content\" aria-hidden=\"true\">\n\t\t<div>\n\t\t\t<div class=\"accordion__inner\">\n\t\t\t\t\t\t\t\t\t<p>Girbau\u00a0S.A. gestattet Ihnen, den Inhalt der Webseiten f\u00fcr Ihren pers\u00f6nlichen Gebrauch einzusehen und herunterzuladen. Nicht erlaubt ist jedoch die Vervielf\u00e4ltigung, der Vertrieb, die \u00c4nderung, die Darstellung, die Nutzung als Grundlage oder die Nutzung dieser Website f\u00fcr kommerzielle Zwecke ohne vorherige Zustimmung von Girbau\u00a0S.A.<\/p>\n<p>Girbau SA gestattet Ihnen das Herunterladen einer Kopie auf Ihren Computer f\u00fcr die pers\u00f6nliche, nichtgewerbliche Nutzung und die Ansicht zu Hause.<\/p>\n\n\t\t\t\t\t\t\t<\/div>\n\t\t<\/div>\n\t<\/div>\n<\/div>\n\t\t\t\t\t\t\t\t\t\n\n<div class=\"accordion\" data-accordion>\n\t<button class=\"accordion__trigger\" aria-expanded=\"false\" data-accordion-trigger>\n\t\t<h3 class=\"accordion__title\">Geltendes Recht und Gerichtsbarkeit<\/h3>\n\t\t<span class=\"accordion__icon\" aria-hidden=\"true\"><\/span>\n\t<\/button>\n\t<div class=\"accordion__content\" aria-hidden=\"true\">\n\t\t<div>\n\t\t\t<div class=\"accordion__inner\">\n\t\t\t\t\t\t\t\t\t<p>In den F\u00e4llen, in denen die geltende Gesetzgebung die M\u00f6glichkeit vorsieht, die Beziehung zwischen dem Eigent\u00fcmer der Website und dem Nutzer freiwillig einer bestimmten Gerichtsbarkeit zu unterwerfen, wird vereinbart, dass die Website dem spanischen Recht unterliegt und dass alle Streitigkeiten, die sich in diesem Zusammenhang ergeben k\u00f6nnen, von den Parteien der Gerichtsbarkeit und der Zust\u00e4ndigkeit der Gerichte von Barcelona unterworfen werden; es sei denn, der Nutzer wird als Verbraucher angesehen. In einem solchen Fall unterwerfen sich die Parteien den Gerichten des Wohnsitzes des Nutzers.<\/p>\n\n\t\t\t\t\t\t\t<\/div>\n\t\t<\/div>\n\t<\/div>\n<\/div>\n\t\t\t\t\t\t\t\t\t\n\n<div class=\"accordion\" data-accordion>\n\t<button class=\"accordion__trigger\" aria-expanded=\"false\" data-accordion-trigger>\n\t\t<h3 class=\"accordion__title\">Datenschutzerklarung<\/h3>\n\t\t<span class=\"accordion__icon\" aria-hidden=\"true\"><\/span>\n\t<\/button>\n\t<div class=\"accordion__content\" aria-hidden=\"true\">\n\t\t<div>\n\t\t\t<div class=\"accordion__inner\">\n\t\t\t\t\t\t\t\t\t<p>Informationen \u00fcber die Verarbeitung personenbezogener Daten auf der Website finden Sie in unserer <a href=\"https:\/\/www.girbau.com\/de-de\/datenschutzerklarung-der-website\/\">Datenschutzerklarung<\/a>, die sich in der Fu\u00dfzeile der Website befindet.<\/p>\n\n\t\t\t\t\t\t\t<\/div>\n\t\t<\/div>\n\t<\/div>\n<\/div>\n\t\t\t\t\t\t\t\t\t\n\n<div class=\"accordion\" data-accordion>\n\t<button class=\"accordion__trigger\" aria-expanded=\"false\" data-accordion-trigger>\n\t\t<h3 class=\"accordion__title\">Cookie Richtlinie<\/h3>\n\t\t<span class=\"accordion__icon\" aria-hidden=\"true\"><\/span>\n\t<\/button>\n\t<div class=\"accordion__content\" aria-hidden=\"true\">\n\t\t<div>\n\t\t\t<div class=\"accordion__inner\">\n\t\t\t\t\t\t\t\t\t<p>Informationen \u00fcber die Verwendung von Cookies auf der Website entnehmen Sie der <a href=\"https:\/\/www.girbau.com\/de-de\/cookie-richtlinie\/\">Cookie-Richtlinie<\/a>, die in der Fu\u00dfzeile der Website zu finden ist.<\/p>\n\n\t\t\t\t\t\t\t<\/div>\n\t\t<\/div>\n\t<\/div>\n<\/div>\n\t\t\t\t\t\t\t<\/div>\n\t\t\n\t\t\t<\/div>\n<\/section>\n\n\n\n<p><\/p>\n","protected":false},"excerpt":{"rendered":"","protected":false},"author":1,"featured_media":0,"parent":0,"menu_order":0,"comment_status":"closed","ping_status":"closed","template":"","meta":{"_acf_changed":false,"footnotes":""},"class_list":["post-55","page","type-page","status-publish","hentry"],"acf":[],"yoast_head":"<!-- This site is optimized with the Yoast SEO Premium plugin v26.8 (Yoast SEO v27.1.1) - https:\/\/yoast.com\/product\/yoast-seo-premium-wordpress\/ -->\n<title>Rechtliche Hinweise | Girbau Deutschland<\/title>\n<meta name=\"description\" content=\"Allgemeine Bedingungen f\u00fcr den Zugang, die Nutzung und die Haftung im Zusammenhang mit dieser Website.\" \/>\n<meta name=\"robots\" content=\"noindex, follow\" \/>\n<meta property=\"og:locale\" content=\"de_DE\" \/>\n<meta property=\"og:type\" content=\"article\" \/>\n<meta property=\"og:title\" content=\"Rechtliche Hinweise\" \/>\n<meta property=\"og:description\" content=\"Allgemeine Bedingungen f\u00fcr den Zugang, die Nutzung und die Haftung im Zusammenhang mit dieser Website.\" \/>\n<meta property=\"og:url\" content=\"https:\/\/www.girbau.com\/de-de\/rechtshinweisen\/\" \/>\n<meta property=\"og:site_name\" content=\"Girbau DE\" \/>\n<meta property=\"article:modified_time\" content=\"2026-02-23T08:17:22+00:00\" \/>\n<meta name=\"twitter:card\" content=\"summary_large_image\" \/>\n<script type=\"application\/ld+json\" class=\"yoast-schema-graph\">{\"@context\":\"https:\/\/schema.org\",\"@graph\":[{\"@type\":\"WebPage\",\"@id\":\"https:\/\/www.girbau.com\/de-de\/rechtshinweisen\/\",\"url\":\"https:\/\/www.girbau.com\/de-de\/rechtshinweisen\/\",\"name\":\"Rechtliche Hinweise | Girbau Deutschland\",\"isPartOf\":{\"@id\":\"https:\/\/www.girbau.com\/de-de\/#website\"},\"datePublished\":\"2025-11-25T12:06:42+00:00\",\"dateModified\":\"2026-02-23T08:17:22+00:00\",\"description\":\"Allgemeine Bedingungen f\u00fcr den Zugang, die Nutzung und die Haftung im Zusammenhang mit dieser Website.\",\"breadcrumb\":{\"@id\":\"https:\/\/www.girbau.com\/de-de\/rechtshinweisen\/#breadcrumb\"},\"inLanguage\":\"de\",\"potentialAction\":[{\"@type\":\"ReadAction\",\"target\":[\"https:\/\/www.girbau.com\/de-de\/rechtshinweisen\/\"]}]},{\"@type\":\"BreadcrumbList\",\"@id\":\"https:\/\/www.girbau.com\/de-de\/rechtshinweisen\/#breadcrumb\",\"itemListElement\":[{\"@type\":\"ListItem\",\"position\":1,\"name\":\"Home\",\"item\":\"https:\/\/www.girbau.com\/de-de\/\"},{\"@type\":\"ListItem\",\"position\":2,\"name\":\"Rechtliche Hinweise\"}]},{\"@type\":\"WebSite\",\"@id\":\"https:\/\/www.girbau.com\/de-de\/#website\",\"url\":\"https:\/\/www.girbau.com\/de-de\/\",\"name\":\"Girbau DE\",\"description\":\"\",\"potentialAction\":[{\"@type\":\"SearchAction\",\"target\":{\"@type\":\"EntryPoint\",\"urlTemplate\":\"https:\/\/www.girbau.com\/de-de\/?s={search_term_string}\"},\"query-input\":{\"@type\":\"PropertyValueSpecification\",\"valueRequired\":true,\"valueName\":\"search_term_string\"}}],\"inLanguage\":\"de\"}]}<\/script>\n<!-- \/ Yoast SEO Premium plugin. -->","yoast_head_json":{"title":"Rechtliche Hinweise | Girbau Deutschland","description":"Allgemeine Bedingungen f\u00fcr den Zugang, die Nutzung und die Haftung im Zusammenhang mit dieser Website.","robots":{"index":"noindex","follow":"follow"},"og_locale":"de_DE","og_type":"article","og_title":"Rechtliche Hinweise","og_description":"Allgemeine Bedingungen f\u00fcr den Zugang, die Nutzung und die Haftung im Zusammenhang mit dieser Website.","og_url":"https:\/\/www.girbau.com\/de-de\/rechtshinweisen\/","og_site_name":"Girbau DE","article_modified_time":"2026-02-23T08:17:22+00:00","twitter_card":"summary_large_image","schema":{"@context":"https:\/\/schema.org","@graph":[{"@type":"WebPage","@id":"https:\/\/www.girbau.com\/de-de\/rechtshinweisen\/","url":"https:\/\/www.girbau.com\/de-de\/rechtshinweisen\/","name":"Rechtliche Hinweise | Girbau Deutschland","isPartOf":{"@id":"https:\/\/www.girbau.com\/de-de\/#website"},"datePublished":"2025-11-25T12:06:42+00:00","dateModified":"2026-02-23T08:17:22+00:00","description":"Allgemeine Bedingungen f\u00fcr den Zugang, die Nutzung und die Haftung im Zusammenhang mit dieser Website.","breadcrumb":{"@id":"https:\/\/www.girbau.com\/de-de\/rechtshinweisen\/#breadcrumb"},"inLanguage":"de","potentialAction":[{"@type":"ReadAction","target":["https:\/\/www.girbau.com\/de-de\/rechtshinweisen\/"]}]},{"@type":"BreadcrumbList","@id":"https:\/\/www.girbau.com\/de-de\/rechtshinweisen\/#breadcrumb","itemListElement":[{"@type":"ListItem","position":1,"name":"Home","item":"https:\/\/www.girbau.com\/de-de\/"},{"@type":"ListItem","position":2,"name":"Rechtliche Hinweise"}]},{"@type":"WebSite","@id":"https:\/\/www.girbau.com\/de-de\/#website","url":"https:\/\/www.girbau.com\/de-de\/","name":"Girbau DE","description":"","potentialAction":[{"@type":"SearchAction","target":{"@type":"EntryPoint","urlTemplate":"https:\/\/www.girbau.com\/de-de\/?s={search_term_string}"},"query-input":{"@type":"PropertyValueSpecification","valueRequired":true,"valueName":"search_term_string"}}],"inLanguage":"de"}]}},"_links":{"self":[{"href":"https:\/\/www.girbau.com\/de-de\/wp-json\/wp\/v2\/pages\/55","targetHints":{"allow":["GET"]}}],"collection":[{"href":"https:\/\/www.girbau.com\/de-de\/wp-json\/wp\/v2\/pages"}],"about":[{"href":"https:\/\/www.girbau.com\/de-de\/wp-json\/wp\/v2\/types\/page"}],"author":[{"embeddable":true,"href":"https:\/\/www.girbau.com\/de-de\/wp-json\/wp\/v2\/users\/1"}],"replies":[{"embeddable":true,"href":"https:\/\/www.girbau.com\/de-de\/wp-json\/wp\/v2\/comments?post=55"}],"version-history":[{"count":8,"href":"https:\/\/www.girbau.com\/de-de\/wp-json\/wp\/v2\/pages\/55\/revisions"}],"predecessor-version":[{"id":2057,"href":"https:\/\/www.girbau.com\/de-de\/wp-json\/wp\/v2\/pages\/55\/revisions\/2057"}],"wp:attachment":[{"href":"https:\/\/www.girbau.com\/de-de\/wp-json\/wp\/v2\/media?parent=55"}],"curies":[{"name":"wp","href":"https:\/\/api.w.org\/{rel}","templated":true}]}}