{"id":57,"date":"2025-11-25T12:06:42","date_gmt":"2025-11-25T12:06:42","guid":{"rendered":"https:\/\/www.girbau.com\/de-de\/cookies\/"},"modified":"2026-02-20T16:52:02","modified_gmt":"2026-02-20T15:52:02","slug":"cookie-richtlinie","status":"publish","type":"page","link":"https:\/\/www.girbau.com\/de-de\/cookie-richtlinie\/","title":{"rendered":"Cookie-Richtlinie"},"content":{"rendered":"\t\n\t\t\t\t\t\t\t\t\t\t\t\t\t\t\t\t\t\t\t\t\t\t\t\t\t\t\t\t\t\t\t\t\t\t\t\t\t\t\t\t\t\t\t\t\t\t\t\t\t\t\t\t\t\t\t\t\t\n\t\n\t\n\n<section class=\"module-grid\" >\n\t<div class=\"container\">\n\t\t\t\t\t\n\n<div class=\"section-header\">\n\t\t\t<div class=\"section-header__intro\">\n\t\t\t\n\n<div class=\"section-intro\">\n\t\n\t\t\t<div class=\"section-intro__container\">\n\t\t\t\t\t\t\t\t\t\t<h2 class=\"section-intro__title\">Cookie-Richtlinie <\/h2>\n\t\t\t\t\t<\/div>\n\t\n\t\n\t\n\t<\/div>\n\t\t<\/div>\n\t\n\t<\/div>\n\t\t\n\t\t\t\t\t<div class=\"module-grid__content only-text\">\n\t\t\t\t<p>Wir bei Girbau S.A. haben diese Richtlinie entwickelt, um Sie \u00fcber die Verwendung von Cookies auf unserer Website zu informieren, sowie dar\u00fcber, wie Cookies funktionieren und wie Sie sie nach Ihren W\u00fcnschen einstellen k\u00f6nnen. Dies erfolgt in \u00dcbereinstimmung mit Artikel 22.1 des spanischen Gesetzes 34\/2002 vom 11. Juli \u00fcber die Dienste der Informationsgesellschaft und den elektronischen Handel (\u201eLSSI\u201c).<\/p>\n<p>Wenn Sie zum ersten Mal auf unsere Website zugreifen, informieren wir Sie mittels eines Hinweises \u00fcber das Vorhandensein von eigenen Cookies und Cookies von Dritten. Weitere Informationen dar\u00fcber, wie Sie die Cookies, die Sie in den verschiedenen von uns verwendeten Kategorien installieren m\u00f6chten, anpassen k\u00f6nnen, finden Sie in dieser Richtlinie.<\/p>\n<p>Sie haben die M\u00f6glichkeit, je nach Ihren Einstellungen Cookies zu akzeptieren, auszuw\u00e4hlen oder abzulehnen. Indem Sie dies tun, stimmen Sie der Installation aller oder nur der von Ihnen gew\u00e4hlten Cookies zu.<\/p>\n<p>Es ist wichtig, darauf hinzuweisen, dass einige Cookies nicht Ihrer Zustimmung bed\u00fcrfen, da sie f\u00fcr den Betrieb der Website unerl\u00e4sslich sind. Dazu geh\u00f6ren unter anderem technische Cookies, die das Surfen, die Nutzung der verf\u00fcgbaren Dienste und die Steuerung des Datenverkehrs und der Datenkommunikation erm\u00f6glichen.<\/p>\n\n\t\t\t<\/div>\n\t\t\n\t\t\t\t\t<div class=\"module-grid__content\" style=\"--columns: 1;\">\n\t\t\t\t\t\t\t\t\t\n\n<div class=\"accordion\" data-accordion>\n\t<button class=\"accordion__trigger\" aria-expanded=\"false\" data-accordion-trigger>\n\t\t<h3 class=\"accordion__title\">Was sind Cookies?<\/h3>\n\t\t<span class=\"accordion__icon\" aria-hidden=\"true\"><\/span>\n\t<\/button>\n\t<div class=\"accordion__content\" aria-hidden=\"true\">\n\t\t<div>\n\t\t\t<div class=\"accordion__inner\">\n\t\t\t\t\t\t\t\t\t<p>Ein Cookie ist eine kleine Textdatei, die von einer Website im Browser des Nutzers abgelegt wird. Solche Cookies erleichtern die Navigation und die Nutzung der Website, sind f\u00fcr das Funktionieren des Internets unerl\u00e4sslich und bieten zahlreiche Vorteile bei interaktiven Diensten.<\/p>\n<p>Cookies werden z.\u00a0B. zur Verwaltung der Nutzersitzung verwendet, wodurch die Notwendigkeit der wiederholten Eingabe des Passworts verringert wird. Sie erm\u00f6glichen es zudem, Inhalte der Website den Nutzerpr\u00e4ferenzen entsprechend zu personalisieren, wodurch sich das Surferlebnis erheblich verbessern l\u00e4sst.<\/p>\n<p>Cookies werden in verschiedene Kategorien eingeteilt:<\/p>\n<p><strong>1. <\/strong><strong>Nach Dauer:<\/strong><\/p>\n<ul>\n<li><strong>Sitzungs-Cookies<\/strong>: Diese werden gel\u00f6scht, wenn der Nutzer die Website verl\u00e4sst.<\/li>\n<li style=\"list-style-type: none;\"><\/li>\n<li><strong>Persistente cookies<\/strong>: Sie verbleiben f\u00fcr eine bestimmte Zeit auf dem Ger\u00e4t des Nutzers.<\/li>\n<li style=\"list-style-type: none;\"><\/li>\n<\/ul>\n<p><strong>2. Nach Betreiber<\/strong>:<\/p>\n<ul>\n<li><strong>Eigene cookies<\/strong>: Diese werden von einer von Girbau S.A. verwalteten Domain, die den angeforderten Dienst bereitstellt, an das Ger\u00e4t des Nutzers gesendet.<\/li>\n<li><strong>Cookies von Drittanbietern:<\/strong> Diese Cookies werden von einer Domain gesendet, die nicht von Girbau S.A. verwaltet wird. Manchmal werden diese Cookies von einer Domain gesendet, die von Girbau S.A. verwaltet wird, doch werden sie von einem anderen Betreiber zu anderen Zwecken verarbeitet, wie es bei einigen Webanalyse-Anbietern wie Google der Fall ist<\/li>\n<\/ul>\n<p>Weitere Informationen \u00fcber Cookies finden Sie unter\u00a0 <a href=\"http:\/\/www.allaboutcookies.org\/\">www.allaboutcookies.org<\/a>.<\/p>\n<p><em>Andere \u00e4hnliche Technologien<\/em><\/p>\n<p>Zus\u00e4tzlich zu Cookies k\u00f6nnen auch Technologien wie Z\u00e4hlpixel oder Web-Beacons verwendet werden.<\/p>\n<p>Z\u00e4hlpixel sind kleine Grafiken, die Informationen \u00fcber die Nutzung der Website (darunter Browser, IP-Adresse und H\u00e4ufigkeit der Besuche) sammeln. Sie werden f\u00fcr Analyse- und Werbezwecke verwendet und dienen der Verfolgung von Aktionen wie K\u00e4ufen und Newsletter-\u00d6ffnungen.<\/p>\n<p>Wir k\u00f6nnen auch \u201eFingerprinting\u201c einsetzen, das technische Parameter des Ger\u00e4ts des Nutzers wie Browser, Betriebssystem und Bildschirmaufl\u00f6sung \u00fcberpr\u00fcft. Diese Informationen werden verwendet, um die Nutzeraktivit\u00e4t zu verfolgen und ein Profil zu erstellen.<\/p>\n\n\t\t\t\t\t\t\t<\/div>\n\t\t<\/div>\n\t<\/div>\n<\/div>\n\t\t\t\t\t\t\t\t\t\n\n<div class=\"accordion\" data-accordion>\n\t<button class=\"accordion__trigger\" aria-expanded=\"false\" data-accordion-trigger>\n\t\t<h3 class=\"accordion__title\"> Welche Cookies setzen wir ein?<\/h3>\n\t\t<span class=\"accordion__icon\" aria-hidden=\"true\"><\/span>\n\t<\/button>\n\t<div class=\"accordion__content\" aria-hidden=\"true\">\n\t\t<div>\n\t\t\t<div class=\"accordion__inner\">\n\t\t\t\t\t\t\t\t\t<p>Wir verwenden auf unserer Website technische Cookies, Pr\u00e4ferenz-Cookies, analytische Cookies und Werbe-Cookies. Wir informieren Sie \u00fcber jede Art von Cookie und dar\u00fcber, ob die gesammelten Informationen von Dritten als Mitverantwortlichen verarbeitet werden k\u00f6nnen.<\/p>\n<p><strong>Technische cookies\u00a0\u00a0\u00a0\u00a0\u00a0\u00a0\u00a0<\/strong><\/p>\n<p>Technische Cookies sind f\u00fcr das Surfen auf der Website von Girbau\u00a0S.A. und den Zugriff auf ihre Funktionen und Dienste unerl\u00e4sslich. Diese Cookies erleichtern die Kontrolle des Datenverkehrs, die Identifizierung von Sitzungen, den Zugang zu gesch\u00fctzten Bereichen, die Verwaltung von Bestellungen und Zahlungen, die Betrugsbek\u00e4mpfung und die Teilnahme an Veranstaltungen.<\/p>\n<p>Diese Cookies sind von den Verpflichtungen des Artikels 22.2 des spanischen Gesetzes 34\/2002 vom 11.\u00a0Juli \u00fcber die Dienste der Informationsgesellschaft und den elektronischen Handel (\u201eLSSI\u201c) befreit, sofern sie ausschlie\u00dflich zur Erbringung der angeforderten Dienstleistung verwendet werden. Wenn sie jedoch zu Zwecken wie verhaltensorientierter Werbung verwendet werden, m\u00fcssen sie diese Verpflichtungen erf\u00fcllen.<\/p>\n<p>Da sie f\u00fcr den Betrieb der Website unerl\u00e4sslich sind, k\u00f6nnen sie nicht deaktiviert werden. Wenn Sie sich daf\u00fcr entscheiden, diese Cookies in Ihrem Browser zu blockieren (siehe den Abschnitt \u201eWie kann ich Cookies verwalten?\u201c weiter unten), kann es sein, dass die Website nicht richtig funktioniert.<\/p>\n<p>Weitere Einzelheiten zu den von uns verwendeten technischen Cookies finden Sie in unserem Cookie-Konfigurator, der in der Fu\u00dfzeile unserer Website zu finden ist.<\/p>\n<p><strong>Pr\u00e4ferenz-Cookies<\/strong><\/p>\n<p>Pr\u00e4ferenz-Cookies erm\u00f6glichen es, Informationen zu speichern, die die Nutzererfahrung verbessern (z.\u00a0B. die Sprache, die Anzahl der Suchergebnisse, die Gestaltung des Dienstes je nach verwendetem Browser oder Region, von der aus der Zugriff erfolgt).<\/p>\n<p>Sie werden im Allgemeinen installiert, wenn der Nutzer Aktionen wie beispielsweise die Auswahl einer Sprache auf der Website durchf\u00fchrt, und sind von der gem\u00e4\u00df des spanischen Gesetzes 34\/2002 vom 11.\u00a0Juli \u00fcber die Dienste der Informationsgesellschaft und den elektronischen Handel (\u201eLSSI\u201c) geforderten Zustimmung ausgenommen, da sie als ein vom Nutzer angeforderter Dienst betrachtet werden, sofern sie nicht f\u00fcr andere Zwecke verwendet werden.<\/p>\n<p>Weitere Einzelheiten zu den verwendeten Pr\u00e4ferenz-Cookies finden Sie in unserem Cookie-Konfigurator, der in der Fu\u00dfzeile unserer Website zu finden ist.<\/p>\n<p><strong>Analyse-Cookies \u00a0 \u00a0<\/strong><\/p>\n<p>Analyse-Cookies erm\u00f6glichen es, das Nutzerverhalten auf unseren Websites zu verfolgen und zu analysieren. Sie erfassen Daten wie die Anzahl der besuchten Seiten, die Sprache, die H\u00e4ufigkeit der Besuche, die Verweildauer in den einzelnen Bereichen und die Wirksamkeit der Werbung.<\/p>\n<p>Die von uns oder von Dritten gesammelten Informationen helfen uns, die Anzahl der Nutzer zu quantifizieren und statistische Analysen \u00fcber die Nutzung unserer Website durchzuf\u00fchren. Auf diese Weise k\u00f6nnen wir unser Produkt- und Dienstleistungsangebot verbessern, indem wir die Herkunft der Besuche, die angesehenen Inhalte und die Verweildauer analysieren.<\/p>\n<p>Weitere Einzelheiten zu den verwendeten Analyse-Cookies finden Sie in unserem Cookie-Konfigurator, der in der Fu\u00dfzeile unserer Website zu finden ist.<\/p>\n<p><strong>Werbe-Cookies<\/strong><\/p>\n<p>Werbe-Cookies speichern Informationen \u00fcber das Verhalten der Nutzer, indem sie deren Surfgewohnheiten beobachten, wodurch ein Profil erstellt werden kann, um personalisierte Werbung anzuzeigen.<\/p>\n<p>Sie werden in der Regel von Dritten verwaltet, die die Werbefl\u00e4chen auf unserer Website und anderen Websites verwalten. Diese Cookies tragen dazu bei, die Wirksamkeit unserer Kampagnen zu messen, relevante Werbung zu liefern und die Menge der Werbung zu begrenzen, die die einzelnen Nutzer erhalten.<\/p>\n<p>Einige Werbebetreiber k\u00f6nnen anonyme Cookies verwenden, um Ihnen durch den Abgleich von Navigationsdaten interessenbezogene Werbung auf anderen Websites anzuzeigen.<\/p>\n<p>Weitere Einzelheiten zu den verwendeten Werbe-Cookies finden Sie in unserem Cookie-Konfigurator, der in der Fu\u00dfzeile unserer Website zu finden ist.<\/p>\n\n\t\t\t\t\t\t\t<\/div>\n\t\t<\/div>\n\t<\/div>\n<\/div>\n\t\t\t\t\t\t\t\t\t\n\n<div class=\"accordion\" data-accordion>\n\t<button class=\"accordion__trigger\" aria-expanded=\"false\" data-accordion-trigger>\n\t\t<h3 class=\"accordion__title\">Wer verwendet Cookie-Daten?\t<\/h3>\n\t\t<span class=\"accordion__icon\" aria-hidden=\"true\"><\/span>\n\t<\/button>\n\t<div class=\"accordion__content\" aria-hidden=\"true\">\n\t\t<div>\n\t\t\t<div class=\"accordion__inner\">\n\t\t\t\t\t\t\t\t\t<p>Weitere Informationen \u00fcber die Verwendung von Cookie-Daten finden Sie im Cookie-Konfigurator, der in der Fu\u00dfzeile unserer Website zu finden ist.<\/p>\n\n\t\t\t\t\t\t\t<\/div>\n\t\t<\/div>\n\t<\/div>\n<\/div>\n\t\t\t\t\t\t\t\t\t\n\n<div class=\"accordion\" data-accordion>\n\t<button class=\"accordion__trigger\" aria-expanded=\"false\" data-accordion-trigger>\n\t\t<h3 class=\"accordion__title\">Wo werden Ihre Daten verarbeitet?\t<\/h3>\n\t\t<span class=\"accordion__icon\" aria-hidden=\"true\"><\/span>\n\t<\/button>\n\t<div class=\"accordion__content\" aria-hidden=\"true\">\n\t\t<div>\n\t\t\t<div class=\"accordion__inner\">\n\t\t\t\t\t\t\t\t\t<p>Generell bem\u00fchen wir uns, personenbezogene Daten immer in Europa oder im Europ\u00e4ischen Wirtschaftsraum zu verarbeiten, um die Einhaltung der DSGVO sowohl durch uns als auch durch unsere Dienstleister, die die Daten in unserem Namen und nach unseren Anweisungen verarbeiten, zu gew\u00e4hrleisten.<\/p>\n<p>Da wir unsere Dienstleistungen jedoch weltweit erbringen, kann es sein, dass wir Daten in anderen L\u00e4ndern verarbeiten m\u00fcssen, die m\u00f6glicherweise nicht die gleichen Garantien bieten wie die DSGVO. F\u00fcr den Fall, dass internationale \u00dcbermittlungen aus der EU in L\u00e4nder au\u00dferhalb der EU erforderlich sind, die diese Garantien nicht bieten, verpflichten wir uns, solche \u00dcbermittlungen stets so durchzuf\u00fchren, dass sie durch angemessene Schutzma\u00dfnahmen gesch\u00fctzt sind, zu denen (i) von der EU genehmigte Standardklauseln, (ii) Zertifizierungen durch Dritte, (iii) verbindliche unternehmensinterne Vorschriften oder (iv) andere g\u00fcltige, den Vorschriften entsprechende oder von den zust\u00e4ndigen Beh\u00f6rden genehmigte Mechanismen geh\u00f6ren k\u00f6nnen.<\/p>\n\n\t\t\t\t\t\t\t<\/div>\n\t\t<\/div>\n\t<\/div>\n<\/div>\n\t\t\t\t\t\t\t\t\t\n\n<div class=\"accordion\" data-accordion>\n\t<button class=\"accordion__trigger\" aria-expanded=\"false\" data-accordion-trigger>\n\t\t<h3 class=\"accordion__title\">Wie lange bewahren wir die Informationen auf?\t<\/h3>\n\t\t<span class=\"accordion__icon\" aria-hidden=\"true\"><\/span>\n\t<\/button>\n\t<div class=\"accordion__content\" aria-hidden=\"true\">\n\t\t<div>\n\t\t\t<div class=\"accordion__inner\">\n\t\t\t\t\t\t\t\t\t<p>Die Aufbewahrungsfristen f\u00fcr die durch Cookies erhaltenen Informationen sind im Cookie-Konfigurator angegeben, der in der Fu\u00dfzeile unserer Website zu finden ist.<\/p>\n\n\t\t\t\t\t\t\t<\/div>\n\t\t<\/div>\n\t<\/div>\n<\/div>\n\t\t\t\t\t\t\t\t\t\n\n<div class=\"accordion\" data-accordion>\n\t<button class=\"accordion__trigger\" aria-expanded=\"false\" data-accordion-trigger>\n\t\t<h3 class=\"accordion__title\">Wie kann ich Cookies verwalten?<\/h3>\n\t\t<span class=\"accordion__icon\" aria-hidden=\"true\"><\/span>\n\t<\/button>\n\t<div class=\"accordion__content\" aria-hidden=\"true\">\n\t\t<div>\n\t\t\t<div class=\"accordion__inner\">\n\t\t\t\t\t\t\t\t\t<p>Wenn Sie unsere Website zum ersten Mal besuchen, bieten wir Ihnen die M\u00f6glichkeit, einzustellen, welche Cookies Sie installieren bzw. ablehnen m\u00f6chten. Sie k\u00f6nnen die Installation von Cookies generell ablehnen; davon ausgenommen sind jedoch die technischen Cookies, die f\u00fcr das ordnungsgem\u00e4\u00dfe Funktionieren der Website erforderlich sind.<\/p>\n<p>Wenn Sie \u00fcber den Cookie-Manager der Installation bestimmter Cookies zugestimmt haben, die Sie sp\u00e4ter ablehnen m\u00f6chten, und der Cookie-Manager Ihnen dies erm\u00f6glicht, k\u00f6nnen Sie Ihre urspr\u00fcngliche Auswahl \u00e4ndern oder sie neu konfigurieren.<\/p>\n<p>Wenn Ihr Cookie-Manager es Ihnen hingegen nicht erlaubt, die Cookies neu zu konfigurieren, haben Sie als Nutzer jederzeit die M\u00f6glichkeit, die Installation von Cookies zu akzeptieren oder abzulehnen bzw. die Installation bestimmter Arten von Cookies abzulehnen, indem Sie die Einstellungen Ihres Webbrowsers \u00e4ndern.<\/p>\n<p>&nbsp;<\/p>\n<p>\u00dcber Ihren Webbrowser k\u00f6nnen Sie:<\/p>\n<ul>\n<li>das private Surfen aktivieren, wodurch Ihr Browser Ihren Browserverlauf, Website-Passw\u00f6rter, Cookies und andere Informationen von den von Ihnen besuchten Seiten nicht mehr speichert; oder<\/li>\n<li>die Anti-Tracking-Funktion aktivieren, wodurch Ihr Browser die besuchten Websites auffordert, Ihr Surfverhalten nicht zu verfolgen, um Ihnen beispielsweise interessenbasierte Werbung auf den von Ihnen besuchten Seiten zu pr\u00e4sentieren.<\/li>\n<\/ul>\n<p>&nbsp;<\/p>\n<p>Bitte beachten Sie, dass das Blockieren von Cookies einige oder alle Funktionen unserer Website beeintr\u00e4chtigen kann. Um Ihnen die Verwaltung von Cookies zu erleichtern, finden Sie nachstehend Links zu den Hilfe-Men\u00fcs oder Cookie-Einstellungen der wichtigsten Browser:<\/p>\n<table width=\"558\">\n<tbody>\n<tr>\n<td width=\"170\">Microsoft Internet Explorer<\/td>\n<td width=\"388\">&nbsp;<\/p>\n<p><a href=\"https:\/\/support.microsoft.com\/de-de\/windows\/verwalten-von-cookies-in-microsoft-edge-anzeigen-zulassen-blockieren-l%C3%B6schen-und-verwenden-168dab11-0753-043d-7c16-ede5947fc64d\">https:\/\/support.microsoft.com\/de-de\/windows\/verwalten-von-cookies-in-microsoft-edge-anzeigen-zulassen-blockieren-l%C3%B6schen-und-verwenden-168dab11-0753-043d-7c16-ede5947fc64d<\/a><\/p>\n<p>&nbsp;<\/td>\n<\/tr>\n<tr>\n<td width=\"170\">Apple Safari<\/td>\n<td width=\"388\">&nbsp;<\/p>\n<p><a href=\"https:\/\/support.apple.com\/de-de\/guide\/safari\/sfri11471\/mac\">https:\/\/support.apple.com\/de-de\/guide\/safari\/sfri11471\/mac<\/a><\/p>\n<p>&nbsp;<\/td>\n<\/tr>\n<tr>\n<td width=\"170\">Google Chrome<\/td>\n<td width=\"388\">&nbsp;<\/p>\n<p><a href=\"https:\/\/support.google.com\/chrome\/answer\/95647?hl=de\">https:\/\/support.google.com\/chrome\/answer\/95647?hl=de<\/a><\/p>\n<p>&nbsp;<\/td>\n<\/tr>\n<tr>\n<td width=\"170\">Mozilla Firefox<\/td>\n<td width=\"388\">&nbsp;<\/p>\n<p><a href=\"https:\/\/support.mozilla.org\/de\/kb\/cookies-erlauben-und-ablehnen?redirect=no\">https:\/\/support.mozilla.org\/de\/kb\/cookies-erlauben-und-ablehnen?redirect=no<\/a><\/p>\n<p>&nbsp;<\/td>\n<\/tr>\n<\/tbody>\n<\/table>\n<p>&nbsp;<\/p>\n<p>Die Links k\u00f6nnen von den Browser-Entwicklern ge\u00e4ndert werden. Girbau\u00a0S.A. wird versuchen, die Liste auf dem neuesten Stand zu halten. Sollte ein Link nicht funktionieren, k\u00f6nnen Sie das \u201eHilfe\u201c-Men\u00fc Ihres Browsers f\u00fcr weitere Informationen konsultieren.<\/p>\n<p>Wenn Sie die Cookies in Ihrem Browser l\u00f6schen, k\u00f6nnen Sie Ihre Einstellungen f\u00fcr die Ablehnung verlieren und m\u00fcssen sie erneut deaktivieren.<\/p>\n<p>Au\u00dferdem k\u00f6nnen Sie in Ihrem Browser Software oder Plug-ins installieren, die als \u201eDo Not Track\u201c oder \u201eDNT\u201c bekannt sind und es Ihnen erm\u00f6glichen zu kontrollieren, welche Cookies Sie aktivieren m\u00f6chten.<\/p>\n\n\t\t\t\t\t\t\t<\/div>\n\t\t<\/div>\n\t<\/div>\n<\/div>\n\t\t\t\t\t\t\t\t\t\n\n<div class=\"accordion\" data-accordion>\n\t<button class=\"accordion__trigger\" aria-expanded=\"false\" data-accordion-trigger>\n\t\t<h3 class=\"accordion__title\">Weitere Informationen\t<\/h3>\n\t\t<span class=\"accordion__icon\" aria-hidden=\"true\"><\/span>\n\t<\/button>\n\t<div class=\"accordion__content\" aria-hidden=\"true\">\n\t\t<div>\n\t\t\t<div class=\"accordion__inner\">\n\t\t\t\t\t\t\t\t\t<p>Weitere Informationen dar\u00fcber, wie Sie Ihre Rechte auf Auskunft, Berichtigung, L\u00f6schung, \u00dcbertragbarkeit und Einschr\u00e4nkung der Verarbeitung wahrnehmen k\u00f6nnen, sowie zu anderen Fragen im Zusammenhang mit der Verarbeitung von Daten, die wir durch die Verwendung von Cookies vornehmen, finden Sie in der <u>Datenschutzrichtlinie<\/u> auf unserer Website.<\/p>\n\n\t\t\t\t\t\t\t<\/div>\n\t\t<\/div>\n\t<\/div>\n<\/div>\n\t\t\t\t\t\t\t\t\t\n\n<div class=\"accordion\" data-accordion>\n\t<button class=\"accordion__trigger\" aria-expanded=\"false\" data-accordion-trigger>\n\t\t<h3 class=\"accordion__title\">Aktualisierung der Cookie-Richtlinie<\/h3>\n\t\t<span class=\"accordion__icon\" aria-hidden=\"true\"><\/span>\n\t<\/button>\n\t<div class=\"accordion__content\" aria-hidden=\"true\">\n\t\t<div>\n\t\t\t<div class=\"accordion__inner\">\n\t\t\t\t\t\t\t\t\t<p>Diese Cookie-Richtlinie kann jederzeit ge\u00e4ndert oder aktualisiert werden. Wir empfehlen Ihnen daher, sie bei jedem Zugriff auf diese Website zu \u00fcberpr\u00fcfen.<\/p>\n\n\t\t\t\t\t\t\t<\/div>\n\t\t<\/div>\n\t<\/div>\n<\/div>\n\t\t\t\t\t\t\t<\/div>\n\t\t\n\t\t\t<\/div>\n<\/section>\n\n\n<\/p>","protected":false},"excerpt":{"rendered":"","protected":false},"author":1,"featured_media":0,"parent":0,"menu_order":0,"comment_status":"closed","ping_status":"closed","template":"","meta":{"_acf_changed":false,"footnotes":""},"class_list":["post-57","page","type-page","status-publish","hentry"],"acf":[],"yoast_head":"<!-- This site is optimized with the Yoast SEO Premium plugin v26.8 (Yoast SEO v27.1.1) - https:\/\/yoast.com\/product\/yoast-seo-premium-wordpress\/ -->\n<title>Cookie-Richtlinie | Girbau Deutschland<\/title>\n<meta name=\"description\" content=\"Girbau S.A. hat diese Richtlinie erstellt, um Sie \u00fcber die Verwendung von Cookies auf unserer Website zu informieren.\" \/>\n<meta name=\"robots\" content=\"noindex, follow\" \/>\n<meta property=\"og:locale\" content=\"de_DE\" \/>\n<meta property=\"og:type\" content=\"article\" \/>\n<meta property=\"og:title\" content=\"Cookie-Richtlinie\" \/>\n<meta property=\"og:description\" content=\"Girbau S.A. hat diese Richtlinie erstellt, um Sie \u00fcber die Verwendung von Cookies auf unserer Website zu informieren.\" \/>\n<meta property=\"og:url\" content=\"https:\/\/www.girbau.com\/de-de\/cookie-richtlinie\/\" \/>\n<meta property=\"og:site_name\" content=\"Girbau DE\" \/>\n<meta property=\"article:modified_time\" content=\"2026-02-20T15:52:02+00:00\" \/>\n<meta name=\"twitter:card\" content=\"summary_large_image\" \/>\n<script type=\"application\/ld+json\" class=\"yoast-schema-graph\">{\"@context\":\"https:\/\/schema.org\",\"@graph\":[{\"@type\":\"WebPage\",\"@id\":\"https:\/\/www.girbau.com\/de-de\/cookie-richtlinie\/\",\"url\":\"https:\/\/www.girbau.com\/de-de\/cookie-richtlinie\/\",\"name\":\"Cookie-Richtlinie | Girbau Deutschland\",\"isPartOf\":{\"@id\":\"https:\/\/www.girbau.com\/de-de\/#website\"},\"datePublished\":\"2025-11-25T12:06:42+00:00\",\"dateModified\":\"2026-02-20T15:52:02+00:00\",\"description\":\"Girbau S.A. hat diese Richtlinie erstellt, um Sie \u00fcber die Verwendung von Cookies auf unserer Website zu informieren.\",\"breadcrumb\":{\"@id\":\"https:\/\/www.girbau.com\/de-de\/cookie-richtlinie\/#breadcrumb\"},\"inLanguage\":\"de\",\"potentialAction\":[{\"@type\":\"ReadAction\",\"target\":[\"https:\/\/www.girbau.com\/de-de\/cookie-richtlinie\/\"]}]},{\"@type\":\"BreadcrumbList\",\"@id\":\"https:\/\/www.girbau.com\/de-de\/cookie-richtlinie\/#breadcrumb\",\"itemListElement\":[{\"@type\":\"ListItem\",\"position\":1,\"name\":\"Home\",\"item\":\"https:\/\/www.girbau.com\/de-de\/\"},{\"@type\":\"ListItem\",\"position\":2,\"name\":\"Cookie-Richtlinie\"}]},{\"@type\":\"WebSite\",\"@id\":\"https:\/\/www.girbau.com\/de-de\/#website\",\"url\":\"https:\/\/www.girbau.com\/de-de\/\",\"name\":\"Girbau DE\",\"description\":\"\",\"potentialAction\":[{\"@type\":\"SearchAction\",\"target\":{\"@type\":\"EntryPoint\",\"urlTemplate\":\"https:\/\/www.girbau.com\/de-de\/?s={search_term_string}\"},\"query-input\":{\"@type\":\"PropertyValueSpecification\",\"valueRequired\":true,\"valueName\":\"search_term_string\"}}],\"inLanguage\":\"de\"}]}<\/script>\n<!-- \/ Yoast SEO Premium plugin. -->","yoast_head_json":{"title":"Cookie-Richtlinie | Girbau Deutschland","description":"Girbau S.A. hat diese Richtlinie erstellt, um Sie \u00fcber die Verwendung von Cookies auf unserer Website zu informieren.","robots":{"index":"noindex","follow":"follow"},"og_locale":"de_DE","og_type":"article","og_title":"Cookie-Richtlinie","og_description":"Girbau S.A. hat diese Richtlinie erstellt, um Sie \u00fcber die Verwendung von Cookies auf unserer Website zu informieren.","og_url":"https:\/\/www.girbau.com\/de-de\/cookie-richtlinie\/","og_site_name":"Girbau DE","article_modified_time":"2026-02-20T15:52:02+00:00","twitter_card":"summary_large_image","schema":{"@context":"https:\/\/schema.org","@graph":[{"@type":"WebPage","@id":"https:\/\/www.girbau.com\/de-de\/cookie-richtlinie\/","url":"https:\/\/www.girbau.com\/de-de\/cookie-richtlinie\/","name":"Cookie-Richtlinie | Girbau Deutschland","isPartOf":{"@id":"https:\/\/www.girbau.com\/de-de\/#website"},"datePublished":"2025-11-25T12:06:42+00:00","dateModified":"2026-02-20T15:52:02+00:00","description":"Girbau S.A. hat diese Richtlinie erstellt, um Sie \u00fcber die Verwendung von Cookies auf unserer Website zu informieren.","breadcrumb":{"@id":"https:\/\/www.girbau.com\/de-de\/cookie-richtlinie\/#breadcrumb"},"inLanguage":"de","potentialAction":[{"@type":"ReadAction","target":["https:\/\/www.girbau.com\/de-de\/cookie-richtlinie\/"]}]},{"@type":"BreadcrumbList","@id":"https:\/\/www.girbau.com\/de-de\/cookie-richtlinie\/#breadcrumb","itemListElement":[{"@type":"ListItem","position":1,"name":"Home","item":"https:\/\/www.girbau.com\/de-de\/"},{"@type":"ListItem","position":2,"name":"Cookie-Richtlinie"}]},{"@type":"WebSite","@id":"https:\/\/www.girbau.com\/de-de\/#website","url":"https:\/\/www.girbau.com\/de-de\/","name":"Girbau DE","description":"","potentialAction":[{"@type":"SearchAction","target":{"@type":"EntryPoint","urlTemplate":"https:\/\/www.girbau.com\/de-de\/?s={search_term_string}"},"query-input":{"@type":"PropertyValueSpecification","valueRequired":true,"valueName":"search_term_string"}}],"inLanguage":"de"}]}},"_links":{"self":[{"href":"https:\/\/www.girbau.com\/de-de\/wp-json\/wp\/v2\/pages\/57","targetHints":{"allow":["GET"]}}],"collection":[{"href":"https:\/\/www.girbau.com\/de-de\/wp-json\/wp\/v2\/pages"}],"about":[{"href":"https:\/\/www.girbau.com\/de-de\/wp-json\/wp\/v2\/types\/page"}],"author":[{"embeddable":true,"href":"https:\/\/www.girbau.com\/de-de\/wp-json\/wp\/v2\/users\/1"}],"replies":[{"embeddable":true,"href":"https:\/\/www.girbau.com\/de-de\/wp-json\/wp\/v2\/comments?post=57"}],"version-history":[{"count":7,"href":"https:\/\/www.girbau.com\/de-de\/wp-json\/wp\/v2\/pages\/57\/revisions"}],"predecessor-version":[{"id":2053,"href":"https:\/\/www.girbau.com\/de-de\/wp-json\/wp\/v2\/pages\/57\/revisions\/2053"}],"wp:attachment":[{"href":"https:\/\/www.girbau.com\/de-de\/wp-json\/wp\/v2\/media?parent=57"}],"curies":[{"name":"wp","href":"https:\/\/api.w.org\/{rel}","templated":true}]}}