{"id":787,"date":"2025-12-04T18:05:33","date_gmt":"2025-12-04T17:05:33","guid":{"rendered":"https:\/\/www.girbau.com\/de-de\/home\/"},"modified":"2026-02-17T15:16:06","modified_gmt":"2026-02-17T14:16:06","slug":"home","status":"publish","type":"page","link":"https:\/\/www.girbau.com\/de-de\/","title":{"rendered":"Home"},"content":{"rendered":"","protected":false},"excerpt":{"rendered":"","protected":false},"author":10,"featured_media":0,"parent":0,"menu_order":0,"comment_status":"closed","ping_status":"closed","template":"","meta":{"_acf_changed":false,"footnotes":""},"class_list":["post-787","page","type-page","status-publish","hentry"],"acf":{"page_home_main_pretitle":"F\u00fcr Sie und Ihre W\u00e4scherei immer zur Stelle","page_home_main_title":"Rundum-W\u00e4schereil\u00f6sungen f\u00fcr Betriebe aller Art","page_home_main_subtitle":"Von Hotels \u00fcber Gesundheitszentren bis hin zu industriellen W\u00e4schereien \u2013 wir entwickeln Maschinen, Services und Technologien, die Ihre W\u00e4scherei noch leistungsf\u00e4higer, effizienter, rentabler und nachhaltiger machen.","page_home_main_image":"","page_home_main_background":1216,"page_home_main_background_video_small":"https:\/\/www.girbau.com\/de-de\/wp-content\/uploads\/sites\/10\/2025\/12\/industrial-laundry-solutions-girbau-home-480.webm","page_home_main_background_video_medium":"https:\/\/www.girbau.com\/de-de\/wp-content\/uploads\/sites\/10\/2025\/12\/industrial-laundry-solutions-girbau-home-900.webm","page_home_main_background_video_large":"https:\/\/www.girbau.com\/de-de\/wp-content\/uploads\/sites\/10\/2025\/12\/industrial-laundry-solutions-girbau-home-1400.webm","page_home_main_background_video_extra_large":"https:\/\/www.girbau.com\/de-de\/wp-content\/uploads\/sites\/10\/2025\/12\/industrial-laundry-solutions-girbau-home-1920.webm","page_home_main_buttons":[{"home_main_button_label":"Mit unserem Team sprechen","home_main_button_action":"modal","home_main_button_url":"","home_main_button_post":null,"home_main_button_file":null,"home_main_button_modal_url":"https:\/\/go.girbau.com\/l\/1043681\/2025-12-08\/2gt1gj?language=de&amp;Subsidiary=GDE","home_main_button":{"title":"Contact an Expert","url":"https:\/\/go.girbau.com\/l\/1043681\/2025-12-08\/2gt1gj?language=en&subsidiary=GSA","target":""},"home_main_main_button":"","home_main_type":"primary","home_main_color":"weak"},{"home_main_button_label":"Genius entdecken","home_main_button_action":"post","home_main_button_url":"","home_main_button_post":60,"home_main_button_file":null,"home_main_button_modal_url":"","home_main_button":{"title":"Discover Genius","url":"https:\/\/www.girbau.com\/de-de\/commercial-washers\/genius\/","target":""},"home_main_main_button":"","home_main_type":"primary","home_main_color":"primary"}],"page_home_numeric_cards_enabled":true,"page_home_numeric_cards_tag":"Branchen","page_home_numeric_cards_title":"W\u00e4schereil\u00f6sungen f\u00fcr jede Branche","page_home_numeric_cards_cards":[{"home_numeric_cards_title":"W\u00e4schereien f\u00fcr Hotels & Freizeit","home_numeric_cards_description":"Wir entwerfen die passende W\u00e4scherei f\u00fcr Ihr Hotel, Ihr Resort oder Ihre Wellness-Einrichtung.","home_numeric_cards_link":[39]},{"home_numeric_cards_title":"Industrielle W\u00e4schereien","home_numeric_cards_description":"Wir steigern die Produktivit\u00e4t Ihrer industriellen W\u00e4scherei auf ein Maximum.","home_numeric_cards_link":[43]},{"home_numeric_cards_title":"Waschsalons","home_numeric_cards_description":"Robuste und rentable Maschinen f\u00fcr Ihren SB-Waschsalon.","home_numeric_cards_link":[42]},{"home_numeric_cards_title":"W\u00e4schereien f\u00fcr Krankenh\u00e4user & Pflegeheime","home_numeric_cards_description":"Halten Sie die strengsten Hygienestandards ohne Kompromisse bei der Effizienz ein.","home_numeric_cards_link":[40]},{"home_numeric_cards_title":"Textilpflege- und Reinigungsservices","home_numeric_cards_description":"L\u00f6sungen f\u00fcr die Pflege jedes einzelnen Kleidungsst\u00fccks und Zeitoptimierung.","home_numeric_cards_link":[41]},{"home_numeric_cards_title":"W\u00e4schereien f\u00fcr Einrichtungen und Institutionen","home_numeric_cards_description":"Leistung und Kontrolle f\u00fcr Einrichtungen mit komplexen oder sensiblen Prozessen.","home_numeric_cards_link":[44]}],"page_home_full_video_enabled":false,"page_home_full_video_src":"","page_home_full_video_small":"","page_home_full_video_medium":"","page_home_full_video_large":"","page_home_full_video_extra_large":"","page_home_full_video_play_controls":false,"page_home_products_enabled":true,"page_home_products_tag":"Produkte","page_home_products_title":"360\u00ba-L\u00f6sungen, die mit Ihrem Unternehmen wachsen","page_home_products_subtitle":"","page_home_products_category":"","page_home_products_items":[60,68,59,64,72,75,76],"page_home_success_stories_enabled":false,"page_home_success_stories_tag":"","page_home_success_stories_title":"","page_home_success_stories_items":"","page_home_video_banner_enabled":true,"page_home_video_banner_tag":"Engagement f\u00fcr Nachhaltigkeit","page_home_video_banner_title":"EcoVadis-Goldmedaille","page_home_video_banner_description":"<!--StartFragment -->\r\n<p class=\"pf0\"><span class=\"cf0\"><a href=\"https:\/\/recognition.ecovadis.com\/F9dCiZDMg0K7EMGki3AFlA\">Anerkennung<\/a> nachhaltiger Praktiken und verantwortungsvoller Unternehmensf\u00fchrung<\/span><\/p>\r\n<!--EndFragment -->","page_home_video_banner_button_label":"Entdecken Sie mehr","page_home_video_banner_button_action":"post","page_home_video_banner_button_url":"","page_home_video_banner_button_post":48,"page_home_video_banner_button_file":null,"page_home_video_banner_button_modal_url":"","page_home_video_banner_button":"","page_home_video_banner_src":"https:\/\/www.girbau.com\/de-de\/wp-content\/uploads\/sites\/10\/2025\/12\/sustainability-industrial-laundry-girbau-1920.webm","page_home_video_banner_small":"https:\/\/www.girbau.com\/de-de\/wp-content\/uploads\/sites\/10\/2025\/12\/sustainability-industrial-laundry-girbau-480.webm","page_home_video_banner_medium":"https:\/\/www.girbau.com\/de-de\/wp-content\/uploads\/sites\/10\/2025\/12\/sustainability-industrial-laundry-girbau-900.webm","page_home_video_banner_large":"https:\/\/www.girbau.com\/de-de\/wp-content\/uploads\/sites\/10\/2025\/12\/sustainability-industrial-laundry-girbau-1400.webm","page_home_video_banner_extra_large":"https:\/\/www.girbau.com\/de-de\/wp-content\/uploads\/sites\/10\/2025\/12\/sustainability-industrial-laundry-girbau-1920.webm","page_home_testimonials_enabled":true,"page_home_testimonials_tag":"Echtes Feedback von Kunden","page_home_testimonials_title":"Weltweit gesch\u00e4tzt von W\u00e4schereiprofis","page_home_testimonials_items":[1892,1324,1319,1326,1294,1288,1296],"page_home_services_enabled":true,"page_home_services_tag":"Services","page_home_services_title":"Girbau steht Ihnen zur Seite, damit Sie sich ganz auf Ihr Gesch\u00e4ft konzentrieren k\u00f6nnen","page_home_services_button_text":"Mit einem Berater sprechen","page_home_services_button_url":"https:\/\/go.girbau.com\/l\/1043681\/2025-12-08\/2gt7ct?language=de&amp;Subsidiary=GDE","page_home_services_items":[85,82,83,84],"page_home_articles_subtitle":"","page_home_articles_title":"Girbau-Trends ","page_home_articles_description":"","page_home_articles_featured":true,"page_home_articles_content_type":"post","page_home_articles_category":null,"page_home_articles_show_all_button":false,"page_home_articles_show_top_buttons":false,"page_home_articles_show_curated":false,"page_home_accordion_enabled":true,"page_home_accordion_narrow_container":false,"page_home_accordion_narrow_content":false,"page_home_accordion_tag":"FAQ","page_home_accordion_title":"Wir beantworten Ihre Fragen zu den W\u00e4schereil\u00f6sungen von Girbau","page_home_accordion_description":"","page_home_accordion_text":"","page_home_accordion_items":[{"home_accordion_title":"Welche Art von technischem Support bietet Girbau Deutschland?","home_accordion_content":"Girbau Deutschland bietet <a href=\"https:\/\/www.girbau.com\/de-de\/support\/\"><u>technischen Kundendienst vor Ort und spezialisierten Support<\/u><\/a>\u00a0f\u00fcr alle seine W\u00e4schereil\u00f6sungen, mit kurzen Reaktionszeiten und vorbeugenden Wartungspl\u00e4nen.","home_accordion_cards":null},{"home_accordion_title":"Wie kann ich Unterst\u00fctzung anfordern, wenn ich ein Problem mit meiner Girbau-Waschmaschine habe?","home_accordion_content":"Kontaktieren Sie unser technisches Team \u00fcber das <a href=\"https:\/\/www.girbau.com\/de-de\/support\/technischer-support\/\">Webformular<\/a> oder per Telefon.","home_accordion_cards":null},{"home_accordion_title":"Welche Art von W\u00e4schereil\u00f6sungen bietet Girbau Deutschland an?","home_accordion_content":"Girbau bietet Komplettl\u00f6sungen f\u00fcr alle Arten von W\u00e4schereien, die zusammen mit Ihnen wachsen k\u00f6nnen. Ganz gleich, ob Sie mit einem kleinen Startup beginnen oder eine Gro\u00dfw\u00e4scherei betreiben \u2013 wir unterst\u00fctzen Sie bei jedem Schritt, um Ihr Unternehmen rentabler, effizienter und nachhaltiger zu machen. Bei Girbau finden Sie: <a href=\"https:\/\/www.girbau.com\/de-de\/industriewaschmaschinen\/\"><u>industrielle und gewerbliche Waschmaschinen<\/u><\/a>, <a href=\"https:\/\/www.girbau.com\/de-de\/gewerbetrockner\/\"><u>Trockner<\/u><\/a>, <a href=\"https:\/\/www.girbau.com\/de-de\/zylindermangeln-fur-waschereien\/\"><u>Mangeln<\/u><\/a>, <u><a href=\"https:\/\/www.girbau.com\/de-de\/sb-waschsalons-2\/\">Maschinen f\u00fcr SB-Waschsalons<\/a>,<\/u>\u00a0und <a href=\"https:\/\/www.girbau.com\/de-de\/digitale-waschereiverwaltung\/\"><u>digitale Plattformen<\/u><\/a> f\u00fcr eine intelligente W\u00e4schereiverwaltung.\r\n\r\nUnd damit alles ordnungsgem\u00e4\u00df funktioniert, bieten wir auch spezialisierte Services wie <a href=\"https:\/\/www.girbau.com\/de-de\/prozessoptimierung-waescherei\/\"><u>Prozessoptimierung und Beratung<\/u><\/a>, <a href=\"https:\/\/www.girbau.com\/de-de\/praxis-schulungen-waescherei\/\"><u>Praxis-Schulungen<\/u><\/a>\u00a0 und <a href=\"https:\/\/www.girbau.com\/de-de\/kundendienst-wartung-waescherei\/\"><u>Kundendienst<\/u> <\/a>\u00a0f\u00fcr vorbeugende Wartung und Problembehebung. Mit Girbau erwerben Sie nicht nur Maschinen und L\u00f6sungen f\u00fcr Ihre W\u00e4scherei. Mit uns finden Sie einen Partner, der sich mit zusammen Ihnen und Ihrem Unternehmen weiterentwickelt.\r\n\r\n&nbsp;\r\n\r\n&nbsp;","home_accordion_cards":null},{"home_accordion_title":"Wie w\u00e4hle ich die beste Industriewaschmaschine f\u00fcr meine W\u00e4scherei aus?","home_accordion_content":"Bei der Auswahl einer <a href=\"https:\/\/www.girbau.com\/de-de\/industriewaschmaschinen\/\"><u>Industriewaschmaschine<\/u><\/a>\u00a0sind drei Faktoren entscheidend: der verf\u00fcgbare Platz, die Menge der zu verarbeitenden W\u00e4sche und die Art der Einrichtung oder des Betriebs.\r\n\r\nBei Girbau entwickeln wir L\u00f6sungen, die sich an jede Umgebung anpassen lassen, sei es eine Selbstbedienungsw\u00e4scherei, ein Hotel, ein Krankenhaus\u00a0oder ein Industriebetrieb. Mit <!--StartFragment --><span class=\"cf0\">unseren kompakten Produkten<\/span> bis hin zu intelligenten Waschmaschinen wie der Genius-Serie unterst\u00fctzen wir Sie dabei, die Option zu finden, die in den t\u00e4glichen Betriebsabl\u00e4ufen Ihrer W\u00e4scherei die beste Leistung erbringt. <a href=\"https:\/\/www.girbau.com\/de-de\/support\/vertriebssupport\/\"><u>Lassen Sie sich von Girbau-Fachkr\u00e4ften beraten<\/u><\/a>.\r\n\r\n&nbsp;\r\n\r\n&nbsp;","home_accordion_cards":null},{"home_accordion_title":"Bietet Girbau nachhaltige L\u00f6sungen an?","home_accordion_content":"Ja, alle unsere W\u00e4schereil\u00f6sungen sind so konzipiert, dass sie den Wasser-, Energie- und Waschmittelverbrauch reduzieren und so zu einer geringeren Umweltbelastung beitragen. Dar\u00fcber hinaus finden Sie in unserem Katalog erg\u00e4nzende L\u00f6sungen wie Wasser- und Energier\u00fcckgewinnung, Systeme zur Mikroplastikfilterung und Ecopackaging. <!--StartFragment --><span class=\"cf0\">F\u00fcr uns ist Nachhaltigkeit keine Option, sondern Ausdruck <a href=\"https:\/\/www.girbau.com\/de-de\/unser-engagement\/\">unserer Verantwortung <\/a><\/span><span class=\"cf0\">gegen\u00fcber den Menschen und der Umwelt.<\/span><!--EndFragment -->\r\n\r\n&nbsp;","home_accordion_cards":null},{"home_accordion_title":"Wie kann die Prozessoptimierung f\u00fcr W\u00e4schereien von Girbau Sie unterst\u00fctzen?","home_accordion_content":"Haben Sie das Gef\u00fchl, dass Ihre W\u00e4scherei mehr leisten k\u00f6nnte, wissen aber nicht, wo Sie anfangen sollen?\r\n\r\nMit unserem <a href=\"https:\/\/www.girbau.com\/de-de\/prozessoptimierung-waescherei\/\"><u>Prozessoptimierungsservice<\/u><\/a> analysieren wir Ihren Betrieb eingehend \u2013 Maschinen, Verbrauch, Personal, Zeiten und Kosten \u2013 und stellen <strong>einen Bericht mit klaren Empfehlungen zusammen, wie Sie vom ersten Zyklus an sparen k\u00f6nnen<\/strong>. Wenn Sie das Projekt anschlie\u00dfend mit Girbau durchf\u00fchren, werden Ihnen bis zu 75\u00a0% der Kosten f\u00fcr die Studie erstattet.","home_accordion_cards":null},{"home_accordion_title":"Bietet Girbau Schulungen f\u00fcr Fachkr\u00e4fte oder W\u00e4schereimitarbeiter an?","home_accordion_content":"Ja, und zwar keine beliebige Schulungen. Unsere Kurse sind so konzipiert, dass Ihr Team die optimale Leistung aus den Girbau-Maschinen herausholen kann: <strong>Online-Module in der GUniversity<\/strong> und Praxis-Schulungen in <strong>kleinen Gruppen (maximal 10 Personen)<\/strong> mit Zertifizierung inklusive. <a href=\"https:\/\/www.girbau.com\/de-de\/praxis-schulungen-waescherei\/\"><u>Schulungsoptionen anzeigen.<\/u><\/a>","home_accordion_cards":null},{"home_accordion_title":"Worin besteht der Kundendienst von Girbau? Lohnt er sich?","home_accordion_content":"Ja, unsere <a href=\"https:\/\/www.girbau.com\/de-de\/kundendienst-wartung-waescherei\/\"><u>Wartungspl\u00e4ne<\/u><\/a>\u00a0sind so konzipiert, dass Sie sich auf Ihr Gesch\u00e4ft konzentrieren k\u00f6nnen und die technischen Aspekte der W\u00e4scherei uns \u00fcberlassen. Wir erkennen Probleme, bevor sie auftreten, verl\u00e4ngern die <strong>Lebensdauer Ihrer Maschinen<\/strong> (die bereits f\u00fcr eine durchschnittliche <strong>Haltbarkeit von mehr als 20 Jahre <\/strong>\u00a0ausgelegt sind) und reagieren schnell, wenn etwas <!--StartFragment --><span class=\"cf0\">schiefgeht.<\/span><!--EndFragment -->","home_accordion_cards":null},{"home_accordion_title":"Welche Garantie gilt f\u00fcr die Waschmaschinen von Girbau?","home_accordion_content":"Alle unsere Maschinen werden mit offizieller Garantie geliefert. <!--StartFragment --><span class=\"cf0\">Die genauen Garantiebedingungen variieren je nach Modell und Vertriebskanal.<\/span>\r\n\r\n<!--EndFragment -->","home_accordion_cards":null},{"home_accordion_title":"Gibt es bei Girbau Original-Ersatzteile?","home_accordion_content":"<p data-start=\"112\" data-end=\"316\">Ja. Wir bieten Original-Ersatzteile f\u00fcr alle unsere Maschinen an, die \u00fcber unser weltweites Vertriebspartnernetz sowie \u00fcber unsere Online-Plattform Horizon erh\u00e4ltlich sind.<\/p>\r\n<p data-start=\"318\" data-end=\"379\"><\/p>","home_accordion_cards":null}],"page_home_support_enabled":true,"page_home_support_pretitle":"Support","page_home_support_title":"Wir entwerfen gemeinsam mit Ihnen die W\u00e4scherei, die Ihren Anspr\u00fcchen gen\u00fcgt","page_home_support_button_text":"Fachliche Beratung erhalten","page_home_support_image":904,"page_home_support_iframe_url":"https:\/\/go.girbau.com\/l\/1043681\/2025-12-08\/2gt1gj?language=de&amp;Subsidiary=GDE","page_home_json_schema_json_schema":""},"yoast_head":"<!-- This site is optimized with the Yoast SEO Premium plugin v26.8 (Yoast SEO v27.1.1) - https:\/\/yoast.com\/product\/yoast-seo-premium-wordpress\/ -->\n<title>Experten f\u00fcr W\u00e4schereiger\u00e4te und -l\u00f6sungen | Girbau Deutschland<\/title>\n<meta name=\"description\" content=\"Girbau, Experten f\u00fcr W\u00e4schereiger\u00e4te. Wir bieten nachhaltige und innovative W\u00e4schereil\u00f6sungen f\u00fcr industrielle und gewerbliche Betriebe.\" \/>\n<meta name=\"robots\" content=\"index, follow, max-snippet:-1, max-image-preview:large, max-video-preview:-1\" \/>\n<link rel=\"canonical\" href=\"https:\/\/www.girbau.com\/de-de\/\" \/>\n<meta property=\"og:locale\" content=\"de_DE\" \/>\n<meta property=\"og:type\" content=\"article\" \/>\n<meta property=\"og:title\" content=\"Home\" \/>\n<meta property=\"og:description\" content=\"Girbau, Experten f\u00fcr W\u00e4schereiger\u00e4te. Wir bieten nachhaltige und innovative W\u00e4schereil\u00f6sungen f\u00fcr industrielle und gewerbliche Betriebe.\" \/>\n<meta property=\"og:url\" content=\"https:\/\/www.girbau.com\/de-de\/\" \/>\n<meta property=\"og:site_name\" content=\"Girbau DE\" \/>\n<meta property=\"article:modified_time\" content=\"2026-02-17T14:16:06+00:00\" \/>\n<meta name=\"twitter:card\" content=\"summary_large_image\" \/>\n<script type=\"application\/ld+json\" class=\"yoast-schema-graph\">{\"@context\":\"https:\/\/schema.org\",\"@graph\":[{\"@type\":\"WebPage\",\"@id\":\"https:\/\/www.girbau.com\/de-de\/\",\"url\":\"https:\/\/www.girbau.com\/de-de\/\",\"name\":\"Experten f\u00fcr W\u00e4schereiger\u00e4te und -l\u00f6sungen | Girbau Deutschland\",\"isPartOf\":{\"@id\":\"https:\/\/www.girbau.com\/de-de\/#website\"},\"datePublished\":\"2025-12-04T17:05:33+00:00\",\"dateModified\":\"2026-02-17T14:16:06+00:00\",\"description\":\"Girbau, Experten f\u00fcr W\u00e4schereiger\u00e4te. Wir bieten nachhaltige und innovative W\u00e4schereil\u00f6sungen f\u00fcr industrielle und gewerbliche Betriebe.\",\"breadcrumb\":{\"@id\":\"https:\/\/www.girbau.com\/de-de\/#breadcrumb\"},\"inLanguage\":\"de\",\"potentialAction\":[{\"@type\":\"ReadAction\",\"target\":[\"https:\/\/www.girbau.com\/de-de\/\"]}]},{\"@type\":\"BreadcrumbList\",\"@id\":\"https:\/\/www.girbau.com\/de-de\/#breadcrumb\",\"itemListElement\":[{\"@type\":\"ListItem\",\"position\":1,\"name\":\"Home\",\"item\":\"https:\/\/www.girbau.com\/de-de\/\"},{\"@type\":\"ListItem\",\"position\":2,\"name\":\"Home\"}]},{\"@type\":\"WebSite\",\"@id\":\"https:\/\/www.girbau.com\/de-de\/#website\",\"url\":\"https:\/\/www.girbau.com\/de-de\/\",\"name\":\"Girbau DE\",\"description\":\"\",\"potentialAction\":[{\"@type\":\"SearchAction\",\"target\":{\"@type\":\"EntryPoint\",\"urlTemplate\":\"https:\/\/www.girbau.com\/de-de\/?s={search_term_string}\"},\"query-input\":{\"@type\":\"PropertyValueSpecification\",\"valueRequired\":true,\"valueName\":\"search_term_string\"}}],\"inLanguage\":\"de\"}]}<\/script>\n<!-- \/ Yoast SEO Premium plugin. -->","yoast_head_json":{"title":"Experten f\u00fcr W\u00e4schereiger\u00e4te und -l\u00f6sungen | Girbau Deutschland","description":"Girbau, Experten f\u00fcr W\u00e4schereiger\u00e4te. Wir bieten nachhaltige und innovative W\u00e4schereil\u00f6sungen f\u00fcr industrielle und gewerbliche Betriebe.","robots":{"index":"index","follow":"follow","max-snippet":"max-snippet:-1","max-image-preview":"max-image-preview:large","max-video-preview":"max-video-preview:-1"},"canonical":"https:\/\/www.girbau.com\/de-de\/","og_locale":"de_DE","og_type":"article","og_title":"Home","og_description":"Girbau, Experten f\u00fcr W\u00e4schereiger\u00e4te. Wir bieten nachhaltige und innovative W\u00e4schereil\u00f6sungen f\u00fcr industrielle und gewerbliche Betriebe.","og_url":"https:\/\/www.girbau.com\/de-de\/","og_site_name":"Girbau DE","article_modified_time":"2026-02-17T14:16:06+00:00","twitter_card":"summary_large_image","schema":{"@context":"https:\/\/schema.org","@graph":[{"@type":"WebPage","@id":"https:\/\/www.girbau.com\/de-de\/","url":"https:\/\/www.girbau.com\/de-de\/","name":"Experten f\u00fcr W\u00e4schereiger\u00e4te und -l\u00f6sungen | Girbau Deutschland","isPartOf":{"@id":"https:\/\/www.girbau.com\/de-de\/#website"},"datePublished":"2025-12-04T17:05:33+00:00","dateModified":"2026-02-17T14:16:06+00:00","description":"Girbau, Experten f\u00fcr W\u00e4schereiger\u00e4te. Wir bieten nachhaltige und innovative W\u00e4schereil\u00f6sungen f\u00fcr industrielle und gewerbliche Betriebe.","breadcrumb":{"@id":"https:\/\/www.girbau.com\/de-de\/#breadcrumb"},"inLanguage":"de","potentialAction":[{"@type":"ReadAction","target":["https:\/\/www.girbau.com\/de-de\/"]}]},{"@type":"BreadcrumbList","@id":"https:\/\/www.girbau.com\/de-de\/#breadcrumb","itemListElement":[{"@type":"ListItem","position":1,"name":"Home","item":"https:\/\/www.girbau.com\/de-de\/"},{"@type":"ListItem","position":2,"name":"Home"}]},{"@type":"WebSite","@id":"https:\/\/www.girbau.com\/de-de\/#website","url":"https:\/\/www.girbau.com\/de-de\/","name":"Girbau DE","description":"","potentialAction":[{"@type":"SearchAction","target":{"@type":"EntryPoint","urlTemplate":"https:\/\/www.girbau.com\/de-de\/?s={search_term_string}"},"query-input":{"@type":"PropertyValueSpecification","valueRequired":true,"valueName":"search_term_string"}}],"inLanguage":"de"}]}},"_links":{"self":[{"href":"https:\/\/www.girbau.com\/de-de\/wp-json\/wp\/v2\/pages\/787","targetHints":{"allow":["GET"]}}],"collection":[{"href":"https:\/\/www.girbau.com\/de-de\/wp-json\/wp\/v2\/pages"}],"about":[{"href":"https:\/\/www.girbau.com\/de-de\/wp-json\/wp\/v2\/types\/page"}],"author":[{"embeddable":true,"href":"https:\/\/www.girbau.com\/de-de\/wp-json\/wp\/v2\/users\/10"}],"replies":[{"embeddable":true,"href":"https:\/\/www.girbau.com\/de-de\/wp-json\/wp\/v2\/comments?post=787"}],"version-history":[{"count":24,"href":"https:\/\/www.girbau.com\/de-de\/wp-json\/wp\/v2\/pages\/787\/revisions"}],"predecessor-version":[{"id":1999,"href":"https:\/\/www.girbau.com\/de-de\/wp-json\/wp\/v2\/pages\/787\/revisions\/1999"}],"acf:post":[{"embeddable":true,"href":"https:\/\/www.girbau.com\/de-de\/wp-json\/wp\/v2\/service_post\/84"},{"embeddable":true,"href":"https:\/\/www.girbau.com\/de-de\/wp-json\/wp\/v2\/service_post\/83"},{"embeddable":true,"href":"https:\/\/www.girbau.com\/de-de\/wp-json\/wp\/v2\/service_post\/82"},{"embeddable":true,"href":"https:\/\/www.girbau.com\/de-de\/wp-json\/wp\/v2\/service_post\/85"},{"embeddable":true,"href":"https:\/\/www.girbau.com\/de-de\/wp-json\/wp\/v2\/testimonial_post\/1296"},{"embeddable":true,"href":"https:\/\/www.girbau.com\/de-de\/wp-json\/wp\/v2\/testimonial_post\/1288"},{"embeddable":true,"href":"https:\/\/www.girbau.com\/de-de\/wp-json\/wp\/v2\/testimonial_post\/1294"},{"embeddable":true,"href":"https:\/\/www.girbau.com\/de-de\/wp-json\/wp\/v2\/testimonial_post\/1326"},{"embeddable":true,"href":"https:\/\/www.girbau.com\/de-de\/wp-json\/wp\/v2\/testimonial_post\/1319"},{"embeddable":true,"href":"https:\/\/www.girbau.com\/de-de\/wp-json\/wp\/v2\/testimonial_post\/1324"},{"embeddable":true,"href":"https:\/\/www.girbau.com\/de-de\/wp-json\/wp\/v2\/testimonial_post\/1892"},{"embeddable":true,"href":"https:\/\/www.girbau.com\/de-de\/wp-json\/wp\/v2\/pages\/48"},{"embeddable":true,"href":"https:\/\/www.girbau.com\/de-de\/wp-json\/wp\/v2\/product_post\/76"},{"embeddable":true,"href":"https:\/\/www.girbau.com\/de-de\/wp-json\/wp\/v2\/product_post\/75"},{"embeddable":true,"href":"https:\/\/www.girbau.com\/de-de\/wp-json\/wp\/v2\/product_post\/72"},{"embeddable":true,"href":"https:\/\/www.girbau.com\/de-de\/wp-json\/wp\/v2\/product_post\/64"},{"embeddable":true,"href":"https:\/\/www.girbau.com\/de-de\/wp-json\/wp\/v2\/product_post\/59"},{"embeddable":true,"href":"https:\/\/www.girbau.com\/de-de\/wp-json\/wp\/v2\/product_post\/68"},{"embeddable":true,"href":"https:\/\/www.girbau.com\/de-de\/wp-json\/wp\/v2\/product_post\/60"}],"wp:attachment":[{"href":"https:\/\/www.girbau.com\/de-de\/wp-json\/wp\/v2\/media?parent=787"}],"curies":[{"name":"wp","href":"https:\/\/api.w.org\/{rel}","templated":true}]}}