{"id":790,"date":"2025-12-04T18:05:33","date_gmt":"2025-12-04T17:05:33","guid":{"rendered":"https:\/\/www.girbau.com\/de-de\/certificaciones\/"},"modified":"2026-02-19T14:13:35","modified_gmt":"2026-02-19T13:13:35","slug":"zertifizierungen","status":"publish","type":"page","link":"https:\/\/www.girbau.com\/de-de\/zertifizierungen\/","title":{"rendered":"Qualit\u00e4ts-, Nachhaltigkeits- und Sicherheitszertifikate"},"content":{"rendered":"","protected":false},"excerpt":{"rendered":"","protected":false},"author":4,"featured_media":0,"parent":0,"menu_order":0,"comment_status":"closed","ping_status":"closed","template":"","meta":{"_acf_changed":false,"footnotes":""},"class_list":["post-790","page","type-page","status-publish","hentry"],"acf":{"page_certificaciones_main_subtitle":"Sorgfalt, Verantwortung und das Engagement, einen positiven Beitrag f\u00fcr Mensch und Umwelt zu leisten","page_certificaciones_main_description":"Bei Girbau verstehen wir Zertifizierungen nicht als Auszeichnung, sondern als Verpflichtung. Jedes Siegel best\u00e4tigt, dass wir mit Sorgfalt, Sicherheit und Respekt f\u00fcr die Umwelt arbeiten und garantiert, dass unsere nachhaltigen W\u00e4schereil\u00f6sungen den h\u00f6chsten Qualit\u00e4ts- und Nachhaltigkeitsstandards entsprechen.","page_certificaciones_sections_sections":[{"certificaciones_sections_section_name":"","certificaciones_sections_pretitle":"","certificaciones_sections_title":"Qualit\u00e4t","certificaciones_sections_description":"","certificaciones_sections_content_items":[{"certificaciones_sections_title":"Bis ins Detail zertifizierte Qualit\u00e4t","certificaciones_sections_content":"Bei Girbau werden jede Maschine und jedes Bauteil <strong>umfassenden Kontrollen<\/strong> unterzogen, die ihre Zuverl\u00e4ssigkeit, Haltbarkeit und Sicherheit garantieren. Die <strong>internationalen Zertifizierungen<\/strong>, die die gute Arbeit unserer Teams bescheinigen, sind der beste Beweis f\u00fcr ein kontinuierliches Engagement f\u00fcr Spitzenleistungen und fortlaufende Verbesserung.","certificaciones_sections_image":1028,"certificaciones_sections_image_position":"right","certificaciones_sections_button_label":"","certificaciones_sections_button_action":"url","certificaciones_sections_button_url":"","certificaciones_sections_button_post":null,"certificaciones_sections_button_file":null,"certificaciones_sections_button_modal_url":"","certificaciones_sections_button":""}],"certificaciones_sections_cards":[{"certificaciones_sections_title":"ISO 9001 \u2013 Qualit\u00e4tsmanagementsystem f\u00fcr Girbau S.A. und Girbau Robotics","certificaciones_sections_description":"Die ISO 9001-Zertifizierung bescheinigt, dass Girbau S.A. und Girbau Robotics (France) ein Qualit\u00e4tsmanagementsystem anwenden, das Spitzenleistungen in Entwicklung, Fertigung und Kundendienst gew\u00e4hrleistet. Diese Norm, die seit 1996 in Kraft ist, garantiert die R\u00fcckverfolgbarkeit eines jeden Produktes und die anhaltende Zufriedenheit unserer Kunden.","certificaciones_sections_button_label":"Zertifikat ansehen","certificaciones_sections_button_action":"file","certificaciones_sections_button_url":"","certificaciones_sections_button_post":null,"certificaciones_sections_button_file":1651,"certificaciones_sections_button_modal_url":"","certificaciones_sections_button":""},{"certificaciones_sections_title":"ISO 9001 \u2013 Qualit\u00e4tsmanagementsystem f\u00fcr Girbau Laundry Machinery (Shanghai)","certificaciones_sections_description":"Die ISO 9001-Zertifizierung bescheinigt, dass Girbau Laundry Machinery (Shanghai) ein Qualit\u00e4tsmanagementsystem anwendet, das Spitzenleistungen in Entwicklung, Fertigung und Kundendienst gew\u00e4hrleistet. Diese Norm, die seit 1996 in Kraft ist, garantiert die R\u00fcckverfolgbarkeit eines jeden Produktes und die anhaltende Zufriedenheit unserer Kunden.","certificaciones_sections_button_label":"Zertifikat ansehen","certificaciones_sections_button_action":"file","certificaciones_sections_button_url":"","certificaciones_sections_button_post":null,"certificaciones_sections_button_file":1145,"certificaciones_sections_button_modal_url":"","certificaciones_sections_button":""}]},{"certificaciones_sections_section_name":"","certificaciones_sections_pretitle":"","certificaciones_sections_title":"Umwelt","certificaciones_sections_description":"","certificaciones_sections_content_items":[{"certificaciones_sections_title":"Engagiert f\u00fcr eine sauberere und nachhaltigere Umwelt","certificaciones_sections_content":"Nachhaltigkeit ist Teil von allem, was wir tun. Vom Produktdesign bis zum Abfallmanagement wenden wir Kriterien an, die die Umweltbelastung verringern und die Energieeffizienz in den W\u00e4schereien verbessern. Diese <strong>Nachhaltigkeitszertifizierungen<\/strong> spiegeln ein verantwortungsvolles und zukunftsorientiertes W\u00e4schereimodell wider.","certificaciones_sections_image":1029,"certificaciones_sections_image_position":"right","certificaciones_sections_button_label":"","certificaciones_sections_button_action":"url","certificaciones_sections_button_url":"","certificaciones_sections_button_post":null,"certificaciones_sections_button_file":null,"certificaciones_sections_button_modal_url":"","certificaciones_sections_button":""}],"certificaciones_sections_cards":[{"certificaciones_sections_title":"ISO 14001 \u2013 Zertifiziertes Umweltmanagement f\u00fcr Girbau S.A. und Girbau Robotics","certificaciones_sections_description":"Die ISO 14001-Zertifizierung bescheinigt, dass Girbau S.A. und Girbau Robotics ein Umweltmanagementsystem einsetzen, das die Auswirkungen ihrer Betriebsabl\u00e4ufe minimiert. Beide Unternehmen integrieren Energieeffizienz, verantwortungsvolles Abfallmanagement und kontinuierliche Verbesserung in alle ihre Produktionszentren.","certificaciones_sections_button_label":"Zertifikat ansehen","certificaciones_sections_button_action":"file","certificaciones_sections_button_url":"","certificaciones_sections_button_post":null,"certificaciones_sections_button_file":1652,"certificaciones_sections_button_modal_url":"","certificaciones_sections_button":""},{"certificaciones_sections_title":"ISO 14001 \u2013 Zertifiziertes Umweltmanagement f\u00fcr Girbau Laundry Machinery (Shanghai)","certificaciones_sections_description":"Die ISO-14001-Zertifizierung best\u00e4tigt, dass unser Produktionsstandort in Shanghai ein Umweltmanagementsystem anwendet, das die Umweltauswirkungen seiner T\u00e4tigkeiten reduziert. Unser Unternehmen integriert Energieeffizienz, verantwortungsbewusste Abfallbewirtschaftung und kontinuierliche Verbesserung in allen Produktionsstandorten.","certificaciones_sections_button_label":"Zertifikat ansehen","certificaciones_sections_button_action":"file","certificaciones_sections_button_url":"","certificaciones_sections_button_post":null,"certificaciones_sections_button_file":1148,"certificaciones_sections_button_modal_url":"","certificaciones_sections_button":""},{"certificaciones_sections_title":"EMAS (Eco-Management and Audit Scheme) f\u00fcr Girbau S.A.","certificaciones_sections_description":"Die EMAS-Zertifizierung bescheinigt die Eintragung von Girbau S.A. in das anspruchsvollste europ\u00e4ische Register f\u00fcr Umweltmanagement und -auditierung in der EU. Seit 2004 garantiert diese Bescheinigung, dass unsere Zentren nach Kriterien der Transparenz, der kontinuierlichen Verbesserung und des echten Engagements f\u00fcr eine nachhaltige W\u00e4scherei arbeiten.","certificaciones_sections_button_label":"Zertifikat ansehen","certificaciones_sections_button_action":"file","certificaciones_sections_button_url":"","certificaciones_sections_button_post":null,"certificaciones_sections_button_file":1653,"certificaciones_sections_button_modal_url":"","certificaciones_sections_button":""}]},{"certificaciones_sections_section_name":"","certificaciones_sections_pretitle":"","certificaciones_sections_title":"Gesundheit und Sicherheit","certificaciones_sections_description":"","certificaciones_sections_content_items":[{"certificaciones_sections_title":"Zertifizierte Gesundheit und Sicherheit f\u00fcr Menschen und Prozesse","certificaciones_sections_content":"<div class=\"flex max-w-full flex-col grow\">\r\n<div class=\"min-h-8 text-message relative flex w-full flex-col items-end gap-2 text-start break-words whitespace-normal [.text-message+&amp;]:mt-1\" dir=\"auto\" data-message-author-role=\"assistant\" data-message-id=\"c4a15016-3ba9-42e0-88c5-057274262020\" data-message-model-slug=\"gpt-5-1\">\r\n<div class=\"flex w-full flex-col gap-1 empty:hidden first:pt-[1px]\">\r\n<div class=\"markdown prose dark:prose-invert w-full break-words light markdown-new-styling\">\r\n<p data-start=\"29\" data-end=\"462\">Die Sicherheit und das Wohlbefinden unserer Mitarbeitenden sind grundlegende Treiber unserer operativen Strategie. Von der Risikopr\u00e4vention bis zur kontinuierlichen Verbesserung unserer Arbeitsumgebungen wenden wir Standards an, die den Schutz und das Wohlergehen der Menschen st\u00e4rken. Diese ISO-Zertifizierungen best\u00e4tigen ein solides, proaktives Managementmodell, das vollst\u00e4ndig an internationalen Best Practices ausgerichtet ist.<\/p>\r\n\r\n<h3 data-start=\"464\" data-end=\"500\"><\/h3>\r\n<\/div>\r\n<\/div>\r\n<\/div>\r\n<\/div>\r\n<div class=\"z-0 flex min-h-[46px] justify-start\"><\/div>\r\n<div class=\"mt-3 w-full empty:hidden\">\r\n<div class=\"text-center\"><\/div>\r\n<\/div>\r\n<div class=\"keyword-surfer\">\r\n<div class=\"flex items-center gap-[6px]\"><\/div>\r\n<\/div>","certificaciones_sections_image":1339,"certificaciones_sections_image_position":"right","certificaciones_sections_button_label":"","certificaciones_sections_button_action":"url","certificaciones_sections_button_url":"","certificaciones_sections_button_post":null,"certificaciones_sections_button_file":null,"certificaciones_sections_button_modal_url":"","certificaciones_sections_button":""}],"certificaciones_sections_cards":[{"certificaciones_sections_title":"ISO 45001 \u2013 Zertifizierte Gesundheits- und Sicherheitssysteme f\u00fcr Girbau S.A. und Girbau Robotics","certificaciones_sections_description":"Die ISO 45001-Zertifizierung bescheinigt, dass Girbau S.A. (Vic) und Girbau Robotics (France) ein Managementsystem f\u00fcr Arbeitnehmersicherheit und -gesundheit gem\u00e4\u00df den internationalen Anforderungen einsetzen. Diese Norm garantiert ein sicheres Arbeitsumfeld, f\u00f6rdert die Risikopr\u00e4vention und unterst\u00fctzt die kontinuierliche Verbesserung des Wohlbefindens der Menschen.","certificaciones_sections_button_label":"Zertifikat ansehen","certificaciones_sections_button_action":"file","certificaciones_sections_button_url":"","certificaciones_sections_button_post":null,"certificaciones_sections_button_file":1654,"certificaciones_sections_button_modal_url":"","certificaciones_sections_button":""},{"certificaciones_sections_title":"ISO 45001 \u2013 Zertifizierte Sicherheits- und Gesundheitssysteme f\u00fcr Girbau Laundry Machinery (Shanghai)","certificaciones_sections_description":"Die ISO 45001-Zertifizierung bescheinigt, dass Girbau Laundry Machinery (Shanghai) ein Managementsystem f\u00fcr Arbeitnehmersicherheit und -gesundheit einsetzt, das den internationalen Normen entspricht. Diese Zertifizierung bescheinigt sichere, gesunde und nachhaltige Arbeitsbedingungen bei allen Betriebsabl\u00e4ufen.","certificaciones_sections_button_label":"Zertifikat ansehen","certificaciones_sections_button_action":"file","certificaciones_sections_button_url":"","certificaciones_sections_button_post":null,"certificaciones_sections_button_file":1153,"certificaciones_sections_button_modal_url":"","certificaciones_sections_button":""}]}],"page_certificaciones_json_schema_json_schema":""},"yoast_head":"<!-- This site is optimized with the Yoast SEO Premium plugin v26.8 (Yoast SEO v27.1.1) - https:\/\/yoast.com\/product\/yoast-seo-premium-wordpress\/ -->\n<title>Qualit\u00e4ts- und Nachhaltigkeitszertifikate | Girbau Deutschland<\/title>\n<meta name=\"description\" content=\"Erfahren Sie mehr \u00fcber die Zertifizierungen, die Qualit\u00e4t und Nachhaltigkeit aller Girbau-Ger\u00e4te und -Systeme gew\u00e4hrleisten.\" \/>\n<meta name=\"robots\" content=\"index, follow, max-snippet:-1, max-image-preview:large, max-video-preview:-1\" \/>\n<link rel=\"canonical\" href=\"https:\/\/www.girbau.com\/de-de\/zertifizierungen\/\" \/>\n<meta property=\"og:locale\" content=\"de_DE\" \/>\n<meta property=\"og:type\" content=\"article\" \/>\n<meta property=\"og:title\" content=\"Qualit\u00e4ts-, Nachhaltigkeits- und Sicherheitszertifikate\" \/>\n<meta property=\"og:description\" content=\"Erfahren Sie mehr \u00fcber die Zertifizierungen, die Qualit\u00e4t und Nachhaltigkeit aller Girbau-Ger\u00e4te und -Systeme gew\u00e4hrleisten.\" \/>\n<meta property=\"og:url\" content=\"https:\/\/www.girbau.com\/de-de\/zertifizierungen\/\" \/>\n<meta property=\"og:site_name\" content=\"Girbau DE\" \/>\n<meta property=\"article:modified_time\" content=\"2026-02-19T13:13:35+00:00\" \/>\n<meta name=\"twitter:card\" content=\"summary_large_image\" \/>\n<script type=\"application\/ld+json\" class=\"yoast-schema-graph\">{\"@context\":\"https:\/\/schema.org\",\"@graph\":[{\"@type\":\"WebPage\",\"@id\":\"https:\/\/www.girbau.com\/de-de\/zertifizierungen\/\",\"url\":\"https:\/\/www.girbau.com\/de-de\/zertifizierungen\/\",\"name\":\"Qualit\u00e4ts- und Nachhaltigkeitszertifikate | Girbau Deutschland\",\"isPartOf\":{\"@id\":\"https:\/\/www.girbau.com\/de-de\/#website\"},\"datePublished\":\"2025-12-04T17:05:33+00:00\",\"dateModified\":\"2026-02-19T13:13:35+00:00\",\"description\":\"Erfahren Sie mehr \u00fcber die Zertifizierungen, die Qualit\u00e4t und Nachhaltigkeit aller Girbau-Ger\u00e4te und -Systeme gew\u00e4hrleisten.\",\"breadcrumb\":{\"@id\":\"https:\/\/www.girbau.com\/de-de\/zertifizierungen\/#breadcrumb\"},\"inLanguage\":\"de\",\"potentialAction\":[{\"@type\":\"ReadAction\",\"target\":[\"https:\/\/www.girbau.com\/de-de\/zertifizierungen\/\"]}]},{\"@type\":\"BreadcrumbList\",\"@id\":\"https:\/\/www.girbau.com\/de-de\/zertifizierungen\/#breadcrumb\",\"itemListElement\":[{\"@type\":\"ListItem\",\"position\":1,\"name\":\"Home\",\"item\":\"https:\/\/www.girbau.com\/de-de\/\"},{\"@type\":\"ListItem\",\"position\":2,\"name\":\"Qualit\u00e4ts-, Nachhaltigkeits- und Sicherheitszertifikate\"}]},{\"@type\":\"WebSite\",\"@id\":\"https:\/\/www.girbau.com\/de-de\/#website\",\"url\":\"https:\/\/www.girbau.com\/de-de\/\",\"name\":\"Girbau DE\",\"description\":\"\",\"potentialAction\":[{\"@type\":\"SearchAction\",\"target\":{\"@type\":\"EntryPoint\",\"urlTemplate\":\"https:\/\/www.girbau.com\/de-de\/?s={search_term_string}\"},\"query-input\":{\"@type\":\"PropertyValueSpecification\",\"valueRequired\":true,\"valueName\":\"search_term_string\"}}],\"inLanguage\":\"de\"}]}<\/script>\n<!-- \/ Yoast SEO Premium plugin. -->","yoast_head_json":{"title":"Qualit\u00e4ts- und Nachhaltigkeitszertifikate | Girbau Deutschland","description":"Erfahren Sie mehr \u00fcber die Zertifizierungen, die Qualit\u00e4t und Nachhaltigkeit aller Girbau-Ger\u00e4te und -Systeme gew\u00e4hrleisten.","robots":{"index":"index","follow":"follow","max-snippet":"max-snippet:-1","max-image-preview":"max-image-preview:large","max-video-preview":"max-video-preview:-1"},"canonical":"https:\/\/www.girbau.com\/de-de\/zertifizierungen\/","og_locale":"de_DE","og_type":"article","og_title":"Qualit\u00e4ts-, Nachhaltigkeits- und Sicherheitszertifikate","og_description":"Erfahren Sie mehr \u00fcber die Zertifizierungen, die Qualit\u00e4t und Nachhaltigkeit aller Girbau-Ger\u00e4te und -Systeme gew\u00e4hrleisten.","og_url":"https:\/\/www.girbau.com\/de-de\/zertifizierungen\/","og_site_name":"Girbau DE","article_modified_time":"2026-02-19T13:13:35+00:00","twitter_card":"summary_large_image","schema":{"@context":"https:\/\/schema.org","@graph":[{"@type":"WebPage","@id":"https:\/\/www.girbau.com\/de-de\/zertifizierungen\/","url":"https:\/\/www.girbau.com\/de-de\/zertifizierungen\/","name":"Qualit\u00e4ts- und Nachhaltigkeitszertifikate | Girbau Deutschland","isPartOf":{"@id":"https:\/\/www.girbau.com\/de-de\/#website"},"datePublished":"2025-12-04T17:05:33+00:00","dateModified":"2026-02-19T13:13:35+00:00","description":"Erfahren Sie mehr \u00fcber die Zertifizierungen, die Qualit\u00e4t und Nachhaltigkeit aller Girbau-Ger\u00e4te und -Systeme gew\u00e4hrleisten.","breadcrumb":{"@id":"https:\/\/www.girbau.com\/de-de\/zertifizierungen\/#breadcrumb"},"inLanguage":"de","potentialAction":[{"@type":"ReadAction","target":["https:\/\/www.girbau.com\/de-de\/zertifizierungen\/"]}]},{"@type":"BreadcrumbList","@id":"https:\/\/www.girbau.com\/de-de\/zertifizierungen\/#breadcrumb","itemListElement":[{"@type":"ListItem","position":1,"name":"Home","item":"https:\/\/www.girbau.com\/de-de\/"},{"@type":"ListItem","position":2,"name":"Qualit\u00e4ts-, Nachhaltigkeits- und Sicherheitszertifikate"}]},{"@type":"WebSite","@id":"https:\/\/www.girbau.com\/de-de\/#website","url":"https:\/\/www.girbau.com\/de-de\/","name":"Girbau DE","description":"","potentialAction":[{"@type":"SearchAction","target":{"@type":"EntryPoint","urlTemplate":"https:\/\/www.girbau.com\/de-de\/?s={search_term_string}"},"query-input":{"@type":"PropertyValueSpecification","valueRequired":true,"valueName":"search_term_string"}}],"inLanguage":"de"}]}},"_links":{"self":[{"href":"https:\/\/www.girbau.com\/de-de\/wp-json\/wp\/v2\/pages\/790","targetHints":{"allow":["GET"]}}],"collection":[{"href":"https:\/\/www.girbau.com\/de-de\/wp-json\/wp\/v2\/pages"}],"about":[{"href":"https:\/\/www.girbau.com\/de-de\/wp-json\/wp\/v2\/types\/page"}],"author":[{"embeddable":true,"href":"https:\/\/www.girbau.com\/de-de\/wp-json\/wp\/v2\/users\/4"}],"replies":[{"embeddable":true,"href":"https:\/\/www.girbau.com\/de-de\/wp-json\/wp\/v2\/comments?post=790"}],"version-history":[{"count":17,"href":"https:\/\/www.girbau.com\/de-de\/wp-json\/wp\/v2\/pages\/790\/revisions"}],"predecessor-version":[{"id":2047,"href":"https:\/\/www.girbau.com\/de-de\/wp-json\/wp\/v2\/pages\/790\/revisions\/2047"}],"wp:attachment":[{"href":"https:\/\/www.girbau.com\/de-de\/wp-json\/wp\/v2\/media?parent=790"}],"curies":[{"name":"wp","href":"https:\/\/api.w.org\/{rel}","templated":true}]}}