{"id":791,"date":"2025-12-04T18:05:33","date_gmt":"2025-12-04T17:05:33","guid":{"rendered":"https:\/\/www.girbau.com\/de-de\/trabajar-en-girbau\/"},"modified":"2026-02-19T12:47:54","modified_gmt":"2026-02-19T11:47:54","slug":"arbeiten-bei-girbau","status":"publish","type":"page","link":"https:\/\/www.girbau.com\/de-de\/arbeiten-bei-girbau\/","title":{"rendered":"Arbeiten bei Girbau"},"content":{"rendered":"","protected":false},"excerpt":{"rendered":"","protected":false},"author":10,"featured_media":0,"parent":0,"menu_order":0,"comment_status":"closed","ping_status":"closed","template":"","meta":{"_acf_changed":false,"footnotes":""},"class_list":["post-791","page","type-page","status-publish","hentry"],"acf":{"page_trabajar_en_girbau_main_subtitle":"Werden Sie Teil eines Teams, in dem Menschen Ideen, Talente und Ziele teilen","page_trabajar_en_girbau_main_description":"Wir glauben an die Menschen als treibende Kraft hinter allem, was wir tun. Hier finden Sie ein Umfeld, in dem Sie beruflich wachsen, Ihre Ideen einbringen und jeden Tag dazulernen  k\u00f6nnen. Wir setzen uns f\u00fcr Innovation, Nachhaltigkeit und Wohlbefinden ein und bilden ein Team, das die Entwicklung der Branche auf internationaler Ebene vorantreibt.","page_trabajar_en_girbau_main_background":1271,"page_trabajar_en_girbau_main_background_video_small":"https:\/\/www.girbau.com\/de-de\/wp-content\/uploads\/sites\/10\/2025\/12\/girbau-careers-work-with-us-banner-video-480.webm","page_trabajar_en_girbau_main_background_video_medium":"https:\/\/www.girbau.com\/de-de\/wp-content\/uploads\/sites\/10\/2025\/12\/girbau-careers-work-with-us-banner-video-900.webm","page_trabajar_en_girbau_main_background_video_large":"https:\/\/www.girbau.com\/de-de\/wp-content\/uploads\/sites\/10\/2025\/12\/girbau-careers-work-with-us-banner-video-1400.webm","page_trabajar_en_girbau_main_background_video_extra_large":"https:\/\/www.girbau.com\/de-de\/wp-content\/uploads\/sites\/10\/2025\/12\/girbau-careers-work-with-us-banner-video-1920.webm","page_trabajar_en_girbau_features_enabled":true,"page_trabajar_en_girbau_features_tag":"","page_trabajar_en_girbau_features_columns":"3","page_trabajar_en_girbau_features_title":"Warum bei Girbau Deutschland arbeiten?","page_trabajar_en_girbau_features_description":"","page_trabajar_en_girbau_features_features":[{"trabajar_en_girbau_features_icon":"pasion","trabajar_en_girbau_features_title":"Famili\u00e4re Wurzeln und globale Perspektive","trabajar_en_girbau_features_content":"Wir sind ein Familienunternehmen mit internationaler Pr\u00e4senz durch 16 Filialen. Wir bieten ein kollegiales, stabiles und zukunftsorientiertes Umfeld, in dem Sie sich beruflich weiterentwickeln k\u00f6nnen."},{"trabajar_en_girbau_features_icon":"crecimiento","trabajar_en_girbau_features_title":"Wachstum ist Teil der Reise","trabajar_en_girbau_features_content":"Bei uns enden Karrieren nicht. Jeder Einzelne findet Raum, um sich zu entwickeln, neue Herausforderungen anzunehmen und zu lernen. Mit Unterst\u00fctzung des Teams geht es stetig nach vorne."},{"trabajar_en_girbau_features_icon":"sostenibilidad","trabajar_en_girbau_features_title":"Wandel mit Ziel","trabajar_en_girbau_features_content":"Unser Wandel basiert auf Digitalisierung, Nachhaltigkeit und Innovation. Unser Ziel ist es, ein Ma\u00dfstab zu sein und positive Auswirkungen auf die Menschen und die Umwelt zu erreichen."},{"trabajar_en_girbau_features_icon":"user-centered","trabajar_en_girbau_features_title":"Die Menschen, unsere Priorit\u00e4t","trabajar_en_girbau_features_content":"Wir glauben an die St\u00e4rke von innerer Einstellung, Diversit\u00e4t und Engagement. Wir k\u00fcmmern uns um unsere Mitarbeiter, denn ihr Wohlbefinden steht im Mittelpunkt unseres Handelns.\r\n\r\n<strong>\u00a0<\/strong>"}],"page_trabajar_en_girbau_jobs_enabled":false,"page_trabajar_en_girbau_jobs_tag":"We are waiting for you","page_trabajar_en_girbau_jobs_title":"Job Openings","page_trabajar_en_girbau_jobs_description":"Would you like to join a team that drives innovation in industrial laundry? Explore career opportunities at Girbau and find the place where you can grow your skills and talent.","page_trabajar_en_girbau_jobs_show_all":false,"page_trabajar_en_girbau_jobs_selected_jobs":[1679],"page_trabajar_en_girbau_jobs_min_cards":5,"page_trabajar_en_girbau_jobs_show_buttons":false,"page_trabajar_en_girbau_featured_enabled":true,"page_trabajar_en_girbau_featured_tag":"Wir m\u00f6chten Sie kennen lernen","page_trabajar_en_girbau_featured_title":"M\u00f6chten Sie Teil des Teams von Girbau Deutschland werden?","page_trabajar_en_girbau_featured_content_type":"text","page_trabajar_en_girbau_featured_content_text":"Wir wachsen weiter und sind immer auf der Suche nach Menschen mit Initiative, Engagement und Lernbereitschaft. <strong>Wenn Sie sich mit unserer Arbeitsweise identifizieren<\/strong>, senden Sie uns Ihre Bewerbung, damit wir sie f\u00fcr zuk\u00fcnftige offene Stellen bei Girbau Deutschland ber\u00fccksichtigen k\u00f6nnen.","page_trabajar_en_girbau_featured_content_items":null,"page_trabajar_en_girbau_featured_image":1811,"page_trabajar_en_girbau_featured_image_position":"left","page_trabajar_en_girbau_featured_button_label":"Lebenslauf senden","page_trabajar_en_girbau_featured_button_action":"modal","page_trabajar_en_girbau_featured_button_url":"https:\/\/form.jotform.com\/253034140820039","page_trabajar_en_girbau_featured_button_post":"","page_trabajar_en_girbau_featured_button_file":"","page_trabajar_en_girbau_featured_button_modal_url":"https:\/\/form.jotform.com\/260481501918355","page_trabajar_en_girbau_featured_button":"","page_trabajar_en_girbau_gallery_enabled":true,"page_trabajar_en_girbau_gallery_tag":"Wahre Geschichten","page_trabajar_en_girbau_gallery_title":"Unser Team kennen lernen","page_trabajar_en_girbau_gallery_items":[{"trabajar_en_girbau_gallery_media":1036,"trabajar_en_girbau_gallery_wide_size":false},{"trabajar_en_girbau_gallery_media":1037,"trabajar_en_girbau_gallery_wide_size":false},{"trabajar_en_girbau_gallery_media":1038,"trabajar_en_girbau_gallery_wide_size":false},{"trabajar_en_girbau_gallery_media":1039,"trabajar_en_girbau_gallery_wide_size":false},{"trabajar_en_girbau_gallery_media":1040,"trabajar_en_girbau_gallery_wide_size":false},{"trabajar_en_girbau_gallery_media":1041,"trabajar_en_girbau_gallery_wide_size":false},{"trabajar_en_girbau_gallery_media":1035,"trabajar_en_girbau_gallery_wide_size":false}],"page_trabajar_en_girbau_features_bottom_enabled":true,"page_trabajar_en_girbau_features_bottom_tag":"Warum sind wir eine gute Wahl","page_trabajar_en_girbau_features_bottom_columns":"3","page_trabajar_en_girbau_features_bottom_title":"Was uns ausmacht  ","page_trabajar_en_girbau_features_bottom_description":"","page_trabajar_en_girbau_features_bottom_features":[{"trabajar_en_girbau_features_bottom_icon":"excelencia","trabajar_en_girbau_features_bottom_title":"Exzellenz","trabajar_en_girbau_features_bottom_content":"Wir arbeiten hart daran, die Qualit\u00e4t von Dienstleistungen, Produkten, Prozessen und Beziehungen zu gew\u00e4hrleisten, und streben dabei stets nach kontinuierlicher Verbesserung und Kundenzufriedenheit."},{"trabajar_en_girbau_features_bottom_icon":"colaboracion","trabajar_en_girbau_features_bottom_title":"Zusammenarbeit","trabajar_en_girbau_features_bottom_content":"Gemeinsam arbeiten wir als ein internes und externes Team mit dem Ziel, Erfahrungen und Wissen in der Community zu teilen und die Bem\u00fchungen der Einzelnen zu summieren, um ein noch besseres Ergebnis zu erzielen."},{"trabajar_en_girbau_features_bottom_icon":"integridad","trabajar_en_girbau_features_bottom_title":"Integrit\u00e4t","trabajar_en_girbau_features_bottom_content":"Wir handeln <!--StartFragment --><span class=\"cf0\">werteorientiert<\/span><!--EndFragment -->, transparent und aufrichtig. Wir tun das Richtige, auch wenn niemand hinsieht.\r\n\r\n&nbsp;"},{"trabajar_en_girbau_features_bottom_icon":"user-centered","trabajar_en_girbau_features_bottom_title":"Menschen im Mittelpunkt","trabajar_en_girbau_features_bottom_content":"Wir gehen stets einf\u00fchlsam vor und respektieren die Personen, ihr Wohlbefinden, ihre Bed\u00fcrfnisse und ihre Diversit\u00e4t \u2013 Kunden ebenso wie Mitarbeiter, Lieferanten oder Partner."},{"trabajar_en_girbau_features_bottom_icon":"pasion","trabajar_en_girbau_features_bottom_title":"Leidenschaft","trabajar_en_girbau_features_bottom_content":"Wir lieben, was wir tun, und arbeiten mit Begeisterung und Energie, um innovative L\u00f6sungen zu schaffen und anzubieten, immer mit dem Wunsch zu lernen und uns zu fragen, warum wir die Dinge so tun, wie wir sie tun."},{"trabajar_en_girbau_features_bottom_icon":"compromiso","trabajar_en_girbau_features_bottom_title":"Engagement","trabajar_en_girbau_features_bottom_content":"Wir sind stolz darauf, zu dieser Community zu geh\u00f6ren und f\u00fchlen uns den gegen\u00fcber den Kunden, dem Unternehmen, den Menschen und der Umwelt verantwortlich. Wir arbeiten hart, um die gesteckten Ziele zu erreichen und \u00fcberwinden alle Hindernisse auf unserem Weg."}],"page_trabajar_en_girbau_json_schema_json_schema":""},"yoast_head":"<!-- This site is optimized with the Yoast SEO Premium plugin v26.8 (Yoast SEO v27.1.1) - https:\/\/yoast.com\/product\/yoast-seo-premium-wordpress\/ -->\n<title>Arbeiten bei Girbau Deutschland | Besch\u00e4ftigung und berufliche Entwicklung<\/title>\n<meta name=\"description\" content=\"Entdecken Sie die Karrierem\u00f6glichkeiten bei Girbau und werden Sie Teil eines Teams, das sich der Innovation in der professionellen W\u00e4scherei widmet.\" \/>\n<meta name=\"robots\" content=\"index, follow, max-snippet:-1, max-image-preview:large, max-video-preview:-1\" \/>\n<link rel=\"canonical\" href=\"https:\/\/www.girbau.com\/de-de\/arbeiten-bei-girbau\/\" \/>\n<meta property=\"og:locale\" content=\"de_DE\" \/>\n<meta property=\"og:type\" content=\"article\" \/>\n<meta property=\"og:title\" content=\"Arbeiten bei Girbau\" \/>\n<meta property=\"og:description\" content=\"Entdecken Sie die Karrierem\u00f6glichkeiten bei Girbau und werden Sie Teil eines Teams, das sich der Innovation in der professionellen W\u00e4scherei widmet.\" \/>\n<meta property=\"og:url\" content=\"https:\/\/www.girbau.com\/de-de\/arbeiten-bei-girbau\/\" \/>\n<meta property=\"og:site_name\" content=\"Girbau DE\" \/>\n<meta property=\"article:modified_time\" content=\"2026-02-19T11:47:54+00:00\" \/>\n<meta name=\"twitter:card\" content=\"summary_large_image\" \/>\n<script type=\"application\/ld+json\" class=\"yoast-schema-graph\">{\"@context\":\"https:\/\/schema.org\",\"@graph\":[{\"@type\":\"WebPage\",\"@id\":\"https:\/\/www.girbau.com\/de-de\/arbeiten-bei-girbau\/\",\"url\":\"https:\/\/www.girbau.com\/de-de\/arbeiten-bei-girbau\/\",\"name\":\"Arbeiten bei Girbau Deutschland | Besch\u00e4ftigung und berufliche Entwicklung\",\"isPartOf\":{\"@id\":\"https:\/\/www.girbau.com\/de-de\/#website\"},\"datePublished\":\"2025-12-04T17:05:33+00:00\",\"dateModified\":\"2026-02-19T11:47:54+00:00\",\"description\":\"Entdecken Sie die Karrierem\u00f6glichkeiten bei Girbau und werden Sie Teil eines Teams, das sich der Innovation in der professionellen W\u00e4scherei widmet.\",\"breadcrumb\":{\"@id\":\"https:\/\/www.girbau.com\/de-de\/arbeiten-bei-girbau\/#breadcrumb\"},\"inLanguage\":\"de\",\"potentialAction\":[{\"@type\":\"ReadAction\",\"target\":[\"https:\/\/www.girbau.com\/de-de\/arbeiten-bei-girbau\/\"]}]},{\"@type\":\"BreadcrumbList\",\"@id\":\"https:\/\/www.girbau.com\/de-de\/arbeiten-bei-girbau\/#breadcrumb\",\"itemListElement\":[{\"@type\":\"ListItem\",\"position\":1,\"name\":\"Home\",\"item\":\"https:\/\/www.girbau.com\/de-de\/\"},{\"@type\":\"ListItem\",\"position\":2,\"name\":\"Arbeiten bei Girbau\"}]},{\"@type\":\"WebSite\",\"@id\":\"https:\/\/www.girbau.com\/de-de\/#website\",\"url\":\"https:\/\/www.girbau.com\/de-de\/\",\"name\":\"Girbau DE\",\"description\":\"\",\"potentialAction\":[{\"@type\":\"SearchAction\",\"target\":{\"@type\":\"EntryPoint\",\"urlTemplate\":\"https:\/\/www.girbau.com\/de-de\/?s={search_term_string}\"},\"query-input\":{\"@type\":\"PropertyValueSpecification\",\"valueRequired\":true,\"valueName\":\"search_term_string\"}}],\"inLanguage\":\"de\"}]}<\/script>\n<!-- \/ Yoast SEO Premium plugin. -->","yoast_head_json":{"title":"Arbeiten bei Girbau Deutschland | Besch\u00e4ftigung und berufliche Entwicklung","description":"Entdecken Sie die Karrierem\u00f6glichkeiten bei Girbau und werden Sie Teil eines Teams, das sich der Innovation in der professionellen W\u00e4scherei widmet.","robots":{"index":"index","follow":"follow","max-snippet":"max-snippet:-1","max-image-preview":"max-image-preview:large","max-video-preview":"max-video-preview:-1"},"canonical":"https:\/\/www.girbau.com\/de-de\/arbeiten-bei-girbau\/","og_locale":"de_DE","og_type":"article","og_title":"Arbeiten bei Girbau","og_description":"Entdecken Sie die Karrierem\u00f6glichkeiten bei Girbau und werden Sie Teil eines Teams, das sich der Innovation in der professionellen W\u00e4scherei widmet.","og_url":"https:\/\/www.girbau.com\/de-de\/arbeiten-bei-girbau\/","og_site_name":"Girbau DE","article_modified_time":"2026-02-19T11:47:54+00:00","twitter_card":"summary_large_image","schema":{"@context":"https:\/\/schema.org","@graph":[{"@type":"WebPage","@id":"https:\/\/www.girbau.com\/de-de\/arbeiten-bei-girbau\/","url":"https:\/\/www.girbau.com\/de-de\/arbeiten-bei-girbau\/","name":"Arbeiten bei Girbau Deutschland | Besch\u00e4ftigung und berufliche Entwicklung","isPartOf":{"@id":"https:\/\/www.girbau.com\/de-de\/#website"},"datePublished":"2025-12-04T17:05:33+00:00","dateModified":"2026-02-19T11:47:54+00:00","description":"Entdecken Sie die Karrierem\u00f6glichkeiten bei Girbau und werden Sie Teil eines Teams, das sich der Innovation in der professionellen W\u00e4scherei widmet.","breadcrumb":{"@id":"https:\/\/www.girbau.com\/de-de\/arbeiten-bei-girbau\/#breadcrumb"},"inLanguage":"de","potentialAction":[{"@type":"ReadAction","target":["https:\/\/www.girbau.com\/de-de\/arbeiten-bei-girbau\/"]}]},{"@type":"BreadcrumbList","@id":"https:\/\/www.girbau.com\/de-de\/arbeiten-bei-girbau\/#breadcrumb","itemListElement":[{"@type":"ListItem","position":1,"name":"Home","item":"https:\/\/www.girbau.com\/de-de\/"},{"@type":"ListItem","position":2,"name":"Arbeiten bei Girbau"}]},{"@type":"WebSite","@id":"https:\/\/www.girbau.com\/de-de\/#website","url":"https:\/\/www.girbau.com\/de-de\/","name":"Girbau DE","description":"","potentialAction":[{"@type":"SearchAction","target":{"@type":"EntryPoint","urlTemplate":"https:\/\/www.girbau.com\/de-de\/?s={search_term_string}"},"query-input":{"@type":"PropertyValueSpecification","valueRequired":true,"valueName":"search_term_string"}}],"inLanguage":"de"}]}},"_links":{"self":[{"href":"https:\/\/www.girbau.com\/de-de\/wp-json\/wp\/v2\/pages\/791","targetHints":{"allow":["GET"]}}],"collection":[{"href":"https:\/\/www.girbau.com\/de-de\/wp-json\/wp\/v2\/pages"}],"about":[{"href":"https:\/\/www.girbau.com\/de-de\/wp-json\/wp\/v2\/types\/page"}],"author":[{"embeddable":true,"href":"https:\/\/www.girbau.com\/de-de\/wp-json\/wp\/v2\/users\/10"}],"replies":[{"embeddable":true,"href":"https:\/\/www.girbau.com\/de-de\/wp-json\/wp\/v2\/comments?post=791"}],"version-history":[{"count":20,"href":"https:\/\/www.girbau.com\/de-de\/wp-json\/wp\/v2\/pages\/791\/revisions"}],"predecessor-version":[{"id":2040,"href":"https:\/\/www.girbau.com\/de-de\/wp-json\/wp\/v2\/pages\/791\/revisions\/2040"}],"acf:post":[{"embeddable":true,"href":"https:\/\/www.girbau.com\/de-de\/wp-json\/wp\/v2\/job_post\/1679"}],"wp:attachment":[{"href":"https:\/\/www.girbau.com\/de-de\/wp-json\/wp\/v2\/media?parent=791"}],"curies":[{"name":"wp","href":"https:\/\/api.w.org\/{rel}","templated":true}]}}