{"id":792,"date":"2025-12-04T18:05:33","date_gmt":"2025-12-04T17:05:33","guid":{"rendered":"https:\/\/www.girbau.com\/de-de\/memorias-de-sostenibilidad\/"},"modified":"2026-04-02T17:12:42","modified_gmt":"2026-04-02T15:12:42","slug":"reporting","status":"publish","type":"page","link":"https:\/\/www.girbau.com\/de-de\/reporting\/","title":{"rendered":"Umweltberichte und -erkl\u00e4rungen"},"content":{"rendered":"","protected":false},"excerpt":{"rendered":"","protected":false},"author":4,"featured_media":0,"parent":0,"menu_order":0,"comment_status":"closed","ping_status":"closed","template":"","meta":{"_acf_changed":false,"footnotes":""},"class_list":["post-792","page","type-page","status-publish","hentry"],"acf":{"page_memorias_sostenibilidad_main_subtitle":"Transparenz, Ma\u00dfnahmen und kontinuierliche Verbesserung f\u00fcr eine nachhaltigere Zukunft","page_memorias_sostenibilidad_main_description":"Bei Girbau verstehen wir Nachhaltigkeit als eine Art zu handeln, nicht nur als eine Art zu informieren.\r\nIn unseren Nachhaltigkeitsberichten und Umwelterkl\u00e4rungen teilen wir auf transparente Weise die Fortschritte, Ergebnisse und Verpflichtungen mit, an denen sich unser verantwortungsvoller Umgang mit den Ressourcen und der Umwelt orientiert.","page_memorias_sostenibilidad_collapsible_enabled":true,"page_memorias_sostenibilidad_collapsible_narrow_container":false,"page_memorias_sostenibilidad_collapsible_narrow_content":false,"page_memorias_sostenibilidad_collapsible_tag":"","page_memorias_sostenibilidad_collapsible_title":"Nachhaltigkeitsberichte","page_memorias_sostenibilidad_collapsible_description":"","page_memorias_sostenibilidad_collapsible_text":"","page_memorias_sostenibilidad_collapsible_items":[{"memorias_sostenibilidad_collapsible_title":"2024","memorias_sostenibilidad_collapsible_content":"","memorias_sostenibilidad_collapsible_cards":[{"memorias_sostenibilidad_collapsible_card_title":"Nachhaltigkeitsberichte 2024","memorias_sostenibilidad_collapsible_card_description":"","memorias_sostenibilidad_collapsible_button_label":"Bericht anzeigen","memorias_sostenibilidad_collapsible_button_action":"file","memorias_sostenibilidad_collapsible_button_url":"","memorias_sostenibilidad_collapsible_button_post":null,"memorias_sostenibilidad_collapsible_button_file":1731,"memorias_sostenibilidad_collapsible_button_modal_url":"","memorias_sostenibilidad_collapsible_button":""},{"memorias_sostenibilidad_collapsible_card_title":"R\u00fcckblickvideo 2024","memorias_sostenibilidad_collapsible_card_description":"","memorias_sostenibilidad_collapsible_button_label":"Video ansehen","memorias_sostenibilidad_collapsible_button_action":"url","memorias_sostenibilidad_collapsible_button_url":"https:\/\/www.youtube.com\/watch?v=4AexWvJceIk","memorias_sostenibilidad_collapsible_button_post":null,"memorias_sostenibilidad_collapsible_button_file":null,"memorias_sostenibilidad_collapsible_button_modal_url":"","memorias_sostenibilidad_collapsible_button":""}]},{"memorias_sostenibilidad_collapsible_title":"2023","memorias_sostenibilidad_collapsible_content":"","memorias_sostenibilidad_collapsible_cards":[{"memorias_sostenibilidad_collapsible_card_title":"Nachhaltigkeitsberichte 2023","memorias_sostenibilidad_collapsible_card_description":"","memorias_sostenibilidad_collapsible_button_label":"Bericht anzeigen","memorias_sostenibilidad_collapsible_button_action":"file","memorias_sostenibilidad_collapsible_button_url":"","memorias_sostenibilidad_collapsible_button_post":null,"memorias_sostenibilidad_collapsible_button_file":1736,"memorias_sostenibilidad_collapsible_button_modal_url":"","memorias_sostenibilidad_collapsible_button":""},{"memorias_sostenibilidad_collapsible_card_title":"R\u00fcckblickvideo 2023","memorias_sostenibilidad_collapsible_card_description":"","memorias_sostenibilidad_collapsible_button_label":"Video ansehen","memorias_sostenibilidad_collapsible_button_action":"url","memorias_sostenibilidad_collapsible_button_url":"https:\/\/www.youtube.com\/watch?v=MmJfwfNPSpw","memorias_sostenibilidad_collapsible_button_post":null,"memorias_sostenibilidad_collapsible_button_file":null,"memorias_sostenibilidad_collapsible_button_modal_url":"","memorias_sostenibilidad_collapsible_button":""}]},{"memorias_sostenibilidad_collapsible_title":"2022","memorias_sostenibilidad_collapsible_content":"","memorias_sostenibilidad_collapsible_cards":[{"memorias_sostenibilidad_collapsible_card_title":"Nachhaltigkeitsberichte 2022","memorias_sostenibilidad_collapsible_card_description":"","memorias_sostenibilidad_collapsible_button_label":"Bericht anzeigen","memorias_sostenibilidad_collapsible_button_action":"file","memorias_sostenibilidad_collapsible_button_url":"","memorias_sostenibilidad_collapsible_button_post":null,"memorias_sostenibilidad_collapsible_button_file":1735,"memorias_sostenibilidad_collapsible_button_modal_url":"","memorias_sostenibilidad_collapsible_button":""}]},{"memorias_sostenibilidad_collapsible_title":"2021","memorias_sostenibilidad_collapsible_content":"","memorias_sostenibilidad_collapsible_cards":[{"memorias_sostenibilidad_collapsible_card_title":"Nachhaltigkeitsbericht 2021","memorias_sostenibilidad_collapsible_card_description":"","memorias_sostenibilidad_collapsible_button_label":"Bericht anzeigen","memorias_sostenibilidad_collapsible_button_action":"file","memorias_sostenibilidad_collapsible_button_url":"","memorias_sostenibilidad_collapsible_button_post":null,"memorias_sostenibilidad_collapsible_button_file":1734,"memorias_sostenibilidad_collapsible_button_modal_url":"","memorias_sostenibilidad_collapsible_button":""}]},{"memorias_sostenibilidad_collapsible_title":"2020","memorias_sostenibilidad_collapsible_content":"","memorias_sostenibilidad_collapsible_cards":[{"memorias_sostenibilidad_collapsible_card_title":"Nachhaltigkeitsbericht 2020","memorias_sostenibilidad_collapsible_card_description":"","memorias_sostenibilidad_collapsible_button_label":"Bericht anzeigen","memorias_sostenibilidad_collapsible_button_action":"file","memorias_sostenibilidad_collapsible_button_url":"","memorias_sostenibilidad_collapsible_button_post":null,"memorias_sostenibilidad_collapsible_button_file":1733,"memorias_sostenibilidad_collapsible_button_modal_url":"","memorias_sostenibilidad_collapsible_button":""}]}],"page_memorias_sostenibilidad_cards_grid_enabled":true,"page_memorias_sostenibilidad_cards_grid_tag":"","page_memorias_sostenibilidad_cards_grid_title":"Echte Ma\u00dfnahmen, die unser Engagement f\u00fcr die Umwelt belegen","page_memorias_sostenibilidad_cards_grid_description":"","page_memorias_sostenibilidad_cards_grid_columns":"3","page_memorias_sostenibilidad_cards_grid_cards":[{"memorias_sostenibilidad_cards_grid_image":1128,"memorias_sostenibilidad_cards_grid_title":"Umwelterkl\u00e4rung","memorias_sostenibilidad_cards_grid_description":"Sie enth\u00e4lt die wichtigsten Kennzahlen unserer Produktionsst\u00e4tten \u2013 Energieverbrauch, Emissionen und Wasser- und Abfallmanagement \u2013, die im Rahmen der EMAS-Verordnung extern gepr\u00fcft werden.","memorias_sostenibilidad_cards_grid_button_label":"Erkl\u00e4rung anzeigen","memorias_sostenibilidad_cards_grid_button_action":"file","memorias_sostenibilidad_cards_grid_button_url":"","memorias_sostenibilidad_cards_grid_button_post":null,"memorias_sostenibilidad_cards_grid_button_file":1626,"memorias_sostenibilidad_cards_grid_button_modal_url":"","memorias_sostenibilidad_cards_grid_button":""},{"memorias_sostenibilidad_cards_grid_image":1129,"memorias_sostenibilidad_cards_grid_title":"Umweltrichtlinie","memorias_sostenibilidad_cards_grid_description":"Darin sind die Grunds\u00e4tze festgelegt, an denen sich unser verantwortungsbewusstes Management orientiert: Einhaltung von Vorschriften, Vermeidung von Umweltverschmutzung und umweltgerechtes Design effizienterer Maschinen.","memorias_sostenibilidad_cards_grid_button_label":"Richtlinie anzeigen","memorias_sostenibilidad_cards_grid_button_action":"file","memorias_sostenibilidad_cards_grid_button_url":"","memorias_sostenibilidad_cards_grid_button_post":null,"memorias_sostenibilidad_cards_grid_button_file":2087,"memorias_sostenibilidad_cards_grid_button_modal_url":"","memorias_sostenibilidad_cards_grid_button":""},{"memorias_sostenibilidad_cards_grid_image":1130,"memorias_sostenibilidad_cards_grid_title":"EMAS-Zertifizierung","memorias_sostenibilidad_cards_grid_description":"Seit 2004 sind wir im europ\u00e4ischen EMAS-Register eingetragen, eine Anerkennung f\u00fcr Transparenz, kontinuierliche Verbesserung und verantwortungsvolles Umweltmanagement.","memorias_sostenibilidad_cards_grid_button_label":"Zertifizierung anzeigen","memorias_sostenibilidad_cards_grid_button_action":"file","memorias_sostenibilidad_cards_grid_button_url":"","memorias_sostenibilidad_cards_grid_button_post":null,"memorias_sostenibilidad_cards_grid_button_file":1624,"memorias_sostenibilidad_cards_grid_button_modal_url":"","memorias_sostenibilidad_cards_grid_button":""}],"page_memorias_sostenibilidad_json_schema_json_schema":""},"yoast_head":"<!-- This site is optimized with the Yoast SEO Premium plugin v26.8 (Yoast SEO v27.1.1) - https:\/\/yoast.com\/product\/yoast-seo-premium-wordpress\/ -->\n<title>Umweltberichte und -erkl\u00e4rungen | Girbau Deutschland<\/title>\n<meta name=\"description\" content=\"Greifen Sie auf Girbau-Nachhaltigkeitsberichte und Umweltdeklarationen zu \u2013 ein Beleg f\u00fcr Transparenz und Verantwortung.\" \/>\n<meta name=\"robots\" content=\"index, follow, max-snippet:-1, max-image-preview:large, max-video-preview:-1\" \/>\n<link rel=\"canonical\" href=\"https:\/\/www.girbau.com\/de-de\/reporting\/\" \/>\n<meta property=\"og:locale\" content=\"de_DE\" \/>\n<meta property=\"og:type\" content=\"article\" \/>\n<meta property=\"og:title\" content=\"Umweltberichte und -erkl\u00e4rungen\" \/>\n<meta property=\"og:description\" content=\"Greifen Sie auf Girbau-Nachhaltigkeitsberichte und Umweltdeklarationen zu \u2013 ein Beleg f\u00fcr Transparenz und Verantwortung.\" \/>\n<meta property=\"og:url\" content=\"https:\/\/www.girbau.com\/de-de\/reporting\/\" \/>\n<meta property=\"og:site_name\" content=\"Girbau DE\" \/>\n<meta property=\"article:modified_time\" content=\"2026-04-02T15:12:42+00:00\" \/>\n<meta name=\"twitter:card\" content=\"summary_large_image\" \/>\n<script type=\"application\/ld+json\" class=\"yoast-schema-graph\">{\"@context\":\"https:\/\/schema.org\",\"@graph\":[{\"@type\":\"WebPage\",\"@id\":\"https:\/\/www.girbau.com\/de-de\/reporting\/\",\"url\":\"https:\/\/www.girbau.com\/de-de\/reporting\/\",\"name\":\"Umweltberichte und -erkl\u00e4rungen | Girbau Deutschland\",\"isPartOf\":{\"@id\":\"https:\/\/www.girbau.com\/de-de\/#website\"},\"datePublished\":\"2025-12-04T17:05:33+00:00\",\"dateModified\":\"2026-04-02T15:12:42+00:00\",\"description\":\"Greifen Sie auf Girbau-Nachhaltigkeitsberichte und Umweltdeklarationen zu \u2013 ein Beleg f\u00fcr Transparenz und Verantwortung.\",\"breadcrumb\":{\"@id\":\"https:\/\/www.girbau.com\/de-de\/reporting\/#breadcrumb\"},\"inLanguage\":\"de\",\"potentialAction\":[{\"@type\":\"ReadAction\",\"target\":[\"https:\/\/www.girbau.com\/de-de\/reporting\/\"]}]},{\"@type\":\"BreadcrumbList\",\"@id\":\"https:\/\/www.girbau.com\/de-de\/reporting\/#breadcrumb\",\"itemListElement\":[{\"@type\":\"ListItem\",\"position\":1,\"name\":\"Home\",\"item\":\"https:\/\/www.girbau.com\/de-de\/\"},{\"@type\":\"ListItem\",\"position\":2,\"name\":\"Umweltberichte und -erkl\u00e4rungen\"}]},{\"@type\":\"WebSite\",\"@id\":\"https:\/\/www.girbau.com\/de-de\/#website\",\"url\":\"https:\/\/www.girbau.com\/de-de\/\",\"name\":\"Girbau DE\",\"description\":\"\",\"potentialAction\":[{\"@type\":\"SearchAction\",\"target\":{\"@type\":\"EntryPoint\",\"urlTemplate\":\"https:\/\/www.girbau.com\/de-de\/?s={search_term_string}\"},\"query-input\":{\"@type\":\"PropertyValueSpecification\",\"valueRequired\":true,\"valueName\":\"search_term_string\"}}],\"inLanguage\":\"de\"}]}<\/script>\n<!-- \/ Yoast SEO Premium plugin. -->","yoast_head_json":{"title":"Umweltberichte und -erkl\u00e4rungen | Girbau Deutschland","description":"Greifen Sie auf Girbau-Nachhaltigkeitsberichte und Umweltdeklarationen zu \u2013 ein Beleg f\u00fcr Transparenz und Verantwortung.","robots":{"index":"index","follow":"follow","max-snippet":"max-snippet:-1","max-image-preview":"max-image-preview:large","max-video-preview":"max-video-preview:-1"},"canonical":"https:\/\/www.girbau.com\/de-de\/reporting\/","og_locale":"de_DE","og_type":"article","og_title":"Umweltberichte und -erkl\u00e4rungen","og_description":"Greifen Sie auf Girbau-Nachhaltigkeitsberichte und Umweltdeklarationen zu \u2013 ein Beleg f\u00fcr Transparenz und Verantwortung.","og_url":"https:\/\/www.girbau.com\/de-de\/reporting\/","og_site_name":"Girbau DE","article_modified_time":"2026-04-02T15:12:42+00:00","twitter_card":"summary_large_image","schema":{"@context":"https:\/\/schema.org","@graph":[{"@type":"WebPage","@id":"https:\/\/www.girbau.com\/de-de\/reporting\/","url":"https:\/\/www.girbau.com\/de-de\/reporting\/","name":"Umweltberichte und -erkl\u00e4rungen | Girbau Deutschland","isPartOf":{"@id":"https:\/\/www.girbau.com\/de-de\/#website"},"datePublished":"2025-12-04T17:05:33+00:00","dateModified":"2026-04-02T15:12:42+00:00","description":"Greifen Sie auf Girbau-Nachhaltigkeitsberichte und Umweltdeklarationen zu \u2013 ein Beleg f\u00fcr Transparenz und Verantwortung.","breadcrumb":{"@id":"https:\/\/www.girbau.com\/de-de\/reporting\/#breadcrumb"},"inLanguage":"de","potentialAction":[{"@type":"ReadAction","target":["https:\/\/www.girbau.com\/de-de\/reporting\/"]}]},{"@type":"BreadcrumbList","@id":"https:\/\/www.girbau.com\/de-de\/reporting\/#breadcrumb","itemListElement":[{"@type":"ListItem","position":1,"name":"Home","item":"https:\/\/www.girbau.com\/de-de\/"},{"@type":"ListItem","position":2,"name":"Umweltberichte und -erkl\u00e4rungen"}]},{"@type":"WebSite","@id":"https:\/\/www.girbau.com\/de-de\/#website","url":"https:\/\/www.girbau.com\/de-de\/","name":"Girbau DE","description":"","potentialAction":[{"@type":"SearchAction","target":{"@type":"EntryPoint","urlTemplate":"https:\/\/www.girbau.com\/de-de\/?s={search_term_string}"},"query-input":{"@type":"PropertyValueSpecification","valueRequired":true,"valueName":"search_term_string"}}],"inLanguage":"de"}]}},"_links":{"self":[{"href":"https:\/\/www.girbau.com\/de-de\/wp-json\/wp\/v2\/pages\/792","targetHints":{"allow":["GET"]}}],"collection":[{"href":"https:\/\/www.girbau.com\/de-de\/wp-json\/wp\/v2\/pages"}],"about":[{"href":"https:\/\/www.girbau.com\/de-de\/wp-json\/wp\/v2\/types\/page"}],"author":[{"embeddable":true,"href":"https:\/\/www.girbau.com\/de-de\/wp-json\/wp\/v2\/users\/4"}],"replies":[{"embeddable":true,"href":"https:\/\/www.girbau.com\/de-de\/wp-json\/wp\/v2\/comments?post=792"}],"version-history":[{"count":15,"href":"https:\/\/www.girbau.com\/de-de\/wp-json\/wp\/v2\/pages\/792\/revisions"}],"predecessor-version":[{"id":2088,"href":"https:\/\/www.girbau.com\/de-de\/wp-json\/wp\/v2\/pages\/792\/revisions\/2088"}],"wp:attachment":[{"href":"https:\/\/www.girbau.com\/de-de\/wp-json\/wp\/v2\/media?parent=792"}],"curies":[{"name":"wp","href":"https:\/\/api.w.org\/{rel}","templated":true}]}}