{"id":794,"date":"2025-12-05T01:45:52","date_gmt":"2025-12-05T00:45:52","guid":{"rendered":"https:\/\/www.girbau.com\/de-de\/guidelines-policies\/"},"modified":"2026-02-19T14:22:55","modified_gmt":"2026-02-19T13:22:55","slug":"leitlinien-und-richtlinien","status":"publish","type":"page","link":"https:\/\/www.girbau.com\/de-de\/leitlinien-und-richtlinien\/","title":{"rendered":"Interne Leitlinien und Richtlinien"},"content":{"rendered":"","protected":false},"excerpt":{"rendered":"","protected":false},"author":10,"featured_media":0,"parent":0,"menu_order":0,"comment_status":"closed","ping_status":"closed","template":"","meta":{"_acf_changed":false,"footnotes":""},"class_list":["post-794","page","type-page","status-publish","hentry"],"acf":{"page_guidelines_policies_main_subtitle":"Reales Engagement f\u00fcr eine ethischere, sicherere und nachhaltigere Zukunft.","page_guidelines_policies_main_description":"","page_guidelines_policies_featured_items_pretitle":"Unsere Richtlinien entdecken","page_guidelines_policies_featured_items_title":"Dies sind die Grundlagen, die unsere Entscheidungen leiten und die Art und Weise bestimmen, wie wir tagt\u00e4glich arbeiten.","page_guidelines_policies_featured_items_description":"","page_guidelines_policies_featured_items_content_items":[{"guidelines_policies_featured_items_title":"Umweltrichtlinie","guidelines_policies_featured_items_content":"Der Schutz der Umwelt steht im Mittelpunkt unseres Handelns. Wir entwickeln effiziente L\u00f6sungen, die den Wasser- und Energieverbrauch optimieren, reduzieren Abf\u00e4lle und f\u00f6rdern nachhaltige Innovationen bei jedem Schritt. Wir arbeiten nach Normen wie ISO 14001 und EMAS, aber unser eigentliches Ziel geht dar\u00fcber hinaus: Wir m\u00f6chten eine positive und dauerhafte Auswirkung auf die Menschen und die Umwelt haben.","guidelines_policies_featured_items_image":991,"guidelines_policies_featured_items_image_position":"left","guidelines_policies_featured_items_button_label":"Unsere Umweltrichtlinie lesen","guidelines_policies_featured_items_button_action":"file","guidelines_policies_featured_items_button_url":"","guidelines_policies_featured_items_button_post":null,"guidelines_policies_featured_items_button_file":1625,"guidelines_policies_featured_items_button_modal_url":"","guidelines_policies_featured_items_button":""},{"guidelines_policies_featured_items_title":"Qualit\u00e4tsrichtlinie","guidelines_policies_featured_items_content":"Qualit\u00e4t misst sich nicht nur an den Ergebnissen, sondern auch an dem Vertrauen, das wir schaffen. Wir bei Girbau verpflichten uns zu kontinuierlicher Verbesserung und verantwortungsbewusster Innovation, um zu gew\u00e4hrleisten, dass jedes Produkt den h\u00f6chsten technischen und \u00f6kologischen Standards entspricht. Wir verpflichten uns, L\u00f6sungen zu liefern, die lange halten, die funktionieren und die denjenigen, die sie nutzen, einen echten Nutzen bringen.","guidelines_policies_featured_items_image":993,"guidelines_policies_featured_items_image_position":"right","guidelines_policies_featured_items_button_label":"Unsere Qualit\u00e4tsrichtlinie lesen","guidelines_policies_featured_items_button_action":"file","guidelines_policies_featured_items_button_url":"","guidelines_policies_featured_items_button_post":null,"guidelines_policies_featured_items_button_file":1629,"guidelines_policies_featured_items_button_modal_url":"","guidelines_policies_featured_items_button":""},{"guidelines_policies_featured_items_title":"Sicherheits- und Gesundheitsrichtlinie","guidelines_policies_featured_items_content":"Die Menschen sind die treibende Kraft bei Girbau. Deshalb f\u00f6rdern wir eine Pr\u00e4ventivkultur, in der Sicherheit geteilt, gelernt und t\u00e4glich gelebt wird. Wir schaffen sichere, gesunde und sich st\u00e4ndig verbessernde Arbeitsumgebungen, wobei wir stets die Vorschriften einhalten und das Wohlbefinden der Mitarbeiter an erste Stelle setzen.","guidelines_policies_featured_items_image":992,"guidelines_policies_featured_items_image_position":"left","guidelines_policies_featured_items_button_label":"Unsere Sicherheitsrichtlinie lesen","guidelines_policies_featured_items_button_action":"file","guidelines_policies_featured_items_button_url":"","guidelines_policies_featured_items_button_post":null,"guidelines_policies_featured_items_button_file":1630,"guidelines_policies_featured_items_button_modal_url":"","guidelines_policies_featured_items_button":""}],"page_guidelines_policies_cards_grid_enabled":true,"page_guidelines_policies_cards_grid_tag":"","page_guidelines_policies_cards_grid_title":"Mechanismen und Grunds\u00e4tze, die ein integres, verantwortungsvolles und unseren Werten entsprechendes Management gew\u00e4hrleisten.","page_guidelines_policies_cards_grid_description":"","page_guidelines_policies_cards_grid_columns":"3","page_guidelines_policies_cards_grid_cards":[{"guidelines_policies_cards_grid_image":989,"guidelines_policies_cards_grid_title":"Whistleblowing-Kanal","guidelines_policies_cards_grid_description":"Zuh\u00f6ren ist ebenfalls eine Form der F\u00fcrsorge. Unser Whistleblowing-Kanal steht allen zur Verf\u00fcgung, die zu Girbau geh\u00f6ren oder mit Girbau zu tun haben. Es ist ein vertraulicher und sicherer Bereich, in dem Sie \u2013 auf Wunsch auch anonym \u2013 Verhaltensweisen melden k\u00f6nnen, die gegen unseren Ethik-Kodex oder die geltenden Rechtsvorschriften versto\u00dfen.","guidelines_policies_cards_grid_button_label":"Den Kanal kennen lernen und nutzen","guidelines_policies_cards_grid_button_action":"url","guidelines_policies_cards_grid_button_url":"https:\/\/girbau.ulisesgrc.net\/#\/channels\/girbau\/DE_DE","guidelines_policies_cards_grid_button_post":null,"guidelines_policies_cards_grid_button_file":null,"guidelines_policies_cards_grid_button_modal_url":"","guidelines_policies_cards_grid_button":""},{"guidelines_policies_cards_grid_image":988,"guidelines_policies_cards_grid_title":"Ethik-Kodex","guidelines_policies_cards_grid_description":"Unser Ethik-Kodex ist nicht nur ein Dokument: Er ist der Kompass, der jede Entscheidung leitet. Er bestimmt, wie wir arbeiten, wie wir miteinander umgehen und wie wir zu einer gerechten und verantwortungsvollen Umwelt beitragen. Er handelt von Integrit\u00e4t, Respekt, Transparenz und Engagement. Werte, \u00fcber die wir nicht nur schreiben, sondern die wir auch praktizieren.","guidelines_policies_cards_grid_button_label":"Den vollst\u00e4ndigen Ethik-Kodex lesen","guidelines_policies_cards_grid_button_action":"file","guidelines_policies_cards_grid_button_url":"","guidelines_policies_cards_grid_button_post":null,"guidelines_policies_cards_grid_button_file":1631,"guidelines_policies_cards_grid_button_modal_url":"","guidelines_policies_cards_grid_button":""}],"page_guidelines_policies_json_schema_json_schema":""},"yoast_head":"<!-- This site is optimized with the Yoast SEO Premium plugin v26.8 (Yoast SEO v27.1.1) - https:\/\/yoast.com\/product\/yoast-seo-premium-wordpress\/ -->\n<title>Leitlinien und Richtlinien | Girbau Deutschland<\/title>\n<meta name=\"description\" content=\"Girbau Deutschland bietet klare Richtlinien und Leitlinien f\u00fcr transparente, verantwortungsvolle und regelkonforme Gesch\u00e4ftsprozesse.\" \/>\n<meta name=\"robots\" content=\"index, follow, max-snippet:-1, max-image-preview:large, max-video-preview:-1\" \/>\n<link rel=\"canonical\" href=\"https:\/\/www.girbau.com\/de-de\/leitlinien-und-richtlinien\/\" \/>\n<meta property=\"og:locale\" content=\"de_DE\" \/>\n<meta property=\"og:type\" content=\"article\" \/>\n<meta property=\"og:title\" content=\"Interne Leitlinien und Richtlinien\" \/>\n<meta property=\"og:description\" content=\"Girbau Deutschland bietet klare Richtlinien und Leitlinien f\u00fcr transparente, verantwortungsvolle und regelkonforme Gesch\u00e4ftsprozesse.\" \/>\n<meta property=\"og:url\" content=\"https:\/\/www.girbau.com\/de-de\/leitlinien-und-richtlinien\/\" \/>\n<meta property=\"og:site_name\" content=\"Girbau DE\" \/>\n<meta property=\"article:modified_time\" content=\"2026-02-19T13:22:55+00:00\" \/>\n<meta name=\"twitter:card\" content=\"summary_large_image\" \/>\n<script type=\"application\/ld+json\" class=\"yoast-schema-graph\">{\"@context\":\"https:\/\/schema.org\",\"@graph\":[{\"@type\":\"WebPage\",\"@id\":\"https:\/\/www.girbau.com\/de-de\/leitlinien-und-richtlinien\/\",\"url\":\"https:\/\/www.girbau.com\/de-de\/leitlinien-und-richtlinien\/\",\"name\":\"Leitlinien und Richtlinien | Girbau Deutschland\",\"isPartOf\":{\"@id\":\"https:\/\/www.girbau.com\/de-de\/#website\"},\"datePublished\":\"2025-12-05T00:45:52+00:00\",\"dateModified\":\"2026-02-19T13:22:55+00:00\",\"description\":\"Girbau Deutschland bietet klare Richtlinien und Leitlinien f\u00fcr transparente, verantwortungsvolle und regelkonforme Gesch\u00e4ftsprozesse.\",\"breadcrumb\":{\"@id\":\"https:\/\/www.girbau.com\/de-de\/leitlinien-und-richtlinien\/#breadcrumb\"},\"inLanguage\":\"de\",\"potentialAction\":[{\"@type\":\"ReadAction\",\"target\":[\"https:\/\/www.girbau.com\/de-de\/leitlinien-und-richtlinien\/\"]}]},{\"@type\":\"BreadcrumbList\",\"@id\":\"https:\/\/www.girbau.com\/de-de\/leitlinien-und-richtlinien\/#breadcrumb\",\"itemListElement\":[{\"@type\":\"ListItem\",\"position\":1,\"name\":\"Home\",\"item\":\"https:\/\/www.girbau.com\/de-de\/\"},{\"@type\":\"ListItem\",\"position\":2,\"name\":\"Interne Leitlinien und Richtlinien\"}]},{\"@type\":\"WebSite\",\"@id\":\"https:\/\/www.girbau.com\/de-de\/#website\",\"url\":\"https:\/\/www.girbau.com\/de-de\/\",\"name\":\"Girbau DE\",\"description\":\"\",\"potentialAction\":[{\"@type\":\"SearchAction\",\"target\":{\"@type\":\"EntryPoint\",\"urlTemplate\":\"https:\/\/www.girbau.com\/de-de\/?s={search_term_string}\"},\"query-input\":{\"@type\":\"PropertyValueSpecification\",\"valueRequired\":true,\"valueName\":\"search_term_string\"}}],\"inLanguage\":\"de\"}]}<\/script>\n<!-- \/ Yoast SEO Premium plugin. -->","yoast_head_json":{"title":"Leitlinien und Richtlinien | Girbau Deutschland","description":"Girbau Deutschland bietet klare Richtlinien und Leitlinien f\u00fcr transparente, verantwortungsvolle und regelkonforme Gesch\u00e4ftsprozesse.","robots":{"index":"index","follow":"follow","max-snippet":"max-snippet:-1","max-image-preview":"max-image-preview:large","max-video-preview":"max-video-preview:-1"},"canonical":"https:\/\/www.girbau.com\/de-de\/leitlinien-und-richtlinien\/","og_locale":"de_DE","og_type":"article","og_title":"Interne Leitlinien und Richtlinien","og_description":"Girbau Deutschland bietet klare Richtlinien und Leitlinien f\u00fcr transparente, verantwortungsvolle und regelkonforme Gesch\u00e4ftsprozesse.","og_url":"https:\/\/www.girbau.com\/de-de\/leitlinien-und-richtlinien\/","og_site_name":"Girbau DE","article_modified_time":"2026-02-19T13:22:55+00:00","twitter_card":"summary_large_image","schema":{"@context":"https:\/\/schema.org","@graph":[{"@type":"WebPage","@id":"https:\/\/www.girbau.com\/de-de\/leitlinien-und-richtlinien\/","url":"https:\/\/www.girbau.com\/de-de\/leitlinien-und-richtlinien\/","name":"Leitlinien und Richtlinien | Girbau Deutschland","isPartOf":{"@id":"https:\/\/www.girbau.com\/de-de\/#website"},"datePublished":"2025-12-05T00:45:52+00:00","dateModified":"2026-02-19T13:22:55+00:00","description":"Girbau Deutschland bietet klare Richtlinien und Leitlinien f\u00fcr transparente, verantwortungsvolle und regelkonforme Gesch\u00e4ftsprozesse.","breadcrumb":{"@id":"https:\/\/www.girbau.com\/de-de\/leitlinien-und-richtlinien\/#breadcrumb"},"inLanguage":"de","potentialAction":[{"@type":"ReadAction","target":["https:\/\/www.girbau.com\/de-de\/leitlinien-und-richtlinien\/"]}]},{"@type":"BreadcrumbList","@id":"https:\/\/www.girbau.com\/de-de\/leitlinien-und-richtlinien\/#breadcrumb","itemListElement":[{"@type":"ListItem","position":1,"name":"Home","item":"https:\/\/www.girbau.com\/de-de\/"},{"@type":"ListItem","position":2,"name":"Interne Leitlinien und Richtlinien"}]},{"@type":"WebSite","@id":"https:\/\/www.girbau.com\/de-de\/#website","url":"https:\/\/www.girbau.com\/de-de\/","name":"Girbau DE","description":"","potentialAction":[{"@type":"SearchAction","target":{"@type":"EntryPoint","urlTemplate":"https:\/\/www.girbau.com\/de-de\/?s={search_term_string}"},"query-input":{"@type":"PropertyValueSpecification","valueRequired":true,"valueName":"search_term_string"}}],"inLanguage":"de"}]}},"_links":{"self":[{"href":"https:\/\/www.girbau.com\/de-de\/wp-json\/wp\/v2\/pages\/794","targetHints":{"allow":["GET"]}}],"collection":[{"href":"https:\/\/www.girbau.com\/de-de\/wp-json\/wp\/v2\/pages"}],"about":[{"href":"https:\/\/www.girbau.com\/de-de\/wp-json\/wp\/v2\/types\/page"}],"author":[{"embeddable":true,"href":"https:\/\/www.girbau.com\/de-de\/wp-json\/wp\/v2\/users\/10"}],"replies":[{"embeddable":true,"href":"https:\/\/www.girbau.com\/de-de\/wp-json\/wp\/v2\/comments?post=794"}],"version-history":[{"count":13,"href":"https:\/\/www.girbau.com\/de-de\/wp-json\/wp\/v2\/pages\/794\/revisions"}],"predecessor-version":[{"id":2051,"href":"https:\/\/www.girbau.com\/de-de\/wp-json\/wp\/v2\/pages\/794\/revisions\/2051"}],"wp:attachment":[{"href":"https:\/\/www.girbau.com\/de-de\/wp-json\/wp\/v2\/media?parent=794"}],"curies":[{"name":"wp","href":"https:\/\/api.w.org\/{rel}","templated":true}]}}