{"id":1086,"date":"2025-12-05T16:46:33","date_gmt":"2025-12-05T15:46:33","guid":{"rendered":"https:\/\/www.girbau.com\/es-ca\/soporte\/"},"modified":"2026-02-03T14:52:24","modified_gmt":"2026-02-03T13:52:24","slug":"suport","status":"publish","type":"page","link":"https:\/\/www.girbau.com\/es-ca\/suport\/","title":{"rendered":"El teu suport Girbau, sempre a prop"},"content":{"rendered":"","protected":false},"excerpt":{"rendered":"","protected":false},"author":10,"featured_media":0,"parent":0,"menu_order":0,"comment_status":"closed","ping_status":"closed","template":"","meta":{"_acf_changed":false,"footnotes":""},"class_list":["post-1086","page","type-page","status-publish","hentry"],"acf":{"page_soporte_main_subtitle":"Contacta'ns per a rebre suport t\u00e8cnic, assessorament comercial o informaci\u00f3 sobre els nostres productes i serveis","page_soporte_main_background":1648,"page_soporte_main_background_video_small":"https:\/\/www.girbau.com\/es-ca\/wp-content\/uploads\/sites\/5\/2025\/12\/girbau-customer-support-services-banner-480.webm","page_soporte_main_background_video_medium":"https:\/\/www.girbau.com\/es-ca\/wp-content\/uploads\/sites\/5\/2025\/12\/girbau-customer-support-services-banner-900.webm","page_soporte_main_background_video_large":"https:\/\/www.girbau.com\/es-ca\/wp-content\/uploads\/sites\/5\/2025\/12\/girbau-customer-support-services-banner-1400.webm","page_soporte_main_background_video_extra_large":"https:\/\/www.girbau.com\/es-ca\/wp-content\/uploads\/sites\/5\/2025\/12\/girbau-customer-support-services-banner-1920.webm","page_soporte_help_enabled":true,"page_soporte_help_section_tag":"Necessites suport?","page_soporte_help_section_title":"Sempre disponibles per a ajudar-te","page_soporte_help_section_description":"El nostre servei comercial i t\u00e8cnic est\u00e0 al teu costat per a resoldre dubtes, facilitar-te recanvis i assegurar el m\u00e0xim rendiment dels teus equips Girbau.\r\n","page_soporte_help_alert_icon":"info-circle","page_soporte_help_alert_title":"Servei t\u00e8cnic i suport global al teu abast","page_soporte_help_alert_description":"+34 938 861 100 | <a href=\"mailto:girbau@girbau.com\">girbau@girbau.com<\/a>","page_soporte_help_numeric_cards_cards":[{"soporte_help_image":1253,"soporte_help_title":"Suport comercial","soporte_help_description":"La soluci\u00f3 Girbau que el teu negoci necessita.\r\n","soporte_help_url":{"title":"Suport Comercial","url":"https:\/\/www.girbau.com\/es-ca\/soporte\/suport-comercial\/","target":""}},{"soporte_help_image":1252,"soporte_help_title":"Suport t\u00e8cnic","soporte_help_description":"Servei t\u00e8cnic oficial sempre al teu costat.\r\n","soporte_help_url":{"title":"Suport T\u00e8cnic","url":"https:\/\/www.girbau.com\/es-ca\/soporte\/suport-tecnic\/","target":""}},{"soporte_help_image":1251,"soporte_help_title":"Consultas de premsa","soporte_help_description":"Atenci\u00f3 directa per a mitjans i premsa.","soporte_help_url":{"title":"Consultes de Premsa","url":"https:\/\/www.girbau.com\/es-ca\/soporte\/consultes-premsa\/","target":""}}],"page_soporte_locations_enabled":true,"page_soporte_locations_section_title":"Sempre prop de la teva bugaderia","page_soporte_locations_section_description":"Amb pres\u00e8ncia global i servei t\u00e8cnic local, trobes suport Girbau on ho necessitis.\r\n","page_soporte_documentation_enabled":true,"page_soporte_documentation_tag":"Les nostres plataformes","page_soporte_documentation_title":"Recursos al teu abast","page_soporte_documentation_description":"Accedeix a documentaci\u00f3, suport t\u00e8cnic, recanvis i equips Girbau en un sol clic.\r\n","page_soporte_documentation_columns":"3","page_soporte_documentation_cards":[{"soporte_documentation_image":1254,"soporte_documentation_title":"Horizon","soporte_documentation_description":"Amb Horizon, compra recanvis i equips comercials de Girbau, consulta l'estat de les teves comandes i segueix els teus enviaments f\u00e0cilment, tot des d'un \u00fanic espai en l\u00ednia.\r\n","soporte_documentation_button_label":"Descobreix Horizon","soporte_documentation_button_action":"url","soporte_documentation_button_url":"https:\/\/horizon.girbau.com\/","soporte_documentation_button_post":"","soporte_documentation_button_file":"","soporte_documentation_button_modal_url":"","soporte_documentation_button":""},{"soporte_documentation_image":1255,"soporte_documentation_title":"MyGirbau","soporte_documentation_description":"Registra la teva m\u00e0quina Girbau per a accedir a manuals, documentaci\u00f3 t\u00e8cnica, serveis en l\u00ednia i consultar i\/o ampliar la teva garantia.\r\n","soporte_documentation_button_label":"Descobreix MyGirbau","soporte_documentation_button_action":"url","soporte_documentation_button_url":"https:\/\/my.girbau.com\/","soporte_documentation_button_post":"","soporte_documentation_button_file":"","soporte_documentation_button_modal_url":"","soporte_documentation_button":""}],"page_soporte_faqs_enabled":true,"page_soporte_faqs_narrow_container":false,"page_soporte_faqs_narrow_content":false,"page_soporte_faqs_tag":"FAQs","page_soporte_faqs_title":"Resolem els teus dubtes sobre el suport de Girbau","page_soporte_faqs_description":"","page_soporte_faqs_text":"","page_soporte_faqs_items":[{"soporte_faqs_title":"Quin tipus de suport ofereix Girbau?","soporte_faqs_content":"Girbau\u00a0t'acompanya en cada pas del teu negoci amb suport comercial i t\u00e8cnic pr\u00f2xim. El nostre equip, juntament amb una xarxa global de filials i distribu\u00efdors locals, t'assessora en l'elecci\u00f3 d'equips, disseny d'instal\u00b7lacions i manteniment de les teves solucions de bugaderia. Sempre a prop, sempre disponibles."},{"soporte_faqs_title":"Com puc contactar amb l'equip de suport o sol\u00b7licitar assist\u00e8ncia?","soporte_faqs_content":"Pots contactar amb nosaltres f\u00e0cilment a trav\u00e9s del <a href=\"https:\/\/www.girbau.com\/es-ca\/soporte\/suport-tecnic\/\">formulari web<\/a>, per tel\u00e8fon o mitjan\u00e7ant el teu distribu\u00efdor local autoritzat.\r\nA m\u00e9s, des de les nostres plataformes\u00a0Horizon\u00a0i\u00a0MyGirbau\u00a0tens acc\u00e9s a manuals, documentaci\u00f3 t\u00e8cnica i garanties per als teus equips."},{"soporte_faqs_title":"Qu\u00e8 \u00e9s Horizon?","soporte_faqs_content":"Horizon\u00a0\u00e9s la plataforma en l\u00ednia de\u00a0Girbau\u00a0que centralitza tot el que la teva bugaderia necessita: des de la compra de recanvis i equips fins al seguiment de comandes i enviaments en temps real. A m\u00e9s, et permet gestionar les teves operacions de forma m\u00e9s eficient des d'un \u00fanic espai connectat."},{"soporte_faqs_title":"Qu\u00e8 \u00e9s MyGirbau?","soporte_faqs_content":"MyGirbau\u00a0\u00e9s el teu portal de client: un espai on trobes manuals, documentaci\u00f3 t\u00e8cnica, serveis en l\u00ednia i consultar o ampliar la teva garantia."},{"soporte_faqs_title":"Puc trobar servei t\u00e8cnic Girbau al meu pa\u00eds o regi\u00f3?","soporte_faqs_content":"S\u00ed. Som presents en m\u00e9s de 140 pa\u00efsos a trav\u00e9s de filials i distribu\u00efdors autoritzats. Des del nostre cercador pots localitzar el servei t\u00e8cnic m\u00e9s pr\u00f2xim."},{"soporte_faqs_title":"On puc comprar maquin\u00e0ria Girbau?","soporte_faqs_content":"Pots fer-ho directament a trav\u00e9s de les nostres filials o distribu\u00efdors oficials. T'oferim assessorament complet, des de l'elecci\u00f3 de l'equip fins a la posada en marxa."},{"soporte_faqs_title":"Quina garantia tenen les m\u00e0quines Girbau?","soporte_faqs_content":"Totes les nostres m\u00e0quines comercials compten amb garantia oficial. Per a activar-la i gaudir de tots els seus avantatges, \u00e9s important registrar el teu equip en\u00a0MyGirbau. Les condicions espec\u00edfiques de la garantia poden variar segons el model i la regi\u00f3, per\u00f2 sempre comptes amb el suport del servei t\u00e8cnic\u00a0Girbau."},{"soporte_faqs_title":"Girbau disposa de recanvis originals?","soporte_faqs_content":"S\u00ed.\u00a0Girbau\u00a0ofereix recanvis i peces originals per a tots els seus equips. Pots comprar-los directament a trav\u00e9s de\u00a0Horizon, la plataforma en l\u00ednia de\u00a0Girbau, de manera r\u00e0pida i segura."}],"page_soporte_json_schema_json_schema":"[\r\n  {\r\n    \"@context\": \"https:\/\/schema.org\",\r\n    \"@type\": \"Organization\",\r\n    \"@id\": \"https:\/\/girbau.com\/es-ca\/#organization\",\r\n    \"name\": \"Girbau\",\r\n    \"url\": \"https:\/\/girbau.com\/es-ca\/\",\r\n    \"logo\": \"https:\/\/www.girbau.com\/es-es\/wp-content\/uploads\/sites\/4\/2025\/12\/cropped-favicon.png\",\r\n    \"description\": \"Girbau \u00e9s un fabricant de solucions de bugaderia professional per a sectors com l\u2019hostaleria, la sanitat, la ind\u00fastria, les resid\u00e8ncies i els serveis comercials.\",\r\n    \"contactPoint\": [\r\n      {\r\n        \"@type\": \"ContactPoint\",\r\n        \"contactType\": \"atenci\u00f3 al client\",\r\n        \"availableLanguage\": [\"ca\"]\r\n      }\r\n    ]\r\n  },\r\n  {\r\n    \"@context\": \"https:\/\/schema.org\",\r\n    \"@type\": \"FAQPage\",\r\n    \"@id\": \"https:\/\/girbau.com\/es-ca\/suport\/#faq\",\r\n    \"mainEntity\": [\r\n      {\r\n        \"@type\": \"Question\",\r\n        \"name\": \"Quin tipus de suport ofereix Girbau?\",\r\n        \"acceptedAnswer\": {\r\n          \"@type\": \"Answer\",\r\n          \"text\": \"Girbau t\u2019acompanya en cada pas del teu negoci amb suport comercial i t\u00e8cnic pr\u00f2xim. El nostre equip, juntament amb una xarxa global de filials i distribu\u00efdors locals, t\u2019assessora en l\u2019elecci\u00f3 d\u2019equips, disseny d\u2019instal\u00b7lacions i manteniment de les teves solucions de bugaderia. Sempre a prop, sempre disponibles.\"\r\n        }\r\n      },\r\n      {\r\n        \"@type\": \"Question\",\r\n        \"name\": \"Com puc contactar amb l'equip de suport o sol\u00b7licitar assist\u00e8ncia?\",\r\n        \"acceptedAnswer\": {\r\n          \"@type\": \"Answer\",\r\n          \"text\": \"Pots contactar amb nosaltres f\u00e0cilment a trav\u00e9s del formulari web, per tel\u00e8fon o mitjan\u00e7ant el teu distribu\u00efdor local autoritzat. A m\u00e9s, des de les nostres plataformes Horizon i MyGirbau tens acc\u00e9s a manuals, documentaci\u00f3 t\u00e8cnica i garanties per als teus equips.\"\r\n        }\r\n      },\r\n      {\r\n        \"@type\": \"Question\",\r\n        \"name\": \"Qu\u00e8 \u00e9s Horizon?\",\r\n        \"acceptedAnswer\": {\r\n          \"@type\": \"Answer\",\r\n          \"text\": \"Horizon \u00e9s la plataforma en l\u00ednia de Girbau que centralitza tot el que la teva bugaderia necessita: des de la compra de recanvis i equips fins al seguiment de comandes i enviaments en temps real. A m\u00e9s, et permet gestionar les teves operacions de forma m\u00e9s eficient des d\u2019un \u00fanic espai connectat.\"\r\n        }\r\n      },\r\n      {\r\n        \"@type\": \"Question\",\r\n        \"name\": \"Qu\u00e8 \u00e9s MyGirbau?\",\r\n        \"acceptedAnswer\": {\r\n          \"@type\": \"Answer\",\r\n          \"text\": \"MyGirbau \u00e9s el teu portal de client: un espai on trobes manuals, documentaci\u00f3 t\u00e8cnica, serveis en l\u00ednia i consultar o ampliar la teva garantia.\"\r\n        }\r\n      },\r\n      {\r\n        \"@type\": \"Question\",\r\n        \"name\": \"Puc trobar servei t\u00e8cnic Girbau al meu pa\u00eds o regi\u00f3?\",\r\n        \"acceptedAnswer\": {\r\n          \"@type\": \"Answer\",\r\n          \"text\": \"S\u00ed. Som presents en m\u00e9s de 140 pa\u00efsos a trav\u00e9s de filials i distribu\u00efdors autoritzats. Des del nostre cercador pots localitzar el servei t\u00e8cnic m\u00e9s pr\u00f2xim.\"\r\n        }\r\n      },\r\n      {\r\n        \"@type\": \"Question\",\r\n        \"name\": \"On puc comprar maquin\u00e0ria Girbau?\",\r\n        \"acceptedAnswer\": {\r\n          \"@type\": \"Answer\",\r\n          \"text\": \"Pots fer-ho directament a trav\u00e9s de les nostres filials o distribu\u00efdors oficials. T\u2019oferim assessorament complet, des de l\u2019elecci\u00f3 de l\u2019equip fins a la posada en marxa.\"\r\n        }\r\n      },\r\n      {\r\n        \"@type\": \"Question\",\r\n        \"name\": \"Quina garantia tenen les m\u00e0quines Girbau?\",\r\n        \"acceptedAnswer\": {\r\n          \"@type\": \"Answer\",\r\n          \"text\": \"Totes les nostres m\u00e0quines comercials compten amb garantia oficial. Per a activar-la i gaudir de tots els seus avantatges, \u00e9s important registrar el teu equip en MyGirbau. Les condicions espec\u00edfiques de la garantia poden variar segons el model i la regi\u00f3, per\u00f2 sempre comptes amb el suport del servei t\u00e8cnic Girbau.\"\r\n        }\r\n      },\r\n      {\r\n        \"@type\": \"Question\",\r\n        \"name\": \"Girbau disposa de recanvis originals?\",\r\n        \"acceptedAnswer\": {\r\n          \"@type\": \"Answer\",\r\n          \"text\": \"S\u00ed. Girbau ofereix recanvis i peces originals per a tots els seus equips. Pots comprar-los directament a trav\u00e9s de Horizon, la plataforma en l\u00ednia de Girbau, de manera r\u00e0pida i segura.\"\r\n        }\r\n      }\r\n    ]\r\n  }\r\n]\r\n"},"yoast_head":"<!-- This site is optimized with the Yoast SEO Premium plugin v26.8 (Yoast SEO v27.1.1) - https:\/\/yoast.com\/product\/yoast-seo-premium-wordpress\/ -->\n<title>Suport per a bugaderies industrials i comercials | Girbau<\/title>\n<meta name=\"description\" content=\"Accedeix al suport t\u00e8cnic i comercial de Girbau. Troba assist\u00e8ncia experta per a la teva bugaderia professional o autoservei.\" \/>\n<meta name=\"robots\" content=\"index, follow, max-snippet:-1, max-image-preview:large, max-video-preview:-1\" \/>\n<link rel=\"canonical\" href=\"https:\/\/www.girbau.com\/es-ca\/suport\/\" \/>\n<meta property=\"og:locale\" content=\"ca_ES\" \/>\n<meta property=\"og:type\" content=\"article\" \/>\n<meta property=\"og:title\" content=\"El teu suport Girbau, sempre a prop\" \/>\n<meta property=\"og:description\" content=\"Accedeix al suport t\u00e8cnic i comercial de Girbau. Troba assist\u00e8ncia experta per a la teva bugaderia professional o autoservei.\" \/>\n<meta property=\"og:url\" content=\"https:\/\/www.girbau.com\/es-ca\/suport\/\" \/>\n<meta property=\"og:site_name\" content=\"Girbau CA\" \/>\n<meta property=\"article:modified_time\" content=\"2026-02-03T13:52:24+00:00\" \/>\n<meta name=\"twitter:card\" content=\"summary_large_image\" \/>\n<script type=\"application\/ld+json\" class=\"yoast-schema-graph\">{\"@context\":\"https:\/\/schema.org\",\"@graph\":[{\"@type\":\"WebPage\",\"@id\":\"https:\/\/www.girbau.com\/es-ca\/suport\/\",\"url\":\"https:\/\/www.girbau.com\/es-ca\/suport\/\",\"name\":\"Suport per a bugaderies industrials i comercials | Girbau\",\"isPartOf\":{\"@id\":\"https:\/\/www.girbau.com\/es-ca\/#website\"},\"datePublished\":\"2025-12-05T15:46:33+00:00\",\"dateModified\":\"2026-02-03T13:52:24+00:00\",\"description\":\"Accedeix al suport t\u00e8cnic i comercial de Girbau. Troba assist\u00e8ncia experta per a la teva bugaderia professional o autoservei.\",\"breadcrumb\":{\"@id\":\"https:\/\/www.girbau.com\/es-ca\/suport\/#breadcrumb\"},\"inLanguage\":\"ca\",\"potentialAction\":[{\"@type\":\"ReadAction\",\"target\":[\"https:\/\/www.girbau.com\/es-ca\/suport\/\"]}]},{\"@type\":\"BreadcrumbList\",\"@id\":\"https:\/\/www.girbau.com\/es-ca\/suport\/#breadcrumb\",\"itemListElement\":[{\"@type\":\"ListItem\",\"position\":1,\"name\":\"Home\",\"item\":\"https:\/\/www.girbau.com\/es-ca\/\"},{\"@type\":\"ListItem\",\"position\":2,\"name\":\"El teu suport Girbau, sempre a prop\"}]},{\"@type\":\"WebSite\",\"@id\":\"https:\/\/www.girbau.com\/es-ca\/#website\",\"url\":\"https:\/\/www.girbau.com\/es-ca\/\",\"name\":\"Girbau CA\",\"description\":\"\",\"potentialAction\":[{\"@type\":\"SearchAction\",\"target\":{\"@type\":\"EntryPoint\",\"urlTemplate\":\"https:\/\/www.girbau.com\/es-ca\/?s={search_term_string}\"},\"query-input\":{\"@type\":\"PropertyValueSpecification\",\"valueRequired\":true,\"valueName\":\"search_term_string\"}}],\"inLanguage\":\"ca\"}]}<\/script>\n<!-- \/ Yoast SEO Premium plugin. -->","yoast_head_json":{"title":"Suport per a bugaderies industrials i comercials | Girbau","description":"Accedeix al suport t\u00e8cnic i comercial de Girbau. Troba assist\u00e8ncia experta per a la teva bugaderia professional o autoservei.","robots":{"index":"index","follow":"follow","max-snippet":"max-snippet:-1","max-image-preview":"max-image-preview:large","max-video-preview":"max-video-preview:-1"},"canonical":"https:\/\/www.girbau.com\/es-ca\/suport\/","og_locale":"ca_ES","og_type":"article","og_title":"El teu suport Girbau, sempre a prop","og_description":"Accedeix al suport t\u00e8cnic i comercial de Girbau. Troba assist\u00e8ncia experta per a la teva bugaderia professional o autoservei.","og_url":"https:\/\/www.girbau.com\/es-ca\/suport\/","og_site_name":"Girbau CA","article_modified_time":"2026-02-03T13:52:24+00:00","twitter_card":"summary_large_image","schema":{"@context":"https:\/\/schema.org","@graph":[{"@type":"WebPage","@id":"https:\/\/www.girbau.com\/es-ca\/suport\/","url":"https:\/\/www.girbau.com\/es-ca\/suport\/","name":"Suport per a bugaderies industrials i comercials | Girbau","isPartOf":{"@id":"https:\/\/www.girbau.com\/es-ca\/#website"},"datePublished":"2025-12-05T15:46:33+00:00","dateModified":"2026-02-03T13:52:24+00:00","description":"Accedeix al suport t\u00e8cnic i comercial de Girbau. Troba assist\u00e8ncia experta per a la teva bugaderia professional o autoservei.","breadcrumb":{"@id":"https:\/\/www.girbau.com\/es-ca\/suport\/#breadcrumb"},"inLanguage":"ca","potentialAction":[{"@type":"ReadAction","target":["https:\/\/www.girbau.com\/es-ca\/suport\/"]}]},{"@type":"BreadcrumbList","@id":"https:\/\/www.girbau.com\/es-ca\/suport\/#breadcrumb","itemListElement":[{"@type":"ListItem","position":1,"name":"Home","item":"https:\/\/www.girbau.com\/es-ca\/"},{"@type":"ListItem","position":2,"name":"El teu suport Girbau, sempre a prop"}]},{"@type":"WebSite","@id":"https:\/\/www.girbau.com\/es-ca\/#website","url":"https:\/\/www.girbau.com\/es-ca\/","name":"Girbau CA","description":"","potentialAction":[{"@type":"SearchAction","target":{"@type":"EntryPoint","urlTemplate":"https:\/\/www.girbau.com\/es-ca\/?s={search_term_string}"},"query-input":{"@type":"PropertyValueSpecification","valueRequired":true,"valueName":"search_term_string"}}],"inLanguage":"ca"}]}},"_links":{"self":[{"href":"https:\/\/www.girbau.com\/es-ca\/wp-json\/wp\/v2\/pages\/1086","targetHints":{"allow":["GET"]}}],"collection":[{"href":"https:\/\/www.girbau.com\/es-ca\/wp-json\/wp\/v2\/pages"}],"about":[{"href":"https:\/\/www.girbau.com\/es-ca\/wp-json\/wp\/v2\/types\/page"}],"author":[{"embeddable":true,"href":"https:\/\/www.girbau.com\/es-ca\/wp-json\/wp\/v2\/users\/10"}],"replies":[{"embeddable":true,"href":"https:\/\/www.girbau.com\/es-ca\/wp-json\/wp\/v2\/comments?post=1086"}],"version-history":[{"count":15,"href":"https:\/\/www.girbau.com\/es-ca\/wp-json\/wp\/v2\/pages\/1086\/revisions"}],"predecessor-version":[{"id":1813,"href":"https:\/\/www.girbau.com\/es-ca\/wp-json\/wp\/v2\/pages\/1086\/revisions\/1813"}],"wp:attachment":[{"href":"https:\/\/www.girbau.com\/es-ca\/wp-json\/wp\/v2\/media?parent=1086"}],"curies":[{"name":"wp","href":"https:\/\/api.w.org\/{rel}","templated":true}]}}