{"id":1351,"date":"2025-12-09T15:07:29","date_gmt":"2025-12-09T14:07:29","guid":{"rendered":"https:\/\/www.girbau.com\/es-ca\/soporte\/consultas-prensa\/"},"modified":"2026-01-23T14:09:46","modified_gmt":"2026-01-23T13:09:46","slug":"consultes-premsa","status":"publish","type":"page","link":"https:\/\/www.girbau.com\/es-ca\/suport\/consultes-premsa\/","title":{"rendered":"Consultes de Premsa"},"content":{"rendered":"\n\n\t\n<nav class=\"breadcrumbs\">\n\t<ul class=\"container breadcrumbs__list\">\n\t\t\t\t\t<li class=\"breadcrumbs__item\">\n\t\t\t\t\t\t\t\t\t<a\n\t\t\t\t\t\thref=\"https:\/\/www.girbau.com\/es-ca\/\"\n\t\t\t\t\t\tclass=\"breadcrumbs__link\"\n\t\t\t\t\t\taria-label=\"Inici\">\n\t\t\t\t\t\t<svg width=\"24\" height=\"24\" viewBox=\"0 0 24 24\" fill=\"none\" xmlns=\"http:\/\/www.w3.org\/2000\/svg\">\n<path d=\"M20 8.00001L14 2.74001C13.45 2.24805 12.7379 1.97607 12 1.97607C11.262 1.97607 10.55 2.24805 9.99997 2.74001L3.99997 8.00001C3.68234 8.28408 3.42887 8.63256 3.25644 9.02225C3.08402 9.41194 2.99659 9.83389 2.99997 10.26V19C2.99997 19.7957 3.31604 20.5587 3.87865 21.1213C4.44126 21.6839 5.20432 22 5.99997 22H18C18.7956 22 19.5587 21.6839 20.1213 21.1213C20.6839 20.5587 21 19.7957 21 19V10.25C21.0019 9.82557 20.9138 9.40555 20.7414 9.01769C20.5691 8.62983 20.3163 8.28296 20 8.00001ZM14 20H9.99997V15C9.99997 14.7348 10.1053 14.4804 10.2929 14.2929C10.4804 14.1054 10.7348 14 11 14H13C13.2652 14 13.5195 14.1054 13.7071 14.2929C13.8946 14.4804 14 14.7348 14 15V20ZM19 19C19 19.2652 18.8946 19.5196 18.7071 19.7071C18.5195 19.8946 18.2652 20 18 20H16V15C16 14.2044 15.6839 13.4413 15.1213 12.8787C14.5587 12.3161 13.7956 12 13 12H11C10.2043 12 9.44126 12.3161 8.87865 12.8787C8.31604 13.4413 7.99997 14.2044 7.99997 15V20H5.99997C5.73476 20 5.4804 19.8946 5.29287 19.7071C5.10533 19.5196 4.99997 19.2652 4.99997 19V10.25C5.00015 10.108 5.03057 9.9677 5.08919 9.83839C5.14781 9.70907 5.2333 9.59372 5.33997 9.50001L11.34 4.25001C11.5225 4.08969 11.7571 4.00127 12 4.00127C12.2429 4.00127 12.4775 4.08969 12.66 4.25001L18.66 9.50001C18.7666 9.59372 18.8521 9.70907 18.9108 9.83839C18.9694 9.9677 18.9998 10.108 19 10.25V19Z\" fill=\"black\"\/>\n<\/svg>\n\n\t\t\t\t\t<\/a>\n\t\t\t\t\t\t\t<\/li>\n\t\t\t<\/ul>\n<\/nav>\n\n\n\n\t\n\n\n<div class=\"content__block\">\n\t\n\t\n<div class=\"section-intro py-layoutModuleSpace container narrow\">\n\t\n\t\t\t<div class=\"section-intro__container\">\n\t\t\t\t\t\t\t\t\t\t<h2 class=\"section-intro__title\">Peticions de premsa i contacte per a mitjans de comunicaci\u00f3<\/h2>\n\t\t\t\t\t<\/div>\n\t\n\t\t\t\t\t\t\t\t<div class=\"section-intro__description\">\n\t\t\t\tEnvia&#039;ns la teva consulta a trav\u00e9s del formulari i el nostre equip de comunicacions es posar\u00e0 en contacte amb tu al m\u00e9s aviat possible per a coordinar informaci\u00f3, recursos o oportunitats d&#039;entrevista.<br \/>\r\n\n\t\t\t<\/div>\n\t\t\t\n\t\n\t<\/div>\n<\/div>\n\n\n\n<iframe src=\"https:\/\/form.jotform.com\/form\/253422322054344\"><\/iframe>\n\n\n\n<p><\/p>\n","protected":false},"excerpt":{"rendered":"","protected":false},"author":4,"featured_media":0,"parent":1086,"menu_order":0,"comment_status":"closed","ping_status":"closed","template":"","meta":{"_acf_changed":false,"footnotes":""},"class_list":["post-1351","page","type-page","status-publish","hentry"],"acf":[],"yoast_head":"<!-- This site is optimized with the Yoast SEO Premium plugin v26.8 (Yoast SEO v27.1.1) - https:\/\/yoast.com\/product\/yoast-seo-premium-wordpress\/ -->\n<title>Consultes de premsa | Contacte de mitjans | Girbau<\/title>\n<meta name=\"description\" content=\"Contacta amb l&#039;equip de premsa de Girbau per a consultes medi\u00e0tiques, notes de premsa i informaci\u00f3 sobre les nostres \u00faltimes novetats i comunicats corporatius.\" \/>\n<meta name=\"robots\" content=\"index, follow, max-snippet:-1, max-image-preview:large, max-video-preview:-1\" \/>\n<link rel=\"canonical\" href=\"https:\/\/www.girbau.com\/es-ca\/suport\/consultes-premsa\/\" \/>\n<meta property=\"og:locale\" content=\"ca_ES\" \/>\n<meta property=\"og:type\" content=\"article\" \/>\n<meta property=\"og:title\" content=\"Consultes de Premsa\" \/>\n<meta property=\"og:description\" content=\"Contacta amb l&#039;equip de premsa de Girbau per a consultes medi\u00e0tiques, notes de premsa i informaci\u00f3 sobre les nostres \u00faltimes novetats i comunicats corporatius.\" \/>\n<meta property=\"og:url\" content=\"https:\/\/www.girbau.com\/es-ca\/suport\/consultes-premsa\/\" \/>\n<meta property=\"og:site_name\" content=\"Girbau CA\" \/>\n<meta property=\"article:modified_time\" content=\"2026-01-23T13:09:46+00:00\" \/>\n<meta name=\"twitter:card\" content=\"summary_large_image\" \/>\n<meta name=\"twitter:label1\" content=\"Temps estimat de lectura\" \/>\n\t<meta name=\"twitter:data1\" content=\"1 minut\" \/>\n<script type=\"application\/ld+json\" class=\"yoast-schema-graph\">{\"@context\":\"https:\/\/schema.org\",\"@graph\":[{\"@type\":\"WebPage\",\"@id\":\"https:\/\/www.girbau.com\/es-ca\/suport\/consultes-premsa\/\",\"url\":\"https:\/\/www.girbau.com\/es-ca\/suport\/consultes-premsa\/\",\"name\":\"Consultes de premsa | Contacte de mitjans | Girbau\",\"isPartOf\":{\"@id\":\"https:\/\/www.girbau.com\/es-ca\/#website\"},\"datePublished\":\"2025-12-09T14:07:29+00:00\",\"dateModified\":\"2026-01-23T13:09:46+00:00\",\"description\":\"Contacta amb l'equip de premsa de Girbau per a consultes medi\u00e0tiques, notes de premsa i informaci\u00f3 sobre les nostres \u00faltimes novetats i comunicats corporatius.\",\"breadcrumb\":{\"@id\":\"https:\/\/www.girbau.com\/es-ca\/suport\/consultes-premsa\/#breadcrumb\"},\"inLanguage\":\"ca\",\"potentialAction\":[{\"@type\":\"ReadAction\",\"target\":[\"https:\/\/www.girbau.com\/es-ca\/suport\/consultes-premsa\/\"]}]},{\"@type\":\"BreadcrumbList\",\"@id\":\"https:\/\/www.girbau.com\/es-ca\/suport\/consultes-premsa\/#breadcrumb\",\"itemListElement\":[{\"@type\":\"ListItem\",\"position\":1,\"name\":\"Home\",\"item\":\"https:\/\/www.girbau.com\/es-ca\/\"},{\"@type\":\"ListItem\",\"position\":2,\"name\":\"El teu suport Girbau, sempre a prop\",\"item\":\"https:\/\/www.girbau.com\/es-ca\/suport\/\"},{\"@type\":\"ListItem\",\"position\":3,\"name\":\"Consultes de Premsa\"}]},{\"@type\":\"WebSite\",\"@id\":\"https:\/\/www.girbau.com\/es-ca\/#website\",\"url\":\"https:\/\/www.girbau.com\/es-ca\/\",\"name\":\"Girbau CA\",\"description\":\"\",\"potentialAction\":[{\"@type\":\"SearchAction\",\"target\":{\"@type\":\"EntryPoint\",\"urlTemplate\":\"https:\/\/www.girbau.com\/es-ca\/?s={search_term_string}\"},\"query-input\":{\"@type\":\"PropertyValueSpecification\",\"valueRequired\":true,\"valueName\":\"search_term_string\"}}],\"inLanguage\":\"ca\"}]}<\/script>\n<!-- \/ Yoast SEO Premium plugin. -->","yoast_head_json":{"title":"Consultes de premsa | Contacte de mitjans | Girbau","description":"Contacta amb l'equip de premsa de Girbau per a consultes medi\u00e0tiques, notes de premsa i informaci\u00f3 sobre les nostres \u00faltimes novetats i comunicats corporatius.","robots":{"index":"index","follow":"follow","max-snippet":"max-snippet:-1","max-image-preview":"max-image-preview:large","max-video-preview":"max-video-preview:-1"},"canonical":"https:\/\/www.girbau.com\/es-ca\/suport\/consultes-premsa\/","og_locale":"ca_ES","og_type":"article","og_title":"Consultes de Premsa","og_description":"Contacta amb l'equip de premsa de Girbau per a consultes medi\u00e0tiques, notes de premsa i informaci\u00f3 sobre les nostres \u00faltimes novetats i comunicats corporatius.","og_url":"https:\/\/www.girbau.com\/es-ca\/suport\/consultes-premsa\/","og_site_name":"Girbau CA","article_modified_time":"2026-01-23T13:09:46+00:00","twitter_card":"summary_large_image","twitter_misc":{"Temps estimat de lectura":"1 minut"},"schema":{"@context":"https:\/\/schema.org","@graph":[{"@type":"WebPage","@id":"https:\/\/www.girbau.com\/es-ca\/suport\/consultes-premsa\/","url":"https:\/\/www.girbau.com\/es-ca\/suport\/consultes-premsa\/","name":"Consultes de premsa | Contacte de mitjans | Girbau","isPartOf":{"@id":"https:\/\/www.girbau.com\/es-ca\/#website"},"datePublished":"2025-12-09T14:07:29+00:00","dateModified":"2026-01-23T13:09:46+00:00","description":"Contacta amb l'equip de premsa de Girbau per a consultes medi\u00e0tiques, notes de premsa i informaci\u00f3 sobre les nostres \u00faltimes novetats i comunicats corporatius.","breadcrumb":{"@id":"https:\/\/www.girbau.com\/es-ca\/suport\/consultes-premsa\/#breadcrumb"},"inLanguage":"ca","potentialAction":[{"@type":"ReadAction","target":["https:\/\/www.girbau.com\/es-ca\/suport\/consultes-premsa\/"]}]},{"@type":"BreadcrumbList","@id":"https:\/\/www.girbau.com\/es-ca\/suport\/consultes-premsa\/#breadcrumb","itemListElement":[{"@type":"ListItem","position":1,"name":"Home","item":"https:\/\/www.girbau.com\/es-ca\/"},{"@type":"ListItem","position":2,"name":"El teu suport Girbau, sempre a prop","item":"https:\/\/www.girbau.com\/es-ca\/suport\/"},{"@type":"ListItem","position":3,"name":"Consultes de Premsa"}]},{"@type":"WebSite","@id":"https:\/\/www.girbau.com\/es-ca\/#website","url":"https:\/\/www.girbau.com\/es-ca\/","name":"Girbau CA","description":"","potentialAction":[{"@type":"SearchAction","target":{"@type":"EntryPoint","urlTemplate":"https:\/\/www.girbau.com\/es-ca\/?s={search_term_string}"},"query-input":{"@type":"PropertyValueSpecification","valueRequired":true,"valueName":"search_term_string"}}],"inLanguage":"ca"}]}},"_links":{"self":[{"href":"https:\/\/www.girbau.com\/es-ca\/wp-json\/wp\/v2\/pages\/1351","targetHints":{"allow":["GET"]}}],"collection":[{"href":"https:\/\/www.girbau.com\/es-ca\/wp-json\/wp\/v2\/pages"}],"about":[{"href":"https:\/\/www.girbau.com\/es-ca\/wp-json\/wp\/v2\/types\/page"}],"author":[{"embeddable":true,"href":"https:\/\/www.girbau.com\/es-ca\/wp-json\/wp\/v2\/users\/4"}],"replies":[{"embeddable":true,"href":"https:\/\/www.girbau.com\/es-ca\/wp-json\/wp\/v2\/comments?post=1351"}],"version-history":[{"count":14,"href":"https:\/\/www.girbau.com\/es-ca\/wp-json\/wp\/v2\/pages\/1351\/revisions"}],"predecessor-version":[{"id":1784,"href":"https:\/\/www.girbau.com\/es-ca\/wp-json\/wp\/v2\/pages\/1351\/revisions\/1784"}],"up":[{"embeddable":true,"href":"https:\/\/www.girbau.com\/es-ca\/wp-json\/wp\/v2\/pages\/1086"}],"wp:attachment":[{"href":"https:\/\/www.girbau.com\/es-ca\/wp-json\/wp\/v2\/media?parent=1351"}],"curies":[{"name":"wp","href":"https:\/\/api.w.org\/{rel}","templated":true}]}}