{"id":49,"date":"2025-11-25T12:06:42","date_gmt":"2025-11-25T12:06:42","guid":{"rendered":"https:\/\/www.girbau.com\/es-ca\/tendencias-girbau\/"},"modified":"2026-02-20T10:30:24","modified_gmt":"2026-02-20T09:30:24","slug":"tendencies-girbau","status":"publish","type":"page","link":"https:\/\/www.girbau.com\/es-ca\/tendencies-girbau\/","title":{"rendered":"Tend\u00e8ncies Girbau"},"content":{"rendered":"","protected":false},"excerpt":{"rendered":"","protected":false},"author":1,"featured_media":0,"parent":0,"menu_order":0,"comment_status":"closed","ping_status":"closed","template":"","meta":{"_acf_changed":false,"footnotes":""},"class_list":["post-49","page","type-page","status-publish","hentry"],"acf":{"page_tendencias_girbau_main_subtitle":"Tota l'actualitat del sector i de Girbau, en un sol lloc.","page_tendencias_girbau_featured_featured_title":"","page_tendencias_girbau_featured_featured_posts":[797,814],"page_tendencias_girbau_content_blog_title":"Veu Experta","page_tendencias_girbau_content_curated_title":"El que els nostres experts recomanen","page_tendencias_girbau_content_news_title":"Les \u00faltimes novetats de Girbau","page_tendencias_girbau_support_enabled":true,"page_tendencias_girbau_support_pretitle":"Suport","page_tendencias_girbau_support_title":"El nostre equip d\u2019experts t\u2019ofereix assessorament especialitzat per escollir la maquin\u00e0ria m\u00e9s adequada","page_tendencias_girbau_support_button_text":"Contactar amb un expert","page_tendencias_girbau_support_image":904,"page_tendencias_girbau_support_iframe_url":"https:\/\/go.girbau.com\/l\/1043681\/2025-12-08\/2gt55m?language=ca&amp;Subsidiary=GESCA&amp;Specific_industry_source=trends","page_tendencias_girbau_video_banner_enabled":true,"page_tendencias_girbau_video_banner_tag":"","page_tendencias_girbau_video_banner_title":"","page_tendencias_girbau_video_banner_description":"","page_tendencias_girbau_video_banner_button_label":"","page_tendencias_girbau_video_banner_button_action":"url","page_tendencias_girbau_video_banner_button_url":"","page_tendencias_girbau_video_banner_button_post":null,"page_tendencias_girbau_video_banner_button_file":null,"page_tendencias_girbau_video_banner_button_modal_url":"","page_tendencias_girbau_video_banner_button":"","page_tendencias_girbau_video_banner_src":"","page_tendencias_girbau_video_banner_small":"","page_tendencias_girbau_video_banner_medium":"","page_tendencias_girbau_video_banner_large":"","page_tendencias_girbau_video_banner_extra_large":"","page_tendencias_girbau_json_schema_json_schema":""},"yoast_head":"<!-- This site is optimized with the Yoast SEO Premium plugin v26.8 (Yoast SEO v27.1.1) - https:\/\/yoast.com\/product\/yoast-seo-premium-wordpress\/ -->\n<title>Tend\u00e8ncies Girbau | Innovaci\u00f3 i not\u00edcies del sector bugaderia<\/title>\n<meta name=\"description\" content=\"Explora tend\u00e8ncies Girbau: blog expert i not\u00edcies corporatives sobre innovaci\u00f3, efici\u00e8ncia i sostenibilitat en bugaderia industrial.\" \/>\n<meta name=\"robots\" content=\"index, follow, max-snippet:-1, max-image-preview:large, max-video-preview:-1\" \/>\n<link rel=\"canonical\" href=\"https:\/\/www.girbau.com\/es-ca\/tendencies-girbau\/\" \/>\n<meta property=\"og:locale\" content=\"ca_ES\" \/>\n<meta property=\"og:type\" content=\"article\" \/>\n<meta property=\"og:title\" content=\"Tend\u00e8ncies Girbau\" \/>\n<meta property=\"og:description\" content=\"Explora tend\u00e8ncies Girbau: blog expert i not\u00edcies corporatives sobre innovaci\u00f3, efici\u00e8ncia i sostenibilitat en bugaderia industrial.\" \/>\n<meta property=\"og:url\" content=\"https:\/\/www.girbau.com\/es-ca\/tendencies-girbau\/\" \/>\n<meta property=\"og:site_name\" content=\"Girbau CA\" \/>\n<meta property=\"article:modified_time\" content=\"2026-02-20T09:30:24+00:00\" \/>\n<meta name=\"twitter:card\" content=\"summary_large_image\" \/>\n<script type=\"application\/ld+json\" class=\"yoast-schema-graph\">{\"@context\":\"https:\/\/schema.org\",\"@graph\":[{\"@type\":\"WebPage\",\"@id\":\"https:\/\/www.girbau.com\/es-ca\/tendencies-girbau\/\",\"url\":\"https:\/\/www.girbau.com\/es-ca\/tendencies-girbau\/\",\"name\":\"Tend\u00e8ncies Girbau | Innovaci\u00f3 i not\u00edcies del sector bugaderia\",\"isPartOf\":{\"@id\":\"https:\/\/www.girbau.com\/es-ca\/#website\"},\"datePublished\":\"2025-11-25T12:06:42+00:00\",\"dateModified\":\"2026-02-20T09:30:24+00:00\",\"description\":\"Explora tend\u00e8ncies Girbau: blog expert i not\u00edcies corporatives sobre innovaci\u00f3, efici\u00e8ncia i sostenibilitat en bugaderia industrial.\",\"breadcrumb\":{\"@id\":\"https:\/\/www.girbau.com\/es-ca\/tendencies-girbau\/#breadcrumb\"},\"inLanguage\":\"ca\",\"potentialAction\":[{\"@type\":\"ReadAction\",\"target\":[\"https:\/\/www.girbau.com\/es-ca\/tendencies-girbau\/\"]}]},{\"@type\":\"BreadcrumbList\",\"@id\":\"https:\/\/www.girbau.com\/es-ca\/tendencies-girbau\/#breadcrumb\",\"itemListElement\":[{\"@type\":\"ListItem\",\"position\":1,\"name\":\"Home\",\"item\":\"https:\/\/www.girbau.com\/es-ca\/\"},{\"@type\":\"ListItem\",\"position\":2,\"name\":\"Tend\u00e8ncies Girbau\"}]},{\"@type\":\"WebSite\",\"@id\":\"https:\/\/www.girbau.com\/es-ca\/#website\",\"url\":\"https:\/\/www.girbau.com\/es-ca\/\",\"name\":\"Girbau CA\",\"description\":\"\",\"potentialAction\":[{\"@type\":\"SearchAction\",\"target\":{\"@type\":\"EntryPoint\",\"urlTemplate\":\"https:\/\/www.girbau.com\/es-ca\/?s={search_term_string}\"},\"query-input\":{\"@type\":\"PropertyValueSpecification\",\"valueRequired\":true,\"valueName\":\"search_term_string\"}}],\"inLanguage\":\"ca\"}]}<\/script>\n<!-- \/ Yoast SEO Premium plugin. -->","yoast_head_json":{"title":"Tend\u00e8ncies Girbau | Innovaci\u00f3 i not\u00edcies del sector bugaderia","description":"Explora tend\u00e8ncies Girbau: blog expert i not\u00edcies corporatives sobre innovaci\u00f3, efici\u00e8ncia i sostenibilitat en bugaderia industrial.","robots":{"index":"index","follow":"follow","max-snippet":"max-snippet:-1","max-image-preview":"max-image-preview:large","max-video-preview":"max-video-preview:-1"},"canonical":"https:\/\/www.girbau.com\/es-ca\/tendencies-girbau\/","og_locale":"ca_ES","og_type":"article","og_title":"Tend\u00e8ncies Girbau","og_description":"Explora tend\u00e8ncies Girbau: blog expert i not\u00edcies corporatives sobre innovaci\u00f3, efici\u00e8ncia i sostenibilitat en bugaderia industrial.","og_url":"https:\/\/www.girbau.com\/es-ca\/tendencies-girbau\/","og_site_name":"Girbau CA","article_modified_time":"2026-02-20T09:30:24+00:00","twitter_card":"summary_large_image","schema":{"@context":"https:\/\/schema.org","@graph":[{"@type":"WebPage","@id":"https:\/\/www.girbau.com\/es-ca\/tendencies-girbau\/","url":"https:\/\/www.girbau.com\/es-ca\/tendencies-girbau\/","name":"Tend\u00e8ncies Girbau | Innovaci\u00f3 i not\u00edcies del sector bugaderia","isPartOf":{"@id":"https:\/\/www.girbau.com\/es-ca\/#website"},"datePublished":"2025-11-25T12:06:42+00:00","dateModified":"2026-02-20T09:30:24+00:00","description":"Explora tend\u00e8ncies Girbau: blog expert i not\u00edcies corporatives sobre innovaci\u00f3, efici\u00e8ncia i sostenibilitat en bugaderia industrial.","breadcrumb":{"@id":"https:\/\/www.girbau.com\/es-ca\/tendencies-girbau\/#breadcrumb"},"inLanguage":"ca","potentialAction":[{"@type":"ReadAction","target":["https:\/\/www.girbau.com\/es-ca\/tendencies-girbau\/"]}]},{"@type":"BreadcrumbList","@id":"https:\/\/www.girbau.com\/es-ca\/tendencies-girbau\/#breadcrumb","itemListElement":[{"@type":"ListItem","position":1,"name":"Home","item":"https:\/\/www.girbau.com\/es-ca\/"},{"@type":"ListItem","position":2,"name":"Tend\u00e8ncies Girbau"}]},{"@type":"WebSite","@id":"https:\/\/www.girbau.com\/es-ca\/#website","url":"https:\/\/www.girbau.com\/es-ca\/","name":"Girbau CA","description":"","potentialAction":[{"@type":"SearchAction","target":{"@type":"EntryPoint","urlTemplate":"https:\/\/www.girbau.com\/es-ca\/?s={search_term_string}"},"query-input":{"@type":"PropertyValueSpecification","valueRequired":true,"valueName":"search_term_string"}}],"inLanguage":"ca"}]}},"_links":{"self":[{"href":"https:\/\/www.girbau.com\/es-ca\/wp-json\/wp\/v2\/pages\/49","targetHints":{"allow":["GET"]}}],"collection":[{"href":"https:\/\/www.girbau.com\/es-ca\/wp-json\/wp\/v2\/pages"}],"about":[{"href":"https:\/\/www.girbau.com\/es-ca\/wp-json\/wp\/v2\/types\/page"}],"author":[{"embeddable":true,"href":"https:\/\/www.girbau.com\/es-ca\/wp-json\/wp\/v2\/users\/1"}],"replies":[{"embeddable":true,"href":"https:\/\/www.girbau.com\/es-ca\/wp-json\/wp\/v2\/comments?post=49"}],"version-history":[{"count":10,"href":"https:\/\/www.girbau.com\/es-ca\/wp-json\/wp\/v2\/pages\/49\/revisions"}],"predecessor-version":[{"id":1838,"href":"https:\/\/www.girbau.com\/es-ca\/wp-json\/wp\/v2\/pages\/49\/revisions\/1838"}],"acf:post":[{"embeddable":true,"href":"https:\/\/www.girbau.com\/es-ca\/wp-json\/wp\/v2\/posts\/814"},{"embeddable":true,"href":"https:\/\/www.girbau.com\/es-ca\/wp-json\/wp\/v2\/posts\/797"}],"wp:attachment":[{"href":"https:\/\/www.girbau.com\/es-ca\/wp-json\/wp\/v2\/media?parent=49"}],"curies":[{"name":"wp","href":"https:\/\/api.w.org\/{rel}","templated":true}]}}