{"id":55,"date":"2025-11-25T12:06:42","date_gmt":"2025-11-25T12:06:42","guid":{"rendered":"https:\/\/www.girbau.com\/es-ca\/aviso-legal\/"},"modified":"2026-01-23T14:19:34","modified_gmt":"2026-01-23T13:19:34","slug":"avis-legal","status":"publish","type":"page","link":"https:\/\/www.girbau.com\/es-ca\/avis-legal\/","title":{"rendered":"Av\u00eds Legal"},"content":{"rendered":"\t\n\t\t\t\t\t\t\t\t\t\t\t\t\t\t\t\t\t\t\t\t\t\t\t\t\t\t\t\t\t\t\t\t\t\t\t\t\t\t\t\t\t\t\t\t\t\t\t\t\t\t\t\t\t\t\t\t\t\n\t\n\t\n\n<section class=\"module-grid\" >\n\t<div class=\"container\">\n\t\t\t\t\t\n\n<div class=\"section-header\">\n\t\t\t<div class=\"section-header__intro\">\n\t\t\t\n\n<div class=\"section-intro\">\n\t\n\t\t\t<div class=\"section-intro__container\">\n\t\t\t\t\t\t\t\t\t\t<h2 class=\"section-intro__title\">Av\u00eds legal<\/h2>\n\t\t\t\t\t<\/div>\n\t\n\t\t\t\t\t\t\t\t<div class=\"section-intro__description\">\n\t\t\t\tCondicions generals d&#8217;acc\u00e9s, navegaci\u00f3 i responsabilitat d&#8217;aquest lloc. \n\t\t\t<\/div>\n\t\t\t\n\t\n\t<\/div>\n\t\t<\/div>\n\t\n\t<\/div>\n\t\t\n\t\t\t\t\t<div class=\"module-grid__content only-text\">\n\t\t\t\t\n\t\t\t<\/div>\n\t\t\n\t\t\t\t\t<div class=\"module-grid__content\" style=\"--columns: 1;\">\n\t\t\t\t\t\t\t\t\t\n\n<div class=\"accordion\" data-accordion>\n\t<button class=\"accordion__trigger\" aria-expanded=\"false\" data-accordion-trigger>\n\t\t<h3 class=\"accordion__title\">Informaci\u00f3 de l\u2019empresa Girbau, SA<\/h3>\n\t\t<span class=\"accordion__icon\" aria-hidden=\"true\"><\/span>\n\t<\/button>\n\t<div class=\"accordion__content\" aria-hidden=\"true\">\n\t\t<div>\n\t\t\t<div class=\"accordion__inner\">\n\t\t\t\t\t\t\t\t\t<p>Girbau, SA amb seu a la ciutat de Vic i amb domicili social a Carretera de Manlleu, km 1 (Espanya), Tel. 938861100,\u00a0<a href=\"mailto:girbau@girbau.com\">girbau@girbau.com<\/a>, inscrita a la Cambra de Comer\u00e7 i Ind\u00fastria (volum 32066, full gran 162, full petit B32798, full 57, Volum 65) i NIF A-08276438.\u00a0La informaci\u00f3 presentada en aquest apartat compleix l&#8217;article 10 del Decret 34\/2002, de 11 de juliol, sobre informaci\u00f3 i serveis de les empreses de comer\u00e7 electr\u00f2nic.<\/p>\n\n\t\t\t\t\t\t\t<\/div>\n\t\t<\/div>\n\t<\/div>\n<\/div>\n\t\t\t\t\t\t\t\t\t\n\n<div class=\"accordion\" data-accordion>\n\t<button class=\"accordion__trigger\" aria-expanded=\"false\" data-accordion-trigger>\n\t\t<h3 class=\"accordion__title\">Propietat intel\u00b7lectual i industrial del contingut de la p\u00e0gina web<\/h3>\n\t\t<span class=\"accordion__icon\" aria-hidden=\"true\"><\/span>\n\t<\/button>\n\t<div class=\"accordion__content\" aria-hidden=\"true\">\n\t\t<div>\n\t\t\t<div class=\"accordion__inner\">\n\t\t\t\t\t\t\t\t\t<p>Tots els continguts publicats a la p\u00e0gina web \u2013excepte que es manifesti expl\u00edcitament el contrari mitjan\u00e7ant una cita concreta\u2013 s\u00f3n propietat de Girbau S.A. o de tercers que hagin autoritzat el seu \u00fas. Aix\u00f2 inclou, a t\u00edtol enunciatiu i no limitatiu, tots els textos, gr\u00e0fics, interf\u00edcies, codis font, fotografies, v\u00eddeos, marques comercials, logotips, sons, can\u00e7ons i il\u00b7lustracions i qualsevol altre material audiovisual o multim\u00e8dia. De la mateixa manera, el disseny, l&#8217;estructura, la selecci\u00f3, l&#8217;expressi\u00f3, l&#8217;estil i l&#8217;organitzaci\u00f3 d&#8217;aquest contingut estan protegits pels drets de propietat intel\u00b7lectual i industrial corresponents.<\/p>\n<p>Girbau S.A. es reserva el dret a modificar i actualitzar, sense previ av\u00eds, els continguts, la configuraci\u00f3 i el disseny de la p\u00e0gina web, aix\u00ed com a eliminar-los i a limitar o impedir el seu acc\u00e9s de manera temporal o definitiva.<\/p>\n<p>Queda expressament prohibit, en qualsevol cas, la reproducci\u00f3, c\u00f2pia, comunicaci\u00f3 p\u00fablica, distribuci\u00f3, modificaci\u00f3, transformaci\u00f3, supressi\u00f3, manipulaci\u00f3, i qualsevol altra forma d&#8217;utilitzaci\u00f3, amb o sense \u00e0nim de lucre, amb fins o per mitjans publicitaris, promocionals i\/o comercials de qualsevol mena, de tota o de part d&#8217;aquesta p\u00e0gina web o de qualsevol dels seus continguts, sense la pr\u00e8via i expressa autoritzaci\u00f3 per escrit de Girbau S.A.<\/p>\n<p>Sota cap concepte s&#8217;entendr\u00e0 que, pel fet d\u2019accedir a aquesta p\u00e0gina web, l&#8217;usuari obtingui cap mena de llic\u00e8ncia o autoritzaci\u00f3 per part de Girbau S.A. o del titular dels drets que correspongui, per a la utilitzaci\u00f3, m\u00e9s enll\u00e0 de l&#8217;\u00fas estrictament personal, de cap contingut, informaci\u00f3 o servei existents a la p\u00e0gina web ni sobre cap dret relacionat amb aquests, especialment els de propietat intel\u00b7lectual i industrial.<\/p>\n\n\t\t\t\t\t\t\t<\/div>\n\t\t<\/div>\n\t<\/div>\n<\/div>\n\t\t\t\t\t\t\t\t\t\n\n<div class=\"accordion\" data-accordion>\n\t<button class=\"accordion__trigger\" aria-expanded=\"false\" data-accordion-trigger>\n\t\t<h3 class=\"accordion__title\">Condicions d&#8217;\u00fas de la p\u00e0gina web<\/h3>\n\t\t<span class=\"accordion__icon\" aria-hidden=\"true\"><\/span>\n\t<\/button>\n\t<div class=\"accordion__content\" aria-hidden=\"true\">\n\t\t<div>\n\t\t\t<div class=\"accordion__inner\">\n\t\t\t\t\t\t\t\t\t<p>Aquestes condicions d&#8217;\u00fas regulen l&#8217;acc\u00e9s i la utilitzaci\u00f3 de la p\u00e0gina web per tots els usuaris, tant en espais de lliure acc\u00e9s com en l&#8217;espai privat per a aquells que omplen el formulari de registre respectiu.<\/p>\n<p>L&#8217;acc\u00e9s i \u00fas de certs continguts de la p\u00e0gina web \u00e9s gratu\u00eft, llevat que s&#8217;indiqui el contrari mitjan\u00e7ant la configuraci\u00f3 d&#8217;un espai d&#8217;acc\u00e9s privat. Ambd\u00f3s casos impliquen l&#8217;acceptaci\u00f3 de l&#8217;usuari d\u2019aquest av\u00eds legal sense reserves, el qual podr\u00e0 ser modificat en qualsevol moment i sense previ av\u00eds.<\/p>\n<p>En cas de registrar-se a trav\u00e9s del formulari de registre, el compte d&#8217;usuari estar\u00e0 protegit per una contrasenya escollida pel mateix usuari. Aquest garanteix que mantindr\u00e0 la seva contrasenya en secret i que la protegir\u00e0 d&#8217;usos no autoritzats per tercers. Si un tercer accedeix o revela les seves dades de registre, inclosa la contrasenya, l&#8217;usuari ser\u00e0 l&#8217;\u00fanic responsable de l&#8217;\u00fas dels serveis o continguts de la p\u00e0gina web i de les seves conseq\u00fc\u00e8ncies. L&#8217;usuari haur\u00e0 de notificar immediatament a Girbau S.A. de qualsevol acc\u00e9s no autoritzat al seu compte o violaci\u00f3 de seguretat que conegui.<\/p>\n<p>Girbau S.A. no es fa responsable davant els usuaris per la revelaci\u00f3 de les seves dades personals a tercers, llevat que sigui per causes directament imputables a l&#8217;empresa, ni per l&#8217;\u00fas que aquests facin d&#8217;aquestes dades.<\/p>\n<p>Girbau S.A. adopta les mesures t\u00e8cniques i organitzatives necess\u00e0ries per garantir la protecci\u00f3 adequada de les dades personals dels usuaris de la p\u00e0gina web i evitar la seva alteraci\u00f3, p\u00e8rdua, destrucci\u00f3, tractament o acc\u00e9s no autoritzat, d&#8217;acord amb la normativa vigent en mat\u00e8ria de protecci\u00f3 de dades.<\/p>\n<p>L&#8217;usuari es compromet a utilitzar la p\u00e0gina web, els seus continguts i\/o serveis d&#8217;acord amb aquest av\u00eds legal i \u00fanicament per a fins l\u00edcits i complir amb la legislaci\u00f3 aplicable, els bons costums i l&#8217;ordre p\u00fablic.\u00a0Girbau S.A. es reserva el dret a denegar o retirar l&#8217;acc\u00e9s a la p\u00e0gina web i\/o als seus serveis en qualsevol moment i sense necessitat de preav\u00eds a qualsevol usuari que no compleixi amb el que s&#8217;estableix en aquest av\u00eds legal, la normativa legal o amb els principis de bona fe, moral i ordre p\u00fablic.<\/p>\n<p>Tan mateix, l&#8217;usuari es compromet expressament a no destruir, alterar, inutilitzar o danyar les dades, programes o documents electr\u00f2nics que es trobin a la p\u00e0gina web, a no obstaculitzar l&#8217;acc\u00e9s d&#8217;altres usuaris, aix\u00ed com a no dur a terme accions que danyin, interrompin o generin errors a la p\u00e0gina web. Espec\u00edficament, l&#8217;usuari es compromet a no introduir programes, virus, seq\u00fc\u00e8ncies de car\u00e0cters, macros o qualsevol altre dispositiu que causi o pugui causar alteracions a la p\u00e0gina web.<\/p>\n<p>Excepte si s&#8217;indica expl\u00edcitament el contrari, no est\u00e0 perm\u00e8s reproduir, copiar, utilitzar, distribuir, comercialitzar, exposar p\u00fablicament o realitzar qualsevol altra activitat utilitzant la totalitat o part del contingut de la p\u00e0gina web sense l&#8217;autoritzaci\u00f3 pr\u00e8via per escrit de Girbau S.A.<\/p>\n\n\t\t\t\t\t\t\t<\/div>\n\t\t<\/div>\n\t<\/div>\n<\/div>\n\t\t\t\t\t\t\t\t\t\n\n<div class=\"accordion\" data-accordion>\n\t<button class=\"accordion__trigger\" aria-expanded=\"false\" data-accordion-trigger>\n\t\t<h3 class=\"accordion__title\">Responsabilitat<\/h3>\n\t\t<span class=\"accordion__icon\" aria-hidden=\"true\"><\/span>\n\t<\/button>\n\t<div class=\"accordion__content\" aria-hidden=\"true\">\n\t\t<div>\n\t\t\t<div class=\"accordion__inner\">\n\t\t\t\t\t\t\t\t\t<p>Girbau S.A. adopta les mesures necess\u00e0ries, d&#8217;acord amb l&#8217;estat de la t\u00e8cnica, per garantir el correcte funcionament de la p\u00e0gina web. No obstant aix\u00f2, Girbau S.A. no assumeix la responsabilitat dels perjudicis que puguin derivar-se de l&#8217;\u00fas de programari o continguts multim\u00e8dia que es presentin a la p\u00e0gina web com a servei addicional. Tots aquests elements es presenten tal com estan, i encara que Girbau S.A. ha de complir amb les lleis aplicables en mat\u00e8ria de propietat intel\u00b7lectual, dret del consumidor o protecci\u00f3 de dades, l&#8217;usuari ent\u00e9n que Girbau S.A. no ser\u00e0 responsable d&#8217;errors o fallades atribu\u00efbles a mal \u00fas, incompatibilitats o altres causes alienes.<\/p>\n<p>Girbau S.A. s\u2019eximeix de qualsevol responsabilitat per l&#8217;\u00fas incorrecte per part de l&#8217;usuari, aix\u00ed com per virus, problemes de connexi\u00f3 o disponibilitat de la p\u00e0gina web. L&#8217;usuari \u00e9s l&#8217;\u00fanic responsable de l&#8217;\u00fas que faci de la p\u00e0gina web i del contingut que reprodueixi.\u00a0Girbau S.A. no es fa responsable de la mala utilitzaci\u00f3 del contingut, d&#8217;errors de seguretat per usar equips infectats amb virus, pel mal funcionament del navegador o per danys derivats de problemes aliens al seu control. No obstant aix\u00f2, Girbau S.A. ha adoptat mesures raonables per evitar-los.<\/p>\n<p>A la p\u00e0gina web, Girbau S.A. pot oferir informaci\u00f3, continguts i serveis d&#8217;internet a trav\u00e9s d&#8217;enlla\u00e7os o hipervincles. A no ser que s&#8217;indiqui el contrari, Girbau S.A. no controla aquests continguts i l&#8217;usuari assumeix la plena responsabilitat de la seva navegaci\u00f3. L&#8217;establiment d&#8217;un enlla\u00e7 no implica relacions entre Girbau S.A. i el propietari del lloc enlla\u00e7at, ni l&#8217;acceptaci\u00f3 dels seus continguts.<\/p>\n<p>Girbau S.A. es reserva el dret a prohibir o suspendre qualsevol enlla\u00e7 a la p\u00e0gina web, especialment si l&#8217;activitat del lloc enlla\u00e7at \u00e9s il\u00b7l\u00edcita.\u00a0Girbau S.A. no \u00e9s responsable de possibles infraccions de drets de propietat intel\u00b7lectual o industrial causades per continguts subministrats per tercers, ni pels danys que aquests puguin causar.<\/p>\n\n\t\t\t\t\t\t\t<\/div>\n\t\t<\/div>\n\t<\/div>\n<\/div>\n\t\t\t\t\t\t\t\t\t\n\n<div class=\"accordion\" data-accordion>\n\t<button class=\"accordion__trigger\" aria-expanded=\"false\" data-accordion-trigger>\n\t\t<h3 class=\"accordion__title\">\u00das del material contingut en aquesta p\u00e0gina web<\/h3>\n\t\t<span class=\"accordion__icon\" aria-hidden=\"true\"><\/span>\n\t<\/button>\n\t<div class=\"accordion__content\" aria-hidden=\"true\">\n\t\t<div>\n\t\t\t<div class=\"accordion__inner\">\n\t\t\t\t\t\t\t\t\t<p>Girbau SA us autoritza a visualitzar i descarregar el contingut de les p\u00e0gines web per al vostre \u00fas personal, no obstant aix\u00f2, no podreu reproduir, distribuir, modificar, mostrar, utilitzar com a base o utilitzar aquest lloc web amb finalitats comercials sense el consentiment previ de Girbau S.A.<\/p>\n<p>Girbau SA us autoritza a descarregar una c\u00f2pia al vostre ordinador per a \u00fas personal, no comercial i visualitzaci\u00f3 a casa.<\/p>\n\n\t\t\t\t\t\t\t<\/div>\n\t\t<\/div>\n\t<\/div>\n<\/div>\n\t\t\t\t\t\t\t\t\t\n\n<div class=\"accordion\" data-accordion>\n\t<button class=\"accordion__trigger\" aria-expanded=\"false\" data-accordion-trigger>\n\t\t<h3 class=\"accordion__title\">Llei i jurisdicci\u00f3 aplicables<\/h3>\n\t\t<span class=\"accordion__icon\" aria-hidden=\"true\"><\/span>\n\t<\/button>\n\t<div class=\"accordion__content\" aria-hidden=\"true\">\n\t\t<div>\n\t\t\t<div class=\"accordion__inner\">\n\t\t\t\t\t\t\t\t\t<p>En aquells casos en qu\u00e8 la normativa vigent permeti la possibilitat de sotmetre volunt\u00e0riament la relaci\u00f3 entre el titular de la p\u00e0gina web i l&#8217;usuari a una jurisdicci\u00f3 espec\u00edfica, es pacta que la p\u00e0gina web es regeix per la legislaci\u00f3 espanyola i qualsevol controv\u00e8rsia que pugui sorgir en relaci\u00f3 amb aquesta, les parts la sotmetran a la jurisdicci\u00f3 i compet\u00e8ncia dels Jutjats i Tribunals de Barcelona, excepte que l&#8217;usuari sigui considerat consumidor. En aquest cas, les parts se sotmeten als jutjats i tribunals del domicili de l&#8217;usuari.<\/p>\n\n\t\t\t\t\t\t\t<\/div>\n\t\t<\/div>\n\t<\/div>\n<\/div>\n\t\t\t\t\t\t\t\t\t\n\n<div class=\"accordion\" data-accordion>\n\t<button class=\"accordion__trigger\" aria-expanded=\"false\" data-accordion-trigger>\n\t\t<h3 class=\"accordion__title\">Pol\u00edtica de privacitat<\/h3>\n\t\t<span class=\"accordion__icon\" aria-hidden=\"true\"><\/span>\n\t<\/button>\n\t<div class=\"accordion__content\" aria-hidden=\"true\">\n\t\t<div>\n\t\t\t<div class=\"accordion__inner\">\n\t\t\t\t\t\t\t\t\t<p>Podeu obtenir informaci\u00f3 sobre el tractament de dades personals que es realitza a la p\u00e0gina web, dirigint-vos a la nostra\u00a0<a href=\"https:\/\/www.girbau.com\/ca\/politica-privacitat\" rel=\"noopener\">pol\u00edtica de privacitat<\/a>, que podreu trobar al peu de p\u00e0gina de la p\u00e0gina web.<\/p>\n\n\t\t\t\t\t\t\t<\/div>\n\t\t<\/div>\n\t<\/div>\n<\/div>\n\t\t\t\t\t\t\t\t\t\n\n<div class=\"accordion\" data-accordion>\n\t<button class=\"accordion__trigger\" aria-expanded=\"false\" data-accordion-trigger>\n\t\t<h3 class=\"accordion__title\">Pol\u00edtica de galetes<\/h3>\n\t\t<span class=\"accordion__icon\" aria-hidden=\"true\"><\/span>\n\t<\/button>\n\t<div class=\"accordion__content\" aria-hidden=\"true\">\n\t\t<div>\n\t\t\t<div class=\"accordion__inner\">\n\t\t\t\t\t\t\t\t\t<p>Podeu trobar informaci\u00f3 sobre l&#8217;\u00fas de les galetes que es realitza a la p\u00e0gina web a la\u00a0<a href=\"https:\/\/www.girbau.com\/ca\/politica-de-cookies\" rel=\"noopener\">pol\u00edtica de galetes<\/a>, disponible al peu de p\u00e0gina de la p\u00e0gina web.<\/p>\n\n\t\t\t\t\t\t\t<\/div>\n\t\t<\/div>\n\t<\/div>\n<\/div>\n\t\t\t\t\t\t\t<\/div>\n\t\t\n\t\t\t<\/div>\n<\/section>\n","protected":false},"excerpt":{"rendered":"","protected":false},"author":1,"featured_media":0,"parent":0,"menu_order":0,"comment_status":"closed","ping_status":"closed","template":"","meta":{"_acf_changed":false,"footnotes":""},"class_list":["post-55","page","type-page","status-publish","hentry"],"acf":[],"yoast_head":"<!-- This site is optimized with the Yoast SEO Premium plugin v26.8 (Yoast SEO v27.1.1) - https:\/\/yoast.com\/product\/yoast-seo-premium-wordpress\/ -->\n<title>Av\u00eds legal del lloc web Girbau | Girbau<\/title>\n<meta name=\"description\" content=\"Condicions generals d&#039;acc\u00e9s, navegaci\u00f3 i responsabilitat d&#039;aquest lloc.\" \/>\n<meta name=\"robots\" content=\"noindex, follow\" \/>\n<meta property=\"og:locale\" content=\"ca_ES\" \/>\n<meta property=\"og:type\" content=\"article\" \/>\n<meta property=\"og:title\" content=\"Av\u00eds Legal\" \/>\n<meta property=\"og:description\" content=\"Condicions generals d&#039;acc\u00e9s, navegaci\u00f3 i responsabilitat d&#039;aquest lloc.\" \/>\n<meta property=\"og:url\" content=\"https:\/\/www.girbau.com\/es-ca\/avis-legal\/\" \/>\n<meta property=\"og:site_name\" content=\"Girbau CA\" \/>\n<meta property=\"article:modified_time\" content=\"2026-01-23T13:19:34+00:00\" \/>\n<meta name=\"twitter:card\" content=\"summary_large_image\" \/>\n<script type=\"application\/ld+json\" class=\"yoast-schema-graph\">{\"@context\":\"https:\/\/schema.org\",\"@graph\":[{\"@type\":\"WebPage\",\"@id\":\"https:\/\/www.girbau.com\/es-ca\/avis-legal\/\",\"url\":\"https:\/\/www.girbau.com\/es-ca\/avis-legal\/\",\"name\":\"Av\u00eds legal del lloc web Girbau | Girbau\",\"isPartOf\":{\"@id\":\"https:\/\/www.girbau.com\/es-ca\/#website\"},\"datePublished\":\"2025-11-25T12:06:42+00:00\",\"dateModified\":\"2026-01-23T13:19:34+00:00\",\"description\":\"Condicions generals d'acc\u00e9s, navegaci\u00f3 i responsabilitat d'aquest lloc.\",\"breadcrumb\":{\"@id\":\"https:\/\/www.girbau.com\/es-ca\/avis-legal\/#breadcrumb\"},\"inLanguage\":\"ca\",\"potentialAction\":[{\"@type\":\"ReadAction\",\"target\":[\"https:\/\/www.girbau.com\/es-ca\/avis-legal\/\"]}]},{\"@type\":\"BreadcrumbList\",\"@id\":\"https:\/\/www.girbau.com\/es-ca\/avis-legal\/#breadcrumb\",\"itemListElement\":[{\"@type\":\"ListItem\",\"position\":1,\"name\":\"Home\",\"item\":\"https:\/\/www.girbau.com\/es-ca\/\"},{\"@type\":\"ListItem\",\"position\":2,\"name\":\"Av\u00eds Legal\"}]},{\"@type\":\"WebSite\",\"@id\":\"https:\/\/www.girbau.com\/es-ca\/#website\",\"url\":\"https:\/\/www.girbau.com\/es-ca\/\",\"name\":\"Girbau CA\",\"description\":\"\",\"potentialAction\":[{\"@type\":\"SearchAction\",\"target\":{\"@type\":\"EntryPoint\",\"urlTemplate\":\"https:\/\/www.girbau.com\/es-ca\/?s={search_term_string}\"},\"query-input\":{\"@type\":\"PropertyValueSpecification\",\"valueRequired\":true,\"valueName\":\"search_term_string\"}}],\"inLanguage\":\"ca\"}]}<\/script>\n<!-- \/ Yoast SEO Premium plugin. -->","yoast_head_json":{"title":"Av\u00eds legal del lloc web Girbau | Girbau","description":"Condicions generals d'acc\u00e9s, navegaci\u00f3 i responsabilitat d'aquest lloc.","robots":{"index":"noindex","follow":"follow"},"og_locale":"ca_ES","og_type":"article","og_title":"Av\u00eds Legal","og_description":"Condicions generals d'acc\u00e9s, navegaci\u00f3 i responsabilitat d'aquest lloc.","og_url":"https:\/\/www.girbau.com\/es-ca\/avis-legal\/","og_site_name":"Girbau CA","article_modified_time":"2026-01-23T13:19:34+00:00","twitter_card":"summary_large_image","schema":{"@context":"https:\/\/schema.org","@graph":[{"@type":"WebPage","@id":"https:\/\/www.girbau.com\/es-ca\/avis-legal\/","url":"https:\/\/www.girbau.com\/es-ca\/avis-legal\/","name":"Av\u00eds legal del lloc web Girbau | Girbau","isPartOf":{"@id":"https:\/\/www.girbau.com\/es-ca\/#website"},"datePublished":"2025-11-25T12:06:42+00:00","dateModified":"2026-01-23T13:19:34+00:00","description":"Condicions generals d'acc\u00e9s, navegaci\u00f3 i responsabilitat d'aquest lloc.","breadcrumb":{"@id":"https:\/\/www.girbau.com\/es-ca\/avis-legal\/#breadcrumb"},"inLanguage":"ca","potentialAction":[{"@type":"ReadAction","target":["https:\/\/www.girbau.com\/es-ca\/avis-legal\/"]}]},{"@type":"BreadcrumbList","@id":"https:\/\/www.girbau.com\/es-ca\/avis-legal\/#breadcrumb","itemListElement":[{"@type":"ListItem","position":1,"name":"Home","item":"https:\/\/www.girbau.com\/es-ca\/"},{"@type":"ListItem","position":2,"name":"Av\u00eds Legal"}]},{"@type":"WebSite","@id":"https:\/\/www.girbau.com\/es-ca\/#website","url":"https:\/\/www.girbau.com\/es-ca\/","name":"Girbau CA","description":"","potentialAction":[{"@type":"SearchAction","target":{"@type":"EntryPoint","urlTemplate":"https:\/\/www.girbau.com\/es-ca\/?s={search_term_string}"},"query-input":{"@type":"PropertyValueSpecification","valueRequired":true,"valueName":"search_term_string"}}],"inLanguage":"ca"}]}},"_links":{"self":[{"href":"https:\/\/www.girbau.com\/es-ca\/wp-json\/wp\/v2\/pages\/55","targetHints":{"allow":["GET"]}}],"collection":[{"href":"https:\/\/www.girbau.com\/es-ca\/wp-json\/wp\/v2\/pages"}],"about":[{"href":"https:\/\/www.girbau.com\/es-ca\/wp-json\/wp\/v2\/types\/page"}],"author":[{"embeddable":true,"href":"https:\/\/www.girbau.com\/es-ca\/wp-json\/wp\/v2\/users\/1"}],"replies":[{"embeddable":true,"href":"https:\/\/www.girbau.com\/es-ca\/wp-json\/wp\/v2\/comments?post=55"}],"version-history":[{"count":6,"href":"https:\/\/www.girbau.com\/es-ca\/wp-json\/wp\/v2\/pages\/55\/revisions"}],"predecessor-version":[{"id":1710,"href":"https:\/\/www.girbau.com\/es-ca\/wp-json\/wp\/v2\/pages\/55\/revisions\/1710"}],"wp:attachment":[{"href":"https:\/\/www.girbau.com\/es-ca\/wp-json\/wp\/v2\/media?parent=55"}],"curies":[{"name":"wp","href":"https:\/\/api.w.org\/{rel}","templated":true}]}}