{"id":790,"date":"2025-12-04T18:05:33","date_gmt":"2025-12-04T17:05:33","guid":{"rendered":"https:\/\/www.girbau.com\/es-ca\/certificaciones\/"},"modified":"2025-12-14T20:40:41","modified_gmt":"2025-12-14T19:40:41","slug":"certificacions","status":"publish","type":"page","link":"https:\/\/www.girbau.com\/es-ca\/certificacions\/","title":{"rendered":"Certificacions de qualitat, sostenibilitat i seguretat"},"content":{"rendered":"","protected":false},"excerpt":{"rendered":"","protected":false},"author":4,"featured_media":0,"parent":0,"menu_order":0,"comment_status":"closed","ping_status":"closed","template":"","meta":{"_acf_changed":false,"footnotes":""},"class_list":["post-790","page","type-page","status-publish","hentry"],"acf":{"page_certificaciones_main_subtitle":"Rigor, responsabilitat i enfocament a crear un impacti positiu en els personis i en el planeta","page_certificaciones_main_description":"A Girbau entenem les certificacions com un comprom\u00eds, no com un trofeu. Cada segell acredita que treballem amb rigor, seguretat i respecte per l'entorn, garantint que les nostres solucions de bugaderia sostenible compleixen els m\u00e9s alts est\u00e0ndards de qualitat i sostenibilitat.","page_certificaciones_sections_sections":[{"certificaciones_sections_section_name":"","certificaciones_sections_pretitle":"","certificaciones_sections_title":"Qualitat","certificaciones_sections_description":"","certificaciones_sections_content_items":[{"certificaciones_sections_title":"Qualitat en cada proc\u00e9s","certificaciones_sections_content":"A Girbau, cada m\u00e0quina i component se sotmet a controls exhaustius que garanteixen la seva fiabilitat, durabilitat i seguretat. Les certificacions internacionals que recolzen als nostres equips s\u00f3n la millor prova d'un comprom\u00eds continu amb l'excel\u00b7l\u00e8ncia i la millora constant.","certificaciones_sections_image":1028,"certificaciones_sections_image_position":"right","certificaciones_sections_button_label":"","certificaciones_sections_button_action":"url","certificaciones_sections_button_url":"","certificaciones_sections_button_post":null,"certificaciones_sections_button_file":null,"certificaciones_sections_button_modal_url":"","certificaciones_sections_button":null}],"certificaciones_sections_cards":[{"certificaciones_sections_title":"SO 9001 \u2013 Sistema de gesti\u00f3 de la qualitat per a Girbau S.A. i Girbau Robotics","certificaciones_sections_description":"La certificaci\u00f3 ISO 9001 acredita que Girbau S.A. i Girbau Robotics (France) apliquen un sistema de gesti\u00f3 de la qualitat que garanteix l'excel\u00b7l\u00e8ncia en el disseny, la fabricaci\u00f3 i el servei. Aquesta norma, vigent des de 1996, assegura la tra\u00e7abilitat de cada producte i la satisfacci\u00f3 constant dels nostres clients.","certificaciones_sections_button_label":"Veure certificaci\u00f3","certificaciones_sections_button_action":"file","certificaciones_sections_button_url":"","certificaciones_sections_button_post":null,"certificaciones_sections_button_file":1474,"certificaciones_sections_button_modal_url":"","certificaciones_sections_button":null},{"certificaciones_sections_title":"ISO 9001 \u2013 Sistema de gesti\u00f3 de la qualitat per a Girbau Laundry Machinery (Xangai)","certificaciones_sections_description":"La certificaci\u00f3 ISO 9001 acredita que la planta de Girbau Laundry Machinery (Shangh\u00e1i) aplica un sistema de gesti\u00f3 de la qualitat conforme als est\u00e0ndards internacionals. Aquest reconeixement avala la fiabilitat dels nostres processos i refor\u00e7a la confian\u00e7a global en les solucions de bugaderia professional del grup.","certificaciones_sections_button_label":"Veure certificaci\u00f3","certificaciones_sections_button_action":"file","certificaciones_sections_button_url":"","certificaciones_sections_button_post":null,"certificaciones_sections_button_file":1145,"certificaciones_sections_button_modal_url":"","certificaciones_sections_button":null}]},{"certificaciones_sections_section_name":"","certificaciones_sections_pretitle":"","certificaciones_sections_title":"Medi Ambient","certificaciones_sections_description":"","certificaciones_sections_content_items":[{"certificaciones_sections_title":"Compromesos amb un entorn m\u00e9s net i sostenible","certificaciones_sections_content":"<div class=\"traductor-textarea form-group\">\r\n<div class=\"textarea-desti col-xs-12 col-sm-6\">\r\n<div class=\"form-control second-textarea\">La sostenibilitat est\u00e0 integrada en tot el que fem. Des del disseny de producte fins a la gesti\u00f3 de residus, apliquem criteris que redueixen l'impacte ambiental i milloren l'efici\u00e8ncia energ\u00e8tica. Aquestes certificacions de sostenibilitat reflecteixen un model de bugaderia responsable i amb visi\u00f3 de futur.<\/div>\r\n<\/div>\r\n<\/div>\r\n<div class=\"traductor-checkbox form-group\">\r\n<div class=\"row\">\r\n<div class=\"col-sm-offset-2 col-sm-5\"><\/div>\r\n<\/div>\r\n<\/div>","certificaciones_sections_image":1029,"certificaciones_sections_image_position":"right","certificaciones_sections_button_label":"","certificaciones_sections_button_action":"url","certificaciones_sections_button_url":"","certificaciones_sections_button_post":null,"certificaciones_sections_button_file":null,"certificaciones_sections_button_modal_url":"","certificaciones_sections_button":null}],"certificaciones_sections_cards":[{"certificaciones_sections_title":"ISO 14001 \u2013 Gesti\u00f3 ambiental certificada per a Girbau S.A. i Girbau Robotics","certificaciones_sections_description":"La certificaci\u00f3 ISO 14001 acredita que Girbau S.A. i Girbau Robotics apliquen un sistema de gesti\u00f3 ambiental que minimitza l'impacte de les seves operacions. Ambdues integren l'efici\u00e8ncia energ\u00e8tica, la gesti\u00f3 responsable de residus i la millora cont\u00ednua en els seus centres productius.","certificaciones_sections_button_label":"Veure certificaci\u00f3","certificaciones_sections_button_action":"file","certificaciones_sections_button_url":"","certificaciones_sections_button_post":null,"certificaciones_sections_button_file":1475,"certificaciones_sections_button_modal_url":"","certificaciones_sections_button":null},{"certificaciones_sections_title":"ISO 14001 \u2013 Gesti\u00f3 ambiental certificada per a Girbau Laundry Machinery (Xangai)","certificaciones_sections_description":"La certificaci\u00f3 ISO 14001 acredita que la nostra planta productiva a Xangai, la Xina, aplica un sistema de gesti\u00f3 ambiental que minimitza l'impacte de les seves operacions.\r\n","certificaciones_sections_button_label":"Veure certificaci\u00f3","certificaciones_sections_button_action":"file","certificaciones_sections_button_url":"","certificaciones_sections_button_post":null,"certificaciones_sections_button_file":1148,"certificaciones_sections_button_modal_url":"","certificaciones_sections_button":null},{"certificaciones_sections_title":"EMAS (Eco-Management and Audit Scheme) per a Girbau S.A.","certificaciones_sections_description":"La certificaci\u00f3 EMAS acredita la inscripci\u00f3 de Girbau S. a. en el registre europeu de gesti\u00f3 i auditoria ambiental m\u00e9s exigent de la UE. Des de 2004, aquest reconeixement garanteix que els nostres centres operen amb criteris de transpar\u00e8ncia, millora cont\u00ednua i comprom\u00eds real amb una bugaderia sostenible.","certificaciones_sections_button_label":"Veure certificaci\u00f3","certificaciones_sections_button_action":"file","certificaciones_sections_button_url":"","certificaciones_sections_button_post":null,"certificaciones_sections_button_file":1470,"certificaciones_sections_button_modal_url":"","certificaciones_sections_button":null},{"certificaciones_sections_title":"MITECO","certificaciones_sections_description":"Certificaci\u00f3 oficial que acredita el c\u00e0lcul i la reducci\u00f3 de la petjada de carboni (abasts 1+2) segons el Registre del Ministeri per a la Transici\u00f3 Ecol\u00f2gica.","certificaciones_sections_button_label":"Veure certificaci\u00f3","certificaciones_sections_button_action":"file","certificaciones_sections_button_url":"","certificaciones_sections_button_post":null,"certificaciones_sections_button_file":1457,"certificaciones_sections_button_modal_url":"","certificaciones_sections_button":null}]},{"certificaciones_sections_section_name":"","certificaciones_sections_pretitle":"","certificaciones_sections_title":"Seguretat i salut","certificaciones_sections_description":"","certificaciones_sections_content_items":[{"certificaciones_sections_title":"Seguretat i salut certificada per a persones i processos","certificaciones_sections_content":"<div class=\"flex max-w-full flex-col grow\">\r\n<div class=\"min-h-8 text-message relative flex w-full flex-col items-end gap-2 text-start break-words whitespace-normal [.text-message+&amp;]:mt-1\" dir=\"auto\" data-message-author-role=\"assistant\" data-message-id=\"c4a15016-3ba9-42e0-88c5-057274262020\" data-message-model-slug=\"gpt-5-1\">\r\n<div class=\"flex w-full flex-col gap-1 empty:hidden first:pt-[1px]\">\r\n<div class=\"markdown prose dark:prose-invert w-full break-words light markdown-new-styling\">\r\n<p data-start=\"0\" data-end=\"408\" data-is-last-node=\"\" data-is-only-node=\"\">La seguretat i la salut del nostre equip s\u00f3n palanques essencials de la nostra estrat\u00e8gia operativa. Des de la prevenci\u00f3 de riscos fins a la millora cont\u00ednua dels nostres entorns de treball, apliquem est\u00e0ndards que reforcen la protecci\u00f3 i el benestar de les persones. Aquestes certificacions ISO acrediten un model de gesti\u00f3 s\u00f2lid, proactiu i plenament alineat amb les millors pr\u00e0ctiques internacionals.<\/p>\r\n\r\n<\/div>\r\n<\/div>\r\n<\/div>\r\n<\/div>\r\n<div class=\"z-0 flex min-h-[46px] justify-start\"><\/div>\r\n<div class=\"mt-3 w-full empty:hidden\">\r\n<div class=\"text-center\"><\/div>\r\n<\/div>\r\n<div class=\"keyword-surfer\">\r\n<div class=\"flex items-center gap-[6px]\"><\/div>\r\n<\/div>","certificaciones_sections_image":1339,"certificaciones_sections_image_position":"right","certificaciones_sections_button_label":"","certificaciones_sections_button_action":"url","certificaciones_sections_button_url":"","certificaciones_sections_button_post":null,"certificaciones_sections_button_file":null,"certificaciones_sections_button_modal_url":"","certificaciones_sections_button":null}],"certificaciones_sections_cards":[{"certificaciones_sections_title":"ISO 45001 - Sistemes de seguretat i salut certificats per a Girbau S.A. i Girbau Robotics","certificaciones_sections_description":"La certificaci\u00f3 ISO 45001 acredita que Girbau S.A. (Vic) i Girbau Robotics (France) apliquen un sistema de gesti\u00f3 de la seguretat i salut laboral conforme als requisits internacionals. Aquesta norma garanteix entorns de treball segurs, promou la prevenci\u00f3 de riscos i fomenta la millora cont\u00ednua del benestar de les persones","certificaciones_sections_button_label":"Veure certificaci\u00f3","certificaciones_sections_button_action":"file","certificaciones_sections_button_url":"","certificaciones_sections_button_post":null,"certificaciones_sections_button_file":1476,"certificaciones_sections_button_modal_url":"","certificaciones_sections_button":null},{"certificaciones_sections_title":"ISO 45001 - Sistemes de seguretat i salut certificats per a Girbau Laundry Machinery (Xangai)","certificaciones_sections_description":"La certificaci\u00f3 ISO 45001 acredita que la planta de Girbau Laundry Machinery (Shangh\u00e1i) aplica un sistema de gesti\u00f3 de la seguretat i salut laboral alineat amb els est\u00e0ndards internacionals.\r\nAquest reconeixement avala unes condicions de treball segures, saludables i sostenibles en totes les seves operacions.","certificaciones_sections_button_label":"Veure certificaci\u00f3","certificaciones_sections_button_action":"file","certificaciones_sections_button_url":"","certificaciones_sections_button_post":null,"certificaciones_sections_button_file":1153,"certificaciones_sections_button_modal_url":"","certificaciones_sections_button":null}]}],"page_certificaciones_json_schema_json_schema":""},"yoast_head":"<!-- This site is optimized with the Yoast SEO Premium plugin v26.8 (Yoast SEO v27.1.1) - https:\/\/yoast.com\/product\/yoast-seo-premium-wordpress\/ -->\n<title>Certificacions de qualitat i sostenibilitat | Girbau<\/title>\n<meta name=\"description\" content=\"Coneix les certificacions que avalen la qualitat i sostenibilitat en tots els equips i sistemes Girbau.\" \/>\n<meta name=\"robots\" content=\"index, follow, max-snippet:-1, max-image-preview:large, max-video-preview:-1\" \/>\n<link rel=\"canonical\" href=\"https:\/\/www.girbau.com\/es-ca\/certificacions\/\" \/>\n<meta property=\"og:locale\" content=\"ca_ES\" \/>\n<meta property=\"og:type\" content=\"article\" \/>\n<meta property=\"og:title\" content=\"Certificacions de qualitat, sostenibilitat i seguretat\" \/>\n<meta property=\"og:description\" content=\"Coneix les certificacions que avalen la qualitat i sostenibilitat en tots els equips i sistemes Girbau.\" \/>\n<meta property=\"og:url\" content=\"https:\/\/www.girbau.com\/es-ca\/certificacions\/\" \/>\n<meta property=\"og:site_name\" content=\"Girbau CA\" \/>\n<meta property=\"article:modified_time\" content=\"2025-12-14T19:40:41+00:00\" \/>\n<meta name=\"twitter:card\" content=\"summary_large_image\" \/>\n<script type=\"application\/ld+json\" class=\"yoast-schema-graph\">{\"@context\":\"https:\/\/schema.org\",\"@graph\":[{\"@type\":\"WebPage\",\"@id\":\"https:\/\/www.girbau.com\/es-ca\/certificacions\/\",\"url\":\"https:\/\/www.girbau.com\/es-ca\/certificacions\/\",\"name\":\"Certificacions de qualitat i sostenibilitat | Girbau\",\"isPartOf\":{\"@id\":\"https:\/\/www.girbau.com\/es-ca\/#website\"},\"datePublished\":\"2025-12-04T17:05:33+00:00\",\"dateModified\":\"2025-12-14T19:40:41+00:00\",\"description\":\"Coneix les certificacions que avalen la qualitat i sostenibilitat en tots els equips i sistemes Girbau.\",\"breadcrumb\":{\"@id\":\"https:\/\/www.girbau.com\/es-ca\/certificacions\/#breadcrumb\"},\"inLanguage\":\"ca\",\"potentialAction\":[{\"@type\":\"ReadAction\",\"target\":[\"https:\/\/www.girbau.com\/es-ca\/certificacions\/\"]}]},{\"@type\":\"BreadcrumbList\",\"@id\":\"https:\/\/www.girbau.com\/es-ca\/certificacions\/#breadcrumb\",\"itemListElement\":[{\"@type\":\"ListItem\",\"position\":1,\"name\":\"Home\",\"item\":\"https:\/\/www.girbau.com\/es-ca\/\"},{\"@type\":\"ListItem\",\"position\":2,\"name\":\"Certificacions de qualitat, sostenibilitat i seguretat\"}]},{\"@type\":\"WebSite\",\"@id\":\"https:\/\/www.girbau.com\/es-ca\/#website\",\"url\":\"https:\/\/www.girbau.com\/es-ca\/\",\"name\":\"Girbau CA\",\"description\":\"\",\"potentialAction\":[{\"@type\":\"SearchAction\",\"target\":{\"@type\":\"EntryPoint\",\"urlTemplate\":\"https:\/\/www.girbau.com\/es-ca\/?s={search_term_string}\"},\"query-input\":{\"@type\":\"PropertyValueSpecification\",\"valueRequired\":true,\"valueName\":\"search_term_string\"}}],\"inLanguage\":\"ca\"}]}<\/script>\n<!-- \/ Yoast SEO Premium plugin. -->","yoast_head_json":{"title":"Certificacions de qualitat i sostenibilitat | Girbau","description":"Coneix les certificacions que avalen la qualitat i sostenibilitat en tots els equips i sistemes Girbau.","robots":{"index":"index","follow":"follow","max-snippet":"max-snippet:-1","max-image-preview":"max-image-preview:large","max-video-preview":"max-video-preview:-1"},"canonical":"https:\/\/www.girbau.com\/es-ca\/certificacions\/","og_locale":"ca_ES","og_type":"article","og_title":"Certificacions de qualitat, sostenibilitat i seguretat","og_description":"Coneix les certificacions que avalen la qualitat i sostenibilitat en tots els equips i sistemes Girbau.","og_url":"https:\/\/www.girbau.com\/es-ca\/certificacions\/","og_site_name":"Girbau CA","article_modified_time":"2025-12-14T19:40:41+00:00","twitter_card":"summary_large_image","schema":{"@context":"https:\/\/schema.org","@graph":[{"@type":"WebPage","@id":"https:\/\/www.girbau.com\/es-ca\/certificacions\/","url":"https:\/\/www.girbau.com\/es-ca\/certificacions\/","name":"Certificacions de qualitat i sostenibilitat | Girbau","isPartOf":{"@id":"https:\/\/www.girbau.com\/es-ca\/#website"},"datePublished":"2025-12-04T17:05:33+00:00","dateModified":"2025-12-14T19:40:41+00:00","description":"Coneix les certificacions que avalen la qualitat i sostenibilitat en tots els equips i sistemes Girbau.","breadcrumb":{"@id":"https:\/\/www.girbau.com\/es-ca\/certificacions\/#breadcrumb"},"inLanguage":"ca","potentialAction":[{"@type":"ReadAction","target":["https:\/\/www.girbau.com\/es-ca\/certificacions\/"]}]},{"@type":"BreadcrumbList","@id":"https:\/\/www.girbau.com\/es-ca\/certificacions\/#breadcrumb","itemListElement":[{"@type":"ListItem","position":1,"name":"Home","item":"https:\/\/www.girbau.com\/es-ca\/"},{"@type":"ListItem","position":2,"name":"Certificacions de qualitat, sostenibilitat i seguretat"}]},{"@type":"WebSite","@id":"https:\/\/www.girbau.com\/es-ca\/#website","url":"https:\/\/www.girbau.com\/es-ca\/","name":"Girbau CA","description":"","potentialAction":[{"@type":"SearchAction","target":{"@type":"EntryPoint","urlTemplate":"https:\/\/www.girbau.com\/es-ca\/?s={search_term_string}"},"query-input":{"@type":"PropertyValueSpecification","valueRequired":true,"valueName":"search_term_string"}}],"inLanguage":"ca"}]}},"_links":{"self":[{"href":"https:\/\/www.girbau.com\/es-ca\/wp-json\/wp\/v2\/pages\/790","targetHints":{"allow":["GET"]}}],"collection":[{"href":"https:\/\/www.girbau.com\/es-ca\/wp-json\/wp\/v2\/pages"}],"about":[{"href":"https:\/\/www.girbau.com\/es-ca\/wp-json\/wp\/v2\/types\/page"}],"author":[{"embeddable":true,"href":"https:\/\/www.girbau.com\/es-ca\/wp-json\/wp\/v2\/users\/4"}],"replies":[{"embeddable":true,"href":"https:\/\/www.girbau.com\/es-ca\/wp-json\/wp\/v2\/comments?post=790"}],"version-history":[{"count":12,"href":"https:\/\/www.girbau.com\/es-ca\/wp-json\/wp\/v2\/pages\/790\/revisions"}],"predecessor-version":[{"id":1477,"href":"https:\/\/www.girbau.com\/es-ca\/wp-json\/wp\/v2\/pages\/790\/revisions\/1477"}],"wp:attachment":[{"href":"https:\/\/www.girbau.com\/es-ca\/wp-json\/wp\/v2\/media?parent=790"}],"curies":[{"name":"wp","href":"https:\/\/api.w.org\/{rel}","templated":true}]}}