{"id":791,"date":"2025-12-04T18:05:33","date_gmt":"2025-12-04T17:05:33","guid":{"rendered":"https:\/\/www.girbau.com\/es-ca\/trabajar-en-girbau\/"},"modified":"2026-01-16T11:21:17","modified_gmt":"2026-01-16T10:21:17","slug":"treballar-a-girbau","status":"publish","type":"page","link":"https:\/\/www.girbau.com\/es-ca\/treballar-a-girbau\/","title":{"rendered":"Treballar a Girbau"},"content":{"rendered":"","protected":false},"excerpt":{"rendered":"","protected":false},"author":10,"featured_media":0,"parent":0,"menu_order":0,"comment_status":"closed","ping_status":"closed","template":"","meta":{"_acf_changed":false,"footnotes":""},"class_list":["post-791","page","type-page","status-publish","hentry"],"acf":{"page_trabajar_en_girbau_main_subtitle":"Forma part d'un equip on les persones comparteixen idees, talent i prop\u00f2sit","page_trabajar_en_girbau_main_description":"Creiem en les persones com a motor de tot el que fem. Aqu\u00ed trobar\u00e0s un entorn on cr\u00e9ixer professionalment, aportar les teves idees i aprendre cada dia. Apostem per la innovaci\u00f3, la sostenibilitat i el benestar, formant un equip hum\u00e0 que impulsa l'evoluci\u00f3 del sector a nivell internacional.\r\n","page_trabajar_en_girbau_main_background":1271,"page_trabajar_en_girbau_main_background_video_small":"https:\/\/www.girbau.com\/es-ca\/wp-content\/uploads\/sites\/5\/2025\/12\/girbau-careers-work-with-us-banner-video-480.webm","page_trabajar_en_girbau_main_background_video_medium":"https:\/\/www.girbau.com\/es-ca\/wp-content\/uploads\/sites\/5\/2025\/12\/girbau-careers-work-with-us-banner-video-900.webm","page_trabajar_en_girbau_main_background_video_large":"https:\/\/www.girbau.com\/es-ca\/wp-content\/uploads\/sites\/5\/2025\/12\/girbau-careers-work-with-us-banner-video-1400.webm","page_trabajar_en_girbau_main_background_video_extra_large":"https:\/\/www.girbau.com\/es-ca\/wp-content\/uploads\/sites\/5\/2025\/12\/girbau-careers-work-with-us-banner-video-1920.webm","page_trabajar_en_girbau_features_enabled":true,"page_trabajar_en_girbau_features_tag":"","page_trabajar_en_girbau_features_columns":"3","page_trabajar_en_girbau_features_title":"Per qu\u00e8 treballar en Girbau?","page_trabajar_en_girbau_features_description":"","page_trabajar_en_girbau_features_features":[{"trabajar_en_girbau_features_icon":"pasion","trabajar_en_girbau_features_title":"Arrels familiars i mirada global","trabajar_en_girbau_features_content":"<div class=\"traductor-textarea form-group\">\r\n<div class=\"textarea-desti col-xs-12 col-sm-6\">\r\n<div class=\"form-control second-textarea\">Som una empresa familiar amb pres\u00e8ncia internacional a trav\u00e9s de 15 filials. Un entorn pr\u00f2xim, estable i amb visi\u00f3 de futur, on pots desenvolupar-te personal i professionalment.<\/div>\r\n<\/div>\r\n<\/div>\r\n<div class=\"traductor-checkbox form-group\">\r\n<div class=\"row\">\r\n<div class=\"col-sm-offset-2 col-sm-5\"><\/div>\r\n<\/div>\r\n<\/div>"},{"trabajar_en_girbau_features_icon":"crecimiento","trabajar_en_girbau_features_title":"Cr\u00e9ixer \u00e9s part del cam\u00ed","trabajar_en_girbau_features_content":"<div class=\"traductor-textarea form-group\">\r\n<div class=\"textarea-desti col-xs-12 col-sm-6\">\r\n<div class=\"form-control second-textarea\">Aqu\u00ed les traject\u00f2ries no es detenen. Cada persona troba espai per a evolucionar, assumir nous reptes i aprendre, avan\u00e7ant sempre amb el suport de l'equip.<\/div>\r\n<\/div>\r\n<\/div>\r\n<div class=\"traductor-checkbox form-group\">\r\n<div class=\"row\">\r\n<div class=\"col-sm-offset-2 col-sm-5\"><\/div>\r\n<\/div>\r\n<\/div>"},{"trabajar_en_girbau_features_icon":"sostenibilidad","trabajar_en_girbau_features_title":"Canvi amb prop\u00f2sit","trabajar_en_girbau_features_content":"<div class=\"traductor-textarea form-group\">\r\n<div class=\"textarea-desti col-xs-12 col-sm-6\">\r\n<div class=\"form-control second-textarea\">La nostra transformaci\u00f3 es basa en la digitalitzaci\u00f3, la sostenibilitat i la innovaci\u00f3, amb el prop\u00f2sit de ser referents creant un impacte positiu en les persones i en el planeta.<\/div>\r\n<\/div>\r\n<\/div>\r\n<div class=\"traductor-checkbox form-group\">\r\n<div class=\"row\">\r\n<div class=\"col-sm-offset-2 col-sm-5\"><\/div>\r\n<\/div>\r\n<\/div>"},{"trabajar_en_girbau_features_icon":"user-centered","trabajar_en_girbau_features_title":"Les persones, la nostra prioritat","trabajar_en_girbau_features_content":"<div class=\"traductor-textarea form-group\">\r\n<div class=\"textarea-desti col-xs-12 col-sm-6\">\r\n<div class=\"form-control second-textarea\">Creiem en la for\u00e7a de l'actitud, la diversitat i el comprom\u00eds. Cuidem de l'equip hum\u00e0 perqu\u00e8 el seu benestar \u00e9s la base de tot el que fem.<\/div>\r\n<\/div>\r\n<\/div>\r\n<div class=\"traductor-checkbox form-group\">\r\n<div class=\"row\">\r\n<div class=\"col-sm-offset-2 col-sm-5\"><\/div>\r\n<\/div>\r\n<\/div>\r\n<strong>\u00a0<\/strong>"}],"page_trabajar_en_girbau_jobs_enabled":true,"page_trabajar_en_girbau_jobs_tag":"T'esperem","page_trabajar_en_girbau_jobs_title":"Ofertes de feina","page_trabajar_en_girbau_jobs_description":"T'agradaria unir-te a un equip que impulsa la innovaci\u00f3 en bugaderia industrial? Explora les oportunitats d'ocupaci\u00f3 en Girbau i troba el lloc on desenvolupar el teu talent.\r\n","page_trabajar_en_girbau_jobs_show_all":true,"page_trabajar_en_girbau_jobs_selected_jobs":[590,1503,1501],"page_trabajar_en_girbau_jobs_min_cards":5,"page_trabajar_en_girbau_jobs_show_buttons":true,"page_trabajar_en_girbau_featured_enabled":true,"page_trabajar_en_girbau_featured_tag":"Volem con\u00e8ixe't","page_trabajar_en_girbau_featured_title":"No trobes ara una oferta per a tu?","page_trabajar_en_girbau_featured_content_type":"text","page_trabajar_en_girbau_featured_content_text":"<div class=\"traductor-textarea form-group\">\r\n<div class=\"textarea-desti col-xs-12 col-sm-6\">\r\n<div class=\"form-control second-textarea\">Continuem creixent i sempre busquem persones amb iniciativa, comprom\u00eds i ganes d'aprendre. Si t'identifiques amb la nostra manera de treballar, envia'ns la teva candidatura, la tindrem present per a futures oportunitats d'ocupaci\u00f3 en\u00a0Girbau.<\/div>\r\n<\/div>\r\n<\/div>\r\n<div class=\"traductor-checkbox form-group\">\r\n<div class=\"row\">\r\n<div class=\"col-sm-offset-2 col-sm-5\"><\/div>\r\n<\/div>\r\n<\/div>","page_trabajar_en_girbau_featured_content_items":null,"page_trabajar_en_girbau_featured_image":1676,"page_trabajar_en_girbau_featured_image_position":"left","page_trabajar_en_girbau_featured_button_label":"Enviar el meu CV","page_trabajar_en_girbau_featured_button_action":"modal","page_trabajar_en_girbau_featured_button_url":"https:\/\/form.jotform.com\/253082137387359","page_trabajar_en_girbau_featured_button_post":"","page_trabajar_en_girbau_featured_button_file":"","page_trabajar_en_girbau_featured_button_modal_url":"https:\/\/form.jotform.com\/253082137387359","page_trabajar_en_girbau_featured_button":"","page_trabajar_en_girbau_gallery_enabled":true,"page_trabajar_en_girbau_gallery_tag":"Hist\u00f2ries reals","page_trabajar_en_girbau_gallery_title":"Con\u00e8ix l'equip","page_trabajar_en_girbau_gallery_items":[{"trabajar_en_girbau_gallery_media":1036,"trabajar_en_girbau_gallery_wide_size":false},{"trabajar_en_girbau_gallery_media":1037,"trabajar_en_girbau_gallery_wide_size":false},{"trabajar_en_girbau_gallery_media":1038,"trabajar_en_girbau_gallery_wide_size":false},{"trabajar_en_girbau_gallery_media":1039,"trabajar_en_girbau_gallery_wide_size":false},{"trabajar_en_girbau_gallery_media":1040,"trabajar_en_girbau_gallery_wide_size":false},{"trabajar_en_girbau_gallery_media":1041,"trabajar_en_girbau_gallery_wide_size":false},{"trabajar_en_girbau_gallery_media":1035,"trabajar_en_girbau_gallery_wide_size":false}],"page_trabajar_en_girbau_features_bottom_enabled":true,"page_trabajar_en_girbau_features_bottom_tag":"Per qu\u00e8 triar-nos","page_trabajar_en_girbau_features_bottom_columns":"3","page_trabajar_en_girbau_features_bottom_title":"El que ens defineix","page_trabajar_en_girbau_features_bottom_description":"","page_trabajar_en_girbau_features_bottom_features":[{"trabajar_en_girbau_features_bottom_icon":"excelencia","trabajar_en_girbau_features_bottom_title":"Excel\u00b7l\u00e8ncia","trabajar_en_girbau_features_bottom_content":"<div class=\"traductor-textarea form-group\">\r\n<div class=\"textarea-desti col-xs-12 col-sm-6\">\r\n<div class=\"form-control second-textarea\">Ens movem i treballem intensament per a garantir la qualitat en el servei, els productes, els processos i les relacions, sempre buscant la millora cont\u00ednua i la satisfacci\u00f3 del client.<\/div>\r\n<\/div>\r\n<\/div>\r\n<div class=\"traductor-checkbox form-group\">\r\n<div class=\"row\">\r\n<div class=\"col-sm-offset-2 col-sm-5\"><\/div>\r\n<\/div>\r\n<\/div>"},{"trabajar_en_girbau_features_bottom_icon":"colaboracion","trabajar_en_girbau_features_bottom_title":"Col\u00b7laboraci\u00f3","trabajar_en_girbau_features_bottom_content":"<div class=\"traductor-textarea form-group\">\r\n<div class=\"textarea-desti col-xs-12 col-sm-6\">\r\n<div class=\"form-control second-textarea\">Treballem junts com un sol equip, interna i externament, amb el prop\u00f2sit de compartir experi\u00e8ncia i coneixements amb la comunitat, i aconseguir que el resultat sigui superior a la suma dels esfor\u00e7os individuals.<\/div>\r\n<\/div>\r\n<\/div>\r\n<div class=\"traductor-checkbox form-group\">\r\n<div class=\"row\">\r\n<div class=\"col-sm-offset-2 col-sm-5\"><\/div>\r\n<\/div>\r\n<\/div>"},{"trabajar_en_girbau_features_bottom_icon":"integridad","trabajar_en_girbau_features_bottom_title":"Integritat","trabajar_en_girbau_features_bottom_content":"<div class=\"traductor-textarea form-group\">\r\n<div class=\"textarea-desti col-xs-12 col-sm-6\">\r\n<div class=\"form-control second-textarea\">Actuem amb coher\u00e8ncia (valors-acci\u00f3) transpar\u00e8ncia i honestedat. Fem el correcte, fins i tot quan ning\u00fa est\u00e0 mirant.<\/div>\r\n<\/div>\r\n<\/div>\r\n<div class=\"traductor-checkbox form-group\">\r\n<div class=\"row\">\r\n<div class=\"col-sm-offset-2 col-sm-5\"><\/div>\r\n<\/div>\r\n<\/div>"},{"trabajar_en_girbau_features_bottom_icon":"user-centered","trabajar_en_girbau_features_bottom_title":"Centrats en les persones","trabajar_en_girbau_features_bottom_content":"<div class=\"traductor-textarea form-group\">\r\n<div class=\"textarea-desti col-xs-12 col-sm-6\">\r\n<div class=\"form-control second-textarea\">Tot el que fem, ho fem amb empatia, respectant les persones, el seu benestar, necessitats i diversitat, siguin clients, col\u00b7laboradors, prove\u00efdors o socis.<\/div>\r\n<\/div>\r\n<\/div>\r\n<div class=\"traductor-checkbox form-group\">\r\n<div class=\"row\">\r\n<div class=\"col-sm-offset-2 col-sm-5\"><\/div>\r\n<\/div>\r\n<\/div>"},{"trabajar_en_girbau_features_bottom_icon":"pasion","trabajar_en_girbau_features_bottom_title":"Passi\u00f3","trabajar_en_girbau_features_bottom_content":"<div class=\"traductor-textarea form-group\">\r\n<div class=\"textarea-desti col-xs-12 col-sm-6\">\r\n<div class=\"form-control second-textarea\">Ens agrada el que fem, treballem amb il\u00b7lusi\u00f3 i energia per a crear i aportar solucions innovadores, sempre amb el desig d'aprendre i preguntant-nos per qu\u00e8 fem les coses d'aquesta manera.<\/div>\r\n<\/div>\r\n<\/div>\r\n<div class=\"traductor-checkbox form-group\">\r\n<div class=\"row\">\r\n<div class=\"col-sm-offset-2 col-sm-5\"><\/div>\r\n<\/div>\r\n<\/div>"},{"trabajar_en_girbau_features_bottom_icon":"compromiso","trabajar_en_girbau_features_bottom_title":"Comprom\u00eds","trabajar_en_girbau_features_bottom_content":"<div class=\"traductor-textarea form-group\">\r\n<div class=\"textarea-desti col-xs-12 col-sm-6\">\r\n<div class=\"form-control second-textarea\">Ens enorgulleix formar part de la nostra comunitat i ens sentim responsables davant els clients, l'empresa, les persones i el planeta, treballant intensament per a aconseguir els objectius que ens proposem, superant qualsevol obstacle que es presenti.<\/div>\r\n<\/div>\r\n<\/div>\r\n<div class=\"traductor-checkbox form-group\">\r\n<div class=\"row\">\r\n<div class=\"col-sm-offset-2 col-sm-5\"><\/div>\r\n<\/div>\r\n<\/div>"}],"page_trabajar_en_girbau_json_schema_json_schema":""},"yoast_head":"<!-- This site is optimized with the Yoast SEO Premium plugin v26.8 (Yoast SEO v27.1.1) - https:\/\/yoast.com\/product\/yoast-seo-premium-wordpress\/ -->\n<title>Treballar en Girbau | feina i desenvolupament professional<\/title>\n<meta name=\"description\" content=\"Descobreix les oportunitats de feina a Girbau i forma part d&#039;un equip dedicat a la innovaci\u00f3 en bugaderia professional.\" \/>\n<meta name=\"robots\" content=\"index, follow, max-snippet:-1, max-image-preview:large, max-video-preview:-1\" \/>\n<link rel=\"canonical\" href=\"https:\/\/www.girbau.com\/es-ca\/treballar-a-girbau\/\" \/>\n<meta property=\"og:locale\" content=\"ca_ES\" \/>\n<meta property=\"og:type\" content=\"article\" \/>\n<meta property=\"og:title\" content=\"Treballar a Girbau\" \/>\n<meta property=\"og:description\" content=\"Descobreix les oportunitats de feina a Girbau i forma part d&#039;un equip dedicat a la innovaci\u00f3 en bugaderia professional.\" \/>\n<meta property=\"og:url\" content=\"https:\/\/www.girbau.com\/es-ca\/treballar-a-girbau\/\" \/>\n<meta property=\"og:site_name\" content=\"Girbau CA\" \/>\n<meta property=\"article:modified_time\" content=\"2026-01-16T10:21:17+00:00\" \/>\n<meta name=\"twitter:card\" content=\"summary_large_image\" \/>\n<script type=\"application\/ld+json\" class=\"yoast-schema-graph\">{\"@context\":\"https:\/\/schema.org\",\"@graph\":[{\"@type\":\"WebPage\",\"@id\":\"https:\/\/www.girbau.com\/es-ca\/treballar-a-girbau\/\",\"url\":\"https:\/\/www.girbau.com\/es-ca\/treballar-a-girbau\/\",\"name\":\"Treballar en Girbau | feina i desenvolupament professional\",\"isPartOf\":{\"@id\":\"https:\/\/www.girbau.com\/es-ca\/#website\"},\"datePublished\":\"2025-12-04T17:05:33+00:00\",\"dateModified\":\"2026-01-16T10:21:17+00:00\",\"description\":\"Descobreix les oportunitats de feina a Girbau i forma part d'un equip dedicat a la innovaci\u00f3 en bugaderia professional.\",\"breadcrumb\":{\"@id\":\"https:\/\/www.girbau.com\/es-ca\/treballar-a-girbau\/#breadcrumb\"},\"inLanguage\":\"ca\",\"potentialAction\":[{\"@type\":\"ReadAction\",\"target\":[\"https:\/\/www.girbau.com\/es-ca\/treballar-a-girbau\/\"]}]},{\"@type\":\"BreadcrumbList\",\"@id\":\"https:\/\/www.girbau.com\/es-ca\/treballar-a-girbau\/#breadcrumb\",\"itemListElement\":[{\"@type\":\"ListItem\",\"position\":1,\"name\":\"Home\",\"item\":\"https:\/\/www.girbau.com\/es-ca\/\"},{\"@type\":\"ListItem\",\"position\":2,\"name\":\"Treballar a Girbau\"}]},{\"@type\":\"WebSite\",\"@id\":\"https:\/\/www.girbau.com\/es-ca\/#website\",\"url\":\"https:\/\/www.girbau.com\/es-ca\/\",\"name\":\"Girbau CA\",\"description\":\"\",\"potentialAction\":[{\"@type\":\"SearchAction\",\"target\":{\"@type\":\"EntryPoint\",\"urlTemplate\":\"https:\/\/www.girbau.com\/es-ca\/?s={search_term_string}\"},\"query-input\":{\"@type\":\"PropertyValueSpecification\",\"valueRequired\":true,\"valueName\":\"search_term_string\"}}],\"inLanguage\":\"ca\"}]}<\/script>\n<!-- \/ Yoast SEO Premium plugin. -->","yoast_head_json":{"title":"Treballar en Girbau | feina i desenvolupament professional","description":"Descobreix les oportunitats de feina a Girbau i forma part d'un equip dedicat a la innovaci\u00f3 en bugaderia professional.","robots":{"index":"index","follow":"follow","max-snippet":"max-snippet:-1","max-image-preview":"max-image-preview:large","max-video-preview":"max-video-preview:-1"},"canonical":"https:\/\/www.girbau.com\/es-ca\/treballar-a-girbau\/","og_locale":"ca_ES","og_type":"article","og_title":"Treballar a Girbau","og_description":"Descobreix les oportunitats de feina a Girbau i forma part d'un equip dedicat a la innovaci\u00f3 en bugaderia professional.","og_url":"https:\/\/www.girbau.com\/es-ca\/treballar-a-girbau\/","og_site_name":"Girbau CA","article_modified_time":"2026-01-16T10:21:17+00:00","twitter_card":"summary_large_image","schema":{"@context":"https:\/\/schema.org","@graph":[{"@type":"WebPage","@id":"https:\/\/www.girbau.com\/es-ca\/treballar-a-girbau\/","url":"https:\/\/www.girbau.com\/es-ca\/treballar-a-girbau\/","name":"Treballar en Girbau | feina i desenvolupament professional","isPartOf":{"@id":"https:\/\/www.girbau.com\/es-ca\/#website"},"datePublished":"2025-12-04T17:05:33+00:00","dateModified":"2026-01-16T10:21:17+00:00","description":"Descobreix les oportunitats de feina a Girbau i forma part d'un equip dedicat a la innovaci\u00f3 en bugaderia professional.","breadcrumb":{"@id":"https:\/\/www.girbau.com\/es-ca\/treballar-a-girbau\/#breadcrumb"},"inLanguage":"ca","potentialAction":[{"@type":"ReadAction","target":["https:\/\/www.girbau.com\/es-ca\/treballar-a-girbau\/"]}]},{"@type":"BreadcrumbList","@id":"https:\/\/www.girbau.com\/es-ca\/treballar-a-girbau\/#breadcrumb","itemListElement":[{"@type":"ListItem","position":1,"name":"Home","item":"https:\/\/www.girbau.com\/es-ca\/"},{"@type":"ListItem","position":2,"name":"Treballar a Girbau"}]},{"@type":"WebSite","@id":"https:\/\/www.girbau.com\/es-ca\/#website","url":"https:\/\/www.girbau.com\/es-ca\/","name":"Girbau CA","description":"","potentialAction":[{"@type":"SearchAction","target":{"@type":"EntryPoint","urlTemplate":"https:\/\/www.girbau.com\/es-ca\/?s={search_term_string}"},"query-input":{"@type":"PropertyValueSpecification","valueRequired":true,"valueName":"search_term_string"}}],"inLanguage":"ca"}]}},"_links":{"self":[{"href":"https:\/\/www.girbau.com\/es-ca\/wp-json\/wp\/v2\/pages\/791","targetHints":{"allow":["GET"]}}],"collection":[{"href":"https:\/\/www.girbau.com\/es-ca\/wp-json\/wp\/v2\/pages"}],"about":[{"href":"https:\/\/www.girbau.com\/es-ca\/wp-json\/wp\/v2\/types\/page"}],"author":[{"embeddable":true,"href":"https:\/\/www.girbau.com\/es-ca\/wp-json\/wp\/v2\/users\/10"}],"replies":[{"embeddable":true,"href":"https:\/\/www.girbau.com\/es-ca\/wp-json\/wp\/v2\/comments?post=791"}],"version-history":[{"count":16,"href":"https:\/\/www.girbau.com\/es-ca\/wp-json\/wp\/v2\/pages\/791\/revisions"}],"predecessor-version":[{"id":1763,"href":"https:\/\/www.girbau.com\/es-ca\/wp-json\/wp\/v2\/pages\/791\/revisions\/1763"}],"acf:post":[{"embeddable":true,"href":"https:\/\/www.girbau.com\/es-ca\/wp-json\/wp\/v2\/job_post\/1501"},{"embeddable":true,"href":"https:\/\/www.girbau.com\/es-ca\/wp-json\/wp\/v2\/job_post\/1503"},{"embeddable":true,"href":"https:\/\/www.girbau.com\/es-ca\/wp-json\/wp\/v2\/job_post\/590"}],"wp:attachment":[{"href":"https:\/\/www.girbau.com\/es-ca\/wp-json\/wp\/v2\/media?parent=791"}],"curies":[{"name":"wp","href":"https:\/\/api.w.org\/{rel}","templated":true}]}}