{"id":792,"date":"2025-12-04T18:05:33","date_gmt":"2025-12-04T17:05:33","guid":{"rendered":"https:\/\/www.girbau.com\/es-ca\/memorias-de-sostenibilidad\/"},"modified":"2026-04-02T16:49:14","modified_gmt":"2026-04-02T14:49:14","slug":"reporting","status":"publish","type":"page","link":"https:\/\/www.girbau.com\/es-ca\/reporting\/","title":{"rendered":"Informes i declaracions ambientals"},"content":{"rendered":"","protected":false},"excerpt":{"rendered":"","protected":false},"author":4,"featured_media":0,"parent":0,"menu_order":0,"comment_status":"closed","ping_status":"closed","template":"","meta":{"_acf_changed":false,"footnotes":""},"class_list":["post-792","page","type-page","status-publish","hentry"],"acf":{"page_memorias_sostenibilidad_main_subtitle":"Transpar\u00e8ncia, acci\u00f3 i millora cont\u00ednua per un futur m\u00e9s sostenible","page_memorias_sostenibilidad_main_description":"A Girbau entenem la sostenibilitat com una manera d'actuar, no sols d'informar.\r\nA trav\u00e9s dels nostres informes de sostenibilitat i declaracions ambientals, compartim de manera transparent els avan\u00e7os, resultats i compromisos que guien la nostra gesti\u00f3 responsable dels recursos i del planeta.\r\n","page_memorias_sostenibilidad_collapsible_enabled":true,"page_memorias_sostenibilidad_collapsible_narrow_container":false,"page_memorias_sostenibilidad_collapsible_narrow_content":false,"page_memorias_sostenibilidad_collapsible_tag":"","page_memorias_sostenibilidad_collapsible_title":"Informes de sostenibilitat","page_memorias_sostenibilidad_collapsible_description":"","page_memorias_sostenibilidad_collapsible_text":"","page_memorias_sostenibilidad_collapsible_items":[{"memorias_sostenibilidad_collapsible_title":"2024","memorias_sostenibilidad_collapsible_content":"","memorias_sostenibilidad_collapsible_cards":[{"memorias_sostenibilidad_collapsible_card_title":"Mem\u00f2ria de Sostenibilitat 2024","memorias_sostenibilidad_collapsible_card_description":"","memorias_sostenibilidad_collapsible_button_label":"Veure mem\u00f2ria","memorias_sostenibilidad_collapsible_button_action":"file","memorias_sostenibilidad_collapsible_button_url":"","memorias_sostenibilidad_collapsible_button_post":null,"memorias_sostenibilidad_collapsible_button_file":1139,"memorias_sostenibilidad_collapsible_button_modal_url":"","memorias_sostenibilidad_collapsible_button":""},{"memorias_sostenibilidad_collapsible_card_title":"Video Resum 2024","memorias_sostenibilidad_collapsible_card_description":"","memorias_sostenibilidad_collapsible_button_label":"Veure video","memorias_sostenibilidad_collapsible_button_action":"url","memorias_sostenibilidad_collapsible_button_url":"https:\/\/www.youtube.com\/watch?v=EPVdSeUZ0OU","memorias_sostenibilidad_collapsible_button_post":null,"memorias_sostenibilidad_collapsible_button_file":null,"memorias_sostenibilidad_collapsible_button_modal_url":"","memorias_sostenibilidad_collapsible_button":""}]},{"memorias_sostenibilidad_collapsible_title":"2023","memorias_sostenibilidad_collapsible_content":"","memorias_sostenibilidad_collapsible_cards":[{"memorias_sostenibilidad_collapsible_card_title":"Mem\u00f2ria de Sostenibilitat 2023","memorias_sostenibilidad_collapsible_card_description":"","memorias_sostenibilidad_collapsible_button_label":"Veure mem\u00f2ria","memorias_sostenibilidad_collapsible_button_action":"file","memorias_sostenibilidad_collapsible_button_url":"","memorias_sostenibilidad_collapsible_button_post":null,"memorias_sostenibilidad_collapsible_button_file":1088,"memorias_sostenibilidad_collapsible_button_modal_url":"","memorias_sostenibilidad_collapsible_button":""},{"memorias_sostenibilidad_collapsible_card_title":"Video Resum 2023","memorias_sostenibilidad_collapsible_card_description":"","memorias_sostenibilidad_collapsible_button_label":"Veure video","memorias_sostenibilidad_collapsible_button_action":"url","memorias_sostenibilidad_collapsible_button_url":"https:\/\/www.youtube.com\/watch?v=lYb7tIb_dLA","memorias_sostenibilidad_collapsible_button_post":null,"memorias_sostenibilidad_collapsible_button_file":null,"memorias_sostenibilidad_collapsible_button_modal_url":"","memorias_sostenibilidad_collapsible_button":""}]},{"memorias_sostenibilidad_collapsible_title":"2022","memorias_sostenibilidad_collapsible_content":"","memorias_sostenibilidad_collapsible_cards":[{"memorias_sostenibilidad_collapsible_card_title":"Mem\u00f2ria de Sostenibilitat 2022","memorias_sostenibilidad_collapsible_card_description":"","memorias_sostenibilidad_collapsible_button_label":"Veure mem\u00f2ria","memorias_sostenibilidad_collapsible_button_action":"file","memorias_sostenibilidad_collapsible_button_url":"","memorias_sostenibilidad_collapsible_button_post":null,"memorias_sostenibilidad_collapsible_button_file":1082,"memorias_sostenibilidad_collapsible_button_modal_url":"","memorias_sostenibilidad_collapsible_button":""}]},{"memorias_sostenibilidad_collapsible_title":"2021","memorias_sostenibilidad_collapsible_content":"","memorias_sostenibilidad_collapsible_cards":[{"memorias_sostenibilidad_collapsible_card_title":"Mem\u00f2ria de Sostenibilitat 2021","memorias_sostenibilidad_collapsible_card_description":"","memorias_sostenibilidad_collapsible_button_label":"Veure mem\u00f2ria","memorias_sostenibilidad_collapsible_button_action":"file","memorias_sostenibilidad_collapsible_button_url":"","memorias_sostenibilidad_collapsible_button_post":null,"memorias_sostenibilidad_collapsible_button_file":1083,"memorias_sostenibilidad_collapsible_button_modal_url":"","memorias_sostenibilidad_collapsible_button":""}]},{"memorias_sostenibilidad_collapsible_title":"2020","memorias_sostenibilidad_collapsible_content":"","memorias_sostenibilidad_collapsible_cards":[{"memorias_sostenibilidad_collapsible_card_title":"Mem\u00f2ria de Sostenibilitat 2020","memorias_sostenibilidad_collapsible_card_description":"","memorias_sostenibilidad_collapsible_button_label":"Veure mem\u00f2ria","memorias_sostenibilidad_collapsible_button_action":"file","memorias_sostenibilidad_collapsible_button_url":"","memorias_sostenibilidad_collapsible_button_post":null,"memorias_sostenibilidad_collapsible_button_file":1084,"memorias_sostenibilidad_collapsible_button_modal_url":"","memorias_sostenibilidad_collapsible_button":""}]}],"page_memorias_sostenibilidad_cards_grid_enabled":true,"page_memorias_sostenibilidad_cards_grid_tag":"","page_memorias_sostenibilidad_cards_grid_title":"Accions reals que reflecteixen el nostre comprom\u00eds amb el planeta","page_memorias_sostenibilidad_cards_grid_description":"","page_memorias_sostenibilidad_cards_grid_columns":"3","page_memorias_sostenibilidad_cards_grid_cards":[{"memorias_sostenibilidad_cards_grid_image":1128,"memorias_sostenibilidad_cards_grid_title":"Declaraci\u00f3 ambiental","memorias_sostenibilidad_cards_grid_description":"Recull els indicadors clau dels nostres centres productius: consum energ\u00e8tic, emissions i gesti\u00f3 de l'aigua i els residus, verificats externament sota el reglament EMAS.\r\n","memorias_sostenibilidad_cards_grid_button_label":"Veure declaraci\u00f3","memorias_sostenibilidad_cards_grid_button_action":"file","memorias_sostenibilidad_cards_grid_button_url":"","memorias_sostenibilidad_cards_grid_button_post":null,"memorias_sostenibilidad_cards_grid_button_file":1471,"memorias_sostenibilidad_cards_grid_button_modal_url":"","memorias_sostenibilidad_cards_grid_button":""},{"memorias_sostenibilidad_cards_grid_image":1129,"memorias_sostenibilidad_cards_grid_title":"Pol\u00edtica Ambiental","memorias_sostenibilidad_cards_grid_description":"Defineix els principis que orienten la nostra gesti\u00f3 responsable: compliment normatiu, prevenci\u00f3 de la contaminaci\u00f3 i ecodisseny d'equips m\u00e9s eficients.\r\n","memorias_sostenibilidad_cards_grid_button_label":"Veure pol\u00edtica","memorias_sostenibilidad_cards_grid_button_action":"file","memorias_sostenibilidad_cards_grid_button_url":"","memorias_sostenibilidad_cards_grid_button_post":null,"memorias_sostenibilidad_cards_grid_button_file":1925,"memorias_sostenibilidad_cards_grid_button_modal_url":"","memorias_sostenibilidad_cards_grid_button":""},{"memorias_sostenibilidad_cards_grid_image":1130,"memorias_sostenibilidad_cards_grid_title":"Certificaci\u00f3 EMAS","memorias_sostenibilidad_cards_grid_description":"Des de 2004 formem part del registre europeu EMAS, un reconeixement a la transpar\u00e8ncia, la millora cont\u00ednua i la gesti\u00f3 ambiental responsable.\r\n","memorias_sostenibilidad_cards_grid_button_label":"Veure certificaci\u00f3","memorias_sostenibilidad_cards_grid_button_action":"file","memorias_sostenibilidad_cards_grid_button_url":"","memorias_sostenibilidad_cards_grid_button_post":null,"memorias_sostenibilidad_cards_grid_button_file":1470,"memorias_sostenibilidad_cards_grid_button_modal_url":"","memorias_sostenibilidad_cards_grid_button":""}],"page_memorias_sostenibilidad_json_schema_json_schema":""},"yoast_head":"<!-- This site is optimized with the Yoast SEO Premium plugin v26.8 (Yoast SEO v27.1.1) - https:\/\/yoast.com\/product\/yoast-seo-premium-wordpress\/ -->\n<title>Informes i declaracions ambientals | Girbau<\/title>\n<meta name=\"description\" content=\"Accedeix als informes de sostenibilitat i declaracions ambientals de Girbau, reflex del nostre comprom\u00eds amb la transpar\u00e8ncia i responsabilitat corporativa.\" \/>\n<meta name=\"robots\" content=\"index, follow, max-snippet:-1, max-image-preview:large, max-video-preview:-1\" \/>\n<link rel=\"canonical\" href=\"https:\/\/www.girbau.com\/es-ca\/reporting\/\" \/>\n<meta property=\"og:locale\" content=\"ca_ES\" \/>\n<meta property=\"og:type\" content=\"article\" \/>\n<meta property=\"og:title\" content=\"Informes i declaracions ambientals\" \/>\n<meta property=\"og:description\" content=\"Accedeix als informes de sostenibilitat i declaracions ambientals de Girbau, reflex del nostre comprom\u00eds amb la transpar\u00e8ncia i responsabilitat corporativa.\" \/>\n<meta property=\"og:url\" content=\"https:\/\/www.girbau.com\/es-ca\/reporting\/\" \/>\n<meta property=\"og:site_name\" content=\"Girbau CA\" \/>\n<meta property=\"article:modified_time\" content=\"2026-04-02T14:49:14+00:00\" \/>\n<meta name=\"twitter:card\" content=\"summary_large_image\" \/>\n<script type=\"application\/ld+json\" class=\"yoast-schema-graph\">{\"@context\":\"https:\/\/schema.org\",\"@graph\":[{\"@type\":\"WebPage\",\"@id\":\"https:\/\/www.girbau.com\/es-ca\/reporting\/\",\"url\":\"https:\/\/www.girbau.com\/es-ca\/reporting\/\",\"name\":\"Informes i declaracions ambientals | Girbau\",\"isPartOf\":{\"@id\":\"https:\/\/www.girbau.com\/es-ca\/#website\"},\"datePublished\":\"2025-12-04T17:05:33+00:00\",\"dateModified\":\"2026-04-02T14:49:14+00:00\",\"description\":\"Accedeix als informes de sostenibilitat i declaracions ambientals de Girbau, reflex del nostre comprom\u00eds amb la transpar\u00e8ncia i responsabilitat corporativa.\",\"breadcrumb\":{\"@id\":\"https:\/\/www.girbau.com\/es-ca\/reporting\/#breadcrumb\"},\"inLanguage\":\"ca\",\"potentialAction\":[{\"@type\":\"ReadAction\",\"target\":[\"https:\/\/www.girbau.com\/es-ca\/reporting\/\"]}]},{\"@type\":\"BreadcrumbList\",\"@id\":\"https:\/\/www.girbau.com\/es-ca\/reporting\/#breadcrumb\",\"itemListElement\":[{\"@type\":\"ListItem\",\"position\":1,\"name\":\"Home\",\"item\":\"https:\/\/www.girbau.com\/es-ca\/\"},{\"@type\":\"ListItem\",\"position\":2,\"name\":\"Informes i declaracions ambientals\"}]},{\"@type\":\"WebSite\",\"@id\":\"https:\/\/www.girbau.com\/es-ca\/#website\",\"url\":\"https:\/\/www.girbau.com\/es-ca\/\",\"name\":\"Girbau CA\",\"description\":\"\",\"potentialAction\":[{\"@type\":\"SearchAction\",\"target\":{\"@type\":\"EntryPoint\",\"urlTemplate\":\"https:\/\/www.girbau.com\/es-ca\/?s={search_term_string}\"},\"query-input\":{\"@type\":\"PropertyValueSpecification\",\"valueRequired\":true,\"valueName\":\"search_term_string\"}}],\"inLanguage\":\"ca\"}]}<\/script>\n<!-- \/ Yoast SEO Premium plugin. -->","yoast_head_json":{"title":"Informes i declaracions ambientals | Girbau","description":"Accedeix als informes de sostenibilitat i declaracions ambientals de Girbau, reflex del nostre comprom\u00eds amb la transpar\u00e8ncia i responsabilitat corporativa.","robots":{"index":"index","follow":"follow","max-snippet":"max-snippet:-1","max-image-preview":"max-image-preview:large","max-video-preview":"max-video-preview:-1"},"canonical":"https:\/\/www.girbau.com\/es-ca\/reporting\/","og_locale":"ca_ES","og_type":"article","og_title":"Informes i declaracions ambientals","og_description":"Accedeix als informes de sostenibilitat i declaracions ambientals de Girbau, reflex del nostre comprom\u00eds amb la transpar\u00e8ncia i responsabilitat corporativa.","og_url":"https:\/\/www.girbau.com\/es-ca\/reporting\/","og_site_name":"Girbau CA","article_modified_time":"2026-04-02T14:49:14+00:00","twitter_card":"summary_large_image","schema":{"@context":"https:\/\/schema.org","@graph":[{"@type":"WebPage","@id":"https:\/\/www.girbau.com\/es-ca\/reporting\/","url":"https:\/\/www.girbau.com\/es-ca\/reporting\/","name":"Informes i declaracions ambientals | Girbau","isPartOf":{"@id":"https:\/\/www.girbau.com\/es-ca\/#website"},"datePublished":"2025-12-04T17:05:33+00:00","dateModified":"2026-04-02T14:49:14+00:00","description":"Accedeix als informes de sostenibilitat i declaracions ambientals de Girbau, reflex del nostre comprom\u00eds amb la transpar\u00e8ncia i responsabilitat corporativa.","breadcrumb":{"@id":"https:\/\/www.girbau.com\/es-ca\/reporting\/#breadcrumb"},"inLanguage":"ca","potentialAction":[{"@type":"ReadAction","target":["https:\/\/www.girbau.com\/es-ca\/reporting\/"]}]},{"@type":"BreadcrumbList","@id":"https:\/\/www.girbau.com\/es-ca\/reporting\/#breadcrumb","itemListElement":[{"@type":"ListItem","position":1,"name":"Home","item":"https:\/\/www.girbau.com\/es-ca\/"},{"@type":"ListItem","position":2,"name":"Informes i declaracions ambientals"}]},{"@type":"WebSite","@id":"https:\/\/www.girbau.com\/es-ca\/#website","url":"https:\/\/www.girbau.com\/es-ca\/","name":"Girbau CA","description":"","potentialAction":[{"@type":"SearchAction","target":{"@type":"EntryPoint","urlTemplate":"https:\/\/www.girbau.com\/es-ca\/?s={search_term_string}"},"query-input":{"@type":"PropertyValueSpecification","valueRequired":true,"valueName":"search_term_string"}}],"inLanguage":"ca"}]}},"_links":{"self":[{"href":"https:\/\/www.girbau.com\/es-ca\/wp-json\/wp\/v2\/pages\/792","targetHints":{"allow":["GET"]}}],"collection":[{"href":"https:\/\/www.girbau.com\/es-ca\/wp-json\/wp\/v2\/pages"}],"about":[{"href":"https:\/\/www.girbau.com\/es-ca\/wp-json\/wp\/v2\/types\/page"}],"author":[{"embeddable":true,"href":"https:\/\/www.girbau.com\/es-ca\/wp-json\/wp\/v2\/users\/4"}],"replies":[{"embeddable":true,"href":"https:\/\/www.girbau.com\/es-ca\/wp-json\/wp\/v2\/comments?post=792"}],"version-history":[{"count":10,"href":"https:\/\/www.girbau.com\/es-ca\/wp-json\/wp\/v2\/pages\/792\/revisions"}],"predecessor-version":[{"id":1926,"href":"https:\/\/www.girbau.com\/es-ca\/wp-json\/wp\/v2\/pages\/792\/revisions\/1926"}],"wp:attachment":[{"href":"https:\/\/www.girbau.com\/es-ca\/wp-json\/wp\/v2\/media?parent=792"}],"curies":[{"name":"wp","href":"https:\/\/api.w.org\/{rel}","templated":true}]}}