{"id":793,"date":"2025-12-04T18:05:33","date_gmt":"2025-12-04T17:05:33","guid":{"rendered":"https:\/\/www.girbau.com\/es-ca\/politica-privacidad\/"},"modified":"2026-01-23T14:21:12","modified_gmt":"2026-01-23T13:21:12","slug":"politica-privacitat","status":"publish","type":"page","link":"https:\/\/www.girbau.com\/es-ca\/politica-privacitat\/","title":{"rendered":"Pol\u00edtica de Privacitat"},"content":{"rendered":"\n<h2 class=\"wp-block-heading\">&nbsp;<\/h2>\n\n\n\t\n\t\t\t\t\t\t\t\t\t\t\t\t\t\t\t\t\t\t\t\t\t\t\t\t\t\t\t\t\t\t\t\t\t\t\t\t\n\t\n\t\n\n<section class=\"module-grid\" >\n\t<div class=\"container\">\n\t\t\t\t\t\n\n<div class=\"section-header\">\n\t\t\t<div class=\"section-header__intro\">\n\t\t\t\n\n<div class=\"section-intro\">\n\t\n\t\t\t<div class=\"section-intro__container\">\n\t\t\t\t\t\t\t\t\t\t<h2 class=\"section-intro__title\">Pol\u00edtica de privacitat de la p\u00e0gina web de Girbau<\/h2>\n\t\t\t\t\t<\/div>\n\t\n\t\n\t\n\t<\/div>\n\t\t<\/div>\n\t\n\t<\/div>\n\t\t\n\t\t\t\t\t<div class=\"module-grid__content only-text\">\n\t\t\t\t\n\t\t\t<\/div>\n\t\t\n\t\t\t\t\t<div class=\"module-grid__content\" style=\"--columns: 1;\">\n\t\t\t\t\t\t\t\t\t\n\n<div class=\"accordion\" data-accordion>\n\t<button class=\"accordion__trigger\" aria-expanded=\"false\" data-accordion-trigger>\n\t\t<h3 class=\"accordion__title\">1. Responsable del tractament<\/h3>\n\t\t<span class=\"accordion__icon\" aria-hidden=\"true\"><\/span>\n\t<\/button>\n\t<div class=\"accordion__content\" aria-hidden=\"true\">\n\t\t<div>\n\t\t\t<div class=\"accordion__inner\">\n\t\t\t\t\t\t\t\t\t<p>El responsable del tractament de les teves dades personals \u00e9s Girbau S.A., amb NIF A08276438 i domicili a Carretera de Manlleu, km 1, 08500 Vic, Barcelona.<\/p>\n<p>Per a qualsevol consulta o dubte relacionats amb el tractament de les teves dades personals, pots posar-te en contacte amb nosaltres a trav\u00e9s del correu electr\u00f2nic:\u00a0<a href=\"mailto:dataprotection@girbau.com\">dataprotection@girbau.com<\/a>.<\/p>\n\n\t\t\t\t\t\t\t<\/div>\n\t\t<\/div>\n\t<\/div>\n<\/div>\n\t\t\t\t\t\t\t\t\t\n\n<div class=\"accordion\" data-accordion>\n\t<button class=\"accordion__trigger\" aria-expanded=\"false\" data-accordion-trigger>\n\t\t<h3 class=\"accordion__title\">2. Tractaments de dades<\/h3>\n\t\t<span class=\"accordion__icon\" aria-hidden=\"true\"><\/span>\n\t<\/button>\n\t<div class=\"accordion__content\" aria-hidden=\"true\">\n\t\t<div>\n\t\t\t<div class=\"accordion__inner\">\n\t\t\t\t\t\t\t\t\t<p><strong>2.1 Registre d&#8217;usuaris (client, distribu\u00efdor, consultor expert, usuari interessat)<\/strong><\/p>\n<p><strong>Finalitat:<\/strong><\/p>\n<p>Girbau S.A. tractar\u00e0 les dades personals exclusivament per gestionar i administrar el registre d&#8217;usuaris en el nostre lloc web. Aix\u00f2 inclou el proc\u00e9s d&#8217;alta, la gesti\u00f3 del compte i, si escau, la baixa de l&#8217;usuari en els seg\u00fcents escenaris:<\/p>\n<ul>\n<li>Client de Girbau: Si has adquirit productes de Girbau, pots registrar-te com a client. Aix\u00f2 et permetr\u00e0 accedir a cat\u00e0legs de maquin\u00e0ria i a tota la documentaci\u00f3 relacionada amb els productes adquirits, com ara fulletons, manuals d&#8217;instruccions i llistes de peces.<\/li>\n<li>Distribu\u00efdor de maquin\u00e0ria Girbau: Si ets distribu\u00efdor, podr\u00e0s registrar-te per accedir a tota la informaci\u00f3 rellevant sobre els productes que distribueixes.<\/li>\n<li>Consultor expert en maquin\u00e0ria Girbau: Si ets un consultor especialitzat en maquin\u00e0ria Girbau pots registrar-se per obtenir acc\u00e9s a la informaci\u00f3 dels productes sobre els quals ofereixes assessorament.<\/li>\n<li>Usuari interessat: Si necessites m\u00e9s informaci\u00f3 sobre els productes de Girbau, tamb\u00e9 pots registrar-te com a usuari interessat.<\/li>\n<\/ul>\n<p><strong>Comunicacions de dades<\/strong><\/p>\n<p>Les dades relacionades amb aquest tractament no es compartiran amb cap tercer.<\/p>\n<p><strong>Base de legitimaci\u00f3<\/strong><\/p>\n<p>Girbau S.A. tractar\u00e0 les dades de registre sobre la base del consentiment prestat per l&#8217;usuari en el moment de realitzar el registre.<\/p>\n<p><strong>Termini de conservaci\u00f3<\/strong><\/p>\n<p>Les dades tractades per a la gesti\u00f3 del registre es conservaran mentre es mantingui la relaci\u00f3 d&#8217;usuari actiu i per a complir amb qualsevol termini legal aplicable.<\/p>\n<p>&nbsp;<\/p>\n<p><strong>2.2. Comunicacions comercials per mitjans electr\u00f2nics<\/strong><\/p>\n<p><strong>Finalitat<\/strong><\/p>\n<p>Girbau S.A. tractar\u00e0 les dades personals \u00fanicament amb l&#8217;objectiu d&#8217;enviar comunicacions comercials relacionades amb els nostres productes, serveis i ofertes, aix\u00ed com informaci\u00f3 corporativa de l&#8217;empresa, invitacions a fires, esdeveniments i altres activitats rellevants. Aix\u00f2 inclou actualitzacions, novetats i promocions que considerem d&#8217;inter\u00e8s per a l&#8217;usuari.<\/p>\n<p><strong>Comunicacions de dades<\/strong><\/p>\n<p>Les dades relacionades amb aquest tractament no es compartiran amb cap tercer.<\/p>\n<p><strong>Base de legitimaci\u00f3<\/strong><\/p>\n<p>Girbau S.A. tractar\u00e0 les dades sobre la base del consentiment atorgat per l&#8217;usuari en subscriure&#8217;s per rebre aquestes comunicacions comercials.<\/p>\n<p><strong>Termini de conservaci\u00f3<\/strong><\/p>\n<p>Les dades tractades per a l&#8217;enviament de comunicacions comercials es conservaran mentre l&#8217;usuari mantingui el seu consentiment actiu i fins que decideixi donar-se de baixa d&#8217;aquestes comunicacions, complint sempre amb els terminis legals aplicables, o fins que considerem que ja no t\u00e9 inter\u00e8s en aquestes.<\/p>\n<p>&nbsp;<\/p>\n<p><strong>2.3 Contacte<\/strong><\/p>\n<p><strong>Finalitat<\/strong><\/p>\n<p>Girbau S.A. processar\u00e0 les dades \u00fanicament amb l&#8217;objectiu de gestionar i respondre a consultes d&#8217;usuaris interessats en els seus productes o serveis, aix\u00ed com establir relacions professionals o explorar possibles col\u00b7laboracions. En aquells casos en qu\u00e8 no s&#8217;hagi proporcionat un consentiment expr\u00e9s, Girbau S.A. podr\u00e0 tractar les dades basant-se en l&#8217;inter\u00e8s leg\u00edtim de respondre a les sol\u00b7licituds de contacte realitzades per l&#8217;usuari.<\/p>\n<p><strong>Comunicacions de dades<\/strong><\/p>\n<p>Les dades relacionades amb aquest tractament no es compartiran amb cap tercer.<\/p>\n<p><strong>Base de legitimaci\u00f3<\/strong><\/p>\n<p>Girbau S.A. tractar\u00e0 les dades sobre la base del consentiment atorgat per l&#8217;usuari en contactar-nos per a aquestes finalitats.<\/p>\n<p>Aix\u00ed mateix, Girbau S.A. podr\u00e0 tractar les dades basant-se en l&#8217;inter\u00e8s leg\u00edtim de respondre a sol\u00b7licituds d&#8217;informaci\u00f3 relacionades. Aquest inter\u00e8s leg\u00edtim es basa en una an\u00e0lisi de ponderaci\u00f3, en qu\u00e8 s&#8217;han avaluat els beneficis del tractament tant per a la nostra organitzaci\u00f3 com a responsable del tractament, com per a tercers. En qualsevol moment, podr\u00e0s sol\u00b7licitar m\u00e9s informaci\u00f3 sobre aquesta ponderaci\u00f3 posant-te en contacte amb el nostre Delegat de Protecci\u00f3 de Dades (DPD) a l&#8217;adre\u00e7a indicada en l&#8217;apartat corresponent d&#8217;aquesta pol\u00edtica de privacitat. Tamb\u00e9 et recordem que tens dret a oposar-te als tractaments basats en l&#8217;inter\u00e8s leg\u00edtim.<\/p>\n<p><strong>Termini de conservaci\u00f3<\/strong><\/p>\n<p>Les dades recopilades per atendre les sol\u00b7licituds de contacte es conservaran durant el temps necessari per gestionar adequadament la sol\u00b7licitud i es mantindran \u00fanicament durant el termini necessari per complir amb qualsevol requisit legal aplicable.<\/p>\n<p>&nbsp;<\/p>\n<p><strong>2.4 Desc\u00e0rrega d&#8217;informaci\u00f3 comercial<\/strong><\/p>\n<p><strong>Finalitat<\/strong><\/p>\n<p>Girbau S.A. tractar\u00e0 les dades per permetre la desc\u00e0rrega d&#8217;informaci\u00f3 comercial, com ara fulletons i altres documents relacionats.<\/p>\n<p><strong>Comunicacions de dades<\/strong><\/p>\n<p>Les dades relacionades amb aquest tractament no es compartiran amb cap tercer.<\/p>\n<p><strong>Base de legitimaci\u00f3<\/strong><\/p>\n<p>Girbau S.A. processar\u00e0 les dades sobre la base del consentiment atorgat per l&#8217;usuari en sol\u00b7licitar rebre aquesta informaci\u00f3 comercial.<\/p>\n<p><strong>Termini de conservaci\u00f3<\/strong><\/p>\n<p>Les dades recollides per atendre les sol\u00b7licituds d&#8217;informaci\u00f3 comercial es conservaran durant el temps necessari per gestionar adequadament la sol\u00b7licitud i es mantindran \u00fanicament durant el termini necessari per complir amb qualsevol requisit legal aplicable.<\/p>\n<p>&nbsp;<\/p>\n<p><strong>2.5 Servei de suport de postvenda i garanties.<\/strong><\/p>\n<p><strong>Finalitat<\/strong><\/p>\n<p>Girbau S.A. tractar\u00e0 les dades personals exclusivament per gestionar el servei de suport postvenda i el compliment de garanties dels productes i serveis.<\/p>\n<p><strong>Comunicacions de dades<\/strong><\/p>\n<p>Les dades personals proporcionades no es compartiran amb tercers, excepte en aquells casos en qu\u00e8 es requereixi la intervenci\u00f3 de prove\u00efdors o t\u00e8cnics externs per dur a terme el suport. En aquests casos es complir\u00e0 amb les normatives vigents en protecci\u00f3 de dades.<\/p>\n<p><strong>Base de legitimaci\u00f3<\/strong><\/p>\n<p>El tractament de les dades es basa en l&#8217;execuci\u00f3 de la relaci\u00f3 contractual o servei i en el compliment d&#8217;obligacions legals en mat\u00e8ria de garanties i drets dels consumidors.<\/p>\n<p><strong>Termini de conservaci\u00f3<\/strong><\/p>\n<p>Les dades es conservaran durant el temps necessari per prestar el servei de suport de postvenda i gestionar les garanties aplicables. Un cop finalitzats aquests serveis, les dades es conservaran \u00fanicament durant el termini necessari per complir amb qualsevol requisit legal aplicable en mat\u00e8ria de garanties i postvenda.<\/p>\n<p>&nbsp;<\/p>\n<p><strong>2.6 Enquestes<\/strong><\/p>\n<p><strong>Finalitat<br \/>\n<\/strong>Girbau S.A. tractar\u00e0 les dades \u00fanicament per contactar les persones que hagin consentit a participar en les enquestes llan\u00e7ades per l&#8217;empresa. L&#8217;objectiu d&#8217;aquestes enquestes \u00e9s recopilar opinions i comentaris que ens permetin millorar els nostres serveis i optimitzar l&#8217;experi\u00e8ncia del client.<\/p>\n<p><strong>Comunicacions de dades<\/strong><\/p>\n<p>Les dades relacionades amb aquest tractament no es compartiran amb cap tercer.<\/p>\n<p><strong>Base de legitimaci\u00f3<\/strong><\/p>\n<p>Girbau S.A. basar\u00e0 el tractament de les dades en el consentiment atorgat per l&#8217;usuari per participar en l&#8217;enquesta.<\/p>\n<p><strong>Termini de conservaci\u00f3<\/strong><\/p>\n<p>Les dades tractades per a la gesti\u00f3 de l&#8217;enquesta es conservaran durant el temps necessari per dur a terme l&#8217;an\u00e0lisi dels resultats i una vegada analitzats, les dades es conservaran \u00fanicament durant el termini necessari per complir amb qualsevol requisit legal aplicable.<\/p>\n<p>&nbsp;<\/p>\n<p><strong>2.7 Candidatures i Oportunitats de Treball<\/strong><\/p>\n<p><strong>Finalitat<\/strong><\/p>\n<p>Girbau S.A. tractar\u00e0 les dades personals amb la finalitat de gestionar i avaluar la candidatura per a oportunitats de treball a la nostra empresa, aix\u00ed com per dur a terme processos de selecci\u00f3 de personal. Tamb\u00e9 podrem contactar-te per a qualsevol actualitzaci\u00f3 en el proc\u00e9s o per a futures oportunitats laborals que puguin ser del teu inter\u00e8s si aix\u00ed ho autoritzes.<\/p>\n<p><strong>Comunicacions de dades<\/strong><\/p>\n<p>Les dades personals proporcionades no es vendran, llogaran ni es posaran a disposici\u00f3 o comunicaran a cap tercer, excepte en el cas d&#8217;empreses de selecci\u00f3 de personal o consultoria que participin en el proc\u00e9s de selecci\u00f3.<\/p>\n<p><strong>Base de legitimaci\u00f3<\/strong><\/p>\n<p>Aquest tractament es basa en el consentiment proporcionat pel candidat en enviar la seva sol\u00b7licitud de treball, aix\u00ed com en les obligacions precontractuals assumides.<\/p>\n<p><strong>Termini de conservaci\u00f3<\/strong><\/p>\n<p>Les dades tractades per a la gesti\u00f3 de candidatures i processos de selecci\u00f3 es conservaran el temps necessari per completar el proc\u00e9s de selecci\u00f3. Si no ets seleccionat, les teves dades es poden mantenir durant un per\u00edode addicional de 24 mesos per a futures oportunitats, sempre que donis el teu consentiment per a aix\u00f2.<\/p>\n<p>&nbsp;<\/p>\n\n\t\t\t\t\t\t\t<\/div>\n\t\t<\/div>\n\t<\/div>\n<\/div>\n\t\t\t\t\t\t\t\t\t\n\n<div class=\"accordion\" data-accordion>\n\t<button class=\"accordion__trigger\" aria-expanded=\"false\" data-accordion-trigger>\n\t\t<h3 class=\"accordion__title\">3. Comunicacions de dades<\/h3>\n\t\t<span class=\"accordion__icon\" aria-hidden=\"true\"><\/span>\n\t<\/button>\n\t<div class=\"accordion__content\" aria-hidden=\"true\">\n\t\t<div>\n\t\t\t<div class=\"accordion__inner\">\n\t\t\t\t\t\t\t\t\t<p data-start=\"3107\" data-end=\"3441\">Sens perjudici de l\u2019esmentat en cadascun dels tractaments anteriors, determinats prove\u00efdors que presten serveis a la nostra empresa, com l&#8217;enviament de les comunicacions, l&#8217;emmagatzematge de dades o gesti\u00f3 de p\u00e0gines web, poden accedir a les dades personals per\u00f2, que en cap cas, tractaran les dades per finalitats pr\u00f2pies.<\/p>\n\n\t\t\t\t\t\t\t<\/div>\n\t\t<\/div>\n\t<\/div>\n<\/div>\n\t\t\t\t\t\t\t\t\t\n\n<div class=\"accordion\" data-accordion>\n\t<button class=\"accordion__trigger\" aria-expanded=\"false\" data-accordion-trigger>\n\t\t<h3 class=\"accordion__title\">4. Transfer\u00e8ncies internacionals<\/h3>\n\t\t<span class=\"accordion__icon\" aria-hidden=\"true\"><\/span>\n\t<\/button>\n\t<div class=\"accordion__content\" aria-hidden=\"true\">\n\t\t<div>\n\t\t\t<div class=\"accordion__inner\">\n\t\t\t\t\t\t\t\t\t<p>Per norma general, procurem tractar sempre les dades personals a Europa o l&#8217;Espai Econ\u00f2mic Europeu, assegurant el compliment del RGPD tant per part nostra com dels nostres prove\u00efdors de serveis, que tracten les dades en nom nostre i sota les nostres instruccions.<\/p>\n<p>No obstant aix\u00f2, oferim els nostres serveis a nivell global, per tant, \u00e9s possible que haguem de tractar les dades en altres pa\u00efsos, que poden oferir o no les mateixes garanties que el RGPD. En el sup\u00f2sit que fos necessari realitzar transfer\u00e8ncies internacionals des de la UE a pa\u00efsos fora de la UE que no compleixin amb aquestes garanties, ens comprometem a dur-les sempre a terme assegurant que es protegeixin amb les garanties oportunes, que podran incloure les (i) Cl\u00e0usules Tipus aprovades per la UE, (ii) Certificacions de tercers, (iii) Normes corporatives vinculants o (iv) qualsevol altre mecanisme v\u00e0lid d&#8217;acord amb la normativa o aprovat per les autoritats competents.<\/p>\n\n\t\t\t\t\t\t\t<\/div>\n\t\t<\/div>\n\t<\/div>\n<\/div>\n\t\t\t\t\t\t\t\t\t\n\n<div class=\"accordion\" data-accordion>\n\t<button class=\"accordion__trigger\" aria-expanded=\"false\" data-accordion-trigger>\n\t\t<h3 class=\"accordion__title\">5. Drets dels interessats<\/h3>\n\t\t<span class=\"accordion__icon\" aria-hidden=\"true\"><\/span>\n\t<\/button>\n\t<div class=\"accordion__content\" aria-hidden=\"true\">\n\t\t<div>\n\t\t\t<div class=\"accordion__inner\">\n\t\t\t\t\t\t\t\t\t<p>Quan ens proporciones les teves dades personals, tens una seguit de drets que pots exercir en relaci\u00f3 amb el seu tractament. A continuaci\u00f3, es detallen els teus drets i com pots exercir-los:<\/p>\n<ol>\n<li><strong>Acc\u00e9s<\/strong>: Tens dret a accedir a les teves dades personals i a sol\u00b7licitar la correcci\u00f3 de qualsevol informaci\u00f3 que consideris inexacta.<\/li>\n<li><strong>Rectificaci\u00f3:\u00a0<\/strong>Pots sol\u00b7licitar la modificaci\u00f3 de les teves dades personals quan aquestes siguin inexactes o incompletes, per garantir que sempre estiguin actualitzades.<\/li>\n<li><strong>Supressi\u00f3<\/strong>: Pots sol\u00b7licitar l&#8217;eliminaci\u00f3 de les teves dades quan ja no siguin necess\u00e0ries per als fins amb els quals van ser recollides.<\/li>\n<li><strong>Limitaci\u00f3<\/strong>: En determinades circumst\u00e0ncies, tens dret a sol\u00b7licitar la limitaci\u00f3 del tractament de les teves dades. En aquest cas, les mantindrem \u00fanicament per a l&#8217;exercici o la defensa de reclamacions.<\/li>\n<li><strong>Oposici\u00f3<\/strong>: Pots oposar-te al tractament de les teves dades per motius relacionats amb la teva situaci\u00f3 particular. Si decideixes exercir aquest dret, Girbau S.A. deixar\u00e0 de processar les teves dades, llevat que hi hagi raons leg\u00edtimes que justifiquin el seu tractament o siguin necessaris per a la defensa de reclamacions.<\/li>\n<li><strong>Portabilitat<\/strong>: Tens dret a sol\u00b7licitar la portabilitat de les teves dades d&#8217;acord amb la normativa vigent.<\/li>\n<\/ol>\n<p>Si vols exercir algun d&#8217;aquests drets, ho pots fer contactant-nos per correu electr\u00f2nic a\u00a0<a href=\"mailto:dataprotection@girbau.com\">dataprotection@girbau.com<\/a>\u00a0o enviant una carta a l&#8217;adre\u00e7a seg\u00fcent Carretera de Manlleu, km 1 08500 Vic, Barcelona. Assegura&#8217;t d&#8217;indicar &#8220;Protecci\u00f3 de Dades&#8221; a la sobre i d&#8217;incloure el teu nom complet, aix\u00ed com l&#8217;adre\u00e7a de correu electr\u00f2nic associada al teu compte.<\/p>\n<p>Si consideres que els teus drets no han estat respectats, tens l&#8217;opci\u00f3 de presentar una reclamaci\u00f3 davant l&#8217;Ag\u00e8ncia Espanyola de Protecci\u00f3 de Dades o davant altres organismes p\u00fablics competents en mat\u00e8ria de protecci\u00f3 de dades personals.<\/p>\n\n\t\t\t\t\t\t\t<\/div>\n\t\t<\/div>\n\t<\/div>\n<\/div>\n\t\t\t\t\t\t\t<\/div>\n\t\t\n\t\t\t<\/div>\n<\/section>\n","protected":false},"excerpt":{"rendered":"<p>&nbsp;<\/p>\n","protected":false},"author":1,"featured_media":0,"parent":0,"menu_order":0,"comment_status":"closed","ping_status":"closed","template":"","meta":{"_acf_changed":false,"footnotes":""},"class_list":["post-793","page","type-page","status-publish","hentry"],"acf":[],"yoast_head":"<!-- This site is optimized with the Yoast SEO Premium plugin v26.8 (Yoast SEO v27.1.1) - https:\/\/yoast.com\/product\/yoast-seo-premium-wordpress\/ -->\n<title>Pol\u00edtica de Privacitat | Girbau<\/title>\n<meta name=\"description\" content=\"Girbau S.A. tractar\u00e0 les dades personals exclusivament per a gestionar i administrar el registre d&#039;usuaris en el nostre lloc web.\" \/>\n<meta name=\"robots\" content=\"noindex, follow\" \/>\n<meta property=\"og:locale\" content=\"ca_ES\" \/>\n<meta property=\"og:type\" content=\"article\" \/>\n<meta property=\"og:title\" content=\"Pol\u00edtica de Privacitat\" \/>\n<meta property=\"og:description\" content=\"Girbau S.A. tractar\u00e0 les dades personals exclusivament per a gestionar i administrar el registre d&#039;usuaris en el nostre lloc web.\" \/>\n<meta property=\"og:url\" content=\"https:\/\/www.girbau.com\/es-ca\/politica-privacitat\/\" \/>\n<meta property=\"og:site_name\" content=\"Girbau CA\" \/>\n<meta property=\"article:modified_time\" content=\"2026-01-23T13:21:12+00:00\" \/>\n<meta name=\"twitter:card\" content=\"summary_large_image\" \/>\n<script type=\"application\/ld+json\" class=\"yoast-schema-graph\">{\"@context\":\"https:\/\/schema.org\",\"@graph\":[{\"@type\":\"WebPage\",\"@id\":\"https:\/\/www.girbau.com\/es-ca\/politica-privacitat\/\",\"url\":\"https:\/\/www.girbau.com\/es-ca\/politica-privacitat\/\",\"name\":\"Pol\u00edtica de Privacitat | Girbau\",\"isPartOf\":{\"@id\":\"https:\/\/www.girbau.com\/es-ca\/#website\"},\"datePublished\":\"2025-12-04T17:05:33+00:00\",\"dateModified\":\"2026-01-23T13:21:12+00:00\",\"description\":\"Girbau S.A. tractar\u00e0 les dades personals exclusivament per a gestionar i administrar el registre d'usuaris en el nostre lloc web.\",\"breadcrumb\":{\"@id\":\"https:\/\/www.girbau.com\/es-ca\/politica-privacitat\/#breadcrumb\"},\"inLanguage\":\"ca\",\"potentialAction\":[{\"@type\":\"ReadAction\",\"target\":[\"https:\/\/www.girbau.com\/es-ca\/politica-privacitat\/\"]}]},{\"@type\":\"BreadcrumbList\",\"@id\":\"https:\/\/www.girbau.com\/es-ca\/politica-privacitat\/#breadcrumb\",\"itemListElement\":[{\"@type\":\"ListItem\",\"position\":1,\"name\":\"Home\",\"item\":\"https:\/\/www.girbau.com\/es-ca\/\"},{\"@type\":\"ListItem\",\"position\":2,\"name\":\"Pol\u00edtica de Privacitat\"}]},{\"@type\":\"WebSite\",\"@id\":\"https:\/\/www.girbau.com\/es-ca\/#website\",\"url\":\"https:\/\/www.girbau.com\/es-ca\/\",\"name\":\"Girbau CA\",\"description\":\"\",\"potentialAction\":[{\"@type\":\"SearchAction\",\"target\":{\"@type\":\"EntryPoint\",\"urlTemplate\":\"https:\/\/www.girbau.com\/es-ca\/?s={search_term_string}\"},\"query-input\":{\"@type\":\"PropertyValueSpecification\",\"valueRequired\":true,\"valueName\":\"search_term_string\"}}],\"inLanguage\":\"ca\"}]}<\/script>\n<!-- \/ Yoast SEO Premium plugin. -->","yoast_head_json":{"title":"Pol\u00edtica de Privacitat | Girbau","description":"Girbau S.A. tractar\u00e0 les dades personals exclusivament per a gestionar i administrar el registre d'usuaris en el nostre lloc web.","robots":{"index":"noindex","follow":"follow"},"og_locale":"ca_ES","og_type":"article","og_title":"Pol\u00edtica de Privacitat","og_description":"Girbau S.A. tractar\u00e0 les dades personals exclusivament per a gestionar i administrar el registre d'usuaris en el nostre lloc web.","og_url":"https:\/\/www.girbau.com\/es-ca\/politica-privacitat\/","og_site_name":"Girbau CA","article_modified_time":"2026-01-23T13:21:12+00:00","twitter_card":"summary_large_image","schema":{"@context":"https:\/\/schema.org","@graph":[{"@type":"WebPage","@id":"https:\/\/www.girbau.com\/es-ca\/politica-privacitat\/","url":"https:\/\/www.girbau.com\/es-ca\/politica-privacitat\/","name":"Pol\u00edtica de Privacitat | Girbau","isPartOf":{"@id":"https:\/\/www.girbau.com\/es-ca\/#website"},"datePublished":"2025-12-04T17:05:33+00:00","dateModified":"2026-01-23T13:21:12+00:00","description":"Girbau S.A. tractar\u00e0 les dades personals exclusivament per a gestionar i administrar el registre d'usuaris en el nostre lloc web.","breadcrumb":{"@id":"https:\/\/www.girbau.com\/es-ca\/politica-privacitat\/#breadcrumb"},"inLanguage":"ca","potentialAction":[{"@type":"ReadAction","target":["https:\/\/www.girbau.com\/es-ca\/politica-privacitat\/"]}]},{"@type":"BreadcrumbList","@id":"https:\/\/www.girbau.com\/es-ca\/politica-privacitat\/#breadcrumb","itemListElement":[{"@type":"ListItem","position":1,"name":"Home","item":"https:\/\/www.girbau.com\/es-ca\/"},{"@type":"ListItem","position":2,"name":"Pol\u00edtica de Privacitat"}]},{"@type":"WebSite","@id":"https:\/\/www.girbau.com\/es-ca\/#website","url":"https:\/\/www.girbau.com\/es-ca\/","name":"Girbau CA","description":"","potentialAction":[{"@type":"SearchAction","target":{"@type":"EntryPoint","urlTemplate":"https:\/\/www.girbau.com\/es-ca\/?s={search_term_string}"},"query-input":{"@type":"PropertyValueSpecification","valueRequired":true,"valueName":"search_term_string"}}],"inLanguage":"ca"}]}},"_links":{"self":[{"href":"https:\/\/www.girbau.com\/es-ca\/wp-json\/wp\/v2\/pages\/793","targetHints":{"allow":["GET"]}}],"collection":[{"href":"https:\/\/www.girbau.com\/es-ca\/wp-json\/wp\/v2\/pages"}],"about":[{"href":"https:\/\/www.girbau.com\/es-ca\/wp-json\/wp\/v2\/types\/page"}],"author":[{"embeddable":true,"href":"https:\/\/www.girbau.com\/es-ca\/wp-json\/wp\/v2\/users\/1"}],"replies":[{"embeddable":true,"href":"https:\/\/www.girbau.com\/es-ca\/wp-json\/wp\/v2\/comments?post=793"}],"version-history":[{"count":4,"href":"https:\/\/www.girbau.com\/es-ca\/wp-json\/wp\/v2\/pages\/793\/revisions"}],"predecessor-version":[{"id":1389,"href":"https:\/\/www.girbau.com\/es-ca\/wp-json\/wp\/v2\/pages\/793\/revisions\/1389"}],"wp:attachment":[{"href":"https:\/\/www.girbau.com\/es-ca\/wp-json\/wp\/v2\/media?parent=793"}],"curies":[{"name":"wp","href":"https:\/\/api.w.org\/{rel}","templated":true}]}}