{"id":794,"date":"2025-12-05T01:45:52","date_gmt":"2025-12-05T00:45:52","guid":{"rendered":"https:\/\/www.girbau.com\/es-ca\/guidelines-policies\/"},"modified":"2026-01-19T19:09:52","modified_gmt":"2026-01-19T18:09:52","slug":"politiques-directrius","status":"publish","type":"page","link":"https:\/\/www.girbau.com\/es-ca\/politiques-directrius\/","title":{"rendered":"Pol\u00edtiques Internes i Directrius"},"content":{"rendered":"","protected":false},"excerpt":{"rendered":"","protected":false},"author":10,"featured_media":0,"parent":0,"menu_order":0,"comment_status":"closed","ping_status":"closed","template":"","meta":{"_acf_changed":false,"footnotes":""},"class_list":["post-794","page","type-page","status-publish","hentry"],"acf":{"page_guidelines_policies_main_subtitle":"Compromisos reals per a un futur m\u00e9s \u00e8tic, segur i sostenible.","page_guidelines_policies_main_description":"","page_guidelines_policies_featured_items_pretitle":"CONEIX LES NOSTRES POL\u00cdTIQUES","page_guidelines_policies_featured_items_title":"Aquestes s\u00f3n les bases que guien les nostres decisions i marquen la forma en qu\u00e8 treballem cada dia","page_guidelines_policies_featured_items_description":"","page_guidelines_policies_featured_items_content_items":[{"guidelines_policies_featured_items_title":"Pol\u00edtica ambiental","guidelines_policies_featured_items_content":"<div class=\"traductor-textarea form-group\">\r\n<div class=\"textarea-desti col-xs-12 col-sm-6\">\r\n<div class=\"form-control second-textarea\">Cuidar de l'entorn est\u00e0 en el centre de tot el que fem. Dissenyem solucions eficients que optimitzen l'\u00fas de l'aigua i l'energia, redu\u00efm residus i fomentem la innovaci\u00f3 sostenible en cada pas. Operem baix est\u00e0ndards com a ISO 14001 i\u00a0EMAS, per\u00f2 el nostre veritable objectiu va m\u00e9s enll\u00e0: generar un impacte positiu i durador en les persones i el planeta.<\/div>\r\n<\/div>\r\n<\/div>\r\n<div class=\"traductor-checkbox form-group\">\r\n<div class=\"row\">\r\n<div class=\"col-sm-offset-2 col-sm-5\"><\/div>\r\n<\/div>\r\n<\/div>","guidelines_policies_featured_items_image":991,"guidelines_policies_featured_items_image_position":"left","guidelines_policies_featured_items_button_label":"Llegeix la nostra pol\u00edtica","guidelines_policies_featured_items_button_action":"file","guidelines_policies_featured_items_button_url":"","guidelines_policies_featured_items_button_post":null,"guidelines_policies_featured_items_button_file":1482,"guidelines_policies_featured_items_button_modal_url":"","guidelines_policies_featured_items_button":""},{"guidelines_policies_featured_items_title":"Pol\u00edtica de Qualitat","guidelines_policies_featured_items_content":"<div class=\"traductor-textarea form-group\">\r\n<div class=\"textarea-desti col-xs-12 col-sm-6\">\r\n<div class=\"form-control second-textarea\">La qualitat no es mesura nom\u00e9s en resultats, sin\u00f3 en la confian\u00e7a que generem. En\u00a0Girbau\u00a0apostem per la millora cont\u00ednua i la innovaci\u00f3 responsable, assegurant que cada producte compleixi els m\u00e9s alts est\u00e0ndards t\u00e8cnics i ambientals. El nostre comprom\u00eds \u00e9s oferir solucions que durin, que funcionin i que aportin valor real als qui les utilitzen.<\/div>\r\n<\/div>\r\n<\/div>\r\n<div class=\"traductor-checkbox form-group\">\r\n<div class=\"row\">\r\n<div class=\"col-sm-offset-2 col-sm-5\"><\/div>\r\n<\/div>\r\n<\/div>","guidelines_policies_featured_items_image":993,"guidelines_policies_featured_items_image_position":"right","guidelines_policies_featured_items_button_label":"Llegeix la nostra pol\u00edtica de qualitat","guidelines_policies_featured_items_button_action":"file","guidelines_policies_featured_items_button_url":"","guidelines_policies_featured_items_button_post":null,"guidelines_policies_featured_items_button_file":1481,"guidelines_policies_featured_items_button_modal_url":"","guidelines_policies_featured_items_button":""},{"guidelines_policies_featured_items_title":"Pol\u00edtica de seguretat i salut","guidelines_policies_featured_items_content":"<div class=\"traductor-textarea form-group\">\r\n<div class=\"textarea-desti col-xs-12 col-sm-6\">\r\n<div class=\"form-control second-textarea\">Les persones s\u00f3n el motor de\u00a0Girbau. Per aix\u00f2 promovem una cultura preventiva on la seguretat es comparteix, s'apr\u00e8n i es viu cada dia. Creem entorns de treball segurs, saludables i en millora constant, complint sempre la normativa i prioritzant el benestar col\u00b7lectiu.<\/div>\r\n<\/div>\r\n<\/div>\r\n<div class=\"traductor-checkbox form-group\">\r\n<div class=\"row\">\r\n<div class=\"col-sm-offset-2 col-sm-5\"><\/div>\r\n<\/div>\r\n<\/div>","guidelines_policies_featured_items_image":992,"guidelines_policies_featured_items_image_position":"left","guidelines_policies_featured_items_button_label":"Llegeix la nostra pol\u00edtica de seguretat","guidelines_policies_featured_items_button_action":"file","guidelines_policies_featured_items_button_url":"","guidelines_policies_featured_items_button_post":null,"guidelines_policies_featured_items_button_file":1480,"guidelines_policies_featured_items_button_modal_url":"","guidelines_policies_featured_items_button":""}],"page_guidelines_policies_cards_grid_enabled":true,"page_guidelines_policies_cards_grid_tag":"","page_guidelines_policies_cards_grid_title":"Mecanismes i principis que garanteixen una gesti\u00f3 \u00edntegra, responsable i alineada amb els nostres valors.","page_guidelines_policies_cards_grid_description":"","page_guidelines_policies_cards_grid_columns":"3","page_guidelines_policies_cards_grid_cards":[{"guidelines_policies_cards_grid_image":989,"guidelines_policies_cards_grid_title":"Canal de den\u00fancies","guidelines_policies_cards_grid_description":"Escoltar tamb\u00e9 \u00e9s una manera de cuidar. El nostre Canal de Den\u00fancies est\u00e0 disponible per a qualsevol persona que formi part \u2014o es relacioni\u2014 amb Girbau. \u00c9s un espai confidencial i segur on comunicar, de manera an\u00f2nima si es desitja, qualsevol conducta contr\u00e0ria al nostre Codi \u00c8tic o a la legislaci\u00f3 vigent.\r\n","guidelines_policies_cards_grid_button_label":"Coneix el canal i com usar-lo","guidelines_policies_cards_grid_button_action":"url","guidelines_policies_cards_grid_button_url":"https:\/\/girbau.ulisesgrc.net\/#\/channels\/girbau\/CA_ES","guidelines_policies_cards_grid_button_post":null,"guidelines_policies_cards_grid_button_file":null,"guidelines_policies_cards_grid_button_modal_url":"","guidelines_policies_cards_grid_button":""},{"guidelines_policies_cards_grid_image":988,"guidelines_policies_cards_grid_title":"Codi \u00e8tic","guidelines_policies_cards_grid_description":"El nostre Codi \u00c8tic no \u00e9s nom\u00e9s un document: \u00e9s la br\u00faixola que orienta cada decisi\u00f3. Defineix com treballem, com ens relacionem i com contribu\u00efm a un entorn just i responsable. Parla d'integritat, respecte, transpar\u00e8ncia i comprom\u00eds. Valors que no sols escrivim, els practiquem.\r\n","guidelines_policies_cards_grid_button_label":"Llegeix el nostre codi \u00e8tic","guidelines_policies_cards_grid_button_action":"file","guidelines_policies_cards_grid_button_url":"","guidelines_policies_cards_grid_button_post":null,"guidelines_policies_cards_grid_button_file":1479,"guidelines_policies_cards_grid_button_modal_url":"","guidelines_policies_cards_grid_button":""}],"page_guidelines_policies_json_schema_json_schema":""},"yoast_head":"<!-- This site is optimized with the Yoast SEO Premium plugin v26.8 (Yoast SEO v27.1.1) - https:\/\/yoast.com\/product\/yoast-seo-premium-wordpress\/ -->\n<title>Directrius i pol\u00edtiques | Girbau<\/title>\n<meta name=\"description\" content=\"Directrius i pol\u00edtiques corporatives de Girbau per a impulsar compliment, transpar\u00e8ncia i una gesti\u00f3 responsable en tota l&#039;organitzaci\u00f3.\" \/>\n<meta name=\"robots\" content=\"index, follow, max-snippet:-1, max-image-preview:large, max-video-preview:-1\" \/>\n<link rel=\"canonical\" href=\"https:\/\/www.girbau.com\/es-ca\/politiques-directrius\/\" \/>\n<meta property=\"og:locale\" content=\"ca_ES\" \/>\n<meta property=\"og:type\" content=\"article\" \/>\n<meta property=\"og:title\" content=\"Pol\u00edtiques Internes i Directrius\" \/>\n<meta property=\"og:description\" content=\"Directrius i pol\u00edtiques corporatives de Girbau per a impulsar compliment, transpar\u00e8ncia i una gesti\u00f3 responsable en tota l&#039;organitzaci\u00f3.\" \/>\n<meta property=\"og:url\" content=\"https:\/\/www.girbau.com\/es-ca\/politiques-directrius\/\" \/>\n<meta property=\"og:site_name\" content=\"Girbau CA\" \/>\n<meta property=\"article:modified_time\" content=\"2026-01-19T18:09:52+00:00\" \/>\n<meta name=\"twitter:card\" content=\"summary_large_image\" \/>\n<script type=\"application\/ld+json\" class=\"yoast-schema-graph\">{\"@context\":\"https:\/\/schema.org\",\"@graph\":[{\"@type\":\"WebPage\",\"@id\":\"https:\/\/www.girbau.com\/es-ca\/politiques-directrius\/\",\"url\":\"https:\/\/www.girbau.com\/es-ca\/politiques-directrius\/\",\"name\":\"Directrius i pol\u00edtiques | Girbau\",\"isPartOf\":{\"@id\":\"https:\/\/www.girbau.com\/es-ca\/#website\"},\"datePublished\":\"2025-12-05T00:45:52+00:00\",\"dateModified\":\"2026-01-19T18:09:52+00:00\",\"description\":\"Directrius i pol\u00edtiques corporatives de Girbau per a impulsar compliment, transpar\u00e8ncia i una gesti\u00f3 responsable en tota l'organitzaci\u00f3.\",\"breadcrumb\":{\"@id\":\"https:\/\/www.girbau.com\/es-ca\/politiques-directrius\/#breadcrumb\"},\"inLanguage\":\"ca\",\"potentialAction\":[{\"@type\":\"ReadAction\",\"target\":[\"https:\/\/www.girbau.com\/es-ca\/politiques-directrius\/\"]}]},{\"@type\":\"BreadcrumbList\",\"@id\":\"https:\/\/www.girbau.com\/es-ca\/politiques-directrius\/#breadcrumb\",\"itemListElement\":[{\"@type\":\"ListItem\",\"position\":1,\"name\":\"Home\",\"item\":\"https:\/\/www.girbau.com\/es-ca\/\"},{\"@type\":\"ListItem\",\"position\":2,\"name\":\"Pol\u00edtiques Internes i Directrius\"}]},{\"@type\":\"WebSite\",\"@id\":\"https:\/\/www.girbau.com\/es-ca\/#website\",\"url\":\"https:\/\/www.girbau.com\/es-ca\/\",\"name\":\"Girbau CA\",\"description\":\"\",\"potentialAction\":[{\"@type\":\"SearchAction\",\"target\":{\"@type\":\"EntryPoint\",\"urlTemplate\":\"https:\/\/www.girbau.com\/es-ca\/?s={search_term_string}\"},\"query-input\":{\"@type\":\"PropertyValueSpecification\",\"valueRequired\":true,\"valueName\":\"search_term_string\"}}],\"inLanguage\":\"ca\"}]}<\/script>\n<!-- \/ Yoast SEO Premium plugin. -->","yoast_head_json":{"title":"Directrius i pol\u00edtiques | Girbau","description":"Directrius i pol\u00edtiques corporatives de Girbau per a impulsar compliment, transpar\u00e8ncia i una gesti\u00f3 responsable en tota l'organitzaci\u00f3.","robots":{"index":"index","follow":"follow","max-snippet":"max-snippet:-1","max-image-preview":"max-image-preview:large","max-video-preview":"max-video-preview:-1"},"canonical":"https:\/\/www.girbau.com\/es-ca\/politiques-directrius\/","og_locale":"ca_ES","og_type":"article","og_title":"Pol\u00edtiques Internes i Directrius","og_description":"Directrius i pol\u00edtiques corporatives de Girbau per a impulsar compliment, transpar\u00e8ncia i una gesti\u00f3 responsable en tota l'organitzaci\u00f3.","og_url":"https:\/\/www.girbau.com\/es-ca\/politiques-directrius\/","og_site_name":"Girbau CA","article_modified_time":"2026-01-19T18:09:52+00:00","twitter_card":"summary_large_image","schema":{"@context":"https:\/\/schema.org","@graph":[{"@type":"WebPage","@id":"https:\/\/www.girbau.com\/es-ca\/politiques-directrius\/","url":"https:\/\/www.girbau.com\/es-ca\/politiques-directrius\/","name":"Directrius i pol\u00edtiques | Girbau","isPartOf":{"@id":"https:\/\/www.girbau.com\/es-ca\/#website"},"datePublished":"2025-12-05T00:45:52+00:00","dateModified":"2026-01-19T18:09:52+00:00","description":"Directrius i pol\u00edtiques corporatives de Girbau per a impulsar compliment, transpar\u00e8ncia i una gesti\u00f3 responsable en tota l'organitzaci\u00f3.","breadcrumb":{"@id":"https:\/\/www.girbau.com\/es-ca\/politiques-directrius\/#breadcrumb"},"inLanguage":"ca","potentialAction":[{"@type":"ReadAction","target":["https:\/\/www.girbau.com\/es-ca\/politiques-directrius\/"]}]},{"@type":"BreadcrumbList","@id":"https:\/\/www.girbau.com\/es-ca\/politiques-directrius\/#breadcrumb","itemListElement":[{"@type":"ListItem","position":1,"name":"Home","item":"https:\/\/www.girbau.com\/es-ca\/"},{"@type":"ListItem","position":2,"name":"Pol\u00edtiques Internes i Directrius"}]},{"@type":"WebSite","@id":"https:\/\/www.girbau.com\/es-ca\/#website","url":"https:\/\/www.girbau.com\/es-ca\/","name":"Girbau CA","description":"","potentialAction":[{"@type":"SearchAction","target":{"@type":"EntryPoint","urlTemplate":"https:\/\/www.girbau.com\/es-ca\/?s={search_term_string}"},"query-input":{"@type":"PropertyValueSpecification","valueRequired":true,"valueName":"search_term_string"}}],"inLanguage":"ca"}]}},"_links":{"self":[{"href":"https:\/\/www.girbau.com\/es-ca\/wp-json\/wp\/v2\/pages\/794","targetHints":{"allow":["GET"]}}],"collection":[{"href":"https:\/\/www.girbau.com\/es-ca\/wp-json\/wp\/v2\/pages"}],"about":[{"href":"https:\/\/www.girbau.com\/es-ca\/wp-json\/wp\/v2\/types\/page"}],"author":[{"embeddable":true,"href":"https:\/\/www.girbau.com\/es-ca\/wp-json\/wp\/v2\/users\/10"}],"replies":[{"embeddable":true,"href":"https:\/\/www.girbau.com\/es-ca\/wp-json\/wp\/v2\/comments?post=794"}],"version-history":[{"count":10,"href":"https:\/\/www.girbau.com\/es-ca\/wp-json\/wp\/v2\/pages\/794\/revisions"}],"predecessor-version":[{"id":1765,"href":"https:\/\/www.girbau.com\/es-ca\/wp-json\/wp\/v2\/pages\/794\/revisions\/1765"}],"wp:attachment":[{"href":"https:\/\/www.girbau.com\/es-ca\/wp-json\/wp\/v2\/media?parent=794"}],"curies":[{"name":"wp","href":"https:\/\/api.w.org\/{rel}","templated":true}]}}