{"id":168,"date":"2025-11-25T12:06:51","date_gmt":"2025-11-25T12:06:51","guid":{"rendered":"https:\/\/www.girbau.com\/es-es\/sistema-interno-de-informacion\/"},"modified":"2025-12-03T19:30:41","modified_gmt":"2025-12-03T18:30:41","slug":"sistema-interno-de-informacion","status":"publish","type":"page","link":"https:\/\/www.girbau.com\/es-es\/sistema-interno-de-informacion\/","title":{"rendered":"Sistema Interno de Informaci\u00f3n"},"content":{"rendered":"\t\n\t\t\t\t\t\t\t\t\t\t\t\t\t\t\t\t\t\t\t\t\t\t\t\t\t\t\t\t\t\n\t\n\t\n\n<section class=\"module-grid\" >\n\t<div class=\"container\">\n\t\t\t\t\t\n\n<div class=\"section-header\">\n\t\t\t<div class=\"section-header__intro\">\n\t\t\t\n\n<div class=\"section-intro\">\n\t\n\t\t\t<div class=\"section-intro__container\">\n\t\t\t\t\t\t\t\t\t\t<h2 class=\"section-intro__title\">Sistema Interno de Informaci\u00f3n<\/h2>\n\t\t\t\t\t<\/div>\n\t\n\t\n\t\n\t<\/div>\n\t\t<\/div>\n\t\n\t<\/div>\n\t\t\n\t\t\t\t\t<div class=\"module-grid__content only-text\">\n\t\t\t\t<p>En cumplimiento de la Ley 2\/2023, de 20 de febrero, reguladora de la protecci\u00f3n de las personas que informen sobre infracciones normativas y de lucha contra la corrupci\u00f3n, GIRBAU, S.A. hace constar que cuenta con un Sistema Interno de Informaci\u00f3n, siendo la empresa la responsable del tratamiento de los datos personales de conformidad con lo dispuesto por la legislaci\u00f3n vigente en este \u00e1mbito.<\/p>\n\n\t\t\t<\/div>\n\t\t\n\t\t\t\t\t<div class=\"module-grid__content\" style=\"--columns: 1;\">\n\t\t\t\t\t\t\t\t\t\n\n<div class=\"accordion\" data-accordion>\n\t<button class=\"accordion__trigger\" aria-expanded=\"false\" data-accordion-trigger>\n\t\t<h3 class=\"accordion__title\">I.- Sistema Interno de Informaci\u00f3n<\/h3>\n\t\t<span class=\"accordion__icon\" aria-hidden=\"true\"><\/span>\n\t<\/button>\n\t<div class=\"accordion__content\" aria-hidden=\"true\">\n\t\t<div>\n\t\t\t<div class=\"accordion__inner\">\n\t\t\t\t\t\t\t\t\t<div>\n<p>Con la finalidad de fortalecer la cultura de la informaci\u00f3n y de las infraestructuras de integridad de GIRBAU, S.A., y de fomentar la cultura de la comunicaci\u00f3n como mecanismo de prevenci\u00f3n de actividades u omisiones que puedan ser constitutivas de infracciones en el \u00e1mbito de la UE, infracciones penales o administrativas graves o muy graves, as\u00ed como infracciones en materia laboral en la seguridad y la salud en el trabajo, la empresa ha nombrado a la persona que ocupa el cargo de Responsable de Cumplimiento Penal, como persona Responsable del Sistema Interno de Informaci\u00f3n (SII) y ha activado por varios medios, un Canal Interno de Informaci\u00f3n:<\/p>\n<\/div>\n<ul>\n<li>Correo ordinario a la direcci\u00f3n: Carretera de Manlleu, Km. 1, de Vic (Barcelona) -a la atenci\u00f3n de la persona responsable de Cumplimiento Penal y responsable del SII.<\/li>\n<li>Correo electr\u00f3nico a la direcci\u00f3n:\u00a0<a href=\"mailto:compliance@girbau.com\">compliance@girbau.com<\/a>.<\/li>\n<li>Mediante escrito entregado a la persona responsable de Cumplimiento Penal y responsable del SII.<\/li>\n<\/ul>\n<div>Cumplimiento Penal y del SII, en el plazo m\u00e1ximo de siete d\u00edas.<\/div>\n<div><\/div>\n<div>Las informaciones verbales realizadas a trav\u00e9s de reuni\u00f3n presencial con la persona RCP y responsable del SII, deber\u00e1n documentarse de alguna de las maneras siguientes, previo consentimiento de la persona informante:<\/div>\n<ol>\n<li>Mediante una grabaci\u00f3n de la conversaci\u00f3n en un formato seguro, duradero y accesible, o<br \/>\n<em>(*) Se advertir\u00e1 a la persona informante que la comunicaci\u00f3n ser\u00e1 grabada y se le informar\u00e1 del tratamiento de sus datos de acuerdo con lo establecido en el Reglamento (UE) 2016\/679 del Parlamento Europeo y del Consejo, de 27 de abril de 2016.<\/em><\/li>\n<li>A trav\u00e9s de una transcripci\u00f3n completa y exacta de la conversaci\u00f3n realizada por la persona RCP y responsable del SII.<\/li>\n<\/ol>\n<p>Sin perjuicio de los derechos que le corresponden de acuerdo con la normativa sobre protecci\u00f3n de datos, se ofrecer\u00e1 a la persona informante la oportunidad de comprobar, rectificar y aceptar mediante su firma la transcripci\u00f3n de la conversaci\u00f3n.<\/p>\n<p>El SII, cumple con los requisitos del art\u00edculo 5.2 de la Ley de referencia:<\/p>\n<p>a).- Permite que las personas a quienes aplica la Ley (art\u00edculo 3) puedan comunicar informaciones, por varios medios, sobre las infracciones previstas en su art\u00edculo 2.<\/p>\n<p>b).- Se gestiona de forma segura, garantizando que las comunicaciones puedan tratarse de forma efectiva dentro de la empresa, as\u00ed como la confidencialidad de la identidad de la persona informante y de cualquier tercera persona mencionada en la comunicaci\u00f3n y de las actuaciones que se desarrollen en la gesti\u00f3n y tramitaci\u00f3n de la misma, as\u00ed como la protecci\u00f3n de datos, impidiendo el acceso de personal no autorizado.<\/p>\n<p>c).- Cuenta con un Protocolo de Sistema Interno de Informaci\u00f3n, de uso de Canal Interno de Informaci\u00f3n y de actuaci\u00f3n de la persona responsable de Cumplimiento Penal y del Sistema Interno de Informaci\u00f3n, que establece garant\u00edas para la protecci\u00f3n de las personas informantes:<\/p>\n<ul>\n<li>Justificante de recepci\u00f3n en el plazo de siete d\u00edas naturales siguientes a la recepci\u00f3n de la informaci\u00f3n.<\/li>\n<li>Plazo m\u00e1ximo de tres meses para dar respuesta a las actuaciones de la investigaci\u00f3n, en los t\u00e9rminos del art\u00edculo 9 de la Ley, cumplimentando y custodiando de forma diligente un Libro-Registro de Informaciones.<\/li>\n<li>Posibilidad de mantener la comunicaci\u00f3n con la persona informante.<\/li>\n<li>Establecimiento del derecho de la persona afectada a que se le informe de las acciones u omisiones que se le atribuyen y a ser escuchada.<\/li>\n<li>Garant\u00eda de confidencialidad cuando la comunicaci\u00f3n sea remitida por canales de denuncia que no sean los establecidos o a personal no responsable de su tratamiento, as\u00ed como la obligaci\u00f3n de que la persona que la reciba, la remita inmediatamente a la persona Responsable del SII.<\/li>\n<li>Respeto a la presunci\u00f3n de inocencia y al honor de las personas afectadas.<\/li>\n<li>Respeto a las disposiciones sobre Protecci\u00f3n de Datos (T\u00edtulo VI Ley de referencia).<\/li>\n<li>Compromiso de remisi\u00f3n de la informaci\u00f3n al Ministerio Fiscal con car\u00e1cter inmediato, cuando los hechos pudieran ser indiciariamente constitutivos de delito.<\/li>\n<\/ul>\n\n\t\t\t\t\t\t\t<\/div>\n\t\t<\/div>\n\t<\/div>\n<\/div>\n\t\t\t\t\t\t\t\t\t\n\n<div class=\"accordion\" data-accordion>\n\t<button class=\"accordion__trigger\" aria-expanded=\"false\" data-accordion-trigger>\n\t\t<h3 class=\"accordion__title\">II.- Tratamiento de datos personales<\/h3>\n\t\t<span class=\"accordion__icon\" aria-hidden=\"true\"><\/span>\n\t<\/button>\n\t<div class=\"accordion__content\" aria-hidden=\"true\">\n\t\t<div>\n\t\t\t<div class=\"accordion__inner\">\n\t\t\t\t\t\t\t\t\t<p>GIRBAU, S.A. tratar\u00e1 los datos personales incluidos en las comunicaciones que se reciban y queden amparados por la Ley 2\/2023, como responsable del tratamiento, con la finalidad de poder gestionarlas e iniciar, en su caso, el procedimiento de investigaci\u00f3n correspondiente. La base jur\u00eddica del tratamiento ser\u00e1 el cumplimiento de una obligaci\u00f3n legal, derivada de la Ley de referencia. Si la comunicaci\u00f3n contiene datos de car\u00e1cter especial, la base jur\u00eddica ser\u00e1 el inter\u00e9s p\u00fablico esencial y otras previsiones establecidas en el apartado 2 del art. 9.2. del Reglamento (UE) 2016\/679 del Parlamento Europeo y del Consejo de 27 de abril de 2016 relativo a la protecci\u00f3n de las personas f\u00edsicas respecto al tratamiento de datos personales.<\/p>\n<p>Asimismo, se ha indicado que estos datos personales podr\u00e1n ser tratados y cedidos por el personal autorizado para ello \u00fanicamente, cuando resulte necesario para la adopci\u00f3n de medidas correctoras en GIRBAU, S.A. o la tramitaci\u00f3n de los procedimientos sancionadores o penales que, en su caso, procedan. Los datos personales se conservar\u00e1n el tiempo imprescindible para decidir sobre la procedencia de iniciar una investigaci\u00f3n sobre los hechos informados. En todo caso, si esta decisi\u00f3n no se adoptase en un plazo de tres meses, los datos personales contenidos en la comunicaci\u00f3n se suprimir\u00e1n, salvo la finalidad de mantener evidencia del funcionamiento del sistema.<\/p>\n<p>Tambi\u00e9n ser\u00e1n suprimidos aquellos datos personales no considerados veraces, a excepci\u00f3n de que esta falta de veracidad pueda constituir un il\u00edcito penal, en cuyo caso se guardar\u00e1 la informaci\u00f3n por el tiempo necesario durante el cual se tramite el procedimiento judicial.<\/p>\n<p>Finalmente, se hace constar que en cualquier momento la persona comunicante podr\u00e1 solicitar al responsable del tratamiento, el acceso a sus datos personales, su rectificaci\u00f3n o supresi\u00f3n, o la limitaci\u00f3n de su tratamiento, o a oponerse, as\u00ed como el derecho a la portabilidad de los datos, enviando un escrito acompa\u00f1ado de una fotocopia de su documento de identidad al domicilio postal Carretera de Manlleu km 1 (08500) Vic o bien al correo electr\u00f3nico dataprotection@girbau.com. \u00a0En caso de disconformidad con el tratamiento de sus datos, podr\u00e1 presentar una reclamaci\u00f3n ante la Agencia Espa\u00f1ola de Protecci\u00f3n de Datos, organismo que ostenta la autoridad de control en la materia, ubicada en la C\/ Jorge Juan, 6 (28001) Madrid (www.aepd.es).<\/p>\n\n\t\t\t\t\t\t\t<\/div>\n\t\t<\/div>\n\t<\/div>\n<\/div>\n\t\t\t\t\t\t\t\t\t\n\n<div class=\"accordion\" data-accordion>\n\t<button class=\"accordion__trigger\" aria-expanded=\"false\" data-accordion-trigger>\n\t\t<h3 class=\"accordion__title\">III.- No represalia<\/h3>\n\t\t<span class=\"accordion__icon\" aria-hidden=\"true\"><\/span>\n\t<\/button>\n\t<div class=\"accordion__content\" aria-hidden=\"true\">\n\t\t<div>\n\t\t\t<div class=\"accordion__inner\">\n\t\t\t\t\t\t\t\t\t<p>GIRBAU, S.A. se compromete expresamente, a no llevar a cabo actos constitutivos de represalia, incluidas amenazas o tentativas de represalia contra las personas que presenten una comunicaci\u00f3n conforme a lo previsto en la Ley 2\/2023, y a aplicar medidas de protecci\u00f3n durante la tramitaci\u00f3n de un expediente, respecto de las personas afectadas por una posible comunicaci\u00f3n.<\/p>\n\n\t\t\t\t\t\t\t<\/div>\n\t\t<\/div>\n\t<\/div>\n<\/div>\n\t\t\t\t\t\t\t\t\t\n\n<div class=\"accordion\" data-accordion>\n\t<button class=\"accordion__trigger\" aria-expanded=\"false\" data-accordion-trigger>\n\t\t<h3 class=\"accordion__title\">IV.- Exenci\u00f3n y atenuaci\u00f3n de la sanci\u00f3n<\/h3>\n\t\t<span class=\"accordion__icon\" aria-hidden=\"true\"><\/span>\n\t<\/button>\n\t<div class=\"accordion__content\" aria-hidden=\"true\">\n\t\t<div>\n\t\t\t<div class=\"accordion__inner\">\n\t\t\t\t\t\t\t\t\t<p>Cuando una persona que hubiera participado en la comisi\u00f3n de la infracci\u00f3n administrativa objeto de la informaci\u00f3n sea la que informe de su existencia mediante la presentaci\u00f3n de la informaci\u00f3n y siempre que \u00e9sta hubiera sido presentada con anterioridad a que hubiera sido notificada la incoaci\u00f3n del procedimiento de investigaci\u00f3n o sancionador, el \u00f3rgano competente para resolver el procedimiento, mediante resoluci\u00f3n motivada, podr\u00e1 eximirlo del cumplimiento de la sanci\u00f3n administrativa que le correspondiera siempre que resulten acreditados los extremos mencionados en el art\u00edculo 40 de la Ley de referencia.<\/p>\n<p><em>(*) El Canal Interno de Informaci\u00f3n permite la presentaci\u00f3n de comunicaciones an\u00f3nimas.\u00a0<\/em><br \/>\n<em>(**) Aunque las comunicaciones se presentar\u00e1n, siempre que sea posible y de forma preferente, por el canal interno, los informantes podr\u00e1n tambi\u00e9n remitirlas en su caso, a la Autoridad Independiente de Protecci\u00f3n del Informante (a estos efectos ante la Oficina Antifraude de Catalu\u00f1a), al Ministerio Fiscal o a la Fiscal\u00eda Europea, seg\u00fan sea pertinente<\/em><\/p>\n\n\t\t\t\t\t\t\t<\/div>\n\t\t<\/div>\n\t<\/div>\n<\/div>\n\t\t\t\t\t\t\t<\/div>\n\t\t\n\t\t\t<\/div>\n<\/section>\n","protected":false},"excerpt":{"rendered":"","protected":false},"author":1,"featured_media":0,"parent":0,"menu_order":0,"comment_status":"closed","ping_status":"closed","template":"","meta":{"_acf_changed":false,"footnotes":""},"class_list":["post-168","page","type-page","status-publish","hentry"],"acf":[],"yoast_head":"<!-- This site is optimized with the Yoast SEO Premium plugin v26.8 (Yoast SEO v27.1.1) - https:\/\/yoast.com\/product\/yoast-seo-premium-wordpress\/ -->\n<title>Sistema Interno de Informaci\u00f3n | Girbau<\/title>\n<meta name=\"description\" content=\"GIRBAU, S.A. hace constar que cuenta con un Sistema Interno de Informaci\u00f3n.\" \/>\n<meta name=\"robots\" content=\"index, follow, max-snippet:-1, max-image-preview:large, max-video-preview:-1\" \/>\n<link rel=\"canonical\" href=\"https:\/\/www.girbau.com\/es-es\/sistema-interno-de-informacion\/\" \/>\n<meta property=\"og:locale\" content=\"es_ES\" \/>\n<meta property=\"og:type\" content=\"article\" \/>\n<meta property=\"og:title\" content=\"Sistema Interno de Informaci\u00f3n\" \/>\n<meta property=\"og:description\" content=\"GIRBAU, S.A. hace constar que cuenta con un Sistema Interno de Informaci\u00f3n.\" \/>\n<meta property=\"og:url\" content=\"https:\/\/www.girbau.com\/es-es\/sistema-interno-de-informacion\/\" \/>\n<meta property=\"og:site_name\" content=\"Girbau ES\" \/>\n<meta property=\"article:modified_time\" content=\"2025-12-03T18:30:41+00:00\" \/>\n<meta name=\"twitter:card\" content=\"summary_large_image\" \/>\n<script type=\"application\/ld+json\" class=\"yoast-schema-graph\">{\"@context\":\"https:\/\/schema.org\",\"@graph\":[{\"@type\":\"WebPage\",\"@id\":\"https:\/\/www.girbau.com\/es-es\/sistema-interno-de-informacion\/\",\"url\":\"https:\/\/www.girbau.com\/es-es\/sistema-interno-de-informacion\/\",\"name\":\"Sistema Interno de Informaci\u00f3n | Girbau\",\"isPartOf\":{\"@id\":\"https:\/\/www.girbau.com\/es-es\/#website\"},\"datePublished\":\"2025-11-25T12:06:51+00:00\",\"dateModified\":\"2025-12-03T18:30:41+00:00\",\"description\":\"GIRBAU, S.A. hace constar que cuenta con un Sistema Interno de Informaci\u00f3n.\",\"breadcrumb\":{\"@id\":\"https:\/\/www.girbau.com\/es-es\/sistema-interno-de-informacion\/#breadcrumb\"},\"inLanguage\":\"es\",\"potentialAction\":[{\"@type\":\"ReadAction\",\"target\":[\"https:\/\/www.girbau.com\/es-es\/sistema-interno-de-informacion\/\"]}]},{\"@type\":\"BreadcrumbList\",\"@id\":\"https:\/\/www.girbau.com\/es-es\/sistema-interno-de-informacion\/#breadcrumb\",\"itemListElement\":[{\"@type\":\"ListItem\",\"position\":1,\"name\":\"Home\",\"item\":\"https:\/\/www.girbau.com\/es-es\/\"},{\"@type\":\"ListItem\",\"position\":2,\"name\":\"Sistema Interno de Informaci\u00f3n\"}]},{\"@type\":\"WebSite\",\"@id\":\"https:\/\/www.girbau.com\/es-es\/#website\",\"url\":\"https:\/\/www.girbau.com\/es-es\/\",\"name\":\"Girbau ESP\",\"description\":\"\",\"alternateName\":\"Girbau\",\"potentialAction\":[{\"@type\":\"SearchAction\",\"target\":{\"@type\":\"EntryPoint\",\"urlTemplate\":\"https:\/\/www.girbau.com\/es-es\/?s={search_term_string}\"},\"query-input\":{\"@type\":\"PropertyValueSpecification\",\"valueRequired\":true,\"valueName\":\"search_term_string\"}}],\"inLanguage\":\"es\"}]}<\/script>\n<!-- \/ Yoast SEO Premium plugin. -->","yoast_head_json":{"title":"Sistema Interno de Informaci\u00f3n | Girbau","description":"GIRBAU, S.A. hace constar que cuenta con un Sistema Interno de Informaci\u00f3n.","robots":{"index":"index","follow":"follow","max-snippet":"max-snippet:-1","max-image-preview":"max-image-preview:large","max-video-preview":"max-video-preview:-1"},"canonical":"https:\/\/www.girbau.com\/es-es\/sistema-interno-de-informacion\/","og_locale":"es_ES","og_type":"article","og_title":"Sistema Interno de Informaci\u00f3n","og_description":"GIRBAU, S.A. hace constar que cuenta con un Sistema Interno de Informaci\u00f3n.","og_url":"https:\/\/www.girbau.com\/es-es\/sistema-interno-de-informacion\/","og_site_name":"Girbau ES","article_modified_time":"2025-12-03T18:30:41+00:00","twitter_card":"summary_large_image","schema":{"@context":"https:\/\/schema.org","@graph":[{"@type":"WebPage","@id":"https:\/\/www.girbau.com\/es-es\/sistema-interno-de-informacion\/","url":"https:\/\/www.girbau.com\/es-es\/sistema-interno-de-informacion\/","name":"Sistema Interno de Informaci\u00f3n | Girbau","isPartOf":{"@id":"https:\/\/www.girbau.com\/es-es\/#website"},"datePublished":"2025-11-25T12:06:51+00:00","dateModified":"2025-12-03T18:30:41+00:00","description":"GIRBAU, S.A. hace constar que cuenta con un Sistema Interno de Informaci\u00f3n.","breadcrumb":{"@id":"https:\/\/www.girbau.com\/es-es\/sistema-interno-de-informacion\/#breadcrumb"},"inLanguage":"es","potentialAction":[{"@type":"ReadAction","target":["https:\/\/www.girbau.com\/es-es\/sistema-interno-de-informacion\/"]}]},{"@type":"BreadcrumbList","@id":"https:\/\/www.girbau.com\/es-es\/sistema-interno-de-informacion\/#breadcrumb","itemListElement":[{"@type":"ListItem","position":1,"name":"Home","item":"https:\/\/www.girbau.com\/es-es\/"},{"@type":"ListItem","position":2,"name":"Sistema Interno de Informaci\u00f3n"}]},{"@type":"WebSite","@id":"https:\/\/www.girbau.com\/es-es\/#website","url":"https:\/\/www.girbau.com\/es-es\/","name":"Girbau ESP","description":"","alternateName":"Girbau","potentialAction":[{"@type":"SearchAction","target":{"@type":"EntryPoint","urlTemplate":"https:\/\/www.girbau.com\/es-es\/?s={search_term_string}"},"query-input":{"@type":"PropertyValueSpecification","valueRequired":true,"valueName":"search_term_string"}}],"inLanguage":"es"}]}},"_links":{"self":[{"href":"https:\/\/www.girbau.com\/es-es\/wp-json\/wp\/v2\/pages\/168","targetHints":{"allow":["GET"]}}],"collection":[{"href":"https:\/\/www.girbau.com\/es-es\/wp-json\/wp\/v2\/pages"}],"about":[{"href":"https:\/\/www.girbau.com\/es-es\/wp-json\/wp\/v2\/types\/page"}],"author":[{"embeddable":true,"href":"https:\/\/www.girbau.com\/es-es\/wp-json\/wp\/v2\/users\/1"}],"replies":[{"embeddable":true,"href":"https:\/\/www.girbau.com\/es-es\/wp-json\/wp\/v2\/comments?post=168"}],"version-history":[{"count":7,"href":"https:\/\/www.girbau.com\/es-es\/wp-json\/wp\/v2\/pages\/168\/revisions"}],"predecessor-version":[{"id":573,"href":"https:\/\/www.girbau.com\/es-es\/wp-json\/wp\/v2\/pages\/168\/revisions\/573"}],"wp:attachment":[{"href":"https:\/\/www.girbau.com\/es-es\/wp-json\/wp\/v2\/media?parent=168"}],"curies":[{"name":"wp","href":"https:\/\/api.w.org\/{rel}","templated":true}]}}