{"id":55,"date":"2025-11-25T12:06:42","date_gmt":"2025-11-25T12:06:42","guid":{"rendered":"https:\/\/www.girbau.com\/es-es\/aviso-legal\/"},"modified":"2026-01-23T14:00:39","modified_gmt":"2026-01-23T13:00:39","slug":"aviso-legal","status":"publish","type":"page","link":"https:\/\/www.girbau.com\/es-es\/aviso-legal\/","title":{"rendered":"Aviso Legal"},"content":{"rendered":"\t\n\t\t\t\t\t\t\t\t\t\t\t\t\t\t\t\t\t\t\t\t\t\t\t\t\t\t\t\t\t\t\t\t\t\t\t\t\t\t\t\t\t\t\t\t\t\t\t\t\t\t\t\t\t\t\t\t\t\n\t\n\t\n\n<section class=\"module-grid\" >\n\t<div class=\"container\">\n\t\t\t\t\t\n\n<div class=\"section-header\">\n\t\t\t<div class=\"section-header__intro\">\n\t\t\t\n\n<div class=\"section-intro\">\n\t\n\t\t\t<div class=\"section-intro__container\">\n\t\t\t\t\t\t\t\t\t\t<h2 class=\"section-intro__title\">Aviso legal<\/h2>\n\t\t\t\t\t<\/div>\n\t\n\t\t\t\t\t\t\t\t<p class=\"section-intro__description\">\n\t\t\t\tCondiciones generales de acceso, navegaci\u00f3n y responsabilidad de este sitio.\n\t\t\t<\/p>\n\t\t\t\n\t\n\t<\/div>\n\t\t<\/div>\n\t\n\t<\/div>\n\t\t\n\t\t\t\t\t<div class=\"module-grid__content only-text\">\n\t\t\t\t\n\t\t\t<\/div>\n\t\t\n\t\t\t\t\t<div class=\"module-grid__content\" style=\"--columns: 1;\">\n\t\t\t\t\t\t\t\t\t\n\n<div class=\"accordion\" data-accordion>\n\t<button class=\"accordion__trigger\" aria-expanded=\"false\" data-accordion-trigger>\n\t\t<h3 class=\"accordion__title\">Informaci\u00f3n de la empresa Girbau SA<\/h3>\n\t\t<span class=\"accordion__icon\" aria-hidden=\"true\"><\/span>\n\t<\/button>\n\t<div class=\"accordion__content\" aria-hidden=\"true\">\n\t\t<div>\n\t\t\t<div class=\"accordion__inner\">\n\t\t\t\t\t\t\t\t\t<p>Girbau, SA, con sede en la ciudad de Vic, su domicilio social es: carretera de Manlleu, Km.1 (Espa\u00f1a), Tel: 938861100,\u00a0<a href=\"mailto:girbau@girbau.com\">girbau@girbau.com<\/a>, inscrita en la C\u00e1mara de Comercio e Industria (tomo 32066, gran folio 162, folio peque\u00f1o B32798, folio 57, Tomo 65) y NIF A-08276438. La informaci\u00f3n presentada en este apartado da cumplimiento al art\u00edculo 10 del Decreto 34\/2002, de 11 de julio, sobre informaci\u00f3n y servicios de las empresas de comercio electr\u00f3nico.<\/p>\n\n\t\t\t\t\t\t\t<\/div>\n\t\t<\/div>\n\t<\/div>\n<\/div>\n\t\t\t\t\t\t\t\t\t\n\n<div class=\"accordion\" data-accordion>\n\t<button class=\"accordion__trigger\" aria-expanded=\"false\" data-accordion-trigger>\n\t\t<h3 class=\"accordion__title\">Propiedad intelectual e industrial del contenido de la p\u00e1gina web<\/h3>\n\t\t<span class=\"accordion__icon\" aria-hidden=\"true\"><\/span>\n\t<\/button>\n\t<div class=\"accordion__content\" aria-hidden=\"true\">\n\t\t<div>\n\t\t\t<div class=\"accordion__inner\">\n\t\t\t\t\t\t\t\t\t<p>Todos los contenidos publicados en la p\u00e1gina web \u2013salvo que se manifieste expresamente lo contrario mediante cita concreta\u2013 son propiedad de Girbau S.A o de terceros que hayan autorizado su uso. Esto incluye, de forma enunciativa y no limitativa, todos los textos, gr\u00e1ficos, interfaces, c\u00f3digos fuente, fotograf\u00edas, v\u00eddeos, marcas comerciales, logotipos, sonidos, canciones e ilustraciones y cualquier otro material audiovisual o multimedia. De igual forma, el dise\u00f1o, la estructura, la selecci\u00f3n, la expresi\u00f3n, el estilo y la organizaci\u00f3n de dicho contenido est\u00e1n protegidos por los derechos de propiedad intelectual e industrial correspondientes.<\/p>\n<p>Girbau S.A. se reserva el derecho a modificar y actualizar, sin previo aviso, los contenidos, la configuraci\u00f3n y el dise\u00f1o de la p\u00e1gina web, as\u00ed como a eliminarlos y a limitar o impedir su acceso de manera temporal o definitiva.<\/p>\n<p>Queda expresamente prohibido, en cualquier caso, la reproducci\u00f3n, copia, comunicaci\u00f3n p\u00fablica, distribuci\u00f3n, modificaci\u00f3n, transformaci\u00f3n, supresi\u00f3n, manipulaci\u00f3n, y cualquier otra forma de utilizaci\u00f3n, con o sin \u00e1nimo de lucro, con fines o por medios publicitarios, promocionales y\/o comerciales de cualquier \u00edndole, de todo o parte de esta p\u00e1gina web o cualquiera de sus contenidos, sin la previa y expresa autorizaci\u00f3n por escrito de Girbau S.A.<\/p>\n<p>Bajo ning\u00fan concepto se entender\u00e1 que, por el acceso a esta p\u00e1gina web, el usuario obtenga licencia o autorizaci\u00f3n alguna de Girbau S.A. o el titular de los derechos a que corresponda, para la utilizaci\u00f3n, m\u00e1s all\u00e1 del uso estrictamente personal, de ning\u00fan contenido, informaci\u00f3n o servicio existentes en la p\u00e1gina web ni sobre ning\u00fan derecho relacionado con ellos, especialmente los de propiedad intelectual e industrial.<\/p>\n\n\t\t\t\t\t\t\t<\/div>\n\t\t<\/div>\n\t<\/div>\n<\/div>\n\t\t\t\t\t\t\t\t\t\n\n<div class=\"accordion\" data-accordion>\n\t<button class=\"accordion__trigger\" aria-expanded=\"false\" data-accordion-trigger>\n\t\t<h3 class=\"accordion__title\">Condiciones de uso de la p\u00e1gina web<\/h3>\n\t\t<span class=\"accordion__icon\" aria-hidden=\"true\"><\/span>\n\t<\/button>\n\t<div class=\"accordion__content\" aria-hidden=\"true\">\n\t\t<div>\n\t\t\t<div class=\"accordion__inner\">\n\t\t\t\t\t\t\t\t\t<p>Estas condiciones de uso regulan el acceso y utilizaci\u00f3n de la p\u00e1gina web por todos los usuarios, tanto en espacios de libre acceso como en el espacio privado para aquellos que completen el respectivo formulario de registro.<\/p>\n<p>El acceso y uso de ciertos contenidos de la p\u00e1gina web es gratuito, salvo que se indique lo contrario mediante la configuraci\u00f3n de un espacio de acceso privado. Ambos casos implican la aceptaci\u00f3n del usuario del presente aviso legal sin reservas, el cual podr\u00e1 ser modificado en cualquier momento y sin previo aviso.<\/p>\n<p>En caso de registro a trav\u00e9s del formulario de registro, la cuenta de usuario estar\u00e1 protegida por una contrase\u00f1a elegida por el propio usuario. Este garantiza mantener su contrase\u00f1a en secreto y protegerla de usos no autorizados por terceros. Si un tercero accede o revela sus datos de registro, incluida la contrase\u00f1a, el usuario ser\u00e1 el \u00fanico responsable del uso de los servicios o contenidos de la p\u00e1gina web y de sus consecuencias. El usuario deber\u00e1 notificar inmediatamente a\u00a0Girbau S.A.\u00a0sobre cualquier acceso no autorizado a su cuenta o violaci\u00f3n de seguridad que conozca.<\/p>\n<p>Girbau S.A.\u00a0no se hace responsable ante los usuarios por la revelaci\u00f3n de sus datos personales a terceros, salvo que sea por causas directamente imputables a la empresa, ni por el uso que estos hagan de dichos datos.<\/p>\n<p>Girbau S.A.\u00a0adopta las medidas t\u00e9cnicas y organizativas necesarias para garantizar la adecuada protecci\u00f3n de los datos personales de los usuarios de la p\u00e1gina web y evitar su alteraci\u00f3n, p\u00e9rdida, destrucci\u00f3n, tratamiento o acceso no autorizado, conforme a la normativa vigente en materia de protecci\u00f3n de datos.<\/p>\n<p>El usuario se compromete a utilizar la p\u00e1gina web, sus contenidos y\/o servicios de acuerdo con este aviso legal y \u00fanicamente para fines l\u00edcitos, cumpliendo con la legislaci\u00f3n aplicable, las buenas costumbres y el orden p\u00fablico.\u00a0Girbau S.A.\u00a0se reserva el derecho a denegar o retirar el acceso a la p\u00e1gina web y\/o a sus servicios en cualquier momento y sin necesidad de preaviso a cualquier usuario que no cumpla con lo establecido en este aviso legal, la normativa legal o con los principios de buena fe, moral y orden p\u00fablico.<\/p>\n<p>Asimismo, el usuario se compromete expresamente a no destruir, alterar, inutilizar o da\u00f1ar los datos, programas o documentos electr\u00f3nicos que se encuentren en la p\u00e1gina web, a no obstaculizar el acceso de otros usuarios, as\u00ed como a no realizar acciones que da\u00f1en, interrumpan o generen errores en la p\u00e1gina web. Espec\u00edficamente, el usuario se compromete a no introducir programas, virus, secuencias de caracteres, macros o cualquier otro dispositivo que cause o pueda causar alteraciones en la p\u00e1gina web.<\/p>\n<p>Salvo que se indique lo contrario de manera expl\u00edcita, no est\u00e1 permitido reproducir, copiar, utilizar, distribuir, comercializar, exponer p\u00fablicamente o realizar cualquier otra actividad utilizando la totalidad o parte del contenido de la p\u00e1gina web sin la autorizaci\u00f3n previa por escrito de\u00a0Girbau S.A.<\/p>\n\n\t\t\t\t\t\t\t<\/div>\n\t\t<\/div>\n\t<\/div>\n<\/div>\n\t\t\t\t\t\t\t\t\t\n\n<div class=\"accordion\" data-accordion>\n\t<button class=\"accordion__trigger\" aria-expanded=\"false\" data-accordion-trigger>\n\t\t<h3 class=\"accordion__title\">Responsabilidad<\/h3>\n\t\t<span class=\"accordion__icon\" aria-hidden=\"true\"><\/span>\n\t<\/button>\n\t<div class=\"accordion__content\" aria-hidden=\"true\">\n\t\t<div>\n\t\t\t<div class=\"accordion__inner\">\n\t\t\t\t\t\t\t\t\t<p>Girbau S.A. adopta las medidas necesarias, de acuerdo con el estado de la t\u00e9cnica, para garantizar el correcto funcionamiento de la p\u00e1gina web. Sin embargo, Girbau S.A. no asume la responsabilidad de los perjuicios que puedan derivarse del uso de software o contenidos multimedia que se presenten en la p\u00e1gina web como un servicio adicional. Todos estos elementos se presentan tal como est\u00e1n, y aunque Girbau S.A. debe cumplir con las leyes aplicables en materia de propiedad intelectual, derecho del consumidor o protecci\u00f3n de datos, el usuario entiende que Girbau S.A. no ser\u00e1 responsable de errores o fallos atribuibles a mal uso, incompatibilidades u otras causas ajenas.<\/p>\n<p>Girbau S.A.\u00a0se exime de cualquier responsabilidad por el uso incorrecto por parte del usuario, as\u00ed como por virus, problemas de conexi\u00f3n o disponibilidad de la p\u00e1gina web. El usuario es el \u00fanico responsable del uso que realice de la p\u00e1gina web y del contenido que reproduzca.\u00a0Girbau S.A.\u00a0no se hace responsable de la mala utilizaci\u00f3n del contenido, de errores de seguridad por usar equipos infectados con virus, por el mal funcionamiento del navegador o por da\u00f1os derivados de problemas ajenos a su control. No obstante,\u00a0Girbau S.A.\u00a0ha adoptado medidas razonables para evitarlos.<\/p>\n<p>En la p\u00e1gina web,\u00a0Girbau S.A.\u00a0puede ofrecer informaci\u00f3n, contenidos y servicios de internet a trav\u00e9s de enlaces o hiperv\u00ednculos. A menos que se indique lo contrario,\u00a0Girbau S.A.\u00a0no controla estos contenidos y el usuario asume plena responsabilidad por su navegaci\u00f3n. El establecimiento de un enlace no implica relaciones entre\u00a0Girbau S.A.\u00a0y el propietario del sitio enlazado, ni la aceptaci\u00f3n de sus contenidos.<\/p>\n<p>Girbau S.A.\u00a0se reserva el derecho a prohibir o suspender cualquier enlace a la p\u00e1gina web, especialmente si la actividad del sitio enlazado es il\u00edcita.\u00a0Girbau S.A.\u00a0no es responsable de posibles infracciones de derechos de propiedad intelectual o industrial ocasionadas por contenidos suministrados por terceros, ni por los da\u00f1os que estos puedan causar.<\/p>\n\n\t\t\t\t\t\t\t<\/div>\n\t\t<\/div>\n\t<\/div>\n<\/div>\n\t\t\t\t\t\t\t\t\t\n\n<div class=\"accordion\" data-accordion>\n\t<button class=\"accordion__trigger\" aria-expanded=\"false\" data-accordion-trigger>\n\t\t<h3 class=\"accordion__title\">Uso del material contenido en esta p\u00e1gina web<\/h3>\n\t\t<span class=\"accordion__icon\" aria-hidden=\"true\"><\/span>\n\t<\/button>\n\t<div class=\"accordion__content\" aria-hidden=\"true\">\n\t\t<div>\n\t\t\t<div class=\"accordion__inner\">\n\t\t\t\t\t\t\t\t\t<p>Girbau SA le autoriza a visualizar y descargar el contenido de las p\u00e1ginas web para su uso personal, sin embargo, no podr\u00e1 reproducir, distribuir, modificar, mostrar, utilizar como base o utilizar este sitio web con fines comerciales sin el consentimiento previo de Girbau S.A.<\/p>\n<p>Girbau SA le autoriza a descargar una copia en su ordenador para uso personal, no comercial y visualizaci\u00f3n en casa.<\/p>\n\n\t\t\t\t\t\t\t<\/div>\n\t\t<\/div>\n\t<\/div>\n<\/div>\n\t\t\t\t\t\t\t\t\t\n\n<div class=\"accordion\" data-accordion>\n\t<button class=\"accordion__trigger\" aria-expanded=\"false\" data-accordion-trigger>\n\t\t<h3 class=\"accordion__title\">Ley y jurisdicci\u00f3n aplicables<\/h3>\n\t\t<span class=\"accordion__icon\" aria-hidden=\"true\"><\/span>\n\t<\/button>\n\t<div class=\"accordion__content\" aria-hidden=\"true\">\n\t\t<div>\n\t\t\t<div class=\"accordion__inner\">\n\t\t\t\t\t\t\t\t\t<p>En aquellos casos en los que la normativa vigente permita la posibilidad de someter voluntariamente la relaci\u00f3n entre el titular de la p\u00e1gina web y el usuario a un fuero espec\u00edfico, se pacta que la p\u00e1gina web se rige por la legislaci\u00f3n espa\u00f1ola y cualquier controversia que pueda surgir en relaci\u00f3n con el mismo, se someter\u00e1 por las partes a la jurisdicci\u00f3n y competencia de los Juzgados y Tribunales de Barcelona, salvo que el usuario sea considerado consumidor. En dicho caso, las partes se someten a los juzgados y tribunales del domicilio del usuario.<\/p>\n\n\t\t\t\t\t\t\t<\/div>\n\t\t<\/div>\n\t<\/div>\n<\/div>\n\t\t\t\t\t\t\t\t\t\n\n<div class=\"accordion\" data-accordion>\n\t<button class=\"accordion__trigger\" aria-expanded=\"false\" data-accordion-trigger>\n\t\t<h3 class=\"accordion__title\">Pol\u00edtica de privacidad<\/h3>\n\t\t<span class=\"accordion__icon\" aria-hidden=\"true\"><\/span>\n\t<\/button>\n\t<div class=\"accordion__content\" aria-hidden=\"true\">\n\t\t<div>\n\t\t\t<div class=\"accordion__inner\">\n\t\t\t\t\t\t\t\t\t<p>Puede obtener informaci\u00f3n acerca del tratamiento de datos personales que se realiza en la p\u00e1gina web, dirigi\u00e9ndose a nuestra\u00a0<a href=\"https:\/\/www.girbau.com\/es-es\/politica-de-privacidad\/\" rel=\"noopener\">pol\u00edtica de privacidad<\/a>, que podr\u00e1 encontrar en el pie de p\u00e1gina de la p\u00e1gina web.<\/p>\n\n\t\t\t\t\t\t\t<\/div>\n\t\t<\/div>\n\t<\/div>\n<\/div>\n\t\t\t\t\t\t\t\t\t\n\n<div class=\"accordion\" data-accordion>\n\t<button class=\"accordion__trigger\" aria-expanded=\"false\" data-accordion-trigger>\n\t\t<h3 class=\"accordion__title\">Pol\u00edtica de cookies<\/h3>\n\t\t<span class=\"accordion__icon\" aria-hidden=\"true\"><\/span>\n\t<\/button>\n\t<div class=\"accordion__content\" aria-hidden=\"true\">\n\t\t<div>\n\t\t\t<div class=\"accordion__inner\">\n\t\t\t\t\t\t\t\t\t<p>Puede encontrar informaci\u00f3n acerca del uso de las cookies que se realiza en la p\u00e1gina web en la<a href=\"https:\/\/www.girbau.com\/es-es\/cookies\/\">pol\u00edtica de cookies<\/a><a href=\"https:\/\/www.girbau.com\/es-es\/politica-cookies\" rel=\"noopener\">,<\/a>\u00a0disponible en el pie de\u00a0p\u00e1gina de la p\u00e1gina web.<\/p>\n\n\t\t\t\t\t\t\t<\/div>\n\t\t<\/div>\n\t<\/div>\n<\/div>\n\t\t\t\t\t\t\t<\/div>\n\t\t\n\t\t\t<\/div>\n<\/section>\n","protected":false},"excerpt":{"rendered":"","protected":false},"author":1,"featured_media":0,"parent":0,"menu_order":0,"comment_status":"closed","ping_status":"closed","template":"","meta":{"_acf_changed":false,"footnotes":""},"class_list":["post-55","page","type-page","status-publish","hentry"],"acf":[],"yoast_head":"<!-- This site is optimized with the Yoast SEO Premium plugin v26.8 (Yoast SEO v27.1.1) - https:\/\/yoast.com\/product\/yoast-seo-premium-wordpress\/ -->\n<title>Aviso legal del sitio web Girbau | Girbau<\/title>\n<meta name=\"description\" content=\"Todos los contenidos publicados en la p\u00e1gina web son propiedad de Girbau S.A o de terceros que hayan autorizado su uso.\" \/>\n<meta name=\"robots\" content=\"noindex, follow\" \/>\n<meta property=\"og:locale\" content=\"es_ES\" \/>\n<meta property=\"og:type\" content=\"article\" \/>\n<meta property=\"og:title\" content=\"Aviso Legal\" \/>\n<meta property=\"og:description\" content=\"Todos los contenidos publicados en la p\u00e1gina web son propiedad de Girbau S.A o de terceros que hayan autorizado su uso.\" \/>\n<meta property=\"og:url\" content=\"https:\/\/www.girbau.com\/es-es\/aviso-legal\/\" \/>\n<meta property=\"og:site_name\" content=\"Girbau ES\" \/>\n<meta property=\"article:modified_time\" content=\"2026-01-23T13:00:39+00:00\" \/>\n<meta name=\"twitter:card\" content=\"summary_large_image\" \/>\n<script type=\"application\/ld+json\" class=\"yoast-schema-graph\">{\"@context\":\"https:\/\/schema.org\",\"@graph\":[{\"@type\":\"WebPage\",\"@id\":\"https:\/\/www.girbau.com\/es-es\/aviso-legal\/\",\"url\":\"https:\/\/www.girbau.com\/es-es\/aviso-legal\/\",\"name\":\"Aviso legal del sitio web Girbau | Girbau\",\"isPartOf\":{\"@id\":\"https:\/\/www.girbau.com\/es-es\/#website\"},\"datePublished\":\"2025-11-25T12:06:42+00:00\",\"dateModified\":\"2026-01-23T13:00:39+00:00\",\"description\":\"Todos los contenidos publicados en la p\u00e1gina web son propiedad de Girbau S.A o de terceros que hayan autorizado su uso.\",\"breadcrumb\":{\"@id\":\"https:\/\/www.girbau.com\/es-es\/aviso-legal\/#breadcrumb\"},\"inLanguage\":\"es\",\"potentialAction\":[{\"@type\":\"ReadAction\",\"target\":[\"https:\/\/www.girbau.com\/es-es\/aviso-legal\/\"]}]},{\"@type\":\"BreadcrumbList\",\"@id\":\"https:\/\/www.girbau.com\/es-es\/aviso-legal\/#breadcrumb\",\"itemListElement\":[{\"@type\":\"ListItem\",\"position\":1,\"name\":\"Home\",\"item\":\"https:\/\/www.girbau.com\/es-es\/\"},{\"@type\":\"ListItem\",\"position\":2,\"name\":\"Aviso Legal\"}]},{\"@type\":\"WebSite\",\"@id\":\"https:\/\/www.girbau.com\/es-es\/#website\",\"url\":\"https:\/\/www.girbau.com\/es-es\/\",\"name\":\"Girbau ESP\",\"description\":\"\",\"alternateName\":\"Girbau\",\"potentialAction\":[{\"@type\":\"SearchAction\",\"target\":{\"@type\":\"EntryPoint\",\"urlTemplate\":\"https:\/\/www.girbau.com\/es-es\/?s={search_term_string}\"},\"query-input\":{\"@type\":\"PropertyValueSpecification\",\"valueRequired\":true,\"valueName\":\"search_term_string\"}}],\"inLanguage\":\"es\"}]}<\/script>\n<!-- \/ Yoast SEO Premium plugin. -->","yoast_head_json":{"title":"Aviso legal del sitio web Girbau | Girbau","description":"Todos los contenidos publicados en la p\u00e1gina web son propiedad de Girbau S.A o de terceros que hayan autorizado su uso.","robots":{"index":"noindex","follow":"follow"},"og_locale":"es_ES","og_type":"article","og_title":"Aviso Legal","og_description":"Todos los contenidos publicados en la p\u00e1gina web son propiedad de Girbau S.A o de terceros que hayan autorizado su uso.","og_url":"https:\/\/www.girbau.com\/es-es\/aviso-legal\/","og_site_name":"Girbau ES","article_modified_time":"2026-01-23T13:00:39+00:00","twitter_card":"summary_large_image","schema":{"@context":"https:\/\/schema.org","@graph":[{"@type":"WebPage","@id":"https:\/\/www.girbau.com\/es-es\/aviso-legal\/","url":"https:\/\/www.girbau.com\/es-es\/aviso-legal\/","name":"Aviso legal del sitio web Girbau | Girbau","isPartOf":{"@id":"https:\/\/www.girbau.com\/es-es\/#website"},"datePublished":"2025-11-25T12:06:42+00:00","dateModified":"2026-01-23T13:00:39+00:00","description":"Todos los contenidos publicados en la p\u00e1gina web son propiedad de Girbau S.A o de terceros que hayan autorizado su uso.","breadcrumb":{"@id":"https:\/\/www.girbau.com\/es-es\/aviso-legal\/#breadcrumb"},"inLanguage":"es","potentialAction":[{"@type":"ReadAction","target":["https:\/\/www.girbau.com\/es-es\/aviso-legal\/"]}]},{"@type":"BreadcrumbList","@id":"https:\/\/www.girbau.com\/es-es\/aviso-legal\/#breadcrumb","itemListElement":[{"@type":"ListItem","position":1,"name":"Home","item":"https:\/\/www.girbau.com\/es-es\/"},{"@type":"ListItem","position":2,"name":"Aviso Legal"}]},{"@type":"WebSite","@id":"https:\/\/www.girbau.com\/es-es\/#website","url":"https:\/\/www.girbau.com\/es-es\/","name":"Girbau ESP","description":"","alternateName":"Girbau","potentialAction":[{"@type":"SearchAction","target":{"@type":"EntryPoint","urlTemplate":"https:\/\/www.girbau.com\/es-es\/?s={search_term_string}"},"query-input":{"@type":"PropertyValueSpecification","valueRequired":true,"valueName":"search_term_string"}}],"inLanguage":"es"}]}},"_links":{"self":[{"href":"https:\/\/www.girbau.com\/es-es\/wp-json\/wp\/v2\/pages\/55","targetHints":{"allow":["GET"]}}],"collection":[{"href":"https:\/\/www.girbau.com\/es-es\/wp-json\/wp\/v2\/pages"}],"about":[{"href":"https:\/\/www.girbau.com\/es-es\/wp-json\/wp\/v2\/types\/page"}],"author":[{"embeddable":true,"href":"https:\/\/www.girbau.com\/es-es\/wp-json\/wp\/v2\/users\/1"}],"replies":[{"embeddable":true,"href":"https:\/\/www.girbau.com\/es-es\/wp-json\/wp\/v2\/comments?post=55"}],"version-history":[{"count":5,"href":"https:\/\/www.girbau.com\/es-es\/wp-json\/wp\/v2\/pages\/55\/revisions"}],"predecessor-version":[{"id":1701,"href":"https:\/\/www.girbau.com\/es-es\/wp-json\/wp\/v2\/pages\/55\/revisions\/1701"}],"wp:attachment":[{"href":"https:\/\/www.girbau.com\/es-es\/wp-json\/wp\/v2\/media?parent=55"}],"curies":[{"name":"wp","href":"https:\/\/api.w.org\/{rel}","templated":true}]}}