{"id":790,"date":"2025-12-04T18:05:33","date_gmt":"2025-12-04T17:05:33","guid":{"rendered":"https:\/\/www.girbau.com\/es-es\/certificaciones\/"},"modified":"2026-02-03T15:26:22","modified_gmt":"2026-02-03T14:26:22","slug":"certificaciones","status":"publish","type":"page","link":"https:\/\/www.girbau.com\/es-es\/certificaciones\/","title":{"rendered":"Certificaciones de calidad, sostenibilidad y seguridad"},"content":{"rendered":"","protected":false},"excerpt":{"rendered":"","protected":false},"author":4,"featured_media":0,"parent":0,"menu_order":0,"comment_status":"closed","ping_status":"closed","template":"","meta":{"_acf_changed":false,"footnotes":""},"class_list":["post-790","page","type-page","status-publish","hentry"],"acf":{"page_certificaciones_main_subtitle":"Rigor, responsabilidad y enfoque en crear un impacto positivo en las personas y en el planeta","page_certificaciones_main_description":"En Girbau entendemos las certificaciones como un compromiso, no como un trofeo. Cada sello acredita que trabajamos con rigor, seguridad y respeto por el entorno, garantizando que nuestras soluciones de lavander\u00eda sostenible cumplen los m\u00e1s altos est\u00e1ndares de calidad y sostenibilidad.","page_certificaciones_sections_sections":[{"certificaciones_sections_section_name":"","certificaciones_sections_pretitle":"","certificaciones_sections_title":"Calidad","certificaciones_sections_description":"","certificaciones_sections_content_items":[{"certificaciones_sections_title":"Calidad en cada proceso","certificaciones_sections_content":"En Girbau, cada m\u00e1quina y componente se somete a controles exhaustivos que garantizan su fiabilidad, durabilidad y seguridad. Las certificaciones internacionales que respaldan a nuestros equipos son la mejor prueba de un compromiso continuo con la excelencia y la mejora constante.","certificaciones_sections_image":1028,"certificaciones_sections_image_position":"right","certificaciones_sections_button_label":"","certificaciones_sections_button_action":"url","certificaciones_sections_button_url":"","certificaciones_sections_button_post":null,"certificaciones_sections_button_file":null,"certificaciones_sections_button_modal_url":"","certificaciones_sections_button":""}],"certificaciones_sections_cards":[{"certificaciones_sections_title":"ISO 9001 \u2013 Sistema de gesti\u00f3n de la calidad para Girbau S.A. y Girbau Robotics","certificaciones_sections_description":"La certificaci\u00f3n ISO 9001 acredita que Girbau S.A. y Girbau Robotics (France) aplican un sistema de gesti\u00f3n de la calidad que garantiza la excelencia en el dise\u00f1o, la fabricaci\u00f3n y el servicio. Esta norma, vigente desde 1996, asegura la trazabilidad de cada producto y la satisfacci\u00f3n constante de nuestros clientes.","certificaciones_sections_button_label":"Ver Certificaci\u00f3n","certificaciones_sections_button_action":"file","certificaciones_sections_button_url":"","certificaciones_sections_button_post":null,"certificaciones_sections_button_file":1144,"certificaciones_sections_button_modal_url":"","certificaciones_sections_button":""},{"certificaciones_sections_title":"ISO 9001 \u2013  Sistema de gesti\u00f3n de la calidad para Girbau Laundry Machinery (Shanghai)","certificaciones_sections_description":"La certificaci\u00f3n ISO 9001 acredita que la planta de Girbau Laundry Machinery (Shangh\u00e1i) aplica un sistema de gesti\u00f3n de la calidad conforme a los est\u00e1ndares internacionales. Este reconocimiento avala la fiabilidad de nuestros procesos y refuerza la confianza global en las soluciones de lavander\u00eda profesional del grupo.","certificaciones_sections_button_label":"Ver Certificaci\u00f3n","certificaciones_sections_button_action":"file","certificaciones_sections_button_url":"","certificaciones_sections_button_post":null,"certificaciones_sections_button_file":1392,"certificaciones_sections_button_modal_url":"","certificaciones_sections_button":""}]},{"certificaciones_sections_section_name":"","certificaciones_sections_pretitle":"","certificaciones_sections_title":"Medio Ambiente","certificaciones_sections_description":"","certificaciones_sections_content_items":[{"certificaciones_sections_title":"Comprometidos con un entorno m\u00e1s limpio y sostenible","certificaciones_sections_content":"La sostenibilidad est\u00e1 integrada en todo lo que hacemos. Desde el dise\u00f1o de producto hasta la gesti\u00f3n de residuos, aplicamos criterios que reducen el impacto ambiental y mejoran la eficiencia energ\u00e9tica. Estas certificaciones de sostenibilidad reflejan un modelo de lavander\u00eda responsable y con visi\u00f3n de futuro.","certificaciones_sections_image":1029,"certificaciones_sections_image_position":"right","certificaciones_sections_button_label":"","certificaciones_sections_button_action":"url","certificaciones_sections_button_url":"","certificaciones_sections_button_post":null,"certificaciones_sections_button_file":null,"certificaciones_sections_button_modal_url":"","certificaciones_sections_button":""}],"certificaciones_sections_cards":[{"certificaciones_sections_title":"ISO 14001 \u2013 Gesti\u00f3n ambiental certificada para Girbau S.A. y Girbau Robotics","certificaciones_sections_description":"La certificaci\u00f3n ISO 14001 acredita que Girbau S.A. y Girbau Robotics aplican un sistema de gesti\u00f3n ambiental que minimiza el impacto de sus operaciones. Ambas integran la eficiencia energ\u00e9tica, la gesti\u00f3n responsable de residuos y la mejora continua en sus centros productivos.","certificaciones_sections_button_label":"Ver Certificaci\u00f3n","certificaciones_sections_button_action":"file","certificaciones_sections_button_url":"","certificaciones_sections_button_post":null,"certificaciones_sections_button_file":1147,"certificaciones_sections_button_modal_url":"","certificaciones_sections_button":""},{"certificaciones_sections_title":"ISO 14001 \u2013 Gesti\u00f3n ambiental certificada para Girbau Laundry Machinery (Shanghai)","certificaciones_sections_description":"La certificaci\u00f3n ISO 14001 acredita que nuestra planta productiva en Shanghai, China, aplica un sistema de gesti\u00f3n ambiental que minimiza el impacto de sus operaciones. ","certificaciones_sections_button_label":"Ver Certificaci\u00f3n","certificaciones_sections_button_action":"file","certificaciones_sections_button_url":"","certificaciones_sections_button_post":null,"certificaciones_sections_button_file":1394,"certificaciones_sections_button_modal_url":"","certificaciones_sections_button":""},{"certificaciones_sections_title":"EMAS (Eco-Management and Audit Scheme) para Girbau S.A.","certificaciones_sections_description":"La certificaci\u00f3n EMAS acredita la inscripci\u00f3n de Girbau S.A. en el registro europeo de gesti\u00f3n y auditor\u00eda ambiental m\u00e1s exigente de la UE. Desde 2004, este reconocimiento garantiza que nuestros centros operan con criterios de transparencia, mejora continua y compromiso real con una lavander\u00eda sostenible.","certificaciones_sections_button_label":"Ver Certificaci\u00f3n","certificaciones_sections_button_action":"file","certificaciones_sections_button_url":"","certificaciones_sections_button_post":null,"certificaciones_sections_button_file":1395,"certificaciones_sections_button_modal_url":"","certificaciones_sections_button":""},{"certificaciones_sections_title":"MITECO","certificaciones_sections_description":"Certificaci\u00f3n oficial que acredita el c\u00e1lculo y la reducci\u00f3n de la huella de carbono (alcances 1+2) seg\u00fan el Registro del Ministerio para la Transici\u00f3n Ecol\u00f3gica.\r\n","certificaciones_sections_button_label":"Ver Certificaci\u00f3n","certificaciones_sections_button_action":"file","certificaciones_sections_button_url":"","certificaciones_sections_button_post":null,"certificaciones_sections_button_file":1539,"certificaciones_sections_button_modal_url":"","certificaciones_sections_button":""}]},{"certificaciones_sections_section_name":"","certificaciones_sections_pretitle":"","certificaciones_sections_title":"Seguridad y Salud","certificaciones_sections_description":"","certificaciones_sections_content_items":[{"certificaciones_sections_title":"Seguridad y salud certificada para personas y procesos","certificaciones_sections_content":"<div class=\"flex max-w-full flex-col grow\">\r\n<div class=\"min-h-8 text-message relative flex w-full flex-col items-end gap-2 text-start break-words whitespace-normal [.text-message+&amp;]:mt-1\" dir=\"auto\" data-message-author-role=\"assistant\" data-message-id=\"c4a15016-3ba9-42e0-88c5-057274262020\" data-message-model-slug=\"gpt-5-1\">\r\n<div class=\"flex w-full flex-col gap-1 empty:hidden first:pt-[1px]\">\r\n<div class=\"markdown prose dark:prose-invert w-full break-words light markdown-new-styling\">\r\n<p data-start=\"0\" data-end=\"408\" data-is-last-node=\"\" data-is-only-node=\"\">La seguridad y la salud de nuestro equipo son palancas esenciales de nuestra estrategia operativa. Desde la prevenci\u00f3n de riesgos hasta la mejora continua de nuestros entornos de trabajo, aplicamos est\u00e1ndares que refuerzan la protecci\u00f3n y el bienestar de las personas. Estas certificaciones ISO acreditan un modelo de gesti\u00f3n s\u00f3lido, proactivo y plenamente alineado con las mejores pr\u00e1cticas internacionales.<\/p>\r\n\r\n<\/div>\r\n<\/div>\r\n<\/div>\r\n<\/div>\r\n<div class=\"z-0 flex min-h-[46px] justify-start\"><\/div>\r\n<div class=\"mt-3 w-full empty:hidden\">\r\n<div class=\"text-center\"><\/div>\r\n<\/div>\r\n<div class=\"keyword-surfer\">\r\n<div class=\"flex items-center gap-[6px]\"><\/div>\r\n<\/div>","certificaciones_sections_image":1339,"certificaciones_sections_image_position":"right","certificaciones_sections_button_label":"","certificaciones_sections_button_action":"url","certificaciones_sections_button_url":"","certificaciones_sections_button_post":null,"certificaciones_sections_button_file":null,"certificaciones_sections_button_modal_url":"","certificaciones_sections_button":""}],"certificaciones_sections_cards":[{"certificaciones_sections_title":"ISO 45001 - Sistemas de seguridad y salud certificados para Girbau S.A. y Girbau Robotics","certificaciones_sections_description":"La certificaci\u00f3n ISO 45001 acredita que Girbau S.A. (Vic) y Girbau Robotics (France) aplican un sistema de gesti\u00f3n de la seguridad y salud laboral conforme a los requisitos internacionales. Esta norma garantiza entornos de trabajo seguros, promueve la prevenci\u00f3n de riesgos y fomenta la mejora continua del bienestar de las personas.","certificaciones_sections_button_label":"Ver Certificaci\u00f3n","certificaciones_sections_button_action":"file","certificaciones_sections_button_url":"","certificaciones_sections_button_post":null,"certificaciones_sections_button_file":1152,"certificaciones_sections_button_modal_url":"","certificaciones_sections_button":""},{"certificaciones_sections_title":"ISO 45001 - Sistemas de seguridad y salud certificados para Girbau Laundry Machinery (Shanghai)","certificaciones_sections_description":"La certificaci\u00f3n ISO 45001 acredita que la planta de Girbau Laundry Machinery (Shangh\u00e1i) aplica un sistema de gesti\u00f3n de la seguridad y salud laboral alineado con los est\u00e1ndares internacionales.\r\nEste reconocimiento avala unas condiciones de trabajo seguras, saludables y sostenibles en todas sus operaciones.\r\n","certificaciones_sections_button_label":"Ver Certificaci\u00f3n","certificaciones_sections_button_action":"file","certificaciones_sections_button_url":"","certificaciones_sections_button_post":null,"certificaciones_sections_button_file":1396,"certificaciones_sections_button_modal_url":"","certificaciones_sections_button":""}]}],"page_certificaciones_json_schema_json_schema":""},"yoast_head":"<!-- This site is optimized with the Yoast SEO Premium plugin v26.8 (Yoast SEO v27.1.1) - https:\/\/yoast.com\/product\/yoast-seo-premium-wordpress\/ -->\n<title>Certificaciones de calidad y sostenibilidad | Girbau<\/title>\n<meta name=\"description\" content=\"Conoce las certificaciones que avalan la calidad y sostenibilidad en todos los equipos y sistemas Girbau.\" \/>\n<meta name=\"robots\" content=\"index, follow, max-snippet:-1, max-image-preview:large, max-video-preview:-1\" \/>\n<link rel=\"canonical\" href=\"https:\/\/www.girbau.com\/es-es\/certificaciones\/\" \/>\n<meta property=\"og:locale\" content=\"es_ES\" \/>\n<meta property=\"og:type\" content=\"article\" \/>\n<meta property=\"og:title\" content=\"Certificaciones de calidad, sostenibilidad y seguridad\" \/>\n<meta property=\"og:description\" content=\"Conoce las certificaciones que avalan la calidad y sostenibilidad en todos los equipos y sistemas Girbau.\" \/>\n<meta property=\"og:url\" content=\"https:\/\/www.girbau.com\/es-es\/certificaciones\/\" \/>\n<meta property=\"og:site_name\" content=\"Girbau ES\" \/>\n<meta property=\"article:modified_time\" content=\"2026-02-03T14:26:22+00:00\" \/>\n<meta name=\"twitter:card\" content=\"summary_large_image\" \/>\n<script type=\"application\/ld+json\" class=\"yoast-schema-graph\">{\"@context\":\"https:\/\/schema.org\",\"@graph\":[{\"@type\":\"WebPage\",\"@id\":\"https:\/\/www.girbau.com\/es-es\/certificaciones\/\",\"url\":\"https:\/\/www.girbau.com\/es-es\/certificaciones\/\",\"name\":\"Certificaciones de calidad y sostenibilidad | Girbau\",\"isPartOf\":{\"@id\":\"https:\/\/www.girbau.com\/es-es\/#website\"},\"datePublished\":\"2025-12-04T17:05:33+00:00\",\"dateModified\":\"2026-02-03T14:26:22+00:00\",\"description\":\"Conoce las certificaciones que avalan la calidad y sostenibilidad en todos los equipos y sistemas Girbau.\",\"breadcrumb\":{\"@id\":\"https:\/\/www.girbau.com\/es-es\/certificaciones\/#breadcrumb\"},\"inLanguage\":\"es\",\"potentialAction\":[{\"@type\":\"ReadAction\",\"target\":[\"https:\/\/www.girbau.com\/es-es\/certificaciones\/\"]}]},{\"@type\":\"BreadcrumbList\",\"@id\":\"https:\/\/www.girbau.com\/es-es\/certificaciones\/#breadcrumb\",\"itemListElement\":[{\"@type\":\"ListItem\",\"position\":1,\"name\":\"Home\",\"item\":\"https:\/\/www.girbau.com\/es-es\/\"},{\"@type\":\"ListItem\",\"position\":2,\"name\":\"Certificaciones de calidad, sostenibilidad y seguridad\"}]},{\"@type\":\"WebSite\",\"@id\":\"https:\/\/www.girbau.com\/es-es\/#website\",\"url\":\"https:\/\/www.girbau.com\/es-es\/\",\"name\":\"Girbau ESP\",\"description\":\"\",\"alternateName\":\"Girbau\",\"potentialAction\":[{\"@type\":\"SearchAction\",\"target\":{\"@type\":\"EntryPoint\",\"urlTemplate\":\"https:\/\/www.girbau.com\/es-es\/?s={search_term_string}\"},\"query-input\":{\"@type\":\"PropertyValueSpecification\",\"valueRequired\":true,\"valueName\":\"search_term_string\"}}],\"inLanguage\":\"es\"}]}<\/script>\n<!-- \/ Yoast SEO Premium plugin. -->","yoast_head_json":{"title":"Certificaciones de calidad y sostenibilidad | Girbau","description":"Conoce las certificaciones que avalan la calidad y sostenibilidad en todos los equipos y sistemas Girbau.","robots":{"index":"index","follow":"follow","max-snippet":"max-snippet:-1","max-image-preview":"max-image-preview:large","max-video-preview":"max-video-preview:-1"},"canonical":"https:\/\/www.girbau.com\/es-es\/certificaciones\/","og_locale":"es_ES","og_type":"article","og_title":"Certificaciones de calidad, sostenibilidad y seguridad","og_description":"Conoce las certificaciones que avalan la calidad y sostenibilidad en todos los equipos y sistemas Girbau.","og_url":"https:\/\/www.girbau.com\/es-es\/certificaciones\/","og_site_name":"Girbau ES","article_modified_time":"2026-02-03T14:26:22+00:00","twitter_card":"summary_large_image","schema":{"@context":"https:\/\/schema.org","@graph":[{"@type":"WebPage","@id":"https:\/\/www.girbau.com\/es-es\/certificaciones\/","url":"https:\/\/www.girbau.com\/es-es\/certificaciones\/","name":"Certificaciones de calidad y sostenibilidad | Girbau","isPartOf":{"@id":"https:\/\/www.girbau.com\/es-es\/#website"},"datePublished":"2025-12-04T17:05:33+00:00","dateModified":"2026-02-03T14:26:22+00:00","description":"Conoce las certificaciones que avalan la calidad y sostenibilidad en todos los equipos y sistemas Girbau.","breadcrumb":{"@id":"https:\/\/www.girbau.com\/es-es\/certificaciones\/#breadcrumb"},"inLanguage":"es","potentialAction":[{"@type":"ReadAction","target":["https:\/\/www.girbau.com\/es-es\/certificaciones\/"]}]},{"@type":"BreadcrumbList","@id":"https:\/\/www.girbau.com\/es-es\/certificaciones\/#breadcrumb","itemListElement":[{"@type":"ListItem","position":1,"name":"Home","item":"https:\/\/www.girbau.com\/es-es\/"},{"@type":"ListItem","position":2,"name":"Certificaciones de calidad, sostenibilidad y seguridad"}]},{"@type":"WebSite","@id":"https:\/\/www.girbau.com\/es-es\/#website","url":"https:\/\/www.girbau.com\/es-es\/","name":"Girbau ESP","description":"","alternateName":"Girbau","potentialAction":[{"@type":"SearchAction","target":{"@type":"EntryPoint","urlTemplate":"https:\/\/www.girbau.com\/es-es\/?s={search_term_string}"},"query-input":{"@type":"PropertyValueSpecification","valueRequired":true,"valueName":"search_term_string"}}],"inLanguage":"es"}]}},"_links":{"self":[{"href":"https:\/\/www.girbau.com\/es-es\/wp-json\/wp\/v2\/pages\/790","targetHints":{"allow":["GET"]}}],"collection":[{"href":"https:\/\/www.girbau.com\/es-es\/wp-json\/wp\/v2\/pages"}],"about":[{"href":"https:\/\/www.girbau.com\/es-es\/wp-json\/wp\/v2\/types\/page"}],"author":[{"embeddable":true,"href":"https:\/\/www.girbau.com\/es-es\/wp-json\/wp\/v2\/users\/4"}],"replies":[{"embeddable":true,"href":"https:\/\/www.girbau.com\/es-es\/wp-json\/wp\/v2\/comments?post=790"}],"version-history":[{"count":13,"href":"https:\/\/www.girbau.com\/es-es\/wp-json\/wp\/v2\/pages\/790\/revisions"}],"predecessor-version":[{"id":1827,"href":"https:\/\/www.girbau.com\/es-es\/wp-json\/wp\/v2\/pages\/790\/revisions\/1827"}],"wp:attachment":[{"href":"https:\/\/www.girbau.com\/es-es\/wp-json\/wp\/v2\/media?parent=790"}],"curies":[{"name":"wp","href":"https:\/\/api.w.org\/{rel}","templated":true}]}}