{"id":791,"date":"2025-12-04T18:05:33","date_gmt":"2025-12-04T17:05:33","guid":{"rendered":"https:\/\/www.girbau.com\/es-es\/trabajar-en-girbau\/"},"modified":"2025-12-17T12:44:12","modified_gmt":"2025-12-17T11:44:12","slug":"trabajar-en-girbau","status":"publish","type":"page","link":"https:\/\/www.girbau.com\/es-es\/trabajar-en-girbau\/","title":{"rendered":"Trabajar en Girbau"},"content":{"rendered":"","protected":false},"excerpt":{"rendered":"","protected":false},"author":10,"featured_media":0,"parent":0,"menu_order":0,"comment_status":"closed","ping_status":"closed","template":"","meta":{"_acf_changed":false,"footnotes":""},"class_list":["post-791","page","type-page","status-publish","hentry"],"acf":{"page_trabajar_en_girbau_main_subtitle":"Forma parte de un equipo donde las personas comparten ideas, talento y prop\u00f3sito","page_trabajar_en_girbau_main_description":"Creemos en las personas como motor de todo lo que hacemos. Aqu\u00ed encontrar\u00e1s un entorno donde crecer profesionalmente, aportar tus ideas y aprender cada d\u00eda. Apostamos por la innovaci\u00f3n, la sostenibilidad y el bienestar, formando un equipo humano que impulsa la evoluci\u00f3n del sector a nivel internacional.","page_trabajar_en_girbau_main_background":1271,"page_trabajar_en_girbau_main_background_video_small":"https:\/\/www.girbau.com\/es-es\/wp-content\/uploads\/sites\/4\/2025\/12\/girbau-careers-work-with-us-banner-video-480.webm","page_trabajar_en_girbau_main_background_video_medium":"https:\/\/www.girbau.com\/es-es\/wp-content\/uploads\/sites\/4\/2025\/12\/girbau-careers-work-with-us-banner-video-900.webm","page_trabajar_en_girbau_main_background_video_large":"https:\/\/www.girbau.com\/es-es\/wp-content\/uploads\/sites\/4\/2025\/12\/girbau-careers-work-with-us-banner-video-1400.webm","page_trabajar_en_girbau_main_background_video_extra_large":"https:\/\/www.girbau.com\/es-es\/wp-content\/uploads\/sites\/4\/2025\/12\/girbau-careers-work-with-us-banner-video-1920.webm","page_trabajar_en_girbau_features_enabled":true,"page_trabajar_en_girbau_features_tag":"","page_trabajar_en_girbau_features_columns":"3","page_trabajar_en_girbau_features_title":"\u00bfPor qu\u00e9 trabajar en Girbau?","page_trabajar_en_girbau_features_description":"","page_trabajar_en_girbau_features_features":[{"trabajar_en_girbau_features_icon":"pasion","trabajar_en_girbau_features_title":"Ra\u00edces familiares y mirada global","trabajar_en_girbau_features_content":"Somos una empresa familiar con presencia internacional a trav\u00e9s de 15 filiales. Un entorno cercano, estable y con visi\u00f3n de futuro, donde puedes desarrollarte personal y profesionalmente."},{"trabajar_en_girbau_features_icon":"crecimiento","trabajar_en_girbau_features_title":"Crecer es parte del camino","trabajar_en_girbau_features_content":"Aqu\u00ed las trayectorias no se detienen. Cada persona encuentra espacio para evolucionar, asumir nuevos retos y aprender, avanzando siempre con el apoyo del equipo."},{"trabajar_en_girbau_features_icon":"sostenibilidad","trabajar_en_girbau_features_title":"Cambio con prop\u00f3sito","trabajar_en_girbau_features_content":"Nuestra transformaci\u00f3n se basa en la digitalizaci\u00f3n, la sostenibilidad y la innovaci\u00f3n, con el prop\u00f3sito de ser referentes creando un impacto positivo en las personas y en el planeta."},{"trabajar_en_girbau_features_icon":"user-centered","trabajar_en_girbau_features_title":"Las personas, nuestra prioridad","trabajar_en_girbau_features_content":"Creemos en la fuerza de la actitud, la diversidad y el compromiso. Cuidamos del equipo humano porque su bienestar es la base de todo lo que hacemos.\r\n\r\n<strong>\u00a0<\/strong>"}],"page_trabajar_en_girbau_jobs_enabled":true,"page_trabajar_en_girbau_jobs_tag":"Te esperamos","page_trabajar_en_girbau_jobs_title":"Ofertas de empleo","page_trabajar_en_girbau_jobs_description":"\u00bfTe gustar\u00eda unirte a un equipo que impulsa la innovaci\u00f3n en lavander\u00eda industrial? Explora las oportunidades de empleo en Girbau y encuentra el lugar donde desarrollar tu talento.","page_trabajar_en_girbau_jobs_show_all":true,"page_trabajar_en_girbau_jobs_selected_jobs":[590,1564,1565,1562,1563],"page_trabajar_en_girbau_jobs_min_cards":5,"page_trabajar_en_girbau_jobs_show_buttons":true,"page_trabajar_en_girbau_featured_enabled":true,"page_trabajar_en_girbau_featured_tag":"Queremos conocerte","page_trabajar_en_girbau_featured_title":"\u00bfNo encuentras ahora una oferta para ti?","page_trabajar_en_girbau_featured_content_type":"text","page_trabajar_en_girbau_featured_content_text":"Seguimos creciendo y siempre buscamos personas con iniciativa, compromiso y ganas de aprender. <strong>Si te identificas con nuestra forma de trabajar<\/strong>, env\u00edanos tu candidatura, la tendremos presente para futuras oportunidades de empleo en Girbau.","page_trabajar_en_girbau_featured_content_items":null,"page_trabajar_en_girbau_featured_image":1627,"page_trabajar_en_girbau_featured_image_position":"left","page_trabajar_en_girbau_featured_button_label":"Enviar mi CV","page_trabajar_en_girbau_featured_button_action":"modal","page_trabajar_en_girbau_featured_button_url":"https:\/\/form.jotform.com\/form\/253081924731355","page_trabajar_en_girbau_featured_button_post":"","page_trabajar_en_girbau_featured_button_file":"","page_trabajar_en_girbau_featured_button_modal_url":"https:\/\/form.jotform.com\/form\/253081924731355","page_trabajar_en_girbau_featured_button":null,"page_trabajar_en_girbau_gallery_enabled":true,"page_trabajar_en_girbau_gallery_tag":"Historias reales","page_trabajar_en_girbau_gallery_title":"Conoce a nuestro equipo","page_trabajar_en_girbau_gallery_items":[{"trabajar_en_girbau_gallery_media":1036,"trabajar_en_girbau_gallery_wide_size":false},{"trabajar_en_girbau_gallery_media":1037,"trabajar_en_girbau_gallery_wide_size":false},{"trabajar_en_girbau_gallery_media":1038,"trabajar_en_girbau_gallery_wide_size":false},{"trabajar_en_girbau_gallery_media":1039,"trabajar_en_girbau_gallery_wide_size":false},{"trabajar_en_girbau_gallery_media":1040,"trabajar_en_girbau_gallery_wide_size":false},{"trabajar_en_girbau_gallery_media":1041,"trabajar_en_girbau_gallery_wide_size":false},{"trabajar_en_girbau_gallery_media":1035,"trabajar_en_girbau_gallery_wide_size":false}],"page_trabajar_en_girbau_features_bottom_enabled":true,"page_trabajar_en_girbau_features_bottom_tag":"Por qu\u00e9 elegirnos","page_trabajar_en_girbau_features_bottom_columns":"3","page_trabajar_en_girbau_features_bottom_title":"Lo que nos define  ","page_trabajar_en_girbau_features_bottom_description":"","page_trabajar_en_girbau_features_bottom_features":[{"trabajar_en_girbau_features_bottom_icon":"excelencia","trabajar_en_girbau_features_bottom_title":"Excelencia","trabajar_en_girbau_features_bottom_content":"Nos movemos y trabajamos duro para garantizar la calidad en el servicio, los productos, los procesos y las relaciones, siempre buscando la mejora continua y la satisfacci\u00f3n del cliente."},{"trabajar_en_girbau_features_bottom_icon":"colaboracion","trabajar_en_girbau_features_bottom_title":"Colaboraci\u00f3n","trabajar_en_girbau_features_bottom_content":"Trabajamos juntos como un solo equipo, interna y externamente, con el prop\u00f3sito de compartir experiencia y conocimientos con la comunidad, y conseguir que el resultado sea superior a la suma de los esfuerzos individuales."},{"trabajar_en_girbau_features_bottom_icon":"integridad","trabajar_en_girbau_features_bottom_title":"Integridad","trabajar_en_girbau_features_bottom_content":"Actuamos con coherencia (valores-acci\u00f3n) transparencia y honestidad. Hacemos lo correcto, incluso cuando nadie est\u00e1 mirando."},{"trabajar_en_girbau_features_bottom_icon":"user-centered","trabajar_en_girbau_features_bottom_title":"Centrados en las personas","trabajar_en_girbau_features_bottom_content":"Todo lo que hacemos, lo hacemos con empat\u00eda, respetando las personas, su bienestar, necesidades y diversidad, sean clientes, colaboradores, proveedores o socios."},{"trabajar_en_girbau_features_bottom_icon":"pasion","trabajar_en_girbau_features_bottom_title":"Pasi\u00f3n","trabajar_en_girbau_features_bottom_content":"Nos gusta lo que hacemos, trabajamos con ilusi\u00f3n y energ\u00eda para crear y aportar soluciones innovadoras, siempre con el deseo de aprender y pregunt\u00e1ndonos por qu\u00e9 hacemos las cosas de esta forma."},{"trabajar_en_girbau_features_bottom_icon":"compromiso","trabajar_en_girbau_features_bottom_title":"Compromiso","trabajar_en_girbau_features_bottom_content":"Nos enorgullece formar parte de nuestra comunidad y nos sentimos responsables ante los clientes, la empresa, las personas y el planeta, trabajando duro para conseguir los objetivos que nos proponemos, superando cualquier obst\u00e1culo que se presente."}],"page_trabajar_en_girbau_json_schema_json_schema":""},"yoast_head":"<!-- This site is optimized with the Yoast SEO Premium plugin v26.8 (Yoast SEO v27.1.1) - https:\/\/yoast.com\/product\/yoast-seo-premium-wordpress\/ -->\n<title>Trabajar en Girbau | empleo y desarrollo profesional<\/title>\n<meta name=\"description\" content=\"Descubre las oportunidades de empleo en Girbau y forma parte de un equipo dedicado a la innovaci\u00f3n en lavander\u00eda profesional.\" \/>\n<meta name=\"robots\" content=\"index, follow, max-snippet:-1, max-image-preview:large, max-video-preview:-1\" \/>\n<link rel=\"canonical\" href=\"https:\/\/www.girbau.com\/es-es\/trabajar-en-girbau\/\" \/>\n<meta property=\"og:locale\" content=\"es_ES\" \/>\n<meta property=\"og:type\" content=\"article\" \/>\n<meta property=\"og:title\" content=\"Trabajar en Girbau\" \/>\n<meta property=\"og:description\" content=\"Descubre las oportunidades de empleo en Girbau y forma parte de un equipo dedicado a la innovaci\u00f3n en lavander\u00eda profesional.\" \/>\n<meta property=\"og:url\" content=\"https:\/\/www.girbau.com\/es-es\/trabajar-en-girbau\/\" \/>\n<meta property=\"og:site_name\" content=\"Girbau ES\" \/>\n<meta property=\"article:modified_time\" content=\"2025-12-17T11:44:12+00:00\" \/>\n<meta name=\"twitter:card\" content=\"summary_large_image\" \/>\n<script type=\"application\/ld+json\" class=\"yoast-schema-graph\">{\"@context\":\"https:\/\/schema.org\",\"@graph\":[{\"@type\":\"WebPage\",\"@id\":\"https:\/\/www.girbau.com\/es-es\/trabajar-en-girbau\/\",\"url\":\"https:\/\/www.girbau.com\/es-es\/trabajar-en-girbau\/\",\"name\":\"Trabajar en Girbau | empleo y desarrollo profesional\",\"isPartOf\":{\"@id\":\"https:\/\/www.girbau.com\/es-es\/#website\"},\"datePublished\":\"2025-12-04T17:05:33+00:00\",\"dateModified\":\"2025-12-17T11:44:12+00:00\",\"description\":\"Descubre las oportunidades de empleo en Girbau y forma parte de un equipo dedicado a la innovaci\u00f3n en lavander\u00eda profesional.\",\"breadcrumb\":{\"@id\":\"https:\/\/www.girbau.com\/es-es\/trabajar-en-girbau\/#breadcrumb\"},\"inLanguage\":\"es\",\"potentialAction\":[{\"@type\":\"ReadAction\",\"target\":[\"https:\/\/www.girbau.com\/es-es\/trabajar-en-girbau\/\"]}]},{\"@type\":\"BreadcrumbList\",\"@id\":\"https:\/\/www.girbau.com\/es-es\/trabajar-en-girbau\/#breadcrumb\",\"itemListElement\":[{\"@type\":\"ListItem\",\"position\":1,\"name\":\"Home\",\"item\":\"https:\/\/www.girbau.com\/es-es\/\"},{\"@type\":\"ListItem\",\"position\":2,\"name\":\"Trabajar en Girbau\"}]},{\"@type\":\"WebSite\",\"@id\":\"https:\/\/www.girbau.com\/es-es\/#website\",\"url\":\"https:\/\/www.girbau.com\/es-es\/\",\"name\":\"Girbau ESP\",\"description\":\"\",\"alternateName\":\"Girbau\",\"potentialAction\":[{\"@type\":\"SearchAction\",\"target\":{\"@type\":\"EntryPoint\",\"urlTemplate\":\"https:\/\/www.girbau.com\/es-es\/?s={search_term_string}\"},\"query-input\":{\"@type\":\"PropertyValueSpecification\",\"valueRequired\":true,\"valueName\":\"search_term_string\"}}],\"inLanguage\":\"es\"}]}<\/script>\n<!-- \/ Yoast SEO Premium plugin. -->","yoast_head_json":{"title":"Trabajar en Girbau | empleo y desarrollo profesional","description":"Descubre las oportunidades de empleo en Girbau y forma parte de un equipo dedicado a la innovaci\u00f3n en lavander\u00eda profesional.","robots":{"index":"index","follow":"follow","max-snippet":"max-snippet:-1","max-image-preview":"max-image-preview:large","max-video-preview":"max-video-preview:-1"},"canonical":"https:\/\/www.girbau.com\/es-es\/trabajar-en-girbau\/","og_locale":"es_ES","og_type":"article","og_title":"Trabajar en Girbau","og_description":"Descubre las oportunidades de empleo en Girbau y forma parte de un equipo dedicado a la innovaci\u00f3n en lavander\u00eda profesional.","og_url":"https:\/\/www.girbau.com\/es-es\/trabajar-en-girbau\/","og_site_name":"Girbau ES","article_modified_time":"2025-12-17T11:44:12+00:00","twitter_card":"summary_large_image","schema":{"@context":"https:\/\/schema.org","@graph":[{"@type":"WebPage","@id":"https:\/\/www.girbau.com\/es-es\/trabajar-en-girbau\/","url":"https:\/\/www.girbau.com\/es-es\/trabajar-en-girbau\/","name":"Trabajar en Girbau | empleo y desarrollo profesional","isPartOf":{"@id":"https:\/\/www.girbau.com\/es-es\/#website"},"datePublished":"2025-12-04T17:05:33+00:00","dateModified":"2025-12-17T11:44:12+00:00","description":"Descubre las oportunidades de empleo en Girbau y forma parte de un equipo dedicado a la innovaci\u00f3n en lavander\u00eda profesional.","breadcrumb":{"@id":"https:\/\/www.girbau.com\/es-es\/trabajar-en-girbau\/#breadcrumb"},"inLanguage":"es","potentialAction":[{"@type":"ReadAction","target":["https:\/\/www.girbau.com\/es-es\/trabajar-en-girbau\/"]}]},{"@type":"BreadcrumbList","@id":"https:\/\/www.girbau.com\/es-es\/trabajar-en-girbau\/#breadcrumb","itemListElement":[{"@type":"ListItem","position":1,"name":"Home","item":"https:\/\/www.girbau.com\/es-es\/"},{"@type":"ListItem","position":2,"name":"Trabajar en Girbau"}]},{"@type":"WebSite","@id":"https:\/\/www.girbau.com\/es-es\/#website","url":"https:\/\/www.girbau.com\/es-es\/","name":"Girbau ESP","description":"","alternateName":"Girbau","potentialAction":[{"@type":"SearchAction","target":{"@type":"EntryPoint","urlTemplate":"https:\/\/www.girbau.com\/es-es\/?s={search_term_string}"},"query-input":{"@type":"PropertyValueSpecification","valueRequired":true,"valueName":"search_term_string"}}],"inLanguage":"es"}]}},"_links":{"self":[{"href":"https:\/\/www.girbau.com\/es-es\/wp-json\/wp\/v2\/pages\/791","targetHints":{"allow":["GET"]}}],"collection":[{"href":"https:\/\/www.girbau.com\/es-es\/wp-json\/wp\/v2\/pages"}],"about":[{"href":"https:\/\/www.girbau.com\/es-es\/wp-json\/wp\/v2\/types\/page"}],"author":[{"embeddable":true,"href":"https:\/\/www.girbau.com\/es-es\/wp-json\/wp\/v2\/users\/10"}],"replies":[{"embeddable":true,"href":"https:\/\/www.girbau.com\/es-es\/wp-json\/wp\/v2\/comments?post=791"}],"version-history":[{"count":18,"href":"https:\/\/www.girbau.com\/es-es\/wp-json\/wp\/v2\/pages\/791\/revisions"}],"predecessor-version":[{"id":1685,"href":"https:\/\/www.girbau.com\/es-es\/wp-json\/wp\/v2\/pages\/791\/revisions\/1685"}],"acf:post":[{"embeddable":true,"href":"https:\/\/www.girbau.com\/es-es\/wp-json\/wp\/v2\/job_post\/1563"},{"embeddable":true,"href":"https:\/\/www.girbau.com\/es-es\/wp-json\/wp\/v2\/job_post\/1562"},{"embeddable":true,"href":"https:\/\/www.girbau.com\/es-es\/wp-json\/wp\/v2\/job_post\/1565"},{"embeddable":true,"href":"https:\/\/www.girbau.com\/es-es\/wp-json\/wp\/v2\/job_post\/1564"},{"embeddable":true,"href":"https:\/\/www.girbau.com\/es-es\/wp-json\/wp\/v2\/job_post\/590"}],"wp:attachment":[{"href":"https:\/\/www.girbau.com\/es-es\/wp-json\/wp\/v2\/media?parent=791"}],"curies":[{"name":"wp","href":"https:\/\/api.w.org\/{rel}","templated":true}]}}