{"id":792,"date":"2025-12-04T18:05:33","date_gmt":"2025-12-04T17:05:33","guid":{"rendered":"https:\/\/www.girbau.com\/es-es\/memorias-de-sostenibilidad\/"},"modified":"2026-04-02T16:50:08","modified_gmt":"2026-04-02T14:50:08","slug":"nuestro-compromiso-reporting","status":"publish","type":"page","link":"https:\/\/www.girbau.com\/es-es\/nuestro-compromiso-reporting\/","title":{"rendered":"Informes y declaraciones ambientales"},"content":{"rendered":"","protected":false},"excerpt":{"rendered":"","protected":false},"author":4,"featured_media":0,"parent":0,"menu_order":0,"comment_status":"closed","ping_status":"closed","template":"","meta":{"_acf_changed":false,"footnotes":""},"class_list":["post-792","page","type-page","status-publish","hentry"],"acf":{"page_memorias_sostenibilidad_main_subtitle":"Transparencia, acci\u00f3n y mejora continua por un futuro m\u00e1s sostenible","page_memorias_sostenibilidad_main_description":"En Girbau entendemos la sostenibilidad como una forma de actuar, no solo de informar.\r\nA trav\u00e9s de nuestros informes de sostenibilidad y declaraciones ambientales, compartimos de manera transparente los avances, resultados y compromisos que gu\u00edan nuestra gesti\u00f3n responsable de los recursos y del planeta.\r\n","page_memorias_sostenibilidad_collapsible_enabled":true,"page_memorias_sostenibilidad_collapsible_narrow_container":false,"page_memorias_sostenibilidad_collapsible_narrow_content":false,"page_memorias_sostenibilidad_collapsible_tag":"","page_memorias_sostenibilidad_collapsible_title":"Informes de Sostenibilidad","page_memorias_sostenibilidad_collapsible_description":"","page_memorias_sostenibilidad_collapsible_text":"","page_memorias_sostenibilidad_collapsible_items":[{"memorias_sostenibilidad_collapsible_title":"2024","memorias_sostenibilidad_collapsible_content":"","memorias_sostenibilidad_collapsible_cards":[{"memorias_sostenibilidad_collapsible_card_title":"Memoria de Sostenibilidad 2024","memorias_sostenibilidad_collapsible_card_description":"","memorias_sostenibilidad_collapsible_button_label":"Ver memoria","memorias_sostenibilidad_collapsible_button_action":"file","memorias_sostenibilidad_collapsible_button_url":"","memorias_sostenibilidad_collapsible_button_post":null,"memorias_sostenibilidad_collapsible_button_file":1139,"memorias_sostenibilidad_collapsible_button_modal_url":"","memorias_sostenibilidad_collapsible_button":""},{"memorias_sostenibilidad_collapsible_card_title":"Video Resumen 2024","memorias_sostenibilidad_collapsible_card_description":"","memorias_sostenibilidad_collapsible_button_label":"Ver v\u00eddeo ","memorias_sostenibilidad_collapsible_button_action":"url","memorias_sostenibilidad_collapsible_button_url":"https:\/\/www.youtube.com\/watch?v=EPVdSeUZ0OU","memorias_sostenibilidad_collapsible_button_post":null,"memorias_sostenibilidad_collapsible_button_file":null,"memorias_sostenibilidad_collapsible_button_modal_url":"","memorias_sostenibilidad_collapsible_button":""}]},{"memorias_sostenibilidad_collapsible_title":"2023","memorias_sostenibilidad_collapsible_content":"","memorias_sostenibilidad_collapsible_cards":[{"memorias_sostenibilidad_collapsible_card_title":"Memoria de Sostenibilidad 2023","memorias_sostenibilidad_collapsible_card_description":"","memorias_sostenibilidad_collapsible_button_label":"Ver memoria","memorias_sostenibilidad_collapsible_button_action":"file","memorias_sostenibilidad_collapsible_button_url":"","memorias_sostenibilidad_collapsible_button_post":null,"memorias_sostenibilidad_collapsible_button_file":1088,"memorias_sostenibilidad_collapsible_button_modal_url":"","memorias_sostenibilidad_collapsible_button":""},{"memorias_sostenibilidad_collapsible_card_title":"Video Resumen 2023","memorias_sostenibilidad_collapsible_card_description":"","memorias_sostenibilidad_collapsible_button_label":"Ver v\u00eddeo ","memorias_sostenibilidad_collapsible_button_action":"url","memorias_sostenibilidad_collapsible_button_url":"https:\/\/www.youtube.com\/watch?v=lYb7tIb_dLA","memorias_sostenibilidad_collapsible_button_post":null,"memorias_sostenibilidad_collapsible_button_file":null,"memorias_sostenibilidad_collapsible_button_modal_url":"","memorias_sostenibilidad_collapsible_button":""}]},{"memorias_sostenibilidad_collapsible_title":"2022","memorias_sostenibilidad_collapsible_content":"","memorias_sostenibilidad_collapsible_cards":[{"memorias_sostenibilidad_collapsible_card_title":"Memoria de Sostenibilidad 2022","memorias_sostenibilidad_collapsible_card_description":"","memorias_sostenibilidad_collapsible_button_label":"Ver memoria","memorias_sostenibilidad_collapsible_button_action":"file","memorias_sostenibilidad_collapsible_button_url":"","memorias_sostenibilidad_collapsible_button_post":null,"memorias_sostenibilidad_collapsible_button_file":1082,"memorias_sostenibilidad_collapsible_button_modal_url":"","memorias_sostenibilidad_collapsible_button":""}]},{"memorias_sostenibilidad_collapsible_title":"2021","memorias_sostenibilidad_collapsible_content":"","memorias_sostenibilidad_collapsible_cards":[{"memorias_sostenibilidad_collapsible_card_title":"Memoria de Sostenibilidad 2021","memorias_sostenibilidad_collapsible_card_description":"","memorias_sostenibilidad_collapsible_button_label":"Ver memoria","memorias_sostenibilidad_collapsible_button_action":"file","memorias_sostenibilidad_collapsible_button_url":"","memorias_sostenibilidad_collapsible_button_post":null,"memorias_sostenibilidad_collapsible_button_file":1083,"memorias_sostenibilidad_collapsible_button_modal_url":"","memorias_sostenibilidad_collapsible_button":""}]},{"memorias_sostenibilidad_collapsible_title":"2020","memorias_sostenibilidad_collapsible_content":"","memorias_sostenibilidad_collapsible_cards":[{"memorias_sostenibilidad_collapsible_card_title":"Memoria de Sostenibilidad 2020","memorias_sostenibilidad_collapsible_card_description":"","memorias_sostenibilidad_collapsible_button_label":"Ver memoria","memorias_sostenibilidad_collapsible_button_action":"file","memorias_sostenibilidad_collapsible_button_url":"","memorias_sostenibilidad_collapsible_button_post":null,"memorias_sostenibilidad_collapsible_button_file":1084,"memorias_sostenibilidad_collapsible_button_modal_url":"","memorias_sostenibilidad_collapsible_button":""}]}],"page_memorias_sostenibilidad_cards_grid_enabled":true,"page_memorias_sostenibilidad_cards_grid_tag":"","page_memorias_sostenibilidad_cards_grid_title":"Acciones reales que reflejan nuestro compromiso con el planeta","page_memorias_sostenibilidad_cards_grid_description":"","page_memorias_sostenibilidad_cards_grid_columns":"3","page_memorias_sostenibilidad_cards_grid_cards":[{"memorias_sostenibilidad_cards_grid_image":1128,"memorias_sostenibilidad_cards_grid_title":"Declaraci\u00f3n ambiental","memorias_sostenibilidad_cards_grid_description":"Recoge los indicadores clave de nuestros centros productivos: consumo energ\u00e9tico, emisiones y gesti\u00f3n del agua y los residuos, verificados externamente bajo el reglamento EMAS.","memorias_sostenibilidad_cards_grid_button_label":"Ver declaraci\u00f3n","memorias_sostenibilidad_cards_grid_button_action":"file","memorias_sostenibilidad_cards_grid_button_url":"","memorias_sostenibilidad_cards_grid_button_post":null,"memorias_sostenibilidad_cards_grid_button_file":1140,"memorias_sostenibilidad_cards_grid_button_modal_url":"","memorias_sostenibilidad_cards_grid_button":""},{"memorias_sostenibilidad_cards_grid_image":1129,"memorias_sostenibilidad_cards_grid_title":"Pol\u00edtica ambiental","memorias_sostenibilidad_cards_grid_description":"Define los principios que orientan nuestra gesti\u00f3n responsable: cumplimiento normativo, prevenci\u00f3n de la contaminaci\u00f3n y ecodise\u00f1o de equipos m\u00e1s eficientes.","memorias_sostenibilidad_cards_grid_button_label":"Ver pol\u00edtica","memorias_sostenibilidad_cards_grid_button_action":"file","memorias_sostenibilidad_cards_grid_button_url":"","memorias_sostenibilidad_cards_grid_button_post":null,"memorias_sostenibilidad_cards_grid_button_file":1943,"memorias_sostenibilidad_cards_grid_button_modal_url":"","memorias_sostenibilidad_cards_grid_button":""},{"memorias_sostenibilidad_cards_grid_image":1130,"memorias_sostenibilidad_cards_grid_title":"Certificaci\u00f3n EMAS","memorias_sostenibilidad_cards_grid_description":"Desde 2004 formamos parte del registro europeo EMAS, un reconocimiento a la transparencia, la mejora continua y la gesti\u00f3n ambiental responsable.","memorias_sostenibilidad_cards_grid_button_label":"Ver certificaci\u00f3n","memorias_sostenibilidad_cards_grid_button_action":"file","memorias_sostenibilidad_cards_grid_button_url":"","memorias_sostenibilidad_cards_grid_button_post":null,"memorias_sostenibilidad_cards_grid_button_file":1395,"memorias_sostenibilidad_cards_grid_button_modal_url":"","memorias_sostenibilidad_cards_grid_button":""}],"page_memorias_sostenibilidad_json_schema_json_schema":""},"yoast_head":"<!-- This site is optimized with the Yoast SEO Premium plugin v26.8 (Yoast SEO v27.1.1) - https:\/\/yoast.com\/product\/yoast-seo-premium-wordpress\/ -->\n<title>Informes y declaraciones ambientales | Girbau<\/title>\n<meta name=\"description\" content=\"Accede a los informes de sostenibilidad y declaraciones ambientales de Girbau, reflejo de nuestro compromiso con la transparencia y responsabilidad corporativa.\" \/>\n<meta name=\"robots\" content=\"index, follow, max-snippet:-1, max-image-preview:large, max-video-preview:-1\" \/>\n<link rel=\"canonical\" href=\"https:\/\/www.girbau.com\/es-es\/nuestro-compromiso-reporting\/\" \/>\n<meta property=\"og:locale\" content=\"es_ES\" \/>\n<meta property=\"og:type\" content=\"article\" \/>\n<meta property=\"og:title\" content=\"Informes y declaraciones ambientales\" \/>\n<meta property=\"og:description\" content=\"Accede a los informes de sostenibilidad y declaraciones ambientales de Girbau, reflejo de nuestro compromiso con la transparencia y responsabilidad corporativa.\" \/>\n<meta property=\"og:url\" content=\"https:\/\/www.girbau.com\/es-es\/nuestro-compromiso-reporting\/\" \/>\n<meta property=\"og:site_name\" content=\"Girbau ES\" \/>\n<meta property=\"article:modified_time\" content=\"2026-04-02T14:50:08+00:00\" \/>\n<meta name=\"twitter:card\" content=\"summary_large_image\" \/>\n<script type=\"application\/ld+json\" class=\"yoast-schema-graph\">{\"@context\":\"https:\/\/schema.org\",\"@graph\":[{\"@type\":\"WebPage\",\"@id\":\"https:\/\/www.girbau.com\/es-es\/nuestro-compromiso-reporting\/\",\"url\":\"https:\/\/www.girbau.com\/es-es\/nuestro-compromiso-reporting\/\",\"name\":\"Informes y declaraciones ambientales | Girbau\",\"isPartOf\":{\"@id\":\"https:\/\/www.girbau.com\/es-es\/#website\"},\"datePublished\":\"2025-12-04T17:05:33+00:00\",\"dateModified\":\"2026-04-02T14:50:08+00:00\",\"description\":\"Accede a los informes de sostenibilidad y declaraciones ambientales de Girbau, reflejo de nuestro compromiso con la transparencia y responsabilidad corporativa.\",\"breadcrumb\":{\"@id\":\"https:\/\/www.girbau.com\/es-es\/nuestro-compromiso-reporting\/#breadcrumb\"},\"inLanguage\":\"es\",\"potentialAction\":[{\"@type\":\"ReadAction\",\"target\":[\"https:\/\/www.girbau.com\/es-es\/nuestro-compromiso-reporting\/\"]}]},{\"@type\":\"BreadcrumbList\",\"@id\":\"https:\/\/www.girbau.com\/es-es\/nuestro-compromiso-reporting\/#breadcrumb\",\"itemListElement\":[{\"@type\":\"ListItem\",\"position\":1,\"name\":\"Home\",\"item\":\"https:\/\/www.girbau.com\/es-es\/\"},{\"@type\":\"ListItem\",\"position\":2,\"name\":\"Informes y declaraciones ambientales\"}]},{\"@type\":\"WebSite\",\"@id\":\"https:\/\/www.girbau.com\/es-es\/#website\",\"url\":\"https:\/\/www.girbau.com\/es-es\/\",\"name\":\"Girbau ESP\",\"description\":\"\",\"alternateName\":\"Girbau\",\"potentialAction\":[{\"@type\":\"SearchAction\",\"target\":{\"@type\":\"EntryPoint\",\"urlTemplate\":\"https:\/\/www.girbau.com\/es-es\/?s={search_term_string}\"},\"query-input\":{\"@type\":\"PropertyValueSpecification\",\"valueRequired\":true,\"valueName\":\"search_term_string\"}}],\"inLanguage\":\"es\"}]}<\/script>\n<!-- \/ Yoast SEO Premium plugin. -->","yoast_head_json":{"title":"Informes y declaraciones ambientales | Girbau","description":"Accede a los informes de sostenibilidad y declaraciones ambientales de Girbau, reflejo de nuestro compromiso con la transparencia y responsabilidad corporativa.","robots":{"index":"index","follow":"follow","max-snippet":"max-snippet:-1","max-image-preview":"max-image-preview:large","max-video-preview":"max-video-preview:-1"},"canonical":"https:\/\/www.girbau.com\/es-es\/nuestro-compromiso-reporting\/","og_locale":"es_ES","og_type":"article","og_title":"Informes y declaraciones ambientales","og_description":"Accede a los informes de sostenibilidad y declaraciones ambientales de Girbau, reflejo de nuestro compromiso con la transparencia y responsabilidad corporativa.","og_url":"https:\/\/www.girbau.com\/es-es\/nuestro-compromiso-reporting\/","og_site_name":"Girbau ES","article_modified_time":"2026-04-02T14:50:08+00:00","twitter_card":"summary_large_image","schema":{"@context":"https:\/\/schema.org","@graph":[{"@type":"WebPage","@id":"https:\/\/www.girbau.com\/es-es\/nuestro-compromiso-reporting\/","url":"https:\/\/www.girbau.com\/es-es\/nuestro-compromiso-reporting\/","name":"Informes y declaraciones ambientales | Girbau","isPartOf":{"@id":"https:\/\/www.girbau.com\/es-es\/#website"},"datePublished":"2025-12-04T17:05:33+00:00","dateModified":"2026-04-02T14:50:08+00:00","description":"Accede a los informes de sostenibilidad y declaraciones ambientales de Girbau, reflejo de nuestro compromiso con la transparencia y responsabilidad corporativa.","breadcrumb":{"@id":"https:\/\/www.girbau.com\/es-es\/nuestro-compromiso-reporting\/#breadcrumb"},"inLanguage":"es","potentialAction":[{"@type":"ReadAction","target":["https:\/\/www.girbau.com\/es-es\/nuestro-compromiso-reporting\/"]}]},{"@type":"BreadcrumbList","@id":"https:\/\/www.girbau.com\/es-es\/nuestro-compromiso-reporting\/#breadcrumb","itemListElement":[{"@type":"ListItem","position":1,"name":"Home","item":"https:\/\/www.girbau.com\/es-es\/"},{"@type":"ListItem","position":2,"name":"Informes y declaraciones ambientales"}]},{"@type":"WebSite","@id":"https:\/\/www.girbau.com\/es-es\/#website","url":"https:\/\/www.girbau.com\/es-es\/","name":"Girbau ESP","description":"","alternateName":"Girbau","potentialAction":[{"@type":"SearchAction","target":{"@type":"EntryPoint","urlTemplate":"https:\/\/www.girbau.com\/es-es\/?s={search_term_string}"},"query-input":{"@type":"PropertyValueSpecification","valueRequired":true,"valueName":"search_term_string"}}],"inLanguage":"es"}]}},"_links":{"self":[{"href":"https:\/\/www.girbau.com\/es-es\/wp-json\/wp\/v2\/pages\/792","targetHints":{"allow":["GET"]}}],"collection":[{"href":"https:\/\/www.girbau.com\/es-es\/wp-json\/wp\/v2\/pages"}],"about":[{"href":"https:\/\/www.girbau.com\/es-es\/wp-json\/wp\/v2\/types\/page"}],"author":[{"embeddable":true,"href":"https:\/\/www.girbau.com\/es-es\/wp-json\/wp\/v2\/users\/4"}],"replies":[{"embeddable":true,"href":"https:\/\/www.girbau.com\/es-es\/wp-json\/wp\/v2\/comments?post=792"}],"version-history":[{"count":10,"href":"https:\/\/www.girbau.com\/es-es\/wp-json\/wp\/v2\/pages\/792\/revisions"}],"predecessor-version":[{"id":1944,"href":"https:\/\/www.girbau.com\/es-es\/wp-json\/wp\/v2\/pages\/792\/revisions\/1944"}],"wp:attachment":[{"href":"https:\/\/www.girbau.com\/es-es\/wp-json\/wp\/v2\/media?parent=792"}],"curies":[{"name":"wp","href":"https:\/\/api.w.org\/{rel}","templated":true}]}}