{"id":794,"date":"2025-12-05T01:45:52","date_gmt":"2025-12-05T00:45:52","guid":{"rendered":"https:\/\/www.girbau.com\/es-es\/guidelines-policies\/"},"modified":"2026-01-16T16:48:30","modified_gmt":"2026-01-16T15:48:30","slug":"directrices-y-politicas","status":"publish","type":"page","link":"https:\/\/www.girbau.com\/es-es\/directrices-y-politicas\/","title":{"rendered":"Pol\u00edticas Internas y Directrices"},"content":{"rendered":"","protected":false},"excerpt":{"rendered":"","protected":false},"author":10,"featured_media":0,"parent":0,"menu_order":0,"comment_status":"closed","ping_status":"closed","template":"","meta":{"_acf_changed":false,"footnotes":""},"class_list":["post-794","page","type-page","status-publish","hentry"],"acf":{"page_guidelines_policies_main_subtitle":"Compromisos reales para un futuro m\u00e1s \u00e9tico, seguro y sostenible.","page_guidelines_policies_main_description":"","page_guidelines_policies_featured_items_pretitle":"CONOCE NUESTRAS POL\u00cdTICAS","page_guidelines_policies_featured_items_title":"Estas son las bases que gu\u00edan nuestras decisiones y marcan la forma en que trabajamos cada d\u00eda","page_guidelines_policies_featured_items_description":"","page_guidelines_policies_featured_items_content_items":[{"guidelines_policies_featured_items_title":"Pol\u00edtica ambiental","guidelines_policies_featured_items_content":"Cuidar del entorno est\u00e1 en el centro de todo lo que hacemos. Dise\u00f1amos soluciones eficientes que optimizan el uso del agua y la energ\u00eda, reducimos residuos y fomentamos la innovaci\u00f3n sostenible en cada paso. Operamos bajo est\u00e1ndares como ISO 14001 y EMAS, pero nuestro verdadero objetivo va m\u00e1s all\u00e1: generar un impacto positivo y duradero en las personas y el planeta.","guidelines_policies_featured_items_image":991,"guidelines_policies_featured_items_image_position":"left","guidelines_policies_featured_items_button_label":"Lee nuestra pol\u00edtica ambiental","guidelines_policies_featured_items_button_action":"file","guidelines_policies_featured_items_button_url":"","guidelines_policies_featured_items_button_post":null,"guidelines_policies_featured_items_button_file":1157,"guidelines_policies_featured_items_button_modal_url":"","guidelines_policies_featured_items_button":""},{"guidelines_policies_featured_items_title":"Pol\u00edtica de calidad","guidelines_policies_featured_items_content":"La calidad no se mide solo en resultados, sino en la confianza que generamos. En Girbau apostamos por la mejora continua y la innovaci\u00f3n responsable, asegurando que cada producto cumpla los m\u00e1s altos est\u00e1ndares t\u00e9cnicos y ambientales. Nuestro compromiso es ofrecer soluciones que duren, que funcionen y que aporten valor real a quienes las utilizan.","guidelines_policies_featured_items_image":993,"guidelines_policies_featured_items_image_position":"right","guidelines_policies_featured_items_button_label":"Lee nuestra pol\u00edtica de calidad","guidelines_policies_featured_items_button_action":"file","guidelines_policies_featured_items_button_url":"","guidelines_policies_featured_items_button_post":null,"guidelines_policies_featured_items_button_file":1155,"guidelines_policies_featured_items_button_modal_url":"","guidelines_policies_featured_items_button":""},{"guidelines_policies_featured_items_title":"Pol\u00edtica de seguridad y salud","guidelines_policies_featured_items_content":"Las personas son el motor de Girbau. Por eso promovemos una cultura preventiva donde la seguridad se comparte, se aprende y se vive cada d\u00eda. Creamos entornos de trabajo seguros, saludables y en mejora constante, cumpliendo siempre la normativa y priorizando el bienestar colectivo.","guidelines_policies_featured_items_image":992,"guidelines_policies_featured_items_image_position":"left","guidelines_policies_featured_items_button_label":"Lee nuestra pol\u00edtica de seguridad","guidelines_policies_featured_items_button_action":"file","guidelines_policies_featured_items_button_url":"","guidelines_policies_featured_items_button_post":null,"guidelines_policies_featured_items_button_file":1156,"guidelines_policies_featured_items_button_modal_url":"","guidelines_policies_featured_items_button":""}],"page_guidelines_policies_cards_grid_enabled":true,"page_guidelines_policies_cards_grid_tag":"","page_guidelines_policies_cards_grid_title":"Mecanismos y principios que garantizan una gesti\u00f3n \u00edntegra, responsable y alineada con nuestros valores","page_guidelines_policies_cards_grid_description":"","page_guidelines_policies_cards_grid_columns":"3","page_guidelines_policies_cards_grid_cards":[{"guidelines_policies_cards_grid_image":989,"guidelines_policies_cards_grid_title":"Canal de denuncias","guidelines_policies_cards_grid_description":"Escuchar tambi\u00e9n es una forma de cuidar. Nuestro Canal de Denuncias est\u00e1 disponible para cualquier persona que forme parte \u2014o se relacione\u2014 con Girbau. Es un espacio confidencial y seguro donde comunicar, de forma an\u00f3nima si se desea, cualquier conducta contraria a nuestro C\u00f3digo \u00c9tico o a la legislaci\u00f3n vigente.","guidelines_policies_cards_grid_button_label":"Conoce el canal y c\u00f3mo usarlo","guidelines_policies_cards_grid_button_action":"url","guidelines_policies_cards_grid_button_url":"https:\/\/girbau.ulisesgrc.net\/#\/channels\/girbau\/ES_ES","guidelines_policies_cards_grid_button_post":null,"guidelines_policies_cards_grid_button_file":null,"guidelines_policies_cards_grid_button_modal_url":"","guidelines_policies_cards_grid_button":""},{"guidelines_policies_cards_grid_image":988,"guidelines_policies_cards_grid_title":"C\u00f3digo \u00e9tico","guidelines_policies_cards_grid_description":"Nuestro C\u00f3digo \u00c9tico no es solo un documento: es la br\u00fajula que orienta cada decisi\u00f3n. Define c\u00f3mo trabajamos, c\u00f3mo nos relacionamos y c\u00f3mo contribuimos a un entorno justo y responsable. Habla de integridad, respeto, transparencia y compromiso. Valores que no solo escribimos, los practicamos.","guidelines_policies_cards_grid_button_label":"Lee el C\u00f3digo \u00c9tico completo","guidelines_policies_cards_grid_button_action":"file","guidelines_policies_cards_grid_button_url":"","guidelines_policies_cards_grid_button_post":null,"guidelines_policies_cards_grid_button_file":1398,"guidelines_policies_cards_grid_button_modal_url":"","guidelines_policies_cards_grid_button":""}],"page_guidelines_policies_json_schema_json_schema":""},"yoast_head":"<!-- This site is optimized with the Yoast SEO Premium plugin v26.8 (Yoast SEO v27.1.1) - https:\/\/yoast.com\/product\/yoast-seo-premium-wordpress\/ -->\n<title>Directrices y pol\u00edticas | Girbau Espa\u00f1a<\/title>\n<meta name=\"description\" content=\"Directrices y pol\u00edticas corporativas de Girbau para impulsar cumplimiento, transparencia y una gesti\u00f3n responsable en toda la organizaci\u00f3n.\" \/>\n<meta name=\"robots\" content=\"index, follow, max-snippet:-1, max-image-preview:large, max-video-preview:-1\" \/>\n<link rel=\"canonical\" href=\"https:\/\/www.girbau.com\/es-es\/directrices-y-politicas\/\" \/>\n<meta property=\"og:locale\" content=\"es_ES\" \/>\n<meta property=\"og:type\" content=\"article\" \/>\n<meta property=\"og:title\" content=\"Pol\u00edticas Internas y Directrices\" \/>\n<meta property=\"og:description\" content=\"Directrices y pol\u00edticas corporativas de Girbau para impulsar cumplimiento, transparencia y una gesti\u00f3n responsable en toda la organizaci\u00f3n.\" \/>\n<meta property=\"og:url\" content=\"https:\/\/www.girbau.com\/es-es\/directrices-y-politicas\/\" \/>\n<meta property=\"og:site_name\" content=\"Girbau ES\" \/>\n<meta property=\"article:modified_time\" content=\"2026-01-16T15:48:30+00:00\" \/>\n<meta name=\"twitter:card\" content=\"summary_large_image\" \/>\n<script type=\"application\/ld+json\" class=\"yoast-schema-graph\">{\"@context\":\"https:\/\/schema.org\",\"@graph\":[{\"@type\":\"WebPage\",\"@id\":\"https:\/\/www.girbau.com\/es-es\/directrices-y-politicas\/\",\"url\":\"https:\/\/www.girbau.com\/es-es\/directrices-y-politicas\/\",\"name\":\"Directrices y pol\u00edticas | Girbau Espa\u00f1a\",\"isPartOf\":{\"@id\":\"https:\/\/www.girbau.com\/es-es\/#website\"},\"datePublished\":\"2025-12-05T00:45:52+00:00\",\"dateModified\":\"2026-01-16T15:48:30+00:00\",\"description\":\"Directrices y pol\u00edticas corporativas de Girbau para impulsar cumplimiento, transparencia y una gesti\u00f3n responsable en toda la organizaci\u00f3n.\",\"breadcrumb\":{\"@id\":\"https:\/\/www.girbau.com\/es-es\/directrices-y-politicas\/#breadcrumb\"},\"inLanguage\":\"es\",\"potentialAction\":[{\"@type\":\"ReadAction\",\"target\":[\"https:\/\/www.girbau.com\/es-es\/directrices-y-politicas\/\"]}]},{\"@type\":\"BreadcrumbList\",\"@id\":\"https:\/\/www.girbau.com\/es-es\/directrices-y-politicas\/#breadcrumb\",\"itemListElement\":[{\"@type\":\"ListItem\",\"position\":1,\"name\":\"Home\",\"item\":\"https:\/\/www.girbau.com\/es-es\/\"},{\"@type\":\"ListItem\",\"position\":2,\"name\":\"Pol\u00edticas Internas y Directrices\"}]},{\"@type\":\"WebSite\",\"@id\":\"https:\/\/www.girbau.com\/es-es\/#website\",\"url\":\"https:\/\/www.girbau.com\/es-es\/\",\"name\":\"Girbau ESP\",\"description\":\"\",\"alternateName\":\"Girbau\",\"potentialAction\":[{\"@type\":\"SearchAction\",\"target\":{\"@type\":\"EntryPoint\",\"urlTemplate\":\"https:\/\/www.girbau.com\/es-es\/?s={search_term_string}\"},\"query-input\":{\"@type\":\"PropertyValueSpecification\",\"valueRequired\":true,\"valueName\":\"search_term_string\"}}],\"inLanguage\":\"es\"}]}<\/script>\n<!-- \/ Yoast SEO Premium plugin. -->","yoast_head_json":{"title":"Directrices y pol\u00edticas | Girbau Espa\u00f1a","description":"Directrices y pol\u00edticas corporativas de Girbau para impulsar cumplimiento, transparencia y una gesti\u00f3n responsable en toda la organizaci\u00f3n.","robots":{"index":"index","follow":"follow","max-snippet":"max-snippet:-1","max-image-preview":"max-image-preview:large","max-video-preview":"max-video-preview:-1"},"canonical":"https:\/\/www.girbau.com\/es-es\/directrices-y-politicas\/","og_locale":"es_ES","og_type":"article","og_title":"Pol\u00edticas Internas y Directrices","og_description":"Directrices y pol\u00edticas corporativas de Girbau para impulsar cumplimiento, transparencia y una gesti\u00f3n responsable en toda la organizaci\u00f3n.","og_url":"https:\/\/www.girbau.com\/es-es\/directrices-y-politicas\/","og_site_name":"Girbau ES","article_modified_time":"2026-01-16T15:48:30+00:00","twitter_card":"summary_large_image","schema":{"@context":"https:\/\/schema.org","@graph":[{"@type":"WebPage","@id":"https:\/\/www.girbau.com\/es-es\/directrices-y-politicas\/","url":"https:\/\/www.girbau.com\/es-es\/directrices-y-politicas\/","name":"Directrices y pol\u00edticas | Girbau Espa\u00f1a","isPartOf":{"@id":"https:\/\/www.girbau.com\/es-es\/#website"},"datePublished":"2025-12-05T00:45:52+00:00","dateModified":"2026-01-16T15:48:30+00:00","description":"Directrices y pol\u00edticas corporativas de Girbau para impulsar cumplimiento, transparencia y una gesti\u00f3n responsable en toda la organizaci\u00f3n.","breadcrumb":{"@id":"https:\/\/www.girbau.com\/es-es\/directrices-y-politicas\/#breadcrumb"},"inLanguage":"es","potentialAction":[{"@type":"ReadAction","target":["https:\/\/www.girbau.com\/es-es\/directrices-y-politicas\/"]}]},{"@type":"BreadcrumbList","@id":"https:\/\/www.girbau.com\/es-es\/directrices-y-politicas\/#breadcrumb","itemListElement":[{"@type":"ListItem","position":1,"name":"Home","item":"https:\/\/www.girbau.com\/es-es\/"},{"@type":"ListItem","position":2,"name":"Pol\u00edticas Internas y Directrices"}]},{"@type":"WebSite","@id":"https:\/\/www.girbau.com\/es-es\/#website","url":"https:\/\/www.girbau.com\/es-es\/","name":"Girbau ESP","description":"","alternateName":"Girbau","potentialAction":[{"@type":"SearchAction","target":{"@type":"EntryPoint","urlTemplate":"https:\/\/www.girbau.com\/es-es\/?s={search_term_string}"},"query-input":{"@type":"PropertyValueSpecification","valueRequired":true,"valueName":"search_term_string"}}],"inLanguage":"es"}]}},"_links":{"self":[{"href":"https:\/\/www.girbau.com\/es-es\/wp-json\/wp\/v2\/pages\/794","targetHints":{"allow":["GET"]}}],"collection":[{"href":"https:\/\/www.girbau.com\/es-es\/wp-json\/wp\/v2\/pages"}],"about":[{"href":"https:\/\/www.girbau.com\/es-es\/wp-json\/wp\/v2\/types\/page"}],"author":[{"embeddable":true,"href":"https:\/\/www.girbau.com\/es-es\/wp-json\/wp\/v2\/users\/10"}],"replies":[{"embeddable":true,"href":"https:\/\/www.girbau.com\/es-es\/wp-json\/wp\/v2\/comments?post=794"}],"version-history":[{"count":9,"href":"https:\/\/www.girbau.com\/es-es\/wp-json\/wp\/v2\/pages\/794\/revisions"}],"predecessor-version":[{"id":1401,"href":"https:\/\/www.girbau.com\/es-es\/wp-json\/wp\/v2\/pages\/794\/revisions\/1401"}],"wp:attachment":[{"href":"https:\/\/www.girbau.com\/es-es\/wp-json\/wp\/v2\/media?parent=794"}],"curies":[{"name":"wp","href":"https:\/\/api.w.org\/{rel}","templated":true}]}}