{"id":1086,"date":"2025-12-05T16:46:33","date_gmt":"2025-12-05T15:46:33","guid":{"rendered":"https:\/\/www.girbau.com\/es-mx\/soporte\/"},"modified":"2026-02-24T11:19:01","modified_gmt":"2026-02-24T17:19:01","slug":"soporte","status":"publish","type":"page","link":"https:\/\/www.girbau.com\/es-mx\/soporte\/","title":{"rendered":"Tu soporte Girbau en M\u00e9xico, siempre cerca"},"content":{"rendered":"","protected":false},"excerpt":{"rendered":"","protected":false},"author":10,"featured_media":0,"parent":0,"menu_order":0,"comment_status":"closed","ping_status":"closed","template":"","meta":{"_acf_changed":false,"footnotes":""},"class_list":["post-1086","page","type-page","status-publish","hentry"],"acf":{"page_soporte_main_subtitle":"Cont\u00e1ctanos para recibir soporte t\u00e9cnico, asesoramiento comercial o informaci\u00f3n sobre nuestros productos y servicios","page_soporte_main_background":1248,"page_soporte_main_background_video_small":"https:\/\/www.girbau.com\/es-ca\/wp-content\/uploads\/sites\/5\/2025\/12\/girbau-customer-support-services-banner-480.webm","page_soporte_main_background_video_medium":"https:\/\/www.girbau.com\/es-ca\/wp-content\/uploads\/sites\/5\/2025\/12\/girbau-customer-support-services-banner-900.webm","page_soporte_main_background_video_large":"https:\/\/www.girbau.com\/es-ca\/wp-content\/uploads\/sites\/5\/2025\/12\/girbau-customer-support-services-banner-1400.webm","page_soporte_main_background_video_extra_large":"https:\/\/www.girbau.com\/es-ca\/wp-content\/uploads\/sites\/5\/2025\/12\/girbau-customer-support-services-banner-1920.webm","page_soporte_help_enabled":true,"page_soporte_help_section_tag":"\u00bfNecesitas soporte?","page_soporte_help_section_title":"En Girbau M\u00e9xico, siempre disponibles para ayudarte","page_soporte_help_section_description":"En Girbau M\u00e9xico contamos con un equipo local de soporte t\u00e9cnico y comercial que te acompa\u00f1a para resolver dudas, gestionar refacciones y asegurar el m\u00e1ximo rendimiento de tus equipos Girbau, con atenci\u00f3n cercana y tiempos de respuesta \u00e1giles.","page_soporte_help_alert_icon":"info-circle","page_soporte_help_alert_title":"Servicio t\u00e9cnico y soporte global a tu alcance","page_soporte_help_alert_description":"+52 998 688 6336 | +52 55 2477 1765 | <a class=\"link\" href=\"mailto:info.mexico@girbau.com\">info.mexico@girbau.com<\/a>","page_soporte_help_numeric_cards_cards":[{"soporte_help_image":1253,"soporte_help_title":"Soporte comercial","soporte_help_description":"La soluci\u00f3n Girbau que tu negocio necesita.","soporte_help_url":{"title":"Soporte Comercial","url":"https:\/\/www.girbau.com\/es-mx\/soporte\/soporte-comercial\/","target":""}},{"soporte_help_image":1252,"soporte_help_title":"Soporte t\u00e9cnico","soporte_help_description":"Servicio t\u00e9cnico oficial siempre a tu lado.","soporte_help_url":{"title":"Soporte T\u00e9cnico","url":"https:\/\/www.girbau.com\/es-mx\/soporte\/soporte-tecnico\/","target":""}},{"soporte_help_image":1251,"soporte_help_title":"Consultas de prensa","soporte_help_description":"Atenci\u00f3n directa para medios y prensa.","soporte_help_url":{"title":"Consultas de Prensa","url":"https:\/\/www.girbau.com\/es-mx\/soporte\/consultas-prensa\/","target":""}}],"page_soporte_locations_enabled":true,"page_soporte_locations_section_title":"Siempre cerca de tu lavander\u00eda","page_soporte_locations_section_description":"Con filial en M\u00e9xico y presencia internacional, Girbau te ofrece soporte t\u00e9cnico local respaldado por una red global. Nuestro equipo en M\u00e9xico y los t\u00e9cnicos autorizados est\u00e1n preparados para atenderte donde lo necesites.","page_soporte_documentation_enabled":true,"page_soporte_documentation_tag":"Nuestras plataformas","page_soporte_documentation_title":"Recursos y control al alcance de tu mano","page_soporte_documentation_description":"Accede a documentaci\u00f3n, soporte t\u00e9cnico, refacciones y equipos Girbau en un solo clic.","page_soporte_documentation_columns":"3","page_soporte_documentation_cards":[{"soporte_documentation_image":1254,"soporte_documentation_title":"Horizon","soporte_documentation_description":"Con Horizon, compra refacciones y equipos comerciales de Girbau, consulta el estado de tus pedidos y sigue tus env\u00edos f\u00e1cilmente, todo desde un \u00fanico espacio online.","soporte_documentation_button_label":"Descubre Horizon","soporte_documentation_button_action":"url","soporte_documentation_button_url":"https:\/\/horizon.girbau.com\/","soporte_documentation_button_post":"","soporte_documentation_button_file":"","soporte_documentation_button_modal_url":"","soporte_documentation_button":""},{"soporte_documentation_image":1255,"soporte_documentation_title":"MyGirbau","soporte_documentation_description":"Registra tu m\u00e1quina Girbau para acceder a manuales, documentaci\u00f3n t\u00e9cnica, servicios online y consultar y\/o ampliar tu garant\u00eda.","soporte_documentation_button_label":"Descubre MyGirbau","soporte_documentation_button_action":"url","soporte_documentation_button_url":"https:\/\/my.girbau.com\/","soporte_documentation_button_post":"","soporte_documentation_button_file":"","soporte_documentation_button_modal_url":"","soporte_documentation_button":""}],"page_soporte_faqs_enabled":true,"page_soporte_faqs_narrow_container":false,"page_soporte_faqs_narrow_content":false,"page_soporte_faqs_tag":"FAQs","page_soporte_faqs_title":"Resolvemos tus dudas sobre el soporte de Girbau","page_soporte_faqs_description":"","page_soporte_faqs_text":"","page_soporte_faqs_items":[{"soporte_faqs_title":"\u00bfQu\u00e9 tipo de soporte ofrece Girbau?","soporte_faqs_content":"Girbau M\u00e9xico ofrece soporte t\u00e9cnico y comercial local, respaldado por la experiencia global del grupo. Nuestro equipo te asesora en la selecci\u00f3n de equipos, el dise\u00f1o de instalaciones y el mantenimiento de soluciones de lavander\u00eda industrial y comercial, con atenci\u00f3n cercana y especializada."},{"soporte_faqs_title":"\u00bfC\u00f3mo puedo contactar con el equipo de soporte o solicitar asistencia en M\u00e9xico?","soporte_faqs_content":"Puedes contactar con nosotros f\u00e1cilmente a trav\u00e9s <a href=\"https:\/\/www.girbau.com\/es-mx\/soporte\/soporte-comercial\/\"><u>del formulario web<\/u><\/a>, por tel\u00e9fono,\u00a0 o directamente con el equipo de Girbau M\u00e9xico.\r\nAdem\u00e1s, desde la plataforma MyGirbau tienes acceso a manuales, documentaci\u00f3n t\u00e9cnica y garant\u00edas para tus equipos."},{"soporte_faqs_title":"\u00bfQu\u00e9 es Horizon?","soporte_faqs_content":"Horizon es la plataforma online de Girbau que centraliza todo lo que tu lavander\u00eda necesita: desde la compra de recambios y equipos hasta el seguimiento de pedidos y env\u00edos en tiempo real. Adem\u00e1s, te permite gestionar tus operaciones de forma m\u00e1s eficiente desde un \u00fanico espacio conectado."},{"soporte_faqs_title":"\u00bfQu\u00e9 es MyGirbau?","soporte_faqs_content":"MyGirbau es un espacio donde encuentras manuales, documentaci\u00f3n t\u00e9cnica, servicios online y consultar o ampliar tu garant\u00eda."},{"soporte_faqs_title":"\u00bfPuedo encontrar servicio t\u00e9cnico Girbau en mi pa\u00eds o regi\u00f3n?","soporte_faqs_content":"S\u00ed. Girbau cuenta con <b>filial en M\u00e9xico<\/b> y con t\u00e9cnicos autorizados en distintas regiones del pa\u00eds para ofrecerte atenci\u00f3n r\u00e1pida y cercana."},{"soporte_faqs_title":"\u00bfD\u00f3nde puedo comprar maquinaria Girbau?","soporte_faqs_content":"Puedes adquirir maquinaria Girbau directamente a trav\u00e9s de <b>Girbau M\u00e9xico<\/b> o mediante distribuidores autorizados. Nuestro equipo local te acompa\u00f1a desde la elecci\u00f3n del equipo hasta la puesta en marcha."},{"soporte_faqs_title":"\u00bfQu\u00e9 garant\u00eda tienen las m\u00e1quinas Girbau?","soporte_faqs_content":"Todas nuestras m\u00e1quinas comerciales cuentan con garant\u00eda oficial. Para activarla y disfrutar de todas sus ventajas, es importante registrar tu equipo en MyGirbau. Las condiciones espec\u00edficas de la garant\u00eda pueden variar seg\u00fan el modelo y la regi\u00f3n, pero siempre cuentas con el respaldo del servicio t\u00e9cnico Girbau."},{"soporte_faqs_title":"\u00bfGirbau dispone de refacciones originales?","soporte_faqs_content":"S\u00ed. Girbau M\u00e9xico ofrece <strong>refacciones originales<\/strong> para todos sus equipos. Puedes adquirirlas a trav\u00e9s de <strong>Horizon<\/strong> o solicitarlas directamente con el <a href=\"https:\/\/www.girbau.com\/es-mx\/soporte\/soporte-tecnico\/\">equipo local de soporte<\/a>."}],"page_soporte_json_schema_json_schema":"[\r\n  {\r\n    \"@context\": \"https:\/\/schema.org\",\r\n    \"@type\": \"Organization\",\r\n    \"@id\": \"https:\/\/girbau.com\/es-mx\/#organization\",\r\n    \"name\": \"Girbau\",\r\n    \"url\": \"https:\/\/girbau.com\/es-mx\/\",\r\n    \"logo\": \"https:\/\/www.girbau.com\/es-es\/wp-content\/uploads\/sites\/4\/2025\/12\/cropped-favicon.png\",\r\n    \"description\": \"Girbau es un fabricante de soluciones de lavander\u00eda industrial y profesional en M\u00e9xico para sectores como hoteler\u00eda, salud, industria, residencias y servicios comerciales.\",\r\n    \"contactPoint\": [\r\n      {\r\n        \"@type\": \"ContactPoint\",\r\n        \"contactType\": \"atenci\u00f3n al cliente\",\r\n        \"availableLanguage\": [\"es\"]\r\n      }\r\n    ]\r\n  },\r\n  {\r\n    \"@context\": \"https:\/\/schema.org\",\r\n    \"@type\": \"FAQPage\",\r\n    \"@id\": \"https:\/\/girbau.com\/es-mx\/soporte\/#faq\",\r\n    \"mainEntity\": [\r\n      {\r\n        \"@type\": \"Question\",\r\n        \"name\": \"\u00bfQu\u00e9 tipo de soporte ofrece Girbau?\",\r\n        \"acceptedAnswer\": {\r\n          \"@type\": \"Answer\",\r\n          \"text\": \"Girbau M\u00e9xico ofrece soporte t\u00e9cnico y comercial local, respaldado por la experiencia global del grupo. Nuestro equipo te asesora en la selecci\u00f3n de equipos, el dise\u00f1o de instalaciones y el mantenimiento de soluciones de lavander\u00eda industrial y comercial, con atenci\u00f3n cercana y especializada.\"\r\n        }\r\n      },\r\n      {\r\n        \"@type\": \"Question\",\r\n        \"name\": \"\u00bfC\u00f3mo puedo contactar con el equipo de soporte o solicitar asistencia en M\u00e9xico?\",\r\n        \"acceptedAnswer\": {\r\n          \"@type\": \"Answer\",\r\n          \"text\": \"Puedes contactar con nosotros f\u00e1cilmente a trav\u00e9s del formulario web, por tel\u00e9fono o directamente con el equipo de Girbau M\u00e9xico. Adem\u00e1s, desde la plataforma MyGirbau tienes acceso a manuales, documentaci\u00f3n t\u00e9cnica y garant\u00edas para tus equipos.\"\r\n        }\r\n      },\r\n      {\r\n        \"@type\": \"Question\",\r\n        \"name\": \"\u00bfQu\u00e9 es Horizon?\",\r\n        \"acceptedAnswer\": {\r\n          \"@type\": \"Answer\",\r\n          \"text\": \"Horizon es la plataforma online de Girbau que centraliza todo lo que tu lavander\u00eda necesita: desde la compra de recambios y equipos hasta el seguimiento de pedidos y env\u00edos en tiempo real. Adem\u00e1s, te permite gestionar tus operaciones de forma m\u00e1s eficiente desde un \u00fanico espacio conectado.\"\r\n        }\r\n      },\r\n      {\r\n        \"@type\": \"Question\",\r\n        \"name\": \"\u00bfQu\u00e9 es MyGirbau?\",\r\n        \"acceptedAnswer\": {\r\n          \"@type\": \"Answer\",\r\n          \"text\": \"MyGirbau es un espacio donde encuentras manuales, documentaci\u00f3n t\u00e9cnica, servicios online y consultar o ampliar tu garant\u00eda.\"\r\n        }\r\n      },\r\n      {\r\n        \"@type\": \"Question\",\r\n        \"name\": \"\u00bfPuedo encontrar servicio t\u00e9cnico Girbau en mi pa\u00eds o regi\u00f3n?\",\r\n        \"acceptedAnswer\": {\r\n          \"@type\": \"Answer\",\r\n          \"text\": \"S\u00ed. Girbau cuenta con filial en M\u00e9xico y con t\u00e9cnicos autorizados en distintas regiones del pa\u00eds para ofrecerte atenci\u00f3n r\u00e1pida y cercana.\"\r\n        }\r\n      },\r\n      {\r\n        \"@type\": \"Question\",\r\n        \"name\": \"\u00bfD\u00f3nde puedo comprar maquinaria Girbau?\",\r\n        \"acceptedAnswer\": {\r\n          \"@type\": \"Answer\",\r\n          \"text\": \"Puedes adquirir maquinaria Girbau directamente a trav\u00e9s de Girbau M\u00e9xico o mediante distribuidores autorizados. Nuestro equipo local te acompa\u00f1a desde la elecci\u00f3n del equipo hasta la puesta en marcha.\"\r\n        }\r\n      },\r\n      {\r\n        \"@type\": \"Question\",\r\n        \"name\": \"\u00bfQu\u00e9 garant\u00eda tienen las m\u00e1quinas Girbau?\",\r\n        \"acceptedAnswer\": {\r\n          \"@type\": \"Answer\",\r\n          \"text\": \"Todas nuestras m\u00e1quinas comerciales cuentan con garant\u00eda oficial. Para activarla y disfrutar de todas sus ventajas, es importante registrar tu equipo en MyGirbau. Las condiciones espec\u00edficas de la garant\u00eda pueden variar seg\u00fan el modelo y la regi\u00f3n, pero siempre cuentas con el respaldo del servicio t\u00e9cnico Girbau.\"\r\n        }\r\n      },\r\n      {\r\n        \"@type\": \"Question\",\r\n        \"name\": \"\u00bfGirbau dispone de refacciones originales?\",\r\n        \"acceptedAnswer\": {\r\n          \"@type\": \"Answer\",\r\n          \"text\": \"S\u00ed. Girbau M\u00e9xico ofrece refacciones originales para todos sus equipos. Puedes adquirirlas a trav\u00e9s de Horizon o solicitarlas directamente con el equipo local de soporte.\"\r\n        }\r\n      }\r\n    ]\r\n  }\r\n]\r\n"},"yoast_head":"<!-- This site is optimized with the Yoast SEO Premium plugin v26.8 (Yoast SEO v27.1.1) - https:\/\/yoast.com\/product\/yoast-seo-premium-wordpress\/ -->\n<title>Soporte t\u00e9cnico y comercial para lavander\u00edas | Girbau M\u00e9xico<\/title>\n<meta name=\"description\" content=\"Soporte t\u00e9cnico y comercial especializado para lavander\u00edas industriales y comerciales. Conf\u00eda en Girbau para mantener tu lavander\u00eda operativa\" \/>\n<meta name=\"robots\" content=\"index, follow, max-snippet:-1, max-image-preview:large, max-video-preview:-1\" \/>\n<link rel=\"canonical\" href=\"https:\/\/www.girbau.com\/es-mx\/soporte\/\" \/>\n<meta property=\"og:locale\" content=\"es_MX\" \/>\n<meta property=\"og:type\" content=\"article\" \/>\n<meta property=\"og:title\" content=\"Tu soporte Girbau en M\u00e9xico, siempre cerca\" \/>\n<meta property=\"og:description\" content=\"Soporte t\u00e9cnico y comercial especializado para lavander\u00edas industriales y comerciales. Conf\u00eda en Girbau para mantener tu lavander\u00eda operativa\" \/>\n<meta property=\"og:url\" content=\"https:\/\/www.girbau.com\/es-mx\/soporte\/\" \/>\n<meta property=\"og:site_name\" content=\"Girbau MX\" \/>\n<meta property=\"article:modified_time\" content=\"2026-02-24T17:19:01+00:00\" \/>\n<meta name=\"twitter:card\" content=\"summary_large_image\" \/>\n<script type=\"application\/ld+json\" class=\"yoast-schema-graph\">{\"@context\":\"https:\/\/schema.org\",\"@graph\":[{\"@type\":\"WebPage\",\"@id\":\"https:\/\/www.girbau.com\/es-mx\/soporte\/\",\"url\":\"https:\/\/www.girbau.com\/es-mx\/soporte\/\",\"name\":\"Soporte t\u00e9cnico y comercial para lavander\u00edas | Girbau M\u00e9xico\",\"isPartOf\":{\"@id\":\"https:\/\/www.girbau.com\/es-mx\/#website\"},\"datePublished\":\"2025-12-05T15:46:33+00:00\",\"dateModified\":\"2026-02-24T17:19:01+00:00\",\"description\":\"Soporte t\u00e9cnico y comercial especializado para lavander\u00edas industriales y comerciales. Conf\u00eda en Girbau para mantener tu lavander\u00eda operativa\",\"breadcrumb\":{\"@id\":\"https:\/\/www.girbau.com\/es-mx\/soporte\/#breadcrumb\"},\"inLanguage\":\"es\",\"potentialAction\":[{\"@type\":\"ReadAction\",\"target\":[\"https:\/\/www.girbau.com\/es-mx\/soporte\/\"]}]},{\"@type\":\"BreadcrumbList\",\"@id\":\"https:\/\/www.girbau.com\/es-mx\/soporte\/#breadcrumb\",\"itemListElement\":[{\"@type\":\"ListItem\",\"position\":1,\"name\":\"Home\",\"item\":\"https:\/\/www.girbau.com\/es-mx\/\"},{\"@type\":\"ListItem\",\"position\":2,\"name\":\"Tu soporte Girbau en M\u00e9xico, siempre cerca\"}]},{\"@type\":\"WebSite\",\"@id\":\"https:\/\/www.girbau.com\/es-mx\/#website\",\"url\":\"https:\/\/www.girbau.com\/es-mx\/\",\"name\":\"Girbau MX\",\"description\":\"\",\"potentialAction\":[{\"@type\":\"SearchAction\",\"target\":{\"@type\":\"EntryPoint\",\"urlTemplate\":\"https:\/\/www.girbau.com\/es-mx\/?s={search_term_string}\"},\"query-input\":{\"@type\":\"PropertyValueSpecification\",\"valueRequired\":true,\"valueName\":\"search_term_string\"}}],\"inLanguage\":\"es\"}]}<\/script>\n<!-- \/ Yoast SEO Premium plugin. -->","yoast_head_json":{"title":"Soporte t\u00e9cnico y comercial para lavander\u00edas | Girbau M\u00e9xico","description":"Soporte t\u00e9cnico y comercial especializado para lavander\u00edas industriales y comerciales. Conf\u00eda en Girbau para mantener tu lavander\u00eda operativa","robots":{"index":"index","follow":"follow","max-snippet":"max-snippet:-1","max-image-preview":"max-image-preview:large","max-video-preview":"max-video-preview:-1"},"canonical":"https:\/\/www.girbau.com\/es-mx\/soporte\/","og_locale":"es_MX","og_type":"article","og_title":"Tu soporte Girbau en M\u00e9xico, siempre cerca","og_description":"Soporte t\u00e9cnico y comercial especializado para lavander\u00edas industriales y comerciales. Conf\u00eda en Girbau para mantener tu lavander\u00eda operativa","og_url":"https:\/\/www.girbau.com\/es-mx\/soporte\/","og_site_name":"Girbau MX","article_modified_time":"2026-02-24T17:19:01+00:00","twitter_card":"summary_large_image","schema":{"@context":"https:\/\/schema.org","@graph":[{"@type":"WebPage","@id":"https:\/\/www.girbau.com\/es-mx\/soporte\/","url":"https:\/\/www.girbau.com\/es-mx\/soporte\/","name":"Soporte t\u00e9cnico y comercial para lavander\u00edas | Girbau M\u00e9xico","isPartOf":{"@id":"https:\/\/www.girbau.com\/es-mx\/#website"},"datePublished":"2025-12-05T15:46:33+00:00","dateModified":"2026-02-24T17:19:01+00:00","description":"Soporte t\u00e9cnico y comercial especializado para lavander\u00edas industriales y comerciales. Conf\u00eda en Girbau para mantener tu lavander\u00eda operativa","breadcrumb":{"@id":"https:\/\/www.girbau.com\/es-mx\/soporte\/#breadcrumb"},"inLanguage":"es","potentialAction":[{"@type":"ReadAction","target":["https:\/\/www.girbau.com\/es-mx\/soporte\/"]}]},{"@type":"BreadcrumbList","@id":"https:\/\/www.girbau.com\/es-mx\/soporte\/#breadcrumb","itemListElement":[{"@type":"ListItem","position":1,"name":"Home","item":"https:\/\/www.girbau.com\/es-mx\/"},{"@type":"ListItem","position":2,"name":"Tu soporte Girbau en M\u00e9xico, siempre cerca"}]},{"@type":"WebSite","@id":"https:\/\/www.girbau.com\/es-mx\/#website","url":"https:\/\/www.girbau.com\/es-mx\/","name":"Girbau MX","description":"","potentialAction":[{"@type":"SearchAction","target":{"@type":"EntryPoint","urlTemplate":"https:\/\/www.girbau.com\/es-mx\/?s={search_term_string}"},"query-input":{"@type":"PropertyValueSpecification","valueRequired":true,"valueName":"search_term_string"}}],"inLanguage":"es"}]}},"_links":{"self":[{"href":"https:\/\/www.girbau.com\/es-mx\/wp-json\/wp\/v2\/pages\/1086","targetHints":{"allow":["GET"]}}],"collection":[{"href":"https:\/\/www.girbau.com\/es-mx\/wp-json\/wp\/v2\/pages"}],"about":[{"href":"https:\/\/www.girbau.com\/es-mx\/wp-json\/wp\/v2\/types\/page"}],"author":[{"embeddable":true,"href":"https:\/\/www.girbau.com\/es-mx\/wp-json\/wp\/v2\/users\/10"}],"replies":[{"embeddable":true,"href":"https:\/\/www.girbau.com\/es-mx\/wp-json\/wp\/v2\/comments?post=1086"}],"version-history":[{"count":17,"href":"https:\/\/www.girbau.com\/es-mx\/wp-json\/wp\/v2\/pages\/1086\/revisions"}],"predecessor-version":[{"id":1900,"href":"https:\/\/www.girbau.com\/es-mx\/wp-json\/wp\/v2\/pages\/1086\/revisions\/1900"}],"wp:attachment":[{"href":"https:\/\/www.girbau.com\/es-mx\/wp-json\/wp\/v2\/media?parent=1086"}],"curies":[{"name":"wp","href":"https:\/\/api.w.org\/{rel}","templated":true}]}}