{"id":1349,"date":"2025-12-09T15:07:29","date_gmt":"2025-12-09T14:07:29","guid":{"rendered":"https:\/\/www.girbau.com\/es-mx\/soporte\/soporte-comercial\/"},"modified":"2026-01-21T01:48:55","modified_gmt":"2026-01-21T07:48:55","slug":"soporte-comercial","status":"publish","type":"page","link":"https:\/\/www.girbau.com\/es-mx\/soporte\/soporte-comercial\/","title":{"rendered":"Soporte Comercial"},"content":{"rendered":"\n\n\t\n<nav class=\"breadcrumbs\">\n\t<ul class=\"container breadcrumbs__list\">\n\t\t\t\t\t<li class=\"breadcrumbs__item\">\n\t\t\t\t\t\t\t\t\t<a\n\t\t\t\t\t\thref=\"https:\/\/www.girbau.com\/es-mx\/\"\n\t\t\t\t\t\tclass=\"breadcrumbs__link\"\n\t\t\t\t\t\taria-label=\"Inicio\">\n\t\t\t\t\t\t<svg width=\"24\" height=\"24\" viewBox=\"0 0 24 24\" fill=\"none\" xmlns=\"http:\/\/www.w3.org\/2000\/svg\">\n<path d=\"M20 8.00001L14 2.74001C13.45 2.24805 12.7379 1.97607 12 1.97607C11.262 1.97607 10.55 2.24805 9.99997 2.74001L3.99997 8.00001C3.68234 8.28408 3.42887 8.63256 3.25644 9.02225C3.08402 9.41194 2.99659 9.83389 2.99997 10.26V19C2.99997 19.7957 3.31604 20.5587 3.87865 21.1213C4.44126 21.6839 5.20432 22 5.99997 22H18C18.7956 22 19.5587 21.6839 20.1213 21.1213C20.6839 20.5587 21 19.7957 21 19V10.25C21.0019 9.82557 20.9138 9.40555 20.7414 9.01769C20.5691 8.62983 20.3163 8.28296 20 8.00001ZM14 20H9.99997V15C9.99997 14.7348 10.1053 14.4804 10.2929 14.2929C10.4804 14.1054 10.7348 14 11 14H13C13.2652 14 13.5195 14.1054 13.7071 14.2929C13.8946 14.4804 14 14.7348 14 15V20ZM19 19C19 19.2652 18.8946 19.5196 18.7071 19.7071C18.5195 19.8946 18.2652 20 18 20H16V15C16 14.2044 15.6839 13.4413 15.1213 12.8787C14.5587 12.3161 13.7956 12 13 12H11C10.2043 12 9.44126 12.3161 8.87865 12.8787C8.31604 13.4413 7.99997 14.2044 7.99997 15V20H5.99997C5.73476 20 5.4804 19.8946 5.29287 19.7071C5.10533 19.5196 4.99997 19.2652 4.99997 19V10.25C5.00015 10.108 5.03057 9.9677 5.08919 9.83839C5.14781 9.70907 5.2333 9.59372 5.33997 9.50001L11.34 4.25001C11.5225 4.08969 11.7571 4.00127 12 4.00127C12.2429 4.00127 12.4775 4.08969 12.66 4.25001L18.66 9.50001C18.7666 9.59372 18.8521 9.70907 18.9108 9.83839C18.9694 9.9677 18.9998 10.108 19 10.25V19Z\" fill=\"black\"\/>\n<\/svg>\n\n\t\t\t\t\t<\/a>\n\t\t\t\t\t\t\t<\/li>\n\t\t\t<\/ul>\n<\/nav>\n\n\n\n\t\n\n\n<div class=\"content__block\">\n\t\n\t\n<div class=\"section-intro py-layoutModuleSpace container narrow\">\n\t\n\t\t\t<div class=\"section-intro__container\">\n\t\t\t\t\t\t\t\t\t\t<h2 class=\"section-intro__title\">Solicita informaci\u00f3n comercial<\/h2>\n\t\t\t\t\t<\/div>\n\t\n\t\t\t\t\t\t\t\t<p class=\"section-intro__description\">\n\t\t\t\t\u00bfTe interesa alguno de nuestros productos o soluciones? D\u00e9janos tus datos y un especialista comercial te asesorar\u00e1 para encontrar la mejor opci\u00f3n para tu negocio.\n\t\t\t<\/p>\n\t\t\t\n\t\n\t<\/div>\n<\/div>\n\n\n\n<iframe loading=\"lazy\" src=\"https:\/\/go.girbau.com\/l\/1043681\/2025-12-08\/2gt8mb?language=es&#038;Subsidiary=GMX\" width=\"100%\" height=\"1500\" type=\"text\/html\" frameborder=\"0\" allowTransparency=\"true\" style=\"border: 0\"><\/iframe>\n\n\n\n<p><\/p>\n","protected":false},"excerpt":{"rendered":"","protected":false},"author":4,"featured_media":0,"parent":1086,"menu_order":0,"comment_status":"closed","ping_status":"closed","template":"","meta":{"_acf_changed":false,"footnotes":""},"class_list":["post-1349","page","type-page","status-publish","hentry"],"acf":[],"yoast_head":"<!-- This site is optimized with the Yoast SEO Premium plugin v26.8 (Yoast SEO v27.1.1) - https:\/\/yoast.com\/product\/yoast-seo-premium-wordpress\/ -->\n<title>Soporte Comercial &amp; Atenci\u00f3n al Cliente | Girbau M\u00e9xico<\/title>\n<meta name=\"description\" content=\"Contacta con el equipo de soporte comercial de Girbau M\u00e9xico. Resolvemos tus consultas, proporcionamos informaci\u00f3n de productos y asistencia para soluciones de lavander\u00eda profesional.\" \/>\n<meta name=\"robots\" content=\"index, follow, max-snippet:-1, max-image-preview:large, max-video-preview:-1\" \/>\n<link rel=\"canonical\" href=\"https:\/\/www.girbau.com\/es-mx\/soporte\/soporte-comercial\/\" \/>\n<meta property=\"og:locale\" content=\"es_MX\" \/>\n<meta property=\"og:type\" content=\"article\" \/>\n<meta property=\"og:title\" content=\"Soporte Comercial\" \/>\n<meta property=\"og:description\" content=\"Contacta con el equipo de soporte comercial de Girbau M\u00e9xico. Resolvemos tus consultas, proporcionamos informaci\u00f3n de productos y asistencia para soluciones de lavander\u00eda profesional.\" \/>\n<meta property=\"og:url\" content=\"https:\/\/www.girbau.com\/es-mx\/soporte\/soporte-comercial\/\" \/>\n<meta property=\"og:site_name\" content=\"Girbau MX\" \/>\n<meta property=\"article:modified_time\" content=\"2026-01-21T07:48:55+00:00\" \/>\n<meta name=\"twitter:card\" content=\"summary_large_image\" \/>\n<script type=\"application\/ld+json\" class=\"yoast-schema-graph\">{\"@context\":\"https:\/\/schema.org\",\"@graph\":[{\"@type\":\"WebPage\",\"@id\":\"https:\/\/www.girbau.com\/es-mx\/soporte\/soporte-comercial\/\",\"url\":\"https:\/\/www.girbau.com\/es-mx\/soporte\/soporte-comercial\/\",\"name\":\"Soporte Comercial & Atenci\u00f3n al Cliente | Girbau M\u00e9xico\",\"isPartOf\":{\"@id\":\"https:\/\/www.girbau.com\/es-mx\/#website\"},\"datePublished\":\"2025-12-09T14:07:29+00:00\",\"dateModified\":\"2026-01-21T07:48:55+00:00\",\"description\":\"Contacta con el equipo de soporte comercial de Girbau M\u00e9xico. Resolvemos tus consultas, proporcionamos informaci\u00f3n de productos y asistencia para soluciones de lavander\u00eda profesional.\",\"breadcrumb\":{\"@id\":\"https:\/\/www.girbau.com\/es-mx\/soporte\/soporte-comercial\/#breadcrumb\"},\"inLanguage\":\"es\",\"potentialAction\":[{\"@type\":\"ReadAction\",\"target\":[\"https:\/\/www.girbau.com\/es-mx\/soporte\/soporte-comercial\/\"]}]},{\"@type\":\"BreadcrumbList\",\"@id\":\"https:\/\/www.girbau.com\/es-mx\/soporte\/soporte-comercial\/#breadcrumb\",\"itemListElement\":[{\"@type\":\"ListItem\",\"position\":1,\"name\":\"Home\",\"item\":\"https:\/\/www.girbau.com\/es-mx\/\"},{\"@type\":\"ListItem\",\"position\":2,\"name\":\"Tu soporte Girbau en M\u00e9xico, siempre cerca\",\"item\":\"https:\/\/www.girbau.com\/es-mx\/soporte\/\"},{\"@type\":\"ListItem\",\"position\":3,\"name\":\"Soporte Comercial\"}]},{\"@type\":\"WebSite\",\"@id\":\"https:\/\/www.girbau.com\/es-mx\/#website\",\"url\":\"https:\/\/www.girbau.com\/es-mx\/\",\"name\":\"Girbau MX\",\"description\":\"\",\"potentialAction\":[{\"@type\":\"SearchAction\",\"target\":{\"@type\":\"EntryPoint\",\"urlTemplate\":\"https:\/\/www.girbau.com\/es-mx\/?s={search_term_string}\"},\"query-input\":{\"@type\":\"PropertyValueSpecification\",\"valueRequired\":true,\"valueName\":\"search_term_string\"}}],\"inLanguage\":\"es\"}]}<\/script>\n<!-- \/ Yoast SEO Premium plugin. -->","yoast_head_json":{"title":"Soporte Comercial & Atenci\u00f3n al Cliente | Girbau M\u00e9xico","description":"Contacta con el equipo de soporte comercial de Girbau M\u00e9xico. Resolvemos tus consultas, proporcionamos informaci\u00f3n de productos y asistencia para soluciones de lavander\u00eda profesional.","robots":{"index":"index","follow":"follow","max-snippet":"max-snippet:-1","max-image-preview":"max-image-preview:large","max-video-preview":"max-video-preview:-1"},"canonical":"https:\/\/www.girbau.com\/es-mx\/soporte\/soporte-comercial\/","og_locale":"es_MX","og_type":"article","og_title":"Soporte Comercial","og_description":"Contacta con el equipo de soporte comercial de Girbau M\u00e9xico. Resolvemos tus consultas, proporcionamos informaci\u00f3n de productos y asistencia para soluciones de lavander\u00eda profesional.","og_url":"https:\/\/www.girbau.com\/es-mx\/soporte\/soporte-comercial\/","og_site_name":"Girbau MX","article_modified_time":"2026-01-21T07:48:55+00:00","twitter_card":"summary_large_image","schema":{"@context":"https:\/\/schema.org","@graph":[{"@type":"WebPage","@id":"https:\/\/www.girbau.com\/es-mx\/soporte\/soporte-comercial\/","url":"https:\/\/www.girbau.com\/es-mx\/soporte\/soporte-comercial\/","name":"Soporte Comercial & Atenci\u00f3n al Cliente | Girbau M\u00e9xico","isPartOf":{"@id":"https:\/\/www.girbau.com\/es-mx\/#website"},"datePublished":"2025-12-09T14:07:29+00:00","dateModified":"2026-01-21T07:48:55+00:00","description":"Contacta con el equipo de soporte comercial de Girbau M\u00e9xico. Resolvemos tus consultas, proporcionamos informaci\u00f3n de productos y asistencia para soluciones de lavander\u00eda profesional.","breadcrumb":{"@id":"https:\/\/www.girbau.com\/es-mx\/soporte\/soporte-comercial\/#breadcrumb"},"inLanguage":"es","potentialAction":[{"@type":"ReadAction","target":["https:\/\/www.girbau.com\/es-mx\/soporte\/soporte-comercial\/"]}]},{"@type":"BreadcrumbList","@id":"https:\/\/www.girbau.com\/es-mx\/soporte\/soporte-comercial\/#breadcrumb","itemListElement":[{"@type":"ListItem","position":1,"name":"Home","item":"https:\/\/www.girbau.com\/es-mx\/"},{"@type":"ListItem","position":2,"name":"Tu soporte Girbau en M\u00e9xico, siempre cerca","item":"https:\/\/www.girbau.com\/es-mx\/soporte\/"},{"@type":"ListItem","position":3,"name":"Soporte Comercial"}]},{"@type":"WebSite","@id":"https:\/\/www.girbau.com\/es-mx\/#website","url":"https:\/\/www.girbau.com\/es-mx\/","name":"Girbau MX","description":"","potentialAction":[{"@type":"SearchAction","target":{"@type":"EntryPoint","urlTemplate":"https:\/\/www.girbau.com\/es-mx\/?s={search_term_string}"},"query-input":{"@type":"PropertyValueSpecification","valueRequired":true,"valueName":"search_term_string"}}],"inLanguage":"es"}]}},"_links":{"self":[{"href":"https:\/\/www.girbau.com\/es-mx\/wp-json\/wp\/v2\/pages\/1349","targetHints":{"allow":["GET"]}}],"collection":[{"href":"https:\/\/www.girbau.com\/es-mx\/wp-json\/wp\/v2\/pages"}],"about":[{"href":"https:\/\/www.girbau.com\/es-mx\/wp-json\/wp\/v2\/types\/page"}],"author":[{"embeddable":true,"href":"https:\/\/www.girbau.com\/es-mx\/wp-json\/wp\/v2\/users\/4"}],"replies":[{"embeddable":true,"href":"https:\/\/www.girbau.com\/es-mx\/wp-json\/wp\/v2\/comments?post=1349"}],"version-history":[{"count":18,"href":"https:\/\/www.girbau.com\/es-mx\/wp-json\/wp\/v2\/pages\/1349\/revisions"}],"predecessor-version":[{"id":1825,"href":"https:\/\/www.girbau.com\/es-mx\/wp-json\/wp\/v2\/pages\/1349\/revisions\/1825"}],"up":[{"embeddable":true,"href":"https:\/\/www.girbau.com\/es-mx\/wp-json\/wp\/v2\/pages\/1086"}],"wp:attachment":[{"href":"https:\/\/www.girbau.com\/es-mx\/wp-json\/wp\/v2\/media?parent=1349"}],"curies":[{"name":"wp","href":"https:\/\/api.w.org\/{rel}","templated":true}]}}