{"id":793,"date":"2025-12-04T18:05:33","date_gmt":"2025-12-04T17:05:33","guid":{"rendered":"https:\/\/www.girbau.com\/es-mx\/politica-privacidad\/"},"modified":"2026-01-26T07:37:07","modified_gmt":"2026-01-26T13:37:07","slug":"politica-privacidad","status":"publish","type":"page","link":"https:\/\/www.girbau.com\/es-mx\/politica-privacidad\/","title":{"rendered":"Pol\u00edtica de Privacidad"},"content":{"rendered":"\n<h2 class=\"wp-block-heading\">&nbsp;<\/h2>\n\n\n\t\n\t\t\t\t\t\t\t\t\t\t\t\t\t\t\t\t\t\t\t\t\t\t\t\t\t\t\t\t\t\t\t\t\t\t\t\t\n\t\n\t\n\n<section class=\"module-grid\" >\n\t<div class=\"container\">\n\t\t\t\t\t\n\n<div class=\"section-header\">\n\t\t\t<div class=\"section-header__intro\">\n\t\t\t\n\n<div class=\"section-intro\">\n\t\n\t\t\t<div class=\"section-intro__container\">\n\t\t\t\t\t\t\t\t\t\t<h2 class=\"section-intro__title\">Pol\u00edtica de privacidad de la p\u00e1gina web de Girbau M\u00e9xico<\/h2>\n\t\t\t\t\t<\/div>\n\t\n\t\n\t\n\t<\/div>\n\t\t<\/div>\n\t\n\t<\/div>\n\t\t\n\t\t\t\t\t<div class=\"module-grid__content only-text\">\n\t\t\t\t\n\t\t\t<\/div>\n\t\t\n\t\t\t\t\t<div class=\"module-grid__content\" style=\"--columns: 1;\">\n\t\t\t\t\t\t\t\t\t\n\n<div class=\"accordion\" data-accordion>\n\t<button class=\"accordion__trigger\" aria-expanded=\"false\" data-accordion-trigger>\n\t\t<h3 class=\"accordion__title\">1. Responsable del tratamiento<\/h3>\n\t\t<span class=\"accordion__icon\" aria-hidden=\"true\"><\/span>\n\t<\/button>\n\t<div class=\"accordion__content\" aria-hidden=\"true\">\n\t\t<div>\n\t\t\t<div class=\"accordion__inner\">\n\t\t\t\t\t\t\t\t\t<p>El responsable del tratamiento de tus datos personales es Girbau S.A., con NIF A08276438 y domicilio en Carretera de Manlleu, km 1, 08500 Vic, Barcelona.<\/p>\n<p>Para cualquier consulta o duda relacionada con el tratamiento de tus datos personales, puedes ponerte en contacto con nosotros a trav\u00e9s del correo electr\u00f3nico:\u00a0<a href=\"mailto:dataprotection@girbau.com\">dataprotection@girbau.com<\/a>.<\/p>\n\n\t\t\t\t\t\t\t<\/div>\n\t\t<\/div>\n\t<\/div>\n<\/div>\n\t\t\t\t\t\t\t\t\t\n\n<div class=\"accordion\" data-accordion>\n\t<button class=\"accordion__trigger\" aria-expanded=\"false\" data-accordion-trigger>\n\t\t<h3 class=\"accordion__title\">2. Tratamientos de datos<\/h3>\n\t\t<span class=\"accordion__icon\" aria-hidden=\"true\"><\/span>\n\t<\/button>\n\t<div class=\"accordion__content\" aria-hidden=\"true\">\n\t\t<div>\n\t\t\t<div class=\"accordion__inner\">\n\t\t\t\t\t\t\t\t\t<p><strong>2.1 Registro de usuarios (cliente, distribuidor, consultor experto, usuario interesado)<\/strong><\/p>\n<p><strong>Finalidad:<\/strong><\/p>\n<p>Girbau S.A. tratar\u00e1 los datos personales exclusivamente para gestionar y administrar el registro de usuarios en nuestro sitio web. Esto incluye el proceso de alta, la gesti\u00f3n de la cuenta y, en su caso, la baja del usuario en los siguientes escenarios:<\/p>\n<ul>\n<li>Cliente de Girbau: Si has adquirido productos de Girbau, puedes registrarte como cliente. Esto te permitir\u00e1 acceder a cat\u00e1logos de maquinaria y toda la documentaci\u00f3n relacionada con los productos adquiridos, como folletos, manuales de instrucciones y listas de piezas.<\/li>\n<li>Distribuidor de maquinaria Girbau: Si eres distribuidor, podr\u00e1s registrarte para acceder a toda la informaci\u00f3n relevante sobre los productos que distribuyes.<\/li>\n<li>Consultor experto en maquinaria Girbau: Los consultores especializados en maquinaria Girbau pueden registrarse para obtener acceso a la informaci\u00f3n de los productos sobre los cuales brindan asesor\u00eda.<\/li>\n<li>Usuario interesado: Si necesitas m\u00e1s informaci\u00f3n sobre los productos de Girbau, tambi\u00e9n puedes registrarte como usuario interesado.<\/li>\n<\/ul>\n<p><strong>Comunicaciones de datos<\/strong><\/p>\n<p>Los datos relacionados con este tratamiento no se compartir\u00e1n con ning\u00fan tercero.<\/p>\n<p><strong>Base de legitimaci\u00f3n<\/strong><\/p>\n<p>Girbau S.A. tratar\u00e1 los datos de registro con base al consentimiento prestado por el usuario en el momento de realizar el registro.<\/p>\n<p><strong>Plazo de conservaci\u00f3n<\/strong><\/p>\n<p>Los datos tratados para la gesti\u00f3n del registro se conservar\u00e1n mientras se mantenga la relaci\u00f3n de usuario activo y para cumplir con cualquier plazo legal aplicable.<\/p>\n<p>&nbsp;<\/p>\n<p><strong>2.2. Comunicaciones comerciales por medios electr\u00f3nicos<\/strong><\/p>\n<p><strong>Finalidad<\/strong><\/p>\n<p>Girbau S.A. tratar\u00e1 los datos personales \u00fanicamente con el fin de enviar comunicaciones comerciales relacionadas con nuestros productos, servicios y ofertas, as\u00ed como informaci\u00f3n corporativa de la empresa, invitaciones a ferias, eventos y otras actividades relevantes. Esto incluye actualizaciones, novedades y promociones que consideremos de inter\u00e9s para el usuario.<\/p>\n<p><strong>Comunicaciones de datos<\/strong><\/p>\n<p>Los datos relacionados con este tratamiento no se compartir\u00e1n con ning\u00fan tercero.<\/p>\n<p><strong>Base de legitimaci\u00f3n<\/strong><\/p>\n<p>Girbau S.A. tratar\u00e1 los datos con base en el consentimiento otorgado por el usuario al suscribirse para recibir dichas comunicaciones comerciales.<\/p>\n<p><strong>Plazo de conservaci\u00f3n<\/strong><\/p>\n<p>Los datos tratados para el env\u00edo de comunicaciones comerciales se conservar\u00e1n mientras el usuario mantenga su consentimiento activo y hasta que decida darse de baja de estas comunicaciones, cumpliendo siempre con los plazos legales aplicables, o hasta que consideremos que ya no tiene inter\u00e9s en ellas.<\/p>\n<p>&nbsp;<\/p>\n<p><strong>2.3 Contacto<\/strong><\/p>\n<p><strong>Finalidad<\/strong><\/p>\n<p>Girbau S.A. procesar\u00e1 los datos \u00fanicamente con el fin de gestionar y responder a consultas de usuarios interesados en sus productos o servicios, as\u00ed como en establecer relaciones profesionales o explorar posibles colaboraciones. En aquellos casos en que no se haya proporcionado un consentimiento expreso, Girbau S.A. podr\u00e1 tratar los datos en base al inter\u00e9s leg\u00edtimo de responder a las solicitudes de contacto realizadas por el usuario.<\/p>\n<p><strong>Comunicaciones de datos<\/strong><\/p>\n<p>Los datos relacionados con este tratamiento no se compartir\u00e1n con ning\u00fan tercero.<\/p>\n<p><strong>Base de legitimaci\u00f3n<\/strong><\/p>\n<p>Girbau S.A. tratar\u00e1 los datos sobre la base del consentimiento otorgado por el usuario al contactarnos para estos fines.<\/p>\n<p>Asimismo, Girbau S.A. podr\u00e1 tratar los datos en base al inter\u00e9s leg\u00edtimo de responder a solicitudes de informaci\u00f3n relacionadas. Este inter\u00e9s leg\u00edtimo se sustenta en un an\u00e1lisis de ponderaci\u00f3n, en el que se han evaluado los beneficios del tratamiento tanto para nuestra organizaci\u00f3n como responsable del tratamiento, como para terceros. En cualquier momento, podr\u00e1 solicitar m\u00e1s informaci\u00f3n sobre esta ponderaci\u00f3n contactando con nuestro Delegado de Protecci\u00f3n de Datos (DPD) a la direcci\u00f3n indicada en el apartado correspondiente de la presente pol\u00edtica de privacidad. Asimismo, te recordamos que tienes derecho a oponerte a los tratamientos basados en el inter\u00e9s leg\u00edtimo.<\/p>\n<p><strong>Plazo de conservaci\u00f3n<\/strong><\/p>\n<p>Los datos recopilados para atender las solicitudes de contacto se conservar\u00e1n durante el tiempo necesario para gestionar adecuadamente la solicitud y se mantendr\u00e1n \u00fanicamente durante el plazo necesario para cumplir con cualquier requisito legal aplicable.<\/p>\n<p>&nbsp;<\/p>\n<p><strong>2.4 Descarga de informaci\u00f3n comercial<\/strong><\/p>\n<p><strong>Finalidad<\/strong><\/p>\n<p>Girbau S.A. tratar\u00e1 los datos para permitir la descarga de informaci\u00f3n comercial, como folletos y otros documentos relacionados.<\/p>\n<p><strong>Comunicaciones de datos<\/strong><\/p>\n<p>Los datos relacionados con este tratamiento no se compartir\u00e1n con ning\u00fan tercero.<\/p>\n<p><strong>Base de legitimaci\u00f3n<\/strong><\/p>\n<p>Girbau S.A. procesar\u00e1 los datos bas\u00e1ndose en el consentimiento otorgado por el usuario al solicitar recibir dicha informaci\u00f3n comercial.<\/p>\n<p><strong>Plazo de conservaci\u00f3n<\/strong><\/p>\n<p>Los datos recopilados para atender las solicitudes de informaci\u00f3n comercial se conservar\u00e1n durante el tiempo necesario para gestionar adecuadamente la solicitud y se mantendr\u00e1n \u00fanicamente durante el plazo necesario para cumplir con cualquier requisito legal aplicable.<\/p>\n<p>&nbsp;<\/p>\n<p><strong>2.5 Servicio de soporte de posventa y garant\u00edas.<\/strong><\/p>\n<p><strong>Finalidad<\/strong><\/p>\n<p>Girbau S.A. tratar\u00e1 los datos personales exclusivamente para gestionar el servicio de soporte de posventa y el cumplimiento de garant\u00edas de los productos y servicios.<\/p>\n<p><strong>Comunicaciones de Datos<\/strong><\/p>\n<p>Los datos personales proporcionados no ser\u00e1n compartidos con terceros, salvo en aquellos casos en que se requiera la intervenci\u00f3n de proveedores o t\u00e9cnicos externos para llevar a cabo el soporte, cumpliendo en estos casos con las normativas vigentes en protecci\u00f3n de datos.<\/p>\n<p><strong>Base de legitimaci\u00f3n<\/strong><\/p>\n<p>El tratamiento de los datos se basa en la ejecuci\u00f3n de la relaci\u00f3n contractual o servicio y en el cumplimiento de obligaciones legales en materia de garant\u00edas y derechos de los consumidores.<\/p>\n<p><strong>Plazo de conservaci\u00f3n<\/strong><\/p>\n<p>Los datos se conservar\u00e1n durante el tiempo necesario para prestar el servicio de soporte de posventa y gestionar las garant\u00edas aplicables. Una vez finalizados estos servicios, los datos se conservar\u00e1n \u00fanicamente durante el plazo necesario para cumplir con cualquier requisito legal aplicable en materia de garant\u00edas y posventa.<\/p>\n<h5><\/h5>\n<p><strong>2.6 Encuestas<\/strong><\/p>\n<p><strong>Finalidad<\/strong><\/p>\n<p>Girbau S.A. tratar\u00e1 los datos \u00fanicamente para contactar a las personas que hayan consentido a participar en las encuestas lanzadas por la empresa. El objetivo de estas encuestas es recopilar opiniones y comentarios que nos permitan mejorar nuestros servicios y optimizar la experiencia del cliente.<\/p>\n<p><strong>Comunicaciones de datos<\/strong><\/p>\n<p>Los datos relacionados con este tratamiento no se compartir\u00e1n con ning\u00fan tercero.<\/p>\n<p><strong>Base de legitimaci\u00f3n<\/strong><\/p>\n<p>Girbau S.A. basar\u00e1 el tratamiento de los datos en el consentimiento otorgado por el usuario para participar en la encuesta.<\/p>\n<p><strong>Plazo de conservaci\u00f3n<\/strong><\/p>\n<p>Los datos tratados para la gesti\u00f3n de la encuesta se conservar\u00e1n durante el tiempo necesario para llevar a cabo el an\u00e1lisis de los resultados y una vez analizados, los datos se conservar\u00e1n \u00fanicamente durante el plazo necesario para cumplir con cualquier requisito legal aplicable.<\/p>\n<p>&nbsp;<\/p>\n<p><strong>2.7 Candidaturas y Oportunidades de Empleo<\/strong><\/p>\n<p><strong>Finalidad<\/strong><\/p>\n<p>Girbau S.A. tratar\u00e1 los datos personales con el fin de gestionar y evaluar su candidatura para oportunidades de empleo en nuestra empresa, as\u00ed como para llevar a cabo procesos de selecci\u00f3n de personal. Tambi\u00e9n podremos contactarte para cualquier actualizaci\u00f3n en el proceso o para futuras oportunidades laborales que puedan ser de tu inter\u00e9s de as\u00ed autorizarlo.<\/p>\n<p><strong>Comunicaciones de datos<\/strong><\/p>\n<p>Los datos personales proporcionados no ser\u00e1n vendidos, alquilados ni puestos a disposici\u00f3n o comunicados a ning\u00fan tercero, salvo en el caso de empresas de selecci\u00f3n de personal o consultor\u00eda que participen en el proceso de selecci\u00f3n.<\/p>\n<p><strong>Base de legitimaci\u00f3n<\/strong><\/p>\n<p>Este tratamiento se basa en el consentimiento proporcionado por el candidato al enviar su solicitud de empleo, as\u00ed como en las obligaciones precontractuales asumidas.<\/p>\n<p><strong>Plazo de conservaci\u00f3n<\/strong><\/p>\n<p>Los datos tratados para la gesti\u00f3n de candidaturas y procesos de selecci\u00f3n se conservar\u00e1n el tiempo necesario para completar el proceso de selecci\u00f3n. Si no eres seleccionado, tus datos podr\u00e1n mantenerse durante un per\u00edodo adicional de 24 meses para futuras oportunidades, siempre que des tu consentimiento para ello.<\/p>\n<p>&nbsp;<\/p>\n<p><strong>2.8 Comunicaciones comerciales a usuarios finales por medio electr\u00f3nico<\/strong><\/p>\n<p><strong>Finalidad<\/strong><\/p>\n<p data-start=\"275\" data-end=\"587\">Determinados servicios de lavander\u00eda de terceros ofrecen a sus clientes la posibilidad de realizar pagos a trav\u00e9s del sistema Sapphire de Girbau. Este sistema permite a los usuarios crear una cuenta de usuario, la cual puede utilizarse en cualquier lavander\u00eda que opere con el sistema Sapphire.<\/p>\n<p data-start=\"589\" data-end=\"1629\">En este sentido, Girbau tratar\u00e1 los datos de los usuarios registrados con el fin de (1) gestionar el registro de usuario y el mantenimiento de la cuenta, (2) proporcionar los m\u00e9todos de pago correspondientes, (3) realizar an\u00e1lisis estad\u00edsticos de uso y preferencias, que podr\u00e1n incluir la elaboraci\u00f3n de perfiles de usuario con el objetivo de adaptar ofertas o comunicaciones, sin que ello produzca efectos jur\u00eddicos ni de naturaleza similar para el interesado, (4) enviar comunicaciones comerciales relativas a los servicios de Girbau y de sus clientes, es decir, lavander\u00edas de terceros, sin que dichas lavander\u00edas tengan acceso en ning\u00fan momento a los datos de los usuarios, y (5) comunicar y compartir los datos de contacto de los usuarios con aquellas lavander\u00edas con las que el usuario haya interactuado. Si usted consiente la comunicaci\u00f3n de sus datos personales, dichos terceros podr\u00e1n facilitar su propia pol\u00edtica de privacidad que regir\u00e1 el tratamiento de sus datos para sus propios fines, la cual recomendamos leer detenidamente.<\/p>\n<p><strong>Comunicaciones de datos<\/strong><\/p>\n<p data-start=\"1631\" data-end=\"2127\">Con car\u00e1cter general, sus datos no se compartir\u00e1n con ning\u00fan tercero distinto de los proveedores de servicios de Girbau o, en su caso, de las entidades de pago seleccionadas por el usuario. Asimismo, si nos otorga su consentimiento en el momento del registro o al utilizar los servicios de una nueva lavander\u00eda, podremos transferir sus datos personales a dichas empresas exclusivamente con la finalidad de permitirles enviarle sus propias comunicaciones y ofertas.<\/p>\n<p data-start=\"2129\" data-end=\"2356\">En todos los casos, los datos \u00fanicamente se compartir\u00e1n con profesionales de lavander\u00edas autoservicio que hayan suscrito un acuerdo con Girbau S.A. que garantice que aplican est\u00e1ndares de privacidad equivalentes a los nuestros.<\/p>\n<p><strong>Base de legitimaci\u00f3n<\/strong><\/p>\n<p data-start=\"2358\" data-end=\"2687\">La base jur\u00eddica para las finalidades descritas anteriormente es el consentimiento del usuario, que podr\u00e1 otorgarse de manera separada para cada una de las finalidades (registro y gesti\u00f3n de la cuenta, recepci\u00f3n de comunicaciones comerciales y comunicaci\u00f3n de datos a terceros con fines publicitarios).<\/p>\n<p><strong>Plazo de conservaci\u00f3n<\/strong><\/p>\n<p data-start=\"2689\" data-end=\"3068\">Los datos relativos a su cuenta de usuario ser\u00e1n tratados y conservados mientras mantenga dicha cuenta o, en su defecto, durante el tiempo en que Girbau le considere un usuario activo o mantenga disponible el servicio Sapphire. Si consiente la comunicaci\u00f3n de sus datos, los terceros correspondientes podr\u00e1n aplicar sus propios plazos de conservaci\u00f3n.<\/p>\n<p>&nbsp;<\/p>\n\n\t\t\t\t\t\t\t<\/div>\n\t\t<\/div>\n\t<\/div>\n<\/div>\n\t\t\t\t\t\t\t\t\t\n\n<div class=\"accordion\" data-accordion>\n\t<button class=\"accordion__trigger\" aria-expanded=\"false\" data-accordion-trigger>\n\t\t<h3 class=\"accordion__title\">3. Comunicaciones de Datos<\/h3>\n\t\t<span class=\"accordion__icon\" aria-hidden=\"true\"><\/span>\n\t<\/button>\n\t<div class=\"accordion__content\" aria-hidden=\"true\">\n\t\t<div>\n\t\t\t<div class=\"accordion__inner\">\n\t\t\t\t\t\t\t\t\t<p data-start=\"3107\" data-end=\"3441\">Sin perjuicio de lo indicado en cada uno de los tratamientos anteriores, determinados proveedores que prestan servicios a nuestra empresa \u2014como el env\u00edo de comunicaciones, el almacenamiento de datos o la gesti\u00f3n del sitio web\u2014 podr\u00e1n acceder a los datos personales, sin que en ning\u00fan caso traten dichos datos para finalidades propias.<\/p>\n\n\t\t\t\t\t\t\t<\/div>\n\t\t<\/div>\n\t<\/div>\n<\/div>\n\t\t\t\t\t\t\t\t\t\n\n<div class=\"accordion\" data-accordion>\n\t<button class=\"accordion__trigger\" aria-expanded=\"false\" data-accordion-trigger>\n\t\t<h3 class=\"accordion__title\">4. Transferencias internacionales<\/h3>\n\t\t<span class=\"accordion__icon\" aria-hidden=\"true\"><\/span>\n\t<\/button>\n\t<div class=\"accordion__content\" aria-hidden=\"true\">\n\t\t<div>\n\t\t\t<div class=\"accordion__inner\">\n\t\t\t\t\t\t\t\t\t<p>Por norma general, procuramos tratar siempre los datos personales en Europa o el Espacio Econ\u00f3mico Europeo, asegurando el cumplimiento del RGPD tanto por nuestra parte como de nuestros proveedores de servicios, quienes tratan los datos en nuestro nombre y bajo nuestras instrucciones.<\/p>\n<p>Sin embargo, prestamos nuestros servicios globalmente, por lo que es posible que debamos tratar los datos en otros pa\u00edses, que pueden ofrecer o no las mismas garant\u00edas que el RGPD. En el supuesto que fuera necesario realizar transferencias internacionales desde la UE a pa\u00edses fuera de la UE que no cumplan con dichas garant\u00edas, nos comprometemos a llevarlas siempre a cabo asegurando que se protejan con las garant\u00edas oportunas, que podr\u00e1n incluir las (i) Cl\u00e1usulas Tipo aprobadas por la UE, (ii) Certificaciones de los terceros, (iii) Normas corporativas vinculantes o (iv) cualquier otro mecanismo v\u00e1lido de conformidad con la normativa o aprobado por las autoridades competentes.<\/p>\n\n\t\t\t\t\t\t\t<\/div>\n\t\t<\/div>\n\t<\/div>\n<\/div>\n\t\t\t\t\t\t\t\t\t\n\n<div class=\"accordion\" data-accordion>\n\t<button class=\"accordion__trigger\" aria-expanded=\"false\" data-accordion-trigger>\n\t\t<h3 class=\"accordion__title\">5. Derechos de los Interesados<\/h3>\n\t\t<span class=\"accordion__icon\" aria-hidden=\"true\"><\/span>\n\t<\/button>\n\t<div class=\"accordion__content\" aria-hidden=\"true\">\n\t\t<div>\n\t\t\t<div class=\"accordion__inner\">\n\t\t\t\t\t\t\t\t\t<p>Cuando nos proporcionas tus datos personales, tienes una serie de derechos que puedes ejercer en relaci\u00f3n con su tratamiento. A continuaci\u00f3n, se detallan tus derechos y c\u00f3mo puedes ejercerlos:<\/p>\n<ol>\n<li><strong>Acceso<\/strong>: Tienes derecho a acceder a tus datos personales y a solicitar la correcci\u00f3n de cualquier informaci\u00f3n que consideres inexacta.<\/li>\n<li><strong>Rectificaci\u00f3n:\u00a0<\/strong>Puedes solicitar la modificaci\u00f3n de tus datos personales cuando estos sean inexactos o incompletos, para garantizar que siempre est\u00e9n actualizados.<\/li>\n<li><strong>Supresi\u00f3n<\/strong>: Puedes solicitar la eliminaci\u00f3n de tus datos cuando ya no sean necesarios para los fines con los que fueron recopilados.<\/li>\n<li><strong>Limitaci\u00f3n<\/strong>: En determinadas circunstancias, tienes derecho a solicitar la limitaci\u00f3n del tratamiento de tus datos. En tal caso, los mantendremos \u00fanicamente para el ejercicio o la defensa de reclamaciones.<\/li>\n<li><strong>Oposici\u00f3n<\/strong>: Puedes oponerte al tratamiento de tus datos por motivos relacionados con tu situaci\u00f3n particular. Si decides ejercer este derecho, Girbau S.A. dejar\u00e1 de procesar tus datos, a menos que existan razones leg\u00edtimas que justifiquen su tratamiento o sean necesarios para la defensa de reclamaciones.<\/li>\n<li><strong>Portabilidad<\/strong>: Tienes derecho a solicitar la portabilidad de tus datos conforme a la normativa vigente.<\/li>\n<\/ol>\n<p>&nbsp;<\/p>\n<p>Si deseas ejercer alguno de estos derechos, puedes hacerlo contact\u00e1ndonos por correo electr\u00f3nico a\u00a0<a href=\"mailto:dataprotection@girbau.com\">dataprotection@girbau.com<\/a>\u00a0o enviando una carta a la siguiente direcci\u00f3n Carretera de Manlleu, km 1 08500 Vic, Barcelona. Aseg\u00farate de indicar &#8220;Protecci\u00f3n de Datos&#8221; en el sobre y de incluir tu nombre completo, as\u00ed como la direcci\u00f3n de correo electr\u00f3nico asociada a tu cuenta.<\/p>\n<p>Si consideras que tus derechos no han sido respetados, tienes la opci\u00f3n de presentar una reclamaci\u00f3n ante la Agencia Espa\u00f1ola de Protecci\u00f3n de Datos o ante otros organismos p\u00fablicos competentes en materia de protecci\u00f3n de datos personales.<\/p>\n\n\t\t\t\t\t\t\t<\/div>\n\t\t<\/div>\n\t<\/div>\n<\/div>\n\t\t\t\t\t\t\t<\/div>\n\t\t\n\t\t\t<\/div>\n<\/section>\n","protected":false},"excerpt":{"rendered":"<p>&nbsp;<\/p>\n","protected":false},"author":1,"featured_media":0,"parent":0,"menu_order":0,"comment_status":"closed","ping_status":"closed","template":"","meta":{"_acf_changed":false,"footnotes":""},"class_list":["post-793","page","type-page","status-publish","hentry"],"acf":[],"yoast_head":"<!-- This site is optimized with the Yoast SEO Premium plugin v26.8 (Yoast SEO v27.1.1) - https:\/\/yoast.com\/product\/yoast-seo-premium-wordpress\/ -->\n<title>Pol\u00edtica de Privacidad | Girbau M\u00e9xico<\/title>\n<meta name=\"description\" content=\"Girbau S.A. tratar\u00e1 los datos personales exclusivamente para gestionar y administrar el registro de usuarios en nuestro sitio web.\" \/>\n<meta name=\"robots\" content=\"noindex, follow\" \/>\n<meta property=\"og:locale\" content=\"es_MX\" \/>\n<meta property=\"og:type\" content=\"article\" \/>\n<meta property=\"og:title\" content=\"Pol\u00edtica de Privacidad\" \/>\n<meta property=\"og:description\" content=\"Girbau S.A. tratar\u00e1 los datos personales exclusivamente para gestionar y administrar el registro de usuarios en nuestro sitio web.\" \/>\n<meta property=\"og:url\" content=\"https:\/\/www.girbau.com\/es-mx\/politica-privacidad\/\" \/>\n<meta property=\"og:site_name\" content=\"Girbau MX\" \/>\n<meta property=\"article:modified_time\" content=\"2026-01-26T13:37:07+00:00\" \/>\n<meta name=\"twitter:card\" content=\"summary_large_image\" \/>\n<script type=\"application\/ld+json\" class=\"yoast-schema-graph\">{\"@context\":\"https:\/\/schema.org\",\"@graph\":[{\"@type\":\"WebPage\",\"@id\":\"https:\/\/www.girbau.com\/es-mx\/politica-privacidad\/\",\"url\":\"https:\/\/www.girbau.com\/es-mx\/politica-privacidad\/\",\"name\":\"Pol\u00edtica de Privacidad | Girbau M\u00e9xico\",\"isPartOf\":{\"@id\":\"https:\/\/www.girbau.com\/es-mx\/#website\"},\"datePublished\":\"2025-12-04T17:05:33+00:00\",\"dateModified\":\"2026-01-26T13:37:07+00:00\",\"description\":\"Girbau S.A. tratar\u00e1 los datos personales exclusivamente para gestionar y administrar el registro de usuarios en nuestro sitio web.\",\"breadcrumb\":{\"@id\":\"https:\/\/www.girbau.com\/es-mx\/politica-privacidad\/#breadcrumb\"},\"inLanguage\":\"es\",\"potentialAction\":[{\"@type\":\"ReadAction\",\"target\":[\"https:\/\/www.girbau.com\/es-mx\/politica-privacidad\/\"]}]},{\"@type\":\"BreadcrumbList\",\"@id\":\"https:\/\/www.girbau.com\/es-mx\/politica-privacidad\/#breadcrumb\",\"itemListElement\":[{\"@type\":\"ListItem\",\"position\":1,\"name\":\"Home\",\"item\":\"https:\/\/www.girbau.com\/es-mx\/\"},{\"@type\":\"ListItem\",\"position\":2,\"name\":\"Pol\u00edtica de Privacidad\"}]},{\"@type\":\"WebSite\",\"@id\":\"https:\/\/www.girbau.com\/es-mx\/#website\",\"url\":\"https:\/\/www.girbau.com\/es-mx\/\",\"name\":\"Girbau MX\",\"description\":\"\",\"potentialAction\":[{\"@type\":\"SearchAction\",\"target\":{\"@type\":\"EntryPoint\",\"urlTemplate\":\"https:\/\/www.girbau.com\/es-mx\/?s={search_term_string}\"},\"query-input\":{\"@type\":\"PropertyValueSpecification\",\"valueRequired\":true,\"valueName\":\"search_term_string\"}}],\"inLanguage\":\"es\"}]}<\/script>\n<!-- \/ Yoast SEO Premium plugin. -->","yoast_head_json":{"title":"Pol\u00edtica de Privacidad | Girbau M\u00e9xico","description":"Girbau S.A. tratar\u00e1 los datos personales exclusivamente para gestionar y administrar el registro de usuarios en nuestro sitio web.","robots":{"index":"noindex","follow":"follow"},"og_locale":"es_MX","og_type":"article","og_title":"Pol\u00edtica de Privacidad","og_description":"Girbau S.A. tratar\u00e1 los datos personales exclusivamente para gestionar y administrar el registro de usuarios en nuestro sitio web.","og_url":"https:\/\/www.girbau.com\/es-mx\/politica-privacidad\/","og_site_name":"Girbau MX","article_modified_time":"2026-01-26T13:37:07+00:00","twitter_card":"summary_large_image","schema":{"@context":"https:\/\/schema.org","@graph":[{"@type":"WebPage","@id":"https:\/\/www.girbau.com\/es-mx\/politica-privacidad\/","url":"https:\/\/www.girbau.com\/es-mx\/politica-privacidad\/","name":"Pol\u00edtica de Privacidad | Girbau M\u00e9xico","isPartOf":{"@id":"https:\/\/www.girbau.com\/es-mx\/#website"},"datePublished":"2025-12-04T17:05:33+00:00","dateModified":"2026-01-26T13:37:07+00:00","description":"Girbau S.A. tratar\u00e1 los datos personales exclusivamente para gestionar y administrar el registro de usuarios en nuestro sitio web.","breadcrumb":{"@id":"https:\/\/www.girbau.com\/es-mx\/politica-privacidad\/#breadcrumb"},"inLanguage":"es","potentialAction":[{"@type":"ReadAction","target":["https:\/\/www.girbau.com\/es-mx\/politica-privacidad\/"]}]},{"@type":"BreadcrumbList","@id":"https:\/\/www.girbau.com\/es-mx\/politica-privacidad\/#breadcrumb","itemListElement":[{"@type":"ListItem","position":1,"name":"Home","item":"https:\/\/www.girbau.com\/es-mx\/"},{"@type":"ListItem","position":2,"name":"Pol\u00edtica de Privacidad"}]},{"@type":"WebSite","@id":"https:\/\/www.girbau.com\/es-mx\/#website","url":"https:\/\/www.girbau.com\/es-mx\/","name":"Girbau MX","description":"","potentialAction":[{"@type":"SearchAction","target":{"@type":"EntryPoint","urlTemplate":"https:\/\/www.girbau.com\/es-mx\/?s={search_term_string}"},"query-input":{"@type":"PropertyValueSpecification","valueRequired":true,"valueName":"search_term_string"}}],"inLanguage":"es"}]}},"_links":{"self":[{"href":"https:\/\/www.girbau.com\/es-mx\/wp-json\/wp\/v2\/pages\/793","targetHints":{"allow":["GET"]}}],"collection":[{"href":"https:\/\/www.girbau.com\/es-mx\/wp-json\/wp\/v2\/pages"}],"about":[{"href":"https:\/\/www.girbau.com\/es-mx\/wp-json\/wp\/v2\/types\/page"}],"author":[{"embeddable":true,"href":"https:\/\/www.girbau.com\/es-mx\/wp-json\/wp\/v2\/users\/1"}],"replies":[{"embeddable":true,"href":"https:\/\/www.girbau.com\/es-mx\/wp-json\/wp\/v2\/comments?post=793"}],"version-history":[{"count":5,"href":"https:\/\/www.girbau.com\/es-mx\/wp-json\/wp\/v2\/pages\/793\/revisions"}],"predecessor-version":[{"id":1768,"href":"https:\/\/www.girbau.com\/es-mx\/wp-json\/wp\/v2\/pages\/793\/revisions\/1768"}],"wp:attachment":[{"href":"https:\/\/www.girbau.com\/es-mx\/wp-json\/wp\/v2\/media?parent=793"}],"curies":[{"name":"wp","href":"https:\/\/api.w.org\/{rel}","templated":true}]}}