{"id":49,"date":"2025-11-25T12:06:42","date_gmt":"2025-11-25T12:06:42","guid":{"rendered":"https:\/\/www.girbau.com\/fr-fr\/tendencias-girbau\/"},"modified":"2026-02-20T12:51:11","modified_gmt":"2026-02-20T11:51:11","slug":"tendances-girbau","status":"publish","type":"page","link":"https:\/\/www.girbau.com\/fr-fr\/tendances-girbau\/","title":{"rendered":"Tendances Girbau"},"content":{"rendered":"","protected":false},"excerpt":{"rendered":"","protected":false},"author":1,"featured_media":0,"parent":0,"menu_order":0,"comment_status":"closed","ping_status":"closed","template":"","meta":{"_acf_changed":false,"footnotes":""},"class_list":["post-49","page","type-page","status-publish","hentry"],"acf":{"page_tendencias_girbau_main_subtitle":"Toutes les derni\u00e8res actualit\u00e9s du secteur, ainsi que les nouveaut\u00e9s et informations de Girbau France, r\u00e9unies en un seul endroit.","page_tendencias_girbau_featured_featured_title":"","page_tendencias_girbau_featured_featured_posts":[814,810],"page_tendencias_girbau_content_blog_title":"Blog Girbau","page_tendencias_girbau_content_curated_title":"Les recommandations de nos experts","page_tendencias_girbau_content_news_title":"Les derni\u00e8res actualit\u00e9s de Girbau","page_tendencias_girbau_support_enabled":true,"page_tendencias_girbau_support_pretitle":"Assistance","page_tendencias_girbau_support_title":"Nous concevons avec vous la blanchisserie dont votre entreprise a besoin","page_tendencias_girbau_support_button_text":"Contactez un expert","page_tendencias_girbau_support_image":904,"page_tendencias_girbau_support_iframe_url":"https:\/\/go.girbau.com\/l\/1043681\/2025-12-08\/2gt6pj?language=fr&amp;Subsidiary=GFR&amp;Specific_industry_source=trends","page_tendencias_girbau_video_banner_enabled":false,"page_tendencias_girbau_video_banner_tag":"","page_tendencias_girbau_video_banner_title":"","page_tendencias_girbau_video_banner_description":"","page_tendencias_girbau_video_banner_button_label":"","page_tendencias_girbau_video_banner_button_action":"url","page_tendencias_girbau_video_banner_button_url":"","page_tendencias_girbau_video_banner_button_post":null,"page_tendencias_girbau_video_banner_button_file":null,"page_tendencias_girbau_video_banner_button_modal_url":"","page_tendencias_girbau_video_banner_button":"","page_tendencias_girbau_video_banner_src":"","page_tendencias_girbau_video_banner_small":"","page_tendencias_girbau_video_banner_medium":"","page_tendencias_girbau_video_banner_large":"","page_tendencias_girbau_video_banner_extra_large":"","page_tendencias_girbau_json_schema_json_schema":""},"yoast_head":"<!-- This site is optimized with the Yoast SEO Premium plugin v26.8 (Yoast SEO v27.1.1) - https:\/\/yoast.com\/product\/yoast-seo-premium-wordpress\/ -->\n<title>Tendances Girbau | Actualit\u00e9s du secteur de la blanchisserie<\/title>\n<meta name=\"description\" content=\"D\u00e9couvrez les derni\u00e8res tendances et actualit\u00e9s sur l\u2019efficacit\u00e9, l\u2019innovation et la durabilit\u00e9 dans les blanchisseries industrielles avec le blog de Girbau.\" \/>\n<meta name=\"robots\" content=\"index, follow, max-snippet:-1, max-image-preview:large, max-video-preview:-1\" \/>\n<link rel=\"canonical\" href=\"https:\/\/www.girbau.com\/fr-fr\/tendances-girbau\/\" \/>\n<meta property=\"og:locale\" content=\"fr_FR\" \/>\n<meta property=\"og:type\" content=\"article\" \/>\n<meta property=\"og:title\" content=\"Tendances Girbau\" \/>\n<meta property=\"og:description\" content=\"D\u00e9couvrez les derni\u00e8res tendances et actualit\u00e9s sur l\u2019efficacit\u00e9, l\u2019innovation et la durabilit\u00e9 dans les blanchisseries industrielles avec le blog de Girbau.\" \/>\n<meta property=\"og:url\" content=\"https:\/\/www.girbau.com\/fr-fr\/tendances-girbau\/\" \/>\n<meta property=\"og:site_name\" content=\"Girbau FR\" \/>\n<meta property=\"article:modified_time\" content=\"2026-02-20T11:51:11+00:00\" \/>\n<meta name=\"twitter:card\" content=\"summary_large_image\" \/>\n<script type=\"application\/ld+json\" class=\"yoast-schema-graph\">{\"@context\":\"https:\/\/schema.org\",\"@graph\":[{\"@type\":\"WebPage\",\"@id\":\"https:\/\/www.girbau.com\/fr-fr\/tendances-girbau\/\",\"url\":\"https:\/\/www.girbau.com\/fr-fr\/tendances-girbau\/\",\"name\":\"Tendances Girbau | Actualit\u00e9s du secteur de la blanchisserie\",\"isPartOf\":{\"@id\":\"https:\/\/www.girbau.com\/fr-fr\/#website\"},\"datePublished\":\"2025-11-25T12:06:42+00:00\",\"dateModified\":\"2026-02-20T11:51:11+00:00\",\"description\":\"D\u00e9couvrez les derni\u00e8res tendances et actualit\u00e9s sur l\u2019efficacit\u00e9, l\u2019innovation et la durabilit\u00e9 dans les blanchisseries industrielles avec le blog de Girbau.\",\"breadcrumb\":{\"@id\":\"https:\/\/www.girbau.com\/fr-fr\/tendances-girbau\/#breadcrumb\"},\"inLanguage\":\"fr-FR\",\"potentialAction\":[{\"@type\":\"ReadAction\",\"target\":[\"https:\/\/www.girbau.com\/fr-fr\/tendances-girbau\/\"]}]},{\"@type\":\"BreadcrumbList\",\"@id\":\"https:\/\/www.girbau.com\/fr-fr\/tendances-girbau\/#breadcrumb\",\"itemListElement\":[{\"@type\":\"ListItem\",\"position\":1,\"name\":\"Home\",\"item\":\"https:\/\/www.girbau.com\/fr-fr\/\"},{\"@type\":\"ListItem\",\"position\":2,\"name\":\"Tendances Girbau\"}]},{\"@type\":\"WebSite\",\"@id\":\"https:\/\/www.girbau.com\/fr-fr\/#website\",\"url\":\"https:\/\/www.girbau.com\/fr-fr\/\",\"name\":\"Girbau FR\",\"description\":\"\",\"potentialAction\":[{\"@type\":\"SearchAction\",\"target\":{\"@type\":\"EntryPoint\",\"urlTemplate\":\"https:\/\/www.girbau.com\/fr-fr\/?s={search_term_string}\"},\"query-input\":{\"@type\":\"PropertyValueSpecification\",\"valueRequired\":true,\"valueName\":\"search_term_string\"}}],\"inLanguage\":\"fr-FR\"}]}<\/script>\n<!-- \/ Yoast SEO Premium plugin. -->","yoast_head_json":{"title":"Tendances Girbau | Actualit\u00e9s du secteur de la blanchisserie","description":"D\u00e9couvrez les derni\u00e8res tendances et actualit\u00e9s sur l\u2019efficacit\u00e9, l\u2019innovation et la durabilit\u00e9 dans les blanchisseries industrielles avec le blog de Girbau.","robots":{"index":"index","follow":"follow","max-snippet":"max-snippet:-1","max-image-preview":"max-image-preview:large","max-video-preview":"max-video-preview:-1"},"canonical":"https:\/\/www.girbau.com\/fr-fr\/tendances-girbau\/","og_locale":"fr_FR","og_type":"article","og_title":"Tendances Girbau","og_description":"D\u00e9couvrez les derni\u00e8res tendances et actualit\u00e9s sur l\u2019efficacit\u00e9, l\u2019innovation et la durabilit\u00e9 dans les blanchisseries industrielles avec le blog de Girbau.","og_url":"https:\/\/www.girbau.com\/fr-fr\/tendances-girbau\/","og_site_name":"Girbau FR","article_modified_time":"2026-02-20T11:51:11+00:00","twitter_card":"summary_large_image","schema":{"@context":"https:\/\/schema.org","@graph":[{"@type":"WebPage","@id":"https:\/\/www.girbau.com\/fr-fr\/tendances-girbau\/","url":"https:\/\/www.girbau.com\/fr-fr\/tendances-girbau\/","name":"Tendances Girbau | Actualit\u00e9s du secteur de la blanchisserie","isPartOf":{"@id":"https:\/\/www.girbau.com\/fr-fr\/#website"},"datePublished":"2025-11-25T12:06:42+00:00","dateModified":"2026-02-20T11:51:11+00:00","description":"D\u00e9couvrez les derni\u00e8res tendances et actualit\u00e9s sur l\u2019efficacit\u00e9, l\u2019innovation et la durabilit\u00e9 dans les blanchisseries industrielles avec le blog de Girbau.","breadcrumb":{"@id":"https:\/\/www.girbau.com\/fr-fr\/tendances-girbau\/#breadcrumb"},"inLanguage":"fr-FR","potentialAction":[{"@type":"ReadAction","target":["https:\/\/www.girbau.com\/fr-fr\/tendances-girbau\/"]}]},{"@type":"BreadcrumbList","@id":"https:\/\/www.girbau.com\/fr-fr\/tendances-girbau\/#breadcrumb","itemListElement":[{"@type":"ListItem","position":1,"name":"Home","item":"https:\/\/www.girbau.com\/fr-fr\/"},{"@type":"ListItem","position":2,"name":"Tendances Girbau"}]},{"@type":"WebSite","@id":"https:\/\/www.girbau.com\/fr-fr\/#website","url":"https:\/\/www.girbau.com\/fr-fr\/","name":"Girbau FR","description":"","potentialAction":[{"@type":"SearchAction","target":{"@type":"EntryPoint","urlTemplate":"https:\/\/www.girbau.com\/fr-fr\/?s={search_term_string}"},"query-input":{"@type":"PropertyValueSpecification","valueRequired":true,"valueName":"search_term_string"}}],"inLanguage":"fr-FR"}]}},"_links":{"self":[{"href":"https:\/\/www.girbau.com\/fr-fr\/wp-json\/wp\/v2\/pages\/49","targetHints":{"allow":["GET"]}}],"collection":[{"href":"https:\/\/www.girbau.com\/fr-fr\/wp-json\/wp\/v2\/pages"}],"about":[{"href":"https:\/\/www.girbau.com\/fr-fr\/wp-json\/wp\/v2\/types\/page"}],"author":[{"embeddable":true,"href":"https:\/\/www.girbau.com\/fr-fr\/wp-json\/wp\/v2\/users\/1"}],"replies":[{"embeddable":true,"href":"https:\/\/www.girbau.com\/fr-fr\/wp-json\/wp\/v2\/comments?post=49"}],"version-history":[{"count":14,"href":"https:\/\/www.girbau.com\/fr-fr\/wp-json\/wp\/v2\/pages\/49\/revisions"}],"predecessor-version":[{"id":2214,"href":"https:\/\/www.girbau.com\/fr-fr\/wp-json\/wp\/v2\/pages\/49\/revisions\/2214"}],"acf:post":[{"embeddable":true,"href":"https:\/\/www.girbau.com\/fr-fr\/wp-json\/wp\/v2\/posts\/810"},{"embeddable":true,"href":"https:\/\/www.girbau.com\/fr-fr\/wp-json\/wp\/v2\/posts\/814"}],"wp:attachment":[{"href":"https:\/\/www.girbau.com\/fr-fr\/wp-json\/wp\/v2\/media?parent=49"}],"curies":[{"name":"wp","href":"https:\/\/api.w.org\/{rel}","templated":true}]}}