{"id":55,"date":"2025-11-25T12:06:42","date_gmt":"2025-11-25T12:06:42","guid":{"rendered":"https:\/\/www.girbau.com\/fr-fr\/aviso-legal\/"},"modified":"2026-01-26T14:41:58","modified_gmt":"2026-01-26T13:41:58","slug":"mentions-legales","status":"publish","type":"page","link":"https:\/\/www.girbau.com\/fr-fr\/mentions-legales\/","title":{"rendered":"Mentions l\u00e9gales"},"content":{"rendered":"\t\n\t\t\t\t\t\t\t\t\t\t\t\t\t\t\t\t\t\t\t\t\t\t\t\t\t\t\t\t\t\t\t\t\t\t\t\t\t\t\t\t\t\t\t\t\t\t\t\t\t\t\t\t\t\t\t\t\t\n\t\n\t\n\n<section class=\"module-grid\" >\n\t<div class=\"container\">\n\t\t\t\t\t\n\n<div class=\"section-header\">\n\t\t\t<div class=\"section-header__intro\">\n\t\t\t\n\n<div class=\"section-intro\">\n\t\n\t\t\t<div class=\"section-intro__container\">\n\t\t\t\t\t\t\t\t\t\t<h2 class=\"section-intro__title\">Mentions l\u00e9gales<\/h2>\n\t\t\t\t\t<\/div>\n\t\n\t\t\t\t\t\t\t\t<p class=\"section-intro__description\">\n\t\t\t\tConditions g\u00e9n\u00e9rales d\u2019acc\u00e8s, de navigation et de responsabilit\u00e9 du pr\u00e9sent site\n\t\t\t<\/p>\n\t\t\t\n\t\n\t<\/div>\n\t\t<\/div>\n\t\n\t<\/div>\n\t\t\n\t\t\t\t\t<div class=\"module-grid__content only-text\">\n\t\t\t\t\n\t\t\t<\/div>\n\t\t\n\t\t\t\t\t<div class=\"module-grid__content\" style=\"--columns: 1;\">\n\t\t\t\t\t\t\t\t\t\n\n<div class=\"accordion\" data-accordion>\n\t<button class=\"accordion__trigger\" aria-expanded=\"false\" data-accordion-trigger>\n\t\t<h3 class=\"accordion__title\">Girbau, S.A. Company information<\/h3>\n\t\t<span class=\"accordion__icon\" aria-hidden=\"true\"><\/span>\n\t<\/button>\n\t<div class=\"accordion__content\" aria-hidden=\"true\">\n\t\t<div>\n\t\t\t<div class=\"accordion__inner\">\n\t\t\t\t\t\t\t\t\t<p>Girbau, SA, sise dans la ville de Vic, et dont le si\u00e8ge social est fix\u00e9 Carretera de Manlleu, Km.1 (Espagne), T\u00e9l.\u00a0: +34 938861100,\u00a0<a href=\"mailto:girbau@girbau.com\">girbau@girbau.com<\/a>, soci\u00e9t\u00e9 inscrite \u00e0 la Chambre de Commerce et d&rsquo;Industrie (tome 32066, grand folio 162, petit folio B32798, folio 57, Tome 65) et titulaire du num\u00e9ro d&rsquo;identification fiscale A-08276438. Les informations pr\u00e9sent\u00e9es dans cette section sont conformes \u00e0 l&rsquo;article 10 du d\u00e9cret 34\/2002, du 11 juillet, sur les informations et les services des entreprises de commerce \u00e9lectronique.<\/p>\n\n\t\t\t\t\t\t\t<\/div>\n\t\t<\/div>\n\t<\/div>\n<\/div>\n\t\t\t\t\t\t\t\t\t\n\n<div class=\"accordion\" data-accordion>\n\t<button class=\"accordion__trigger\" aria-expanded=\"false\" data-accordion-trigger>\n\t\t<h3 class=\"accordion__title\">Propri\u00e9t\u00e9 intellectuelle et industrielle du contenu du Site Web<\/h3>\n\t\t<span class=\"accordion__icon\" aria-hidden=\"true\"><\/span>\n\t<\/button>\n\t<div class=\"accordion__content\" aria-hidden=\"true\">\n\t\t<div>\n\t\t\t<div class=\"accordion__inner\">\n\t\t\t\t\t\t\t\t\t<p>Tous les contenus publi\u00e9s sur le Site Web &#8211; sauf indication contraire expresse par une citation sp\u00e9cifique &#8211; appartiennent \u00e0 Girbau S.A. ou \u00e0 des tiers ayant autoris\u00e9 leur utilisation. Il s&rsquo;agit notamment de tous les textes, graphiques, interfaces, codes sources, photographies, vid\u00e9os, marques commerciales, logos, sons, chansons et illustrations et de tout autre mat\u00e9riel audiovisuel ou multim\u00e9dia. De m\u00eame, la conception, la structure, la s\u00e9lection, l&rsquo;expression, le style et l&rsquo;organisation de ces contenus sont prot\u00e9g\u00e9s par les droits de propri\u00e9t\u00e9 intellectuelle et industrielle correspondants.<\/p>\n<p>Girbau S.A. se r\u00e9serve le droit de modifier et d&rsquo;actualiser, sans pr\u00e9avis, le contenu, la configuration et la conception du Site Web, ainsi que de les \u00e9liminer et d&rsquo;en limiter ou d&rsquo;en interdire l&rsquo;acc\u00e8s de mani\u00e8re temporaire ou permanente.<\/p>\n<p>En tout \u00e9tat de cause, il est express\u00e9ment interdit, dans tous les cas, de reproduire, copier, communiquer au public, distribuer, modifier, transformer, supprimer, manipuler et utiliser de quelque mani\u00e8re que ce soit, avec ou sans but lucratif, \u00e0 des fins publicitaires, promotionnelles et\/ou commerciales, de tout ou partie de ce Site Web ou de l&rsquo;un de ses contenus, sans l&rsquo;autorisation \u00e9crite pr\u00e9alable et expresse de Girbau S.A.<\/p>\n<p>L&rsquo;acc\u00e8s \u00e0 ce Site Web ne signifie en aucun cas que l&rsquo;utilisateur obtienne une licence ou une autorisation de la part Girbau S.A. ou du titulaire des droits correspondants pour l&rsquo;utilisation, au-del\u00e0 de l&rsquo;usage strictement personnel, de tout contenu, information ou service existant sur le Site Web ou de tout droit y aff\u00e9rent, en particulier ceux de la propri\u00e9t\u00e9 intellectuelle et industrielle.<\/p>\n\n\t\t\t\t\t\t\t<\/div>\n\t\t<\/div>\n\t<\/div>\n<\/div>\n\t\t\t\t\t\t\t\t\t\n\n<div class=\"accordion\" data-accordion>\n\t<button class=\"accordion__trigger\" aria-expanded=\"false\" data-accordion-trigger>\n\t\t<h3 class=\"accordion__title\">Conditions d&rsquo;utilisation du Site Web<\/h3>\n\t\t<span class=\"accordion__icon\" aria-hidden=\"true\"><\/span>\n\t<\/button>\n\t<div class=\"accordion__content\" aria-hidden=\"true\">\n\t\t<div>\n\t\t\t<div class=\"accordion__inner\">\n\t\t\t\t\t\t\t\t\t<p>Les pr\u00e9sentes conditions d&rsquo;utilisation r\u00e9gissent l&rsquo;acc\u00e8s et l&rsquo;utilisation du Site Web par tous les utilisateurs, tant dans les zones librement accessibles que dans la zone priv\u00e9e r\u00e9serv\u00e9e \u00e0 ceux qui remplissent le formulaire d&rsquo;inscription correspondant.<\/p>\n<p>L&rsquo;acc\u00e8s et l&rsquo;utilisation de certains contenus du site sont gratuits, sauf indication contraire dans la configuration d&rsquo;un espace d&rsquo;acc\u00e8s priv\u00e9. Dans les deux cas, l&rsquo;utilisateur accepte sans r\u00e9serve les pr\u00e9sentes mentions l\u00e9gales, qui peuvent \u00eatre modifi\u00e9es \u00e0 tout moment et sans pr\u00e9avis.<\/p>\n<p>En cas d&rsquo;inscription via le formulaire d&rsquo;inscription, le compte utilisateur est prot\u00e9g\u00e9 par un mot de passe choisi par l&rsquo;utilisateur. L&rsquo;utilisateur s&rsquo;engage \u00e0 garder son mot de passe secret et \u00e0 le prot\u00e9ger contre toute utilisation non autoris\u00e9e par des tiers. Si un tiers acc\u00e8de \u00e0 ses identifiants d&rsquo;inscription, dont le mot de passe, ou les divulgue, l&rsquo;utilisateur est seul responsable de l&rsquo;utilisation des services ou du contenu du Site Web et des cons\u00e9quences qui en d\u00e9coulent. L&rsquo;utilisateur doit imm\u00e9diatement informer Girbau S.A. de tout acc\u00e8s non autoris\u00e9 \u00e0 son compte ou de toute violation de la s\u00e9curit\u00e9 dont il aurait connaissance.<\/p>\n<p>Girbau S.A. n&rsquo;est pas responsable vis-\u00e0-vis des utilisateurs de la divulgation de leurs donn\u00e9es personnelles \u00e0 des tiers, sauf pour des raisons directement imputables \u00e0 la soci\u00e9t\u00e9, ni de l&rsquo;utilisation que ces tiers font de ces donn\u00e9es.<\/p>\n<p>Girbau S.A. adopte les mesures techniques et organisationnelles n\u00e9cessaires pour garantir la protection ad\u00e9quate des donn\u00e9es personnelles des utilisateurs du Site Web et pour \u00e9viter leur alt\u00e9ration, perte, destruction, traitement ou acc\u00e8s non autoris\u00e9, conform\u00e9ment \u00e0 la r\u00e9glementation en vigueur en mati\u00e8re de protection des donn\u00e9es.<\/p>\n<p>L&rsquo;utilisateur s&rsquo;engage \u00e0 utiliser le Site Web, son contenu et\/ou ses services conform\u00e9ment au pr\u00e9sent avis juridique et uniquement \u00e0 des fins licites, dans le respect de la l\u00e9gislation applicable, des bonnes m\u0153urs et de l&rsquo;ordre public. Girbau S.A. se r\u00e9serve le droit de refuser ou de retirer l&rsquo;acc\u00e8s au Site Web et\/ou \u00e0 ses services, \u00e0 tout moment et sans pr\u00e9avis, \u00e0 tout utilisateur qui ne respecterait pas les dispositions des pr\u00e9sentes mentions l\u00e9gales, l\u00e9gislation ou les principes de bonne foi, de moralit\u00e9 et d&rsquo;ordre public.<\/p>\n<p>De m\u00eame, l&rsquo;utilisateur s&rsquo;engage express\u00e9ment \u00e0 ne pas d\u00e9truire, alt\u00e9rer, rendre inutilisables ni endommager les donn\u00e9es, programmes ou documents \u00e9lectroniques pr\u00e9sents sur le Site Web, \u00e0 ne pas entraver l&rsquo;acc\u00e8s des autres utilisateurs et \u00e0 ne pas r\u00e9aliser d&rsquo;actions qui endommagent, interrompent ou g\u00e9n\u00e8rent des erreurs sur le Site Web. L&rsquo;utilisateur s&rsquo;engage notamment \u00e0 ne pas introduire de programmes, de virus, de s\u00e9quences de caract\u00e8res, de macros ni tout autre dispositif causant ou pouvant causer des alt\u00e9rations sur le Site Web.<\/p>\n<p>Sauf indication contraire explicite, il est interdit de reproduire, copier, utiliser, distribuer, commercialiser, afficher publiquement ou effectuer toute autre activit\u00e9 utilisant tout ou partie du contenu du Site Web sans l&rsquo;autorisation \u00e9crite pr\u00e9alable de Girbau S.A.<\/p>\n\n\t\t\t\t\t\t\t<\/div>\n\t\t<\/div>\n\t<\/div>\n<\/div>\n\t\t\t\t\t\t\t\t\t\n\n<div class=\"accordion\" data-accordion>\n\t<button class=\"accordion__trigger\" aria-expanded=\"false\" data-accordion-trigger>\n\t\t<h3 class=\"accordion__title\">Responsabilit\u00e9<\/h3>\n\t\t<span class=\"accordion__icon\" aria-hidden=\"true\"><\/span>\n\t<\/button>\n\t<div class=\"accordion__content\" aria-hidden=\"true\">\n\t\t<div>\n\t\t\t<div class=\"accordion__inner\">\n\t\t\t\t\t\t\t\t\t<p>Girbau S.A. adopte les mesures n\u00e9cessaires, conform\u00e9ment \u00e0 l&rsquo;\u00e9tat de la technique, pour garantir le bon fonctionnement du Site Web. Toutefois,\u00a0Girbau S.A. n&rsquo;assume aucune responsabilit\u00e9 pour les dommages qui pourraient r\u00e9sulter de l&rsquo;utilisation de logiciels ou de contenus multim\u00e9dias pr\u00e9sent\u00e9s sur le Site Web en tant que service suppl\u00e9mentaire. Tous ces \u00e9l\u00e9ments sont pr\u00e9sent\u00e9s tels quels et, m\u00eame si Girbau S.A. est tenu de respecter les lois applicables en mati\u00e8re de propri\u00e9t\u00e9 intellectuelle, de droits des consommateurs ou de protection des donn\u00e9es, l&rsquo;utilisateur comprend que Girbau, S.A. n&rsquo;est pas responsable des erreurs ou des d\u00e9faillances imputables \u00e0 une mauvaise utilisation, \u00e0 des incompatibilit\u00e9s ou \u00e0 d&rsquo;autres causes ext\u00e9rieures.<\/p>\n<p>Girbau S.A. d\u00e9cline toute responsabilit\u00e9 en cas d&rsquo;utilisation incorrecte par l&rsquo;utilisateur, ainsi qu&rsquo;en cas de virus, de probl\u00e8mes de connexion ou de disponibilit\u00e9 du Site Web. L&rsquo;utilisateur est seul responsable de l&rsquo;usage qu&rsquo;il fait du Site Web et du contenu qu&rsquo;il reproduit.\u00a0Girbau S.A. n&rsquo;est pas responsable de la mauvaise utilisation du contenu, des erreurs de s\u00e9curit\u00e9 dues \u00e0 l&rsquo;utilisation d&rsquo;\u00e9quipements infect\u00e9s par des virus, du mauvais fonctionnement du navigateur ou des dommages r\u00e9sultant de probl\u00e8mes ind\u00e9pendants de sa volont\u00e9. Girbau S.A. a n\u00e9anmoins adopt\u00e9 des mesures raisonnables pour les \u00e9viter ce type d&rsquo;erreurs.<\/p>\n<p>Sur le Site Web, Girbau S.A. peut proposer des informations, des contenus et des services sur Internet par le biais de liens ou d&rsquo;hyperliens. Sauf indication contraire, Girbau S.A. ne contr\u00f4le pas ces contenus et l&rsquo;utilisateur assume l&rsquo;enti\u00e8re responsabilit\u00e9 de sa navigation s&rsquo;il suit lesdits liens et hyperliens. La pr\u00e9sence d&rsquo;un lien n&rsquo;implique aucune relation entre Girbau S.A. et le propri\u00e9taire du site li\u00e9, ni l&rsquo;acceptation de son contenu.<\/p>\n<p>Girbau S.A. se r\u00e9serve le droit d&rsquo;interdire ou de suspendre tout lien vers le Site Web, en particulier si l&rsquo;activit\u00e9 du site li\u00e9 est ill\u00e9gale.\u00a0Girbau S.A. n&rsquo;est pas responsable des \u00e9ventuelles violations des droits de propri\u00e9t\u00e9 intellectuelle ou industrielle caus\u00e9es par des contenus fournis par des tiers, ni des dommages que ceux-ci pourraient causer.<\/p>\n\n\t\t\t\t\t\t\t<\/div>\n\t\t<\/div>\n\t<\/div>\n<\/div>\n\t\t\t\t\t\t\t\t\t\n\n<div class=\"accordion\" data-accordion>\n\t<button class=\"accordion__trigger\" aria-expanded=\"false\" data-accordion-trigger>\n\t\t<h3 class=\"accordion__title\">Utilisation du mat\u00e9riel contenu dans ce Site Web<\/h3>\n\t\t<span class=\"accordion__icon\" aria-hidden=\"true\"><\/span>\n\t<\/button>\n\t<div class=\"accordion__content\" aria-hidden=\"true\">\n\t\t<div>\n\t\t\t<div class=\"accordion__inner\">\n\t\t\t\t\t\t\t\t\t<p>Girbau SA autorise \u00e0 visualiser et \u00e0 t\u00e9l\u00e9charger le contenu des pages web pour un usage personnel. Toutefois, il est interdit de reproduire, distribuer, modifier, afficher, utiliser comme base ou utiliser ce Site Web \u00e0 des fins commerciales sans l&rsquo;accord pr\u00e9alable de Girbau, SA.<\/p>\n<p>Girbau SA autorise le t\u00e9l\u00e9chargement d&rsquo;une copie sur ordinateur pour un usage personnel et non commercial et pour une consultation \u00e0 domicile.<\/p>\n\n\t\t\t\t\t\t\t<\/div>\n\t\t<\/div>\n\t<\/div>\n<\/div>\n\t\t\t\t\t\t\t\t\t\n\n<div class=\"accordion\" data-accordion>\n\t<button class=\"accordion__trigger\" aria-expanded=\"false\" data-accordion-trigger>\n\t\t<h3 class=\"accordion__title\">L\u00e9gislation et juridiction applicables<\/h3>\n\t\t<span class=\"accordion__icon\" aria-hidden=\"true\"><\/span>\n\t<\/button>\n\t<div class=\"accordion__content\" aria-hidden=\"true\">\n\t\t<div>\n\t\t\t<div class=\"accordion__inner\">\n\t\t\t\t\t\t\t\t\t<p>Dans les cas o\u00f9 la l\u00e9gislation en vigueur permet de soumettre volontairement la relation entre le propri\u00e9taire du Site Web et l&rsquo;utilisateur \u00e0 une juridiction sp\u00e9cifique, il est convenu que le Site Web est r\u00e9gi par la loi espagnole et que tout litige pouvant survenir en relation avec celui-ci sera soumis par les parties \u00e0 la juridiction et \u00e0 la comp\u00e9tence des cours et tribunaux de Barcelone, \u00e0 moins que l&rsquo;utilisateur ne soit consid\u00e9r\u00e9 comme un consommateur. Dans ce cas, les parties se soumettent aux cours et tribunaux du domicile de l&rsquo;utilisateur.<\/p>\n\n\t\t\t\t\t\t\t<\/div>\n\t\t<\/div>\n\t<\/div>\n<\/div>\n\t\t\t\t\t\t\t\t\t\n\n<div class=\"accordion\" data-accordion>\n\t<button class=\"accordion__trigger\" aria-expanded=\"false\" data-accordion-trigger>\n\t\t<h3 class=\"accordion__title\">Politique de confidentialit\u00e9<\/h3>\n\t\t<span class=\"accordion__icon\" aria-hidden=\"true\"><\/span>\n\t<\/button>\n\t<div class=\"accordion__content\" aria-hidden=\"true\">\n\t\t<div>\n\t\t\t<div class=\"accordion__inner\">\n\t\t\t\t\t\t\t\t\t<p>Vous pouvez obtenir des informations sur le traitement des donn\u00e9es personnelles sur le Site Web en vous r\u00e9f\u00e9rant \u00e0 notre\u00a0<a href=\"https:\/\/www.girbau.com\/fr-fr\/politique-de-confidentialite\/\">politique de confidentialit\u00e9<\/a>,\u00a0qui se trouve dans le pied de page du Site Web.<\/p>\n\n\t\t\t\t\t\t\t<\/div>\n\t\t<\/div>\n\t<\/div>\n<\/div>\n\t\t\t\t\t\t\t\t\t\n\n<div class=\"accordion\" data-accordion>\n\t<button class=\"accordion__trigger\" aria-expanded=\"false\" data-accordion-trigger>\n\t\t<h3 class=\"accordion__title\">Politique en mati\u00e8re de cookies<\/h3>\n\t\t<span class=\"accordion__icon\" aria-hidden=\"true\"><\/span>\n\t<\/button>\n\t<div class=\"accordion__content\" aria-hidden=\"true\">\n\t\t<div>\n\t\t\t<div class=\"accordion__inner\">\n\t\t\t\t\t\t\t\t\t<p>Vous trouverez des informations sur l&rsquo;utilisation des cookies sur le Site Web en consultant la\u00a0<a href=\"https:\/\/www.girbau.com\/fr-fr\/politique-de-cookies\/\">politique en mati\u00e8re de cookies<\/a>,\u00a0disponible dans le pied de page du Site Web.<\/p>\n\n\t\t\t\t\t\t\t<\/div>\n\t\t<\/div>\n\t<\/div>\n<\/div>\n\t\t\t\t\t\t\t<\/div>\n\t\t\n\t\t\t<\/div>\n<\/section>\n\n\n\n<p><\/p>\n","protected":false},"excerpt":{"rendered":"","protected":false},"author":1,"featured_media":0,"parent":0,"menu_order":0,"comment_status":"closed","ping_status":"closed","template":"","meta":{"_acf_changed":false,"footnotes":""},"class_list":["post-55","page","type-page","status-publish","hentry"],"acf":[],"yoast_head":"<!-- This site is optimized with the Yoast SEO Premium plugin v26.8 (Yoast SEO v27.1.1) - https:\/\/yoast.com\/product\/yoast-seo-premium-wordpress\/ -->\n<title>Mentions l\u00e9gales du site Girbau | Girbau<\/title>\n<meta name=\"description\" content=\"Conditions g\u00e9n\u00e9rales d\u2019acc\u00e8s, de navigation et de responsabilit\u00e9 du pr\u00e9sent site.\" \/>\n<meta name=\"robots\" content=\"noindex, follow\" \/>\n<meta property=\"og:locale\" content=\"fr_FR\" \/>\n<meta property=\"og:type\" content=\"article\" \/>\n<meta property=\"og:title\" content=\"Mentions l\u00e9gales\" \/>\n<meta property=\"og:description\" content=\"Conditions g\u00e9n\u00e9rales d\u2019acc\u00e8s, de navigation et de responsabilit\u00e9 du pr\u00e9sent site.\" \/>\n<meta property=\"og:url\" content=\"https:\/\/www.girbau.com\/fr-fr\/mentions-legales\/\" \/>\n<meta property=\"og:site_name\" content=\"Girbau FR\" \/>\n<meta property=\"article:modified_time\" content=\"2026-01-26T13:41:58+00:00\" \/>\n<meta name=\"twitter:card\" content=\"summary_large_image\" \/>\n<script type=\"application\/ld+json\" class=\"yoast-schema-graph\">{\"@context\":\"https:\/\/schema.org\",\"@graph\":[{\"@type\":\"WebPage\",\"@id\":\"https:\/\/www.girbau.com\/fr-fr\/mentions-legales\/\",\"url\":\"https:\/\/www.girbau.com\/fr-fr\/mentions-legales\/\",\"name\":\"Mentions l\u00e9gales du site Girbau | Girbau\",\"isPartOf\":{\"@id\":\"https:\/\/www.girbau.com\/fr-fr\/#website\"},\"datePublished\":\"2025-11-25T12:06:42+00:00\",\"dateModified\":\"2026-01-26T13:41:58+00:00\",\"description\":\"Conditions g\u00e9n\u00e9rales d\u2019acc\u00e8s, de navigation et de responsabilit\u00e9 du pr\u00e9sent site.\",\"breadcrumb\":{\"@id\":\"https:\/\/www.girbau.com\/fr-fr\/mentions-legales\/#breadcrumb\"},\"inLanguage\":\"fr-FR\",\"potentialAction\":[{\"@type\":\"ReadAction\",\"target\":[\"https:\/\/www.girbau.com\/fr-fr\/mentions-legales\/\"]}]},{\"@type\":\"BreadcrumbList\",\"@id\":\"https:\/\/www.girbau.com\/fr-fr\/mentions-legales\/#breadcrumb\",\"itemListElement\":[{\"@type\":\"ListItem\",\"position\":1,\"name\":\"Home\",\"item\":\"https:\/\/www.girbau.com\/fr-fr\/\"},{\"@type\":\"ListItem\",\"position\":2,\"name\":\"Mentions l\u00e9gales\"}]},{\"@type\":\"WebSite\",\"@id\":\"https:\/\/www.girbau.com\/fr-fr\/#website\",\"url\":\"https:\/\/www.girbau.com\/fr-fr\/\",\"name\":\"Girbau FR\",\"description\":\"\",\"potentialAction\":[{\"@type\":\"SearchAction\",\"target\":{\"@type\":\"EntryPoint\",\"urlTemplate\":\"https:\/\/www.girbau.com\/fr-fr\/?s={search_term_string}\"},\"query-input\":{\"@type\":\"PropertyValueSpecification\",\"valueRequired\":true,\"valueName\":\"search_term_string\"}}],\"inLanguage\":\"fr-FR\"}]}<\/script>\n<!-- \/ Yoast SEO Premium plugin. -->","yoast_head_json":{"title":"Mentions l\u00e9gales du site Girbau | Girbau","description":"Conditions g\u00e9n\u00e9rales d\u2019acc\u00e8s, de navigation et de responsabilit\u00e9 du pr\u00e9sent site.","robots":{"index":"noindex","follow":"follow"},"og_locale":"fr_FR","og_type":"article","og_title":"Mentions l\u00e9gales","og_description":"Conditions g\u00e9n\u00e9rales d\u2019acc\u00e8s, de navigation et de responsabilit\u00e9 du pr\u00e9sent site.","og_url":"https:\/\/www.girbau.com\/fr-fr\/mentions-legales\/","og_site_name":"Girbau FR","article_modified_time":"2026-01-26T13:41:58+00:00","twitter_card":"summary_large_image","schema":{"@context":"https:\/\/schema.org","@graph":[{"@type":"WebPage","@id":"https:\/\/www.girbau.com\/fr-fr\/mentions-legales\/","url":"https:\/\/www.girbau.com\/fr-fr\/mentions-legales\/","name":"Mentions l\u00e9gales du site Girbau | Girbau","isPartOf":{"@id":"https:\/\/www.girbau.com\/fr-fr\/#website"},"datePublished":"2025-11-25T12:06:42+00:00","dateModified":"2026-01-26T13:41:58+00:00","description":"Conditions g\u00e9n\u00e9rales d\u2019acc\u00e8s, de navigation et de responsabilit\u00e9 du pr\u00e9sent site.","breadcrumb":{"@id":"https:\/\/www.girbau.com\/fr-fr\/mentions-legales\/#breadcrumb"},"inLanguage":"fr-FR","potentialAction":[{"@type":"ReadAction","target":["https:\/\/www.girbau.com\/fr-fr\/mentions-legales\/"]}]},{"@type":"BreadcrumbList","@id":"https:\/\/www.girbau.com\/fr-fr\/mentions-legales\/#breadcrumb","itemListElement":[{"@type":"ListItem","position":1,"name":"Home","item":"https:\/\/www.girbau.com\/fr-fr\/"},{"@type":"ListItem","position":2,"name":"Mentions l\u00e9gales"}]},{"@type":"WebSite","@id":"https:\/\/www.girbau.com\/fr-fr\/#website","url":"https:\/\/www.girbau.com\/fr-fr\/","name":"Girbau FR","description":"","potentialAction":[{"@type":"SearchAction","target":{"@type":"EntryPoint","urlTemplate":"https:\/\/www.girbau.com\/fr-fr\/?s={search_term_string}"},"query-input":{"@type":"PropertyValueSpecification","valueRequired":true,"valueName":"search_term_string"}}],"inLanguage":"fr-FR"}]}},"_links":{"self":[{"href":"https:\/\/www.girbau.com\/fr-fr\/wp-json\/wp\/v2\/pages\/55","targetHints":{"allow":["GET"]}}],"collection":[{"href":"https:\/\/www.girbau.com\/fr-fr\/wp-json\/wp\/v2\/pages"}],"about":[{"href":"https:\/\/www.girbau.com\/fr-fr\/wp-json\/wp\/v2\/types\/page"}],"author":[{"embeddable":true,"href":"https:\/\/www.girbau.com\/fr-fr\/wp-json\/wp\/v2\/users\/1"}],"replies":[{"embeddable":true,"href":"https:\/\/www.girbau.com\/fr-fr\/wp-json\/wp\/v2\/comments?post=55"}],"version-history":[{"count":9,"href":"https:\/\/www.girbau.com\/fr-fr\/wp-json\/wp\/v2\/pages\/55\/revisions"}],"predecessor-version":[{"id":2161,"href":"https:\/\/www.girbau.com\/fr-fr\/wp-json\/wp\/v2\/pages\/55\/revisions\/2161"}],"wp:attachment":[{"href":"https:\/\/www.girbau.com\/fr-fr\/wp-json\/wp\/v2\/media?parent=55"}],"curies":[{"name":"wp","href":"https:\/\/api.w.org\/{rel}","templated":true}]}}