{"id":57,"date":"2025-11-25T12:06:42","date_gmt":"2025-11-25T12:06:42","guid":{"rendered":"https:\/\/www.girbau.com\/fr-fr\/cookies\/"},"modified":"2026-01-26T15:20:54","modified_gmt":"2026-01-26T14:20:54","slug":"politique-de-cookies","status":"publish","type":"page","link":"https:\/\/www.girbau.com\/fr-fr\/politique-de-cookies\/","title":{"rendered":"Politique de cookies"},"content":{"rendered":"\t\n\t\t\t\t\t\t\t\t\t\t\t\t\t\t\t\t\t\t\t\t\t\t\t\t\t\t\t\t\t\t\t\t\t\t\t\t\t\t\t\t\t\t\t\t\t\t\t\t\t\t\t\t\t\t\t\t\t\n\t\n\t\n\n<section class=\"module-grid\" >\n\t<div class=\"container\">\n\t\t\t\t\t\n\n<div class=\"section-header\">\n\t\t\t<div class=\"section-header__intro\">\n\t\t\t\n\n<div class=\"section-intro\">\n\t\n\t\t\t<div class=\"section-intro__container\">\n\t\t\t\t\t\t\t\t\t\t<h2 class=\"section-intro__title\">Politique de cookies du site web<\/h2>\n\t\t\t\t\t<\/div>\n\t\n\t\n\t\n\t<\/div>\n\t\t<\/div>\n\t\n\t<\/div>\n\t\t\n\t\t\t\t\t<div class=\"module-grid__content only-text\">\n\t\t\t\t<p>Girbau S.A. a mis en place cette politique pour informer les utilisateurs de l&#8217;emploi de cookies sur son Site Web (le \u00ab\u00a0Site web\u00a0\u00bb), de leur fonctionnement et de la mani\u00e8re dont on peut les configurer en fonction des pr\u00e9f\u00e9rences de chacun. Cela est conforme \u00e0 l&rsquo;article 22.1 de la loi espagnole 34\/2002, du 11 juillet, sur les services de la soci\u00e9t\u00e9 de l&rsquo;information et le commerce \u00e9lectronique (\u00ab\u00a0LSSI\u00a0\u00bb).<\/p>\n<p>Lorsque vous acc\u00e9dez \u00e0 notre Site Web pour la premi\u00e8re fois, nous vous informons de la pr\u00e9sence de nos propres cookies et de ceux de tiers au moyen d&rsquo;une note d&rsquo;information. Pour plus de d\u00e9tails sur la mani\u00e8re de r\u00e9gler les cookies que vous souhaitez installer dans les diff\u00e9rentes cat\u00e9gories que nous utilisons, vous pouvez consulter cette politique.<\/p>\n<p>Vous avez la possibilit\u00e9 d&rsquo;accepter, de s\u00e9lectionner ou de refuser les cookies en fonction des param\u00e8tres choisis. Ce faisant, vous consentez \u00e0 l&rsquo;installation de tous les cookies ou uniquement de ceux que vous avez choisis.<\/p>\n<p>Veuillez noter que certains cookies ne requi\u00e8rent pas votre consentement, car ils sont n\u00e9cessaires au fonctionnement du Site Web. Il s&rsquo;agit notamment des cookies techniques qui permettent la navigation, l&rsquo;utilisation des services disponibles, la gestion du trafic et la communication de donn\u00e9es, entre autres.<\/p>\n\n\t\t\t<\/div>\n\t\t\n\t\t\t\t\t<div class=\"module-grid__content\" style=\"--columns: 1;\">\n\t\t\t\t\t\t\t\t\t\n\n<div class=\"accordion\" data-accordion>\n\t<button class=\"accordion__trigger\" aria-expanded=\"false\" data-accordion-trigger>\n\t\t<h3 class=\"accordion__title\">Les cookies, qu&rsquo;est-ce que c&rsquo;est ?<\/h3>\n\t\t<span class=\"accordion__icon\" aria-hidden=\"true\"><\/span>\n\t<\/button>\n\t<div class=\"accordion__content\" aria-hidden=\"true\">\n\t\t<div>\n\t\t\t<div class=\"accordion__inner\">\n\t\t\t\t\t\t\t\t\t<p>Un cookie est un petit fichier texte qui est stock\u00e9 par le Site Web dans le navigateur de l&rsquo;utilisateur. Ces cookies facilitent la navigation et l&rsquo;utilisation du Site Web, sont n\u00e9cessaires au fonctionnement d&rsquo;Internet et pr\u00e9sentent de multiples avantages pour les services interactifs.<\/p>\n<p>Les cookies sont utilis\u00e9s, par exemple, pour g\u00e9rer la s\u00e9ance de l&rsquo;utilisateur, ce qui limite la n\u00e9cessit\u00e9 de saisir le mot de passe \u00e0 chaque fois. En outre, ils permettent de personnaliser le contenu de la page en fonction des pr\u00e9f\u00e9rences de l&rsquo;utilisateur, ce qui am\u00e9liore consid\u00e9rablement l&rsquo;exp\u00e9rience de navigation.<\/p>\n<p>Les cookies sont class\u00e9s en diff\u00e9rentes cat\u00e9gories\u00a0:<\/p>\n<p><strong>1. Par dur\u00e9e de stockage:<\/strong><\/p>\n<ul>\n<li><strong>Cookies de S\u00e9ance<\/strong>: Ils sont supprim\u00e9s d\u00e8s que l&rsquo;utilisateur quitte le Site Web.<\/li>\n<li><strong>Cookies Persistants<\/strong>: Ils restent stock\u00e9s sur votre dispositif pendant une dur\u00e9e d\u00e9termin\u00e9e.<\/li>\n<\/ul>\n<p><strong>2. Par entit\u00e9<\/strong>:<\/p>\n<ul>\n<li><strong>Cookies propri\u00e9taires<\/strong>: D\u00e9pos\u00e9s sur le dispositif de l&rsquo;utilisateur par un domaine g\u00e9r\u00e9 par Girbau S.A., lequel fournit le service demand\u00e9.<\/li>\n<li><strong>Third-party cookies:<\/strong> Proviennent d&rsquo;un domaine qui n&rsquo;est pas g\u00e9r\u00e9 par Girbau S.A. Parfois, ces cookies peuvent \u00eatre envoy\u00e9s par un domaine g\u00e9r\u00e9 par Girbau, S.A. mais trait\u00e9 par une autre entit\u00e9 \u00e0 des fins diff\u00e9rentes, comme c&rsquo;est le cas avec certains fournisseurs de services d&rsquo;analyse du Web, tels que Google.<\/li>\n<\/ul>\n<p>Pour plus d&rsquo;informations sur les cookies, veuillez consulter\u00a0<a href=\"http:\/\/www.allaboutcookies.org\/fr\">www.allaboutcookies.org\/fr<\/a>.<\/p>\n<p><em>\u00a0<\/em><em>Autres technologies similaires<\/em><\/p>\n<p>Outre les cookies, des technologies telles que les pixels de suivi ou les balises web peuvent \u00e9galement \u00eatre utilis\u00e9es.<\/p>\n<p>Les pixels sont de petits graphiques qui recueillent des informations sur l&rsquo;utilisation du Site Web, notamment le navigateur, l&rsquo;adresse IP et la fr\u00e9quence des visites. Ils sont utilis\u00e9s \u00e0 des fins d&rsquo;analyse et de publicit\u00e9, pour suivre des actions telles que les achats et l&rsquo;ouverture de la lettre d&rsquo;information.<\/p>\n<p>Nous pouvons \u00e9galement utiliser des \u00ab\u00a0empreintes digitales\u00a0\u00bb, qui v\u00e9rifient les param\u00e8tres techniques de l&rsquo;appareil de l&rsquo;utilisateur, tels que le navigateur, le syst\u00e8me d&rsquo;exploitation et la r\u00e9solution de l&rsquo;\u00e9cran. Ces informations sont utilis\u00e9es pour suivre l&rsquo;activit\u00e9 de l&rsquo;utilisateur et cr\u00e9er un profil.<\/p>\n\n\t\t\t\t\t\t\t<\/div>\n\t\t<\/div>\n\t<\/div>\n<\/div>\n\t\t\t\t\t\t\t\t\t\n\n<div class=\"accordion\" data-accordion>\n\t<button class=\"accordion__trigger\" aria-expanded=\"false\" data-accordion-trigger>\n\t\t<h3 class=\"accordion__title\">Quels cookies sont-ils utilis\u00e9s par Girbau S.A. ?<\/h3>\n\t\t<span class=\"accordion__icon\" aria-hidden=\"true\"><\/span>\n\t<\/button>\n\t<div class=\"accordion__content\" aria-hidden=\"true\">\n\t\t<div>\n\t\t\t<div class=\"accordion__inner\">\n\t\t\t\t\t\t\t\t\t<p>Notre Site Web utilise des cookies techniques, de pr\u00e9f\u00e9rence, analytiques et publicitaires. Vous serez inform\u00e9 de chaque type de cookie et vous saurez si les informations collect\u00e9es peuvent \u00eatre trait\u00e9es par des tiers en coresponsabilit\u00e9.<\/p>\n<p><strong>Cookies Techniques<\/strong><\/p>\n<p>Les cookies techniques sont indispensables pour naviguer sur le Site Web de Girbau S.A. et acc\u00e9der \u00e0 ses fonctions et services. Ces cookies facilitent le contr\u00f4le du trafic des donn\u00e9es, l&rsquo;identification de la s\u00e9ance, l&rsquo;acc\u00e8s aux zones restreintes, la gestion des commandes et des paiements, la pr\u00e9vention de la fraude et la participation \u00e0 des \u00e9v\u00e9nements.<\/p>\n<p>Ces cookies sont exempt\u00e9s des obligations de l&rsquo;article 22.2 de la LSSI tant qu&rsquo;ils sont utilis\u00e9s uniquement pour fournir le service demand\u00e9. Toutefois, s&rsquo;ils sont utilis\u00e9s \u00e0 des fins telles que la publicit\u00e9 comportementale, ils doivent respecter ces obligations.<\/p>\n<p>Comme ils sont essentiels au fonctionnement du site, il n&rsquo;est pas possible de les d\u00e9sactiver. Si vous choisissez de bloquer ces cookies dans votre navigateur (voir la section \u00ab\u00a0Comment g\u00e9rer les cookies\u00a0\u00bb ci-dessous), le site pourrait ne pas fonctionner correctement.<\/p>\n<p>Pour plus de d\u00e9tails\u00a0sur les cookies techniques que nous utilisons, nous vous invitons \u00e0 consulter le contenu int\u00e9gral de notre configurateur de cookies,\u00a0accessible en bas de page de notre Site Web.<\/p>\n<p><strong>Cookies de pr\u00e9f\u00e9rence<\/strong><\/p>\n<p>Les cookies de pr\u00e9f\u00e9rence permettent de m\u00e9moriser des informations qui am\u00e9liorent l&rsquo;exp\u00e9rience de l&rsquo;utilisateur, telles que la langue, le nombre de r\u00e9sultats de recherche, la pr\u00e9sentation du service en fonction du navigateur ou de la r\u00e9gion \u00e0 partir de laquelle vous y acc\u00e9dez.<\/p>\n<p>En r\u00e8gle g\u00e9n\u00e9rale, ils sont install\u00e9s lorsque l&rsquo;utilisateur effectue des actions sur le Site Web, comme la s\u00e9lection d&rsquo;une langue, et sont exempt\u00e9s du consentement requis par la LSSI, car ils sont consid\u00e9r\u00e9s comme un service demand\u00e9 par l&rsquo;utilisateur, \u00e0 condition qu&rsquo;ils ne soient pas utilis\u00e9s \u00e0 d&rsquo;autres fins.<\/p>\n<p>Pour plus de d\u00e9tails sur les cookies de pr\u00e9f\u00e9rence utilis\u00e9s, nous vous invitons \u00e0 consulter le contenu complet de notre configurateur de cookies, accessible dans le pied de page de notre Site Web.<\/p>\n<p><strong>Cookies Analytiques<\/strong><\/p>\n<p>Les cookies analytiques nous permettent de suivre et d&rsquo;analyser le comportement des utilisateurs sur nos sites web. Ils collectent des donn\u00e9es telles que le nombre de pages visit\u00e9es, la langue, la fr\u00e9quence des visites, le temps pass\u00e9 dans chaque section et l&rsquo;efficacit\u00e9 des publicit\u00e9s.<\/p>\n<p>Les informations collect\u00e9es, par nous-m\u00eames ou par des tiers, nous aident \u00e0 quantifier le nombre d&rsquo;utilisateurs et \u00e0 effectuer des analyses statistiques sur la mani\u00e8re dont ils utilisent notre Site Web. Cela nous permet d&rsquo;am\u00e9liorer notre offre de produits et de services en analysant l&rsquo;origine des visites, le contenu consult\u00e9 et le temps pass\u00e9 \u00e0 naviguer.<\/p>\n<p>Pour plus de d\u00e9tails sur les cookies analytiques utilis\u00e9s, nous vous invitons \u00e0 consulter le contenu complet de notre configurateur de cookies, accessible dans le pied de page de notre Site Web.<\/p>\n<p><strong>Cookies Publicitaires<\/strong><\/p>\n<p>Les cookies publicitaires stockent des informations sur le comportement des utilisateurs en observant leurs habitudes de navigation, ce qui permet de cr\u00e9er un profil afin d&rsquo;afficher des publicit\u00e9s personnalis\u00e9es.<\/p>\n<p>Ils sont g\u00e9n\u00e9ralement g\u00e9r\u00e9s par des tiers qui administrent les espaces publicitaires de notre Site Web et d&rsquo;autres sites. Ces cookies nous aident \u00e0 mesurer l&rsquo;efficacit\u00e9 de nos campagnes, \u00e0 diffuser des publicit\u00e9s pertinentes et \u00e0 limiter la quantit\u00e9 de publicit\u00e9 re\u00e7ue par chaque utilisateur.<\/p>\n<p>Certains gestionnaires de publicit\u00e9 peuvent utiliser des cookies anonymes pour afficher des publicit\u00e9s int\u00e9ressantes sur d&rsquo;autres sites en croisant les informations de navigation.<\/p>\n<p>Pour plus de d\u00e9tails sur les cookies analytiques utilis\u00e9s, nous vous invitons \u00e0 consulter le contenu complet de notre configurateur de cookies, accessible dans le pied de page de notre Site Web.<\/p>\n\n\t\t\t\t\t\t\t<\/div>\n\t\t<\/div>\n\t<\/div>\n<\/div>\n\t\t\t\t\t\t\t\t\t\n\n<div class=\"accordion\" data-accordion>\n\t<button class=\"accordion__trigger\" aria-expanded=\"false\" data-accordion-trigger>\n\t\t<h3 class=\"accordion__title\">Qui utilise les donn\u00e9es des cookies ?<\/h3>\n\t\t<span class=\"accordion__icon\" aria-hidden=\"true\"><\/span>\n\t<\/button>\n\t<div class=\"accordion__content\" aria-hidden=\"true\">\n\t\t<div>\n\t\t\t<div class=\"accordion__inner\">\n\t\t\t\t\t\t\t\t\t<p>Vous trouverez plus d&rsquo;informations sur l&rsquo;utilisation des donn\u00e9es des cookies dans le configurateur de cookies, accessible dans le pied de page de notre Site Web.<\/p>\n\n\t\t\t\t\t\t\t<\/div>\n\t\t<\/div>\n\t<\/div>\n<\/div>\n\t\t\t\t\t\t\t\t\t\n\n<div class=\"accordion\" data-accordion>\n\t<button class=\"accordion__trigger\" aria-expanded=\"false\" data-accordion-trigger>\n\t\t<h3 class=\"accordion__title\">O\u00f9 vos donn\u00e9es sont-elles trait\u00e9es ?<\/h3>\n\t\t<span class=\"accordion__icon\" aria-hidden=\"true\"><\/span>\n\t<\/button>\n\t<div class=\"accordion__content\" aria-hidden=\"true\">\n\t\t<div>\n\t\t\t<div class=\"accordion__inner\">\n\t\t\t\t\t\t\t\t\t<p>En r\u00e8gle g\u00e9n\u00e9rale, nous nous effor\u00e7ons de toujours traiter les donn\u00e9es \u00e0 caract\u00e8re personnel en Europe ou dans l&rsquo;Espace \u00e9conomique europ\u00e9en, en veillant au respect du RGPD par nous-m\u00eames et par nos prestataires de services, qui traitent les donn\u00e9es en notre nom et selon nos instructions.<\/p>\n<p>Cependant, nous fournissons nos services dans le monde entier et il se peut que certaines donn\u00e9es soient trait\u00e9es dans d&rsquo;autres pays, qui peuvent ou non offrir les m\u00eames garanties que le RGPD. Dans le cas o\u00f9 il est n\u00e9cessaire d&rsquo;effectuer des transferts internationaux de l&rsquo;UE vers des pays hors UE qui ne respectent pas ces garanties, nous nous engageons \u00e0 toujours effectuer ces transferts en veillant \u00e0 ce qu&rsquo;ils soient prot\u00e9g\u00e9s par des garanties appropri\u00e9es, qui peuvent inclure (i) des clauses types approuv\u00e9es par l&rsquo;UE, (ii) des certifications de tiers, (iii) des r\u00e8gles d&rsquo;entreprise contraignantes, ou (iv) tout autre m\u00e9canisme valide et conforme \u00e0 la r\u00e9glementation ou approuv\u00e9 par les autorit\u00e9s comp\u00e9tentes.<\/p>\n\n\t\t\t\t\t\t\t<\/div>\n\t\t<\/div>\n\t<\/div>\n<\/div>\n\t\t\t\t\t\t\t\t\t\n\n<div class=\"accordion\" data-accordion>\n\t<button class=\"accordion__trigger\" aria-expanded=\"false\" data-accordion-trigger>\n\t\t<h3 class=\"accordion__title\">Combien de temps les informations sont-elles conserv\u00e9es ?          <\/h3>\n\t\t<span class=\"accordion__icon\" aria-hidden=\"true\"><\/span>\n\t<\/button>\n\t<div class=\"accordion__content\" aria-hidden=\"true\">\n\t\t<div>\n\t\t\t<div class=\"accordion__inner\">\n\t\t\t\t\t\t\t\t\t<p>Les dur\u00e9es de conservation des informations obtenues par le biais des cookies sont pr\u00e9cis\u00e9es dans le configurateur de cookies, accessible dans le pied de page de notre Site Web.<\/p>\n\n\t\t\t\t\t\t\t<\/div>\n\t\t<\/div>\n\t<\/div>\n<\/div>\n\t\t\t\t\t\t\t\t\t\n\n<div class=\"accordion\" data-accordion>\n\t<button class=\"accordion__trigger\" aria-expanded=\"false\" data-accordion-trigger>\n\t\t<h3 class=\"accordion__title\">Comment g\u00e9rer les cookies ?<\/h3>\n\t\t<span class=\"accordion__icon\" aria-hidden=\"true\"><\/span>\n\t<\/button>\n\t<div class=\"accordion__content\" aria-hidden=\"true\">\n\t\t<div>\n\t\t\t<div class=\"accordion__inner\">\n\t\t\t\t\t\t\t\t\t<p>Lorsque vous visitez notre Site Web pour la premi\u00e8re fois, nous vous offrons la possibilit\u00e9 de configurer les cookies que vous souhaitez installer ou rejeter. Vous pouvez refuser l&rsquo;installation de toute cat\u00e9gorie de cookies \u00e0 l&rsquo;exception des cookies techniques, qui sont n\u00e9cessaires au bon fonctionnement du Site Web.<\/p>\n<p>Si, par l&rsquo;interm\u00e9diaire du gestionnaire de cookies, vous avez accept\u00e9 d&rsquo;installer certains cookies que vous souhaitez par la suite rejeter et que le m\u00eame gestionnaire de cookies vous permet de le faire, vous pouvez modifier votre s\u00e9lection initiale ou les reconfigurer.<\/p>\n<p>Si, en revanche, votre gestionnaire de cookies ne vous permet pas de les reconfigurer, l&rsquo;utilisateur aura la possibilit\u00e9 \u00e0 tout moment d&rsquo;accepter ou de refuser l&rsquo;installation de cookies ou de refuser l&rsquo;installation d&rsquo;un certain type de cookies en modifiant les pr\u00e9f\u00e9rences de son navigateur web.<\/p>\n<p>Par l&rsquo;interm\u00e9diaire de son navigateur web, l&rsquo;utilisateur peut\u00a0:<\/p>\n<ul>\n<li>Activer la navigation priv\u00e9e, qui permet \u00e0 votre navigateur de ne plus enregistrer l&rsquo;historique de votre navigation, les mots de passe des sites web, les cookies et autres informations provenant des pages que vous visitez, ou<\/li>\n<li>Activer la fonction \u00ab ne pas suivre \u00bb, par laquelle votre navigateur demande aux sites web que vous visitez de ne pas suivre vos habitudes de navigation afin, par exemple, de vous proposer des publicit\u00e9s qui vous int\u00e9ressent sur les sites que vous visitez<\/li>\n<\/ul>\n<p>Veuillez noter que le blocage des cookies peut affecter tout ou partie des fonctionnalit\u00e9s de notre Site Web. Pour votre commodit\u00e9, nous fournissons ci-dessous des liens pour vous aider \u00e0 configurer les cookies dans les principaux navigateurs\u00a0:<\/p>\n<ul>\n<li>Microsoft Internet Explorer: <a href=\"https:\/\/support.microsoft.com\/fr-fr\/windows\/g\u00e9rer-les-cookies-dans-microsoft-edge-afficher-autoriser-bloquer-supprimer-et-utiliser-168dab11-0753-043d-7c16-ede5947fc64d\">https:\/\/support.microsoft.com\/fr-fr\/windows\/g\u00e9rer-les-cookies-dans-microsoft-edge-afficher-autoriser-bloquer-supprimer-et-utiliser-168dab11-0753-043d-7c16-ede5947fc64d<\/a><\/li>\n<li>Apple Safari: <a href=\"https:\/\/support.apple.com\/fr-fr\/guide\/safari\/sfri11471\/mac\">https:\/\/support.apple.com\/fr-fr\/guide\/safari\/sfri11471\/mac<\/a><\/li>\n<li>Google Chrome: <a href=\"https:\/\/support.google.com\/chrome\/answer\/95647?hl=fr\">https:\/\/support.google.com\/chrome\/answer\/95647?hl=fr<\/a><\/li>\n<li>Mozilla Firefox: <a href=\"https:\/\/support.mozilla.org\/fr\/kb\/protection-renforcee-contre-pistage-firefox-ordinateur\">https:\/\/support.mozilla.org\/fr\/kb\/protection-renforcee-contre-pistage-firefox-ordinateur<\/a><\/li>\n<\/ul>\n<p>Les liens sont susceptibles d&rsquo;\u00eatre modifi\u00e9s par les d\u00e9veloppeurs des navigateurs. Girbau S.A. s&rsquo;efforce de maintenir la liste \u00e0 jour, mais si un lien ne fonctionne pas, vous pouvez consulter le menu \u00ab\u00a0Aide\u00a0\u00bb de votre navigateur pour plus d&rsquo;informations.<\/p>\n<p>Si vous supprimez les cookies de votre navigateur, vous risquez de perdre vos pr\u00e9f\u00e9rences en mati\u00e8re de rejet et devrez les d\u00e9sactiver \u00e0 nouveau.<\/p>\n<p>En outre, vous pouvez installer un logiciel ou un plug-in dans votre navigateur, connu sous le nom de \u00ab\u00a0Do Not Track\u00a0\u00bb (DNT), pour contr\u00f4ler les cookies que vous souhaitez activer.<\/p>\n\n\t\t\t\t\t\t\t<\/div>\n\t\t<\/div>\n\t<\/div>\n<\/div>\n\t\t\t\t\t\t\t\t\t\n\n<div class=\"accordion\" data-accordion>\n\t<button class=\"accordion__trigger\" aria-expanded=\"false\" data-accordion-trigger>\n\t\t<h3 class=\"accordion__title\">Informations compl\u00e9mentaires<\/h3>\n\t\t<span class=\"accordion__icon\" aria-hidden=\"true\"><\/span>\n\t<\/button>\n\t<div class=\"accordion__content\" aria-hidden=\"true\">\n\t\t<div>\n\t\t\t<div class=\"accordion__inner\">\n\t\t\t\t\t\t\t\t\t<p>Pour un compl\u00e9ment d&rsquo;informations sur la mani\u00e8re dont vous pouvez exercer vos droits d&rsquo;acc\u00e8s, de rectification, d&rsquo;effacement, de limitation du traitement et de portabilit\u00e9 ou toute autre question relative au traitement des donn\u00e9es que nous effectuons par l&rsquo;utilisation de cookies, veuillez consulter la\u00a0<a href=\"https:\/\/www.girbau.com\/fr-fr\/solutions\/public-and-private-institutions\" rel=\"noopener\"><u>politique de confidentialit\u00e9\u00a0<\/u><\/a>\u00a0de notre Site Web.<\/p>\n\n\t\t\t\t\t\t\t<\/div>\n\t\t<\/div>\n\t<\/div>\n<\/div>\n\t\t\t\t\t\t\t\t\t\n\n<div class=\"accordion\" data-accordion>\n\t<button class=\"accordion__trigger\" aria-expanded=\"false\" data-accordion-trigger>\n\t\t<h3 class=\"accordion__title\">Mise \u00e0 jour de la politique en mati\u00e8re de cookies<\/h3>\n\t\t<span class=\"accordion__icon\" aria-hidden=\"true\"><\/span>\n\t<\/button>\n\t<div class=\"accordion__content\" aria-hidden=\"true\">\n\t\t<div>\n\t\t\t<div class=\"accordion__inner\">\n\t\t\t\t\t\t\t\t\t<p>La pr\u00e9sente\u00a0politique en mati\u00e8re de cookies peut \u00eatre\u00a0modifi\u00e9e ou mise \u00e0 jour \u00e0 tout moment. Nous vous recommandons donc de la consulter chaque fois que vous acc\u00e9dez \u00e0 ce Site Web.<\/p>\n\n\t\t\t\t\t\t\t<\/div>\n\t\t<\/div>\n\t<\/div>\n<\/div>\n\t\t\t\t\t\t\t<\/div>\n\t\t\n\t\t\t<\/div>\n<\/section>\n\n\n<\/p>","protected":false},"excerpt":{"rendered":"","protected":false},"author":1,"featured_media":0,"parent":0,"menu_order":0,"comment_status":"closed","ping_status":"closed","template":"","meta":{"_acf_changed":false,"footnotes":""},"class_list":["post-57","page","type-page","status-publish","hentry"],"acf":[],"yoast_head":"<!-- This site is optimized with the Yoast SEO Premium plugin v26.8 (Yoast SEO v27.1.1) - https:\/\/yoast.com\/product\/yoast-seo-premium-wordpress\/ -->\n<title>Politique de cookies | Girbau<\/title>\n<meta name=\"description\" content=\"Chez Girbau S.A., nous avons \u00e9labor\u00e9 la pr\u00e9sente politique afin de vous informer de l\u2019utilisation des cookies sur notre site web.\" \/>\n<meta name=\"robots\" content=\"noindex, follow\" \/>\n<meta property=\"og:locale\" content=\"fr_FR\" \/>\n<meta property=\"og:type\" content=\"article\" \/>\n<meta property=\"og:title\" content=\"Politique de cookies\" \/>\n<meta property=\"og:description\" content=\"Chez Girbau S.A., nous avons \u00e9labor\u00e9 la pr\u00e9sente politique afin de vous informer de l\u2019utilisation des cookies sur notre site web.\" \/>\n<meta property=\"og:url\" content=\"https:\/\/www.girbau.com\/fr-fr\/politique-de-cookies\/\" \/>\n<meta property=\"og:site_name\" content=\"Girbau FR\" \/>\n<meta property=\"article:modified_time\" content=\"2026-01-26T14:20:54+00:00\" \/>\n<meta name=\"twitter:card\" content=\"summary_large_image\" \/>\n<script type=\"application\/ld+json\" class=\"yoast-schema-graph\">{\"@context\":\"https:\/\/schema.org\",\"@graph\":[{\"@type\":\"WebPage\",\"@id\":\"https:\/\/www.girbau.com\/fr-fr\/politique-de-cookies\/\",\"url\":\"https:\/\/www.girbau.com\/fr-fr\/politique-de-cookies\/\",\"name\":\"Politique de cookies | Girbau\",\"isPartOf\":{\"@id\":\"https:\/\/www.girbau.com\/fr-fr\/#website\"},\"datePublished\":\"2025-11-25T12:06:42+00:00\",\"dateModified\":\"2026-01-26T14:20:54+00:00\",\"description\":\"Chez Girbau S.A., nous avons \u00e9labor\u00e9 la pr\u00e9sente politique afin de vous informer de l\u2019utilisation des cookies sur notre site web.\",\"breadcrumb\":{\"@id\":\"https:\/\/www.girbau.com\/fr-fr\/politique-de-cookies\/#breadcrumb\"},\"inLanguage\":\"fr-FR\",\"potentialAction\":[{\"@type\":\"ReadAction\",\"target\":[\"https:\/\/www.girbau.com\/fr-fr\/politique-de-cookies\/\"]}]},{\"@type\":\"BreadcrumbList\",\"@id\":\"https:\/\/www.girbau.com\/fr-fr\/politique-de-cookies\/#breadcrumb\",\"itemListElement\":[{\"@type\":\"ListItem\",\"position\":1,\"name\":\"Home\",\"item\":\"https:\/\/www.girbau.com\/fr-fr\/\"},{\"@type\":\"ListItem\",\"position\":2,\"name\":\"Politique de cookies\"}]},{\"@type\":\"WebSite\",\"@id\":\"https:\/\/www.girbau.com\/fr-fr\/#website\",\"url\":\"https:\/\/www.girbau.com\/fr-fr\/\",\"name\":\"Girbau FR\",\"description\":\"\",\"potentialAction\":[{\"@type\":\"SearchAction\",\"target\":{\"@type\":\"EntryPoint\",\"urlTemplate\":\"https:\/\/www.girbau.com\/fr-fr\/?s={search_term_string}\"},\"query-input\":{\"@type\":\"PropertyValueSpecification\",\"valueRequired\":true,\"valueName\":\"search_term_string\"}}],\"inLanguage\":\"fr-FR\"}]}<\/script>\n<!-- \/ Yoast SEO Premium plugin. -->","yoast_head_json":{"title":"Politique de cookies | Girbau","description":"Chez Girbau S.A., nous avons \u00e9labor\u00e9 la pr\u00e9sente politique afin de vous informer de l\u2019utilisation des cookies sur notre site web.","robots":{"index":"noindex","follow":"follow"},"og_locale":"fr_FR","og_type":"article","og_title":"Politique de cookies","og_description":"Chez Girbau S.A., nous avons \u00e9labor\u00e9 la pr\u00e9sente politique afin de vous informer de l\u2019utilisation des cookies sur notre site web.","og_url":"https:\/\/www.girbau.com\/fr-fr\/politique-de-cookies\/","og_site_name":"Girbau FR","article_modified_time":"2026-01-26T14:20:54+00:00","twitter_card":"summary_large_image","schema":{"@context":"https:\/\/schema.org","@graph":[{"@type":"WebPage","@id":"https:\/\/www.girbau.com\/fr-fr\/politique-de-cookies\/","url":"https:\/\/www.girbau.com\/fr-fr\/politique-de-cookies\/","name":"Politique de cookies | Girbau","isPartOf":{"@id":"https:\/\/www.girbau.com\/fr-fr\/#website"},"datePublished":"2025-11-25T12:06:42+00:00","dateModified":"2026-01-26T14:20:54+00:00","description":"Chez Girbau S.A., nous avons \u00e9labor\u00e9 la pr\u00e9sente politique afin de vous informer de l\u2019utilisation des cookies sur notre site web.","breadcrumb":{"@id":"https:\/\/www.girbau.com\/fr-fr\/politique-de-cookies\/#breadcrumb"},"inLanguage":"fr-FR","potentialAction":[{"@type":"ReadAction","target":["https:\/\/www.girbau.com\/fr-fr\/politique-de-cookies\/"]}]},{"@type":"BreadcrumbList","@id":"https:\/\/www.girbau.com\/fr-fr\/politique-de-cookies\/#breadcrumb","itemListElement":[{"@type":"ListItem","position":1,"name":"Home","item":"https:\/\/www.girbau.com\/fr-fr\/"},{"@type":"ListItem","position":2,"name":"Politique de cookies"}]},{"@type":"WebSite","@id":"https:\/\/www.girbau.com\/fr-fr\/#website","url":"https:\/\/www.girbau.com\/fr-fr\/","name":"Girbau FR","description":"","potentialAction":[{"@type":"SearchAction","target":{"@type":"EntryPoint","urlTemplate":"https:\/\/www.girbau.com\/fr-fr\/?s={search_term_string}"},"query-input":{"@type":"PropertyValueSpecification","valueRequired":true,"valueName":"search_term_string"}}],"inLanguage":"fr-FR"}]}},"_links":{"self":[{"href":"https:\/\/www.girbau.com\/fr-fr\/wp-json\/wp\/v2\/pages\/57","targetHints":{"allow":["GET"]}}],"collection":[{"href":"https:\/\/www.girbau.com\/fr-fr\/wp-json\/wp\/v2\/pages"}],"about":[{"href":"https:\/\/www.girbau.com\/fr-fr\/wp-json\/wp\/v2\/types\/page"}],"author":[{"embeddable":true,"href":"https:\/\/www.girbau.com\/fr-fr\/wp-json\/wp\/v2\/users\/1"}],"replies":[{"embeddable":true,"href":"https:\/\/www.girbau.com\/fr-fr\/wp-json\/wp\/v2\/comments?post=57"}],"version-history":[{"count":7,"href":"https:\/\/www.girbau.com\/fr-fr\/wp-json\/wp\/v2\/pages\/57\/revisions"}],"predecessor-version":[{"id":1893,"href":"https:\/\/www.girbau.com\/fr-fr\/wp-json\/wp\/v2\/pages\/57\/revisions\/1893"}],"wp:attachment":[{"href":"https:\/\/www.girbau.com\/fr-fr\/wp-json\/wp\/v2\/media?parent=57"}],"curies":[{"name":"wp","href":"https:\/\/api.w.org\/{rel}","templated":true}]}}