{"id":790,"date":"2025-12-04T18:05:33","date_gmt":"2025-12-04T17:05:33","guid":{"rendered":"https:\/\/www.girbau.com\/fr-fr\/certificaciones\/"},"modified":"2026-01-13T20:17:17","modified_gmt":"2026-01-13T19:17:17","slug":"certifications","status":"publish","type":"page","link":"https:\/\/www.girbau.com\/fr-fr\/certifications\/","title":{"rendered":"Certifications de qualit\u00e9, de durabilit\u00e9 et de s\u00e9curit\u00e9"},"content":{"rendered":"","protected":false},"excerpt":{"rendered":"","protected":false},"author":4,"featured_media":0,"parent":0,"menu_order":0,"comment_status":"closed","ping_status":"closed","template":"","meta":{"_acf_changed":false,"footnotes":""},"class_list":["post-790","page","type-page","status-publish","hentry"],"acf":{"page_certificaciones_main_subtitle":"Rigueur, responsabilit\u00e9 et engagement dans la cr\u00e9ation d\u2019un impact positif sur les personnes et sur la plan\u00e8te","page_certificaciones_main_description":"Chez Girbau, nous consid\u00e9rons les certifications comme un engagement et non comme un troph\u00e9e. Chaque sceau atteste que nous travaillons avec rigueur, s\u00e9curit\u00e9 et respect de l'environnement, garantissant que nos solutions de blanchisserie durable r\u00e9pondent aux normes les plus strictes en mati\u00e8re de qualit\u00e9 et de durabilit\u00e9.","page_certificaciones_sections_sections":[{"certificaciones_sections_section_name":"","certificaciones_sections_pretitle":"","certificaciones_sections_title":"Qualit\u00e9 ","certificaciones_sections_description":"","certificaciones_sections_content_items":[{"certificaciones_sections_title":"Une qualit\u00e9 certifi\u00e9e dans les moindres d\u00e9tails","certificaciones_sections_content":"<span style=\"font-weight: 400\">Chez Girbau, chaque machine et chaque composant est soumis \u00e0 des <\/span><b>contr\u00f4les exhaustifs<\/b><span style=\"font-weight: 400\"> qui garantissent sa fiabilit\u00e9, sa durabilit\u00e9 et sa s\u00e9curit\u00e9. Les <\/span><b>certifications internationales<\/b><span style=\"font-weight: 400\"> qui soutiennent nos \u00e9quipes sont la meilleure preuve d'un engagement continu en faveur de l'excellence et de l'am\u00e9lioration constante.<\/span>","certificaciones_sections_image":1028,"certificaciones_sections_image_position":"right","certificaciones_sections_button_label":"","certificaciones_sections_button_action":"url","certificaciones_sections_button_url":"","certificaciones_sections_button_post":null,"certificaciones_sections_button_file":null,"certificaciones_sections_button_modal_url":"","certificaciones_sections_button":""}],"certificaciones_sections_cards":[{"certificaciones_sections_title":"ISO 9001 - Syst\u00e8me de gestion de la qualit\u00e9 pour Girbau S.A. et Girbau Robotics","certificaciones_sections_description":"La certification ISO 9001 atteste que Girbau S.A. et Girbau Robotics (France) appliquent un syst\u00e8me de gestion de la qualit\u00e9 qui garantit l'excellence dans la conception, la fabrication et le service. Cette norme, en vigueur depuis 1996, assure la tra\u00e7abilit\u00e9 de chaque produit et la satisfaction constante de nos clients.","certificaciones_sections_button_label":"Voir la certification","certificaciones_sections_button_action":"file","certificaciones_sections_button_url":"","certificaciones_sections_button_post":null,"certificaciones_sections_button_file":1651,"certificaciones_sections_button_modal_url":"","certificaciones_sections_button":""},{"certificaciones_sections_title":"ISO 9001 - Syst\u00e8me de gestion de la qualit\u00e9 pour Girbau Laundry Machinery (Shanghai)","certificaciones_sections_description":"La certification ISO 9001 atteste que Girbau Laundry Machinery (Shanghai) applique un syst\u00e8me de gestion de la qualit\u00e9 conforme aux normes internationales. Cette reconnaissance garantit la fiabilit\u00e9 de nos processus et renforce la confiance globale accord\u00e9e aux solutions de blanchisserie professionnelle du groupe.","certificaciones_sections_button_label":"Voir la certification","certificaciones_sections_button_action":"file","certificaciones_sections_button_url":"","certificaciones_sections_button_post":null,"certificaciones_sections_button_file":1145,"certificaciones_sections_button_modal_url":"","certificaciones_sections_button":""}]},{"certificaciones_sections_section_name":"","certificaciones_sections_pretitle":"","certificaciones_sections_title":"Environnement","certificaciones_sections_description":"","certificaciones_sections_content_items":[{"certificaciones_sections_title":"Engag\u00e9s pour un environnement plus propre et plus durable","certificaciones_sections_content":"<span style=\"font-weight: 400\">La durabilit\u00e9 est int\u00e9gr\u00e9e dans tout ce que nous faisons. De la conception des produits \u00e0 la gestion des d\u00e9chets, nous appliquons des crit\u00e8res qui r\u00e9duisent l'impact sur l'environnement et am\u00e9liorent l'efficacit\u00e9 \u00e9nerg\u00e9tique. Ces <\/span><b>certificats de durabilit\u00e9<\/b><span style=\"font-weight: 400\"> refl\u00e8tent un mod\u00e8le de blanchisserie responsable et tourn\u00e9 vers l'avenir.<\/span>","certificaciones_sections_image":1029,"certificaciones_sections_image_position":"right","certificaciones_sections_button_label":"","certificaciones_sections_button_action":"url","certificaciones_sections_button_url":"","certificaciones_sections_button_post":null,"certificaciones_sections_button_file":null,"certificaciones_sections_button_modal_url":"","certificaciones_sections_button":""}],"certificaciones_sections_cards":[{"certificaciones_sections_title":"ISO 14001 - Gestion environnementale certifi\u00e9e pour Girbau S.A. et Girbau Robotics","certificaciones_sections_description":"La certification ISO 14001 atteste que Girbau S.A. et Girbau Robotics appliquent un syst\u00e8me de gestion environnementale qui minimise l'impact de leurs activit\u00e9s. Les deux entreprises int\u00e8grent l'efficacit\u00e9 \u00e9nerg\u00e9tique, la gestion responsable des d\u00e9chets et l'am\u00e9lioration continue dans tous leurs centres de production.","certificaciones_sections_button_label":"Voir la certification","certificaciones_sections_button_action":"file","certificaciones_sections_button_url":"","certificaciones_sections_button_post":null,"certificaciones_sections_button_file":1652,"certificaciones_sections_button_modal_url":"","certificaciones_sections_button":""},{"certificaciones_sections_title":"ISO 14001 - Gestion environnementale certifi\u00e9e pour Girbau Laundry Machinery (Shanghai)","certificaciones_sections_description":"La certification ISO\u00a014001 atteste que notre usine de production situ\u00e9e \u00e0 Shanghai, en Chine, applique un syst\u00e8me de gestion environnementale qui minimise l'impact de ses activit\u00e9s.","certificaciones_sections_button_label":"Voir la certification","certificaciones_sections_button_action":"file","certificaciones_sections_button_url":"","certificaciones_sections_button_post":null,"certificaciones_sections_button_file":1148,"certificaciones_sections_button_modal_url":"","certificaciones_sections_button":""},{"certificaciones_sections_title":"EMAS (Eco-Management and Audit Scheme) pour Girbau S.A.","certificaciones_sections_description":"La certification EMAS atteste de l'inscription de Girbau S.A. au registre europ\u00e9en le plus exigeant en mati\u00e8re de gestion et d'audit environnementaux dans l'UE. Depuis 2004, cette reconnaissance garantit que nos centres fonctionnent selon des crit\u00e8res de transparence, d'am\u00e9lioration continue et d'engagement r\u00e9el en faveur d'une blanchisserie durable.","certificaciones_sections_button_label":"Voir la certification","certificaciones_sections_button_action":"file","certificaciones_sections_button_url":"","certificaciones_sections_button_post":null,"certificaciones_sections_button_file":1653,"certificaciones_sections_button_modal_url":"","certificaciones_sections_button":""},{"certificaciones_sections_title":"MITECO","certificaciones_sections_description":"Certification officielle accr\u00e9ditant le calcul et la r\u00e9duction de l'empreinte carbone (niveaux 1+2) selon le Registre du Minist\u00e8re de la Transition \u00e9cologique.","certificaciones_sections_button_label":"Voir la certification","certificaciones_sections_button_action":"file","certificaciones_sections_button_url":"","certificaciones_sections_button_post":null,"certificaciones_sections_button_file":1656,"certificaciones_sections_button_modal_url":"","certificaciones_sections_button":""}]},{"certificaciones_sections_section_name":"","certificaciones_sections_pretitle":"","certificaciones_sections_title":"Sant\u00e9 et s\u00e9curit\u00e9","certificaciones_sections_description":"","certificaciones_sections_content_items":[{"certificaciones_sections_title":"Sant\u00e9 et s\u00e9curit\u00e9 certifi\u00e9es pour les personnes et les processus","certificaciones_sections_content":"<div class=\"flex max-w-full flex-col grow\">\r\n<div class=\"min-h-8 text-message relative flex w-full flex-col items-end gap-2 text-start break-words whitespace-normal [.text-message+&amp;]:mt-1\" dir=\"auto\" data-message-author-role=\"assistant\" data-message-id=\"c4a15016-3ba9-42e0-88c5-057274262020\" data-message-model-slug=\"gpt-5-1\">\r\n<div class=\"flex w-full flex-col gap-1 empty:hidden first:pt-[1px]\">\r\n<div class=\"markdown prose dark:prose-invert w-full break-words light markdown-new-styling\">\r\n<p data-start=\"0\" data-end=\"408\" data-is-last-node=\"\" data-is-only-node=\"\">La s\u00e9curit\u00e9 et la sant\u00e9 de notre \u00e9quipe sont des moteurs fondamentaux de notre strat\u00e9gie op\u00e9rationnelle. De la pr\u00e9vention des risques \u00e0 l'am\u00e9lioration continue de nos milieux de travail, nous appliquons des normes qui renforcent la protection et le bien-\u00eatre des personnes. Ces certifications ISO attestent d'un mod\u00e8le de gestion solide, proactif et pleinement conforme aux meilleures pratiques internationales.<\/p>\r\n\r\n<\/div>\r\n<\/div>\r\n<\/div>\r\n<\/div>","certificaciones_sections_image":1339,"certificaciones_sections_image_position":"right","certificaciones_sections_button_label":"","certificaciones_sections_button_action":"url","certificaciones_sections_button_url":"","certificaciones_sections_button_post":null,"certificaciones_sections_button_file":null,"certificaciones_sections_button_modal_url":"","certificaciones_sections_button":""}],"certificaciones_sections_cards":[{"certificaciones_sections_title":"ISO 45001 - Syst\u00e8mes de sant\u00e9 et de s\u00e9curit\u00e9 certifi\u00e9s pour Girbau S.A. et Girbau Robotics","certificaciones_sections_description":"La certification ISO 45001 atteste que Girbau S.A. (Vic) et Girbau Robotics (France) appliquent un syst\u00e8me de gestion de la sant\u00e9 et de la s\u00e9curit\u00e9 au travail conforme aux exigences internationales. Cette norme garantit des environnements de travail s\u00fbrs, promeut la pr\u00e9vention des risques et encourage l'am\u00e9lioration continue du bien-\u00eatre des personnes.","certificaciones_sections_button_label":"Voir la certification","certificaciones_sections_button_action":"file","certificaciones_sections_button_url":"","certificaciones_sections_button_post":null,"certificaciones_sections_button_file":1654,"certificaciones_sections_button_modal_url":"","certificaciones_sections_button":""},{"certificaciones_sections_title":"ISO 45001 - Syst\u00e8mes de s\u00e9curit\u00e9 et de sant\u00e9 certifi\u00e9s pour Girbau Laundry Machinery (Shanghai)","certificaciones_sections_description":"La certification ISO 45001 atteste que Girbau Laundry Machinery (Shanghai) applique un syst\u00e8me de gestion de la sant\u00e9 et de la s\u00e9curit\u00e9 au travail conforme aux normes internationales. Cette reconnaissance atteste de conditions de travail s\u00fbres, saines et durables dans toutes ses activit\u00e9s.","certificaciones_sections_button_label":"Voir la certification","certificaciones_sections_button_action":"file","certificaciones_sections_button_url":"","certificaciones_sections_button_post":null,"certificaciones_sections_button_file":1153,"certificaciones_sections_button_modal_url":"","certificaciones_sections_button":""}]}],"page_certificaciones_json_schema_json_schema":""},"yoast_head":"<!-- This site is optimized with the Yoast SEO Premium plugin v26.8 (Yoast SEO v27.1.1) - https:\/\/yoast.com\/product\/yoast-seo-premium-wordpress\/ -->\n<title>Certifications de qualit\u00e9 et de durabilit\u00e9 | Girbau France<\/title>\n<meta name=\"description\" content=\"D\u00e9couvrez nos certifications de qualit\u00e9 et durabilit\u00e9 qui garantissent la performance de chaque \u00e9quipement Girbau.\" \/>\n<meta name=\"robots\" content=\"index, follow, max-snippet:-1, max-image-preview:large, max-video-preview:-1\" \/>\n<link rel=\"canonical\" href=\"https:\/\/www.girbau.com\/fr-fr\/certifications\/\" \/>\n<meta property=\"og:locale\" content=\"fr_FR\" \/>\n<meta property=\"og:type\" content=\"article\" \/>\n<meta property=\"og:title\" content=\"Certifications de qualit\u00e9, de durabilit\u00e9 et de s\u00e9curit\u00e9\" \/>\n<meta property=\"og:description\" content=\"D\u00e9couvrez nos certifications de qualit\u00e9 et durabilit\u00e9 qui garantissent la performance de chaque \u00e9quipement Girbau.\" \/>\n<meta property=\"og:url\" content=\"https:\/\/www.girbau.com\/fr-fr\/certifications\/\" \/>\n<meta property=\"og:site_name\" content=\"Girbau FR\" \/>\n<meta property=\"article:modified_time\" content=\"2026-01-13T19:17:17+00:00\" \/>\n<meta name=\"twitter:card\" content=\"summary_large_image\" \/>\n<script type=\"application\/ld+json\" class=\"yoast-schema-graph\">{\"@context\":\"https:\/\/schema.org\",\"@graph\":[{\"@type\":\"WebPage\",\"@id\":\"https:\/\/www.girbau.com\/fr-fr\/certifications\/\",\"url\":\"https:\/\/www.girbau.com\/fr-fr\/certifications\/\",\"name\":\"Certifications de qualit\u00e9 et de durabilit\u00e9 | Girbau France\",\"isPartOf\":{\"@id\":\"https:\/\/www.girbau.com\/fr-fr\/#website\"},\"datePublished\":\"2025-12-04T17:05:33+00:00\",\"dateModified\":\"2026-01-13T19:17:17+00:00\",\"description\":\"D\u00e9couvrez nos certifications de qualit\u00e9 et durabilit\u00e9 qui garantissent la performance de chaque \u00e9quipement Girbau.\",\"breadcrumb\":{\"@id\":\"https:\/\/www.girbau.com\/fr-fr\/certifications\/#breadcrumb\"},\"inLanguage\":\"fr-FR\",\"potentialAction\":[{\"@type\":\"ReadAction\",\"target\":[\"https:\/\/www.girbau.com\/fr-fr\/certifications\/\"]}]},{\"@type\":\"BreadcrumbList\",\"@id\":\"https:\/\/www.girbau.com\/fr-fr\/certifications\/#breadcrumb\",\"itemListElement\":[{\"@type\":\"ListItem\",\"position\":1,\"name\":\"Home\",\"item\":\"https:\/\/www.girbau.com\/fr-fr\/\"},{\"@type\":\"ListItem\",\"position\":2,\"name\":\"Certifications de qualit\u00e9, de durabilit\u00e9 et de s\u00e9curit\u00e9\"}]},{\"@type\":\"WebSite\",\"@id\":\"https:\/\/www.girbau.com\/fr-fr\/#website\",\"url\":\"https:\/\/www.girbau.com\/fr-fr\/\",\"name\":\"Girbau FR\",\"description\":\"\",\"potentialAction\":[{\"@type\":\"SearchAction\",\"target\":{\"@type\":\"EntryPoint\",\"urlTemplate\":\"https:\/\/www.girbau.com\/fr-fr\/?s={search_term_string}\"},\"query-input\":{\"@type\":\"PropertyValueSpecification\",\"valueRequired\":true,\"valueName\":\"search_term_string\"}}],\"inLanguage\":\"fr-FR\"}]}<\/script>\n<!-- \/ Yoast SEO Premium plugin. -->","yoast_head_json":{"title":"Certifications de qualit\u00e9 et de durabilit\u00e9 | Girbau France","description":"D\u00e9couvrez nos certifications de qualit\u00e9 et durabilit\u00e9 qui garantissent la performance de chaque \u00e9quipement Girbau.","robots":{"index":"index","follow":"follow","max-snippet":"max-snippet:-1","max-image-preview":"max-image-preview:large","max-video-preview":"max-video-preview:-1"},"canonical":"https:\/\/www.girbau.com\/fr-fr\/certifications\/","og_locale":"fr_FR","og_type":"article","og_title":"Certifications de qualit\u00e9, de durabilit\u00e9 et de s\u00e9curit\u00e9","og_description":"D\u00e9couvrez nos certifications de qualit\u00e9 et durabilit\u00e9 qui garantissent la performance de chaque \u00e9quipement Girbau.","og_url":"https:\/\/www.girbau.com\/fr-fr\/certifications\/","og_site_name":"Girbau FR","article_modified_time":"2026-01-13T19:17:17+00:00","twitter_card":"summary_large_image","schema":{"@context":"https:\/\/schema.org","@graph":[{"@type":"WebPage","@id":"https:\/\/www.girbau.com\/fr-fr\/certifications\/","url":"https:\/\/www.girbau.com\/fr-fr\/certifications\/","name":"Certifications de qualit\u00e9 et de durabilit\u00e9 | Girbau France","isPartOf":{"@id":"https:\/\/www.girbau.com\/fr-fr\/#website"},"datePublished":"2025-12-04T17:05:33+00:00","dateModified":"2026-01-13T19:17:17+00:00","description":"D\u00e9couvrez nos certifications de qualit\u00e9 et durabilit\u00e9 qui garantissent la performance de chaque \u00e9quipement Girbau.","breadcrumb":{"@id":"https:\/\/www.girbau.com\/fr-fr\/certifications\/#breadcrumb"},"inLanguage":"fr-FR","potentialAction":[{"@type":"ReadAction","target":["https:\/\/www.girbau.com\/fr-fr\/certifications\/"]}]},{"@type":"BreadcrumbList","@id":"https:\/\/www.girbau.com\/fr-fr\/certifications\/#breadcrumb","itemListElement":[{"@type":"ListItem","position":1,"name":"Home","item":"https:\/\/www.girbau.com\/fr-fr\/"},{"@type":"ListItem","position":2,"name":"Certifications de qualit\u00e9, de durabilit\u00e9 et de s\u00e9curit\u00e9"}]},{"@type":"WebSite","@id":"https:\/\/www.girbau.com\/fr-fr\/#website","url":"https:\/\/www.girbau.com\/fr-fr\/","name":"Girbau FR","description":"","potentialAction":[{"@type":"SearchAction","target":{"@type":"EntryPoint","urlTemplate":"https:\/\/www.girbau.com\/fr-fr\/?s={search_term_string}"},"query-input":{"@type":"PropertyValueSpecification","valueRequired":true,"valueName":"search_term_string"}}],"inLanguage":"fr-FR"}]}},"_links":{"self":[{"href":"https:\/\/www.girbau.com\/fr-fr\/wp-json\/wp\/v2\/pages\/790","targetHints":{"allow":["GET"]}}],"collection":[{"href":"https:\/\/www.girbau.com\/fr-fr\/wp-json\/wp\/v2\/pages"}],"about":[{"href":"https:\/\/www.girbau.com\/fr-fr\/wp-json\/wp\/v2\/types\/page"}],"author":[{"embeddable":true,"href":"https:\/\/www.girbau.com\/fr-fr\/wp-json\/wp\/v2\/users\/4"}],"replies":[{"embeddable":true,"href":"https:\/\/www.girbau.com\/fr-fr\/wp-json\/wp\/v2\/comments?post=790"}],"version-history":[{"count":16,"href":"https:\/\/www.girbau.com\/fr-fr\/wp-json\/wp\/v2\/pages\/790\/revisions"}],"predecessor-version":[{"id":2031,"href":"https:\/\/www.girbau.com\/fr-fr\/wp-json\/wp\/v2\/pages\/790\/revisions\/2031"}],"wp:attachment":[{"href":"https:\/\/www.girbau.com\/fr-fr\/wp-json\/wp\/v2\/media?parent=790"}],"curies":[{"name":"wp","href":"https:\/\/api.w.org\/{rel}","templated":true}]}}