{"id":791,"date":"2025-12-04T18:05:33","date_gmt":"2025-12-04T17:05:33","guid":{"rendered":"https:\/\/www.girbau.com\/fr-fr\/trabajar-en-girbau\/"},"modified":"2026-01-21T10:23:17","modified_gmt":"2026-01-21T09:23:17","slug":"travailler-chez-girbau","status":"publish","type":"page","link":"https:\/\/www.girbau.com\/fr-fr\/travailler-chez-girbau\/","title":{"rendered":"Travailler chez Girbau"},"content":{"rendered":"","protected":false},"excerpt":{"rendered":"","protected":false},"author":10,"featured_media":0,"parent":0,"menu_order":0,"comment_status":"closed","ping_status":"closed","template":"","meta":{"_acf_changed":false,"footnotes":""},"class_list":["post-791","page","type-page","status-publish","hentry"],"acf":{"page_trabajar_en_girbau_main_subtitle":"Rejoignez une \u00e9quipe o\u00f9 les personnes partagent des id\u00e9es, des talents et des objectifs","page_trabajar_en_girbau_main_description":"Nous croyons que les personnes sont la force motrice de tout ce que nous faisons. Chez Girbau France, vous trouverez un environnement o\u00f9 vous pourrez \u00e9voluer professionnellement, apporter vos id\u00e9es et apprendre chaque jour. Nous nous engageons en faveur de l\u2019innovation, de la durabilit\u00e9 et du bien-\u00eatre, et formons une \u00e9quipe qui fait \u00e9voluer le secteur au niveau international.","page_trabajar_en_girbau_main_background":1271,"page_trabajar_en_girbau_main_background_video_small":"https:\/\/www.girbau.com\/fr-fr\/wp-content\/uploads\/sites\/8\/2025\/12\/girbau-careers-work-with-us-banner-video-480.webm","page_trabajar_en_girbau_main_background_video_medium":"https:\/\/www.girbau.com\/fr-fr\/wp-content\/uploads\/sites\/8\/2025\/12\/girbau-careers-work-with-us-banner-video-900.webm","page_trabajar_en_girbau_main_background_video_large":"https:\/\/www.girbau.com\/fr-fr\/wp-content\/uploads\/sites\/8\/2025\/12\/girbau-careers-work-with-us-banner-video-1400.webm","page_trabajar_en_girbau_main_background_video_extra_large":"https:\/\/www.girbau.com\/fr-fr\/wp-content\/uploads\/sites\/8\/2025\/12\/girbau-careers-work-with-us-banner-video-1920.webm","page_trabajar_en_girbau_features_enabled":true,"page_trabajar_en_girbau_features_tag":"","page_trabajar_en_girbau_features_columns":"3","page_trabajar_en_girbau_features_title":"Pourquoi travailler chez Girbau ?","page_trabajar_en_girbau_features_description":"","page_trabajar_en_girbau_features_features":[{"trabajar_en_girbau_features_icon":"pasion","trabajar_en_girbau_features_title":"Racines familiales et perspective mondiale","trabajar_en_girbau_features_content":"<span style=\"font-weight: 400;\">Nous sommes une entreprise familiale pr\u00e9sente \u00e0 l'international \u00e0 travers 15 filiales. Un environnement proche, stable et tourn\u00e9 vers l'avenir, dans lequel vous pouvez vous d\u00e9velopper professionnellement.<\/span>"},{"trabajar_en_girbau_features_icon":"crecimiento","trabajar_en_girbau_features_title":"Grandir fait partie du voyage","trabajar_en_girbau_features_content":"<span style=\"font-weight: 400;\">Ici, les trajectoires ne s'arr\u00eatent pas. Chaque personne trouve un espace pour \u00e9voluer, relever de nouveaux d\u00e9fis et apprendre, en allant toujours de l'avant avec le soutien de l'\u00e9quipe.<\/span>"},{"trabajar_en_girbau_features_icon":"sostenibilidad","trabajar_en_girbau_features_title":"Changement volontaire","trabajar_en_girbau_features_content":"<span style=\"font-weight: 400;\">Notre transformation est bas\u00e9e sur la num\u00e9risation, la durabilit\u00e9 et l'innovation, dans le but d'\u00eatre une r\u00e9f\u00e9rence, cr\u00e9ant un impact positif sur les personnes et la plan\u00e8te.<\/span>"},{"trabajar_en_girbau_features_icon":"user-centered","trabajar_en_girbau_features_title":"Les personnes, notre priorit\u00e9","trabajar_en_girbau_features_content":"<span style=\"font-weight: 400;\">Nous croyons en la force de l'attitude, de la diversit\u00e9 et de l'engagement. Nous prenons soin de nos collaborateurs parce que leur bien-\u00eatre est au c\u0153ur de tout ce que nous faisons.<\/span>"}],"page_trabajar_en_girbau_jobs_enabled":true,"page_trabajar_en_girbau_jobs_tag":"Nous vous attendons","page_trabajar_en_girbau_jobs_title":"Offres d'emploi","page_trabajar_en_girbau_jobs_description":"Aimeriez-vous rejoindre une \u00e9quipe qui favorise l\u2019innovation pour les blanchisseries industrielles ? Explorez les possibilit\u00e9s d'emploi chez Girbau et trouvez l'endroit o\u00f9 vous pourrez d\u00e9velopper votre talent.","page_trabajar_en_girbau_jobs_show_all":true,"page_trabajar_en_girbau_jobs_selected_jobs":[590,1675,1679],"page_trabajar_en_girbau_jobs_min_cards":5,"page_trabajar_en_girbau_jobs_show_buttons":true,"page_trabajar_en_girbau_featured_enabled":true,"page_trabajar_en_girbau_featured_tag":"Nous voulons apprendre \u00e0 vous conna\u00eetre","page_trabajar_en_girbau_featured_title":"Vous souhaitez rejoindre l\u2019\u00e9quipe de Girbau France ?","page_trabajar_en_girbau_featured_content_type":"text","page_trabajar_en_girbau_featured_content_text":"Nous poursuivons notre d\u00e9veloppement et recherchons en permanence des profils faisant preuve d\u2019initiative, d\u2019engagement et d\u2019envie d\u2019apprendre. Si vous vous reconnaissez dans notre mani\u00e8re de travailler, <strong>envoyez-nous votre CV<\/strong> : nous l\u2019\u00e9tudierons dans le cadre de <strong>nos opportunit\u00e9s professionnelles chez Girbau France<\/strong>.","page_trabajar_en_girbau_featured_content_items":null,"page_trabajar_en_girbau_featured_image":1811,"page_trabajar_en_girbau_featured_image_position":"left","page_trabajar_en_girbau_featured_button_label":"Envoyer mon CV","page_trabajar_en_girbau_featured_button_action":"modal","page_trabajar_en_girbau_featured_button_url":"https:\/\/form.jotform.com\/253034140820039","page_trabajar_en_girbau_featured_button_post":"","page_trabajar_en_girbau_featured_button_file":"","page_trabajar_en_girbau_featured_button_modal_url":"https:\/\/form.jotform.com\/260202433313339","page_trabajar_en_girbau_featured_button":"","page_trabajar_en_girbau_gallery_enabled":true,"page_trabajar_en_girbau_gallery_tag":"Histoires vraies","page_trabajar_en_girbau_gallery_title":"Rencontrez notre \u00e9quipe","page_trabajar_en_girbau_gallery_items":[{"trabajar_en_girbau_gallery_media":1036,"trabajar_en_girbau_gallery_wide_size":false},{"trabajar_en_girbau_gallery_media":1037,"trabajar_en_girbau_gallery_wide_size":false},{"trabajar_en_girbau_gallery_media":1038,"trabajar_en_girbau_gallery_wide_size":false},{"trabajar_en_girbau_gallery_media":1039,"trabajar_en_girbau_gallery_wide_size":false},{"trabajar_en_girbau_gallery_media":1040,"trabajar_en_girbau_gallery_wide_size":false},{"trabajar_en_girbau_gallery_media":1041,"trabajar_en_girbau_gallery_wide_size":false},{"trabajar_en_girbau_gallery_media":1035,"trabajar_en_girbau_gallery_wide_size":false}],"page_trabajar_en_girbau_features_bottom_enabled":true,"page_trabajar_en_girbau_features_bottom_tag":"Pourquoi nous choisir\u00a0?","page_trabajar_en_girbau_features_bottom_columns":"3","page_trabajar_en_girbau_features_bottom_title":"Ce qui nous d\u00e9finit","page_trabajar_en_girbau_features_bottom_description":"","page_trabajar_en_girbau_features_bottom_features":[{"trabajar_en_girbau_features_bottom_icon":"excelencia","trabajar_en_girbau_features_bottom_title":"Excellence","trabajar_en_girbau_features_bottom_content":"<span style=\"font-weight: 400;\">Nous nous mobilisons et travaillons dur pour garantir la qualit\u00e9 du service, des produits, des processus et des relations, en recherchant toujours l'am\u00e9lioration continue et la satisfaction du client.<\/span>"},{"trabajar_en_girbau_features_bottom_icon":"colaboracion","trabajar_en_girbau_features_bottom_title":"Collaboration","trabajar_en_girbau_features_bottom_content":"<span style=\"font-weight: 400;\">Nous travaillons ensemble comme une seule \u00e9quipe, interne et externe, avec l\u2019objectif de partager notre exp\u00e9rience et nos connaissances avec la communaut\u00e9, et d\u2019atteindre un r\u00e9sultat sup\u00e9rieur \u00e0 la somme des efforts individuels.<\/span>"},{"trabajar_en_girbau_features_bottom_icon":"integridad","trabajar_en_girbau_features_bottom_title":"Int\u00e9grit\u00e9","trabajar_en_girbau_features_bottom_content":"<span style=\"font-weight: 400;\">Nous agissons avec coh\u00e9rence,<\/span><span style=\"font-weight: 400;\">\u00a0<\/span><span style=\"font-weight: 400;\">transparence et honn\u00eatet\u00e9. Nous faisons ce qu'il faut, m\u00eame quand personne ne regarde.<\/span>"},{"trabajar_en_girbau_features_bottom_icon":"user-centered","trabajar_en_girbau_features_bottom_title":"Centr\u00e9s sur les personnes","trabajar_en_girbau_features_bottom_content":"<span style=\"font-weight: 400;\">Tout ce que nous faisons, nous le faisons avec empathie, en respectant les personnes, leur bien-\u00eatre, besoins et diversit\u00e9 qu\u2019il s\u2019agisse de clients, de collaborateurs, de fournisseurs ou associ\u00e9s.<\/span>"},{"trabajar_en_girbau_features_bottom_icon":"pasion","trabajar_en_girbau_features_bottom_title":"Passion","trabajar_en_girbau_features_bottom_content":"<span style=\"font-weight: 400;\">Nous aimons ce que nous faisons, nous travaillons avec enthousiasme et \u00e9nergie pour cr\u00e9er et fournir des solutions innovantes, toujours avec le d\u00e9sir d'apprendre et en nous demandant pourquoi nous faisons les choses comme nous les faisons.<\/span>"},{"trabajar_en_girbau_features_bottom_icon":"compromiso","trabajar_en_girbau_features_bottom_title":"Engagement","trabajar_en_girbau_features_bottom_content":"<span style=\"font-weight: 400;\">Nous sommes fiers de faire partie de notre communaut\u00e9 et nous nous sentons responsables vis-\u00e0-vis de nos clients, de l\u2019entreprise, des personnes et de la plan\u00e8te. Nous travaillons dur pour atteindre les objectifs que nous proposons en relevant tous les d\u00e9fis qui se pr\u00e9sentent.<\/span>"}],"page_trabajar_en_girbau_json_schema_json_schema":""},"yoast_head":"<!-- This site is optimized with the Yoast SEO Premium plugin v26.8 (Yoast SEO v27.1.1) - https:\/\/yoast.com\/product\/yoast-seo-premium-wordpress\/ -->\n<title>Travailler chez Girbau France | emploi et d\u00e9veloppement professionnel<\/title>\n<meta name=\"description\" content=\"D\u00e9couvrez les opportunit\u00e9s d\u2019emploi chez Girbau et rejoignez une \u00e9quipe d\u00e9di\u00e9e \u00e0 l\u2019innovation en blanchisserie professionnelle.\" \/>\n<meta name=\"robots\" content=\"index, follow, max-snippet:-1, max-image-preview:large, max-video-preview:-1\" \/>\n<link rel=\"canonical\" href=\"https:\/\/www.girbau.com\/fr-fr\/travailler-chez-girbau\/\" \/>\n<meta property=\"og:locale\" content=\"fr_FR\" \/>\n<meta property=\"og:type\" content=\"article\" \/>\n<meta property=\"og:title\" content=\"Travailler chez Girbau\" \/>\n<meta property=\"og:description\" content=\"D\u00e9couvrez les opportunit\u00e9s d\u2019emploi chez Girbau et rejoignez une \u00e9quipe d\u00e9di\u00e9e \u00e0 l\u2019innovation en blanchisserie professionnelle.\" \/>\n<meta property=\"og:url\" content=\"https:\/\/www.girbau.com\/fr-fr\/travailler-chez-girbau\/\" \/>\n<meta property=\"og:site_name\" content=\"Girbau FR\" \/>\n<meta property=\"article:modified_time\" content=\"2026-01-21T09:23:17+00:00\" \/>\n<meta name=\"twitter:card\" content=\"summary_large_image\" \/>\n<script type=\"application\/ld+json\" class=\"yoast-schema-graph\">{\"@context\":\"https:\/\/schema.org\",\"@graph\":[{\"@type\":\"WebPage\",\"@id\":\"https:\/\/www.girbau.com\/fr-fr\/travailler-chez-girbau\/\",\"url\":\"https:\/\/www.girbau.com\/fr-fr\/travailler-chez-girbau\/\",\"name\":\"Travailler chez Girbau France | emploi et d\u00e9veloppement professionnel\",\"isPartOf\":{\"@id\":\"https:\/\/www.girbau.com\/fr-fr\/#website\"},\"datePublished\":\"2025-12-04T17:05:33+00:00\",\"dateModified\":\"2026-01-21T09:23:17+00:00\",\"description\":\"D\u00e9couvrez les opportunit\u00e9s d\u2019emploi chez Girbau et rejoignez une \u00e9quipe d\u00e9di\u00e9e \u00e0 l\u2019innovation en blanchisserie professionnelle.\",\"breadcrumb\":{\"@id\":\"https:\/\/www.girbau.com\/fr-fr\/travailler-chez-girbau\/#breadcrumb\"},\"inLanguage\":\"fr-FR\",\"potentialAction\":[{\"@type\":\"ReadAction\",\"target\":[\"https:\/\/www.girbau.com\/fr-fr\/travailler-chez-girbau\/\"]}]},{\"@type\":\"BreadcrumbList\",\"@id\":\"https:\/\/www.girbau.com\/fr-fr\/travailler-chez-girbau\/#breadcrumb\",\"itemListElement\":[{\"@type\":\"ListItem\",\"position\":1,\"name\":\"Home\",\"item\":\"https:\/\/www.girbau.com\/fr-fr\/\"},{\"@type\":\"ListItem\",\"position\":2,\"name\":\"Travailler chez Girbau\"}]},{\"@type\":\"WebSite\",\"@id\":\"https:\/\/www.girbau.com\/fr-fr\/#website\",\"url\":\"https:\/\/www.girbau.com\/fr-fr\/\",\"name\":\"Girbau FR\",\"description\":\"\",\"potentialAction\":[{\"@type\":\"SearchAction\",\"target\":{\"@type\":\"EntryPoint\",\"urlTemplate\":\"https:\/\/www.girbau.com\/fr-fr\/?s={search_term_string}\"},\"query-input\":{\"@type\":\"PropertyValueSpecification\",\"valueRequired\":true,\"valueName\":\"search_term_string\"}}],\"inLanguage\":\"fr-FR\"}]}<\/script>\n<!-- \/ Yoast SEO Premium plugin. -->","yoast_head_json":{"title":"Travailler chez Girbau France | emploi et d\u00e9veloppement professionnel","description":"D\u00e9couvrez les opportunit\u00e9s d\u2019emploi chez Girbau et rejoignez une \u00e9quipe d\u00e9di\u00e9e \u00e0 l\u2019innovation en blanchisserie professionnelle.","robots":{"index":"index","follow":"follow","max-snippet":"max-snippet:-1","max-image-preview":"max-image-preview:large","max-video-preview":"max-video-preview:-1"},"canonical":"https:\/\/www.girbau.com\/fr-fr\/travailler-chez-girbau\/","og_locale":"fr_FR","og_type":"article","og_title":"Travailler chez Girbau","og_description":"D\u00e9couvrez les opportunit\u00e9s d\u2019emploi chez Girbau et rejoignez une \u00e9quipe d\u00e9di\u00e9e \u00e0 l\u2019innovation en blanchisserie professionnelle.","og_url":"https:\/\/www.girbau.com\/fr-fr\/travailler-chez-girbau\/","og_site_name":"Girbau FR","article_modified_time":"2026-01-21T09:23:17+00:00","twitter_card":"summary_large_image","schema":{"@context":"https:\/\/schema.org","@graph":[{"@type":"WebPage","@id":"https:\/\/www.girbau.com\/fr-fr\/travailler-chez-girbau\/","url":"https:\/\/www.girbau.com\/fr-fr\/travailler-chez-girbau\/","name":"Travailler chez Girbau France | emploi et d\u00e9veloppement professionnel","isPartOf":{"@id":"https:\/\/www.girbau.com\/fr-fr\/#website"},"datePublished":"2025-12-04T17:05:33+00:00","dateModified":"2026-01-21T09:23:17+00:00","description":"D\u00e9couvrez les opportunit\u00e9s d\u2019emploi chez Girbau et rejoignez une \u00e9quipe d\u00e9di\u00e9e \u00e0 l\u2019innovation en blanchisserie professionnelle.","breadcrumb":{"@id":"https:\/\/www.girbau.com\/fr-fr\/travailler-chez-girbau\/#breadcrumb"},"inLanguage":"fr-FR","potentialAction":[{"@type":"ReadAction","target":["https:\/\/www.girbau.com\/fr-fr\/travailler-chez-girbau\/"]}]},{"@type":"BreadcrumbList","@id":"https:\/\/www.girbau.com\/fr-fr\/travailler-chez-girbau\/#breadcrumb","itemListElement":[{"@type":"ListItem","position":1,"name":"Home","item":"https:\/\/www.girbau.com\/fr-fr\/"},{"@type":"ListItem","position":2,"name":"Travailler chez Girbau"}]},{"@type":"WebSite","@id":"https:\/\/www.girbau.com\/fr-fr\/#website","url":"https:\/\/www.girbau.com\/fr-fr\/","name":"Girbau FR","description":"","potentialAction":[{"@type":"SearchAction","target":{"@type":"EntryPoint","urlTemplate":"https:\/\/www.girbau.com\/fr-fr\/?s={search_term_string}"},"query-input":{"@type":"PropertyValueSpecification","valueRequired":true,"valueName":"search_term_string"}}],"inLanguage":"fr-FR"}]}},"_links":{"self":[{"href":"https:\/\/www.girbau.com\/fr-fr\/wp-json\/wp\/v2\/pages\/791","targetHints":{"allow":["GET"]}}],"collection":[{"href":"https:\/\/www.girbau.com\/fr-fr\/wp-json\/wp\/v2\/pages"}],"about":[{"href":"https:\/\/www.girbau.com\/fr-fr\/wp-json\/wp\/v2\/types\/page"}],"author":[{"embeddable":true,"href":"https:\/\/www.girbau.com\/fr-fr\/wp-json\/wp\/v2\/users\/10"}],"replies":[{"embeddable":true,"href":"https:\/\/www.girbau.com\/fr-fr\/wp-json\/wp\/v2\/comments?post=791"}],"version-history":[{"count":26,"href":"https:\/\/www.girbau.com\/fr-fr\/wp-json\/wp\/v2\/pages\/791\/revisions"}],"predecessor-version":[{"id":2114,"href":"https:\/\/www.girbau.com\/fr-fr\/wp-json\/wp\/v2\/pages\/791\/revisions\/2114"}],"acf:post":[{"embeddable":true,"href":"https:\/\/www.girbau.com\/fr-fr\/wp-json\/wp\/v2\/job_post\/590"}],"wp:attachment":[{"href":"https:\/\/www.girbau.com\/fr-fr\/wp-json\/wp\/v2\/media?parent=791"}],"curies":[{"name":"wp","href":"https:\/\/api.w.org\/{rel}","templated":true}]}}