{"id":792,"date":"2025-12-04T18:05:33","date_gmt":"2025-12-04T17:05:33","guid":{"rendered":"https:\/\/www.girbau.com\/fr-fr\/memorias-de-sostenibilidad\/"},"modified":"2026-04-02T16:59:13","modified_gmt":"2026-04-02T14:59:13","slug":"rapports","status":"publish","type":"page","link":"https:\/\/www.girbau.com\/fr-fr\/rapports\/","title":{"rendered":"Rapports et d\u00e9clarations environnementales"},"content":{"rendered":"","protected":false},"excerpt":{"rendered":"","protected":false},"author":4,"featured_media":0,"parent":0,"menu_order":0,"comment_status":"closed","ping_status":"closed","template":"","meta":{"_acf_changed":false,"footnotes":""},"class_list":["post-792","page","type-page","status-publish","hentry"],"acf":{"page_memorias_sostenibilidad_main_subtitle":"Transparence, action et am\u00e9lioration continue pour un avenir plus durable","page_memorias_sostenibilidad_main_description":"Chez Girbau, nous consid\u00e9rons la durabilit\u00e9 comme une mani\u00e8re d'agir, et pas seulement comme une mani\u00e8re d'informer. Gr\u00e2ce \u00e0 nos rapports de durabilit\u00e9 et \u00e0 nos d\u00e9clarations environnementales, nous partageons de mani\u00e8re transparente les progr\u00e8s, les r\u00e9sultats et les engagements qui guident notre gestion responsable des ressources et de la plan\u00e8te.","page_memorias_sostenibilidad_collapsible_enabled":true,"page_memorias_sostenibilidad_collapsible_narrow_container":false,"page_memorias_sostenibilidad_collapsible_narrow_content":false,"page_memorias_sostenibilidad_collapsible_tag":"","page_memorias_sostenibilidad_collapsible_title":"Rapports de durabilit\u00e9","page_memorias_sostenibilidad_collapsible_description":"","page_memorias_sostenibilidad_collapsible_text":"","page_memorias_sostenibilidad_collapsible_items":[{"memorias_sostenibilidad_collapsible_title":"2024","memorias_sostenibilidad_collapsible_content":"","memorias_sostenibilidad_collapsible_cards":[{"memorias_sostenibilidad_collapsible_card_title":"Rapport de durabilit\u00e9 2024","memorias_sostenibilidad_collapsible_card_description":"","memorias_sostenibilidad_collapsible_button_label":"Voir le rapport","memorias_sostenibilidad_collapsible_button_action":"file","memorias_sostenibilidad_collapsible_button_url":"","memorias_sostenibilidad_collapsible_button_post":null,"memorias_sostenibilidad_collapsible_button_file":1731,"memorias_sostenibilidad_collapsible_button_modal_url":"","memorias_sostenibilidad_collapsible_button":""},{"memorias_sostenibilidad_collapsible_card_title":"Vid\u00e9o r\u00e9cap 2024","memorias_sostenibilidad_collapsible_card_description":"","memorias_sostenibilidad_collapsible_button_label":"Voir la vid\u00e9o","memorias_sostenibilidad_collapsible_button_action":"url","memorias_sostenibilidad_collapsible_button_url":"https:\/\/www.youtube.com\/watch?v=4AexWvJceIk","memorias_sostenibilidad_collapsible_button_post":null,"memorias_sostenibilidad_collapsible_button_file":null,"memorias_sostenibilidad_collapsible_button_modal_url":"","memorias_sostenibilidad_collapsible_button":""}]},{"memorias_sostenibilidad_collapsible_title":"2023","memorias_sostenibilidad_collapsible_content":"","memorias_sostenibilidad_collapsible_cards":[{"memorias_sostenibilidad_collapsible_card_title":"Rapport de durabilit\u00e9 2023","memorias_sostenibilidad_collapsible_card_description":"","memorias_sostenibilidad_collapsible_button_label":"Voir le rapport","memorias_sostenibilidad_collapsible_button_action":"file","memorias_sostenibilidad_collapsible_button_url":"","memorias_sostenibilidad_collapsible_button_post":null,"memorias_sostenibilidad_collapsible_button_file":1736,"memorias_sostenibilidad_collapsible_button_modal_url":"","memorias_sostenibilidad_collapsible_button":""},{"memorias_sostenibilidad_collapsible_card_title":"Vid\u00e9o r\u00e9cap 2023","memorias_sostenibilidad_collapsible_card_description":"","memorias_sostenibilidad_collapsible_button_label":"Voir la vid\u00e9o","memorias_sostenibilidad_collapsible_button_action":"url","memorias_sostenibilidad_collapsible_button_url":"https:\/\/www.youtube.com\/watch?v=MmJfwfNPSpw","memorias_sostenibilidad_collapsible_button_post":null,"memorias_sostenibilidad_collapsible_button_file":null,"memorias_sostenibilidad_collapsible_button_modal_url":"","memorias_sostenibilidad_collapsible_button":""}]},{"memorias_sostenibilidad_collapsible_title":"2022","memorias_sostenibilidad_collapsible_content":"","memorias_sostenibilidad_collapsible_cards":[{"memorias_sostenibilidad_collapsible_card_title":"Rapport de durabilit\u00e9 2022","memorias_sostenibilidad_collapsible_card_description":"","memorias_sostenibilidad_collapsible_button_label":"Voir le rapport","memorias_sostenibilidad_collapsible_button_action":"file","memorias_sostenibilidad_collapsible_button_url":"","memorias_sostenibilidad_collapsible_button_post":null,"memorias_sostenibilidad_collapsible_button_file":1735,"memorias_sostenibilidad_collapsible_button_modal_url":"","memorias_sostenibilidad_collapsible_button":""}]},{"memorias_sostenibilidad_collapsible_title":"2021","memorias_sostenibilidad_collapsible_content":"","memorias_sostenibilidad_collapsible_cards":[{"memorias_sostenibilidad_collapsible_card_title":"Rapport de durabilit\u00e9 2021","memorias_sostenibilidad_collapsible_card_description":"","memorias_sostenibilidad_collapsible_button_label":"Voir le rapport","memorias_sostenibilidad_collapsible_button_action":"file","memorias_sostenibilidad_collapsible_button_url":"","memorias_sostenibilidad_collapsible_button_post":null,"memorias_sostenibilidad_collapsible_button_file":1734,"memorias_sostenibilidad_collapsible_button_modal_url":"","memorias_sostenibilidad_collapsible_button":""}]},{"memorias_sostenibilidad_collapsible_title":"2020","memorias_sostenibilidad_collapsible_content":"","memorias_sostenibilidad_collapsible_cards":[{"memorias_sostenibilidad_collapsible_card_title":"Rapport de durabilit\u00e9 2020","memorias_sostenibilidad_collapsible_card_description":"","memorias_sostenibilidad_collapsible_button_label":"Voir le rapport","memorias_sostenibilidad_collapsible_button_action":"file","memorias_sostenibilidad_collapsible_button_url":"","memorias_sostenibilidad_collapsible_button_post":null,"memorias_sostenibilidad_collapsible_button_file":1733,"memorias_sostenibilidad_collapsible_button_modal_url":"","memorias_sostenibilidad_collapsible_button":""}]}],"page_memorias_sostenibilidad_cards_grid_enabled":true,"page_memorias_sostenibilidad_cards_grid_tag":"","page_memorias_sostenibilidad_cards_grid_title":"Des actions concr\u00e8tes qui refl\u00e8tent notre engagement pour la plan\u00e8te","page_memorias_sostenibilidad_cards_grid_description":"","page_memorias_sostenibilidad_cards_grid_columns":"3","page_memorias_sostenibilidad_cards_grid_cards":[{"memorias_sostenibilidad_cards_grid_image":1128,"memorias_sostenibilidad_cards_grid_title":"D\u00e9claration environnementale","memorias_sostenibilidad_cards_grid_description":"Il comprend les indicateurs cl\u00e9s de nos centres de production : consommation d'\u00e9nergie, \u00e9missions et gestion de l'eau et des d\u00e9chets, v\u00e9rifi\u00e9s de fa\u00e7on externe conform\u00e9ment au r\u00e8glement EMAS.","memorias_sostenibilidad_cards_grid_button_label":"Voir la d\u00e9claration","memorias_sostenibilidad_cards_grid_button_action":"file","memorias_sostenibilidad_cards_grid_button_url":"","memorias_sostenibilidad_cards_grid_button_post":null,"memorias_sostenibilidad_cards_grid_button_file":1626,"memorias_sostenibilidad_cards_grid_button_modal_url":"","memorias_sostenibilidad_cards_grid_button":""},{"memorias_sostenibilidad_cards_grid_image":1129,"memorias_sostenibilidad_cards_grid_title":"Politique environnementale","memorias_sostenibilidad_cards_grid_description":"Elle d\u00e9finit les principes qui guident notre gestion responsable : respect de la r\u00e9glementation, pr\u00e9vention de la pollution et \u00e9co-conception d'\u00e9quipements plus efficaces.","memorias_sostenibilidad_cards_grid_button_label":"Voir la politique","memorias_sostenibilidad_cards_grid_button_action":"file","memorias_sostenibilidad_cards_grid_button_url":"","memorias_sostenibilidad_cards_grid_button_post":null,"memorias_sostenibilidad_cards_grid_button_file":2258,"memorias_sostenibilidad_cards_grid_button_modal_url":"","memorias_sostenibilidad_cards_grid_button":""},{"memorias_sostenibilidad_cards_grid_image":1130,"memorias_sostenibilidad_cards_grid_title":"Certification EMAS","memorias_sostenibilidad_cards_grid_description":"Depuis 2004, nous faisons partie du registre europ\u00e9en EMAS, une reconnaissance de la transparence, de l'am\u00e9lioration continue et de la gestion responsable de l'environnement.","memorias_sostenibilidad_cards_grid_button_label":"Voir la certification","memorias_sostenibilidad_cards_grid_button_action":"file","memorias_sostenibilidad_cards_grid_button_url":"","memorias_sostenibilidad_cards_grid_button_post":null,"memorias_sostenibilidad_cards_grid_button_file":1624,"memorias_sostenibilidad_cards_grid_button_modal_url":"","memorias_sostenibilidad_cards_grid_button":""}],"page_memorias_sostenibilidad_json_schema_json_schema":""},"yoast_head":"<!-- This site is optimized with the Yoast SEO Premium plugin v26.8 (Yoast SEO v27.1.1) - https:\/\/yoast.com\/product\/yoast-seo-premium-wordpress\/ -->\n<title>Rapports et d\u00e9clarations environnementales | Girbau France<\/title>\n<meta name=\"description\" content=\"Consultez les rapports de durabilit\u00e9 et les d\u00e9clarations environnementales de Girbau, refl\u00e9tant notre engagement envers la transparence et la responsabilit\u00e9 d\u2019entreprise.\" \/>\n<meta name=\"robots\" content=\"index, follow, max-snippet:-1, max-image-preview:large, max-video-preview:-1\" \/>\n<link rel=\"canonical\" href=\"https:\/\/www.girbau.com\/fr-fr\/rapports\/\" \/>\n<meta property=\"og:locale\" content=\"fr_FR\" \/>\n<meta property=\"og:type\" content=\"article\" \/>\n<meta property=\"og:title\" content=\"Rapports et d\u00e9clarations environnementales\" \/>\n<meta property=\"og:description\" content=\"Consultez les rapports de durabilit\u00e9 et les d\u00e9clarations environnementales de Girbau, refl\u00e9tant notre engagement envers la transparence et la responsabilit\u00e9 d\u2019entreprise.\" \/>\n<meta property=\"og:url\" content=\"https:\/\/www.girbau.com\/fr-fr\/rapports\/\" \/>\n<meta property=\"og:site_name\" content=\"Girbau FR\" \/>\n<meta property=\"article:modified_time\" content=\"2026-04-02T14:59:13+00:00\" \/>\n<meta name=\"twitter:card\" content=\"summary_large_image\" \/>\n<script type=\"application\/ld+json\" class=\"yoast-schema-graph\">{\"@context\":\"https:\/\/schema.org\",\"@graph\":[{\"@type\":\"WebPage\",\"@id\":\"https:\/\/www.girbau.com\/fr-fr\/rapports\/\",\"url\":\"https:\/\/www.girbau.com\/fr-fr\/rapports\/\",\"name\":\"Rapports et d\u00e9clarations environnementales | Girbau France\",\"isPartOf\":{\"@id\":\"https:\/\/www.girbau.com\/fr-fr\/#website\"},\"datePublished\":\"2025-12-04T17:05:33+00:00\",\"dateModified\":\"2026-04-02T14:59:13+00:00\",\"description\":\"Consultez les rapports de durabilit\u00e9 et les d\u00e9clarations environnementales de Girbau, refl\u00e9tant notre engagement envers la transparence et la responsabilit\u00e9 d\u2019entreprise.\",\"breadcrumb\":{\"@id\":\"https:\/\/www.girbau.com\/fr-fr\/rapports\/#breadcrumb\"},\"inLanguage\":\"fr-FR\",\"potentialAction\":[{\"@type\":\"ReadAction\",\"target\":[\"https:\/\/www.girbau.com\/fr-fr\/rapports\/\"]}]},{\"@type\":\"BreadcrumbList\",\"@id\":\"https:\/\/www.girbau.com\/fr-fr\/rapports\/#breadcrumb\",\"itemListElement\":[{\"@type\":\"ListItem\",\"position\":1,\"name\":\"Home\",\"item\":\"https:\/\/www.girbau.com\/fr-fr\/\"},{\"@type\":\"ListItem\",\"position\":2,\"name\":\"Rapports et d\u00e9clarations environnementales\"}]},{\"@type\":\"WebSite\",\"@id\":\"https:\/\/www.girbau.com\/fr-fr\/#website\",\"url\":\"https:\/\/www.girbau.com\/fr-fr\/\",\"name\":\"Girbau FR\",\"description\":\"\",\"potentialAction\":[{\"@type\":\"SearchAction\",\"target\":{\"@type\":\"EntryPoint\",\"urlTemplate\":\"https:\/\/www.girbau.com\/fr-fr\/?s={search_term_string}\"},\"query-input\":{\"@type\":\"PropertyValueSpecification\",\"valueRequired\":true,\"valueName\":\"search_term_string\"}}],\"inLanguage\":\"fr-FR\"}]}<\/script>\n<!-- \/ Yoast SEO Premium plugin. -->","yoast_head_json":{"title":"Rapports et d\u00e9clarations environnementales | Girbau France","description":"Consultez les rapports de durabilit\u00e9 et les d\u00e9clarations environnementales de Girbau, refl\u00e9tant notre engagement envers la transparence et la responsabilit\u00e9 d\u2019entreprise.","robots":{"index":"index","follow":"follow","max-snippet":"max-snippet:-1","max-image-preview":"max-image-preview:large","max-video-preview":"max-video-preview:-1"},"canonical":"https:\/\/www.girbau.com\/fr-fr\/rapports\/","og_locale":"fr_FR","og_type":"article","og_title":"Rapports et d\u00e9clarations environnementales","og_description":"Consultez les rapports de durabilit\u00e9 et les d\u00e9clarations environnementales de Girbau, refl\u00e9tant notre engagement envers la transparence et la responsabilit\u00e9 d\u2019entreprise.","og_url":"https:\/\/www.girbau.com\/fr-fr\/rapports\/","og_site_name":"Girbau FR","article_modified_time":"2026-04-02T14:59:13+00:00","twitter_card":"summary_large_image","schema":{"@context":"https:\/\/schema.org","@graph":[{"@type":"WebPage","@id":"https:\/\/www.girbau.com\/fr-fr\/rapports\/","url":"https:\/\/www.girbau.com\/fr-fr\/rapports\/","name":"Rapports et d\u00e9clarations environnementales | Girbau France","isPartOf":{"@id":"https:\/\/www.girbau.com\/fr-fr\/#website"},"datePublished":"2025-12-04T17:05:33+00:00","dateModified":"2026-04-02T14:59:13+00:00","description":"Consultez les rapports de durabilit\u00e9 et les d\u00e9clarations environnementales de Girbau, refl\u00e9tant notre engagement envers la transparence et la responsabilit\u00e9 d\u2019entreprise.","breadcrumb":{"@id":"https:\/\/www.girbau.com\/fr-fr\/rapports\/#breadcrumb"},"inLanguage":"fr-FR","potentialAction":[{"@type":"ReadAction","target":["https:\/\/www.girbau.com\/fr-fr\/rapports\/"]}]},{"@type":"BreadcrumbList","@id":"https:\/\/www.girbau.com\/fr-fr\/rapports\/#breadcrumb","itemListElement":[{"@type":"ListItem","position":1,"name":"Home","item":"https:\/\/www.girbau.com\/fr-fr\/"},{"@type":"ListItem","position":2,"name":"Rapports et d\u00e9clarations environnementales"}]},{"@type":"WebSite","@id":"https:\/\/www.girbau.com\/fr-fr\/#website","url":"https:\/\/www.girbau.com\/fr-fr\/","name":"Girbau FR","description":"","potentialAction":[{"@type":"SearchAction","target":{"@type":"EntryPoint","urlTemplate":"https:\/\/www.girbau.com\/fr-fr\/?s={search_term_string}"},"query-input":{"@type":"PropertyValueSpecification","valueRequired":true,"valueName":"search_term_string"}}],"inLanguage":"fr-FR"}]}},"_links":{"self":[{"href":"https:\/\/www.girbau.com\/fr-fr\/wp-json\/wp\/v2\/pages\/792","targetHints":{"allow":["GET"]}}],"collection":[{"href":"https:\/\/www.girbau.com\/fr-fr\/wp-json\/wp\/v2\/pages"}],"about":[{"href":"https:\/\/www.girbau.com\/fr-fr\/wp-json\/wp\/v2\/types\/page"}],"author":[{"embeddable":true,"href":"https:\/\/www.girbau.com\/fr-fr\/wp-json\/wp\/v2\/users\/4"}],"replies":[{"embeddable":true,"href":"https:\/\/www.girbau.com\/fr-fr\/wp-json\/wp\/v2\/comments?post=792"}],"version-history":[{"count":21,"href":"https:\/\/www.girbau.com\/fr-fr\/wp-json\/wp\/v2\/pages\/792\/revisions"}],"predecessor-version":[{"id":2259,"href":"https:\/\/www.girbau.com\/fr-fr\/wp-json\/wp\/v2\/pages\/792\/revisions\/2259"}],"wp:attachment":[{"href":"https:\/\/www.girbau.com\/fr-fr\/wp-json\/wp\/v2\/media?parent=792"}],"curies":[{"name":"wp","href":"https:\/\/api.w.org\/{rel}","templated":true}]}}