{"id":794,"date":"2025-12-05T01:45:52","date_gmt":"2025-12-05T00:45:52","guid":{"rendered":"https:\/\/www.girbau.com\/fr-fr\/guidelines-policies\/"},"modified":"2026-01-21T16:28:56","modified_gmt":"2026-01-21T15:28:56","slug":"directives-et-politiques","status":"publish","type":"page","link":"https:\/\/www.girbau.com\/fr-fr\/directives-et-politiques\/","title":{"rendered":"Politiques internes et lignes directrices"},"content":{"rendered":"","protected":false},"excerpt":{"rendered":"","protected":false},"author":10,"featured_media":0,"parent":0,"menu_order":0,"comment_status":"closed","ping_status":"closed","template":"","meta":{"_acf_changed":false,"footnotes":""},"class_list":["post-794","page","type-page","status-publish","hentry"],"acf":{"page_guidelines_policies_main_subtitle":"Des engagements r\u00e9els pour un avenir plus \u00e9thique, plus s\u00fbr et plus durable","page_guidelines_policies_main_description":"","page_guidelines_policies_featured_items_pretitle":"D\u00c9COUVREZ NOS POLITIQUES","page_guidelines_policies_featured_items_title":"Ce sont les fondements qui guident nos d\u00e9cisions et fa\u00e7onnent la mani\u00e8re dont nous travaillons chaque jour","page_guidelines_policies_featured_items_description":"","page_guidelines_policies_featured_items_content_items":[{"guidelines_policies_featured_items_title":"Politique environnementale","guidelines_policies_featured_items_content":"<span style=\"font-weight: 400;\">La protection de l'environnement est au c\u0153ur de toutes nos activit\u00e9s. Nous concevons des solutions efficaces qui optimisent l'utilisation de l'eau et de l'\u00e9nergie, r\u00e9duisent les d\u00e9chets et encouragent l'innovation durable \u00e0 chaque \u00e9tape. Nous appliquons des normes telles que ISO 14001 et EMAS, mais notre v\u00e9ritable objectif va au-del\u00e0\u00a0: avoir un impact positif et durable sur les personnes et la plan\u00e8te.<\/span>","guidelines_policies_featured_items_image":991,"guidelines_policies_featured_items_image_position":"left","guidelines_policies_featured_items_button_label":"Lire notre politique environnementale","guidelines_policies_featured_items_button_action":"file","guidelines_policies_featured_items_button_url":"","guidelines_policies_featured_items_button_post":null,"guidelines_policies_featured_items_button_file":2120,"guidelines_policies_featured_items_button_modal_url":"","guidelines_policies_featured_items_button":""},{"guidelines_policies_featured_items_title":"Politique de qualit\u00e9","guidelines_policies_featured_items_content":"<span style=\"font-weight: 400;\">La qualit\u00e9 ne se mesure pas seulement aux r\u00e9sultats, mais aussi \u00e0 la confiance que nous g\u00e9n\u00e9rons. Chez Girbau, nous nous engageons pour une am\u00e9lioration continue et une innovation responsable, en veillant \u00e0 ce que chaque produit r\u00e9ponde aux normes techniques et environnementales les plus strictes. Nous nous engageons \u00e0 fournir des solutions qui durent, qui fonctionnent et qui apportent une valeur r\u00e9elle \u00e0 ceux qui les utilisent.<\/span>","guidelines_policies_featured_items_image":993,"guidelines_policies_featured_items_image_position":"right","guidelines_policies_featured_items_button_label":"Lire notre politique de qualit\u00e9","guidelines_policies_featured_items_button_action":"file","guidelines_policies_featured_items_button_url":"","guidelines_policies_featured_items_button_post":null,"guidelines_policies_featured_items_button_file":2121,"guidelines_policies_featured_items_button_modal_url":"","guidelines_policies_featured_items_button":""},{"guidelines_policies_featured_items_title":"Politique de s\u00e9curit\u00e9 et de sant\u00e9","guidelines_policies_featured_items_content":"<span style=\"font-weight: 400;\">Les personnes sont la force motrice de Girbau. C'est pourquoi nous promouvons une culture pr\u00e9ventive o\u00f9 la s\u00e9curit\u00e9 est partag\u00e9e, apprise et v\u00e9cue chaque jour. Nous cr\u00e9ons des environnements de travail s\u00fbrs, sains et en constante am\u00e9lioration, en respectant toujours les r\u00e9glementations et en donnant la priorit\u00e9 au bien-\u00eatre collectif.<\/span>","guidelines_policies_featured_items_image":992,"guidelines_policies_featured_items_image_position":"left","guidelines_policies_featured_items_button_label":"Lire notre politique de s\u00e9curit\u00e9","guidelines_policies_featured_items_button_action":"file","guidelines_policies_featured_items_button_url":"","guidelines_policies_featured_items_button_post":null,"guidelines_policies_featured_items_button_file":2122,"guidelines_policies_featured_items_button_modal_url":"","guidelines_policies_featured_items_button":""}],"page_guidelines_policies_cards_grid_enabled":true,"page_guidelines_policies_cards_grid_tag":"","page_guidelines_policies_cards_grid_title":"M\u00e9canismes et principes qui garantissent une gestion int\u00e8gre, responsable et conforme \u00e0 nos valeurs","page_guidelines_policies_cards_grid_description":"","page_guidelines_policies_cards_grid_columns":"3","page_guidelines_policies_cards_grid_cards":[{"guidelines_policies_cards_grid_image":989,"guidelines_policies_cards_grid_title":"Canal de r\u00e9ception des signalements","guidelines_policies_cards_grid_description":"L'\u00e9coute est \u00e9galement une forme d'attention. Notre canal de r\u00e9ception des signalements est \u00e0 la disposition de toute personne qui fait partie de Girbau ou qui est li\u00e9e \u00e0 Girbau. Il s'agit d'un espace confidentiel et s\u00e9curis\u00e9 o\u00f9 vous pouvez signaler, de mani\u00e8re anonyme si vous le souhaitez, tout comportement contraire \u00e0 notre Charte \u00e9thique ou \u00e0 la l\u00e9gislation en vigueur.","guidelines_policies_cards_grid_button_label":"D\u00e9couvrez le canal et comment l'utiliser","guidelines_policies_cards_grid_button_action":"url","guidelines_policies_cards_grid_button_url":"https:\/\/girbau.ulisesgrc.net\/#\/channels\/girbau\/FR_FR","guidelines_policies_cards_grid_button_post":null,"guidelines_policies_cards_grid_button_file":null,"guidelines_policies_cards_grid_button_modal_url":"","guidelines_policies_cards_grid_button":""},{"guidelines_policies_cards_grid_image":988,"guidelines_policies_cards_grid_title":"Charte \u00e9thique","guidelines_policies_cards_grid_description":"Notre Charte \u00e9thique n'est pas un simple document : c'est la boussole qui guide chaque d\u00e9cision. Elle d\u00e9finit notre fa\u00e7on de travailler, d'interagir et de contribuer \u00e0 un environnement juste et responsable. Elle est synonyme d'int\u00e9grit\u00e9, de respect, de transparence et d'engagement. Des valeurs que nous ne nous contentons pas d'\u00e9crire, mais que nous mettons en pratique.","guidelines_policies_cards_grid_button_label":"Lire l'int\u00e9gralit\u00e9 de la Charte \u00e9thique","guidelines_policies_cards_grid_button_action":"file","guidelines_policies_cards_grid_button_url":"","guidelines_policies_cards_grid_button_post":null,"guidelines_policies_cards_grid_button_file":2136,"guidelines_policies_cards_grid_button_modal_url":"","guidelines_policies_cards_grid_button":""}],"page_guidelines_policies_json_schema_json_schema":""},"yoast_head":"<!-- This site is optimized with the Yoast SEO Premium plugin v26.8 (Yoast SEO v27.1.1) - https:\/\/yoast.com\/product\/yoast-seo-premium-wordpress\/ -->\n<title>Directives et politiques | Girbau France<\/title>\n<meta name=\"description\" content=\"D\u00e9couvrez les directives et politiques corporatives de Girbau, notre cadre strat\u00e9gique visant \u00e0 garantir la conformit\u00e9, la transparence et une gestion responsable au sein de toute l\u2019organisation.\" \/>\n<meta name=\"robots\" content=\"index, follow, max-snippet:-1, max-image-preview:large, max-video-preview:-1\" \/>\n<link rel=\"canonical\" href=\"https:\/\/www.girbau.com\/fr-fr\/directives-et-politiques\/\" \/>\n<meta property=\"og:locale\" content=\"fr_FR\" \/>\n<meta property=\"og:type\" content=\"article\" \/>\n<meta property=\"og:title\" content=\"Politiques internes et lignes directrices\" \/>\n<meta property=\"og:description\" content=\"D\u00e9couvrez les directives et politiques corporatives de Girbau, notre cadre strat\u00e9gique visant \u00e0 garantir la conformit\u00e9, la transparence et une gestion responsable au sein de toute l\u2019organisation.\" \/>\n<meta property=\"og:url\" content=\"https:\/\/www.girbau.com\/fr-fr\/directives-et-politiques\/\" \/>\n<meta property=\"og:site_name\" content=\"Girbau FR\" \/>\n<meta property=\"article:modified_time\" content=\"2026-01-21T15:28:56+00:00\" \/>\n<meta name=\"twitter:card\" content=\"summary_large_image\" \/>\n<script type=\"application\/ld+json\" class=\"yoast-schema-graph\">{\"@context\":\"https:\/\/schema.org\",\"@graph\":[{\"@type\":\"WebPage\",\"@id\":\"https:\/\/www.girbau.com\/fr-fr\/directives-et-politiques\/\",\"url\":\"https:\/\/www.girbau.com\/fr-fr\/directives-et-politiques\/\",\"name\":\"Directives et politiques | Girbau France\",\"isPartOf\":{\"@id\":\"https:\/\/www.girbau.com\/fr-fr\/#website\"},\"datePublished\":\"2025-12-05T00:45:52+00:00\",\"dateModified\":\"2026-01-21T15:28:56+00:00\",\"description\":\"D\u00e9couvrez les directives et politiques corporatives de Girbau, notre cadre strat\u00e9gique visant \u00e0 garantir la conformit\u00e9, la transparence et une gestion responsable au sein de toute l\u2019organisation.\",\"breadcrumb\":{\"@id\":\"https:\/\/www.girbau.com\/fr-fr\/directives-et-politiques\/#breadcrumb\"},\"inLanguage\":\"fr-FR\",\"potentialAction\":[{\"@type\":\"ReadAction\",\"target\":[\"https:\/\/www.girbau.com\/fr-fr\/directives-et-politiques\/\"]}]},{\"@type\":\"BreadcrumbList\",\"@id\":\"https:\/\/www.girbau.com\/fr-fr\/directives-et-politiques\/#breadcrumb\",\"itemListElement\":[{\"@type\":\"ListItem\",\"position\":1,\"name\":\"Home\",\"item\":\"https:\/\/www.girbau.com\/fr-fr\/\"},{\"@type\":\"ListItem\",\"position\":2,\"name\":\"Politiques internes et lignes directrices\"}]},{\"@type\":\"WebSite\",\"@id\":\"https:\/\/www.girbau.com\/fr-fr\/#website\",\"url\":\"https:\/\/www.girbau.com\/fr-fr\/\",\"name\":\"Girbau FR\",\"description\":\"\",\"potentialAction\":[{\"@type\":\"SearchAction\",\"target\":{\"@type\":\"EntryPoint\",\"urlTemplate\":\"https:\/\/www.girbau.com\/fr-fr\/?s={search_term_string}\"},\"query-input\":{\"@type\":\"PropertyValueSpecification\",\"valueRequired\":true,\"valueName\":\"search_term_string\"}}],\"inLanguage\":\"fr-FR\"}]}<\/script>\n<!-- \/ Yoast SEO Premium plugin. -->","yoast_head_json":{"title":"Directives et politiques | Girbau France","description":"D\u00e9couvrez les directives et politiques corporatives de Girbau, notre cadre strat\u00e9gique visant \u00e0 garantir la conformit\u00e9, la transparence et une gestion responsable au sein de toute l\u2019organisation.","robots":{"index":"index","follow":"follow","max-snippet":"max-snippet:-1","max-image-preview":"max-image-preview:large","max-video-preview":"max-video-preview:-1"},"canonical":"https:\/\/www.girbau.com\/fr-fr\/directives-et-politiques\/","og_locale":"fr_FR","og_type":"article","og_title":"Politiques internes et lignes directrices","og_description":"D\u00e9couvrez les directives et politiques corporatives de Girbau, notre cadre strat\u00e9gique visant \u00e0 garantir la conformit\u00e9, la transparence et une gestion responsable au sein de toute l\u2019organisation.","og_url":"https:\/\/www.girbau.com\/fr-fr\/directives-et-politiques\/","og_site_name":"Girbau FR","article_modified_time":"2026-01-21T15:28:56+00:00","twitter_card":"summary_large_image","schema":{"@context":"https:\/\/schema.org","@graph":[{"@type":"WebPage","@id":"https:\/\/www.girbau.com\/fr-fr\/directives-et-politiques\/","url":"https:\/\/www.girbau.com\/fr-fr\/directives-et-politiques\/","name":"Directives et politiques | Girbau France","isPartOf":{"@id":"https:\/\/www.girbau.com\/fr-fr\/#website"},"datePublished":"2025-12-05T00:45:52+00:00","dateModified":"2026-01-21T15:28:56+00:00","description":"D\u00e9couvrez les directives et politiques corporatives de Girbau, notre cadre strat\u00e9gique visant \u00e0 garantir la conformit\u00e9, la transparence et une gestion responsable au sein de toute l\u2019organisation.","breadcrumb":{"@id":"https:\/\/www.girbau.com\/fr-fr\/directives-et-politiques\/#breadcrumb"},"inLanguage":"fr-FR","potentialAction":[{"@type":"ReadAction","target":["https:\/\/www.girbau.com\/fr-fr\/directives-et-politiques\/"]}]},{"@type":"BreadcrumbList","@id":"https:\/\/www.girbau.com\/fr-fr\/directives-et-politiques\/#breadcrumb","itemListElement":[{"@type":"ListItem","position":1,"name":"Home","item":"https:\/\/www.girbau.com\/fr-fr\/"},{"@type":"ListItem","position":2,"name":"Politiques internes et lignes directrices"}]},{"@type":"WebSite","@id":"https:\/\/www.girbau.com\/fr-fr\/#website","url":"https:\/\/www.girbau.com\/fr-fr\/","name":"Girbau FR","description":"","potentialAction":[{"@type":"SearchAction","target":{"@type":"EntryPoint","urlTemplate":"https:\/\/www.girbau.com\/fr-fr\/?s={search_term_string}"},"query-input":{"@type":"PropertyValueSpecification","valueRequired":true,"valueName":"search_term_string"}}],"inLanguage":"fr-FR"}]}},"_links":{"self":[{"href":"https:\/\/www.girbau.com\/fr-fr\/wp-json\/wp\/v2\/pages\/794","targetHints":{"allow":["GET"]}}],"collection":[{"href":"https:\/\/www.girbau.com\/fr-fr\/wp-json\/wp\/v2\/pages"}],"about":[{"href":"https:\/\/www.girbau.com\/fr-fr\/wp-json\/wp\/v2\/types\/page"}],"author":[{"embeddable":true,"href":"https:\/\/www.girbau.com\/fr-fr\/wp-json\/wp\/v2\/users\/10"}],"replies":[{"embeddable":true,"href":"https:\/\/www.girbau.com\/fr-fr\/wp-json\/wp\/v2\/comments?post=794"}],"version-history":[{"count":17,"href":"https:\/\/www.girbau.com\/fr-fr\/wp-json\/wp\/v2\/pages\/794\/revisions"}],"predecessor-version":[{"id":2137,"href":"https:\/\/www.girbau.com\/fr-fr\/wp-json\/wp\/v2\/pages\/794\/revisions\/2137"}],"wp:attachment":[{"href":"https:\/\/www.girbau.com\/fr-fr\/wp-json\/wp\/v2\/media?parent=794"}],"curies":[{"name":"wp","href":"https:\/\/api.w.org\/{rel}","templated":true}]}}