{"id":1086,"date":"2025-12-05T16:46:33","date_gmt":"2025-12-05T15:46:33","guid":{"rendered":"https:\/\/www.girbau.com\/it-it\/soporte\/"},"modified":"2026-02-23T14:14:43","modified_gmt":"2026-02-23T13:14:43","slug":"supporto","status":"publish","type":"page","link":"https:\/\/www.girbau.com\/it-it\/supporto\/","title":{"rendered":"Il tuo supporto Girbau in Italia, sempre vicino"},"content":{"rendered":"","protected":false},"excerpt":{"rendered":"","protected":false},"author":10,"featured_media":0,"parent":0,"menu_order":0,"comment_status":"closed","ping_status":"closed","template":"","meta":{"_acf_changed":false,"footnotes":""},"class_list":["post-1086","page","type-page","status-publish","hentry"],"acf":{"page_soporte_main_subtitle":"Contattaci per assistenza tecnica, consulenza commerciale o informazioni sui nostri prodotti e servizi","page_soporte_main_background":1769,"page_soporte_main_background_video_small":"https:\/\/www.girbau.com\/it-it\/wp-content\/uploads\/sites\/7\/2025\/12\/girbau-customer-support-services-banner-480.webm","page_soporte_main_background_video_medium":"https:\/\/www.girbau.com\/it-it\/wp-content\/uploads\/sites\/7\/2025\/12\/girbau-customer-support-services-banner-900.webm","page_soporte_main_background_video_large":"https:\/\/www.girbau.com\/it-it\/wp-content\/uploads\/sites\/7\/2025\/12\/girbau-customer-support-services-banner-1400.webm","page_soporte_main_background_video_extra_large":"https:\/\/www.girbau.com\/it-it\/wp-content\/uploads\/sites\/7\/2025\/12\/girbau-customer-support-services-banner-1920.webm","page_soporte_help_enabled":true,"page_soporte_help_section_tag":"Supporto ","page_soporte_help_section_title":"Girbau Italia, sempre a disposizione per aiutarti","page_soporte_help_section_description":"La nostra assistenza commerciale e tecnica ti assiste per risolvere dubbi, fornire pezzi di ricambio e garantire il massimo rendimento per le tue apparecchiature Girbau.","page_soporte_help_alert_icon":"info-circle","page_soporte_help_alert_title":"Assistenza tecnica locale e supporto globale sempre disponibili","page_soporte_help_alert_description":"+39 051 091 3010 | <a href=\"mailto:infoitaly@girbau.com\">infoitaly@girbau.com<\/a>","page_soporte_help_numeric_cards_cards":[{"soporte_help_image":1253,"soporte_help_title":"Supporto commerciale","soporte_help_description":"La soluzione Girbau di cui la tua azienda ha bisogno.","soporte_help_url":{"title":"Supporto Commerciale","url":"https:\/\/www.girbau.com\/it-it\/supporto\/supporto-commerciale\/","target":""}},{"soporte_help_image":1252,"soporte_help_title":"Supporto tecnico","soporte_help_description":"Assistenza tecnica ufficiale sempre al tuo fianco.","soporte_help_url":{"title":"Supporto Tecnico","url":"https:\/\/www.girbau.com\/it-it\/supporto\/supporto-tecnico\/","target":""}},{"soporte_help_image":1251,"soporte_help_title":"Richieste da parte dei mezzi di comunicazione","soporte_help_description":"Contatti diretti per i mezzi di comunicazione e la stampa.","soporte_help_url":{"title":"Richieste Stampa","url":"https:\/\/www.girbau.com\/it-it\/supporto\/richieste-stampa\/","target":""}}],"page_soporte_locations_enabled":true,"page_soporte_locations_section_title":"Sempre vicino alla tua lavanderia","page_soporte_locations_section_description":"Con una presenza globale e un\u2019assistenza tecnica locale, puoi usufruire del supporto di Girbau ovunque tu ne abbia bisogno.","page_soporte_documentation_enabled":true,"page_soporte_documentation_tag":"Servizi digitali ","page_soporte_documentation_title":"Risorse e controllo a portata di mano","page_soporte_documentation_description":"Accedi alla documentazione, al supporto tecnico, ai pezzi di ricambio e alle apparecchiature Girbau con un solo clic.","page_soporte_documentation_columns":"3","page_soporte_documentation_cards":[{"soporte_documentation_image":1254,"soporte_documentation_title":"Horizon","soporte_documentation_description":"Con Horizon potete acquistare ricambi e attrezzature commerciali di Girbau, controllare lo stato degli ordini e monitorare le spedizioni in modo semplice, il tutto da un unico spazio online.","soporte_documentation_button_label":"Scopri Horizon","soporte_documentation_button_action":"url","soporte_documentation_button_url":"https:\/\/horizon.girbau.com\/","soporte_documentation_button_post":"","soporte_documentation_button_file":"","soporte_documentation_button_modal_url":"","soporte_documentation_button":""},{"soporte_documentation_image":1255,"soporte_documentation_title":"MyGirbau","soporte_documentation_description":"Registrate il tuo macchinario Girbau per accedere a manuali, documentazione tecnica, servizi online e consultare e\/o estendere la garanzia.","soporte_documentation_button_label":"Scopri MyGirbau","soporte_documentation_button_action":"url","soporte_documentation_button_url":"https:\/\/my.girbau.com\/","soporte_documentation_button_post":"","soporte_documentation_button_file":"","soporte_documentation_button_modal_url":"","soporte_documentation_button":""}],"page_soporte_faqs_enabled":true,"page_soporte_faqs_narrow_container":false,"page_soporte_faqs_narrow_content":false,"page_soporte_faqs_tag":"Domande frequenti","page_soporte_faqs_title":"Risolviamo i tuoi dubbi sul supporto Girbau Italia","page_soporte_faqs_description":"","page_soporte_faqs_text":"","page_soporte_faqs_items":[{"soporte_faqs_title":"Che tipo di supporto offre Girbau Italia?","soporte_faqs_content":"Girbau ti accompagna in ogni fase della tua attivit\u00e0 con un supporto commerciale e tecnico vicino a te. Il nostro team, insieme a una rete globale di filiali e distributori locali, ti consiglia nella scelta delle attrezzature, nella progettazione degli impianti e nella manutenzione delle tue soluzioni di lavanderia. Sempre vicini, sempre disponibili. Contatta il supporto commerciale e tecnico di Girbau."},{"soporte_faqs_title":"Come posso contattare il team di supporto o richiedere assistenza?","soporte_faqs_content":"Puoi contattarci facilmente tramite <a href=\"https:\/\/www.girbau.com\/it-it\/supporto\/supporto-tecnico\/\">il modulo web<\/a>, telefonicamente oppure direttamente con il team di Girbau Italia.\r\nInoltre, attraverso la piattaforma MyGirbau hai accesso a manuali, documentazione tecnica e garanzie per le tue attrezzature."},{"soporte_faqs_title":"Che cos\u2019\u00e8 Horizon?","soporte_faqs_content":"Horizon \u00e8 la piattaforma online di Girbau che centralizza l\u2019assistenza per lavanderie industriali: dall\u2019acquisto di ricambi e attrezzature al monitoraggio degli ordini e delle spedizioni in tempo reale. Consente inoltre di gestire le attivit\u00e0 operative in modo pi\u00f9 efficiente da un unico spazio connesso."},{"soporte_faqs_title":"Che cos\u2019\u00e8 My Girbau?","soporte_faqs_content":"My Girbau \u00e8 il tuo portale clienti: uno spazio dove trovare manuali, documentazione tecnica, servizi online e consultare o estendere la garanzia."},{"soporte_faqs_title":"L\u2019assistenza tecnica Girbau \u00e8 disponibile nella mia area geografica?","soporte_faqs_content":"S\u00ec. Girbau dispone di una <b>filiale in Italia<\/b> e di tecnici autorizzati in diverse regioni del Paese, per offrirti un\u2019assistenza rapida e vicina."},{"soporte_faqs_title":"Dove posso acquistare i macchinari Girbau?","soporte_faqs_content":"Puoi acquistare macchinari Girbau direttamente tramite <b>Girbau Italia<\/b>, attraverso distributori autorizzati o la nostra piattaforma Horizon. Il nostro team locale ti accompagna dalla scelta dell\u2019attrezzatura fino alla messa in funzione."},{"soporte_faqs_title":"Da quale garanzia sono coperte le macchine Girbau?","soporte_faqs_content":"Tutte le nostre macchine commerciali sono dotate di garanzia ufficiale. Per attivarla e usufruirne di tutti i vantaggi, \u00e8 importante registrare la tua attrezzatura in My Girbau. Le condizioni specifiche della garanzia possono variare a seconda del modello e della zona geografica, ma potete sempre contare sull\u2019assistenza tecnica Girbau."},{"soporte_faqs_title":"Girbau dispone di ricambi originali?","soporte_faqs_content":"S\u00ec. Girbau Italia offre <strong>ricambi originali<\/strong> per tutte le sue attrezzature. Puoi acquistarli tramite <strong>Horizon<\/strong> oppure richiederli direttamente al <a href=\"https:\/\/www.girbau.com\/es-mx\/soporte\/soporte-tecnico\/\">team di supporto locale<\/a>."}],"page_soporte_json_schema_json_schema":"[\r\n  {\r\n    \"@context\": \"https:\/\/schema.org\",\r\n    \"@type\": \"Organization\",\r\n    \"@id\": \"https:\/\/girbau.com\/it-it\/#organization\",\r\n    \"name\": \"Girbau\",\r\n    \"url\": \"https:\/\/girbau.com\/it-it\/\",\r\n    \"logo\": \"https:\/\/www.girbau.com\/es-es\/wp-content\/uploads\/sites\/4\/2025\/12\/cropped-favicon.png\",\r\n    \"description\": \"Girbau \u00e8 un produttore di soluzioni di lavanderia professionale per settori come ospitalit\u00e0, sanit\u00e0, industria, strutture assistenziali e servizi commerciali.\",\r\n    \"contactPoint\": [\r\n      {\r\n        \"@type\": \"ContactPoint\",\r\n        \"contactType\": \"assistenza clienti\",\r\n        \"availableLanguage\": [\"it\"]\r\n      }\r\n    ]\r\n  },\r\n  {\r\n    \"@context\": \"https:\/\/schema.org\",\r\n    \"@type\": \"FAQPage\",\r\n    \"@id\": \"https:\/\/girbau.com\/it-it\/supporto\/#faq\",\r\n    \"mainEntity\": [\r\n      {\r\n        \"@type\": \"Question\",\r\n        \"name\": \"Che tipo di supporto offre Girbau Italia?\",\r\n        \"acceptedAnswer\": {\r\n          \"@type\": \"Answer\",\r\n          \"text\": \"Girbau ti accompagna in ogni fase della tua attivit\u00e0 con un supporto commerciale e tecnico vicino a te. Il nostro team, insieme a una rete globale di filiali e distributori locali, ti consiglia nella scelta delle attrezzature, nella progettazione degli impianti e nella manutenzione delle tue soluzioni di lavanderia. Sempre vicini, sempre disponibili.\"\r\n        }\r\n      },\r\n      {\r\n        \"@type\": \"Question\",\r\n        \"name\": \"Come posso contattare il team di supporto o richiedere assistenza?\",\r\n        \"acceptedAnswer\": {\r\n          \"@type\": \"Answer\",\r\n          \"text\": \"Puoi contattarci facilmente tramite il modulo web, telefonicamente oppure direttamente con il team di Girbau Italia. Inoltre, attraverso la piattaforma MyGirbau hai accesso a manuali, documentazione tecnica e garanzie per le tue attrezzature.\"\r\n        }\r\n      },\r\n      {\r\n        \"@type\": \"Question\",\r\n        \"name\": \"Che cos\u2019\u00e8 Horizon?\",\r\n        \"acceptedAnswer\": {\r\n          \"@type\": \"Answer\",\r\n          \"text\": \"Horizon \u00e8 la piattaforma online di Girbau che centralizza l\u2019assistenza per lavanderie industriali: dall\u2019acquisto di ricambi e attrezzature al monitoraggio degli ordini e delle spedizioni in tempo reale. Consente inoltre di gestire le attivit\u00e0 operative in modo pi\u00f9 efficiente da un unico spazio connesso.\"\r\n        }\r\n      },\r\n      {\r\n        \"@type\": \"Question\",\r\n        \"name\": \"Che cos\u2019\u00e8 My Girbau?\",\r\n        \"acceptedAnswer\": {\r\n          \"@type\": \"Answer\",\r\n          \"text\": \"My Girbau \u00e8 il tuo portale clienti: uno spazio dove trovare manuali, documentazione tecnica, servizi online e consultare o estendere la garanzia.\"\r\n        }\r\n      },\r\n      {\r\n        \"@type\": \"Question\",\r\n        \"name\": \"L\u2019assistenza tecnica Girbau \u00e8 disponibile nella mia area geografica?\",\r\n        \"acceptedAnswer\": {\r\n          \"@type\": \"Answer\",\r\n          \"text\": \"S\u00ec. Girbau dispone di una filiale in Italia e di tecnici autorizzati in diverse regioni del Paese, per offrirti un\u2019assistenza rapida e vicina.\"\r\n        }\r\n      },\r\n      {\r\n        \"@type\": \"Question\",\r\n        \"name\": \"Dove posso acquistare i macchinari Girbau?\",\r\n        \"acceptedAnswer\": {\r\n          \"@type\": \"Answer\",\r\n          \"text\": \"Puoi acquistare macchinari Girbau direttamente tramite Girbau Italia, attraverso distributori autorizzati o la nostra piattaforma Horizon. Il nostro team locale ti accompagna dalla scelta dell\u2019attrezzatura fino alla messa in funzione.\"\r\n        }\r\n      },\r\n      {\r\n        \"@type\": \"Question\",\r\n        \"name\": \"Da quale garanzia sono coperte le macchine Girbau?\",\r\n        \"acceptedAnswer\": {\r\n          \"@type\": \"Answer\",\r\n          \"text\": \"Tutte le nostre macchine commerciali sono dotate di garanzia ufficiale. Per attivarla e usufruirne di tutti i vantaggi, \u00e8 importante registrare la tua attrezzatura in My Girbau. Le condizioni specifiche della garanzia possono variare a seconda del modello e della zona geografica, ma potete sempre contare sull\u2019assistenza tecnica Girbau.\"\r\n        }\r\n      },\r\n      {\r\n        \"@type\": \"Question\",\r\n        \"name\": \"Girbau dispone di ricambi originali?\",\r\n        \"acceptedAnswer\": {\r\n          \"@type\": \"Answer\",\r\n          \"text\": \"S\u00ec. Girbau Italia offre ricambi originali per tutte le sue attrezzature. Puoi acquistarli tramite Horizon oppure richiederli direttamente al team di supporto locale.\"\r\n        }\r\n      }\r\n    ]\r\n  }\r\n]\r\n"},"yoast_head":"<!-- This site is optimized with the Yoast SEO Premium plugin v26.8 (Yoast SEO v27.1.1) - https:\/\/yoast.com\/product\/yoast-seo-premium-wordpress\/ -->\n<title>Supporto per lavanderie industriali e commerciali | Girbau Italia<\/title>\n<meta name=\"description\" content=\"Accedi al supporto tecnico e commerciale di Girbau Italia. Trova assistenza esperta per la tua lavanderia professionale o self-service.\" \/>\n<meta name=\"robots\" content=\"index, follow, max-snippet:-1, max-image-preview:large, max-video-preview:-1\" \/>\n<link rel=\"canonical\" href=\"https:\/\/www.girbau.com\/it-it\/supporto\/\" \/>\n<meta property=\"og:locale\" content=\"it_IT\" \/>\n<meta property=\"og:type\" content=\"article\" \/>\n<meta property=\"og:title\" content=\"Il tuo supporto Girbau in Italia, sempre vicino\" \/>\n<meta property=\"og:description\" content=\"Accedi al supporto tecnico e commerciale di Girbau Italia. Trova assistenza esperta per la tua lavanderia professionale o self-service.\" \/>\n<meta property=\"og:url\" content=\"https:\/\/www.girbau.com\/it-it\/supporto\/\" \/>\n<meta property=\"og:site_name\" content=\"Girbau IT\" \/>\n<meta property=\"article:modified_time\" content=\"2026-02-23T13:14:43+00:00\" \/>\n<meta name=\"twitter:card\" content=\"summary_large_image\" \/>\n<script type=\"application\/ld+json\" class=\"yoast-schema-graph\">{\"@context\":\"https:\/\/schema.org\",\"@graph\":[{\"@type\":\"WebPage\",\"@id\":\"https:\/\/www.girbau.com\/it-it\/supporto\/\",\"url\":\"https:\/\/www.girbau.com\/it-it\/supporto\/\",\"name\":\"Supporto per lavanderie industriali e commerciali | Girbau Italia\",\"isPartOf\":{\"@id\":\"https:\/\/www.girbau.com\/it-it\/#website\"},\"datePublished\":\"2025-12-05T15:46:33+00:00\",\"dateModified\":\"2026-02-23T13:14:43+00:00\",\"description\":\"Accedi al supporto tecnico e commerciale di Girbau Italia. Trova assistenza esperta per la tua lavanderia professionale o self-service.\",\"breadcrumb\":{\"@id\":\"https:\/\/www.girbau.com\/it-it\/supporto\/#breadcrumb\"},\"inLanguage\":\"it-IT\",\"potentialAction\":[{\"@type\":\"ReadAction\",\"target\":[\"https:\/\/www.girbau.com\/it-it\/supporto\/\"]}]},{\"@type\":\"BreadcrumbList\",\"@id\":\"https:\/\/www.girbau.com\/it-it\/supporto\/#breadcrumb\",\"itemListElement\":[{\"@type\":\"ListItem\",\"position\":1,\"name\":\"Home\",\"item\":\"https:\/\/www.girbau.com\/it-it\/\"},{\"@type\":\"ListItem\",\"position\":2,\"name\":\"Il tuo supporto Girbau in Italia, sempre vicino\"}]},{\"@type\":\"WebSite\",\"@id\":\"https:\/\/www.girbau.com\/it-it\/#website\",\"url\":\"https:\/\/www.girbau.com\/it-it\/\",\"name\":\"Girbau IT\",\"description\":\"\",\"potentialAction\":[{\"@type\":\"SearchAction\",\"target\":{\"@type\":\"EntryPoint\",\"urlTemplate\":\"https:\/\/www.girbau.com\/it-it\/?s={search_term_string}\"},\"query-input\":{\"@type\":\"PropertyValueSpecification\",\"valueRequired\":true,\"valueName\":\"search_term_string\"}}],\"inLanguage\":\"it-IT\"}]}<\/script>\n<!-- \/ Yoast SEO Premium plugin. -->","yoast_head_json":{"title":"Supporto per lavanderie industriali e commerciali | Girbau Italia","description":"Accedi al supporto tecnico e commerciale di Girbau Italia. Trova assistenza esperta per la tua lavanderia professionale o self-service.","robots":{"index":"index","follow":"follow","max-snippet":"max-snippet:-1","max-image-preview":"max-image-preview:large","max-video-preview":"max-video-preview:-1"},"canonical":"https:\/\/www.girbau.com\/it-it\/supporto\/","og_locale":"it_IT","og_type":"article","og_title":"Il tuo supporto Girbau in Italia, sempre vicino","og_description":"Accedi al supporto tecnico e commerciale di Girbau Italia. Trova assistenza esperta per la tua lavanderia professionale o self-service.","og_url":"https:\/\/www.girbau.com\/it-it\/supporto\/","og_site_name":"Girbau IT","article_modified_time":"2026-02-23T13:14:43+00:00","twitter_card":"summary_large_image","schema":{"@context":"https:\/\/schema.org","@graph":[{"@type":"WebPage","@id":"https:\/\/www.girbau.com\/it-it\/supporto\/","url":"https:\/\/www.girbau.com\/it-it\/supporto\/","name":"Supporto per lavanderie industriali e commerciali | Girbau Italia","isPartOf":{"@id":"https:\/\/www.girbau.com\/it-it\/#website"},"datePublished":"2025-12-05T15:46:33+00:00","dateModified":"2026-02-23T13:14:43+00:00","description":"Accedi al supporto tecnico e commerciale di Girbau Italia. Trova assistenza esperta per la tua lavanderia professionale o self-service.","breadcrumb":{"@id":"https:\/\/www.girbau.com\/it-it\/supporto\/#breadcrumb"},"inLanguage":"it-IT","potentialAction":[{"@type":"ReadAction","target":["https:\/\/www.girbau.com\/it-it\/supporto\/"]}]},{"@type":"BreadcrumbList","@id":"https:\/\/www.girbau.com\/it-it\/supporto\/#breadcrumb","itemListElement":[{"@type":"ListItem","position":1,"name":"Home","item":"https:\/\/www.girbau.com\/it-it\/"},{"@type":"ListItem","position":2,"name":"Il tuo supporto Girbau in Italia, sempre vicino"}]},{"@type":"WebSite","@id":"https:\/\/www.girbau.com\/it-it\/#website","url":"https:\/\/www.girbau.com\/it-it\/","name":"Girbau IT","description":"","potentialAction":[{"@type":"SearchAction","target":{"@type":"EntryPoint","urlTemplate":"https:\/\/www.girbau.com\/it-it\/?s={search_term_string}"},"query-input":{"@type":"PropertyValueSpecification","valueRequired":true,"valueName":"search_term_string"}}],"inLanguage":"it-IT"}]}},"_links":{"self":[{"href":"https:\/\/www.girbau.com\/it-it\/wp-json\/wp\/v2\/pages\/1086","targetHints":{"allow":["GET"]}}],"collection":[{"href":"https:\/\/www.girbau.com\/it-it\/wp-json\/wp\/v2\/pages"}],"about":[{"href":"https:\/\/www.girbau.com\/it-it\/wp-json\/wp\/v2\/types\/page"}],"author":[{"embeddable":true,"href":"https:\/\/www.girbau.com\/it-it\/wp-json\/wp\/v2\/users\/10"}],"replies":[{"embeddable":true,"href":"https:\/\/www.girbau.com\/it-it\/wp-json\/wp\/v2\/comments?post=1086"}],"version-history":[{"count":19,"href":"https:\/\/www.girbau.com\/it-it\/wp-json\/wp\/v2\/pages\/1086\/revisions"}],"predecessor-version":[{"id":2119,"href":"https:\/\/www.girbau.com\/it-it\/wp-json\/wp\/v2\/pages\/1086\/revisions\/2119"}],"wp:attachment":[{"href":"https:\/\/www.girbau.com\/it-it\/wp-json\/wp\/v2\/media?parent=1086"}],"curies":[{"name":"wp","href":"https:\/\/api.w.org\/{rel}","templated":true}]}}