{"id":1350,"date":"2025-12-09T15:07:29","date_gmt":"2025-12-09T14:07:29","guid":{"rendered":"https:\/\/www.girbau.com\/it-it\/soporte\/soporte-tecnico\/"},"modified":"2026-02-23T12:15:35","modified_gmt":"2026-02-23T11:15:35","slug":"supporto-tecnico","status":"publish","type":"page","link":"https:\/\/www.girbau.com\/it-it\/supporto\/supporto-tecnico\/","title":{"rendered":"Supporto Tecnico"},"content":{"rendered":"\n\n\t\n<nav class=\"breadcrumbs\">\n\t<ul class=\"container breadcrumbs__list\">\n\t\t\t\t\t<li class=\"breadcrumbs__item\">\n\t\t\t\t\t\t\t\t\t<a\n\t\t\t\t\t\thref=\"https:\/\/www.girbau.com\/it-it\/\"\n\t\t\t\t\t\tclass=\"breadcrumbs__link\"\n\t\t\t\t\t\taria-label=\"Inizio\">\n\t\t\t\t\t\t<svg width=\"24\" height=\"24\" viewBox=\"0 0 24 24\" fill=\"none\" xmlns=\"http:\/\/www.w3.org\/2000\/svg\">\n<path d=\"M20 8.00001L14 2.74001C13.45 2.24805 12.7379 1.97607 12 1.97607C11.262 1.97607 10.55 2.24805 9.99997 2.74001L3.99997 8.00001C3.68234 8.28408 3.42887 8.63256 3.25644 9.02225C3.08402 9.41194 2.99659 9.83389 2.99997 10.26V19C2.99997 19.7957 3.31604 20.5587 3.87865 21.1213C4.44126 21.6839 5.20432 22 5.99997 22H18C18.7956 22 19.5587 21.6839 20.1213 21.1213C20.6839 20.5587 21 19.7957 21 19V10.25C21.0019 9.82557 20.9138 9.40555 20.7414 9.01769C20.5691 8.62983 20.3163 8.28296 20 8.00001ZM14 20H9.99997V15C9.99997 14.7348 10.1053 14.4804 10.2929 14.2929C10.4804 14.1054 10.7348 14 11 14H13C13.2652 14 13.5195 14.1054 13.7071 14.2929C13.8946 14.4804 14 14.7348 14 15V20ZM19 19C19 19.2652 18.8946 19.5196 18.7071 19.7071C18.5195 19.8946 18.2652 20 18 20H16V15C16 14.2044 15.6839 13.4413 15.1213 12.8787C14.5587 12.3161 13.7956 12 13 12H11C10.2043 12 9.44126 12.3161 8.87865 12.8787C8.31604 13.4413 7.99997 14.2044 7.99997 15V20H5.99997C5.73476 20 5.4804 19.8946 5.29287 19.7071C5.10533 19.5196 4.99997 19.2652 4.99997 19V10.25C5.00015 10.108 5.03057 9.9677 5.08919 9.83839C5.14781 9.70907 5.2333 9.59372 5.33997 9.50001L11.34 4.25001C11.5225 4.08969 11.7571 4.00127 12 4.00127C12.2429 4.00127 12.4775 4.08969 12.66 4.25001L18.66 9.50001C18.7666 9.59372 18.8521 9.70907 18.9108 9.83839C18.9694 9.9677 18.9998 10.108 19 10.25V19Z\" fill=\"black\"\/>\n<\/svg>\n\n\t\t\t\t\t<\/a>\n\t\t\t\t\t\t\t<\/li>\n\t\t\t<\/ul>\n<\/nav>\n\n\n\n\t\n\n\n<div class=\"content__block\">\n\t\n\t\n<div class=\"section-intro py-layoutModuleSpace container narrow\">\n\t\n\t\t\t<div class=\"section-intro__container\">\n\t\t\t\t\t\t\t\t\t\t<h2 class=\"section-intro__title\">Hai bisogno di aiuto, assistenza o ricambi per le tue apparecchiature?<\/h2>\n\t\t\t\t\t<\/div>\n\t\n\t\t\t\t\t\t\t\t<p class=\"section-intro__description\">\n\t\t\t\tIl nostro team tecnico \u00e8 pronto ad aiutarti. Lasciaci i tuoi dati e vi ricontatteremo al pi\u00f9 presto per soddisfare la tua richiesta.\n\t\t\t<\/p>\n\t\t\t\n\t\n\t<\/div>\n<\/div>\n\n\n\n\n<style>\n  .girbau-form { max-width: 980px; margin: 0 auto; }\n  .girbau-grid {\n    display: grid;\n    grid-template-columns: 1fr 1fr;\n    gap: 14px 24px;\n    align-items: start;\n  }\n  .girbau-field { display: flex; flex-direction: column; gap: 6px; }\n  .girbau-label { font-size: 13px; font-weight: 600; }\n  .girbau-label.req::after { content: \" *\"; color: #b00020; }\n\n  .girbau-form input,\n  .girbau-form select,\n  .girbau-form textarea {\n    width: 100%;\n    padding: 10px 12px;\n    border: 1px solid #cfcfcf;\n    border-radius: 10px;\n    font-size: 14px;\n    background: #fff;\n  }\n  .girbau-form textarea { min-height: 130px; resize: vertical; }\n  .girbau-span-2 { grid-column: 1 \/ -1; }\n\n  .girbau-fineprint {\n    font-size: 12px;\n    line-height: 1.4;\n    color: #555;\n    margin-top: 6px;\n  }\n  .girbau-fineprint a { color: inherit; text-decoration: underline; }\n\n  .girbau-actions {\n    grid-column: 1 \/ -1;\n    display: flex;\n    justify-content: center;\n    margin-top: 8px;\n  }\n  .girbau-submit {\n    background: rgb(0,116,129);\n    color: #fff;\n    border: 0;\n    cursor: pointer;\n    font-weight: 700;\n    letter-spacing: 0.2px;\n    padding: 12px 28px;\n    border-radius: 12px;\n    min-width: 220px;\n  }\n  .girbau-submit:hover { filter: brightness(0.95); }\n  .girbau-submit:active { transform: translateY(1px); }\n\n  .girbau-hidden { display: none !important; }\n\n  @media (max-width: 820px) {\n    .girbau-grid { grid-template-columns: 1fr; }\n    .girbau-span-2 { grid-column: auto; }\n  }\n<\/style>\n\n<form action=\"https:\/\/webto.salesforce.com\/servlet\/servlet.WebToCase?encoding=UTF-8&#038;orgId=00DU0000000LgZH\" method=\"POST\">\n\n<input type=\"hidden\" name=\"orgid\" value=\"00DU0000000LgZH\">\n<input type=\"hidden\" name=\"retURL\" value=\"https:\/\/www.girbau.com\/it-it\/grazie\/\">\n<input type=\"hidden\" id=\"external\" name=\"external\" value=\"1\">\n\n<div class=\"girbau-form\" id=\"girbauW2CFormIT\">\n  <div class=\"girbau-grid\">\n\n    <div class=\"girbau-field\">\n      <label class=\"girbau-label req\" for=\"00N4O000005qC1r\">Tipo di richiesta<\/label>\n      <select id=\"00N4O000005qC1r\" name=\"00N4O000005qC1r\" required>\n        <option value=\"\">&#8211;Nessuno&#8211;<\/option>\n        <option value=\"Inquiry\">Richiesta<\/option>\n        <option value=\"Incidence\">Incidenza<\/option>\n        <option value=\"IncidenceFSL\">Incidenza FSL<\/option>\n      <\/select>\n    <\/div>\n\n    <div class=\"girbau-field\">\n      <label class=\"girbau-label req\" for=\"name\">Nome referente<\/label>\n      <input id=\"name\" name=\"name\" maxlength=\"80\" type=\"text\" required>\n    <\/div>\n\n    <div class=\"girbau-field\">\n      <label class=\"girbau-label req\" for=\"email\">Email<\/label>\n      <input id=\"email\" name=\"email\" maxlength=\"80\" type=\"email\" required>\n    <\/div>\n\n    <div class=\"girbau-field\">\n      <label class=\"girbau-label\" for=\"phone\">Telefono<\/label>\n      <input id=\"phone\" name=\"phone\" maxlength=\"40\" type=\"tel\">\n    <\/div>\n\n    <div class=\"girbau-field\">\n      <label class=\"girbau-label\" for=\"company\">Societ\u00e0<\/label>\n      <input id=\"company\" name=\"company\" maxlength=\"80\" type=\"text\">\n    <\/div>\n\n    <div class=\"girbau-field\">\n      <label class=\"girbau-label req\" for=\"ui_country_it\">Paese<\/label>\n      <select id=\"ui_country_it\" required>\n        <option value=\"\">&#8211;Seleziona&#8211;<\/option>\n      <\/select>\n      <input id=\"00N0B000006Hx5m\" name=\"00N0B000006Hx5m\" type=\"text\" class=\"girbau-hidden\" aria-hidden=\"true\">\n    <\/div>\n\n    <div class=\"girbau-field\">\n      <label class=\"girbau-label\" for=\"00N0B000006Hx5o\">Stato\/Provincia<\/label>\n      <input id=\"00N0B000006Hx5o\" name=\"00N0B000006Hx5o\" maxlength=\"100\" type=\"text\">\n    <\/div>\n\n    <div class=\"girbau-field\">\n      <label class=\"girbau-label\" for=\"00N0B000006Hx5l\">Citt\u00e0<\/label>\n      <input id=\"00N0B000006Hx5l\" name=\"00N0B000006Hx5l\" maxlength=\"50\" type=\"text\">\n    <\/div>\n\n    <div class=\"girbau-field\">\n      <label class=\"girbau-label\" for=\"00N0B000006HgnO\">Numero di serie<\/label>\n      <input id=\"00N0B000006HgnO\" name=\"00N0B000006HgnO\" maxlength=\"80\" type=\"text\">\n    <\/div>\n\n    <div class=\"girbau-field\">\n      <label class=\"girbau-label\" for=\"subject\">Oggetto<\/label>\n      <input id=\"subject\" name=\"subject\" maxlength=\"80\" type=\"text\">\n    <\/div>\n\n    <div class=\"girbau-field girbau-span-2\">\n      <label class=\"girbau-label req\" for=\"description\">Descrizione<\/label>\n      <textarea id=\"description\" name=\"description\" required><\/textarea>\n    <\/div>\n\n    <div class=\"girbau-field girbau-span-2\">\n      <div class=\"girbau-fineprint\">\n        In conformit\u00e0 con il Regolamento UE 2016\/679 del Parlamento Europeo per la protezione delle persone fisiche, accetto che il Gruppo Girbau SA utilizzi i miei dati d&#8217;accordo alla\n        <a href=\"https:\/\/www.girbau.com\/it-it\/politica-privacy\/\" target=\"_blank\" rel=\"noopener noreferrer\">politica sulla privacy<\/a>.\n      <\/div>\n    <\/div>\n\n    <div class=\"girbau-actions\">\n      <input type=\"submit\" name=\"submit\" class=\"girbau-submit\" value=\"Invia\">\n    <\/div>\n\n  <\/div>\n<\/div>\n\n<\/form>\n\n<script>\n(function () {\n  const ui = document.getElementById(\"ui_country_it\");\n  const sf = document.getElementById(\"00N0B000006Hx5m\");\n  const form = document.querySelector('#girbauW2CFormIT').closest('form');\n\n  \/\/ Full Salesforce country list (values must match Salesforce EXACTLY)\n  const sfCountries = [\n    \"Andorra\",\n    \"Emiratos \u00c1rabes Unidos\",\n    \"Afganist\u00e1n\",\n    \"Antigua y Barbuda\",\n    \"Anguila\",\n    \"Albania\",\n    \"Armenia\",\n    \"Netherlands Antilles\",\n    \"Angola\",\n    \"Ant\u00e1rtida\",\n    \"Argentina\",\n    \"AMERICAN SAMOA\",\n    \"Austria\",\n    \"Australia\",\n    \"Aruba\",\n    \"Islas Gland\",\n    \"Azerbaiy\u00e1n\",\n    \"Bosnia y Herzegovina\",\n    \"Barbados\",\n    \"Bangladesh\",\n    \"B\u00e9lgica\",\n    \"Burkina Faso\",\n    \"Bulgaria\",\n    \"Bahr\u00e9in\",\n    \"Burundi\",\n    \"Ben\u00edn\",\n    \"San Bartolom\u00e9\",\n    \"Bermuda\",\n    \"Brun\u00e9i\",\n    \"Bolivia\",\n    \"Bonaire, San Eustaquio y Saba\",\n    \"Brasil\",\n    \"Bahamas\",\n    \"But\u00e1n\",\n    \"Isla Bouvet\",\n    \"Botsuana\",\n    \"Belar\u00fas\",\n    \"Belice\",\n    \"Canad\u00e1\",\n    \"Islas Cocos\",\n    \"Rep\u00fablica Democr\u00e1tica del Congo\",\n    \"Rep\u00fablica Centroafricana\",\n    \"Congo\",\n    \"Suiza\",\n    \"Costa de Marfil\",\n    \"Islas Cook\",\n    \"Chile\",\n    \"Camer\u00fan\",\n    \"China\",\n    \"Colombia\",\n    \"Costa Rica\",\n    \"Cuba\",\n    \"Cabo Verde\",\n    \"Curazao\",\n    \"Isla de Navidad\",\n    \"Chipre\",\n    \"Rep\u00fablica Checa\",\n    \"Alemania\",\n    \"Yibuti\",\n    \"Dinamarca\",\n    \"Dominica\",\n    \"Rep\u00fablica Dominicana\",\n    \"Argelia\",\n    \"Ecuador\",\n    \"Estonia\",\n    \"Egipto\",\n    \"S\u00e1hara Occidental\",\n    \"Eritrea\",\n    \"Espa\u00f1a\",\n    \"Etiop\u00eda\",\n    \"Finlandia\",\n    \"Fiyi\",\n    \"Islas Malvinas\",\n    \"Federated States of Micronesia\",\n    \"Islas Feroe\",\n    \"France\",\n    \"Gab\u00f3n\",\n    \"United Kingdom\",\n    \"Grenada\",\n    \"Georgia\",\n    \"Guyana francesa\",\n    \"Guernesey\",\n    \"Ghana\",\n    \"Gibraltar\",\n    \"Groenlandia\",\n    \"Gambia\",\n    \"Guinea\",\n    \"Guadalupe\",\n    \"Guinea Ecuatorial\",\n    \"Grecia\",\n    \"Islas Georgia del Sur y Sandwich del Sur\",\n    \"Guatemala\",\n    \"Guam\",\n    \"Guinea-Bis\u00e1u\",\n    \"Guyana\",\n    \"Hong Kong\",\n    \"Islas Heard y McDonald\",\n    \"Honduras\",\n    \"Croacia\",\n    \"Hait\u00ed\",\n    \"Hungr\u00eda\",\n    \"Indonesia\",\n    \"Irlanda\",\n    \"Israel\",\n    \"Isla de Man\",\n    \"India\",\n    \"Territorio Brit\u00e1nico del Oc\u00e9ano \u00cdndico\",\n    \"Irak\",\n    \"Rep\u00fablica Isl\u00e1mica de Ir\u00e1n\",\n    \"Ireland\",\n    \"Islandia\",\n    \"Italia\",\n    \"Jersey\",\n    \"Jamaica\",\n    \"Jordania\",\n    \"Jap\u00f3n\",\n    \"Kenia\",\n    \"Kirguist\u00e1n\",\n    \"Camboya\",\n    \"Kiribati\",\n    \"Comoras\",\n    \"Saint Kitts and Nevis\",\n    \"Rep\u00fablica Popular Democr\u00e1tica de Corea\",\n    \"Rep\u00fablica de Corea\",\n    \"Kuwait\",\n    \"Islas Caim\u00e1n\",\n    \"Kazajist\u00e1n\",\n    \"Rep\u00fablica Democr\u00e1tica Popular de Laos\",\n    \"L\u00edbano\",\n    \"Santa Luc\u00eda\",\n    \"Liechtenstein\",\n    \"Sri Lanka\",\n    \"Liberia\",\n    \"Lesotho\",\n    \"Lituania\",\n    \"Luxemburgo\",\n    \"Letonia\",\n    \"Libia\",\n    \"Marruecos\",\n    \"M\u00f3naco\",\n    \"Rep\u00fablica de Moldavia\",\n    \"Montenegro\",\n    \"San Mart\u00edn (parte francesa)\",\n    \"Madagascar\",\n    \"Marshall Islands\",\n    \"Antigua Rep\u00fablica Yugoslava de Macedonia\",\n    \"Mali\",\n    \"Myanmar\",\n    \"Mongolia\",\n    \"Macao\",\n    \"Martinica\",\n    \"Mauritania\",\n    \"Montserrat\",\n    \"Malta\",\n    \"Mauricio\",\n    \"Maldivas\",\n    \"Malawi\",\n    \"M\u00e9xico\",\n    \"Malaysia\",\n    \"Mozambique\",\n    \"Namibia\",\n    \"Nueva Caledonia\",\n    \"N\u00edger\",\n    \"Isla Norfolk\",\n    \"Nigeria\",\n    \"Nicaragua\",\n    \"Pa\u00edses Bajos\",\n    \"Noruega\",\n    \"Nepal\",\n    \"Nauru\",\n    \"Niue\",\n    \"Nueva Zelanda\",\n    \"Om\u00e1n\",\n    \"Panam\u00e1\",\n    \"Per\u00fa\",\n    \"Polinesia francesa\",\n    \"Pap\u00faa Nueva Guinea\",\n    \"Filipinas\",\n    \"Pakist\u00e1n\",\n    \"Polonia\",\n    \"San Pedro y Miquel\u00f3n\",\n    \"Islas Pitcairn\",\n    \"Puerto Rico\",\n    \"Palestina\",\n    \"Portugal\",\n    \"Paraguay\",\n    \"Qatar\",\n    \"Reuni\u00f3n\",\n    \"Ruman\u00eda\",\n    \"Serbia\",\n    \"Federaci\u00f3n de Rusia\",\n    \"Ruanda\",\n    \"Arabia Saud\u00ed\",\n    \"Islas Salom\u00f3n\",\n    \"Seychelles\",\n    \"Sud\u00e1n\",\n    \"Suecia\",\n    \"Singapur\",\n    \"Santa Elena, Ascensi\u00f3n y Trist\u00e1n de Acu\u00f1a\",\n    \"Eslovenia\",\n    \"Svalbard y Jan Mayen\",\n    \"Eslovaquia\",\n    \"Sierra Leona\",\n    \"San Marino\",\n    \"Senegal\",\n    \"Somalia\",\n    \"Surinam\",\n    \"Sud\u00e1n del Sur\",\n    \"Santo Tom\u00e9 y Pr\u00edncipe\",\n    \"El Salvador\",\n    \"San Mart\u00edn (parte holandesa)\",\n    \"Rep\u00fablica \u00c1rabe Siria\",\n    \"Suazilandia\",\n    \"Islas Turcas y Caicos\",\n    \"Chad\",\n    \"Territorios Australes Franceses\",\n    \"Togo\",\n    \"Tailandia\",\n    \"Tayikist\u00e1n\",\n    \"Tokelau\",\n    \"Timor Oriental\",\n    \"Turkmenist\u00e1n\",\n    \"T\u00fanez\",\n    \"Tonga\",\n    \"Turqu\u00eda\",\n    \"Trinidad y Tobago\",\n    \"Tuvalu\",\n    \"Taiw\u00e1n\",\n    \"Rep\u00fablica Unida de Tanzania\",\n    \"Ucrania\",\n    \"Uganda\",\n    \"Estados Unidos\",\n    \"Uruguay\",\n    \"Uzbekist\u00e1n\",\n    \"Santa Sede (Estado de la Ciudad del Vaticano)\",\n    \"San Vicente y las Granadinas\",\n    \"Rep\u00fablica Bolivariana de Venezuela\",\n    \"Islas V\u00edrgenes Brit\u00e1nicas\",\n    \"U.S. Virgin Islands\",\n    \"Vietnam\",\n    \"Vanuatu\",\n    \"Wallis y Futuna\",\n    \"Samoa\",\n    \"Kosovo\",\n    \"Yemen\",\n    \"Mayotte\",\n    \"Sud\u00e1frica\",\n    \"Zambia\",\n    \"Zimbabue\"\n  ];\n\n  \/\/ UI labels in Italian (fallback to SF value if not mapped)\n  const it = {\n    \"Andorra\":\"Andorra\",\n    \"Emiratos \u00c1rabes Unidos\":\"Emirati Arabi Uniti\",\n    \"Afganist\u00e1n\":\"\u0627\u0641\u063a\u0627\u0646\u0633\u062a\u0627\u0646\",\n    \"Antigua y Barbuda\":\"Antigua e Barbuda\",\n    \"Anguila\":\"Anguilla\",\n    \"Albania\":\"Albania\",\n    \"Armenia\":\"Armenia\",\n    \"Netherlands Antilles\":\"Antille Olandesi\",\n    \"Angola\":\"Angola\",\n    \"Ant\u00e1rtida\":\"Antartide\",\n    \"Argentina\":\"Argentina\",\n    \"AMERICAN SAMOA\":\"Samoa Americane\",\n    \"Austria\":\"Austria\",\n    \"Australia\":\"Australia\",\n    \"Aruba\":\"Aruba\",\n    \"Islas Gland\":\"Isole \u00c5land\",\n    \"Azerbaiy\u00e1n\":\"Azerbaigian\",\n    \"Bosnia y Herzegovina\":\"Bosnia ed Erzegovina\",\n    \"Barbados\":\"Barbados\",\n    \"Bangladesh\":\"Bangladesh\",\n    \"B\u00e9lgica\":\"Belgio\",\n    \"Burkina Faso\":\"Burkina Faso\",\n    \"Bulgaria\":\"Bulgaria\",\n    \"Bahr\u00e9in\":\"Bahrein\",\n    \"Burundi\":\"Burundi\",\n    \"Ben\u00edn\":\"Benin\",\n    \"San Bartolom\u00e9\":\"Saint-Barth\u00e9lemy\",\n    \"Bermuda\":\"Bermuda\",\n    \"Brun\u00e9i\":\"Brunei\",\n    \"Bolivia\":\"Bolivia\",\n    \"Brasil\":\"Brasile\",\n    \"Bahamas\":\"Bahamas\",\n    \"But\u00e1n\":\"Bhutan\",\n    \"Botsuana\":\"Botswana\",\n    \"Belar\u00fas\":\"Bielorussia\",\n    \"Belice\":\"Belize\",\n    \"Canad\u00e1\":\"Canada\",\n    \"Chile\":\"Cile\",\n    \"China\":\"Cina\",\n    \"Colombia\":\"Colombia\",\n    \"Costa Rica\":\"Costa Rica\",\n    \"Cuba\":\"Cuba\",\n    \"Chipre\":\"Cipro\",\n    \"Rep\u00fablica Checa\":\"Repubblica Ceca\",\n    \"Alemania\":\"Germania\",\n    \"Dinamarca\":\"Danimarca\",\n    \"Rep\u00fablica Dominicana\":\"Repubblica Dominicana\",\n    \"Ecuador\":\"Ecuador\",\n    \"Estonia\":\"Estonia\",\n    \"Egipto\":\"Egitto\",\n    \"Espa\u00f1a\":\"Spagna\",\n    \"Etiop\u00eda\":\"Etiopia\",\n    \"Finlandia\":\"Finlandia\",\n    \"France\":\"Francia\",\n    \"United Kingdom\":\"Regno Unito\",\n    \"Grecia\":\"Grecia\",\n    \"Irlanda\":\"Irlanda\",\n    \"Islandia\":\"Islanda\",\n    \"Italia\":\"Italia\",\n    \"Jap\u00f3n\":\"Giappone\",\n    \"M\u00e9xico\":\"Messico\",\n    \"Pa\u00edses Bajos\":\"Paesi Bassi\",\n    \"Noruega\":\"Norvegia\",\n    \"Nueva Zelanda\":\"Nuova Zelanda\",\n    \"Portugal\":\"Portogallo\",\n    \"Per\u00fa\":\"Per\u00f9\",\n    \"Polonia\":\"Polonia\",\n    \"Ruman\u00eda\":\"Romania\",\n    \"Federaci\u00f3n de Rusia\":\"Russia\",\n    \"Suecia\":\"Svezia\",\n    \"Singapur\":\"Singapore\",\n    \"Ucrania\":\"Ucraina\",\n    \"Estados Unidos\":\"Stati Uniti\",\n    \"Uruguay\":\"Uruguay\",\n    \"Sud\u00e1frica\":\"Sudafrica\"\n  };\n\n  \/\/ Populate select\n  for (const v of sfCountries) {\n    const opt = document.createElement(\"option\");\n    opt.value = v;                 \/\/ sent to Salesforce (exact)\n    opt.textContent = it[v] || v;  \/\/ shown in Italian (fallback if not mapped)\n    ui.appendChild(opt);\n  }\n\n  function syncCountry() { sf.value = (ui.value || \"\").trim(); }\n  ui.addEventListener(\"change\", syncCountry);\n  form.addEventListener(\"submit\", syncCountry);\n})();\n<\/script>\n\n\n\n\n<p><\/p>\n","protected":false},"excerpt":{"rendered":"<p>Tipo di richiesta &#8211;Nessuno&#8211;RichiestaIncidenzaIncidenza FSL Nome referente Email Telefono Societ\u00e0 Paese &#8211;Seleziona&#8211; Stato\/Provincia Citt\u00e0 Numero di serie Oggetto Descrizione In\u2026<\/p>\n","protected":false},"author":4,"featured_media":0,"parent":1086,"menu_order":0,"comment_status":"closed","ping_status":"closed","template":"","meta":{"_acf_changed":false,"footnotes":""},"class_list":["post-1350","page","type-page","status-publish","hentry"],"acf":[],"yoast_head":"<!-- This site is optimized with the Yoast SEO Premium plugin v26.8 (Yoast SEO v27.1.1) - https:\/\/yoast.com\/product\/yoast-seo-premium-wordpress\/ -->\n<title>Supporto tecnico | Risoluzione dei problemi | Girbau Italia<\/title>\n<meta name=\"description\" content=\"Accedi al supporto tecnico di Girbau Italia per attrezzature di lavanderia professionale. Trova guide di manutenzione, soluzioni ai problemi e assistenza da parte di esperti.\" \/>\n<meta name=\"robots\" content=\"index, follow, max-snippet:-1, max-image-preview:large, max-video-preview:-1\" \/>\n<link rel=\"canonical\" href=\"https:\/\/www.girbau.com\/it-it\/supporto\/supporto-tecnico\/\" \/>\n<meta property=\"og:locale\" content=\"it_IT\" \/>\n<meta property=\"og:type\" content=\"article\" \/>\n<meta property=\"og:title\" content=\"Supporto Tecnico\" \/>\n<meta property=\"og:description\" content=\"Accedi al supporto tecnico di Girbau Italia per attrezzature di lavanderia professionale. Trova guide di manutenzione, soluzioni ai problemi e assistenza da parte di esperti.\" \/>\n<meta property=\"og:url\" content=\"https:\/\/www.girbau.com\/it-it\/supporto\/supporto-tecnico\/\" \/>\n<meta property=\"og:site_name\" content=\"Girbau IT\" \/>\n<meta property=\"article:modified_time\" content=\"2026-02-23T11:15:35+00:00\" \/>\n<meta name=\"twitter:card\" content=\"summary_large_image\" \/>\n<meta name=\"twitter:label1\" content=\"Tempo di lettura stimato\" \/>\n\t<meta name=\"twitter:data1\" content=\"1 minuto\" \/>\n<script type=\"application\/ld+json\" class=\"yoast-schema-graph\">{\"@context\":\"https:\/\/schema.org\",\"@graph\":[{\"@type\":\"WebPage\",\"@id\":\"https:\/\/www.girbau.com\/it-it\/supporto\/supporto-tecnico\/\",\"url\":\"https:\/\/www.girbau.com\/it-it\/supporto\/supporto-tecnico\/\",\"name\":\"Supporto tecnico | Risoluzione dei problemi | Girbau Italia\",\"isPartOf\":{\"@id\":\"https:\/\/www.girbau.com\/it-it\/#website\"},\"datePublished\":\"2025-12-09T14:07:29+00:00\",\"dateModified\":\"2026-02-23T11:15:35+00:00\",\"description\":\"Accedi al supporto tecnico di Girbau Italia per attrezzature di lavanderia professionale. Trova guide di manutenzione, soluzioni ai problemi e assistenza da parte di esperti.\",\"breadcrumb\":{\"@id\":\"https:\/\/www.girbau.com\/it-it\/supporto\/supporto-tecnico\/#breadcrumb\"},\"inLanguage\":\"it-IT\",\"potentialAction\":[{\"@type\":\"ReadAction\",\"target\":[\"https:\/\/www.girbau.com\/it-it\/supporto\/supporto-tecnico\/\"]}]},{\"@type\":\"BreadcrumbList\",\"@id\":\"https:\/\/www.girbau.com\/it-it\/supporto\/supporto-tecnico\/#breadcrumb\",\"itemListElement\":[{\"@type\":\"ListItem\",\"position\":1,\"name\":\"Home\",\"item\":\"https:\/\/www.girbau.com\/it-it\/\"},{\"@type\":\"ListItem\",\"position\":2,\"name\":\"Il tuo supporto Girbau in Italia, sempre vicino\",\"item\":\"https:\/\/www.girbau.com\/it-it\/supporto\/\"},{\"@type\":\"ListItem\",\"position\":3,\"name\":\"Supporto Tecnico\"}]},{\"@type\":\"WebSite\",\"@id\":\"https:\/\/www.girbau.com\/it-it\/#website\",\"url\":\"https:\/\/www.girbau.com\/it-it\/\",\"name\":\"Girbau IT\",\"description\":\"\",\"potentialAction\":[{\"@type\":\"SearchAction\",\"target\":{\"@type\":\"EntryPoint\",\"urlTemplate\":\"https:\/\/www.girbau.com\/it-it\/?s={search_term_string}\"},\"query-input\":{\"@type\":\"PropertyValueSpecification\",\"valueRequired\":true,\"valueName\":\"search_term_string\"}}],\"inLanguage\":\"it-IT\"}]}<\/script>\n<!-- \/ Yoast SEO Premium plugin. -->","yoast_head_json":{"title":"Supporto tecnico | Risoluzione dei problemi | Girbau Italia","description":"Accedi al supporto tecnico di Girbau Italia per attrezzature di lavanderia professionale. Trova guide di manutenzione, soluzioni ai problemi e assistenza da parte di esperti.","robots":{"index":"index","follow":"follow","max-snippet":"max-snippet:-1","max-image-preview":"max-image-preview:large","max-video-preview":"max-video-preview:-1"},"canonical":"https:\/\/www.girbau.com\/it-it\/supporto\/supporto-tecnico\/","og_locale":"it_IT","og_type":"article","og_title":"Supporto Tecnico","og_description":"Accedi al supporto tecnico di Girbau Italia per attrezzature di lavanderia professionale. Trova guide di manutenzione, soluzioni ai problemi e assistenza da parte di esperti.","og_url":"https:\/\/www.girbau.com\/it-it\/supporto\/supporto-tecnico\/","og_site_name":"Girbau IT","article_modified_time":"2026-02-23T11:15:35+00:00","twitter_card":"summary_large_image","twitter_misc":{"Tempo di lettura stimato":"1 minuto"},"schema":{"@context":"https:\/\/schema.org","@graph":[{"@type":"WebPage","@id":"https:\/\/www.girbau.com\/it-it\/supporto\/supporto-tecnico\/","url":"https:\/\/www.girbau.com\/it-it\/supporto\/supporto-tecnico\/","name":"Supporto tecnico | Risoluzione dei problemi | Girbau Italia","isPartOf":{"@id":"https:\/\/www.girbau.com\/it-it\/#website"},"datePublished":"2025-12-09T14:07:29+00:00","dateModified":"2026-02-23T11:15:35+00:00","description":"Accedi al supporto tecnico di Girbau Italia per attrezzature di lavanderia professionale. Trova guide di manutenzione, soluzioni ai problemi e assistenza da parte di esperti.","breadcrumb":{"@id":"https:\/\/www.girbau.com\/it-it\/supporto\/supporto-tecnico\/#breadcrumb"},"inLanguage":"it-IT","potentialAction":[{"@type":"ReadAction","target":["https:\/\/www.girbau.com\/it-it\/supporto\/supporto-tecnico\/"]}]},{"@type":"BreadcrumbList","@id":"https:\/\/www.girbau.com\/it-it\/supporto\/supporto-tecnico\/#breadcrumb","itemListElement":[{"@type":"ListItem","position":1,"name":"Home","item":"https:\/\/www.girbau.com\/it-it\/"},{"@type":"ListItem","position":2,"name":"Il tuo supporto Girbau in Italia, sempre vicino","item":"https:\/\/www.girbau.com\/it-it\/supporto\/"},{"@type":"ListItem","position":3,"name":"Supporto Tecnico"}]},{"@type":"WebSite","@id":"https:\/\/www.girbau.com\/it-it\/#website","url":"https:\/\/www.girbau.com\/it-it\/","name":"Girbau IT","description":"","potentialAction":[{"@type":"SearchAction","target":{"@type":"EntryPoint","urlTemplate":"https:\/\/www.girbau.com\/it-it\/?s={search_term_string}"},"query-input":{"@type":"PropertyValueSpecification","valueRequired":true,"valueName":"search_term_string"}}],"inLanguage":"it-IT"}]}},"_links":{"self":[{"href":"https:\/\/www.girbau.com\/it-it\/wp-json\/wp\/v2\/pages\/1350","targetHints":{"allow":["GET"]}}],"collection":[{"href":"https:\/\/www.girbau.com\/it-it\/wp-json\/wp\/v2\/pages"}],"about":[{"href":"https:\/\/www.girbau.com\/it-it\/wp-json\/wp\/v2\/types\/page"}],"author":[{"embeddable":true,"href":"https:\/\/www.girbau.com\/it-it\/wp-json\/wp\/v2\/users\/4"}],"replies":[{"embeddable":true,"href":"https:\/\/www.girbau.com\/it-it\/wp-json\/wp\/v2\/comments?post=1350"}],"version-history":[{"count":8,"href":"https:\/\/www.girbau.com\/it-it\/wp-json\/wp\/v2\/pages\/1350\/revisions"}],"predecessor-version":[{"id":2118,"href":"https:\/\/www.girbau.com\/it-it\/wp-json\/wp\/v2\/pages\/1350\/revisions\/2118"}],"up":[{"embeddable":true,"href":"https:\/\/www.girbau.com\/it-it\/wp-json\/wp\/v2\/pages\/1086"}],"wp:attachment":[{"href":"https:\/\/www.girbau.com\/it-it\/wp-json\/wp\/v2\/media?parent=1350"}],"curies":[{"name":"wp","href":"https:\/\/api.w.org\/{rel}","templated":true}]}}