{"id":168,"date":"2025-11-25T12:06:51","date_gmt":"2025-11-25T12:06:51","guid":{"rendered":"https:\/\/www.girbau.com\/it-it\/sistema-interno-de-informacion\/"},"modified":"2026-01-23T13:58:03","modified_gmt":"2026-01-23T12:58:03","slug":"sistema-segnalazione-interno","status":"publish","type":"page","link":"https:\/\/www.girbau.com\/it-it\/sistema-segnalazione-interno\/","title":{"rendered":"Sistema di Segnalazione Interno"},"content":{"rendered":"\t\n\t\t\t\t\t\t\t\t\t\t\t\t\t\t\t\t\t\t\t\t\t\t\t\t\t\t\t\t\t\n\t\n\t\n\n<section class=\"module-grid\" >\n\t<div class=\"container\">\n\t\t\t\t\t\n\n<div class=\"section-header\">\n\t\t\t<div class=\"section-header__intro\">\n\t\t\t\n\n<div class=\"section-intro\">\n\t\n\t\t\t<div class=\"section-intro__container\">\n\t\t\t\t\t\t\t\t\t\t<h2 class=\"section-intro__title\">Sistema informativo interno<\/h2>\n\t\t\t\t\t<\/div>\n\t\n\t\n\t\n\t<\/div>\n\t\t<\/div>\n\t\n\t<\/div>\n\t\t\n\t\t\t\t\t<div class=\"module-grid__content only-text\">\n\t\t\t\t<p>In conformit\u00e0 alla Legge 2\/2023 del 20 febbraio, che disciplina la protezione delle persone che segnalano violazioni normative e la lotta alla corruzione, GIRBAU, S.A. dichiara di disporre di un Sistema di Informazione Interno, essendo la societ\u00e0 responsabile del trattamento dei dati personali nel rispetto di quanto previsto dalla normativa applicabile in materia.<\/p>\n\n\t\t\t<\/div>\n\t\t\n\t\t\t\t\t<div class=\"module-grid__content\" style=\"--columns: 1;\">\n\t\t\t\t\t\t\t\t\t\n\n<div class=\"accordion\" data-accordion>\n\t<button class=\"accordion__trigger\" aria-expanded=\"false\" data-accordion-trigger>\n\t\t<h3 class=\"accordion__title\">I.- SISTEMA DI SEGNALAZIONE INTERNO.<\/h3>\n\t\t<span class=\"accordion__icon\" aria-hidden=\"true\"><\/span>\n\t<\/button>\n\t<div class=\"accordion__content\" aria-hidden=\"true\">\n\t\t<div>\n\t\t\t<div class=\"accordion__inner\">\n\t\t\t\t\t\t\t\t\t<p>In ottemperanza alla Legge 2\/2023, del 20 febbraio, che disciplina la protezione delle persone che segnalano infrazioni normative e di lotta alla corruzione, GIRBAU, S.A. attesta di disporre di un<\/p>\n<p>Al fine di rafforzare la cultura dell\u2019informazione e delle infrastrutture di integrit\u00e0 di GIRBAU, S.A., nonch\u00e9 promuovere la cultura della comunicazione come meccanismo per prevenire attivit\u00e0 o omissioni che possono costituire violazioni nell\u2019ambito dell\u2019UE, reati penali o amministrativi gravi o gravissimi, cos\u00ec come reati in materia di salute e sicurezza sul lavoro, l\u2019azienda ha nominato il soggetto che ricopre la carica di<\/p>\n<ul>\n<li>Posta ordinaria all\u2019indirizzo:\u00a0Carretera de Manlleu, km. 1, Vic (Barcelona)\u00a0-all\u2019attenzione della persona responsabile di Conformit\u00e0 Penale e responsabile del SSI.<\/li>\n<\/ul>\n<ul>\n<li>E-mail all\u2019indirizzo:\u00a0<a href=\"mailto:compliance@girbau.com\">compliance@girbau.com<\/a>.<\/li>\n<li>Mediante una lettera consegnata alla persona responsabile di Conformit\u00e0 Penale e responsabile del SSI.<\/li>\n<\/ul>\n<p>La persona segnalante pu\u00f2 richiedere un incontro faccia a faccia con la persona responsabile di Conformit\u00e0 Penale e del SSI, entro un periodo massimo di sette giorni.<\/p>\n<p>Le segnalazioni verbali effettuate attraverso un incontro faccia a faccia con la persona RCP e responsabile del SSI, devono essere documentate in uno dei seguenti modi, previo consenso dell\u2019informatore:<\/p>\n<ul>\n<li>a) registrando la conversazione in un formato sicuro, duraturo e accessibile, o<\/li>\n<\/ul>\n<p><em>(*) Si avvertir\u00e0 il segnalante che la comunicazione sar\u00e0 registrata e sar\u00e0 informato del trattamento dei suoi dati secondo quanto previsto dal Regolamento (UE) 2016\/679 del Parlamento Europeo e del Consiglio del 27 aprile 2016.<\/em><\/p>\n<ul>\n<li>b) attraverso una trascrizione completa ed esatta della conversazione effettuata dal responsabile RCP e responsabile del SSI.<\/li>\n<\/ul>\n<p>Fatti salvi i diritti che gli competono ai sensi della normativa sulla protezione dei dati, al segnalante sar\u00e0 offerta la possibilit\u00e0 di controllare, rettificare e accettare mediante la propria firma la trascrizione della conversazione.<\/p>\n<p>Il SSI, soddisfa i requisiti di cui all\u2019articolo 5.2 della Legge di riferimento:<\/p>\n<p>a).- Consente ai soggetti ai quali si applica la Legge (articolo 3) di poter comunicare notizie, con vari mezzi, sui reati previsti dal suo articolo 2.<\/p>\n<p>b).- \u00c8 gestito in modo sicuro, garantendo che le comunicazioni possano essere trattate efficacemente all\u2019interno dell\u2019azienda, nonch\u00e9 la riservatezza dell\u2019identit\u00e0 del segnalante e di eventuali terzi menzionati nella comunicazione e delle azioni che vengono svolte nella gestione e inoltro della stessa, e protezione dei dati, impedendo l\u2019accesso a personale non autorizzato.<\/p>\n<p>c).- Dispone di un Protocollo per il Sistema di Segnalazione Interno, per l\u2019utilizzo del Canale Informativo Interno e per l\u2019intervento della persona responsabile della Conformit\u00e0 Penale e del Sistema di Segnalazione Interno, che stabilisce garanzie a tutela dei segnalanti:<\/p>\n<ul>\n<li>Prova di ricezione entro sette giorni di calendario dal ricevimento delle informazioni.<\/li>\n<li>Termine massimo di tre mesi per rispondere agli atti istruttori, ai sensi dell\u2019articolo 9 della Legge, compilando e custodendo diligentemente un Libro-Registro informativo.<\/li>\n<li>Possibilit\u00e0 di mantenere la comunicazione con il segnalante.<\/li>\n<li>Presentazione del diritto dell\u2019interessato di essere informato delle azioni od omissioni a lui imputate e di essere ascoltato.<\/li>\n<li>Garanzia di riservatezza quando la comunicazione avvenga attraverso canali di reclamo diversi da quelli stabiliti o pervenga a personale non responsabile del suo trattamento, nonch\u00e9 l\u2019obbligo che chi la riceve, la invii immediatamente al Responsabile del SSI.<\/li>\n<li>Rispetto della presunzione di innocenza e dell\u2019onore delle persone coinvolte.<\/li>\n<li>Rispetto delle disposizioni in materia di Protezione dei Dati (Titolo VI Legge di riferimento).<\/li>\n<li>Impegno a trasmettere immediatamente le informazioni al Pubblico Ministero, quando stando agli indizi, i fatti possano costituire reato.<\/li>\n<\/ul>\n\n\t\t\t\t\t\t\t<\/div>\n\t\t<\/div>\n\t<\/div>\n<\/div>\n\t\t\t\t\t\t\t\t\t\n\n<div class=\"accordion\" data-accordion>\n\t<button class=\"accordion__trigger\" aria-expanded=\"false\" data-accordion-trigger>\n\t\t<h3 class=\"accordion__title\">II.- TRATTAMENTO DEI DATI PERSONALI<\/h3>\n\t\t<span class=\"accordion__icon\" aria-hidden=\"true\"><\/span>\n\t<\/button>\n\t<div class=\"accordion__content\" aria-hidden=\"true\">\n\t\t<div>\n\t\t\t<div class=\"accordion__inner\">\n\t\t\t\t\t\t\t\t\t<p>GIRBAU, S.A. tratter\u00e0 i dati personali inclusi nelle comunicazioni ricevute e coperti dalla Legge 2\/2023, in qualit\u00e0 di titolare del trattamento, al fine di poterli gestire e avviare, se del caso, la corrispondente procedura di indagine. La base giuridica del trattamento sar\u00e0 l\u2019adempimento di un obbligo legale, derivante dalla Legge di riferimento. Se la comunicazione contiene dati di natura particolare, la base giuridica sar\u00e0 l\u2019interesse pubblico essenziale e altre disposizioni stabilite nella sezione 2 dell\u2019art. 9.2. del Regolamento (UE) 2016\/679 del Parlamento Europeo e del Consiglio, del 27 aprile 2016, relativo alla protezione delle persone fisiche con riguardo al trattamento dei dati personali.<\/p>\n<p>Allo stesso modo, \u00e8 stato indicato che questi dati personali possono essere trattati e trasferiti dal personale autorizzato solo quando \u00e8 necessario per l&#8217;adozione di misure correttive in GIRBAU, S.A. o per l\u2019elaborazione di eventuali ed opportuni procedimenti disciplinari o penali. I dati personali saranno conservati per il tempo indispensabile per valutare l\u2019opportunit\u00e0 di avviare un\u2019indagine sui fatti denunciati. In ogni caso, se tale decisione non \u00e8 adottata entro il termine di tre mesi, i dati personali contenuti nella comunicazione saranno cancellati, fatta salva la finalit\u00e0 di mantenere evidenza del funzionamento del sistema.<\/p>\n<p>Verranno cancellati anche eventuali dati personali non ritenuti veri, salvo che tale mancanza di veridicit\u00e0 possa costituire reato, nel qual caso le informazioni saranno conservate per il tempo necessario durante il trattamento del procedimento giudiziario.<\/p>\n<p>Si precisa, infine, che in ogni momento il segnalante pu\u00f2 richiedere al responsabile del trattamento l\u2019accesso ai propri dati personali, la rettifica o la cancellazione degli stessi, o la limitazione del loro trattamento, ovvero di opporsi, nonch\u00e9 il diritto di portabilit\u00e0 dei dati, inviando una lettera accompagnata da una fotocopia del documento di identit\u00e0 all\u2019indirizzo postale Carretera de Manlleu km 1 (08500) Vic o all\u2019e-mail dataprotection@girbau.com. In caso di disaccordo con il trattamento dei propri dati, si potr\u00e0 presentare il corrispondente reclamo alla Agencia Espa\u00f1ola de Protecci\u00f3n de Datos, l\u2019organismo che detiene l\u2019autorit\u00e0 di controllo in materia, con sede in C\/Jorge Juan, 6 (28001) Madrid (<a href=\"http:\/\/www.aepd.es\/\">www.aepd.es<\/a>).<\/p>\n\n\t\t\t\t\t\t\t<\/div>\n\t\t<\/div>\n\t<\/div>\n<\/div>\n\t\t\t\t\t\t\t\t\t\n\n<div class=\"accordion\" data-accordion>\n\t<button class=\"accordion__trigger\" aria-expanded=\"false\" data-accordion-trigger>\n\t\t<h3 class=\"accordion__title\">III.- NESSUNA RITORSIONE<\/h3>\n\t\t<span class=\"accordion__icon\" aria-hidden=\"true\"><\/span>\n\t<\/button>\n\t<div class=\"accordion__content\" aria-hidden=\"true\">\n\t\t<div>\n\t\t\t<div class=\"accordion__inner\">\n\t\t\t\t\t\t\t\t\t<p>GIRBAU, S.A. si impegna espressamente a non porre in essere atti di ritorsione, ivi comprese minacce o tentativi di ritorsione nei confronti dei soggetti che trasmettono una comunicazione ai sensi della Legge 2\/2023, e ad applicare misure di protezione durante il trattamento di una pratica, nei confronti delle persone coinvolte da una possibile comunicazione.<\/p>\n\n\t\t\t\t\t\t\t<\/div>\n\t\t<\/div>\n\t<\/div>\n<\/div>\n\t\t\t\t\t\t\t\t\t\n\n<div class=\"accordion\" data-accordion>\n\t<button class=\"accordion__trigger\" aria-expanded=\"false\" data-accordion-trigger>\n\t\t<h3 class=\"accordion__title\">IV.- ESENZIONE E MITIGAZIONE DELLA SANZIONE<\/h3>\n\t\t<span class=\"accordion__icon\" aria-hidden=\"true\"><\/span>\n\t<\/button>\n\t<div class=\"accordion__content\" aria-hidden=\"true\">\n\t\t<div>\n\t\t\t<div class=\"accordion__inner\">\n\t\t\t\t\t\t\t\t\t<p>Quando un soggetto che ha partecipato alla commissione dell\u2019illecito amministrativo denunciato \u00e8 colui che ne denuncia l\u2019esistenza fornendo le informazioni e purch\u00e9 queste siano state fornite prima dell\u2019eventuale notifica dell\u2019avvio del procedimento di indagine o del provvedimento disciplinare, l\u2019organo competente a risolvere il procedimento, con deliberazione motivata, pu\u00f2 esonerarlo dall\u2019applicazione della corrispondente sanzione amministrativa purch\u00e9 risultino accreditati i punti di cui all\u2019articolo 40 della Legge di riferimento.<\/p>\n<p>&nbsp;<\/p>\n<p><em>(*) Il Canale di Segnalazione Interno consente la presentazione di comunicazioni anonime.<\/em><\/p>\n<p><em>(**) Sebbene le comunicazioni saranno presentate, ove possibile e preferibilmente, attraverso il canale interno, gli informatori possono anche inviarle, se del caso, all\u2019Autorit\u00e0 indipendente per la Protezione degli informatori (a tal fine presso l\u2019Ufficio antifrode della Catalogna), al Pubblico Ministero o, a seconda dei casi, alla Procura Europea.<\/em><\/p>\n\n\t\t\t\t\t\t\t<\/div>\n\t\t<\/div>\n\t<\/div>\n<\/div>\n\t\t\t\t\t\t\t<\/div>\n\t\t\n\t\t\t<\/div>\n<\/section>\n","protected":false},"excerpt":{"rendered":"","protected":false},"author":1,"featured_media":0,"parent":0,"menu_order":0,"comment_status":"closed","ping_status":"closed","template":"","meta":{"_acf_changed":false,"footnotes":""},"class_list":["post-168","page","type-page","status-publish","hentry"],"acf":[],"yoast_head":"<!-- This site is optimized with the Yoast SEO Premium plugin v26.8 (Yoast SEO v27.1.1) - https:\/\/yoast.com\/product\/yoast-seo-premium-wordpress\/ -->\n<title>Sistema di Segnalazione Interno | Girbau Italia<\/title>\n<meta name=\"description\" content=\"GIRBAU, S.A. dichiara di disporre di un Sistema di Informazione Interno.\" \/>\n<meta name=\"robots\" content=\"index, follow, max-snippet:-1, max-image-preview:large, max-video-preview:-1\" \/>\n<link rel=\"canonical\" href=\"https:\/\/www.girbau.com\/it-it\/sistema-segnalazione-interno\/\" \/>\n<meta property=\"og:locale\" content=\"it_IT\" \/>\n<meta property=\"og:type\" content=\"article\" \/>\n<meta property=\"og:title\" content=\"Sistema di Segnalazione Interno\" \/>\n<meta property=\"og:description\" content=\"GIRBAU, S.A. dichiara di disporre di un Sistema di Informazione Interno.\" \/>\n<meta property=\"og:url\" content=\"https:\/\/www.girbau.com\/it-it\/sistema-segnalazione-interno\/\" \/>\n<meta property=\"og:site_name\" content=\"Girbau IT\" \/>\n<meta property=\"article:modified_time\" content=\"2026-01-23T12:58:03+00:00\" \/>\n<meta name=\"twitter:card\" content=\"summary_large_image\" \/>\n<script type=\"application\/ld+json\" class=\"yoast-schema-graph\">{\"@context\":\"https:\/\/schema.org\",\"@graph\":[{\"@type\":\"WebPage\",\"@id\":\"https:\/\/www.girbau.com\/it-it\/sistema-segnalazione-interno\/\",\"url\":\"https:\/\/www.girbau.com\/it-it\/sistema-segnalazione-interno\/\",\"name\":\"Sistema di Segnalazione Interno | Girbau Italia\",\"isPartOf\":{\"@id\":\"https:\/\/www.girbau.com\/it-it\/#website\"},\"datePublished\":\"2025-11-25T12:06:51+00:00\",\"dateModified\":\"2026-01-23T12:58:03+00:00\",\"description\":\"GIRBAU, S.A. dichiara di disporre di un Sistema di Informazione Interno.\",\"breadcrumb\":{\"@id\":\"https:\/\/www.girbau.com\/it-it\/sistema-segnalazione-interno\/#breadcrumb\"},\"inLanguage\":\"it-IT\",\"potentialAction\":[{\"@type\":\"ReadAction\",\"target\":[\"https:\/\/www.girbau.com\/it-it\/sistema-segnalazione-interno\/\"]}]},{\"@type\":\"BreadcrumbList\",\"@id\":\"https:\/\/www.girbau.com\/it-it\/sistema-segnalazione-interno\/#breadcrumb\",\"itemListElement\":[{\"@type\":\"ListItem\",\"position\":1,\"name\":\"Home\",\"item\":\"https:\/\/www.girbau.com\/it-it\/\"},{\"@type\":\"ListItem\",\"position\":2,\"name\":\"Sistema di Segnalazione Interno\"}]},{\"@type\":\"WebSite\",\"@id\":\"https:\/\/www.girbau.com\/it-it\/#website\",\"url\":\"https:\/\/www.girbau.com\/it-it\/\",\"name\":\"Girbau IT\",\"description\":\"\",\"potentialAction\":[{\"@type\":\"SearchAction\",\"target\":{\"@type\":\"EntryPoint\",\"urlTemplate\":\"https:\/\/www.girbau.com\/it-it\/?s={search_term_string}\"},\"query-input\":{\"@type\":\"PropertyValueSpecification\",\"valueRequired\":true,\"valueName\":\"search_term_string\"}}],\"inLanguage\":\"it-IT\"}]}<\/script>\n<!-- \/ Yoast SEO Premium plugin. -->","yoast_head_json":{"title":"Sistema di Segnalazione Interno | Girbau Italia","description":"GIRBAU, S.A. dichiara di disporre di un Sistema di Informazione Interno.","robots":{"index":"index","follow":"follow","max-snippet":"max-snippet:-1","max-image-preview":"max-image-preview:large","max-video-preview":"max-video-preview:-1"},"canonical":"https:\/\/www.girbau.com\/it-it\/sistema-segnalazione-interno\/","og_locale":"it_IT","og_type":"article","og_title":"Sistema di Segnalazione Interno","og_description":"GIRBAU, S.A. dichiara di disporre di un Sistema di Informazione Interno.","og_url":"https:\/\/www.girbau.com\/it-it\/sistema-segnalazione-interno\/","og_site_name":"Girbau IT","article_modified_time":"2026-01-23T12:58:03+00:00","twitter_card":"summary_large_image","schema":{"@context":"https:\/\/schema.org","@graph":[{"@type":"WebPage","@id":"https:\/\/www.girbau.com\/it-it\/sistema-segnalazione-interno\/","url":"https:\/\/www.girbau.com\/it-it\/sistema-segnalazione-interno\/","name":"Sistema di Segnalazione Interno | Girbau Italia","isPartOf":{"@id":"https:\/\/www.girbau.com\/it-it\/#website"},"datePublished":"2025-11-25T12:06:51+00:00","dateModified":"2026-01-23T12:58:03+00:00","description":"GIRBAU, S.A. dichiara di disporre di un Sistema di Informazione Interno.","breadcrumb":{"@id":"https:\/\/www.girbau.com\/it-it\/sistema-segnalazione-interno\/#breadcrumb"},"inLanguage":"it-IT","potentialAction":[{"@type":"ReadAction","target":["https:\/\/www.girbau.com\/it-it\/sistema-segnalazione-interno\/"]}]},{"@type":"BreadcrumbList","@id":"https:\/\/www.girbau.com\/it-it\/sistema-segnalazione-interno\/#breadcrumb","itemListElement":[{"@type":"ListItem","position":1,"name":"Home","item":"https:\/\/www.girbau.com\/it-it\/"},{"@type":"ListItem","position":2,"name":"Sistema di Segnalazione Interno"}]},{"@type":"WebSite","@id":"https:\/\/www.girbau.com\/it-it\/#website","url":"https:\/\/www.girbau.com\/it-it\/","name":"Girbau IT","description":"","potentialAction":[{"@type":"SearchAction","target":{"@type":"EntryPoint","urlTemplate":"https:\/\/www.girbau.com\/it-it\/?s={search_term_string}"},"query-input":{"@type":"PropertyValueSpecification","valueRequired":true,"valueName":"search_term_string"}}],"inLanguage":"it-IT"}]}},"_links":{"self":[{"href":"https:\/\/www.girbau.com\/it-it\/wp-json\/wp\/v2\/pages\/168","targetHints":{"allow":["GET"]}}],"collection":[{"href":"https:\/\/www.girbau.com\/it-it\/wp-json\/wp\/v2\/pages"}],"about":[{"href":"https:\/\/www.girbau.com\/it-it\/wp-json\/wp\/v2\/types\/page"}],"author":[{"embeddable":true,"href":"https:\/\/www.girbau.com\/it-it\/wp-json\/wp\/v2\/users\/1"}],"replies":[{"embeddable":true,"href":"https:\/\/www.girbau.com\/it-it\/wp-json\/wp\/v2\/comments?post=168"}],"version-history":[{"count":10,"href":"https:\/\/www.girbau.com\/it-it\/wp-json\/wp\/v2\/pages\/168\/revisions"}],"predecessor-version":[{"id":1901,"href":"https:\/\/www.girbau.com\/it-it\/wp-json\/wp\/v2\/pages\/168\/revisions\/1901"}],"wp:attachment":[{"href":"https:\/\/www.girbau.com\/it-it\/wp-json\/wp\/v2\/media?parent=168"}],"curies":[{"name":"wp","href":"https:\/\/api.w.org\/{rel}","templated":true}]}}