{"id":55,"date":"2025-11-25T12:06:42","date_gmt":"2025-11-25T12:06:42","guid":{"rendered":"https:\/\/www.girbau.com\/it-it\/aviso-legal\/"},"modified":"2026-01-26T14:39:34","modified_gmt":"2026-01-26T13:39:34","slug":"aviso-legale","status":"publish","type":"page","link":"https:\/\/www.girbau.com\/it-it\/aviso-legale\/","title":{"rendered":"Aviso legale"},"content":{"rendered":"\t\n\t\t\t\t\t\t\t\t\t\t\t\t\t\t\t\t\t\t\t\t\t\t\t\t\t\t\t\t\t\t\t\t\t\t\t\t\t\t\t\t\t\t\t\t\t\t\t\t\t\t\t\t\t\t\t\t\t\n\t\n\t\n\n<section class=\"module-grid\" >\n\t<div class=\"container\">\n\t\t\t\t\t\n\n<div class=\"section-header\">\n\t\t\t<div class=\"section-header__intro\">\n\t\t\t\n\n<div class=\"section-intro\">\n\t\n\t\t\t<div class=\"section-intro__container\">\n\t\t\t\t\t\t\t\t\t\t<h2 class=\"section-intro__title\">Aviso legale<\/h2>\n\t\t\t\t\t<\/div>\n\t\n\t\t\t\t\t\t\t\t<p class=\"section-intro__description\">\n\t\t\t\tCondizioni generali di accesso, navigazione e responsabilit\u00e0 di questo sito\n\t\t\t<\/p>\n\t\t\t\n\t\n\t<\/div>\n\t\t<\/div>\n\t\n\t<\/div>\n\t\t\n\t\t\t\t\t<div class=\"module-grid__content only-text\">\n\t\t\t\t\n\t\t\t<\/div>\n\t\t\n\t\t\t\t\t<div class=\"module-grid__content\" style=\"--columns: 1;\">\n\t\t\t\t\t\t\t\t\t\n\n<div class=\"accordion\" data-accordion>\n\t<button class=\"accordion__trigger\" aria-expanded=\"false\" data-accordion-trigger>\n\t\t<h3 class=\"accordion__title\">Informazioni sull\u2019azienda Girbau SA<\/h3>\n\t\t<span class=\"accordion__icon\" aria-hidden=\"true\"><\/span>\n\t<\/button>\n\t<div class=\"accordion__content\" aria-hidden=\"true\">\n\t\t<div>\n\t\t\t<div class=\"accordion__inner\">\n\t\t\t\t\t\t\t\t\t<p>Girbau, SA, con sede legale nella citt\u00e0 di Vic, all\u2019indirizzo: Carretera de Manlleu, Km.1 (Espa\u00f1a), Tel: 938861100,\u00a0<a href=\"mailto:girbau@girbau.com\">girbau@girbau.com<\/a>, iscritta alla Camera di Commercio e Industria (volume 32066, pagina grande 162, pagina piccola B32798, pagina 57, Volume 65) e CIF A-08276438.\u00a0Le informazioni presentate in questa sezione sono conformi all\u2019articolo 10 del Decreto 34\/2002, dell\u201911 luglio, in materia di informazioni e servizi delle societ\u00e0 di commercio elettronico.<\/p>\n\n\t\t\t\t\t\t\t<\/div>\n\t\t<\/div>\n\t<\/div>\n<\/div>\n\t\t\t\t\t\t\t\t\t\n\n<div class=\"accordion\" data-accordion>\n\t<button class=\"accordion__trigger\" aria-expanded=\"false\" data-accordion-trigger>\n\t\t<h3 class=\"accordion__title\">Propriet\u00e0 intellettuale e industriale dei contenuti del sito web<\/h3>\n\t\t<span class=\"accordion__icon\" aria-hidden=\"true\"><\/span>\n\t<\/button>\n\t<div class=\"accordion__content\" aria-hidden=\"true\">\n\t\t<div>\n\t\t\t<div class=\"accordion__inner\">\n\t\t\t\t\t\t\t\t\t<p>Tutti i contenuti pubblicati sul sito \u2013salvo espressa indicazione contraria tramite apposita citazione\u2013 sono di propriet\u00e0 di Girbau S.A o di terzi che ne hanno autorizzato l\u2019utilizzo. Ci\u00f2 include, ma non \u00e8 limitato a, tutti i testi, la grafica, le interfacce, il codice sorgente, le fotografie, i video, i marchi, i loghi, i suoni, le canzoni e le illustrazioni e qualsiasi altro materiale audiovisivo o multimediale. Allo stesso modo, la progettazione, la struttura, la selezione, l\u2019espressione, lo stile e l\u2019organizzazione di tali contenuti sono protetti dai corrispondenti diritti di propriet\u00e0 intellettuale e industriale.<\/p>\n<p>Girbau S.A. si riserva il diritto di modificare e aggiornare, senza preavviso, i contenuti, la configurazione e il design del sito web, nonch\u00e9 di eliminarli e limitarne o impedirne l\u2019accesso temporaneamente o permanentemente.<\/p>\n<p>\u00c8 espressamente vietata, in ogni caso, la riproduzione, la copia, la comunicazione al pubblico, la distribuzione, la modifica, la trasformazione, la cancellazione, la manipolazione, ed ogni altra forma di utilizzazione, con o senza scopo di lucro, per scopi o mediante mezzi pubblicitari, promozionali e\/o commerciali di qualsiasi tipo, di tutto o parte di questo sito web o di qualsiasi suo contenuto, senza la previa ed espressa autorizzazione scritta di Girbau S.A.<\/p>\n<p>In nessun caso si intender\u00e0 che, accedendo a questo sito web, l\u2019utente ottenga alcuna licenza o autorizzazione da parte di Girbau S.A. o titolare dei diritti corrispondenti, per l\u2019utilizzo, al di l\u00e0 dell\u2019uso strettamente personale, di qualsiasi contenuto, informazione o servizio esistente sul sito web o di qualsiasi diritto ad essi correlato, in particolare quelli di propriet\u00e0 intellettuale e industriale.<\/p>\n\n\t\t\t\t\t\t\t<\/div>\n\t\t<\/div>\n\t<\/div>\n<\/div>\n\t\t\t\t\t\t\t\t\t\n\n<div class=\"accordion\" data-accordion>\n\t<button class=\"accordion__trigger\" aria-expanded=\"false\" data-accordion-trigger>\n\t\t<h3 class=\"accordion__title\">Condizioni d\u2019uso del sito web<\/h3>\n\t\t<span class=\"accordion__icon\" aria-hidden=\"true\"><\/span>\n\t<\/button>\n\t<div class=\"accordion__content\" aria-hidden=\"true\">\n\t\t<div>\n\t\t\t<div class=\"accordion__inner\">\n\t\t\t\t\t\t\t\t\t<p>Le presenti condizioni d\u2019uso regolano l\u2019accesso e l\u2019utilizzo del sito web da parte di tutti gli utenti, sia negli spazi ad accesso libero che nello spazio privato per coloro che compilano il rispettivo modulo di registrazione.<\/p>\n<p>L\u2019accesso e l\u2019utilizzo di alcuni contenuti del sito web sono gratuiti, salvo diversa indicazione mediante la creazione di uno spazio di accesso privato. Entrambi i casi implicano l\u2019accettazione senza riserve da parte dell\u2019utente del presente avviso legale, che potr\u00e0 essere modificato in qualsiasi momento e senza preavviso.<\/p>\n<p>In caso di registrazione tramite il modulo di registrazione, l\u2019account utente sar\u00e0 protetto da una password scelta dall\u2019utente stesso. Ci\u00f2 garantisce di mantenere segreta la password e di proteggerla dall\u2019uso non autorizzato da parte di terzi. Se una terza parte accede o rivela i tuoi dati di registrazione, inclusa la password, l\u2019utente sar\u00e0 l\u2019unico responsabile dell\u2019utilizzo dei servizi o del contenuto del sito web e delle sue conseguenze. L\u2019utente dovr\u00e0 informare immediatamente Girbau S.A.\u00a0su qualsiasi accesso non autorizzato al proprio account o violazione della sicurezza a lui nota.<\/p>\n<p>Girbau S.A.\u00a0non \u00e8 responsabile nei confronti degli utenti per la comunicazione dei loro dati personali a terzi, a meno che non sia per motivi direttamente imputabili all\u2019azienda, n\u00e9 per l\u2019uso che essi fanno di tali dati.<\/p>\n<p>Girbau S.A.\u00a0adotta le misure tecniche ed organizzative necessarie per garantire un\u2019adeguata protezione dei dati personali degli utenti del sito web e prevenirne l\u2019alterazione, la perdita, la distruzione, il trattamento o l\u2019accesso non autorizzato, in conformit\u00e0 con la normativa vigente in materia di protezione dei dati.<\/p>\n<p>L\u2019utente si impegna a utilizzare il sito web, i suoi contenuti e\/o servizi in conformit\u00e0 con il presente avviso legale e solo per scopi legittimi, nel rispetto della legislazione applicabile, del buon costume e dell\u2019ordine pubblico.\u00a0Girbau S.A.\u00a0si riserva il diritto di negare o revocare l\u2019accesso al sito web e\/o ai suoi servizi in qualsiasi momento e senza preavviso a qualsiasi utente che non rispetti le disposizioni del presente avviso legale, le norme legali o i principi di buona volont\u00e0, morale e ordine pubblico.<\/p>\n<p>Allo stesso modo, l\u2019utente si impegna espressamente a non distruggere, alterare, rendere inutilizzabile o danneggiare i dati, i programmi o i documenti elettronici presenti sul sito web, a non ostacolare l\u2019accesso di altri utenti, nonch\u00e9 a non compiere azioni che danneggino, interrompano o generino errori nel sito web. Nello specifico, l\u2019utente si impegna a non introdurre programmi, virus, sequenze di caratteri, macro o qualsiasi altro dispositivo che causi o possa causare alterazioni al sito web.<\/p>\n<p>Salvo diversa indicazione esplicita, non \u00e8 consentito riprodurre, copiare, utilizzare, distribuire, commercializzare, mostrare pubblicamente o svolgere qualsiasi altra attivit\u00e0 utilizzando tutto o parte del contenuto del sito web senza la previa autorizzazione scritta di Girbau S.A.<\/p>\n\n\t\t\t\t\t\t\t<\/div>\n\t\t<\/div>\n\t<\/div>\n<\/div>\n\t\t\t\t\t\t\t\t\t\n\n<div class=\"accordion\" data-accordion>\n\t<button class=\"accordion__trigger\" aria-expanded=\"false\" data-accordion-trigger>\n\t\t<h3 class=\"accordion__title\">Responsabilit\u00e0<\/h3>\n\t\t<span class=\"accordion__icon\" aria-hidden=\"true\"><\/span>\n\t<\/button>\n\t<div class=\"accordion__content\" aria-hidden=\"true\">\n\t\t<div>\n\t\t\t<div class=\"accordion__inner\">\n\t\t\t\t\t\t\t\t\t<p>Girbau S.A.\u00a0adotta le misure necessarie, seguendo le pi\u00f9 moderne tecniche a disposizione, per garantire il corretto funzionamento del sito web. Tuttavia,\u00a0Girbau S.A.\u00a0non si assume alcuna responsabilit\u00e0 per eventuali danni che potrebbero derivare dall\u2019uso di software o contenuti multimediali presentati sul sito web come servizio aggiuntivo. Tutti questi elementi sono presentati cos\u00ec come sono e sebbene Girbau S.A. deve rispettare le leggi applicabili in materia di propriet\u00e0 intellettuale, diritti dei consumatori o protezione dei dati, l\u2019utente comprende che Girbau S.A. non sar\u00e0 responsabile per errori o guasti imputabili ad uso improprio, incompatibilit\u00e0 o altre cause esterne.<\/p>\n<p>Girbau S.A.\u00a0\u00e8 esente da qualsiasi responsabilit\u00e0 per l\u2019uso non corretto da parte dell\u2019utente, nonch\u00e9 per virus, problemi di connessione o di disponibilit\u00e0 del sito web. L\u2019utente \u00e8 l\u2019unico responsabile dell\u2019uso che fa del sito web e dei contenuti che riproduce.\u00a0Girbau S.A.\u00a0non \u00e8 responsabile per l\u2019uso improprio dei contenuti, per errori di sicurezza dovuti all\u2019utilizzo di apparecchiature infette da virus, per il malfunzionamento del browser o per danni derivati da problemi indipendenti dalla sua volont\u00e0. Tuttavia, Girbau S.A.\u00a0ha adottato misure ragionevoli per evitarli.<\/p>\n<p>Sul sito web,\u00a0Girbau S.A.\u00a0pu\u00f2 offrire informazioni, contenuti e servizi Internet tramite link o collegamenti ipertestuali. Salvo diversa indicazione, Girbau S.A.\u00a0non controlla tali contenuti e l\u2019utente si assume la piena responsabilit\u00e0 per la navigazione che esegue. La creazione di un collegamento non implica relazioni tra Girbau S.A.\u00a0e il proprietario del sito collegato, n\u00e9 l\u2019accettazione dei suoi contenuti.<\/p>\n<p>Girbau S.A.\u00a0si riserva il diritto di vietare o sospendere qualsiasi collegamento al sito web, in particolare se l\u2019attivit\u00e0 del sito collegato \u00e8 illegale.\u00a0Girbau S.A.\u00a0non \u00e8 responsabile di eventuali violazioni dei diritti di propriet\u00e0 intellettuale o industriale causate da contenuti forniti da terzi, n\u00e9 di eventuali danni che gli stessi potrebbero causare.<\/p>\n\n\t\t\t\t\t\t\t<\/div>\n\t\t<\/div>\n\t<\/div>\n<\/div>\n\t\t\t\t\t\t\t\t\t\n\n<div class=\"accordion\" data-accordion>\n\t<button class=\"accordion__trigger\" aria-expanded=\"false\" data-accordion-trigger>\n\t\t<h3 class=\"accordion__title\">Utilizzo del materiale contenuto in questo sito web<\/h3>\n\t\t<span class=\"accordion__icon\" aria-hidden=\"true\"><\/span>\n\t<\/button>\n\t<div class=\"accordion__content\" aria-hidden=\"true\">\n\t\t<div>\n\t\t\t<div class=\"accordion__inner\">\n\t\t\t\t\t\t\t\t\t<p>Girbau S.A. autorizza l\u2019utente a visualizzare e scaricare il contenuto delle pagine web per uso personale; tuttavia, non \u00e8 consentito riprodurre, distribuire, modificare, mostrare, utilizzare come base o utilizzare questo sito web per scopi commerciali senza il previo consenso di Girbau S.A.<\/p>\n<p>Girbau S.A. ti autorizza a scaricarne una copia sul tuo computer per uso personale (non commerciale) e visione a casa.<\/p>\n\n\t\t\t\t\t\t\t<\/div>\n\t\t<\/div>\n\t<\/div>\n<\/div>\n\t\t\t\t\t\t\t\t\t\n\n<div class=\"accordion\" data-accordion>\n\t<button class=\"accordion__trigger\" aria-expanded=\"false\" data-accordion-trigger>\n\t\t<h3 class=\"accordion__title\">Legge e giurisdizione applicabili<\/h3>\n\t\t<span class=\"accordion__icon\" aria-hidden=\"true\"><\/span>\n\t<\/button>\n\t<div class=\"accordion__content\" aria-hidden=\"true\">\n\t\t<div>\n\t\t\t<div class=\"accordion__inner\">\n\t\t\t\t\t\t\t\t\t<p>Nei casi in cui la normativa vigente consente la possibilit\u00e0 di sottoporre volontariamente il rapporto tra il proprietario del sito web e l\u2019utente ad una giurisdizione specifica, si conviene che il sito web sar\u00e0 regolato dalla legislazione spagnola e per qualsiasi controversia che possa sorgere in relazione allo stesso, le parti si sottoporranno alla giurisdizione e alla competenza delle corti e dei tribunali di Barcellona, a meno che l\u2019utente non sia considerato un consumatore. In questo caso, le parti si sottomettono alle corti e ai tribunali del domicilio dell\u2019utente.<\/p>\n\n\t\t\t\t\t\t\t<\/div>\n\t\t<\/div>\n\t<\/div>\n<\/div>\n\t\t\t\t\t\t\t\t\t\n\n<div class=\"accordion\" data-accordion>\n\t<button class=\"accordion__trigger\" aria-expanded=\"false\" data-accordion-trigger>\n\t\t<h3 class=\"accordion__title\">Politica sulla privacy<\/h3>\n\t\t<span class=\"accordion__icon\" aria-hidden=\"true\"><\/span>\n\t<\/button>\n\t<div class=\"accordion__content\" aria-hidden=\"true\">\n\t\t<div>\n\t\t\t<div class=\"accordion__inner\">\n\t\t\t\t\t\t\t\t\t<p>\u00c8 possibile ottenere informazioni sul trattamento dei dati personali effettuato sul sito web, facendo riferimento alla nostra\u00a0<a href=\"https:\/\/www.girbau.com\/it-it\/politica-sulla-privacy\" rel=\"noopener\">politica sulla privacy<\/a>,\u00a0reperibile nel footer del sito web.<\/p>\n\n\t\t\t\t\t\t\t<\/div>\n\t\t<\/div>\n\t<\/div>\n<\/div>\n\t\t\t\t\t\t\t\t\t\n\n<div class=\"accordion\" data-accordion>\n\t<button class=\"accordion__trigger\" aria-expanded=\"false\" data-accordion-trigger>\n\t\t<h3 class=\"accordion__title\">Politica sull&#8217;uso dei cookie<\/h3>\n\t\t<span class=\"accordion__icon\" aria-hidden=\"true\"><\/span>\n\t<\/button>\n\t<div class=\"accordion__content\" aria-hidden=\"true\">\n\t\t<div>\n\t\t\t<div class=\"accordion__inner\">\n\t\t\t\t\t\t\t\t\t<div>\n<p>\u00c8 possibile trovare informazioni sull\u2019utilizzo dei cookie effettuato sul sito web nella\u00a0<a href=\"https:\/\/www.girbau.com\/it-it\/politica-sui-cookie\" rel=\"noopener\">politica sui cookie<\/a>, disponibile nel footer del sito web.<\/p>\n<\/div>\n\n\t\t\t\t\t\t\t<\/div>\n\t\t<\/div>\n\t<\/div>\n<\/div>\n\t\t\t\t\t\t\t<\/div>\n\t\t\n\t\t\t<\/div>\n<\/section>\n","protected":false},"excerpt":{"rendered":"","protected":false},"author":1,"featured_media":0,"parent":0,"menu_order":0,"comment_status":"closed","ping_status":"closed","template":"","meta":{"_acf_changed":false,"footnotes":""},"class_list":["post-55","page","type-page","status-publish","hentry"],"acf":[],"yoast_head":"<!-- This site is optimized with the Yoast SEO Premium plugin v26.8 (Yoast SEO v27.1.1) - https:\/\/yoast.com\/product\/yoast-seo-premium-wordpress\/ -->\n<title>Aviso Legale | Girbau Italia<\/title>\n<meta name=\"description\" content=\"General terms of access, browsing, and liability for this site.\" \/>\n<meta name=\"robots\" content=\"noindex, follow\" \/>\n<meta property=\"og:locale\" content=\"it_IT\" \/>\n<meta property=\"og:type\" content=\"article\" \/>\n<meta property=\"og:title\" content=\"Aviso legale\" \/>\n<meta property=\"og:description\" content=\"General terms of access, browsing, and liability for this site.\" \/>\n<meta property=\"og:url\" content=\"https:\/\/www.girbau.com\/it-it\/aviso-legale\/\" \/>\n<meta property=\"og:site_name\" content=\"Girbau IT\" \/>\n<meta property=\"article:modified_time\" content=\"2026-01-26T13:39:34+00:00\" \/>\n<meta name=\"twitter:card\" content=\"summary_large_image\" \/>\n<script type=\"application\/ld+json\" class=\"yoast-schema-graph\">{\"@context\":\"https:\/\/schema.org\",\"@graph\":[{\"@type\":\"WebPage\",\"@id\":\"https:\/\/www.girbau.com\/it-it\/aviso-legale\/\",\"url\":\"https:\/\/www.girbau.com\/it-it\/aviso-legale\/\",\"name\":\"Aviso Legale | Girbau Italia\",\"isPartOf\":{\"@id\":\"https:\/\/www.girbau.com\/it-it\/#website\"},\"datePublished\":\"2025-11-25T12:06:42+00:00\",\"dateModified\":\"2026-01-26T13:39:34+00:00\",\"description\":\"General terms of access, browsing, and liability for this site.\",\"breadcrumb\":{\"@id\":\"https:\/\/www.girbau.com\/it-it\/aviso-legale\/#breadcrumb\"},\"inLanguage\":\"it-IT\",\"potentialAction\":[{\"@type\":\"ReadAction\",\"target\":[\"https:\/\/www.girbau.com\/it-it\/aviso-legale\/\"]}]},{\"@type\":\"BreadcrumbList\",\"@id\":\"https:\/\/www.girbau.com\/it-it\/aviso-legale\/#breadcrumb\",\"itemListElement\":[{\"@type\":\"ListItem\",\"position\":1,\"name\":\"Home\",\"item\":\"https:\/\/www.girbau.com\/it-it\/\"},{\"@type\":\"ListItem\",\"position\":2,\"name\":\"Aviso legale\"}]},{\"@type\":\"WebSite\",\"@id\":\"https:\/\/www.girbau.com\/it-it\/#website\",\"url\":\"https:\/\/www.girbau.com\/it-it\/\",\"name\":\"Girbau IT\",\"description\":\"\",\"potentialAction\":[{\"@type\":\"SearchAction\",\"target\":{\"@type\":\"EntryPoint\",\"urlTemplate\":\"https:\/\/www.girbau.com\/it-it\/?s={search_term_string}\"},\"query-input\":{\"@type\":\"PropertyValueSpecification\",\"valueRequired\":true,\"valueName\":\"search_term_string\"}}],\"inLanguage\":\"it-IT\"}]}<\/script>\n<!-- \/ Yoast SEO Premium plugin. -->","yoast_head_json":{"title":"Aviso Legale | Girbau Italia","description":"General terms of access, browsing, and liability for this site.","robots":{"index":"noindex","follow":"follow"},"og_locale":"it_IT","og_type":"article","og_title":"Aviso legale","og_description":"General terms of access, browsing, and liability for this site.","og_url":"https:\/\/www.girbau.com\/it-it\/aviso-legale\/","og_site_name":"Girbau IT","article_modified_time":"2026-01-26T13:39:34+00:00","twitter_card":"summary_large_image","schema":{"@context":"https:\/\/schema.org","@graph":[{"@type":"WebPage","@id":"https:\/\/www.girbau.com\/it-it\/aviso-legale\/","url":"https:\/\/www.girbau.com\/it-it\/aviso-legale\/","name":"Aviso Legale | Girbau Italia","isPartOf":{"@id":"https:\/\/www.girbau.com\/it-it\/#website"},"datePublished":"2025-11-25T12:06:42+00:00","dateModified":"2026-01-26T13:39:34+00:00","description":"General terms of access, browsing, and liability for this site.","breadcrumb":{"@id":"https:\/\/www.girbau.com\/it-it\/aviso-legale\/#breadcrumb"},"inLanguage":"it-IT","potentialAction":[{"@type":"ReadAction","target":["https:\/\/www.girbau.com\/it-it\/aviso-legale\/"]}]},{"@type":"BreadcrumbList","@id":"https:\/\/www.girbau.com\/it-it\/aviso-legale\/#breadcrumb","itemListElement":[{"@type":"ListItem","position":1,"name":"Home","item":"https:\/\/www.girbau.com\/it-it\/"},{"@type":"ListItem","position":2,"name":"Aviso legale"}]},{"@type":"WebSite","@id":"https:\/\/www.girbau.com\/it-it\/#website","url":"https:\/\/www.girbau.com\/it-it\/","name":"Girbau IT","description":"","potentialAction":[{"@type":"SearchAction","target":{"@type":"EntryPoint","urlTemplate":"https:\/\/www.girbau.com\/it-it\/?s={search_term_string}"},"query-input":{"@type":"PropertyValueSpecification","valueRequired":true,"valueName":"search_term_string"}}],"inLanguage":"it-IT"}]}},"_links":{"self":[{"href":"https:\/\/www.girbau.com\/it-it\/wp-json\/wp\/v2\/pages\/55","targetHints":{"allow":["GET"]}}],"collection":[{"href":"https:\/\/www.girbau.com\/it-it\/wp-json\/wp\/v2\/pages"}],"about":[{"href":"https:\/\/www.girbau.com\/it-it\/wp-json\/wp\/v2\/types\/page"}],"author":[{"embeddable":true,"href":"https:\/\/www.girbau.com\/it-it\/wp-json\/wp\/v2\/users\/1"}],"replies":[{"embeddable":true,"href":"https:\/\/www.girbau.com\/it-it\/wp-json\/wp\/v2\/comments?post=55"}],"version-history":[{"count":8,"href":"https:\/\/www.girbau.com\/it-it\/wp-json\/wp\/v2\/pages\/55\/revisions"}],"predecessor-version":[{"id":2071,"href":"https:\/\/www.girbau.com\/it-it\/wp-json\/wp\/v2\/pages\/55\/revisions\/2071"}],"wp:attachment":[{"href":"https:\/\/www.girbau.com\/it-it\/wp-json\/wp\/v2\/media?parent=55"}],"curies":[{"name":"wp","href":"https:\/\/api.w.org\/{rel}","templated":true}]}}