{"id":790,"date":"2025-12-04T18:05:33","date_gmt":"2025-12-04T17:05:33","guid":{"rendered":"https:\/\/www.girbau.com\/it-it\/certificaciones\/"},"modified":"2026-02-03T15:41:49","modified_gmt":"2026-02-03T14:41:49","slug":"certificazioni","status":"publish","type":"page","link":"https:\/\/www.girbau.com\/it-it\/certificazioni\/","title":{"rendered":"Certificazioni di qualit\u00e0, sostenibilit\u00e0 e sicurezza"},"content":{"rendered":"","protected":false},"excerpt":{"rendered":"","protected":false},"author":4,"featured_media":0,"parent":0,"menu_order":0,"comment_status":"closed","ping_status":"closed","template":"","meta":{"_acf_changed":false,"footnotes":""},"class_list":["post-790","page","type-page","status-publish","hentry"],"acf":{"page_certificaciones_main_subtitle":"Rigore, responsabilit\u00e0 e un impegno concreto nella creazione di un impatto positivo sulle persone e sul pianeta.","page_certificaciones_main_description":"Girbau intende le certificazioni come un impegno, non come un trofeo. Ogni certificazione ricevuta attesta il nostro modo di lavorare con rigore, sicurezza e rispetto per l\u2019ambiente, garantendo che le nostre soluzioni per una lavanderia sostenibile soddisfano i pi\u00f9 alti standard di qualit\u00e0 e sostenibilit\u00e0.","page_certificaciones_sections_sections":[{"certificaciones_sections_section_name":"","certificaciones_sections_pretitle":"","certificaciones_sections_title":"Qualit\u00e0","certificaciones_sections_description":"","certificaciones_sections_content_items":[{"certificaciones_sections_title":"Qualit\u00e0 certificata in ogni dettaglio","certificaciones_sections_content":"In Girbau, ogni singola macchina e componente vengono sottoposti a <strong>controlli esaustivi<\/strong> che ne garantiscono l\u2019affidabilit\u00e0, la durata e la sicurezza. Le <strong>certificazioni internazionali<\/strong> di cui sono dotate le nostre apparecchiature sono la migliore attestazione di un impegno continuo verso l\u2019eccellenza e il miglioramento costante.","certificaciones_sections_image":1028,"certificaciones_sections_image_position":"right","certificaciones_sections_button_label":"","certificaciones_sections_button_action":"url","certificaciones_sections_button_url":"","certificaciones_sections_button_post":null,"certificaciones_sections_button_file":null,"certificaciones_sections_button_modal_url":"","certificaciones_sections_button":""}],"certificaciones_sections_cards":[{"certificaciones_sections_title":"ISO 9001 - Sistema di gestione della qualit\u00e0 per Girbau S.A. e Girbau Robotics","certificaciones_sections_description":"La certificazione di qualit\u00e0 ISO 9001 attesta che Girbau S.A. e Girbau Robotics (Francia) applicano un sistema di gestione della qualit\u00e0 che garantisce l\u2019eccellenza nella progettazione, nella produzione e nell\u2019assistenza. Questo standard, in vigore dal 1996, garantisce la tracciabilit\u00e0 di ogni prodotto e la costante soddisfazione dei nostri clienti.","certificaciones_sections_button_label":"Vedi certificazione","certificaciones_sections_button_action":"file","certificaciones_sections_button_url":"","certificaciones_sections_button_post":null,"certificaciones_sections_button_file":1651,"certificaciones_sections_button_modal_url":"","certificaciones_sections_button":""},{"certificaciones_sections_title":"ISO 9001 - Sistema di gestione della qualit\u00e0 per Girbau Laundry Machinery (Shanghai)","certificaciones_sections_description":"La certificazione di qualit\u00e0 ISO 9001 attesta che Girbau Laundry Machinery applica un sistema di gestione della qualit\u00e0 che garantisce l\u2019eccellenza nella progettazione, nella produzione e nell\u2019assistenza. Questo standard, in vigore dal 1996, garantisce la tracciabilit\u00e0 di ogni prodotto e la costante soddisfazione dei nostri clienti.","certificaciones_sections_button_label":"Vedi certificazione","certificaciones_sections_button_action":"file","certificaciones_sections_button_url":"","certificaciones_sections_button_post":null,"certificaciones_sections_button_file":1145,"certificaciones_sections_button_modal_url":"","certificaciones_sections_button":""}]},{"certificaciones_sections_section_name":"","certificaciones_sections_pretitle":"","certificaciones_sections_title":"Ambiente","certificaciones_sections_description":"","certificaciones_sections_content_items":[{"certificaciones_sections_title":"Impegno per un ambiente pi\u00f9 pulito e sostenibile","certificaciones_sections_content":"La sostenibilit\u00e0 fa parte integrante di tutto ci\u00f2 che facciamo. Dalla progettazione dei prodotti alla gestione dei rifiuti, applichiamo criteri che riducono l\u2019impatto ambientale e migliorano l\u2019efficienza energetica. Queste <strong>certificazioni di sostenibilit\u00e0<\/strong> riflettono un modello di lavanderia responsabile e orientato al futuro.","certificaciones_sections_image":1029,"certificaciones_sections_image_position":"right","certificaciones_sections_button_label":"","certificaciones_sections_button_action":"url","certificaciones_sections_button_url":"","certificaciones_sections_button_post":null,"certificaciones_sections_button_file":null,"certificaciones_sections_button_modal_url":"","certificaciones_sections_button":""}],"certificaciones_sections_cards":[{"certificaciones_sections_title":"ISO 14001 - Gestione ambientale certificata per Girbau S.A. e Girbau Robotics","certificaciones_sections_description":"La certificazione di sostenibilit\u00e0 ISO 14001 attesta che Girbau S.A. e Girbau Robotics applicano un sistema di gestione ambientale che riduce l\u2019impatto delle loro attivit\u00e0. Entrambe le aziende integrano l\u2019efficienza energetica, la gestione responsabile dei rifiuti e il miglioramento continuo in tutti i loro stabilimenti di produzione.","certificaciones_sections_button_label":"Vedi certificazione","certificaciones_sections_button_action":"file","certificaciones_sections_button_url":"","certificaciones_sections_button_post":null,"certificaciones_sections_button_file":1652,"certificaciones_sections_button_modal_url":"","certificaciones_sections_button":""},{"certificaciones_sections_title":"ISO 14001 - Gestione ambientale certificata per Girbau Laundry Machinery (Shanghai)","certificaciones_sections_description":"La certificazione ISO 14001 attesta che il nostro stabilimento produttivo di Shanghai applica un sistema di gestione ambientale volto a ridurre l\u2019impatto ambientale delle proprie attivit\u00e0. L\u2019azienda integra l\u2019efficienza energetica, una gestione responsabile dei rifiuti e il miglioramento continuo in tutti i suoi centri di produzione.","certificaciones_sections_button_label":"Vedi certificazione","certificaciones_sections_button_action":"file","certificaciones_sections_button_url":"","certificaciones_sections_button_post":null,"certificaciones_sections_button_file":1148,"certificaciones_sections_button_modal_url":"","certificaciones_sections_button":""},{"certificaciones_sections_title":"EMAS (Eco-Management and Audit Scheme) per Girbau S.A.","certificaciones_sections_description":"La certificazione EMAS attesta l\u2019iscrizione di Girbau S.A. nel pi\u00f9 esigente registro europeo di gestione e audit ambientale dell\u2019UE. Dal 2004, questo riconoscimento garantisce che i nostri stabilimenti operano con criteri di trasparenza, miglioramento continuo e impegno reale per una lavanderia sostenibile.","certificaciones_sections_button_label":"Vedi certificazione","certificaciones_sections_button_action":"file","certificaciones_sections_button_url":"","certificaciones_sections_button_post":null,"certificaciones_sections_button_file":1653,"certificaciones_sections_button_modal_url":"","certificaciones_sections_button":""}]},{"certificaciones_sections_section_name":"","certificaciones_sections_pretitle":"","certificaciones_sections_title":"Salute e sicurezza","certificaciones_sections_description":"","certificaciones_sections_content_items":[{"certificaciones_sections_title":"Certificazione di salute e sicurezza per persone e processi","certificaciones_sections_content":"<div class=\"flex max-w-full flex-col grow\">\r\n<div class=\"min-h-8 text-message relative flex w-full flex-col items-end gap-2 text-start break-words whitespace-normal [.text-message+&amp;]:mt-1\" dir=\"auto\" data-message-author-role=\"assistant\" data-message-id=\"c4a15016-3ba9-42e0-88c5-057274262020\" data-message-model-slug=\"gpt-5-1\">\r\n<div class=\"flex w-full flex-col gap-1 empty:hidden first:pt-[1px]\">\r\n<div class=\"markdown prose dark:prose-invert w-full break-words light markdown-new-styling\">\r\n<p data-start=\"0\" data-end=\"408\" data-is-last-node=\"\" data-is-only-node=\"\">La sicurezza e il benessere del nostro team sono pilastri fondamentali della nostra strategia operativa. Dalla prevenzione dei rischi al miglioramento continuo degli ambienti di lavoro, applichiamo standard che rafforzano la tutela e il benessere delle persone. Queste certificazioni ISO attestano un modello di gestione solido e proattivo, pienamente allineato alle migliori pratiche internazionali.<\/p>\r\n\r\n<\/div>\r\n<\/div>\r\n<\/div>\r\n<\/div>\r\n<div class=\"z-0 flex min-h-[46px] justify-start\"><\/div>\r\n<div class=\"mt-3 w-full empty:hidden\">\r\n<div class=\"text-center\"><\/div>\r\n<\/div>\r\n<div class=\"keyword-surfer\">\r\n<div class=\"flex items-center gap-[6px]\"><\/div>\r\n<\/div>","certificaciones_sections_image":1339,"certificaciones_sections_image_position":"right","certificaciones_sections_button_label":"","certificaciones_sections_button_action":"url","certificaciones_sections_button_url":"","certificaciones_sections_button_post":null,"certificaciones_sections_button_file":null,"certificaciones_sections_button_modal_url":"","certificaciones_sections_button":""}],"certificaciones_sections_cards":[{"certificaciones_sections_title":"ISO 45001 - Sistemi di salute e sicurezza certificati per Girbau S.A. e Girbau Robotics","certificaciones_sections_description":"La certificazione di sicurezza ISO 45001 attesta che Girbau S.A. (Vic) e Girbau Robotics (France) applicano un sistema di gestione della salute e della sicurezza sul lavoro conforme ai requisiti internazionali. Questo standard garantisce ambienti di lavoro sicuri, promuove la prevenzione dei rischi e incoraggia il miglioramento continuo del benessere delle persone.","certificaciones_sections_button_label":"Vedi certificazione","certificaciones_sections_button_action":"file","certificaciones_sections_button_url":"","certificaciones_sections_button_post":null,"certificaciones_sections_button_file":1654,"certificaciones_sections_button_modal_url":"","certificaciones_sections_button":""},{"certificaciones_sections_title":"ISO 45001 -  Sistemi di sicurezza e salute certificati per Girbau Laundry Machinery (Shanghai)","certificaciones_sections_description":"La certificazione di sicurezza ISO 45001 attesta che lo stabilimento di Girbau Laundry Machinery (Shanghai) gestisce un sistema di gestione della salute e della sicurezza sul lavoro conforme agli standard internazionali. Questo riconoscimento certifica condizioni di lavoro sicure, salutari e sostenibili in tutte le sue attivit\u00e0.","certificaciones_sections_button_label":"Vedi certificazione","certificaciones_sections_button_action":"file","certificaciones_sections_button_url":"","certificaciones_sections_button_post":null,"certificaciones_sections_button_file":1153,"certificaciones_sections_button_modal_url":"","certificaciones_sections_button":""}]}],"page_certificaciones_json_schema_json_schema":""},"yoast_head":"<!-- This site is optimized with the Yoast SEO Premium plugin v26.8 (Yoast SEO v27.1.1) - https:\/\/yoast.com\/product\/yoast-seo-premium-wordpress\/ -->\n<title>Certificazioni di qualit\u00e0 e sostenibilit\u00e0 | Girbau Italia<\/title>\n<meta name=\"description\" content=\"Scopri le certificazioni che attestano qualit\u00e0, sostenibilit\u00e0 e sicurezza in tutti i sistemi e attrezzature Girbau Italia.\" \/>\n<meta name=\"robots\" content=\"index, follow, max-snippet:-1, max-image-preview:large, max-video-preview:-1\" \/>\n<link rel=\"canonical\" href=\"https:\/\/www.girbau.com\/it-it\/certificazioni\/\" \/>\n<meta property=\"og:locale\" content=\"it_IT\" \/>\n<meta property=\"og:type\" content=\"article\" \/>\n<meta property=\"og:title\" content=\"Certificazioni di qualit\u00e0, sostenibilit\u00e0 e sicurezza\" \/>\n<meta property=\"og:description\" content=\"Scopri le certificazioni che attestano qualit\u00e0, sostenibilit\u00e0 e sicurezza in tutti i sistemi e attrezzature Girbau Italia.\" \/>\n<meta property=\"og:url\" content=\"https:\/\/www.girbau.com\/it-it\/certificazioni\/\" \/>\n<meta property=\"og:site_name\" content=\"Girbau IT\" \/>\n<meta property=\"article:modified_time\" content=\"2026-02-03T14:41:49+00:00\" \/>\n<meta name=\"twitter:card\" content=\"summary_large_image\" \/>\n<script type=\"application\/ld+json\" class=\"yoast-schema-graph\">{\"@context\":\"https:\/\/schema.org\",\"@graph\":[{\"@type\":\"WebPage\",\"@id\":\"https:\/\/www.girbau.com\/it-it\/certificazioni\/\",\"url\":\"https:\/\/www.girbau.com\/it-it\/certificazioni\/\",\"name\":\"Certificazioni di qualit\u00e0 e sostenibilit\u00e0 | Girbau Italia\",\"isPartOf\":{\"@id\":\"https:\/\/www.girbau.com\/it-it\/#website\"},\"datePublished\":\"2025-12-04T17:05:33+00:00\",\"dateModified\":\"2026-02-03T14:41:49+00:00\",\"description\":\"Scopri le certificazioni che attestano qualit\u00e0, sostenibilit\u00e0 e sicurezza in tutti i sistemi e attrezzature Girbau Italia.\",\"breadcrumb\":{\"@id\":\"https:\/\/www.girbau.com\/it-it\/certificazioni\/#breadcrumb\"},\"inLanguage\":\"it-IT\",\"potentialAction\":[{\"@type\":\"ReadAction\",\"target\":[\"https:\/\/www.girbau.com\/it-it\/certificazioni\/\"]}]},{\"@type\":\"BreadcrumbList\",\"@id\":\"https:\/\/www.girbau.com\/it-it\/certificazioni\/#breadcrumb\",\"itemListElement\":[{\"@type\":\"ListItem\",\"position\":1,\"name\":\"Home\",\"item\":\"https:\/\/www.girbau.com\/it-it\/\"},{\"@type\":\"ListItem\",\"position\":2,\"name\":\"Certificazioni di qualit\u00e0, sostenibilit\u00e0 e sicurezza\"}]},{\"@type\":\"WebSite\",\"@id\":\"https:\/\/www.girbau.com\/it-it\/#website\",\"url\":\"https:\/\/www.girbau.com\/it-it\/\",\"name\":\"Girbau IT\",\"description\":\"\",\"potentialAction\":[{\"@type\":\"SearchAction\",\"target\":{\"@type\":\"EntryPoint\",\"urlTemplate\":\"https:\/\/www.girbau.com\/it-it\/?s={search_term_string}\"},\"query-input\":{\"@type\":\"PropertyValueSpecification\",\"valueRequired\":true,\"valueName\":\"search_term_string\"}}],\"inLanguage\":\"it-IT\"}]}<\/script>\n<!-- \/ Yoast SEO Premium plugin. -->","yoast_head_json":{"title":"Certificazioni di qualit\u00e0 e sostenibilit\u00e0 | Girbau Italia","description":"Scopri le certificazioni che attestano qualit\u00e0, sostenibilit\u00e0 e sicurezza in tutti i sistemi e attrezzature Girbau Italia.","robots":{"index":"index","follow":"follow","max-snippet":"max-snippet:-1","max-image-preview":"max-image-preview:large","max-video-preview":"max-video-preview:-1"},"canonical":"https:\/\/www.girbau.com\/it-it\/certificazioni\/","og_locale":"it_IT","og_type":"article","og_title":"Certificazioni di qualit\u00e0, sostenibilit\u00e0 e sicurezza","og_description":"Scopri le certificazioni che attestano qualit\u00e0, sostenibilit\u00e0 e sicurezza in tutti i sistemi e attrezzature Girbau Italia.","og_url":"https:\/\/www.girbau.com\/it-it\/certificazioni\/","og_site_name":"Girbau IT","article_modified_time":"2026-02-03T14:41:49+00:00","twitter_card":"summary_large_image","schema":{"@context":"https:\/\/schema.org","@graph":[{"@type":"WebPage","@id":"https:\/\/www.girbau.com\/it-it\/certificazioni\/","url":"https:\/\/www.girbau.com\/it-it\/certificazioni\/","name":"Certificazioni di qualit\u00e0 e sostenibilit\u00e0 | Girbau Italia","isPartOf":{"@id":"https:\/\/www.girbau.com\/it-it\/#website"},"datePublished":"2025-12-04T17:05:33+00:00","dateModified":"2026-02-03T14:41:49+00:00","description":"Scopri le certificazioni che attestano qualit\u00e0, sostenibilit\u00e0 e sicurezza in tutti i sistemi e attrezzature Girbau Italia.","breadcrumb":{"@id":"https:\/\/www.girbau.com\/it-it\/certificazioni\/#breadcrumb"},"inLanguage":"it-IT","potentialAction":[{"@type":"ReadAction","target":["https:\/\/www.girbau.com\/it-it\/certificazioni\/"]}]},{"@type":"BreadcrumbList","@id":"https:\/\/www.girbau.com\/it-it\/certificazioni\/#breadcrumb","itemListElement":[{"@type":"ListItem","position":1,"name":"Home","item":"https:\/\/www.girbau.com\/it-it\/"},{"@type":"ListItem","position":2,"name":"Certificazioni di qualit\u00e0, sostenibilit\u00e0 e sicurezza"}]},{"@type":"WebSite","@id":"https:\/\/www.girbau.com\/it-it\/#website","url":"https:\/\/www.girbau.com\/it-it\/","name":"Girbau IT","description":"","potentialAction":[{"@type":"SearchAction","target":{"@type":"EntryPoint","urlTemplate":"https:\/\/www.girbau.com\/it-it\/?s={search_term_string}"},"query-input":{"@type":"PropertyValueSpecification","valueRequired":true,"valueName":"search_term_string"}}],"inLanguage":"it-IT"}]}},"_links":{"self":[{"href":"https:\/\/www.girbau.com\/it-it\/wp-json\/wp\/v2\/pages\/790","targetHints":{"allow":["GET"]}}],"collection":[{"href":"https:\/\/www.girbau.com\/it-it\/wp-json\/wp\/v2\/pages"}],"about":[{"href":"https:\/\/www.girbau.com\/it-it\/wp-json\/wp\/v2\/types\/page"}],"author":[{"embeddable":true,"href":"https:\/\/www.girbau.com\/it-it\/wp-json\/wp\/v2\/users\/4"}],"replies":[{"embeddable":true,"href":"https:\/\/www.girbau.com\/it-it\/wp-json\/wp\/v2\/comments?post=790"}],"version-history":[{"count":15,"href":"https:\/\/www.girbau.com\/it-it\/wp-json\/wp\/v2\/pages\/790\/revisions"}],"predecessor-version":[{"id":1970,"href":"https:\/\/www.girbau.com\/it-it\/wp-json\/wp\/v2\/pages\/790\/revisions\/1970"}],"wp:attachment":[{"href":"https:\/\/www.girbau.com\/it-it\/wp-json\/wp\/v2\/media?parent=790"}],"curies":[{"name":"wp","href":"https:\/\/api.w.org\/{rel}","templated":true}]}}