{"id":791,"date":"2025-12-04T18:05:33","date_gmt":"2025-12-04T17:05:33","guid":{"rendered":"https:\/\/www.girbau.com\/it-it\/trabajar-en-girbau\/"},"modified":"2026-01-20T22:15:30","modified_gmt":"2026-01-20T21:15:30","slug":"lavorare-in-girbau","status":"publish","type":"page","link":"https:\/\/www.girbau.com\/it-it\/lavorare-in-girbau\/","title":{"rendered":"Lavorare in Girbau"},"content":{"rendered":"","protected":false},"excerpt":{"rendered":"","protected":false},"author":10,"featured_media":0,"parent":0,"menu_order":0,"comment_status":"closed","ping_status":"closed","template":"","meta":{"_acf_changed":false,"footnotes":""},"class_list":["post-791","page","type-page","status-publish","hentry"],"acf":{"page_trabajar_en_girbau_main_subtitle":"Entra a far parte di un team in cui le persone condividono idee, talento e obiettivi","page_trabajar_en_girbau_main_description":"Crediamo nelle persone come forza trainante di tutto ci\u00f2 che facciamo. In Girbau Italia troverai un ambiente in cui poter crescere professionalmente, contribuire con le tue idee e imparare ogni giorno. Puntiamo sull\u2019innovazione, sulla sostenibilit\u00e0 e sul benessere, con un team che guida l\u2019evoluzione del settore a livello internazionale.","page_trabajar_en_girbau_main_background":1271,"page_trabajar_en_girbau_main_background_video_small":"https:\/\/www.girbau.com\/it-it\/wp-content\/uploads\/sites\/7\/2025\/12\/girbau-careers-work-with-us-banner-video-480.webm","page_trabajar_en_girbau_main_background_video_medium":"https:\/\/www.girbau.com\/it-it\/wp-content\/uploads\/sites\/7\/2025\/12\/girbau-careers-work-with-us-banner-video-900.webm","page_trabajar_en_girbau_main_background_video_large":"https:\/\/www.girbau.com\/it-it\/wp-content\/uploads\/sites\/7\/2025\/12\/girbau-careers-work-with-us-banner-video-1400.webm","page_trabajar_en_girbau_main_background_video_extra_large":"https:\/\/www.girbau.com\/it-it\/wp-content\/uploads\/sites\/7\/2025\/12\/girbau-careers-work-with-us-banner-video-1920.webm","page_trabajar_en_girbau_features_enabled":true,"page_trabajar_en_girbau_features_tag":"","page_trabajar_en_girbau_features_columns":"3","page_trabajar_en_girbau_features_title":"Perch\u00e9 lavorare in Girbau?","page_trabajar_en_girbau_features_description":"","page_trabajar_en_girbau_features_features":[{"trabajar_en_girbau_features_icon":"pasion","trabajar_en_girbau_features_title":"Radici familiari e prospettiva globale","trabajar_en_girbau_features_content":"Siamo un\u2019azienda a conduzione familiare con una presenza internazionale attraverso 15 filiali. Un ambiente di lavoro diretto, stabile e orientato al futuro, dove potrai crescere professionalmente."},{"trabajar_en_girbau_features_icon":"crecimiento","trabajar_en_girbau_features_title":"Crescere fa parte del viaggio","trabajar_en_girbau_features_content":"Qui i percorsi professionali non si interrompono. Ogni persona trova spazio per svilupparsi, affrontare nuove sfide e imparare, andando sempre avanti con il sostegno del team."},{"trabajar_en_girbau_features_icon":"sostenibilidad","trabajar_en_girbau_features_title":"Cambiamenti intenzionali","trabajar_en_girbau_features_content":"La nostra trasformazione si basa su digitalizzazione, sostenibilit\u00e0 e innovazione, con l\u2019obiettivo di essere un\u2019azienda di riferimento che ha un impatto positivo sulle persone e sul pianeta."},{"trabajar_en_girbau_features_icon":"user-centered","trabajar_en_girbau_features_title":"Le persone, la nostra priorit\u00e0","trabajar_en_girbau_features_content":"Crediamo nella forza dell\u2019atteggiamento, della diversit\u00e0 e dell\u2019impegno. Ci prendiamo cura delle nostre persone perch\u00e9 il loro benessere \u00e8 al centro di tutto ci\u00f2 che facciamo."}],"page_trabajar_en_girbau_jobs_enabled":false,"page_trabajar_en_girbau_jobs_tag":"We are waiting for you","page_trabajar_en_girbau_jobs_title":"Job Openings","page_trabajar_en_girbau_jobs_description":"Would you like to join a team that drives innovation in industrial laundry? Explore career opportunities at Girbau and find the place where you can grow your skills and talent.","page_trabajar_en_girbau_jobs_show_all":true,"page_trabajar_en_girbau_jobs_selected_jobs":[590,1675,1679],"page_trabajar_en_girbau_jobs_min_cards":5,"page_trabajar_en_girbau_jobs_show_buttons":true,"page_trabajar_en_girbau_featured_enabled":true,"page_trabajar_en_girbau_featured_tag":"Vogliamo conoscerti","page_trabajar_en_girbau_featured_title":"Vuoi far parte del team di Girbau Italia?","page_trabajar_en_girbau_featured_content_type":"text","page_trabajar_en_girbau_featured_content_text":"Continuiamo a crescere e siamo costantemente alla ricerca di persone con iniziativa, impegno e voglia di imparare. Se ti riconosci nel nostro modo di lavorare, <strong>inviaci il tuo CV<\/strong> e lo prenderemo in considerazione per <strong>opportunit\u00e0 di lavoro in Girbau Messico<\/strong>.","page_trabajar_en_girbau_featured_content_items":null,"page_trabajar_en_girbau_featured_image":1811,"page_trabajar_en_girbau_featured_image_position":"left","page_trabajar_en_girbau_featured_button_label":"Invia il mio CV","page_trabajar_en_girbau_featured_button_action":"modal","page_trabajar_en_girbau_featured_button_url":"https:\/\/form.jotform.com\/253034140820039","page_trabajar_en_girbau_featured_button_post":"","page_trabajar_en_girbau_featured_button_file":"","page_trabajar_en_girbau_featured_button_modal_url":"https:\/\/form.jotform.com\/260196312999367","page_trabajar_en_girbau_featured_button":"","page_trabajar_en_girbau_gallery_enabled":true,"page_trabajar_en_girbau_gallery_tag":"Storie vere","page_trabajar_en_girbau_gallery_title":"Conosci il team Girbau","page_trabajar_en_girbau_gallery_items":[{"trabajar_en_girbau_gallery_media":1036,"trabajar_en_girbau_gallery_wide_size":false},{"trabajar_en_girbau_gallery_media":1037,"trabajar_en_girbau_gallery_wide_size":false},{"trabajar_en_girbau_gallery_media":1038,"trabajar_en_girbau_gallery_wide_size":false},{"trabajar_en_girbau_gallery_media":1039,"trabajar_en_girbau_gallery_wide_size":false},{"trabajar_en_girbau_gallery_media":1040,"trabajar_en_girbau_gallery_wide_size":false},{"trabajar_en_girbau_gallery_media":1041,"trabajar_en_girbau_gallery_wide_size":false},{"trabajar_en_girbau_gallery_media":1035,"trabajar_en_girbau_gallery_wide_size":false}],"page_trabajar_en_girbau_features_bottom_enabled":true,"page_trabajar_en_girbau_features_bottom_tag":"Perch\u00e9 sceglierci","page_trabajar_en_girbau_features_bottom_columns":"3","page_trabajar_en_girbau_features_bottom_title":"Cosa ci definisce  ","page_trabajar_en_girbau_features_bottom_description":"","page_trabajar_en_girbau_features_bottom_features":[{"trabajar_en_girbau_features_bottom_icon":"excelencia","trabajar_en_girbau_features_bottom_title":"Eccellenza","trabajar_en_girbau_features_bottom_content":"Ci muoviamo e lavoriamo duramente per garantire la qualit\u00e0 del servizio, dei prodotti, dei processi e delle relazioni, sempre alla ricerca del miglioramento continuo e della soddisfazione del cliente."},{"trabajar_en_girbau_features_bottom_icon":"colaboracion","trabajar_en_girbau_features_bottom_title":"Collaborazione","trabajar_en_girbau_features_bottom_content":"Lavoriamo insieme come un unico team, internamente ed esternamente, con l\u2019obiettivo di condividere esperienza e conoscenze con la comunit\u00e0, per fare in modo che il risultato sia superiore alla somma degli sforzi individuali."},{"trabajar_en_girbau_features_bottom_icon":"integridad","trabajar_en_girbau_features_bottom_title":"Integrit\u00e0","trabajar_en_girbau_features_bottom_content":"Agiamo con coerenza (valori-azione), trasparenza e onest\u00e0. Facciamo la cosa giusta, anche quando nessuno ci guarda."},{"trabajar_en_girbau_features_bottom_icon":"user-centered","trabajar_en_girbau_features_bottom_title":"Le persone al centro","trabajar_en_girbau_features_bottom_content":"Tutto ci\u00f2 che facciamo, lo facciamo con empatia, rispettando le persone e il loro benessere, necessit\u00e0 e diversit\u00e0, che si tratti di clienti, collaboratori, fornitori o partner."},{"trabajar_en_girbau_features_bottom_icon":"pasion","trabajar_en_girbau_features_bottom_title":"Passione","trabajar_en_girbau_features_bottom_content":"Amiamo ci\u00f2 che facciamo, lavoriamo con entusiasmo ed energia per creare e fornire soluzioni innovative, sempre con il desiderio di imparare e chiedendoci perch\u00e9 facciamo le cose come le facciamo"},{"trabajar_en_girbau_features_bottom_icon":"compromiso","trabajar_en_girbau_features_bottom_title":"Impegno","trabajar_en_girbau_features_bottom_content":"Siamo orgogliosi di poter essere parte della nostra comunit\u00e0 e di sentirci responsabili nei confronti dei clienti, dell\u2019azienda, delle persone e del pianeta, lavorando duramente per raggiungere gli obiettivi che ci poniamo, superando qualsiasi ostacolo incontrato."}],"page_trabajar_en_girbau_json_schema_json_schema":""},"yoast_head":"<!-- This site is optimized with the Yoast SEO Premium plugin v26.8 (Yoast SEO v27.1.1) - https:\/\/yoast.com\/product\/yoast-seo-premium-wordpress\/ -->\n<title>Lavorare in Girbau | opportunit\u00e0 e sviluppo professionale<\/title>\n<meta name=\"description\" content=\"Scopri le opportunit\u00e0 di lavoro in Girbau Italia e unisciti a un team dedicato all\u2019innovazione nel settore della lavanderia professionale.\" \/>\n<meta name=\"robots\" content=\"index, follow, max-snippet:-1, max-image-preview:large, max-video-preview:-1\" \/>\n<link rel=\"canonical\" href=\"https:\/\/www.girbau.com\/it-it\/lavorare-in-girbau\/\" \/>\n<meta property=\"og:locale\" content=\"it_IT\" \/>\n<meta property=\"og:type\" content=\"article\" \/>\n<meta property=\"og:title\" content=\"Lavorare in Girbau\" \/>\n<meta property=\"og:description\" content=\"Scopri le opportunit\u00e0 di lavoro in Girbau Italia e unisciti a un team dedicato all\u2019innovazione nel settore della lavanderia professionale.\" \/>\n<meta property=\"og:url\" content=\"https:\/\/www.girbau.com\/it-it\/lavorare-in-girbau\/\" \/>\n<meta property=\"og:site_name\" content=\"Girbau IT\" \/>\n<meta property=\"article:modified_time\" content=\"2026-01-20T21:15:30+00:00\" \/>\n<meta name=\"twitter:card\" content=\"summary_large_image\" \/>\n<script type=\"application\/ld+json\" class=\"yoast-schema-graph\">{\"@context\":\"https:\/\/schema.org\",\"@graph\":[{\"@type\":\"WebPage\",\"@id\":\"https:\/\/www.girbau.com\/it-it\/lavorare-in-girbau\/\",\"url\":\"https:\/\/www.girbau.com\/it-it\/lavorare-in-girbau\/\",\"name\":\"Lavorare in Girbau | opportunit\u00e0 e sviluppo professionale\",\"isPartOf\":{\"@id\":\"https:\/\/www.girbau.com\/it-it\/#website\"},\"datePublished\":\"2025-12-04T17:05:33+00:00\",\"dateModified\":\"2026-01-20T21:15:30+00:00\",\"description\":\"Scopri le opportunit\u00e0 di lavoro in Girbau Italia e unisciti a un team dedicato all\u2019innovazione nel settore della lavanderia professionale.\",\"breadcrumb\":{\"@id\":\"https:\/\/www.girbau.com\/it-it\/lavorare-in-girbau\/#breadcrumb\"},\"inLanguage\":\"it-IT\",\"potentialAction\":[{\"@type\":\"ReadAction\",\"target\":[\"https:\/\/www.girbau.com\/it-it\/lavorare-in-girbau\/\"]}]},{\"@type\":\"BreadcrumbList\",\"@id\":\"https:\/\/www.girbau.com\/it-it\/lavorare-in-girbau\/#breadcrumb\",\"itemListElement\":[{\"@type\":\"ListItem\",\"position\":1,\"name\":\"Home\",\"item\":\"https:\/\/www.girbau.com\/it-it\/\"},{\"@type\":\"ListItem\",\"position\":2,\"name\":\"Lavorare in Girbau\"}]},{\"@type\":\"WebSite\",\"@id\":\"https:\/\/www.girbau.com\/it-it\/#website\",\"url\":\"https:\/\/www.girbau.com\/it-it\/\",\"name\":\"Girbau IT\",\"description\":\"\",\"potentialAction\":[{\"@type\":\"SearchAction\",\"target\":{\"@type\":\"EntryPoint\",\"urlTemplate\":\"https:\/\/www.girbau.com\/it-it\/?s={search_term_string}\"},\"query-input\":{\"@type\":\"PropertyValueSpecification\",\"valueRequired\":true,\"valueName\":\"search_term_string\"}}],\"inLanguage\":\"it-IT\"}]}<\/script>\n<!-- \/ Yoast SEO Premium plugin. -->","yoast_head_json":{"title":"Lavorare in Girbau | opportunit\u00e0 e sviluppo professionale","description":"Scopri le opportunit\u00e0 di lavoro in Girbau Italia e unisciti a un team dedicato all\u2019innovazione nel settore della lavanderia professionale.","robots":{"index":"index","follow":"follow","max-snippet":"max-snippet:-1","max-image-preview":"max-image-preview:large","max-video-preview":"max-video-preview:-1"},"canonical":"https:\/\/www.girbau.com\/it-it\/lavorare-in-girbau\/","og_locale":"it_IT","og_type":"article","og_title":"Lavorare in Girbau","og_description":"Scopri le opportunit\u00e0 di lavoro in Girbau Italia e unisciti a un team dedicato all\u2019innovazione nel settore della lavanderia professionale.","og_url":"https:\/\/www.girbau.com\/it-it\/lavorare-in-girbau\/","og_site_name":"Girbau IT","article_modified_time":"2026-01-20T21:15:30+00:00","twitter_card":"summary_large_image","schema":{"@context":"https:\/\/schema.org","@graph":[{"@type":"WebPage","@id":"https:\/\/www.girbau.com\/it-it\/lavorare-in-girbau\/","url":"https:\/\/www.girbau.com\/it-it\/lavorare-in-girbau\/","name":"Lavorare in Girbau | opportunit\u00e0 e sviluppo professionale","isPartOf":{"@id":"https:\/\/www.girbau.com\/it-it\/#website"},"datePublished":"2025-12-04T17:05:33+00:00","dateModified":"2026-01-20T21:15:30+00:00","description":"Scopri le opportunit\u00e0 di lavoro in Girbau Italia e unisciti a un team dedicato all\u2019innovazione nel settore della lavanderia professionale.","breadcrumb":{"@id":"https:\/\/www.girbau.com\/it-it\/lavorare-in-girbau\/#breadcrumb"},"inLanguage":"it-IT","potentialAction":[{"@type":"ReadAction","target":["https:\/\/www.girbau.com\/it-it\/lavorare-in-girbau\/"]}]},{"@type":"BreadcrumbList","@id":"https:\/\/www.girbau.com\/it-it\/lavorare-in-girbau\/#breadcrumb","itemListElement":[{"@type":"ListItem","position":1,"name":"Home","item":"https:\/\/www.girbau.com\/it-it\/"},{"@type":"ListItem","position":2,"name":"Lavorare in Girbau"}]},{"@type":"WebSite","@id":"https:\/\/www.girbau.com\/it-it\/#website","url":"https:\/\/www.girbau.com\/it-it\/","name":"Girbau IT","description":"","potentialAction":[{"@type":"SearchAction","target":{"@type":"EntryPoint","urlTemplate":"https:\/\/www.girbau.com\/it-it\/?s={search_term_string}"},"query-input":{"@type":"PropertyValueSpecification","valueRequired":true,"valueName":"search_term_string"}}],"inLanguage":"it-IT"}]}},"_links":{"self":[{"href":"https:\/\/www.girbau.com\/it-it\/wp-json\/wp\/v2\/pages\/791","targetHints":{"allow":["GET"]}}],"collection":[{"href":"https:\/\/www.girbau.com\/it-it\/wp-json\/wp\/v2\/pages"}],"about":[{"href":"https:\/\/www.girbau.com\/it-it\/wp-json\/wp\/v2\/types\/page"}],"author":[{"embeddable":true,"href":"https:\/\/www.girbau.com\/it-it\/wp-json\/wp\/v2\/users\/10"}],"replies":[{"embeddable":true,"href":"https:\/\/www.girbau.com\/it-it\/wp-json\/wp\/v2\/comments?post=791"}],"version-history":[{"count":21,"href":"https:\/\/www.girbau.com\/it-it\/wp-json\/wp\/v2\/pages\/791\/revisions"}],"predecessor-version":[{"id":2031,"href":"https:\/\/www.girbau.com\/it-it\/wp-json\/wp\/v2\/pages\/791\/revisions\/2031"}],"acf:post":[{"embeddable":true,"href":"https:\/\/www.girbau.com\/it-it\/wp-json\/wp\/v2\/job_post\/1679"}],"wp:attachment":[{"href":"https:\/\/www.girbau.com\/it-it\/wp-json\/wp\/v2\/media?parent=791"}],"curies":[{"name":"wp","href":"https:\/\/api.w.org\/{rel}","templated":true}]}}