{"id":793,"date":"2025-12-04T18:05:33","date_gmt":"2025-12-04T17:05:33","guid":{"rendered":"https:\/\/www.girbau.com\/it-it\/politica-privacidad\/"},"modified":"2026-01-26T14:40:52","modified_gmt":"2026-01-26T13:40:52","slug":"politica-privacy","status":"publish","type":"page","link":"https:\/\/www.girbau.com\/it-it\/politica-privacy\/","title":{"rendered":"Politica sulla privacy"},"content":{"rendered":"\n<h2 class=\"wp-block-heading\" id=\"h-nbsp\">&nbsp;<\/h2>\n\n\n\t\n\t\t\t\t\t\t\t\t\t\t\t\t\t\t\t\t\t\t\t\t\t\t\t\t\t\t\t\t\t\t\t\t\t\t\t\t\n\t\n\t\n\n<section class=\"module-grid\" >\n\t<div class=\"container\">\n\t\t\t\t\t\n\n<div class=\"section-header\">\n\t\t\t<div class=\"section-header__intro\">\n\t\t\t\n\n<div class=\"section-intro\">\n\t\n\t\t\t<div class=\"section-intro__container\">\n\t\t\t\t\t\t\t\t\t\t<h2 class=\"section-intro__title\">Informativa sulla privacy del sito web<\/h2>\n\t\t\t\t\t<\/div>\n\t\n\t\n\t\n\t<\/div>\n\t\t<\/div>\n\t\n\t<\/div>\n\t\t\n\t\t\t\t\t<div class=\"module-grid__content only-text\">\n\t\t\t\t\n\t\t\t<\/div>\n\t\t\n\t\t\t\t\t<div class=\"module-grid__content\" style=\"--columns: 1;\">\n\t\t\t\t\t\t\t\t\t\n\n<div class=\"accordion\" data-accordion>\n\t<button class=\"accordion__trigger\" aria-expanded=\"false\" data-accordion-trigger>\n\t\t<h3 class=\"accordion__title\">1. Responsabile del trattamento<\/h3>\n\t\t<span class=\"accordion__icon\" aria-hidden=\"true\"><\/span>\n\t<\/button>\n\t<div class=\"accordion__content\" aria-hidden=\"true\">\n\t\t<div>\n\t\t\t<div class=\"accordion__inner\">\n\t\t\t\t\t\t\t\t\t<p>Il responsabile del trattamento dei tuoi dati personali \u00e8 Girbau S.A., con Partita IVA (NIF) A08276438, e con indirizzo in Carretera de Manlleu, km 1, 08500 Vic, Barcellona.<\/p>\n<p>Se hai domande o dubbi relativi al trattamento dei tuoi dati personali, non esitare a contattarci tramite l\u2019e-mail:\u00a0<a href=\"mailto:dataprotection@girbau.com\">dataprotection@girbau.com<\/a>.<\/p>\n\n\t\t\t\t\t\t\t<\/div>\n\t\t<\/div>\n\t<\/div>\n<\/div>\n\t\t\t\t\t\t\t\t\t\n\n<div class=\"accordion\" data-accordion>\n\t<button class=\"accordion__trigger\" aria-expanded=\"false\" data-accordion-trigger>\n\t\t<h3 class=\"accordion__title\">2. Trattamento dati<\/h3>\n\t\t<span class=\"accordion__icon\" aria-hidden=\"true\"><\/span>\n\t<\/button>\n\t<div class=\"accordion__content\" aria-hidden=\"true\">\n\t\t<div>\n\t\t\t<div class=\"accordion__inner\">\n\t\t\t\t\t\t\t\t\t<p><strong>2.1 Registrazione utenti (cliente, distributore, consulente esperto, utente interessato)<\/strong><\/p>\n<div id=\"text_general\">\n<p><strong>Finalit\u00e0:<\/strong><\/p>\n<\/div>\n<p>Girbau S.A. tratter\u00e0 i dati personali esclusivamente per gestire e amministrare la registrazione degli utenti sul nostro sito web. Ci\u00f2 include il processo di registrazione, la gestione dell\u2019account e, ove applicabile, la cancellazione dell\u2019utente nei seguenti scenari:<\/p>\n<ul>\n<li>Cliente Girbau: Se hai acquistato prodotti Girbau, puoi registrarti come cliente. Questo ti permetter\u00e0 di accedere ai cataloghi dei macchinari e a tutta la documentazione relativa ai prodotti acquistati, come brochure, manuali di istruzioni e liste ricambi.<\/li>\n<li>Distributore macchinari Girbau: Se sei un distributore, puoi registrarti per accedere a tutte le informazioni rilevanti sui prodotti che distribuisci.<\/li>\n<li>Consulente esperto in macchinari Girbau: I consulenti specializzati in macchine Girbau possono registrarsi per avere accesso alle informazioni sui prodotti sui quali forniscono consulenza.<\/li>\n<li>Utente interessato: Se hai bisogno di maggiori informazioni sui prodotti Girbau, puoi anche registrarti come utente interessato.<\/li>\n<\/ul>\n<p><strong>Comunicazioni dei dati<\/strong><\/p>\n<p>I dati relativi a questo trattamento non saranno condivisi con terze parti.<\/p>\n<p><strong>Base di legittimit\u00e0<\/strong><\/p>\n<p>Girbau S.A. tratter\u00e0 i dati di registrazione in base al consenso prestato dall\u2019utente al momento della registrazione.<\/p>\n<p><strong>Periodo di conservazione<\/strong><\/p>\n<p>I dati trattati per la gestione della registrazione saranno conservati finch\u00e9 verr\u00e0 mantenuto attivo il rapporto utente e per rispettare eventuali scadenze di legge applicabili.<\/p>\n<p>&nbsp;<\/p>\n<p><strong>2.2. Comunicazioni commerciali tramite mezzi elettronici<\/strong><\/p>\n<p><strong>Finalit\u00e0<\/strong><\/p>\n<p>Girbau S.A. tratter\u00e0 i dati personali esclusivamente allo scopo di inviare comunicazioni commerciali relative ai nostri prodotti, servizi e offerte, nonch\u00e9 informazioni societarie sull\u2019azienda, inviti a fiere, eventi ed altre attivit\u00e0 rilevanti. Ci\u00f2 include aggiornamenti, novit\u00e0 e promozioni che riteniamo di interesse per l\u2019utente.<\/p>\n<p><strong>Comunicazioni dei dati<\/strong><\/p>\n<p>I dati relativi a questo trattamento non saranno condivisi con terze parti.<\/p>\n<p><strong>Base di legittimit\u00e0<\/strong><\/p>\n<p>Girbau S.A. tratter\u00e0 i dati in base al consenso espresso dall\u2019utente al momento dell\u2019iscrizione per ricevere tali comunicazioni commerciali.<\/p>\n<p><strong>Periodo di conservazione<\/strong><\/p>\n<p>I dati trattati per l\u2019invio di comunicazioni commerciali saranno conservati finch\u00e9 l\u2019utente manterr\u00e0 attivo il proprio consenso e finch\u00e9 non decider\u00e0 di disiscriversi da tali comunicazioni, sempre nel rispetto delle scadenze legali applicabili, o finch\u00e9 non riterremo che non abbia pi\u00f9 interesse ad esse.<\/p>\n<p>&nbsp;<\/p>\n<p><strong>2.3 Contatto<\/strong><\/p>\n<p><strong>Finalit\u00e0<\/strong><\/p>\n<p>Girbau S.A. tratter\u00e0 i dati esclusivamente allo scopo di gestire e rispondere alle domande degli utenti interessati ai propri prodotti o servizi, nonch\u00e9 a instaurare rapporti professionali o esplorare possibili collaborazioni. Nei casi in cui non \u00e8 stato fornito un consenso esplicito, Girbau S.A. potr\u00e0 trattare i dati in base al legittimo interesse di rispondere alle richieste di contatto avanzate dall\u2019utente.<\/p>\n<p><strong>Comunicazioni dei dati<\/strong><\/p>\n<p>I dati relativi a questo trattamento non saranno condivisi con terze parti.<\/p>\n<p><strong>Base di legittimit\u00e0<\/strong><\/p>\n<p>Girbau S.A. tratter\u00e0 i dati sulla base del consenso prestato dall\u2019utente quando ci contatta per tali finalit\u00e0.<\/p>\n<p>Allo stesso modo, Girbau S.A. potr\u00e0 trattare i dati in base al legittimo interesse di rispondere alle relative richieste di informazioni. Questo interesse legittimo si basa su un\u2019analisi di ponderazione, in cui sono stati valutati i vantaggi del trattamento sia per la nostra organizzazione in qualit\u00e0 di titolare del trattamento, sia per terzi. In qualsiasi momento, l\u2019utente potr\u00e0 richiedere maggiori informazioni su tale ponderazione contattando il nostro Responsabile della Protezione dei Dati (DPD) all\u2019indirizzo indicato nella sezione corrispondente della presente politica sulla privacy. Ricordiamo altres\u00ec che l\u2019utente ha il diritto di opporsi ai trattamenti basati sul legittimo interesse.<\/p>\n<p><strong>Periodo di conservazione<\/strong><\/p>\n<p>I dati raccolti per rispondere alle richieste di contatto verranno conservati per il tempo necessario a gestire correttamente la richiesta e verranno mantenuti solo per il periodo necessario ad ottemperare ad eventuali obblighi di legge applicabili.<\/p>\n<p>&nbsp;<\/p>\n<p><strong>2.4 Download di informazioni commerciali<\/strong><\/p>\n<p><strong>Finalit\u00e0<\/strong><\/p>\n<p>Girbau S.A. tratter\u00e0 i dati per consentire il download di informazioni commerciali, quali brochure ed altra documentazione correlata.<\/p>\n<p><strong>Comunicazioni dei dati<\/strong><\/p>\n<p>I dati relativi a questo trattamento non saranno condivisi con terze parti.<\/p>\n<p><strong>Base di legittimit\u00e0<\/strong><\/p>\n<p>Girbau S.A. tratter\u00e0 i dati in base al consenso prestato dall\u2019utente al momento della richiesta di ricevere dette informazioni commerciali.<\/p>\n<p><strong>Periodo di conservazione<\/strong><\/p>\n<p>I dati raccolti per rispondere alle richieste di informazioni commerciali verranno conservati per il tempo necessario a gestire correttamente la richiesta e verranno mantenuti solo per il periodo necessario ad ottemperare ad eventuali obblighi di legge applicabili.<\/p>\n<p>&nbsp;<\/p>\n<p><strong>2.5 Servizio di assistenza post vendita e garanzie<\/strong><\/p>\n<p><strong>Finalit\u00e0<\/strong><\/p>\n<p>Girbau S.A. tratter\u00e0 i dati personali esclusivamente per gestire il servizio di assistenza post vendita e il rispetto delle garanzie di prodotto e servizio.<\/p>\n<p><strong>Comunicazioni dei dati<\/strong><\/p>\n<p>I dati personali forniti non saranno condivisi con terzi, tranne nei casi in cui sia necessario l\u2019intervento di fornitori o tecnici esterni per svolgere l\u2019assistenza, rispettando in questi casi la normativa vigente in materia di protezione dei dati.<\/p>\n<p><strong>Base di legittimit\u00e0<\/strong><\/p>\n<p>Il trattamento dei dati \u00e8 basato sull\u2019esecuzione del rapporto contrattuale o del servizio e sul rispetto degli obblighi di legge in materia di garanzie e diritti dei consumatori.<\/p>\n<p><strong>Periodo di conservazione<\/strong><\/p>\n<p>I dati saranno conservati per il tempo necessario a fornire il servizio di assistenza post vendita e a gestire le garanzie applicabili. Una volta espletati tali servizi, i dati saranno conservati solo per il periodo necessario ad adempiere ad eventuali obblighi di legge applicabili in materia di garanzie e post vendita.<\/p>\n<p>&nbsp;<\/p>\n<p><strong>2.6 Sondaggi<\/strong><\/p>\n<p><strong>Finalit\u00e0<\/strong><\/p>\n<p>Girbau S.A. tratter\u00e0 i dati solo per contattare le persone che hanno acconsentito a partecipare ai sondaggi lanciati dall\u2019azienda. L\u2019obiettivo di questi sondaggi \u00e8 raccogliere opinioni e commenti che ci consentono di migliorare i nostri servizi e ottimizzare l\u2019esperienza del cliente.<\/p>\n<p><strong>Comunicazioni dei dati<\/strong><\/p>\n<p>I dati relativi a questo trattamento non saranno condivisi con terze parti.<\/p>\n<p><strong>Base di legittimit\u00e0<\/strong><\/p>\n<p>Girbau S.A. baser\u00e0 il trattamento dei dati sul consenso prestato dall\u2019utente per partecipare al sondaggio.<\/p>\n<p><strong>Periodo di conservazione<\/strong><\/p>\n<p>I dati trattati per la gestione del sondaggio saranno conservati per il tempo necessario ad effettuare l\u2019analisi dei risultati e una volta analizzati, i dati saranno conservati solo per il periodo necessario ad ottemperare ad ogni obbligo di legge applicabile.<\/p>\n<p>&nbsp;<\/p>\n<p><strong>2.7 Candidature e opportunit\u00e0 di lavoro<\/strong><\/p>\n<p><strong>Finalit\u00e0<\/strong><\/p>\n<p>Girbau S.A. tratter\u00e0 i dati personali al fine di gestire e valutare la tua candidatura per opportunit\u00e0 di lavoro presso la nostra azienda, nonch\u00e9 per effettuare processi di selezione del personale. Potremmo anche contattarti per eventuali aggiornamenti del processo o, se lo autorizzi, per future opportunit\u00e0 di lavoro che potrebbero interessarti.<\/p>\n<p><strong>Comunicazioni dei dati<\/strong><\/p>\n<p>I dati personali forniti non saranno venduti, affittati, resi disponibili o comunicati a terzi, salvo nel caso di societ\u00e0 di selezione del personale o di consulenza che partecipano al processo di selezione.<\/p>\n<p><strong>Base di legittimit\u00e0<\/strong><\/p>\n<p>Tale trattamento si basa sul consenso prestato dal candidato all\u2019atto della presentazione della domanda di assunzione, nonch\u00e9 sugli obblighi precontrattuali assunti.<\/p>\n<p><strong>Periodo di conservazione<\/strong><\/p>\n<p>I dati trattati per la gestione delle candidature e dei processi di selezione saranno conservati per il tempo necessario al completamento del processo di selezione. Se non sarai selezionato, i tuoi dati potranno essere conservati per un ulteriore periodo di 24 mesi per future opportunit\u00e0, sempre previo tuo consenso<\/p>\n<p>&nbsp;<\/p>\n<p><strong>2.8\u00a0 Comunicazioni commerciali agli utenti finali tramite mezzi elettronici<\/strong><\/p>\n<p><strong>Finalit\u00e0<\/strong><\/p>\n<p data-start=\"254\" data-end=\"575\">Alcuni servizi di lavanderia di terze parti offrono ai propri clienti la possibilit\u00e0 di effettuare pagamenti tramite il sistema\u00a0<em data-start=\"397\" data-end=\"407\">Sapphire<\/em>\u00a0di Girbau. Questo sistema consente agli utenti di creare un account personale, che pu\u00f2 essere utilizzato in qualsiasi lavanderia che operi con il sistema\u00a0<em data-start=\"562\" data-end=\"572\">Sapphire<\/em>.<\/p>\n<p data-start=\"577\" data-end=\"1341\">A tal riguardo, Girbau tratter\u00e0 i dati degli utenti registrati al fine di (1) gestire la registrazione dell\u2019utente e il mantenimento dell\u2019account, (2) fornire i metodi di pagamento corrispondenti, (3) effettuare analisi statistiche sull\u2019utilizzo e sulle preferenze, che possono includere la profilazione degli utenti al fine di personalizzare offerte o comunicazioni, senza tuttavia produrre effetti giuridici o similari nei confronti dell\u2019interessato, (4) inviare comunicazioni commerciali relative ai servizi di Girbau e dei suoi clienti, ossia lavanderie terze, senza che tali lavanderie abbiano in alcun momento accesso ai dati degli utenti, e (5) divulgare e condividere i dati di contatto degli utenti con le lavanderie con le quali l\u2019utente ha interagito. Qualora l\u2019utente presti il proprio consenso alla comunicazione dei dati personali, tali terze parti potranno fornire la propria informativa privacy che discipliner\u00e0 il trattamento dei dati per le loro finalit\u00e0 autonome, la cui lettura attenta \u00e8 vivamente raccomandata.<\/p>\n<p><strong>Comunicazioni dei dati<\/strong><\/p>\n<p data-start=\"1618\" data-end=\"2371\">Come regola generale, i dati personali non saranno condivisi con soggetti terzi diversi dai fornitori di servizi di Girbau o, se del caso, dagli enti di pagamento selezionati dall\u2019utente. Allo stesso modo, qualora l\u2019utente fornisca il proprio consenso al momento della registrazione o in occasione dell\u2019utilizzo dei servizi di una nuova lavanderia, i dati personali potranno essere trasferiti a tali societ\u00e0 esclusivamente per consentire l\u2019invio di loro comunicazioni e offerte. In ogni caso, i dati saranno condivisi unicamente con professionisti del settore delle lavanderie a gettoni che abbiano sottoscritto con Girbau S.A. un accordo che garantisca il rispetto di standard di tutela della privacy equivalenti ai nostri.<\/p>\n<p><strong>Base di legittimit\u00e0<\/strong><\/p>\n<p data-start=\"2378\" data-end=\"2696\">La base giuridica per le finalit\u00e0 sopra descritte \u00e8 costituita dal consenso dell\u2019utente, che potr\u00e0 essere prestato separatamente per ciascuna delle finalit\u00e0 (registrazione e gestione dell\u2019account, ricezione di comunicazioni commerciali e comunicazione dei dati a terzi per finalit\u00e0 pubblicitarie).<\/p>\n<p><strong>Periodo di conservazione<\/strong><\/p>\n<p data-start=\"2703\" data-end=\"3101\">I dati relativi all\u2019account utente saranno trattati e conservati per tutta la durata della sua esistenza o, in mancanza, per il periodo in cui Girbau considerer\u00e0 l\u2019utente come attivo o manterr\u00e0 disponibile il servizio\u00a0<em data-start=\"2952\" data-end=\"2962\">Sapphire<\/em>. Qualora l\u2019utente acconsenta alla comunicazione dei dati, i soggetti terzi destinatari potranno applicare propri periodi di conservazione.<\/p>\n\n\t\t\t\t\t\t\t<\/div>\n\t\t<\/div>\n\t<\/div>\n<\/div>\n\t\t\t\t\t\t\t\t\t\n\n<div class=\"accordion\" data-accordion>\n\t<button class=\"accordion__trigger\" aria-expanded=\"false\" data-accordion-trigger>\n\t\t<h3 class=\"accordion__title\">3. Comunicazioni dei dati<\/h3>\n\t\t<span class=\"accordion__icon\" aria-hidden=\"true\"><\/span>\n\t<\/button>\n\t<div class=\"accordion__content\" aria-hidden=\"true\">\n\t\t<div>\n\t\t\t<div class=\"accordion__inner\">\n\t\t\t\t\t\t\t\t\t<p data-start=\"3107\" data-end=\"3441\">Fatto salvo quanto previsto in relazione a ciascun trattamento sopra descritto, determinati fornitori che prestano servizi alla nostra societ\u00e0 \u2014 quali l\u2019invio di comunicazioni, la conservazione dei dati o la gestione del sito web \u2014 potranno avere accesso ai dati personali. In nessun caso, tuttavia, tali dati saranno trattati per finalit\u00e0 proprie.<\/p>\n\n\t\t\t\t\t\t\t<\/div>\n\t\t<\/div>\n\t<\/div>\n<\/div>\n\t\t\t\t\t\t\t\t\t\n\n<div class=\"accordion\" data-accordion>\n\t<button class=\"accordion__trigger\" aria-expanded=\"false\" data-accordion-trigger>\n\t\t<h3 class=\"accordion__title\">4. Trasferimenti internazionali<\/h3>\n\t\t<span class=\"accordion__icon\" aria-hidden=\"true\"><\/span>\n\t<\/button>\n\t<div class=\"accordion__content\" aria-hidden=\"true\">\n\t\t<div>\n\t\t\t<div class=\"accordion__inner\">\n\t\t\t\t\t\t\t\t\t<p>Come regola generale, cerchiamo di trattare sempre i dati personali in Europa o nello Spazio Economico Europeo, garantendo il rispetto del RGPD sia da parte nostra che dei nostri provider di servizi, che trattano i dati per nostro conto e secondo le nostre istruzioni.<\/p>\n<p>Tuttavia, forniamo i nostri servizi a livello globale, quindi potremmo dover elaborare i dati in altri paesi, che potrebbero o meno offrire le stesse garanzie del RGPD. Nel caso in cui sia necessario effettuare trasferimenti internazionali dall\u2019UE verso paesi extra UE che non rispettano queste garanzie, ci impegniamo ad effettuarli assicurandoci sempre che siano protetti con le garanzie adeguate, che possono includere (i) Clausole Standard approvate dalla UE, (ii) Certificazioni di terze parti, (iii) Norme aziendali vincolanti o (iv) qualsiasi altro meccanismo valido in conformit\u00e0 alla normativa o approvato dalle autorit\u00e0 competenti.<\/p>\n\n\t\t\t\t\t\t\t<\/div>\n\t\t<\/div>\n\t<\/div>\n<\/div>\n\t\t\t\t\t\t\t\t\t\n\n<div class=\"accordion\" data-accordion>\n\t<button class=\"accordion__trigger\" aria-expanded=\"false\" data-accordion-trigger>\n\t\t<h3 class=\"accordion__title\">5. Diritti degli Interessati<\/h3>\n\t\t<span class=\"accordion__icon\" aria-hidden=\"true\"><\/span>\n\t<\/button>\n\t<div class=\"accordion__content\" aria-hidden=\"true\">\n\t\t<div>\n\t\t\t<div class=\"accordion__inner\">\n\t\t\t\t\t\t\t\t\t<p>Quando ci fornisci i tuoi dati personali, hai una serie di diritti che puoi esercitare in relazione al loro trattamento. Di seguito sono riportati i tuoi diritti e come puoi esercitarli:<\/p>\n<ol>\n<li><strong>Accesso<\/strong>: Hai il diritto di accedere ai tuoi dati personali e di richiedere la correzione di eventuali dati che ritieni inesatti.<\/li>\n<li><strong>Rettifica:\u00a0<\/strong>Puoi richiedere la modifica dei tuoi dati personali quando sono inesatti o incompleti, per assicurarti che siano sempre aggiornati.<\/li>\n<li><strong>Soppressione:<\/strong>\u00a0Puoi richiedere la cancellazione dei tuoi dati quando non sono pi\u00f9 necessari per gli scopi per i quali sono stati raccolti.<\/li>\n<li><strong>Limitazione:<\/strong>\u00a0In determinate circostanze, hai il diritto di richiedere la limitazione del trattamento dei tuoi dati. In tal caso, li manterremo esclusivamente per l\u2019esercizio o la difesa dei reclami.<\/li>\n<li><strong>Opposizione<\/strong>: Puoi opporti al trattamento dei tuoi dati per motivi legati alla tua situazione personale. Se decidi di esercitare questo diritto, Girbau S.A. smetter\u00e0 di trattare i tuoi dati, a meno che non sussistano motivi legittimi che giustifichino il trattamento o siano necessari per difendere un reclamo.<\/li>\n<li><strong>Portabilit\u00e0<\/strong>: Hai il diritto di richiedere la portabilit\u00e0 dei tuoi dati secondo la normativa vigente.<\/li>\n<\/ol>\n<p>Se desideri esercitare uno qualsiasi di questi diritti, puoi farlo contattandoci via e-mail all\u2019indirizzo\u00a0<a href=\"mailto:dataprotection@girbau.com\">dataprotection@girbau.com<\/a>\u00a0o inviando una lettera al seguente indirizzo: Carretera de Manlleu, km 1 08500 Vic, Barcellona. Assicurati di specificare &#8220;Protezione dati&#8221; sulla busta e di indicare il tuo nome completo e l\u2019indirizzo e-mail associato al tuo account.<\/p>\n<p>Se ritieni che i tuoi diritti non siano stati rispettati, hai la possibilit\u00e0 di presentare un reclamo all\u2019Agenzia spagnola per la protezione dei dati o ad altri enti pubblici competenti in materia di protezione dei dati personali.<\/p>\n\n\t\t\t\t\t\t\t<\/div>\n\t\t<\/div>\n\t<\/div>\n<\/div>\n\t\t\t\t\t\t\t<\/div>\n\t\t\n\t\t\t<\/div>\n<\/section>\n","protected":false},"excerpt":{"rendered":"<p>&nbsp;<\/p>\n","protected":false},"author":1,"featured_media":0,"parent":0,"menu_order":0,"comment_status":"closed","ping_status":"closed","template":"","meta":{"_acf_changed":false,"footnotes":""},"class_list":["post-793","page","type-page","status-publish","hentry"],"acf":[],"yoast_head":"<!-- This site is optimized with the Yoast SEO Premium plugin v26.8 (Yoast SEO v27.1.1) - https:\/\/yoast.com\/product\/yoast-seo-premium-wordpress\/ -->\n<title>Politica sulla Privacy | Girbau Italia<\/title>\n<meta name=\"description\" content=\"I dati personali saranno trattati da Girbau S.A. esclusivamente per la gestione della registrazione degli utenti sul sito web.\" \/>\n<meta name=\"robots\" content=\"noindex, follow\" \/>\n<meta property=\"og:locale\" content=\"it_IT\" \/>\n<meta property=\"og:type\" content=\"article\" \/>\n<meta property=\"og:title\" content=\"Politica sulla privacy\" \/>\n<meta property=\"og:description\" content=\"I dati personali saranno trattati da Girbau S.A. esclusivamente per la gestione della registrazione degli utenti sul sito web.\" \/>\n<meta property=\"og:url\" content=\"https:\/\/www.girbau.com\/it-it\/politica-privacy\/\" \/>\n<meta property=\"og:site_name\" content=\"Girbau IT\" \/>\n<meta property=\"article:modified_time\" content=\"2026-01-26T13:40:52+00:00\" \/>\n<meta name=\"twitter:card\" content=\"summary_large_image\" \/>\n<script type=\"application\/ld+json\" class=\"yoast-schema-graph\">{\"@context\":\"https:\/\/schema.org\",\"@graph\":[{\"@type\":\"WebPage\",\"@id\":\"https:\/\/www.girbau.com\/it-it\/politica-privacy\/\",\"url\":\"https:\/\/www.girbau.com\/it-it\/politica-privacy\/\",\"name\":\"Politica sulla Privacy | Girbau Italia\",\"isPartOf\":{\"@id\":\"https:\/\/www.girbau.com\/it-it\/#website\"},\"datePublished\":\"2025-12-04T17:05:33+00:00\",\"dateModified\":\"2026-01-26T13:40:52+00:00\",\"description\":\"I dati personali saranno trattati da Girbau S.A. esclusivamente per la gestione della registrazione degli utenti sul sito web.\",\"breadcrumb\":{\"@id\":\"https:\/\/www.girbau.com\/it-it\/politica-privacy\/#breadcrumb\"},\"inLanguage\":\"it-IT\",\"potentialAction\":[{\"@type\":\"ReadAction\",\"target\":[\"https:\/\/www.girbau.com\/it-it\/politica-privacy\/\"]}]},{\"@type\":\"BreadcrumbList\",\"@id\":\"https:\/\/www.girbau.com\/it-it\/politica-privacy\/#breadcrumb\",\"itemListElement\":[{\"@type\":\"ListItem\",\"position\":1,\"name\":\"Home\",\"item\":\"https:\/\/www.girbau.com\/it-it\/\"},{\"@type\":\"ListItem\",\"position\":2,\"name\":\"Politica sulla privacy\"}]},{\"@type\":\"WebSite\",\"@id\":\"https:\/\/www.girbau.com\/it-it\/#website\",\"url\":\"https:\/\/www.girbau.com\/it-it\/\",\"name\":\"Girbau IT\",\"description\":\"\",\"potentialAction\":[{\"@type\":\"SearchAction\",\"target\":{\"@type\":\"EntryPoint\",\"urlTemplate\":\"https:\/\/www.girbau.com\/it-it\/?s={search_term_string}\"},\"query-input\":{\"@type\":\"PropertyValueSpecification\",\"valueRequired\":true,\"valueName\":\"search_term_string\"}}],\"inLanguage\":\"it-IT\"}]}<\/script>\n<!-- \/ Yoast SEO Premium plugin. -->","yoast_head_json":{"title":"Politica sulla Privacy | Girbau Italia","description":"I dati personali saranno trattati da Girbau S.A. esclusivamente per la gestione della registrazione degli utenti sul sito web.","robots":{"index":"noindex","follow":"follow"},"og_locale":"it_IT","og_type":"article","og_title":"Politica sulla privacy","og_description":"I dati personali saranno trattati da Girbau S.A. esclusivamente per la gestione della registrazione degli utenti sul sito web.","og_url":"https:\/\/www.girbau.com\/it-it\/politica-privacy\/","og_site_name":"Girbau IT","article_modified_time":"2026-01-26T13:40:52+00:00","twitter_card":"summary_large_image","schema":{"@context":"https:\/\/schema.org","@graph":[{"@type":"WebPage","@id":"https:\/\/www.girbau.com\/it-it\/politica-privacy\/","url":"https:\/\/www.girbau.com\/it-it\/politica-privacy\/","name":"Politica sulla Privacy | Girbau Italia","isPartOf":{"@id":"https:\/\/www.girbau.com\/it-it\/#website"},"datePublished":"2025-12-04T17:05:33+00:00","dateModified":"2026-01-26T13:40:52+00:00","description":"I dati personali saranno trattati da Girbau S.A. esclusivamente per la gestione della registrazione degli utenti sul sito web.","breadcrumb":{"@id":"https:\/\/www.girbau.com\/it-it\/politica-privacy\/#breadcrumb"},"inLanguage":"it-IT","potentialAction":[{"@type":"ReadAction","target":["https:\/\/www.girbau.com\/it-it\/politica-privacy\/"]}]},{"@type":"BreadcrumbList","@id":"https:\/\/www.girbau.com\/it-it\/politica-privacy\/#breadcrumb","itemListElement":[{"@type":"ListItem","position":1,"name":"Home","item":"https:\/\/www.girbau.com\/it-it\/"},{"@type":"ListItem","position":2,"name":"Politica sulla privacy"}]},{"@type":"WebSite","@id":"https:\/\/www.girbau.com\/it-it\/#website","url":"https:\/\/www.girbau.com\/it-it\/","name":"Girbau IT","description":"","potentialAction":[{"@type":"SearchAction","target":{"@type":"EntryPoint","urlTemplate":"https:\/\/www.girbau.com\/it-it\/?s={search_term_string}"},"query-input":{"@type":"PropertyValueSpecification","valueRequired":true,"valueName":"search_term_string"}}],"inLanguage":"it-IT"}]}},"_links":{"self":[{"href":"https:\/\/www.girbau.com\/it-it\/wp-json\/wp\/v2\/pages\/793","targetHints":{"allow":["GET"]}}],"collection":[{"href":"https:\/\/www.girbau.com\/it-it\/wp-json\/wp\/v2\/pages"}],"about":[{"href":"https:\/\/www.girbau.com\/it-it\/wp-json\/wp\/v2\/types\/page"}],"author":[{"embeddable":true,"href":"https:\/\/www.girbau.com\/it-it\/wp-json\/wp\/v2\/users\/1"}],"replies":[{"embeddable":true,"href":"https:\/\/www.girbau.com\/it-it\/wp-json\/wp\/v2\/comments?post=793"}],"version-history":[{"count":7,"href":"https:\/\/www.girbau.com\/it-it\/wp-json\/wp\/v2\/pages\/793\/revisions"}],"predecessor-version":[{"id":2070,"href":"https:\/\/www.girbau.com\/it-it\/wp-json\/wp\/v2\/pages\/793\/revisions\/2070"}],"wp:attachment":[{"href":"https:\/\/www.girbau.com\/it-it\/wp-json\/wp\/v2\/media?parent=793"}],"curies":[{"name":"wp","href":"https:\/\/api.w.org\/{rel}","templated":true}]}}