{"id":1350,"date":"2025-12-09T15:07:29","date_gmt":"2025-12-09T14:07:29","guid":{"rendered":"https:\/\/www.girbau.com\/pt-br\/soporte\/soporte-tecnico\/"},"modified":"2026-02-23T10:52:14","modified_gmt":"2026-02-23T13:52:14","slug":"suporte-tecnico","status":"publish","type":"page","link":"https:\/\/www.girbau.com\/pt-br\/suporte\/suporte-tecnico\/","title":{"rendered":"Suporte T\u00e9cnico"},"content":{"rendered":"\n\n\t\n<nav class=\"breadcrumbs\">\n\t<ul class=\"container breadcrumbs__list\">\n\t\t\t\t\t<li class=\"breadcrumbs__item\">\n\t\t\t\t\t\t\t\t\t<a\n\t\t\t\t\t\thref=\"https:\/\/www.girbau.com\/pt-br\/\"\n\t\t\t\t\t\tclass=\"breadcrumbs__link\"\n\t\t\t\t\t\taria-label=\"In\u00edcio\">\n\t\t\t\t\t\t<svg width=\"24\" height=\"24\" viewBox=\"0 0 24 24\" fill=\"none\" xmlns=\"http:\/\/www.w3.org\/2000\/svg\">\n<path d=\"M20 8.00001L14 2.74001C13.45 2.24805 12.7379 1.97607 12 1.97607C11.262 1.97607 10.55 2.24805 9.99997 2.74001L3.99997 8.00001C3.68234 8.28408 3.42887 8.63256 3.25644 9.02225C3.08402 9.41194 2.99659 9.83389 2.99997 10.26V19C2.99997 19.7957 3.31604 20.5587 3.87865 21.1213C4.44126 21.6839 5.20432 22 5.99997 22H18C18.7956 22 19.5587 21.6839 20.1213 21.1213C20.6839 20.5587 21 19.7957 21 19V10.25C21.0019 9.82557 20.9138 9.40555 20.7414 9.01769C20.5691 8.62983 20.3163 8.28296 20 8.00001ZM14 20H9.99997V15C9.99997 14.7348 10.1053 14.4804 10.2929 14.2929C10.4804 14.1054 10.7348 14 11 14H13C13.2652 14 13.5195 14.1054 13.7071 14.2929C13.8946 14.4804 14 14.7348 14 15V20ZM19 19C19 19.2652 18.8946 19.5196 18.7071 19.7071C18.5195 19.8946 18.2652 20 18 20H16V15C16 14.2044 15.6839 13.4413 15.1213 12.8787C14.5587 12.3161 13.7956 12 13 12H11C10.2043 12 9.44126 12.3161 8.87865 12.8787C8.31604 13.4413 7.99997 14.2044 7.99997 15V20H5.99997C5.73476 20 5.4804 19.8946 5.29287 19.7071C5.10533 19.5196 4.99997 19.2652 4.99997 19V10.25C5.00015 10.108 5.03057 9.9677 5.08919 9.83839C5.14781 9.70907 5.2333 9.59372 5.33997 9.50001L11.34 4.25001C11.5225 4.08969 11.7571 4.00127 12 4.00127C12.2429 4.00127 12.4775 4.08969 12.66 4.25001L18.66 9.50001C18.7666 9.59372 18.8521 9.70907 18.9108 9.83839C18.9694 9.9677 18.9998 10.108 19 10.25V19Z\" fill=\"black\"\/>\n<\/svg>\n\n\t\t\t\t\t<\/a>\n\t\t\t\t\t\t\t<\/li>\n\t\t\t<\/ul>\n<\/nav>\n\n\n\n\t\n\n\n<div class=\"content__block\">\n\t\n\t\n<div class=\"section-intro py-layoutModuleSpace container narrow\">\n\t\n\t\t\t<div class=\"section-intro__container\">\n\t\t\t\t\t\t\t\t\t\t<h2 class=\"section-intro__title\">Precisa de ajuda, assist\u00eancia ou pe\u00e7as de reposi\u00e7\u00e3o para seu equipamento?<\/h2>\n\t\t\t\t\t<\/div>\n\t\n\t\t\t\t\t\t\t\t<p class=\"section-intro__description\">\n\t\t\t\tNossa equipe t\u00e9cnica est\u00e1 pronta para ajudar. Deixe seus dados e entraremos em contato o mais breve poss\u00edvel para resolver a sua solicita\u00e7\u00e3o.\n\t\t\t<\/p>\n\t\t\t\n\t\n\t<\/div>\n<\/div>\n\n\n\n\n<style>\n  .girbau-form { max-width: 980px; margin: 0 auto; }\n  .girbau-grid {\n    display: grid;\n    grid-template-columns: 1fr 1fr;\n    gap: 14px 24px;\n    align-items: start;\n  }\n  .girbau-field { display: flex; flex-direction: column; gap: 6px; }\n  .girbau-label { font-size: 13px; font-weight: 600; }\n  .girbau-label.req::after { content: \" *\"; color: #b00020; }\n\n  .girbau-form input,\n  .girbau-form select,\n  .girbau-form textarea {\n    width: 100%;\n    padding: 10px 12px;\n    border: 1px solid #cfcfcf;\n    border-radius: 10px;\n    font-size: 14px;\n    background: #fff;\n  }\n  .girbau-form textarea { min-height: 130px; resize: vertical; }\n  .girbau-span-2 { grid-column: 1 \/ -1; }\n\n  .girbau-fineprint {\n    font-size: 12px;\n    line-height: 1.4;\n    color: #555;\n    margin-top: 6px;\n  }\n  .girbau-fineprint a { color: inherit; text-decoration: underline; }\n\n  .girbau-actions {\n    grid-column: 1 \/ -1;\n    display: flex;\n    justify-content: center;\n    margin-top: 8px;\n  }\n  .girbau-submit {\n    background: rgb(0,116,129);\n    color: #fff;\n    border: 0;\n    cursor: pointer;\n    font-weight: 700;\n    letter-spacing: 0.2px;\n    padding: 12px 28px;\n    border-radius: 12px;\n    min-width: 220px;\n  }\n  .girbau-submit:hover { filter: brightness(0.95); }\n  .girbau-submit:active { transform: translateY(1px); }\n\n  .girbau-hidden { display: none !important; }\n\n  @media (max-width: 820px) {\n    .girbau-grid { grid-template-columns: 1fr; }\n    .girbau-span-2 { grid-column: auto; }\n  }\n<\/style>\n\n<form action=\"https:\/\/webto.salesforce.com\/servlet\/servlet.WebToCase?encoding=UTF-8&#038;orgId=00DU0000000LgZH\" method=\"POST\">\n\n<input type=\"hidden\" name=\"orgid\" value=\"00DU0000000LgZH\">\n<input type=\"hidden\" name=\"retURL\" value=\"https:\/\/www.girbau.com\/pt-br\/obrigado\/\">\n<input type=\"hidden\" id=\"external\" name=\"external\" value=\"1\">\n\n<div class=\"girbau-form\" id=\"girbauW2CFormPTBR\">\n  <div class=\"girbau-grid\">\n\n    <div class=\"girbau-field\">\n      <label class=\"girbau-label req\" for=\"00N4O000005qC1r\">Tipo de Caso<\/label>\n      <select id=\"00N4O000005qC1r\" name=\"00N4O000005qC1r\" required>\n        <option value=\"\">&#8212; Nenhum &#8212;<\/option>\n        <option value=\"Inquiry\">Consulta<\/option>\n        <option value=\"Incidence\">Incid\u00eancia<\/option>\n        <option value=\"IncidenceFSL\">Incid\u00eancia FSL<\/option>\n      <\/select>\n    <\/div>\n\n    <div class=\"girbau-field\">\n      <label class=\"girbau-label req\" for=\"name\">Nome do contato<\/label>\n      <input id=\"name\" name=\"name\" maxlength=\"80\" type=\"text\" required>\n    <\/div>\n\n    <div class=\"girbau-field\">\n      <label class=\"girbau-label req\" for=\"email\">Email<\/label>\n      <input id=\"email\" name=\"email\" maxlength=\"80\" type=\"email\" required>\n    <\/div>\n\n    <div class=\"girbau-field\">\n      <label class=\"girbau-label\" for=\"phone\">Telefone<\/label>\n      <input id=\"phone\" name=\"phone\" maxlength=\"40\" type=\"tel\">\n    <\/div>\n\n    <div class=\"girbau-field\">\n      <label class=\"girbau-label\" for=\"company\">Empresa<\/label>\n      <input id=\"company\" name=\"company\" maxlength=\"80\" type=\"text\">\n    <\/div>\n\n    <div class=\"girbau-field\">\n      <label class=\"girbau-label req\" for=\"ui_country_ptbr\">Pa\u00eds<\/label>\n      <select id=\"ui_country_ptbr\" required>\n        <option value=\"\">&#8212; Selecione &#8212;<\/option>\n      <\/select>\n      <input id=\"00N0B000006Hx5m\" name=\"00N0B000006Hx5m\" type=\"text\" class=\"girbau-hidden\" aria-hidden=\"true\">\n    <\/div>\n\n    <div class=\"girbau-field\">\n      <label class=\"girbau-label\" for=\"00N0B000006Hx5o\">Estado\/Prov\u00edncia<\/label>\n      <input id=\"00N0B000006Hx5o\" name=\"00N0B000006Hx5o\" maxlength=\"100\" type=\"text\">\n    <\/div>\n\n    <div class=\"girbau-field\">\n      <label class=\"girbau-label\" for=\"00N0B000006Hx5l\">Cidade<\/label>\n      <input id=\"00N0B000006Hx5l\" name=\"00N0B000006Hx5l\" maxlength=\"50\" type=\"text\">\n    <\/div>\n\n    <div class=\"girbau-field\">\n      <label class=\"girbau-label\" for=\"00N0B000006HgnO\">N\u00famero de s\u00e9rie<\/label>\n      <input id=\"00N0B000006HgnO\" name=\"00N0B000006HgnO\" maxlength=\"80\" type=\"text\">\n    <\/div>\n\n    <div class=\"girbau-field girbau-span-2\">\n      <label class=\"girbau-label req\" for=\"description\">Descri\u00e7\u00e3o<\/label>\n      <textarea id=\"description\" name=\"description\" required><\/textarea>\n    <\/div>\n\n    <div class=\"girbau-field girbau-span-2\">\n      <label class=\"girbau-label\" for=\"subject\">Assunto<\/label>\n      <input id=\"subject\" name=\"subject\" maxlength=\"80\" type=\"text\">\n    <\/div>\n\n    <div class=\"girbau-field girbau-span-2\">\n      <div class=\"girbau-fineprint\">\n        De acordo com o Regulamento da UE 2016\/679 do Parlamento Europeu sobre a prote\u00e7\u00e3o de pessoas f\u00edsicas, concordo que a Girbau SA use meus dados de acordo com a\n        <a href=\"https:\/\/www.girbau.com\/pt-br\/politica-privacidade\/\" target=\"_blank\" rel=\"noopener noreferrer\">pol\u00edtica de privacidade<\/a>.\n      <\/div>\n    <\/div>\n\n    <div class=\"girbau-actions\">\n      <input type=\"submit\" name=\"submit\" class=\"girbau-submit\" value=\"Enviar\">\n    <\/div>\n\n  <\/div>\n<\/div>\n\n<\/form>\n\n<script>\n(function () {\n  const ui = document.getElementById(\"ui_country_ptbr\");\n  const sf = document.getElementById(\"00N0B000006Hx5m\");\n  const form = document.querySelector('#girbauW2CFormPTBR').closest('form');\n\n  \/\/ FULL Salesforce country list (values must match Salesforce EXACTLY)\n  const sfCountries = [\n    \"Andorra\",\"Emiratos \u00c1rabes Unidos\",\"Afganist\u00e1n\",\"Antigua y Barbuda\",\"Anguila\",\"Albania\",\"Armenia\",\"Netherlands Antilles\",\n    \"Angola\",\"Ant\u00e1rtida\",\"Argentina\",\"AMERICAN SAMOA\",\"Austria\",\"Australia\",\"Aruba\",\"Islas Gland\",\"Azerbaiy\u00e1n\",\n    \"Bosnia y Herzegovina\",\"Barbados\",\"Bangladesh\",\"B\u00e9lgica\",\"Burkina Faso\",\"Bulgaria\",\"Bahr\u00e9in\",\"Burundi\",\"Ben\u00edn\",\n    \"San Bartolom\u00e9\",\"Bermuda\",\"Brun\u00e9i\",\"Bolivia\",\"Bonaire, San Eustaquio y Saba\",\"Brasil\",\"Bahamas\",\"But\u00e1n\",\"Isla Bouvet\",\n    \"Botsuana\",\"Belar\u00fas\",\"Belice\",\"Canad\u00e1\",\"Islas Cocos\",\"Rep\u00fablica Democr\u00e1tica del Congo\",\"Rep\u00fablica Centroafricana\",\"Congo\",\n    \"Suiza\",\"Costa de Marfil\",\"Islas Cook\",\"Chile\",\"Camer\u00fan\",\"China\",\"Colombia\",\"Costa Rica\",\"Cuba\",\"Cabo Verde\",\"Curazao\",\n    \"Isla de Navidad\",\"Chipre\",\"Rep\u00fablica Checa\",\"Alemania\",\"Yibuti\",\"Dinamarca\",\"Dominica\",\"Rep\u00fablica Dominicana\",\"Argelia\",\n    \"Ecuador\",\"Estonia\",\"Egipto\",\"S\u00e1hara Occidental\",\"Eritrea\",\"Espa\u00f1a\",\"Etiop\u00eda\",\"Finlandia\",\"Fiyi\",\"Islas Malvinas\",\n    \"Federated States of Micronesia\",\"Islas Feroe\",\"France\",\"Gab\u00f3n\",\"United Kingdom\",\"Grenada\",\"Georgia\",\"Guyana francesa\",\n    \"Guernesey\",\"Ghana\",\"Gibraltar\",\"Groenlandia\",\"Gambia\",\"Guinea\",\"Guadalupe\",\"Guinea Ecuatorial\",\"Grecia\",\n    \"Islas Georgia del Sur y Sandwich del Sur\",\"Guatemala\",\"Guam\",\"Guinea-Bis\u00e1u\",\"Guyana\",\"Hong Kong\",\"Islas Heard y McDonald\",\n    \"Honduras\",\"Croacia\",\"Hait\u00ed\",\"Hungr\u00eda\",\"Indonesia\",\"Irlanda\",\"Israel\",\"Isla de Man\",\"India\",\n    \"Territorio Brit\u00e1nico del Oc\u00e9ano \u00cdndico\",\"Irak\",\"Rep\u00fablica Isl\u00e1mica de Ir\u00e1n\",\"Ireland\",\"Islandia\",\"Italia\",\"Jersey\",\"Jamaica\",\n    \"Jordania\",\"Jap\u00f3n\",\"Kenia\",\"Kirguist\u00e1n\",\"Camboya\",\"Kiribati\",\"Comoras\",\"Saint Kitts and Nevis\",\n    \"Rep\u00fablica Popular Democr\u00e1tica de Corea\",\"Rep\u00fablica de Corea\",\"Kuwait\",\"Islas Caim\u00e1n\",\"Kazajist\u00e1n\",\n    \"Rep\u00fablica Democr\u00e1tica Popular de Laos\",\"L\u00edbano\",\"Santa Luc\u00eda\",\"Liechtenstein\",\"Sri Lanka\",\"Liberia\",\"Lesotho\",\"Lituania\",\n    \"Luxemburgo\",\"Letonia\",\"Libia\",\"Marruecos\",\"M\u00f3naco\",\"Rep\u00fablica de Moldavia\",\"Montenegro\",\"San Mart\u00edn (parte francesa)\",\n    \"Madagascar\",\"Marshall Islands\",\"Antigua Rep\u00fablica Yugoslava de Macedonia\",\"Mali\",\"Myanmar\",\"Mongolia\",\"Macao\",\"Martinica\",\n    \"Mauritania\",\"Montserrat\",\"Malta\",\"Mauricio\",\"Maldivas\",\"Malawi\",\"M\u00e9xico\",\"Malaysia\",\"Mozambique\",\"Namibia\",\n    \"Nueva Caledonia\",\"N\u00edger\",\"Isla Norfolk\",\"Nigeria\",\"Nicaragua\",\"Pa\u00edses Bajos\",\"Noruega\",\"Nepal\",\"Nauru\",\"Niue\",\n    \"Nueva Zelanda\",\"Om\u00e1n\",\"Panam\u00e1\",\"Per\u00fa\",\"Polinesia francesa\",\"Pap\u00faa Nueva Guinea\",\"Filipinas\",\"Pakist\u00e1n\",\"Polonia\",\n    \"San Pedro y Miquel\u00f3n\",\"Islas Pitcairn\",\"Puerto Rico\",\"Palestina\",\"Portugal\",\"Paraguay\",\"Qatar\",\"Reuni\u00f3n\",\"Ruman\u00eda\",\"Serbia\",\n    \"Federaci\u00f3n de Rusia\",\"Ruanda\",\"Arabia Saud\u00ed\",\"Islas Salom\u00f3n\",\"Seychelles\",\"Sud\u00e1n\",\"Suecia\",\"Singapur\",\n    \"Santa Elena, Ascensi\u00f3n y Trist\u00e1n de Acu\u00f1a\",\"Eslovenia\",\"Svalbard y Jan Mayen\",\"Eslovaquia\",\"Sierra Leona\",\"San Marino\",\n    \"Senegal\",\"Somalia\",\"Surinam\",\"Sud\u00e1n del Sur\",\"Santo Tom\u00e9 y Pr\u00edncipe\",\"El Salvador\",\"San Mart\u00edn (parte holandesa)\",\n    \"Rep\u00fablica \u00c1rabe Siria\",\"Suazilandia\",\"Islas Turcas y Caicos\",\"Chad\",\"Territorios Australes Franceses\",\"Togo\",\"Tailandia\",\n    \"Tayikist\u00e1n\",\"Tokelau\",\"Timor Oriental\",\"Turkmenist\u00e1n\",\"T\u00fanez\",\"Tonga\",\"Turqu\u00eda\",\"Trinidad y Tobago\",\"Tuvalu\",\"Taiw\u00e1n\",\n    \"Rep\u00fablica Unida de Tanzania\",\"Ucrania\",\"Uganda\",\"Estados Unidos\",\"Uruguay\",\"Uzbekist\u00e1n\",\n    \"Santa Sede (Estado de la Ciudad del Vaticano)\",\"San Vicente y las Granadinas\",\"Rep\u00fablica Bolivariana de Venezuela\",\n    \"Islas V\u00edrgenes Brit\u00e1nicas\",\"U.S. Virgin Islands\",\"Vietnam\",\"Vanuatu\",\"Wallis y Futuna\",\"Samoa\",\"Kosovo\",\"Yemen\",\"Mayotte\",\n    \"Sud\u00e1frica\",\"Zambia\",\"Zimbabue\"\n  ];\n\n  \/\/ UI labels in pt-BR (fallback to SF value if not mapped)\n  const pt = {\n    \"Andorra\":\"Andorra\",\n    \"Emiratos \u00c1rabes Unidos\":\"Emirados \u00c1rabes Unidos\",\n    \"Afganist\u00e1n\":\"Afeganist\u00e3o\",\n    \"Antigua y Barbuda\":\"Ant\u00edgua e Barbuda\",\n    \"Anguila\":\"Anguilla\",\n    \"Albania\":\"Alb\u00e2nia\",\n    \"Armenia\":\"Arm\u00eania\",\n    \"Netherlands Antilles\":\"Antilhas Neerlandesas\",\n    \"Angola\":\"Angola\",\n    \"Ant\u00e1rtida\":\"Ant\u00e1rtida\",\n    \"Argentina\":\"Argentina\",\n    \"AMERICAN SAMOA\":\"Samoa Americana\",\n    \"Austria\":\"\u00c1ustria\",\n    \"Australia\":\"Austr\u00e1lia\",\n    \"Aruba\":\"Aruba\",\n    \"Islas Gland\":\"Ilhas \u00c5land\",\n    \"Azerbaiy\u00e1n\":\"Azerbaij\u00e3o\",\n    \"Bosnia y Herzegovina\":\"B\u00f3snia e Herzegovina\",\n    \"Barbados\":\"Barbados\",\n    \"Bangladesh\":\"Bangladesh\",\n    \"B\u00e9lgica\":\"B\u00e9lgica\",\n    \"Burkina Faso\":\"Burkina Faso\",\n    \"Bulgaria\":\"Bulg\u00e1ria\",\n    \"Bahr\u00e9in\":\"Bahrein\",\n    \"Burundi\":\"Burundi\",\n    \"Ben\u00edn\":\"Benim\",\n    \"San Bartolom\u00e9\":\"S\u00e3o Bartolomeu\",\n    \"Bermuda\":\"Bermudas\",\n    \"Brun\u00e9i\":\"Brunei\",\n    \"Bolivia\":\"Bol\u00edvia\",\n    \"Brasil\":\"Brasil\",\n    \"Bahamas\":\"Bahamas\",\n    \"But\u00e1n\":\"But\u00e3o\",\n    \"Botsuana\":\"Botsuana\",\n    \"Belar\u00fas\":\"Bielorr\u00fassia\",\n    \"Belice\":\"Belize\",\n    \"Canad\u00e1\":\"Canad\u00e1\",\n    \"Rep\u00fablica Democr\u00e1tica del Congo\":\"Rep\u00fablica Democr\u00e1tica do Congo\",\n    \"Rep\u00fablica Centroafricana\":\"Rep\u00fablica Centro-Africana\",\n    \"Suiza\":\"Su\u00ed\u00e7a\",\n    \"Costa de Marfil\":\"Costa do Marfim\",\n    \"Chile\":\"Chile\",\n    \"China\":\"China\",\n    \"Colombia\":\"Col\u00f4mbia\",\n    \"Costa Rica\":\"Costa Rica\",\n    \"Cuba\":\"Cuba\",\n    \"Cabo Verde\":\"Cabo Verde\",\n    \"Curazao\":\"Cura\u00e7ao\",\n    \"Chipre\":\"Chipre\",\n    \"Rep\u00fablica Checa\":\"Rep\u00fablica Tcheca\",\n    \"Alemania\":\"Alemanha\",\n    \"Dinamarca\":\"Dinamarca\",\n    \"Rep\u00fablica Dominicana\":\"Rep\u00fablica Dominicana\",\n    \"Argelia\":\"Arg\u00e9lia\",\n    \"Ecuador\":\"Equador\",\n    \"Estonia\":\"Est\u00f4nia\",\n    \"Egipto\":\"Egito\",\n    \"Espa\u00f1a\":\"Espanha\",\n    \"Etiop\u00eda\":\"Eti\u00f3pia\",\n    \"Finlandia\":\"Finl\u00e2ndia\",\n    \"France\":\"Fran\u00e7a\",\n    \"United Kingdom\":\"Reino Unido\",\n    \"Grecia\":\"Gr\u00e9cia\",\n    \"Irlanda\":\"Irlanda\",\n    \"Islandia\":\"Isl\u00e2ndia\",\n    \"Italia\":\"It\u00e1lia\",\n    \"Jap\u00f3n\":\"Jap\u00e3o\",\n    \"M\u00e9xico\":\"M\u00e9xico\",\n    \"Pa\u00edses Bajos\":\"Pa\u00edses Baixos\",\n    \"Noruega\":\"Noruega\",\n    \"Nueva Zelanda\":\"Nova Zel\u00e2ndia\",\n    \"Portugal\":\"Portugal\",\n    \"Per\u00fa\":\"Peru\",\n    \"Polonia\":\"Pol\u00f4nia\",\n    \"Ruman\u00eda\":\"Rom\u00eania\",\n    \"Federaci\u00f3n de Rusia\":\"R\u00fassia\",\n    \"Suecia\":\"Su\u00e9cia\",\n    \"Singapur\":\"Singapura\",\n    \"Ucrania\":\"Ucr\u00e2nia\",\n    \"Estados Unidos\":\"Estados Unidos\",\n    \"Uruguay\":\"Uruguai\",\n    \"Sud\u00e1frica\":\"\u00c1frica do Sul\"\n  };\n\n  for (const v of sfCountries) {\n    const opt = document.createElement(\"option\");\n    opt.value = v;                 \/\/ sent to Salesforce (exact)\n    opt.textContent = pt[v] || v;  \/\/ shown in pt-BR (fallback)\n    ui.appendChild(opt);\n  }\n\n  function syncCountry() { sf.value = (ui.value || \"\").trim(); }\n  ui.addEventListener(\"change\", syncCountry);\n  form.addEventListener(\"submit\", syncCountry);\n})();\n<\/script>\n\n\n\n\n<p><\/p>\n","protected":false},"excerpt":{"rendered":"<p>Tipo de Caso &#8212; Nenhum &#8212;ConsultaIncid\u00eanciaIncid\u00eancia FSL Nome do contato Email Telefone Empresa Pa\u00eds &#8212; Selecione &#8212; Estado\/Prov\u00edncia Cidade N\u00famero\u2026<\/p>\n","protected":false},"author":4,"featured_media":0,"parent":1086,"menu_order":0,"comment_status":"closed","ping_status":"closed","template":"","meta":{"_acf_changed":false,"footnotes":""},"class_list":["post-1350","page","type-page","status-publish","hentry"],"acf":[],"yoast_head":"<!-- This site is optimized with the Yoast SEO Premium plugin v26.8 (Yoast SEO v27.1.1) - https:\/\/yoast.com\/product\/yoast-seo-premium-wordpress\/ -->\n<title>Suporte T\u00e9cnico &amp; Solu\u00e7\u00e3o de Problemas | Girbau Brasil<\/title>\n<meta name=\"description\" content=\"Acesse o suporte t\u00e9cnico da Girbau Brasil. Encontre guias de manuten\u00e7\u00e3o, solu\u00e7\u00f5es para problemas e assist\u00eancia especializada.\" \/>\n<meta name=\"robots\" content=\"index, follow, max-snippet:-1, max-image-preview:large, max-video-preview:-1\" \/>\n<link rel=\"canonical\" href=\"https:\/\/www.girbau.com\/pt-br\/suporte\/suporte-tecnico\/\" \/>\n<meta property=\"og:locale\" content=\"pt_BR\" \/>\n<meta property=\"og:type\" content=\"article\" \/>\n<meta property=\"og:title\" content=\"Suporte T\u00e9cnico\" \/>\n<meta property=\"og:description\" content=\"Acesse o suporte t\u00e9cnico da Girbau Brasil. Encontre guias de manuten\u00e7\u00e3o, solu\u00e7\u00f5es para problemas e assist\u00eancia especializada.\" \/>\n<meta property=\"og:url\" content=\"https:\/\/www.girbau.com\/pt-br\/suporte\/suporte-tecnico\/\" \/>\n<meta property=\"og:site_name\" content=\"Girbau BR\" \/>\n<meta property=\"article:modified_time\" content=\"2026-02-23T13:52:14+00:00\" \/>\n<meta name=\"twitter:card\" content=\"summary_large_image\" \/>\n<meta name=\"twitter:label1\" content=\"Est. tempo de leitura\" \/>\n\t<meta name=\"twitter:data1\" content=\"1 minuto\" \/>\n<script type=\"application\/ld+json\" class=\"yoast-schema-graph\">{\"@context\":\"https:\/\/schema.org\",\"@graph\":[{\"@type\":\"WebPage\",\"@id\":\"https:\/\/www.girbau.com\/pt-br\/suporte\/suporte-tecnico\/\",\"url\":\"https:\/\/www.girbau.com\/pt-br\/suporte\/suporte-tecnico\/\",\"name\":\"Suporte T\u00e9cnico & Solu\u00e7\u00e3o de Problemas | Girbau Brasil\",\"isPartOf\":{\"@id\":\"https:\/\/www.girbau.com\/pt-br\/#website\"},\"datePublished\":\"2025-12-09T14:07:29+00:00\",\"dateModified\":\"2026-02-23T13:52:14+00:00\",\"description\":\"Acesse o suporte t\u00e9cnico da Girbau Brasil. Encontre guias de manuten\u00e7\u00e3o, solu\u00e7\u00f5es para problemas e assist\u00eancia especializada.\",\"breadcrumb\":{\"@id\":\"https:\/\/www.girbau.com\/pt-br\/suporte\/suporte-tecnico\/#breadcrumb\"},\"inLanguage\":\"pt-BR\",\"potentialAction\":[{\"@type\":\"ReadAction\",\"target\":[\"https:\/\/www.girbau.com\/pt-br\/suporte\/suporte-tecnico\/\"]}]},{\"@type\":\"BreadcrumbList\",\"@id\":\"https:\/\/www.girbau.com\/pt-br\/suporte\/suporte-tecnico\/#breadcrumb\",\"itemListElement\":[{\"@type\":\"ListItem\",\"position\":1,\"name\":\"Home\",\"item\":\"https:\/\/www.girbau.com\/pt-br\/\"},{\"@type\":\"ListItem\",\"position\":2,\"name\":\"O suporte da Girbau sempre ao seu lado\",\"item\":\"https:\/\/www.girbau.com\/pt-br\/suporte\/\"},{\"@type\":\"ListItem\",\"position\":3,\"name\":\"Suporte T\u00e9cnico\"}]},{\"@type\":\"WebSite\",\"@id\":\"https:\/\/www.girbau.com\/pt-br\/#website\",\"url\":\"https:\/\/www.girbau.com\/pt-br\/\",\"name\":\"Girbau BR\",\"description\":\"\",\"potentialAction\":[{\"@type\":\"SearchAction\",\"target\":{\"@type\":\"EntryPoint\",\"urlTemplate\":\"https:\/\/www.girbau.com\/pt-br\/?s={search_term_string}\"},\"query-input\":{\"@type\":\"PropertyValueSpecification\",\"valueRequired\":true,\"valueName\":\"search_term_string\"}}],\"inLanguage\":\"pt-BR\"}]}<\/script>\n<!-- \/ Yoast SEO Premium plugin. -->","yoast_head_json":{"title":"Suporte T\u00e9cnico & Solu\u00e7\u00e3o de Problemas | Girbau Brasil","description":"Acesse o suporte t\u00e9cnico da Girbau Brasil. Encontre guias de manuten\u00e7\u00e3o, solu\u00e7\u00f5es para problemas e assist\u00eancia especializada.","robots":{"index":"index","follow":"follow","max-snippet":"max-snippet:-1","max-image-preview":"max-image-preview:large","max-video-preview":"max-video-preview:-1"},"canonical":"https:\/\/www.girbau.com\/pt-br\/suporte\/suporte-tecnico\/","og_locale":"pt_BR","og_type":"article","og_title":"Suporte T\u00e9cnico","og_description":"Acesse o suporte t\u00e9cnico da Girbau Brasil. Encontre guias de manuten\u00e7\u00e3o, solu\u00e7\u00f5es para problemas e assist\u00eancia especializada.","og_url":"https:\/\/www.girbau.com\/pt-br\/suporte\/suporte-tecnico\/","og_site_name":"Girbau BR","article_modified_time":"2026-02-23T13:52:14+00:00","twitter_card":"summary_large_image","twitter_misc":{"Est. tempo de leitura":"1 minuto"},"schema":{"@context":"https:\/\/schema.org","@graph":[{"@type":"WebPage","@id":"https:\/\/www.girbau.com\/pt-br\/suporte\/suporte-tecnico\/","url":"https:\/\/www.girbau.com\/pt-br\/suporte\/suporte-tecnico\/","name":"Suporte T\u00e9cnico & Solu\u00e7\u00e3o de Problemas | Girbau Brasil","isPartOf":{"@id":"https:\/\/www.girbau.com\/pt-br\/#website"},"datePublished":"2025-12-09T14:07:29+00:00","dateModified":"2026-02-23T13:52:14+00:00","description":"Acesse o suporte t\u00e9cnico da Girbau Brasil. Encontre guias de manuten\u00e7\u00e3o, solu\u00e7\u00f5es para problemas e assist\u00eancia especializada.","breadcrumb":{"@id":"https:\/\/www.girbau.com\/pt-br\/suporte\/suporte-tecnico\/#breadcrumb"},"inLanguage":"pt-BR","potentialAction":[{"@type":"ReadAction","target":["https:\/\/www.girbau.com\/pt-br\/suporte\/suporte-tecnico\/"]}]},{"@type":"BreadcrumbList","@id":"https:\/\/www.girbau.com\/pt-br\/suporte\/suporte-tecnico\/#breadcrumb","itemListElement":[{"@type":"ListItem","position":1,"name":"Home","item":"https:\/\/www.girbau.com\/pt-br\/"},{"@type":"ListItem","position":2,"name":"O suporte da Girbau sempre ao seu lado","item":"https:\/\/www.girbau.com\/pt-br\/suporte\/"},{"@type":"ListItem","position":3,"name":"Suporte T\u00e9cnico"}]},{"@type":"WebSite","@id":"https:\/\/www.girbau.com\/pt-br\/#website","url":"https:\/\/www.girbau.com\/pt-br\/","name":"Girbau BR","description":"","potentialAction":[{"@type":"SearchAction","target":{"@type":"EntryPoint","urlTemplate":"https:\/\/www.girbau.com\/pt-br\/?s={search_term_string}"},"query-input":{"@type":"PropertyValueSpecification","valueRequired":true,"valueName":"search_term_string"}}],"inLanguage":"pt-BR"}]}},"_links":{"self":[{"href":"https:\/\/www.girbau.com\/pt-br\/wp-json\/wp\/v2\/pages\/1350","targetHints":{"allow":["GET"]}}],"collection":[{"href":"https:\/\/www.girbau.com\/pt-br\/wp-json\/wp\/v2\/pages"}],"about":[{"href":"https:\/\/www.girbau.com\/pt-br\/wp-json\/wp\/v2\/types\/page"}],"author":[{"embeddable":true,"href":"https:\/\/www.girbau.com\/pt-br\/wp-json\/wp\/v2\/users\/4"}],"replies":[{"embeddable":true,"href":"https:\/\/www.girbau.com\/pt-br\/wp-json\/wp\/v2\/comments?post=1350"}],"version-history":[{"count":7,"href":"https:\/\/www.girbau.com\/pt-br\/wp-json\/wp\/v2\/pages\/1350\/revisions"}],"predecessor-version":[{"id":2177,"href":"https:\/\/www.girbau.com\/pt-br\/wp-json\/wp\/v2\/pages\/1350\/revisions\/2177"}],"up":[{"embeddable":true,"href":"https:\/\/www.girbau.com\/pt-br\/wp-json\/wp\/v2\/pages\/1086"}],"wp:attachment":[{"href":"https:\/\/www.girbau.com\/pt-br\/wp-json\/wp\/v2\/media?parent=1350"}],"curies":[{"name":"wp","href":"https:\/\/api.w.org\/{rel}","templated":true}]}}