{"id":168,"date":"2025-11-25T12:06:51","date_gmt":"2025-11-25T12:06:51","guid":{"rendered":"https:\/\/www.girbau.com\/pt-br\/sistema-interno-de-informacion\/"},"modified":"2026-01-23T10:06:03","modified_gmt":"2026-01-23T13:06:03","slug":"sistema-informacao-interno","status":"publish","type":"page","link":"https:\/\/www.girbau.com\/pt-br\/sistema-informacao-interno\/","title":{"rendered":"Sistema de informa\u00e7\u00e3o interno"},"content":{"rendered":"\t\n\t\t\t\t\t\t\t\t\t\t\t\t\t\t\t\t\t\t\t\t\t\t\t\t\t\t\t\t\t\n\t\n\t\n\n<section class=\"module-grid\" >\n\t<div class=\"container\">\n\t\t\t\t\t\n\n<div class=\"section-header\">\n\t\t\t<div class=\"section-header__intro\">\n\t\t\t\n\n<div class=\"section-intro\">\n\t\n\t\t\t<div class=\"section-intro__container\">\n\t\t\t\t\t\t\t\t\t\t<h2 class=\"section-intro__title\">Internal Information System<\/h2>\n\t\t\t\t\t<\/div>\n\t\n\t\n\t\n\t<\/div>\n\t\t<\/div>\n\t\n\t<\/div>\n\t\t\n\t\t\t\t\t<div class=\"module-grid__content only-text\">\n\t\t\t\t\n\t\t\t<\/div>\n\t\t\n\t\t\t\t\t<div class=\"module-grid__content\" style=\"--columns: 1;\">\n\t\t\t\t\t\t\t\t\t\n\n<div class=\"accordion\" data-accordion>\n\t<button class=\"accordion__trigger\" aria-expanded=\"false\" data-accordion-trigger>\n\t\t<h3 class=\"accordion__title\">I.-SISTEMA DE INFORMA\u00c7\u00c3O INTERNO<\/h3>\n\t\t<span class=\"accordion__icon\" aria-hidden=\"true\"><\/span>\n\t<\/button>\n\t<div class=\"accordion__content\" aria-hidden=\"true\">\n\t\t<div>\n\t\t\t<div class=\"accordion__inner\">\n\t\t\t\t\t\t\t\t\t<p>Em conformidade com a Lei 2\/2023, de 20 de fevereiro, que regula a prote\u00e7\u00e3o das pessoas que denunciam infra\u00e7\u00f5es regulamentares e rege a luta contra a corrup\u00e7\u00e3o, a GIRBAU, S.A. declara que disp\u00f5e de um Sistema de Informa\u00e7\u00e3o Interno e que a empresa \u00e9 respons\u00e1vel pelo tratamento de dados pessoais conforme o disposto na legisla\u00e7\u00e3o em vigor aplic\u00e1vel a esta mat\u00e9ria.<\/p>\n<p>Com o intuito de refor\u00e7ar a cultura de informa\u00e7\u00e3o e as infraestruturas de integridade da GIRBAU, S.A., e promover a cultura de comunica\u00e7\u00e3o como mecanismo de preven\u00e7\u00e3o de atividades ou omiss\u00f5es que possam constituir infra\u00e7\u00f5es no \u00e2mbito da UE, infra\u00e7\u00f5es penais e administrativas graves ou muito graves, bem como infra\u00e7\u00f5es em mat\u00e9ria de sa\u00fade e seguran\u00e7a no trabalho, a empresa nomeou a pessoa que ocupa o cargo de<\/p>\n<ul>\n<li>Endere\u00e7o para o envio de correio convencional:\u00a0Carretera de Manlleu, km. 1, de Vic (Barcelona)\u00a0&#8211; Aos cuidados da pessoa Respons\u00e1vel pela\u00a0<em>Compliance<\/em>\u00a0Penal e pelo SII.<\/li>\n<li>Endere\u00e7o para o envio de correio eletr\u00f3nico:\u00a0<a href=\"mailto:compliance@girbau.com\">compliance@girbau.com<\/a>.<\/li>\n<li>Por meio de comunica\u00e7\u00e3o escrita encaminhada \u00e0 pessoa Respons\u00e1vel pela\u00a0<em>Compliance<\/em>\u00a0Penal e pelo SII.<\/li>\n<\/ul>\n<p>O denunciante pode solicitar uma reuni\u00e3o presencial com a pessoa Respons\u00e1vel pela\u00a0<em>Compliance<\/em>\u00a0Penal e pelo SII, num prazo m\u00e1ximo de sete dias.<\/p>\n<p>Quaisquer informa\u00e7\u00f5es verbais fornecidas numa reuni\u00e3o presencial com a pessoa Respons\u00e1vel pela<\/p>\n<ul>\n<li>(a) atrav\u00e9s de uma grava\u00e7\u00e3o da conversa num formato seguro, dur\u00e1vel e acess\u00edvel; ou<\/li>\n<\/ul>\n<p><em>(*) O denunciante ser\u00e1 avisado de que a comunica\u00e7\u00e3o ser\u00e1 registada, bem como devidamente informado sobre o tratamento dos seus dados em conformidade com as disposi\u00e7\u00f5es do Regulamento (UE) 2016\/679 do Parlamento Europeu e do Conselho, de 27 de abril de 2016.<\/em><\/p>\n<ul>\n<li>b) atrav\u00e9s de uma transcri\u00e7\u00e3o completa e exata da conversa mantida entre o denunciante e a pessoa Respons\u00e1vel pela<\/li>\n<\/ul>\n<p>Sem preju\u00edzo dos direitos que lhe s\u00e3o conferidos pela legisla\u00e7\u00e3o em mat\u00e9ria de prote\u00e7\u00e3o de dados, o denunciante ter\u00e1 a possibilidade de verificar, corrigir e concordar com a transcri\u00e7\u00e3o da conversa, mediante a sua assinatura para tais efeitos.<\/p>\n<p>O SII cumpre os requisitos do artigo 5.2 da Lei de refer\u00eancia:<\/p>\n<p>a).- Permite que as pessoas a quem a lei se aplica (artigo 3) comuniquem informa\u00e7\u00f5es, por diversos meios, relativamente \u00e0s infra\u00e7\u00f5es consideradas no artigo 2.<\/p>\n<p>b).- \u00c9 gerido de forma segura visando garantir o tratamento eficaz das comunica\u00e7\u00f5es dentro da empresa, a confidencialidade da identidade do denunciante e de qualquer terceiro mencionado na comunica\u00e7\u00e3o e das a\u00e7\u00f5es implementadas para a gest\u00e3o e tratamento da mesma, bem como a prote\u00e7\u00e3o dos dados, impedindo o acesso de pessoal n\u00e3o autorizado.<\/p>\n<p>c).- Incorpora um protocolo espec\u00edfico que \u00e9 utilizado pelo Sistema de Informa\u00e7\u00e3o Interno, o Canal de Informa\u00e7\u00e3o Interno e na atua\u00e7\u00e3o por parte da pessoa Respons\u00e1vel pela<\/p>\n<p>&#8211; Comprovativo de rece\u00e7\u00e3o no prazo de sete dias de calend\u00e1rio a contar da data de rece\u00e7\u00e3o da informa\u00e7\u00e3o.<\/p>\n<p>&#8211; Um prazo m\u00e1ximo de tr\u00eas meses para responder \u00e0s a\u00e7\u00f5es da investiga\u00e7\u00e3o de acordo com os termos do artigo 9 da Lei de refer\u00eancia, fazendo as devidas anota\u00e7\u00f5es e mantendo diligentemente um Livro de Registo de Informa\u00e7\u00f5es.<\/p>\n<p>&#8211; Possibilidade de manter a comunica\u00e7\u00e3o com o denunciante.<\/p>\n<p>&#8211; Estabelecimento do direito da pessoa em causa a ser informada das a\u00e7\u00f5es ou omiss\u00f5es que lhe s\u00e3o imputadas e a ser ouvida.<\/p>\n<p>&#8211; Garantia de confidencialidade quando a comunica\u00e7\u00e3o \u00e9 enviada atrav\u00e9s de canais de den\u00fancia n\u00e3o estabelecidos ou a pessoal n\u00e3o respons\u00e1vel pelo seu tratamento, bem como a obriga\u00e7\u00e3o de a pessoa que a recebe efetuar o encaminhamento imediato da mesma \u00e0 pessoa Respons\u00e1vel pelo SII.<\/p>\n<p>&#8211; Respeito pela presun\u00e7\u00e3o de inoc\u00eancia e pela honra das pessoas em causa.<\/p>\n<p>&#8211; Cumprimento das disposi\u00e7\u00f5es relativas \u00e0 prote\u00e7\u00e3o de dados (T\u00edtulo VI da Lei de refer\u00eancia).<\/p>\n<p>&#8211; Compromisso de encaminhamento imediato da informa\u00e7\u00e3o ao Minist\u00e9rio P\u00fablico, sempre que os factos possam ser indicativos de uma infra\u00e7\u00e3o penal.<\/p>\n\n\t\t\t\t\t\t\t<\/div>\n\t\t<\/div>\n\t<\/div>\n<\/div>\n\t\t\t\t\t\t\t\t\t\n\n<div class=\"accordion\" data-accordion>\n\t<button class=\"accordion__trigger\" aria-expanded=\"false\" data-accordion-trigger>\n\t\t<h3 class=\"accordion__title\">II.- TRATAMENTO DE DADOS PESSOAIS<\/h3>\n\t\t<span class=\"accordion__icon\" aria-hidden=\"true\"><\/span>\n\t<\/button>\n\t<div class=\"accordion__content\" aria-hidden=\"true\">\n\t\t<div>\n\t\t\t<div class=\"accordion__inner\">\n\t\t\t\t\t\t\t\t\t<p>A GIRBAU, S.A. tratar\u00e1 os dados pessoais inclu\u00eddos nas comunica\u00e7\u00f5es recebidas ao abrigo da Lei 2\/2023, na qualidade de respons\u00e1vel pelo tratamento dos dados, com o fim de os poder gerir e iniciar, se for caso disso, o correspondente procedimento de investiga\u00e7\u00e3o. A base legal para o tratamento ser\u00e1 o cumprimento de uma obriga\u00e7\u00e3o legal decorrente da Lei de refer\u00eancia. No caso de a comunica\u00e7\u00e3o conter dados de natureza especial, a base legal ser\u00e1 o interesse p\u00fablico essencial e outras disposi\u00e7\u00f5es previstas na al\u00ednea 2 do artigo 9.2 do Regulamento (UE) 2016\/679 do Parlamento Europeu e do Conselho, de 27 de abril de 2016, relativo \u00e0 prote\u00e7\u00e3o das pessoas singulares no que diz respeito ao tratamento de dados pessoais.<\/p>\n<p>Para al\u00e9m disso, foi indicado que tais dados pessoais podem ser tratados e transferidos por pessoal autorizado apenas quando necess\u00e1rio para a ado\u00e7\u00e3o de medidas corretivas na GIRBAU, S.A. ou para o processamento de qualquer processo sancion\u00e1rio ou penal que possa vir a ser aplic\u00e1vel. Os dados pessoais ser\u00e3o conservados apenas durante o tempo preciso para decidir se deve ser iniciada uma investiga\u00e7\u00e3o sobre os factos comunicados. Em qualquer caso, se a respetiva decis\u00e3o n\u00e3o for tomada no prazo de tr\u00eas meses, os dados pessoais contidos na comunica\u00e7\u00e3o ser\u00e3o apagados, exceto para efeitos de manuten\u00e7\u00e3o de provas do funcionamento do sistema.<\/p>\n<p>Dados pessoais que n\u00e3o forem considerados verdadeiros ser\u00e3o igualmente apagados, salvo se tal falta de veracidade puder constituir uma infra\u00e7\u00e3o penal, caso em que as informa\u00e7\u00f5es ser\u00e3o conservadas durante o tempo preciso para a dura\u00e7\u00e3o do respetivo processo judicial.<\/p>\n<p>Por \u00faltimo, cabe salientar que, a qualquer altura, a pessoa que comunica os dados pode solicitar ao respons\u00e1vel pelo tratamento o exerc\u00edcio dos seus direitos de acesso, corre\u00e7\u00e3o, apagamento, limita\u00e7\u00e3o do tratamento ou oposi\u00e7\u00e3o ao mesmo, bem como o direito \u00e0 portabilidade dos seus dados pessoais, enviando, para tal, uma carta com uma fotoc\u00f3pia do seu documento de identidade em anexo para o endere\u00e7o postal Carretera de Manlleu km 1 (08500) Vic ou para o endere\u00e7o de correio eletr\u00f3nico dataprotection@girbau.com. Em caso de n\u00e3o concordar com o tratamento dos seus dados, pode apresentar uma queixa \u00e0 Ag\u00eancia Espanhola de Prote\u00e7\u00e3o de Dados, que \u00e9 a autoridade de controlo competente nesta mat\u00e9ria, situada em C\/ Jorge Juan, 6 (28001) Madrid (<a href=\"http:\/\/www.aepd.es\/\">www.aepd.es<\/a>).<\/p>\n\n\t\t\t\t\t\t\t<\/div>\n\t\t<\/div>\n\t<\/div>\n<\/div>\n\t\t\t\t\t\t\t\t\t\n\n<div class=\"accordion\" data-accordion>\n\t<button class=\"accordion__trigger\" aria-expanded=\"false\" data-accordion-trigger>\n\t\t<h3 class=\"accordion__title\">III.- GARANTIA DE N\u00c3O RETALIA\u00c7\u00c3O<\/h3>\n\t\t<span class=\"accordion__icon\" aria-hidden=\"true\"><\/span>\n\t<\/button>\n\t<div class=\"accordion__content\" aria-hidden=\"true\">\n\t\t<div>\n\t\t\t<div class=\"accordion__inner\">\n\t\t\t\t\t\t\t\t\t<p>A GIRBAU, S.A. compromete-se expressamente a n\u00e3o praticar atos de retalia\u00e7\u00e3o, incluindo amea\u00e7as ou tentativas de retalia\u00e7\u00e3o contra qualquer pessoa que apresente uma comunica\u00e7\u00e3o em conformidade com o disposto na Lei 2\/2023, e a aplicar medidas de prote\u00e7\u00e3o durante o tratamento de um processo, em rela\u00e7\u00e3o \u00e0s pessoas em causa afetadas por uma eventual comunica\u00e7\u00e3o.<\/p>\n\n\t\t\t\t\t\t\t<\/div>\n\t\t<\/div>\n\t<\/div>\n<\/div>\n\t\t\t\t\t\t\t\t\t\n\n<div class=\"accordion\" data-accordion>\n\t<button class=\"accordion__trigger\" aria-expanded=\"false\" data-accordion-trigger>\n\t\t<h3 class=\"accordion__title\">IV.- ISEN\u00c7\u00c3O E ATENUA\u00c7\u00c3O DA PENA<\/h3>\n\t\t<span class=\"accordion__icon\" aria-hidden=\"true\"><\/span>\n\t<\/button>\n\t<div class=\"accordion__content\" aria-hidden=\"true\">\n\t\t<div>\n\t\t\t<div class=\"accordion__inner\">\n\t\t\t\t\t\t\t\t\t<p>No caso de uma pessoa, que tenha participado na pr\u00e1tica da infra\u00e7\u00e3o administrativa objeto da informa\u00e7\u00e3o, ser a pessoa que comunica a sua exist\u00eancia atrav\u00e9s da apresenta\u00e7\u00e3o da informa\u00e7\u00e3o, e desde que esta informa\u00e7\u00e3o tenha sido apresentada antes da notifica\u00e7\u00e3o do in\u00edcio do procedimento de investiga\u00e7\u00e3o ou sancion\u00e1rio, o \u00f3rg\u00e3o competente para a resolu\u00e7\u00e3o do referido procedimento, atrav\u00e9s de resolu\u00e7\u00e3o fundamentada, poder\u00e1 isent\u00e1-la do cumprimento da san\u00e7\u00e3o administrativa que lhe corresponda, desde que sejam cumpridos os pontos mencionados no artigo 40 da Lei de refer\u00eancia.<\/p>\n<p>&nbsp;<\/p>\n<p><em>(*) O Canal de Informa\u00e7\u00e3o Interno permite a apresenta\u00e7\u00e3o de den\u00fancias an\u00f3nimas.<\/em><\/p>\n<p><em>(**) Se bem que as comunica\u00e7\u00f5es devem ser apresentadas, preferentemente e sempre que poss\u00edvel, atrav\u00e9s do canal interno, os denunciantes podem tamb\u00e9m apresent\u00e1-las \u00e0 Autoridade Independente de Prote\u00e7\u00e3o do Denunciante (para tais efeitos, ao Organismo de Luta Antifraude da Catalunha), ao Minist\u00e9rio P\u00fablico ou \u00e0 Procuradoria Europeia, conforme o caso.<\/em><\/p>\n\n\t\t\t\t\t\t\t<\/div>\n\t\t<\/div>\n\t<\/div>\n<\/div>\n\t\t\t\t\t\t\t<\/div>\n\t\t\n\t\t\t<\/div>\n<\/section>\n","protected":false},"excerpt":{"rendered":"","protected":false},"author":1,"featured_media":0,"parent":0,"menu_order":0,"comment_status":"closed","ping_status":"closed","template":"","meta":{"_acf_changed":false,"footnotes":""},"class_list":["post-168","page","type-page","status-publish","hentry"],"acf":[],"yoast_head":"<!-- This site is optimized with the Yoast SEO Premium plugin v26.8 (Yoast SEO v27.1.1) - https:\/\/yoast.com\/product\/yoast-seo-premium-wordpress\/ -->\n<title>Internal Information System | Girbau<\/title>\n<meta name=\"description\" content=\"GIRBAU, S.A. states that it has an Internal Information System.\" \/>\n<meta name=\"robots\" content=\"index, follow, max-snippet:-1, max-image-preview:large, max-video-preview:-1\" \/>\n<link rel=\"canonical\" href=\"https:\/\/www.girbau.com\/pt-br\/sistema-informacao-interno\/\" \/>\n<meta property=\"og:locale\" content=\"pt_BR\" \/>\n<meta property=\"og:type\" content=\"article\" \/>\n<meta property=\"og:title\" content=\"Sistema de informa\u00e7\u00e3o interno\" \/>\n<meta property=\"og:description\" content=\"GIRBAU, S.A. states that it has an Internal Information System.\" \/>\n<meta property=\"og:url\" content=\"https:\/\/www.girbau.com\/pt-br\/sistema-informacao-interno\/\" \/>\n<meta property=\"og:site_name\" content=\"Girbau BR\" \/>\n<meta property=\"article:modified_time\" content=\"2026-01-23T13:06:03+00:00\" \/>\n<meta name=\"twitter:card\" content=\"summary_large_image\" \/>\n<script type=\"application\/ld+json\" class=\"yoast-schema-graph\">{\"@context\":\"https:\/\/schema.org\",\"@graph\":[{\"@type\":\"WebPage\",\"@id\":\"https:\/\/www.girbau.com\/pt-br\/sistema-informacao-interno\/\",\"url\":\"https:\/\/www.girbau.com\/pt-br\/sistema-informacao-interno\/\",\"name\":\"Internal Information System | Girbau\",\"isPartOf\":{\"@id\":\"https:\/\/www.girbau.com\/pt-br\/#website\"},\"datePublished\":\"2025-11-25T12:06:51+00:00\",\"dateModified\":\"2026-01-23T13:06:03+00:00\",\"description\":\"GIRBAU, S.A. states that it has an Internal Information System.\",\"breadcrumb\":{\"@id\":\"https:\/\/www.girbau.com\/pt-br\/sistema-informacao-interno\/#breadcrumb\"},\"inLanguage\":\"pt-BR\",\"potentialAction\":[{\"@type\":\"ReadAction\",\"target\":[\"https:\/\/www.girbau.com\/pt-br\/sistema-informacao-interno\/\"]}]},{\"@type\":\"BreadcrumbList\",\"@id\":\"https:\/\/www.girbau.com\/pt-br\/sistema-informacao-interno\/#breadcrumb\",\"itemListElement\":[{\"@type\":\"ListItem\",\"position\":1,\"name\":\"Home\",\"item\":\"https:\/\/www.girbau.com\/pt-br\/\"},{\"@type\":\"ListItem\",\"position\":2,\"name\":\"Sistema de informa\u00e7\u00e3o interno\"}]},{\"@type\":\"WebSite\",\"@id\":\"https:\/\/www.girbau.com\/pt-br\/#website\",\"url\":\"https:\/\/www.girbau.com\/pt-br\/\",\"name\":\"Girbau BR\",\"description\":\"\",\"potentialAction\":[{\"@type\":\"SearchAction\",\"target\":{\"@type\":\"EntryPoint\",\"urlTemplate\":\"https:\/\/www.girbau.com\/pt-br\/?s={search_term_string}\"},\"query-input\":{\"@type\":\"PropertyValueSpecification\",\"valueRequired\":true,\"valueName\":\"search_term_string\"}}],\"inLanguage\":\"pt-BR\"}]}<\/script>\n<!-- \/ Yoast SEO Premium plugin. -->","yoast_head_json":{"title":"Internal Information System | Girbau","description":"GIRBAU, S.A. states that it has an Internal Information System.","robots":{"index":"index","follow":"follow","max-snippet":"max-snippet:-1","max-image-preview":"max-image-preview:large","max-video-preview":"max-video-preview:-1"},"canonical":"https:\/\/www.girbau.com\/pt-br\/sistema-informacao-interno\/","og_locale":"pt_BR","og_type":"article","og_title":"Sistema de informa\u00e7\u00e3o interno","og_description":"GIRBAU, S.A. states that it has an Internal Information System.","og_url":"https:\/\/www.girbau.com\/pt-br\/sistema-informacao-interno\/","og_site_name":"Girbau BR","article_modified_time":"2026-01-23T13:06:03+00:00","twitter_card":"summary_large_image","schema":{"@context":"https:\/\/schema.org","@graph":[{"@type":"WebPage","@id":"https:\/\/www.girbau.com\/pt-br\/sistema-informacao-interno\/","url":"https:\/\/www.girbau.com\/pt-br\/sistema-informacao-interno\/","name":"Internal Information System | Girbau","isPartOf":{"@id":"https:\/\/www.girbau.com\/pt-br\/#website"},"datePublished":"2025-11-25T12:06:51+00:00","dateModified":"2026-01-23T13:06:03+00:00","description":"GIRBAU, S.A. states that it has an Internal Information System.","breadcrumb":{"@id":"https:\/\/www.girbau.com\/pt-br\/sistema-informacao-interno\/#breadcrumb"},"inLanguage":"pt-BR","potentialAction":[{"@type":"ReadAction","target":["https:\/\/www.girbau.com\/pt-br\/sistema-informacao-interno\/"]}]},{"@type":"BreadcrumbList","@id":"https:\/\/www.girbau.com\/pt-br\/sistema-informacao-interno\/#breadcrumb","itemListElement":[{"@type":"ListItem","position":1,"name":"Home","item":"https:\/\/www.girbau.com\/pt-br\/"},{"@type":"ListItem","position":2,"name":"Sistema de informa\u00e7\u00e3o interno"}]},{"@type":"WebSite","@id":"https:\/\/www.girbau.com\/pt-br\/#website","url":"https:\/\/www.girbau.com\/pt-br\/","name":"Girbau BR","description":"","potentialAction":[{"@type":"SearchAction","target":{"@type":"EntryPoint","urlTemplate":"https:\/\/www.girbau.com\/pt-br\/?s={search_term_string}"},"query-input":{"@type":"PropertyValueSpecification","valueRequired":true,"valueName":"search_term_string"}}],"inLanguage":"pt-BR"}]}},"_links":{"self":[{"href":"https:\/\/www.girbau.com\/pt-br\/wp-json\/wp\/v2\/pages\/168","targetHints":{"allow":["GET"]}}],"collection":[{"href":"https:\/\/www.girbau.com\/pt-br\/wp-json\/wp\/v2\/pages"}],"about":[{"href":"https:\/\/www.girbau.com\/pt-br\/wp-json\/wp\/v2\/types\/page"}],"author":[{"embeddable":true,"href":"https:\/\/www.girbau.com\/pt-br\/wp-json\/wp\/v2\/users\/1"}],"replies":[{"embeddable":true,"href":"https:\/\/www.girbau.com\/pt-br\/wp-json\/wp\/v2\/comments?post=168"}],"version-history":[{"count":11,"href":"https:\/\/www.girbau.com\/pt-br\/wp-json\/wp\/v2\/pages\/168\/revisions"}],"predecessor-version":[{"id":2120,"href":"https:\/\/www.girbau.com\/pt-br\/wp-json\/wp\/v2\/pages\/168\/revisions\/2120"}],"wp:attachment":[{"href":"https:\/\/www.girbau.com\/pt-br\/wp-json\/wp\/v2\/media?parent=168"}],"curies":[{"name":"wp","href":"https:\/\/api.w.org\/{rel}","templated":true}]}}