{"id":49,"date":"2025-11-25T12:06:42","date_gmt":"2025-11-25T12:06:42","guid":{"rendered":"https:\/\/www.girbau.com\/pt-br\/tendencias-girbau\/"},"modified":"2026-02-19T06:48:29","modified_gmt":"2026-02-19T09:48:29","slug":"tendencias-girbau","status":"publish","type":"page","link":"https:\/\/www.girbau.com\/pt-br\/tendencias-girbau\/","title":{"rendered":"Tend\u00eancias Girbau"},"content":{"rendered":"","protected":false},"excerpt":{"rendered":"","protected":false},"author":1,"featured_media":0,"parent":0,"menu_order":0,"comment_status":"closed","ping_status":"closed","template":"","meta":{"_acf_changed":false,"footnotes":""},"class_list":["post-49","page","type-page","status-publish","hentry"],"acf":{"page_tendencias_girbau_main_subtitle":"Tudo que que acontece no setor e na Girbau, em um s\u00f3 lugar.","page_tendencias_girbau_featured_featured_title":"","page_tendencias_girbau_featured_featured_posts":[814,810],"page_tendencias_girbau_content_blog_title":"Conte\u00fado Especializado","page_tendencias_girbau_content_curated_title":"O que nossos especialistas recomendam","page_tendencias_girbau_content_news_title":"Novidades da Girbau","page_tendencias_girbau_support_enabled":true,"page_tendencias_girbau_support_pretitle":"Support","page_tendencias_girbau_support_title":"If you need guidance or support choosing equipment, our team of experts is here to help.","page_tendencias_girbau_support_button_text":"Contact an Expert","page_tendencias_girbau_support_image":904,"page_tendencias_girbau_support_iframe_url":"https:\/\/go.girbau.com\/l\/1043681\/2025-12-08\/2gt6pj?language=pt&amp;Subsidiary=GBR&amp;Specific_industry_source=trends","page_tendencias_girbau_video_banner_enabled":true,"page_tendencias_girbau_video_banner_tag":"","page_tendencias_girbau_video_banner_title":"","page_tendencias_girbau_video_banner_description":"","page_tendencias_girbau_video_banner_button_label":"","page_tendencias_girbau_video_banner_button_action":"url","page_tendencias_girbau_video_banner_button_url":"","page_tendencias_girbau_video_banner_button_post":null,"page_tendencias_girbau_video_banner_button_file":null,"page_tendencias_girbau_video_banner_button_modal_url":"","page_tendencias_girbau_video_banner_button":"","page_tendencias_girbau_video_banner_src":"","page_tendencias_girbau_video_banner_small":"","page_tendencias_girbau_video_banner_medium":"","page_tendencias_girbau_video_banner_large":"","page_tendencias_girbau_video_banner_extra_large":"","page_tendencias_girbau_json_schema_json_schema":""},"yoast_head":"<!-- This site is optimized with the Yoast SEO Premium plugin v26.8 (Yoast SEO v27.1.1) - https:\/\/yoast.com\/product\/yoast-seo-premium-wordpress\/ -->\n<title>Girbau Brasil Trends | Inova\u00e7\u00e3o e novidades do setor de lavanderia<\/title>\n<meta name=\"description\" content=\"Explore as tend\u00eancias da Girbau: blog especializado e not\u00edcias corporativas sobre inova\u00e7\u00e3o, efici\u00eancia e sustentabilidade em lavanderias industriais.\" \/>\n<meta name=\"robots\" content=\"index, follow, max-snippet:-1, max-image-preview:large, max-video-preview:-1\" \/>\n<link rel=\"canonical\" href=\"https:\/\/www.girbau.com\/pt-br\/tendencias-girbau\/\" \/>\n<meta property=\"og:locale\" content=\"pt_BR\" \/>\n<meta property=\"og:type\" content=\"article\" \/>\n<meta property=\"og:title\" content=\"Tend\u00eancias Girbau\" \/>\n<meta property=\"og:description\" content=\"Explore as tend\u00eancias da Girbau: blog especializado e not\u00edcias corporativas sobre inova\u00e7\u00e3o, efici\u00eancia e sustentabilidade em lavanderias industriais.\" \/>\n<meta property=\"og:url\" content=\"https:\/\/www.girbau.com\/pt-br\/tendencias-girbau\/\" \/>\n<meta property=\"og:site_name\" content=\"Girbau BR\" \/>\n<meta property=\"article:modified_time\" content=\"2026-02-19T09:48:29+00:00\" \/>\n<meta name=\"twitter:card\" content=\"summary_large_image\" \/>\n<script type=\"application\/ld+json\" class=\"yoast-schema-graph\">{\"@context\":\"https:\/\/schema.org\",\"@graph\":[{\"@type\":\"WebPage\",\"@id\":\"https:\/\/www.girbau.com\/pt-br\/tendencias-girbau\/\",\"url\":\"https:\/\/www.girbau.com\/pt-br\/tendencias-girbau\/\",\"name\":\"Girbau Brasil Trends | Inova\u00e7\u00e3o e novidades do setor de lavanderia\",\"isPartOf\":{\"@id\":\"https:\/\/www.girbau.com\/pt-br\/#website\"},\"datePublished\":\"2025-11-25T12:06:42+00:00\",\"dateModified\":\"2026-02-19T09:48:29+00:00\",\"description\":\"Explore as tend\u00eancias da Girbau: blog especializado e not\u00edcias corporativas sobre inova\u00e7\u00e3o, efici\u00eancia e sustentabilidade em lavanderias industriais.\",\"breadcrumb\":{\"@id\":\"https:\/\/www.girbau.com\/pt-br\/tendencias-girbau\/#breadcrumb\"},\"inLanguage\":\"pt-BR\",\"potentialAction\":[{\"@type\":\"ReadAction\",\"target\":[\"https:\/\/www.girbau.com\/pt-br\/tendencias-girbau\/\"]}]},{\"@type\":\"BreadcrumbList\",\"@id\":\"https:\/\/www.girbau.com\/pt-br\/tendencias-girbau\/#breadcrumb\",\"itemListElement\":[{\"@type\":\"ListItem\",\"position\":1,\"name\":\"Home\",\"item\":\"https:\/\/www.girbau.com\/pt-br\/\"},{\"@type\":\"ListItem\",\"position\":2,\"name\":\"Tend\u00eancias Girbau\"}]},{\"@type\":\"WebSite\",\"@id\":\"https:\/\/www.girbau.com\/pt-br\/#website\",\"url\":\"https:\/\/www.girbau.com\/pt-br\/\",\"name\":\"Girbau BR\",\"description\":\"\",\"potentialAction\":[{\"@type\":\"SearchAction\",\"target\":{\"@type\":\"EntryPoint\",\"urlTemplate\":\"https:\/\/www.girbau.com\/pt-br\/?s={search_term_string}\"},\"query-input\":{\"@type\":\"PropertyValueSpecification\",\"valueRequired\":true,\"valueName\":\"search_term_string\"}}],\"inLanguage\":\"pt-BR\"}]}<\/script>\n<!-- \/ Yoast SEO Premium plugin. -->","yoast_head_json":{"title":"Girbau Brasil Trends | Inova\u00e7\u00e3o e novidades do setor de lavanderia","description":"Explore as tend\u00eancias da Girbau: blog especializado e not\u00edcias corporativas sobre inova\u00e7\u00e3o, efici\u00eancia e sustentabilidade em lavanderias industriais.","robots":{"index":"index","follow":"follow","max-snippet":"max-snippet:-1","max-image-preview":"max-image-preview:large","max-video-preview":"max-video-preview:-1"},"canonical":"https:\/\/www.girbau.com\/pt-br\/tendencias-girbau\/","og_locale":"pt_BR","og_type":"article","og_title":"Tend\u00eancias Girbau","og_description":"Explore as tend\u00eancias da Girbau: blog especializado e not\u00edcias corporativas sobre inova\u00e7\u00e3o, efici\u00eancia e sustentabilidade em lavanderias industriais.","og_url":"https:\/\/www.girbau.com\/pt-br\/tendencias-girbau\/","og_site_name":"Girbau BR","article_modified_time":"2026-02-19T09:48:29+00:00","twitter_card":"summary_large_image","schema":{"@context":"https:\/\/schema.org","@graph":[{"@type":"WebPage","@id":"https:\/\/www.girbau.com\/pt-br\/tendencias-girbau\/","url":"https:\/\/www.girbau.com\/pt-br\/tendencias-girbau\/","name":"Girbau Brasil Trends | Inova\u00e7\u00e3o e novidades do setor de lavanderia","isPartOf":{"@id":"https:\/\/www.girbau.com\/pt-br\/#website"},"datePublished":"2025-11-25T12:06:42+00:00","dateModified":"2026-02-19T09:48:29+00:00","description":"Explore as tend\u00eancias da Girbau: blog especializado e not\u00edcias corporativas sobre inova\u00e7\u00e3o, efici\u00eancia e sustentabilidade em lavanderias industriais.","breadcrumb":{"@id":"https:\/\/www.girbau.com\/pt-br\/tendencias-girbau\/#breadcrumb"},"inLanguage":"pt-BR","potentialAction":[{"@type":"ReadAction","target":["https:\/\/www.girbau.com\/pt-br\/tendencias-girbau\/"]}]},{"@type":"BreadcrumbList","@id":"https:\/\/www.girbau.com\/pt-br\/tendencias-girbau\/#breadcrumb","itemListElement":[{"@type":"ListItem","position":1,"name":"Home","item":"https:\/\/www.girbau.com\/pt-br\/"},{"@type":"ListItem","position":2,"name":"Tend\u00eancias Girbau"}]},{"@type":"WebSite","@id":"https:\/\/www.girbau.com\/pt-br\/#website","url":"https:\/\/www.girbau.com\/pt-br\/","name":"Girbau BR","description":"","potentialAction":[{"@type":"SearchAction","target":{"@type":"EntryPoint","urlTemplate":"https:\/\/www.girbau.com\/pt-br\/?s={search_term_string}"},"query-input":{"@type":"PropertyValueSpecification","valueRequired":true,"valueName":"search_term_string"}}],"inLanguage":"pt-BR"}]}},"_links":{"self":[{"href":"https:\/\/www.girbau.com\/pt-br\/wp-json\/wp\/v2\/pages\/49","targetHints":{"allow":["GET"]}}],"collection":[{"href":"https:\/\/www.girbau.com\/pt-br\/wp-json\/wp\/v2\/pages"}],"about":[{"href":"https:\/\/www.girbau.com\/pt-br\/wp-json\/wp\/v2\/types\/page"}],"author":[{"embeddable":true,"href":"https:\/\/www.girbau.com\/pt-br\/wp-json\/wp\/v2\/users\/1"}],"replies":[{"embeddable":true,"href":"https:\/\/www.girbau.com\/pt-br\/wp-json\/wp\/v2\/comments?post=49"}],"version-history":[{"count":14,"href":"https:\/\/www.girbau.com\/pt-br\/wp-json\/wp\/v2\/pages\/49\/revisions"}],"predecessor-version":[{"id":2167,"href":"https:\/\/www.girbau.com\/pt-br\/wp-json\/wp\/v2\/pages\/49\/revisions\/2167"}],"acf:post":[{"embeddable":true,"href":"https:\/\/www.girbau.com\/pt-br\/wp-json\/wp\/v2\/posts\/810"},{"embeddable":true,"href":"https:\/\/www.girbau.com\/pt-br\/wp-json\/wp\/v2\/posts\/814"}],"wp:attachment":[{"href":"https:\/\/www.girbau.com\/pt-br\/wp-json\/wp\/v2\/media?parent=49"}],"curies":[{"name":"wp","href":"https:\/\/api.w.org\/{rel}","templated":true}]}}