{"id":790,"date":"2025-12-04T18:05:33","date_gmt":"2025-12-04T17:05:33","guid":{"rendered":"https:\/\/www.girbau.com\/pt-br\/certificaciones\/"},"modified":"2026-01-21T07:59:55","modified_gmt":"2026-01-21T10:59:55","slug":"certificacoes","status":"publish","type":"page","link":"https:\/\/www.girbau.com\/pt-br\/certificacoes\/","title":{"rendered":"Certifica\u00e7\u00f5es de qualidade, sustentabilidade e seguran\u00e7a"},"content":{"rendered":"","protected":false},"excerpt":{"rendered":"","protected":false},"author":4,"featured_media":0,"parent":0,"menu_order":0,"comment_status":"closed","ping_status":"closed","template":"","meta":{"_acf_changed":false,"footnotes":""},"class_list":["post-790","page","type-page","status-publish","hentry"],"acf":{"page_certificaciones_main_subtitle":"Rigor, responsabilidade e compromisso com a cria\u00e7\u00e3o de um impacto positivo sobre as pessoas e o planeta","page_certificaciones_main_description":"Na Girbau, entendemos as certifica\u00e7\u00f5es como um compromisso, n\u00e3o como um trof\u00e9u. Cada selo comprova que atuamos com rigor, seguran\u00e7a e respeito ao meio ambiente, garantindo que nossas solu\u00e7\u00f5es de lavanderia sustent\u00e1vel atendam aos mais altos padr\u00f5es de qualidade e sustentabilidade.","page_certificaciones_sections_sections":[{"certificaciones_sections_section_name":"","certificaciones_sections_pretitle":"","certificaciones_sections_title":"Qualidade","certificaciones_sections_description":"","certificaciones_sections_content_items":[{"certificaciones_sections_title":"Qualidade comprovada em cada detalhe","certificaciones_sections_content":"Na Girbau, cada m\u00e1quina e componente passa por <strong>controles rigorosos <\/strong>que asseguram confiabilidade, durabilidade e seguran\u00e7a. As <strong>certifica\u00e7\u00f5es internacionais<\/strong> que respaldam nossas solu\u00e7\u00f5es s\u00e3o a prova do nosso compromisso cont\u00ednuo com a excel\u00eancia e a melhoria constante.","certificaciones_sections_image":1028,"certificaciones_sections_image_position":"right","certificaciones_sections_button_label":"","certificaciones_sections_button_action":"url","certificaciones_sections_button_url":"","certificaciones_sections_button_post":null,"certificaciones_sections_button_file":null,"certificaciones_sections_button_modal_url":"","certificaciones_sections_button":""}],"certificaciones_sections_cards":[{"certificaciones_sections_title":"ISO\u00a09001 - Sistema de gest\u00e3o da qualidade | Girbau S.A. e Girbau Robotics","certificaciones_sections_description":"A certifica\u00e7\u00e3o ISO\u00a09001 comprova que a Girbau S.A. e a Girbau Robotics (Fran\u00e7a) adotam um sistema de gest\u00e3o da qualidade que garante excel\u00eancia no projeto, na fabrica\u00e7\u00e3o e nos servi\u00e7os. Vigente desde 1996, essa norma assegura a rastreabilidade de cada produto e a satisfa\u00e7\u00e3o cont\u00ednua dos nossos clientes. ","certificaciones_sections_button_label":"Ver certifica\u00e7\u00e3o","certificaciones_sections_button_action":"file","certificaciones_sections_button_url":"","certificaciones_sections_button_post":null,"certificaciones_sections_button_file":1651,"certificaciones_sections_button_modal_url":"","certificaciones_sections_button":""},{"certificaciones_sections_title":"ISO 9001 - Sistema de gest\u00e3o da qualidade | Girbau Laundry Machinery (Xangai)","certificaciones_sections_description":"A certifica\u00e7\u00e3o ISO\u00a09001 atesta que a unidade da Girbau Laundry Machinery, em Xangai, opera com um sistema de gest\u00e3o da qualidade alinhado aos padr\u00f5es internacionais. Esse reconhecimento refor\u00e7a a confiabilidade dos nossos processos e a confian\u00e7a global nas solu\u00e7\u00f5es de lavanderia profissional do grupo.","certificaciones_sections_button_label":"Ver certifica\u00e7\u00e3o","certificaciones_sections_button_action":"file","certificaciones_sections_button_url":"","certificaciones_sections_button_post":null,"certificaciones_sections_button_file":1145,"certificaciones_sections_button_modal_url":"","certificaciones_sections_button":""}]},{"certificaciones_sections_section_name":"","certificaciones_sections_pretitle":"","certificaciones_sections_title":"Meio ambiente","certificaciones_sections_description":"","certificaciones_sections_content_items":[{"certificaciones_sections_title":"Compromisso com um ambiente mais limpo e sustent\u00e1vel","certificaciones_sections_content":"A sustentabilidade faz parte de tudo o que fazemos. Do desenvolvimento dos produtos \u00e0 gest\u00e3o de res\u00edduos, aplicamos crit\u00e9rios que reduzem o impacto ambiental e aumentam a efici\u00eancia energ\u00e9tica. As <strong>certifica\u00e7\u00f5es ambientais <\/strong>refletem um modelo de lavanderia respons\u00e1vel, com vis\u00e3o de longo prazo.","certificaciones_sections_image":1029,"certificaciones_sections_image_position":"right","certificaciones_sections_button_label":"","certificaciones_sections_button_action":"url","certificaciones_sections_button_url":"","certificaciones_sections_button_post":null,"certificaciones_sections_button_file":null,"certificaciones_sections_button_modal_url":"","certificaciones_sections_button":""}],"certificaciones_sections_cards":[{"certificaciones_sections_title":"ISO\u00a014001 - Gest\u00e3o ambiental certificada | Girbau S.A. e Girbau Robotics","certificaciones_sections_description":"A certifica\u00e7\u00e3o ISO\u00a014001 comprova que a Girbau S.A. e a Girbau Robotics adotam um sistema de gest\u00e3o ambiental voltado \u00e0 redu\u00e7\u00e3o dos impactos das opera\u00e7\u00f5es. As empresas integram efici\u00eancia energ\u00e9tica, gest\u00e3o respons\u00e1vel de res\u00edduos e melhoria cont\u00ednua em todos os seus centros produtivos. ","certificaciones_sections_button_label":"Ver certifica\u00e7\u00e3o","certificaciones_sections_button_action":"file","certificaciones_sections_button_url":"","certificaciones_sections_button_post":null,"certificaciones_sections_button_file":1652,"certificaciones_sections_button_modal_url":"","certificaciones_sections_button":""},{"certificaciones_sections_title":"ISO 14001 - Gest\u00e3o ambiental certificada para a Girbau Laundry Machinery (Xangai)","certificaciones_sections_description":"A certifica\u00e7\u00e3o ISO\u00a014001 atesta que nossa f\u00e1brica em Xangai, China, implementa um sistema de gest\u00e3o ambiental que minimiza o impacto de suas opera\u00e7\u00f5es.","certificaciones_sections_button_label":"Ver certifica\u00e7\u00e3o","certificaciones_sections_button_action":"file","certificaciones_sections_button_url":"","certificaciones_sections_button_post":null,"certificaciones_sections_button_file":1148,"certificaciones_sections_button_modal_url":"","certificaciones_sections_button":""},{"certificaciones_sections_title":"EMAS (Eco-Management and Audit Scheme \u2013 Sistema de auditoria e gest\u00e3o ecol\u00f3gica) | Girbau S.A.","certificaciones_sections_description":"A certifica\u00e7\u00e3o\u00a0EMAS reconhece a inscri\u00e7\u00e3o da Girbau S.A. no mais exigente registro europeu de gest\u00e3o e auditoria ambiental da Uni\u00e3o Europeia. Desde\u00a02004, esse reconhecimento garante que nossas unidades operam com transpar\u00eancia, melhoria cont\u00ednua e compromisso real com a sustentabilidade na lavanderia.","certificaciones_sections_button_label":"Ver certifica\u00e7\u00e3o","certificaciones_sections_button_action":"file","certificaciones_sections_button_url":"","certificaciones_sections_button_post":null,"certificaciones_sections_button_file":1653,"certificaciones_sections_button_modal_url":"","certificaciones_sections_button":""}]},{"certificaciones_sections_section_name":"","certificaciones_sections_pretitle":"","certificaciones_sections_title":"Sa\u00fade e seguran\u00e7a","certificaciones_sections_description":"","certificaciones_sections_content_items":[{"certificaciones_sections_title":"Seguran\u00e7a e sa\u00fade certificadas para pessoas e processos","certificaciones_sections_content":"<div class=\"flex max-w-full flex-col grow\">\r\n<div class=\"min-h-8 text-message relative flex w-full flex-col items-end gap-2 text-start break-words whitespace-normal [.text-message+&amp;]:mt-1\" dir=\"auto\" data-message-author-role=\"assistant\" data-message-id=\"c4a15016-3ba9-42e0-88c5-057274262020\" data-message-model-slug=\"gpt-5-1\">\r\n<div class=\"flex w-full flex-col gap-1 empty:hidden first:pt-[1px]\">\r\n<div class=\"markdown prose dark:prose-invert w-full break-words light markdown-new-styling\">\r\n<p data-start=\"0\" data-end=\"408\" data-is-last-node=\"\" data-is-only-node=\"\">A seguran\u00e7a e o bem-estar de nossa equipe s\u00e3o fatores fundamentais de nossa estrat\u00e9gia operacional. Desde a preven\u00e7\u00e3o de riscos at\u00e9 a melhoria cont\u00ednua de nossos ambientes de trabalho, aplicamos padr\u00f5es que promovem a prote\u00e7\u00e3o e o bem-estar das pessoas. Essas certifica\u00e7\u00f5es ISO validam um modelo de gest\u00e3o s\u00f3lido e proativo, plenamente alinhado \u00e0s melhores pr\u00e1ticas internacionais.<\/p>\r\n\r\n<\/div>\r\n<\/div>\r\n<\/div>\r\n<\/div>","certificaciones_sections_image":1339,"certificaciones_sections_image_position":"right","certificaciones_sections_button_label":"","certificaciones_sections_button_action":"url","certificaciones_sections_button_url":"","certificaciones_sections_button_post":null,"certificaciones_sections_button_file":null,"certificaciones_sections_button_modal_url":"","certificaciones_sections_button":""}],"certificaciones_sections_cards":[{"certificaciones_sections_title":"ISO\u00a045001 - Sistemas de gest\u00e3o de seguran\u00e7a e sa\u00fade ocupacional | Girbau S.A. e Girbau Robotics","certificaciones_sections_description":"A certifica\u00e7\u00e3o ISO\u00a045001 comprova que a Girbau S.A. (Vic) e a Girbau Robotics (Fran\u00e7a) aplicam um sistema de gest\u00e3o de seguran\u00e7a e sa\u00fade ocupacional em conformidade com os requisitos internacionais. Essa norma assegura ambientes de trabalho mais seguros, promove a preven\u00e7\u00e3o de riscos e incentiva a melhoria cont\u00ednua do bem-estar das pessoas.","certificaciones_sections_button_label":"Ver certifica\u00e7\u00e3o","certificaciones_sections_button_action":"file","certificaciones_sections_button_url":"","certificaciones_sections_button_post":null,"certificaciones_sections_button_file":1654,"certificaciones_sections_button_modal_url":"","certificaciones_sections_button":""},{"certificaciones_sections_title":"ISO 45001 - Sistemas de gest\u00e3o de seguran\u00e7a e sa\u00fade ocupacional | Girbau Laundry Machinery (Xangai)","certificaciones_sections_description":"A certifica\u00e7\u00e3o ISO\u00a045001 atesta que a unidade da Girbau Laundry Machinery, em Xangai, adota um sistema de gest\u00e3o de seguran\u00e7a e sa\u00fade ocupacional alinhado aos padr\u00f5es internacionais. O reconhecimento refor\u00e7a o compromisso com condi\u00e7\u00f5es de trabalho seguras, saud\u00e1veis e sustent\u00e1veis em todas as suas opera\u00e7\u00f5es.","certificaciones_sections_button_label":"Ver certifica\u00e7\u00e3o","certificaciones_sections_button_action":"file","certificaciones_sections_button_url":"","certificaciones_sections_button_post":null,"certificaciones_sections_button_file":1153,"certificaciones_sections_button_modal_url":"","certificaciones_sections_button":""}]}],"page_certificaciones_json_schema_json_schema":""},"yoast_head":"<!-- This site is optimized with the Yoast SEO Premium plugin v26.8 (Yoast SEO v27.1.1) - https:\/\/yoast.com\/product\/yoast-seo-premium-wordpress\/ -->\n<title>Certifica\u00e7\u00f5es de qualidade e sustentabilidade | Girbau Brasil<\/title>\n<meta name=\"description\" content=\"Conhe\u00e7a as certifica\u00e7\u00f5es que garantem a qualidade e a sustentabilidade de todos os equipamentos e sistemas Girbau.\" \/>\n<meta name=\"robots\" content=\"index, follow, max-snippet:-1, max-image-preview:large, max-video-preview:-1\" \/>\n<link rel=\"canonical\" href=\"https:\/\/www.girbau.com\/pt-br\/certificacoes\/\" \/>\n<meta property=\"og:locale\" content=\"pt_BR\" \/>\n<meta property=\"og:type\" content=\"article\" \/>\n<meta property=\"og:title\" content=\"Certifica\u00e7\u00f5es de qualidade, sustentabilidade e seguran\u00e7a\" \/>\n<meta property=\"og:description\" content=\"Conhe\u00e7a as certifica\u00e7\u00f5es que garantem a qualidade e a sustentabilidade de todos os equipamentos e sistemas Girbau.\" \/>\n<meta property=\"og:url\" content=\"https:\/\/www.girbau.com\/pt-br\/certificacoes\/\" \/>\n<meta property=\"og:site_name\" content=\"Girbau BR\" \/>\n<meta property=\"article:modified_time\" content=\"2026-01-21T10:59:55+00:00\" \/>\n<meta name=\"twitter:card\" content=\"summary_large_image\" \/>\n<script type=\"application\/ld+json\" class=\"yoast-schema-graph\">{\"@context\":\"https:\/\/schema.org\",\"@graph\":[{\"@type\":\"WebPage\",\"@id\":\"https:\/\/www.girbau.com\/pt-br\/certificacoes\/\",\"url\":\"https:\/\/www.girbau.com\/pt-br\/certificacoes\/\",\"name\":\"Certifica\u00e7\u00f5es de qualidade e sustentabilidade | Girbau Brasil\",\"isPartOf\":{\"@id\":\"https:\/\/www.girbau.com\/pt-br\/#website\"},\"datePublished\":\"2025-12-04T17:05:33+00:00\",\"dateModified\":\"2026-01-21T10:59:55+00:00\",\"description\":\"Conhe\u00e7a as certifica\u00e7\u00f5es que garantem a qualidade e a sustentabilidade de todos os equipamentos e sistemas Girbau.\",\"breadcrumb\":{\"@id\":\"https:\/\/www.girbau.com\/pt-br\/certificacoes\/#breadcrumb\"},\"inLanguage\":\"pt-BR\",\"potentialAction\":[{\"@type\":\"ReadAction\",\"target\":[\"https:\/\/www.girbau.com\/pt-br\/certificacoes\/\"]}]},{\"@type\":\"BreadcrumbList\",\"@id\":\"https:\/\/www.girbau.com\/pt-br\/certificacoes\/#breadcrumb\",\"itemListElement\":[{\"@type\":\"ListItem\",\"position\":1,\"name\":\"Home\",\"item\":\"https:\/\/www.girbau.com\/pt-br\/\"},{\"@type\":\"ListItem\",\"position\":2,\"name\":\"Certifica\u00e7\u00f5es de qualidade, sustentabilidade e seguran\u00e7a\"}]},{\"@type\":\"WebSite\",\"@id\":\"https:\/\/www.girbau.com\/pt-br\/#website\",\"url\":\"https:\/\/www.girbau.com\/pt-br\/\",\"name\":\"Girbau BR\",\"description\":\"\",\"potentialAction\":[{\"@type\":\"SearchAction\",\"target\":{\"@type\":\"EntryPoint\",\"urlTemplate\":\"https:\/\/www.girbau.com\/pt-br\/?s={search_term_string}\"},\"query-input\":{\"@type\":\"PropertyValueSpecification\",\"valueRequired\":true,\"valueName\":\"search_term_string\"}}],\"inLanguage\":\"pt-BR\"}]}<\/script>\n<!-- \/ Yoast SEO Premium plugin. -->","yoast_head_json":{"title":"Certifica\u00e7\u00f5es de qualidade e sustentabilidade | Girbau Brasil","description":"Conhe\u00e7a as certifica\u00e7\u00f5es que garantem a qualidade e a sustentabilidade de todos os equipamentos e sistemas Girbau.","robots":{"index":"index","follow":"follow","max-snippet":"max-snippet:-1","max-image-preview":"max-image-preview:large","max-video-preview":"max-video-preview:-1"},"canonical":"https:\/\/www.girbau.com\/pt-br\/certificacoes\/","og_locale":"pt_BR","og_type":"article","og_title":"Certifica\u00e7\u00f5es de qualidade, sustentabilidade e seguran\u00e7a","og_description":"Conhe\u00e7a as certifica\u00e7\u00f5es que garantem a qualidade e a sustentabilidade de todos os equipamentos e sistemas Girbau.","og_url":"https:\/\/www.girbau.com\/pt-br\/certificacoes\/","og_site_name":"Girbau BR","article_modified_time":"2026-01-21T10:59:55+00:00","twitter_card":"summary_large_image","schema":{"@context":"https:\/\/schema.org","@graph":[{"@type":"WebPage","@id":"https:\/\/www.girbau.com\/pt-br\/certificacoes\/","url":"https:\/\/www.girbau.com\/pt-br\/certificacoes\/","name":"Certifica\u00e7\u00f5es de qualidade e sustentabilidade | Girbau Brasil","isPartOf":{"@id":"https:\/\/www.girbau.com\/pt-br\/#website"},"datePublished":"2025-12-04T17:05:33+00:00","dateModified":"2026-01-21T10:59:55+00:00","description":"Conhe\u00e7a as certifica\u00e7\u00f5es que garantem a qualidade e a sustentabilidade de todos os equipamentos e sistemas Girbau.","breadcrumb":{"@id":"https:\/\/www.girbau.com\/pt-br\/certificacoes\/#breadcrumb"},"inLanguage":"pt-BR","potentialAction":[{"@type":"ReadAction","target":["https:\/\/www.girbau.com\/pt-br\/certificacoes\/"]}]},{"@type":"BreadcrumbList","@id":"https:\/\/www.girbau.com\/pt-br\/certificacoes\/#breadcrumb","itemListElement":[{"@type":"ListItem","position":1,"name":"Home","item":"https:\/\/www.girbau.com\/pt-br\/"},{"@type":"ListItem","position":2,"name":"Certifica\u00e7\u00f5es de qualidade, sustentabilidade e seguran\u00e7a"}]},{"@type":"WebSite","@id":"https:\/\/www.girbau.com\/pt-br\/#website","url":"https:\/\/www.girbau.com\/pt-br\/","name":"Girbau BR","description":"","potentialAction":[{"@type":"SearchAction","target":{"@type":"EntryPoint","urlTemplate":"https:\/\/www.girbau.com\/pt-br\/?s={search_term_string}"},"query-input":{"@type":"PropertyValueSpecification","valueRequired":true,"valueName":"search_term_string"}}],"inLanguage":"pt-BR"}]}},"_links":{"self":[{"href":"https:\/\/www.girbau.com\/pt-br\/wp-json\/wp\/v2\/pages\/790","targetHints":{"allow":["GET"]}}],"collection":[{"href":"https:\/\/www.girbau.com\/pt-br\/wp-json\/wp\/v2\/pages"}],"about":[{"href":"https:\/\/www.girbau.com\/pt-br\/wp-json\/wp\/v2\/types\/page"}],"author":[{"embeddable":true,"href":"https:\/\/www.girbau.com\/pt-br\/wp-json\/wp\/v2\/users\/4"}],"replies":[{"embeddable":true,"href":"https:\/\/www.girbau.com\/pt-br\/wp-json\/wp\/v2\/comments?post=790"}],"version-history":[{"count":17,"href":"https:\/\/www.girbau.com\/pt-br\/wp-json\/wp\/v2\/pages\/790\/revisions"}],"predecessor-version":[{"id":2062,"href":"https:\/\/www.girbau.com\/pt-br\/wp-json\/wp\/v2\/pages\/790\/revisions\/2062"}],"wp:attachment":[{"href":"https:\/\/www.girbau.com\/pt-br\/wp-json\/wp\/v2\/media?parent=790"}],"curies":[{"name":"wp","href":"https:\/\/api.w.org\/{rel}","templated":true}]}}