{"id":791,"date":"2025-12-04T18:05:33","date_gmt":"2025-12-04T17:05:33","guid":{"rendered":"https:\/\/www.girbau.com\/pt-br\/trabajar-en-girbau\/"},"modified":"2026-01-21T05:20:17","modified_gmt":"2026-01-21T08:20:17","slug":"trabalhe-na-girbau","status":"publish","type":"page","link":"https:\/\/www.girbau.com\/pt-br\/trabalhe-na-girbau\/","title":{"rendered":"Trabalhe na Girbau"},"content":{"rendered":"","protected":false},"excerpt":{"rendered":"","protected":false},"author":10,"featured_media":0,"parent":0,"menu_order":0,"comment_status":"closed","ping_status":"closed","template":"","meta":{"_acf_changed":false,"footnotes":""},"class_list":["post-791","page","type-page","status-publish","hentry"],"acf":{"page_trabajar_en_girbau_main_subtitle":"Fa\u00e7a parte de uma equipe onde as pessoas compartilham ideias, talento e prop\u00f3sito","page_trabajar_en_girbau_main_description":"Acreditamos que as pessoas s\u00e3o o motor de tudo o que fazemos. Aqui voc\u00ea encontra um ambiente que estimula o crescimento profissional, valoriza suas ideias e promove o aprendizado cont\u00ednuo. Investimos em inova\u00e7\u00e3o,  sustentabilidade e bem-estar, formando um time diverso que impulsiona a evolu\u00e7\u00e3o do setor de lavanderia em n\u00edvel global.","page_trabajar_en_girbau_main_background":1271,"page_trabajar_en_girbau_main_background_video_small":"https:\/\/www.girbau.com\/pt-br\/wp-content\/uploads\/sites\/9\/2025\/12\/girbau-careers-work-with-us-banner-video-480.webm","page_trabajar_en_girbau_main_background_video_medium":"https:\/\/www.girbau.com\/pt-br\/wp-content\/uploads\/sites\/9\/2025\/12\/girbau-careers-work-with-us-banner-video-900.webm","page_trabajar_en_girbau_main_background_video_large":"https:\/\/www.girbau.com\/pt-br\/wp-content\/uploads\/sites\/9\/2025\/12\/girbau-careers-work-with-us-banner-video-1400.webm","page_trabajar_en_girbau_main_background_video_extra_large":"https:\/\/www.girbau.com\/pt-br\/wp-content\/uploads\/sites\/9\/2025\/12\/girbau-careers-work-with-us-banner-video-1920.webm","page_trabajar_en_girbau_features_enabled":true,"page_trabajar_en_girbau_features_tag":"","page_trabajar_en_girbau_features_columns":"3","page_trabajar_en_girbau_features_title":"Por que trabalhar na Girbau?","page_trabajar_en_girbau_features_description":"","page_trabajar_en_girbau_features_features":[{"trabajar_en_girbau_features_icon":"pasion","trabajar_en_girbau_features_title":"Ra\u00edzes familiares com vis\u00e3o global","trabajar_en_girbau_features_content":"Somos uma empresa familiar com presen\u00e7a internacional atrav\u00e9s de 15 filiais. Oferecemos um ambiente pr\u00f3ximo, est\u00e1vel e orientado para o futuro, onde voc\u00ea pode construir uma trajet\u00f3ria profissional s\u00f3lida."},{"trabajar_en_girbau_features_icon":"crecimiento","trabajar_en_girbau_features_title":"Crescer faz parte do caminho","trabajar_en_girbau_features_content":"Aqui, o desenvolvimento n\u00e3o para. Cada pessoa encontra espa\u00e7o para evoluir, assumir novos desafios e aprender continuamente, sempre com o apoio do time."},{"trabajar_en_girbau_features_icon":"sostenibilidad","trabajar_en_girbau_features_title":"Transforma\u00e7\u00e3o com prop\u00f3sito","trabajar_en_girbau_features_content":"Nossa evolu\u00e7\u00e3o \u00e9 guiada pela digitaliza\u00e7\u00e3o, sustentabilidade e inova\u00e7\u00e3o, com um objetivo claro: ser refer\u00eancia na gera\u00e7\u00e3o de impacto positivo para as pessoas e para o planeta."},{"trabajar_en_girbau_features_icon":"user-centered","trabajar_en_girbau_features_title":"Pessoas em primeiro lugar","trabajar_en_girbau_features_content":"Acreditamos na for\u00e7a da atitude, da diversidade e do comprometimento. Cuidamos do nosso time porque o bem-estar das pessoas \u00e9 a base de tudo o que fazemos.\r\n\r\n<strong>\u00a0<\/strong>"}],"page_trabajar_en_girbau_jobs_enabled":false,"page_trabajar_en_girbau_jobs_tag":"Estamos esperando por voc\u00ea","page_trabajar_en_girbau_jobs_title":"Vagas de emprego","page_trabajar_en_girbau_jobs_description":"Quer fazer parte de um time que impulsiona a inova\u00e7\u00e3o na lavanderia industrial? Conhe\u00e7a as oportunidades de emprego na Girbau e encontre o lugar ideal para desenvolver seu talento.","page_trabajar_en_girbau_jobs_show_all":false,"page_trabajar_en_girbau_jobs_selected_jobs":[590,1675,1679],"page_trabajar_en_girbau_jobs_min_cards":5,"page_trabajar_en_girbau_jobs_show_buttons":true,"page_trabajar_en_girbau_featured_enabled":true,"page_trabajar_en_girbau_featured_tag":"Queremos conhecer voc\u00ea ","page_trabajar_en_girbau_featured_title":"Quer fazer parte da equipe da Girbau Brasil?","page_trabajar_en_girbau_featured_content_type":"text","page_trabajar_en_girbau_featured_content_text":"Seguimos crescendo e buscamos constantemente pessoas com iniciativa, comprometimento e vontade de aprender. Se voc\u00ea se identifica com a nossa forma de trabalhar, <strong>envie seu curr\u00edculo<\/strong> e ele ser\u00e1 considerado para <strong>oportunidades de carreira na Girbau Brasil<\/strong>.","page_trabajar_en_girbau_featured_content_items":null,"page_trabajar_en_girbau_featured_image":1811,"page_trabajar_en_girbau_featured_image_position":"left","page_trabajar_en_girbau_featured_button_label":"Enviar meu curr\u00edculo","page_trabajar_en_girbau_featured_button_action":"modal","page_trabajar_en_girbau_featured_button_url":"https:\/\/form.jotform.com\/253034140820039","page_trabajar_en_girbau_featured_button_post":"","page_trabajar_en_girbau_featured_button_file":"","page_trabajar_en_girbau_featured_button_modal_url":"https:\/\/form.jotform.com\/260201235485348","page_trabajar_en_girbau_featured_button":"","page_trabajar_en_girbau_gallery_enabled":true,"page_trabajar_en_girbau_gallery_tag":"Hist\u00f3rias reais","page_trabajar_en_girbau_gallery_title":"Conhe\u00e7a nossa equipe","page_trabajar_en_girbau_gallery_items":[{"trabajar_en_girbau_gallery_media":1036,"trabajar_en_girbau_gallery_wide_size":false},{"trabajar_en_girbau_gallery_media":1037,"trabajar_en_girbau_gallery_wide_size":false},{"trabajar_en_girbau_gallery_media":1038,"trabajar_en_girbau_gallery_wide_size":false},{"trabajar_en_girbau_gallery_media":1039,"trabajar_en_girbau_gallery_wide_size":false},{"trabajar_en_girbau_gallery_media":1040,"trabajar_en_girbau_gallery_wide_size":false},{"trabajar_en_girbau_gallery_media":1041,"trabajar_en_girbau_gallery_wide_size":false},{"trabajar_en_girbau_gallery_media":1035,"trabajar_en_girbau_gallery_wide_size":false}],"page_trabajar_en_girbau_features_bottom_enabled":true,"page_trabajar_en_girbau_features_bottom_tag":"Por que escolher a Girbau?","page_trabajar_en_girbau_features_bottom_columns":"3","page_trabajar_en_girbau_features_bottom_title":"O que nos define?","page_trabajar_en_girbau_features_bottom_description":"","page_trabajar_en_girbau_features_bottom_features":[{"trabajar_en_girbau_features_bottom_icon":"excelencia","trabajar_en_girbau_features_bottom_title":"Excel\u00eancia","trabajar_en_girbau_features_bottom_content":"Trabalhamos com dedica\u00e7\u00e3o para garantir a qualidade em nossos servi\u00e7os, produtos, processos e relacionamentos, buscando sempre a melhoria cont\u00ednua e a satisfa\u00e7\u00e3o dos clientes."},{"trabajar_en_girbau_features_bottom_icon":"colaboracion","trabajar_en_girbau_features_bottom_title":"Colabora\u00e7\u00e3o","trabajar_en_girbau_features_bottom_content":"Atuamos como um \u00fanico time, interna e externamente, compartilhando experi\u00eancias e conhecimento com a comunidade para alcan\u00e7ar resultados que v\u00e3o al\u00e9m do esfor\u00e7o individual."},{"trabajar_en_girbau_features_bottom_icon":"integridad","trabajar_en_girbau_features_bottom_title":"Integridade","trabajar_en_girbau_features_bottom_content":"Agimos com coer\u00eancia entre valores e a\u00e7\u00f5es, transpar\u00eancia e honestidade. Fazemos o que \u00e9 certo, mesmo quando ningu\u00e9m est\u00e1 olhando."},{"trabajar_en_girbau_features_bottom_icon":"user-centered","trabajar_en_girbau_features_bottom_title":"Foco nas pessoas","trabajar_en_girbau_features_bottom_content":"Tudo o que fazemos \u00e9 guiado pela empatia e pelo respeito \u00e0s pessoas, ao seu bem-estar, \u00e0s suas necessidades e \u00e0 diversidade, sejam clientes, colaboradores, fornecedores ou parceiros."},{"trabajar_en_girbau_features_bottom_icon":"pasion","trabajar_en_girbau_features_bottom_title":"Paix\u00e3o","trabajar_en_girbau_features_bottom_content":"Amamos o que fazemos. Trabalhamos com entusiasmo e energia para criar e fornecer solu\u00e7\u00f5es inovadoras, sempre dispostos a aprender e a questionar como podemos fazer melhor."},{"trabajar_en_girbau_features_bottom_icon":"compromiso","trabajar_en_girbau_features_bottom_title":"Compromisso","trabajar_en_girbau_features_bottom_content":"Temos orgulho de fazer parte da nossa comunidade e nos sentimos respons\u00e1veis diante dos clientes, da empresa, das pessoas e do planeta. Atuamos com dedica\u00e7\u00e3o para alcan\u00e7ar nossos objetivos e superar qualquer desafio que surja no caminho."}],"page_trabajar_en_girbau_json_schema_json_schema":""},"yoast_head":"<!-- This site is optimized with the Yoast SEO Premium plugin v26.8 (Yoast SEO v27.1.1) - https:\/\/yoast.com\/product\/yoast-seo-premium-wordpress\/ -->\n<title>Trabalhe na Girbau | Junte-se a equipe Girbau Brasil<\/title>\n<meta name=\"description\" content=\"Explore as oportunidades de carreira na Girbau e junte-se a uma equipe comprometida com a inova\u00e7\u00e3o em lavanderia profissional.\" \/>\n<meta name=\"robots\" content=\"index, follow, max-snippet:-1, max-image-preview:large, max-video-preview:-1\" \/>\n<link rel=\"canonical\" href=\"https:\/\/www.girbau.com\/pt-br\/trabalhe-na-girbau\/\" \/>\n<meta property=\"og:locale\" content=\"pt_BR\" \/>\n<meta property=\"og:type\" content=\"article\" \/>\n<meta property=\"og:title\" content=\"Trabalhe na Girbau\" \/>\n<meta property=\"og:description\" content=\"Explore as oportunidades de carreira na Girbau e junte-se a uma equipe comprometida com a inova\u00e7\u00e3o em lavanderia profissional.\" \/>\n<meta property=\"og:url\" content=\"https:\/\/www.girbau.com\/pt-br\/trabalhe-na-girbau\/\" \/>\n<meta property=\"og:site_name\" content=\"Girbau BR\" \/>\n<meta property=\"article:modified_time\" content=\"2026-01-21T08:20:17+00:00\" \/>\n<meta name=\"twitter:card\" content=\"summary_large_image\" \/>\n<script type=\"application\/ld+json\" class=\"yoast-schema-graph\">{\"@context\":\"https:\/\/schema.org\",\"@graph\":[{\"@type\":\"WebPage\",\"@id\":\"https:\/\/www.girbau.com\/pt-br\/trabalhe-na-girbau\/\",\"url\":\"https:\/\/www.girbau.com\/pt-br\/trabalhe-na-girbau\/\",\"name\":\"Trabalhe na Girbau | Junte-se a equipe Girbau Brasil\",\"isPartOf\":{\"@id\":\"https:\/\/www.girbau.com\/pt-br\/#website\"},\"datePublished\":\"2025-12-04T17:05:33+00:00\",\"dateModified\":\"2026-01-21T08:20:17+00:00\",\"description\":\"Explore as oportunidades de carreira na Girbau e junte-se a uma equipe comprometida com a inova\u00e7\u00e3o em lavanderia profissional.\",\"breadcrumb\":{\"@id\":\"https:\/\/www.girbau.com\/pt-br\/trabalhe-na-girbau\/#breadcrumb\"},\"inLanguage\":\"pt-BR\",\"potentialAction\":[{\"@type\":\"ReadAction\",\"target\":[\"https:\/\/www.girbau.com\/pt-br\/trabalhe-na-girbau\/\"]}]},{\"@type\":\"BreadcrumbList\",\"@id\":\"https:\/\/www.girbau.com\/pt-br\/trabalhe-na-girbau\/#breadcrumb\",\"itemListElement\":[{\"@type\":\"ListItem\",\"position\":1,\"name\":\"Home\",\"item\":\"https:\/\/www.girbau.com\/pt-br\/\"},{\"@type\":\"ListItem\",\"position\":2,\"name\":\"Trabalhe na Girbau\"}]},{\"@type\":\"WebSite\",\"@id\":\"https:\/\/www.girbau.com\/pt-br\/#website\",\"url\":\"https:\/\/www.girbau.com\/pt-br\/\",\"name\":\"Girbau BR\",\"description\":\"\",\"potentialAction\":[{\"@type\":\"SearchAction\",\"target\":{\"@type\":\"EntryPoint\",\"urlTemplate\":\"https:\/\/www.girbau.com\/pt-br\/?s={search_term_string}\"},\"query-input\":{\"@type\":\"PropertyValueSpecification\",\"valueRequired\":true,\"valueName\":\"search_term_string\"}}],\"inLanguage\":\"pt-BR\"}]}<\/script>\n<!-- \/ Yoast SEO Premium plugin. -->","yoast_head_json":{"title":"Trabalhe na Girbau | Junte-se a equipe Girbau Brasil","description":"Explore as oportunidades de carreira na Girbau e junte-se a uma equipe comprometida com a inova\u00e7\u00e3o em lavanderia profissional.","robots":{"index":"index","follow":"follow","max-snippet":"max-snippet:-1","max-image-preview":"max-image-preview:large","max-video-preview":"max-video-preview:-1"},"canonical":"https:\/\/www.girbau.com\/pt-br\/trabalhe-na-girbau\/","og_locale":"pt_BR","og_type":"article","og_title":"Trabalhe na Girbau","og_description":"Explore as oportunidades de carreira na Girbau e junte-se a uma equipe comprometida com a inova\u00e7\u00e3o em lavanderia profissional.","og_url":"https:\/\/www.girbau.com\/pt-br\/trabalhe-na-girbau\/","og_site_name":"Girbau BR","article_modified_time":"2026-01-21T08:20:17+00:00","twitter_card":"summary_large_image","schema":{"@context":"https:\/\/schema.org","@graph":[{"@type":"WebPage","@id":"https:\/\/www.girbau.com\/pt-br\/trabalhe-na-girbau\/","url":"https:\/\/www.girbau.com\/pt-br\/trabalhe-na-girbau\/","name":"Trabalhe na Girbau | Junte-se a equipe Girbau Brasil","isPartOf":{"@id":"https:\/\/www.girbau.com\/pt-br\/#website"},"datePublished":"2025-12-04T17:05:33+00:00","dateModified":"2026-01-21T08:20:17+00:00","description":"Explore as oportunidades de carreira na Girbau e junte-se a uma equipe comprometida com a inova\u00e7\u00e3o em lavanderia profissional.","breadcrumb":{"@id":"https:\/\/www.girbau.com\/pt-br\/trabalhe-na-girbau\/#breadcrumb"},"inLanguage":"pt-BR","potentialAction":[{"@type":"ReadAction","target":["https:\/\/www.girbau.com\/pt-br\/trabalhe-na-girbau\/"]}]},{"@type":"BreadcrumbList","@id":"https:\/\/www.girbau.com\/pt-br\/trabalhe-na-girbau\/#breadcrumb","itemListElement":[{"@type":"ListItem","position":1,"name":"Home","item":"https:\/\/www.girbau.com\/pt-br\/"},{"@type":"ListItem","position":2,"name":"Trabalhe na Girbau"}]},{"@type":"WebSite","@id":"https:\/\/www.girbau.com\/pt-br\/#website","url":"https:\/\/www.girbau.com\/pt-br\/","name":"Girbau BR","description":"","potentialAction":[{"@type":"SearchAction","target":{"@type":"EntryPoint","urlTemplate":"https:\/\/www.girbau.com\/pt-br\/?s={search_term_string}"},"query-input":{"@type":"PropertyValueSpecification","valueRequired":true,"valueName":"search_term_string"}}],"inLanguage":"pt-BR"}]}},"_links":{"self":[{"href":"https:\/\/www.girbau.com\/pt-br\/wp-json\/wp\/v2\/pages\/791","targetHints":{"allow":["GET"]}}],"collection":[{"href":"https:\/\/www.girbau.com\/pt-br\/wp-json\/wp\/v2\/pages"}],"about":[{"href":"https:\/\/www.girbau.com\/pt-br\/wp-json\/wp\/v2\/types\/page"}],"author":[{"embeddable":true,"href":"https:\/\/www.girbau.com\/pt-br\/wp-json\/wp\/v2\/users\/10"}],"replies":[{"embeddable":true,"href":"https:\/\/www.girbau.com\/pt-br\/wp-json\/wp\/v2\/comments?post=791"}],"version-history":[{"count":24,"href":"https:\/\/www.girbau.com\/pt-br\/wp-json\/wp\/v2\/pages\/791\/revisions"}],"predecessor-version":[{"id":2043,"href":"https:\/\/www.girbau.com\/pt-br\/wp-json\/wp\/v2\/pages\/791\/revisions\/2043"}],"acf:post":[{"embeddable":true,"href":"https:\/\/www.girbau.com\/pt-br\/wp-json\/wp\/v2\/job_post\/1679"}],"wp:attachment":[{"href":"https:\/\/www.girbau.com\/pt-br\/wp-json\/wp\/v2\/media?parent=791"}],"curies":[{"name":"wp","href":"https:\/\/api.w.org\/{rel}","templated":true}]}}