{"id":792,"date":"2025-12-04T18:05:33","date_gmt":"2025-12-04T17:05:33","guid":{"rendered":"https:\/\/www.girbau.com\/pt-br\/memorias-de-sostenibilidad\/"},"modified":"2026-04-02T12:00:17","modified_gmt":"2026-04-02T15:00:17","slug":"relatorios","status":"publish","type":"page","link":"https:\/\/www.girbau.com\/pt-br\/relatorios\/","title":{"rendered":"Relat\u00f3rios e declara\u00e7\u00f5es ambientais"},"content":{"rendered":"","protected":false},"excerpt":{"rendered":"","protected":false},"author":4,"featured_media":0,"parent":0,"menu_order":0,"comment_status":"closed","ping_status":"closed","template":"","meta":{"_acf_changed":false,"footnotes":""},"class_list":["post-792","page","type-page","status-publish","hentry"],"acf":{"page_memorias_sostenibilidad_main_subtitle":"Transpar\u00eancia, a\u00e7\u00e3o e melhoria cont\u00ednua para um futuro mais sustent\u00e1vel","page_memorias_sostenibilidad_main_description":"Na Girbau, entendemos a sustentabilidade como uma forma de agir, n\u00e3o apenas de comunicar. Atrav\u00e9s de nossos relat\u00f3rios de sustentabilidade e declara\u00e7\u00f5es ambientais, compartilhamos de forma transparente os avan\u00e7os, resultados e compromissos que orientam nossa gest\u00e3o respons\u00e1vel dos recursos e do planeta. ","page_memorias_sostenibilidad_collapsible_enabled":true,"page_memorias_sostenibilidad_collapsible_narrow_container":false,"page_memorias_sostenibilidad_collapsible_narrow_content":false,"page_memorias_sostenibilidad_collapsible_tag":"","page_memorias_sostenibilidad_collapsible_title":"Relat\u00f3rios de sustentabilidade","page_memorias_sostenibilidad_collapsible_description":"","page_memorias_sostenibilidad_collapsible_text":"","page_memorias_sostenibilidad_collapsible_items":[{"memorias_sostenibilidad_collapsible_title":"2024","memorias_sostenibilidad_collapsible_content":"","memorias_sostenibilidad_collapsible_cards":[{"memorias_sostenibilidad_collapsible_card_title":"Relat\u00f3rio de Sustentabilidade 2024","memorias_sostenibilidad_collapsible_card_description":"","memorias_sostenibilidad_collapsible_button_label":"Ver relat\u00f3rio","memorias_sostenibilidad_collapsible_button_action":"file","memorias_sostenibilidad_collapsible_button_url":"","memorias_sostenibilidad_collapsible_button_post":null,"memorias_sostenibilidad_collapsible_button_file":1731,"memorias_sostenibilidad_collapsible_button_modal_url":"","memorias_sostenibilidad_collapsible_button":""},{"memorias_sostenibilidad_collapsible_card_title":"V\u00eddeo Retrospectiva 2024","memorias_sostenibilidad_collapsible_card_description":"","memorias_sostenibilidad_collapsible_button_label":"Assistir v\u00eddeo","memorias_sostenibilidad_collapsible_button_action":"url","memorias_sostenibilidad_collapsible_button_url":"https:\/\/www.youtube.com\/watch?v=4AexWvJceIk","memorias_sostenibilidad_collapsible_button_post":null,"memorias_sostenibilidad_collapsible_button_file":null,"memorias_sostenibilidad_collapsible_button_modal_url":"","memorias_sostenibilidad_collapsible_button":""}]},{"memorias_sostenibilidad_collapsible_title":"2023","memorias_sostenibilidad_collapsible_content":"","memorias_sostenibilidad_collapsible_cards":[{"memorias_sostenibilidad_collapsible_card_title":"Relat\u00f3rio de Sustentabilidade 2023","memorias_sostenibilidad_collapsible_card_description":"","memorias_sostenibilidad_collapsible_button_label":"Ver relat\u00f3rio","memorias_sostenibilidad_collapsible_button_action":"file","memorias_sostenibilidad_collapsible_button_url":"","memorias_sostenibilidad_collapsible_button_post":null,"memorias_sostenibilidad_collapsible_button_file":1736,"memorias_sostenibilidad_collapsible_button_modal_url":"","memorias_sostenibilidad_collapsible_button":""},{"memorias_sostenibilidad_collapsible_card_title":"V\u00eddeo Retrospectiva 2023","memorias_sostenibilidad_collapsible_card_description":"","memorias_sostenibilidad_collapsible_button_label":"Assistir v\u00eddeo","memorias_sostenibilidad_collapsible_button_action":"url","memorias_sostenibilidad_collapsible_button_url":"https:\/\/www.youtube.com\/watch?v=MmJfwfNPSpw","memorias_sostenibilidad_collapsible_button_post":null,"memorias_sostenibilidad_collapsible_button_file":null,"memorias_sostenibilidad_collapsible_button_modal_url":"","memorias_sostenibilidad_collapsible_button":""}]},{"memorias_sostenibilidad_collapsible_title":"2022","memorias_sostenibilidad_collapsible_content":"","memorias_sostenibilidad_collapsible_cards":[{"memorias_sostenibilidad_collapsible_card_title":"Relat\u00f3rio de Sustentabilidade 2022","memorias_sostenibilidad_collapsible_card_description":"","memorias_sostenibilidad_collapsible_button_label":"Ver relat\u00f3rio","memorias_sostenibilidad_collapsible_button_action":"file","memorias_sostenibilidad_collapsible_button_url":"","memorias_sostenibilidad_collapsible_button_post":null,"memorias_sostenibilidad_collapsible_button_file":1735,"memorias_sostenibilidad_collapsible_button_modal_url":"","memorias_sostenibilidad_collapsible_button":""}]},{"memorias_sostenibilidad_collapsible_title":"2021","memorias_sostenibilidad_collapsible_content":"","memorias_sostenibilidad_collapsible_cards":[{"memorias_sostenibilidad_collapsible_card_title":"Relat\u00f3rio de Sustentabilidade 2021","memorias_sostenibilidad_collapsible_card_description":"","memorias_sostenibilidad_collapsible_button_label":"Ver relat\u00f3rio","memorias_sostenibilidad_collapsible_button_action":"file","memorias_sostenibilidad_collapsible_button_url":"","memorias_sostenibilidad_collapsible_button_post":null,"memorias_sostenibilidad_collapsible_button_file":1734,"memorias_sostenibilidad_collapsible_button_modal_url":"","memorias_sostenibilidad_collapsible_button":""}]},{"memorias_sostenibilidad_collapsible_title":"2020","memorias_sostenibilidad_collapsible_content":"","memorias_sostenibilidad_collapsible_cards":[{"memorias_sostenibilidad_collapsible_card_title":"Relat\u00f3rio de Sustentabilidade 2020","memorias_sostenibilidad_collapsible_card_description":"","memorias_sostenibilidad_collapsible_button_label":"Ver relat\u00f3rio","memorias_sostenibilidad_collapsible_button_action":"file","memorias_sostenibilidad_collapsible_button_url":"","memorias_sostenibilidad_collapsible_button_post":null,"memorias_sostenibilidad_collapsible_button_file":1733,"memorias_sostenibilidad_collapsible_button_modal_url":"","memorias_sostenibilidad_collapsible_button":""}]}],"page_memorias_sostenibilidad_cards_grid_enabled":true,"page_memorias_sostenibilidad_cards_grid_tag":"","page_memorias_sostenibilidad_cards_grid_title":"A\u00e7\u00f5es reais que refletem nosso compromisso com o planeta","page_memorias_sostenibilidad_cards_grid_description":"","page_memorias_sostenibilidad_cards_grid_columns":"3","page_memorias_sostenibilidad_cards_grid_cards":[{"memorias_sostenibilidad_cards_grid_image":1128,"memorias_sostenibilidad_cards_grid_title":"Declara\u00e7\u00e3o ambiental","memorias_sostenibilidad_cards_grid_description":"Apresenta os principais indicadores de nossos centros de produ\u00e7\u00e3o, como consumo de energia, emiss\u00f5es e gest\u00e3o da \u00e1gua e dos res\u00edduos, verificados externamente de acordo com o regulamento EMAS.","memorias_sostenibilidad_cards_grid_button_label":"Ver declara\u00e7\u00e3o","memorias_sostenibilidad_cards_grid_button_action":"file","memorias_sostenibilidad_cards_grid_button_url":"","memorias_sostenibilidad_cards_grid_button_post":null,"memorias_sostenibilidad_cards_grid_button_file":1626,"memorias_sostenibilidad_cards_grid_button_modal_url":"","memorias_sostenibilidad_cards_grid_button":""},{"memorias_sostenibilidad_cards_grid_image":1129,"memorias_sostenibilidad_cards_grid_title":"Pol\u00edtica ambiental","memorias_sostenibilidad_cards_grid_description":"Estabelece os princ\u00edpios que orientam nossa gest\u00e3o respons\u00e1vel, incluindo o cumprimento da legisla\u00e7\u00e3o, a preven\u00e7\u00e3o da polui\u00e7\u00e3o e o ecodesign de equipamentos mais eficientes.","memorias_sostenibilidad_cards_grid_button_label":"Ver pol\u00edtica","memorias_sostenibilidad_cards_grid_button_action":"file","memorias_sostenibilidad_cards_grid_button_url":"","memorias_sostenibilidad_cards_grid_button_post":null,"memorias_sostenibilidad_cards_grid_button_file":2225,"memorias_sostenibilidad_cards_grid_button_modal_url":"","memorias_sostenibilidad_cards_grid_button":""},{"memorias_sostenibilidad_cards_grid_image":1130,"memorias_sostenibilidad_cards_grid_title":"Certifica\u00e7\u00e3o EMAS","memorias_sostenibilidad_cards_grid_description":"Desde 2004, fazemos parte do registro europeu EMAS, um reconhecimento \u00e0 transpar\u00eancia, \u00e0 melhoria cont\u00ednua e \u00e0 gest\u00e3o ambiental respons\u00e1vel.","memorias_sostenibilidad_cards_grid_button_label":"Ver certifica\u00e7\u00e3o","memorias_sostenibilidad_cards_grid_button_action":"file","memorias_sostenibilidad_cards_grid_button_url":"","memorias_sostenibilidad_cards_grid_button_post":null,"memorias_sostenibilidad_cards_grid_button_file":1624,"memorias_sostenibilidad_cards_grid_button_modal_url":"","memorias_sostenibilidad_cards_grid_button":""}],"page_memorias_sostenibilidad_json_schema_json_schema":""},"yoast_head":"<!-- This site is optimized with the Yoast SEO Premium plugin v26.8 (Yoast SEO v27.1.1) - https:\/\/yoast.com\/product\/yoast-seo-premium-wordpress\/ -->\n<title>Rapports et d\u00e9clarations environnementales | Girbau Brasil<\/title>\n<meta name=\"description\" content=\"Consulte os relat\u00f3rios de sustentabilidade e as declara\u00e7\u00f5es ambientais da Girbau, refletindo nosso compromisso com a transpar\u00eancia e a responsabilidade corporativa.\" \/>\n<meta name=\"robots\" content=\"index, follow, max-snippet:-1, max-image-preview:large, max-video-preview:-1\" \/>\n<link rel=\"canonical\" href=\"https:\/\/www.girbau.com\/pt-br\/relatorios\/\" \/>\n<meta property=\"og:locale\" content=\"pt_BR\" \/>\n<meta property=\"og:type\" content=\"article\" \/>\n<meta property=\"og:title\" content=\"Relat\u00f3rios e declara\u00e7\u00f5es ambientais\" \/>\n<meta property=\"og:description\" content=\"Consulte os relat\u00f3rios de sustentabilidade e as declara\u00e7\u00f5es ambientais da Girbau, refletindo nosso compromisso com a transpar\u00eancia e a responsabilidade corporativa.\" \/>\n<meta property=\"og:url\" content=\"https:\/\/www.girbau.com\/pt-br\/relatorios\/\" \/>\n<meta property=\"og:site_name\" content=\"Girbau BR\" \/>\n<meta property=\"article:modified_time\" content=\"2026-04-02T15:00:17+00:00\" \/>\n<meta name=\"twitter:card\" content=\"summary_large_image\" \/>\n<script type=\"application\/ld+json\" class=\"yoast-schema-graph\">{\"@context\":\"https:\/\/schema.org\",\"@graph\":[{\"@type\":\"WebPage\",\"@id\":\"https:\/\/www.girbau.com\/pt-br\/relatorios\/\",\"url\":\"https:\/\/www.girbau.com\/pt-br\/relatorios\/\",\"name\":\"Rapports et d\u00e9clarations environnementales | Girbau Brasil\",\"isPartOf\":{\"@id\":\"https:\/\/www.girbau.com\/pt-br\/#website\"},\"datePublished\":\"2025-12-04T17:05:33+00:00\",\"dateModified\":\"2026-04-02T15:00:17+00:00\",\"description\":\"Consulte os relat\u00f3rios de sustentabilidade e as declara\u00e7\u00f5es ambientais da Girbau, refletindo nosso compromisso com a transpar\u00eancia e a responsabilidade corporativa.\",\"breadcrumb\":{\"@id\":\"https:\/\/www.girbau.com\/pt-br\/relatorios\/#breadcrumb\"},\"inLanguage\":\"pt-BR\",\"potentialAction\":[{\"@type\":\"ReadAction\",\"target\":[\"https:\/\/www.girbau.com\/pt-br\/relatorios\/\"]}]},{\"@type\":\"BreadcrumbList\",\"@id\":\"https:\/\/www.girbau.com\/pt-br\/relatorios\/#breadcrumb\",\"itemListElement\":[{\"@type\":\"ListItem\",\"position\":1,\"name\":\"Home\",\"item\":\"https:\/\/www.girbau.com\/pt-br\/\"},{\"@type\":\"ListItem\",\"position\":2,\"name\":\"Relat\u00f3rios e declara\u00e7\u00f5es ambientais\"}]},{\"@type\":\"WebSite\",\"@id\":\"https:\/\/www.girbau.com\/pt-br\/#website\",\"url\":\"https:\/\/www.girbau.com\/pt-br\/\",\"name\":\"Girbau BR\",\"description\":\"\",\"potentialAction\":[{\"@type\":\"SearchAction\",\"target\":{\"@type\":\"EntryPoint\",\"urlTemplate\":\"https:\/\/www.girbau.com\/pt-br\/?s={search_term_string}\"},\"query-input\":{\"@type\":\"PropertyValueSpecification\",\"valueRequired\":true,\"valueName\":\"search_term_string\"}}],\"inLanguage\":\"pt-BR\"}]}<\/script>\n<!-- \/ Yoast SEO Premium plugin. -->","yoast_head_json":{"title":"Rapports et d\u00e9clarations environnementales | Girbau Brasil","description":"Consulte os relat\u00f3rios de sustentabilidade e as declara\u00e7\u00f5es ambientais da Girbau, refletindo nosso compromisso com a transpar\u00eancia e a responsabilidade corporativa.","robots":{"index":"index","follow":"follow","max-snippet":"max-snippet:-1","max-image-preview":"max-image-preview:large","max-video-preview":"max-video-preview:-1"},"canonical":"https:\/\/www.girbau.com\/pt-br\/relatorios\/","og_locale":"pt_BR","og_type":"article","og_title":"Relat\u00f3rios e declara\u00e7\u00f5es ambientais","og_description":"Consulte os relat\u00f3rios de sustentabilidade e as declara\u00e7\u00f5es ambientais da Girbau, refletindo nosso compromisso com a transpar\u00eancia e a responsabilidade corporativa.","og_url":"https:\/\/www.girbau.com\/pt-br\/relatorios\/","og_site_name":"Girbau BR","article_modified_time":"2026-04-02T15:00:17+00:00","twitter_card":"summary_large_image","schema":{"@context":"https:\/\/schema.org","@graph":[{"@type":"WebPage","@id":"https:\/\/www.girbau.com\/pt-br\/relatorios\/","url":"https:\/\/www.girbau.com\/pt-br\/relatorios\/","name":"Rapports et d\u00e9clarations environnementales | Girbau Brasil","isPartOf":{"@id":"https:\/\/www.girbau.com\/pt-br\/#website"},"datePublished":"2025-12-04T17:05:33+00:00","dateModified":"2026-04-02T15:00:17+00:00","description":"Consulte os relat\u00f3rios de sustentabilidade e as declara\u00e7\u00f5es ambientais da Girbau, refletindo nosso compromisso com a transpar\u00eancia e a responsabilidade corporativa.","breadcrumb":{"@id":"https:\/\/www.girbau.com\/pt-br\/relatorios\/#breadcrumb"},"inLanguage":"pt-BR","potentialAction":[{"@type":"ReadAction","target":["https:\/\/www.girbau.com\/pt-br\/relatorios\/"]}]},{"@type":"BreadcrumbList","@id":"https:\/\/www.girbau.com\/pt-br\/relatorios\/#breadcrumb","itemListElement":[{"@type":"ListItem","position":1,"name":"Home","item":"https:\/\/www.girbau.com\/pt-br\/"},{"@type":"ListItem","position":2,"name":"Relat\u00f3rios e declara\u00e7\u00f5es ambientais"}]},{"@type":"WebSite","@id":"https:\/\/www.girbau.com\/pt-br\/#website","url":"https:\/\/www.girbau.com\/pt-br\/","name":"Girbau BR","description":"","potentialAction":[{"@type":"SearchAction","target":{"@type":"EntryPoint","urlTemplate":"https:\/\/www.girbau.com\/pt-br\/?s={search_term_string}"},"query-input":{"@type":"PropertyValueSpecification","valueRequired":true,"valueName":"search_term_string"}}],"inLanguage":"pt-BR"}]}},"_links":{"self":[{"href":"https:\/\/www.girbau.com\/pt-br\/wp-json\/wp\/v2\/pages\/792","targetHints":{"allow":["GET"]}}],"collection":[{"href":"https:\/\/www.girbau.com\/pt-br\/wp-json\/wp\/v2\/pages"}],"about":[{"href":"https:\/\/www.girbau.com\/pt-br\/wp-json\/wp\/v2\/types\/page"}],"author":[{"embeddable":true,"href":"https:\/\/www.girbau.com\/pt-br\/wp-json\/wp\/v2\/users\/4"}],"replies":[{"embeddable":true,"href":"https:\/\/www.girbau.com\/pt-br\/wp-json\/wp\/v2\/comments?post=792"}],"version-history":[{"count":18,"href":"https:\/\/www.girbau.com\/pt-br\/wp-json\/wp\/v2\/pages\/792\/revisions"}],"predecessor-version":[{"id":2226,"href":"https:\/\/www.girbau.com\/pt-br\/wp-json\/wp\/v2\/pages\/792\/revisions\/2226"}],"wp:attachment":[{"href":"https:\/\/www.girbau.com\/pt-br\/wp-json\/wp\/v2\/media?parent=792"}],"curies":[{"name":"wp","href":"https:\/\/api.w.org\/{rel}","templated":true}]}}