{"id":794,"date":"2025-12-05T01:45:52","date_gmt":"2025-12-05T00:45:52","guid":{"rendered":"https:\/\/www.girbau.com\/pt-br\/guidelines-policies\/"},"modified":"2026-01-21T12:29:37","modified_gmt":"2026-01-21T15:29:37","slug":"diretrizes-e-politicas","status":"publish","type":"page","link":"https:\/\/www.girbau.com\/pt-br\/diretrizes-e-politicas\/","title":{"rendered":"Pol\u00edticas Internas e Diretrizes"},"content":{"rendered":"","protected":false},"excerpt":{"rendered":"","protected":false},"author":10,"featured_media":0,"parent":0,"menu_order":0,"comment_status":"closed","ping_status":"closed","template":"","meta":{"_acf_changed":false,"footnotes":""},"class_list":["post-794","page","type-page","status-publish","hentry"],"acf":{"page_guidelines_policies_main_subtitle":"Compromissos reais para um futuro mais \u00e9tico, seguro e sustent\u00e1vel.","page_guidelines_policies_main_description":"","page_guidelines_policies_featured_items_pretitle":"DESCUBRA NOSSAS POL\u00cdTICAS","page_guidelines_policies_featured_items_title":"Estas s\u00e3o as bases que orientam nossas decis\u00f5es e definem a maneira como trabalhamos todos os dias","page_guidelines_policies_featured_items_description":"","page_guidelines_policies_featured_items_content_items":[{"guidelines_policies_featured_items_title":"Pol\u00edtica Ambiental","guidelines_policies_featured_items_content":"Cuidar do meio ambiente est\u00e1 no centro de tudo o que fazemos. Desenvolvemos solu\u00e7\u00f5es eficientes que otimizam o uso de \u00e1gua e energia, reduzem res\u00edduos e promovem a inova\u00e7\u00e3o sustent\u00e1vel em cada etapa. Atuamos de acordo com normas como ISO\u00a014001 e EMAS, mas nosso compromisso vai al\u00e9m da conformidade: buscamos gerar um impacto positivo e duradouro para as pessoas e para o planeta.","guidelines_policies_featured_items_image":991,"guidelines_policies_featured_items_image_position":"left","guidelines_policies_featured_items_button_label":"Leia nossa Pol\u00edtica Ambiental","guidelines_policies_featured_items_button_action":"file","guidelines_policies_featured_items_button_url":"","guidelines_policies_featured_items_button_post":null,"guidelines_policies_featured_items_button_file":2065,"guidelines_policies_featured_items_button_modal_url":"","guidelines_policies_featured_items_button":""},{"guidelines_policies_featured_items_title":"Pol\u00edtica de Qualidade","guidelines_policies_featured_items_content":"Qualidade n\u00e3o se mede apenas por resultados, mas pela confian\u00e7a que constru\u00edmos. Na Girbau, investimos na melhoria cont\u00ednua e a inova\u00e7\u00e3o respons\u00e1vel, garantindo que cada produto atenda aos mais altos padr\u00f5es t\u00e9cnicos e ambientais. Nosso compromisso \u00e9 oferecer solu\u00e7\u00f5es dur\u00e1veis, eficientes e que gerem valor real para quem as utiliza.","guidelines_policies_featured_items_image":993,"guidelines_policies_featured_items_image_position":"right","guidelines_policies_featured_items_button_label":"Leia nossa Pol\u00edtica de Qualidade","guidelines_policies_featured_items_button_action":"file","guidelines_policies_featured_items_button_url":"","guidelines_policies_featured_items_button_post":null,"guidelines_policies_featured_items_button_file":2067,"guidelines_policies_featured_items_button_modal_url":"","guidelines_policies_featured_items_button":""},{"guidelines_policies_featured_items_title":"Pol\u00edtica de Seguran\u00e7a e Sa\u00fade","guidelines_policies_featured_items_content":"As pessoas s\u00e3o o motor da Girbau. Por isso, promovemos uma cultura preventiva na qual a seguran\u00e7a \u00e9 compartilhada, aprendida e vivida no dia a dia. Criamos ambientes de trabalho seguros, saud\u00e1veis e em constante evolu\u00e7\u00e3o, sempre em conformidade com a legisla\u00e7\u00e3o e com foco no bem-estar coletivo.","guidelines_policies_featured_items_image":992,"guidelines_policies_featured_items_image_position":"left","guidelines_policies_featured_items_button_label":"Leia nossa Pol\u00edtica de Seguran\u00e7a","guidelines_policies_featured_items_button_action":"file","guidelines_policies_featured_items_button_url":"","guidelines_policies_featured_items_button_post":null,"guidelines_policies_featured_items_button_file":1630,"guidelines_policies_featured_items_button_modal_url":"","guidelines_policies_featured_items_button":""}],"page_guidelines_policies_cards_grid_enabled":true,"page_guidelines_policies_cards_grid_tag":"","page_guidelines_policies_cards_grid_title":"Mecanismos e princ\u00edpios que garantem uma gest\u00e3o \u00edntegra, respons\u00e1vel e alinhada aos nossos valores","page_guidelines_policies_cards_grid_description":"","page_guidelines_policies_cards_grid_columns":"3","page_guidelines_policies_cards_grid_cards":[{"guidelines_policies_cards_grid_image":989,"guidelines_policies_cards_grid_title":"Canal de den\u00fancias","guidelines_policies_cards_grid_description":"Ouvir tamb\u00e9m \u00e9 uma forma de cuidar. Nosso Canal de Den\u00fancias est\u00e1 dispon\u00edvel para todas as pessoas que fazem parte, ou se relacionam, com a Girbau. Trata-se de um espa\u00e7o confidencial e seguro para relatar, inclusive de forma an\u00f4nima, qualquer conduta contr\u00e1ria ao nosso C\u00f3digo de \u00c9tica ou \u00e0 legisla\u00e7\u00e3o vigente.","guidelines_policies_cards_grid_button_label":"Conhe\u00e7a o canal e saiba como utiliz\u00e1-lo","guidelines_policies_cards_grid_button_action":"url","guidelines_policies_cards_grid_button_url":"https:\/\/girbau.ulisesgrc.net\/#\/channels\/girbau\/PT_PT","guidelines_policies_cards_grid_button_post":null,"guidelines_policies_cards_grid_button_file":null,"guidelines_policies_cards_grid_button_modal_url":"","guidelines_policies_cards_grid_button":""},{"guidelines_policies_cards_grid_image":988,"guidelines_policies_cards_grid_title":"C\u00f3digo de \u00c9tica","guidelines_policies_cards_grid_description":"Nosso C\u00f3digo de \u00c9tica \u00e9 mais que um documento: \u00e9 a b\u00fassola que orienta casa decis\u00e3o. Ele define como atuamos, como nos relacionamos e como contribu\u00edmos para um ambiente justo e respons\u00e1vel. Fala de integridade, respeito, transpar\u00eancia e compromisso \u2013 valores que n\u00e3o apenas declaramos, mas tamb\u00e9m praticamos.","guidelines_policies_cards_grid_button_label":"Leia o C\u00f3digo de \u00c9tica completo","guidelines_policies_cards_grid_button_action":"file","guidelines_policies_cards_grid_button_url":"","guidelines_policies_cards_grid_button_post":null,"guidelines_policies_cards_grid_button_file":2091,"guidelines_policies_cards_grid_button_modal_url":"","guidelines_policies_cards_grid_button":""}],"page_guidelines_policies_json_schema_json_schema":""},"yoast_head":"<!-- This site is optimized with the Yoast SEO Premium plugin v26.8 (Yoast SEO v27.1.1) - https:\/\/yoast.com\/product\/yoast-seo-premium-wordpress\/ -->\n<title>Diretrizes e pol\u00edticas | Girbau Brasil<\/title>\n<meta name=\"description\" content=\"Descubra as diretrizes e pol\u00edticas corporativas da Girbau Brasil, nosso marco estrat\u00e9gico para garantir conformidade, transpar\u00eancia e uma gest\u00e3o respons\u00e1vel em toda a organiza\u00e7\u00e3o.\" \/>\n<meta name=\"robots\" content=\"index, follow, max-snippet:-1, max-image-preview:large, max-video-preview:-1\" \/>\n<link rel=\"canonical\" href=\"https:\/\/www.girbau.com\/pt-br\/diretrizes-e-politicas\/\" \/>\n<meta property=\"og:locale\" content=\"pt_BR\" \/>\n<meta property=\"og:type\" content=\"article\" \/>\n<meta property=\"og:title\" content=\"Pol\u00edticas Internas e Diretrizes\" \/>\n<meta property=\"og:description\" content=\"Descubra as diretrizes e pol\u00edticas corporativas da Girbau Brasil, nosso marco estrat\u00e9gico para garantir conformidade, transpar\u00eancia e uma gest\u00e3o respons\u00e1vel em toda a organiza\u00e7\u00e3o.\" \/>\n<meta property=\"og:url\" content=\"https:\/\/www.girbau.com\/pt-br\/diretrizes-e-politicas\/\" \/>\n<meta property=\"og:site_name\" content=\"Girbau BR\" \/>\n<meta property=\"article:modified_time\" content=\"2026-01-21T15:29:37+00:00\" \/>\n<meta name=\"twitter:card\" content=\"summary_large_image\" \/>\n<script type=\"application\/ld+json\" class=\"yoast-schema-graph\">{\"@context\":\"https:\/\/schema.org\",\"@graph\":[{\"@type\":\"WebPage\",\"@id\":\"https:\/\/www.girbau.com\/pt-br\/diretrizes-e-politicas\/\",\"url\":\"https:\/\/www.girbau.com\/pt-br\/diretrizes-e-politicas\/\",\"name\":\"Diretrizes e pol\u00edticas | Girbau Brasil\",\"isPartOf\":{\"@id\":\"https:\/\/www.girbau.com\/pt-br\/#website\"},\"datePublished\":\"2025-12-05T00:45:52+00:00\",\"dateModified\":\"2026-01-21T15:29:37+00:00\",\"description\":\"Descubra as diretrizes e pol\u00edticas corporativas da Girbau Brasil, nosso marco estrat\u00e9gico para garantir conformidade, transpar\u00eancia e uma gest\u00e3o respons\u00e1vel em toda a organiza\u00e7\u00e3o.\",\"breadcrumb\":{\"@id\":\"https:\/\/www.girbau.com\/pt-br\/diretrizes-e-politicas\/#breadcrumb\"},\"inLanguage\":\"pt-BR\",\"potentialAction\":[{\"@type\":\"ReadAction\",\"target\":[\"https:\/\/www.girbau.com\/pt-br\/diretrizes-e-politicas\/\"]}]},{\"@type\":\"BreadcrumbList\",\"@id\":\"https:\/\/www.girbau.com\/pt-br\/diretrizes-e-politicas\/#breadcrumb\",\"itemListElement\":[{\"@type\":\"ListItem\",\"position\":1,\"name\":\"Home\",\"item\":\"https:\/\/www.girbau.com\/pt-br\/\"},{\"@type\":\"ListItem\",\"position\":2,\"name\":\"Pol\u00edticas Internas e Diretrizes\"}]},{\"@type\":\"WebSite\",\"@id\":\"https:\/\/www.girbau.com\/pt-br\/#website\",\"url\":\"https:\/\/www.girbau.com\/pt-br\/\",\"name\":\"Girbau BR\",\"description\":\"\",\"potentialAction\":[{\"@type\":\"SearchAction\",\"target\":{\"@type\":\"EntryPoint\",\"urlTemplate\":\"https:\/\/www.girbau.com\/pt-br\/?s={search_term_string}\"},\"query-input\":{\"@type\":\"PropertyValueSpecification\",\"valueRequired\":true,\"valueName\":\"search_term_string\"}}],\"inLanguage\":\"pt-BR\"}]}<\/script>\n<!-- \/ Yoast SEO Premium plugin. -->","yoast_head_json":{"title":"Diretrizes e pol\u00edticas | Girbau Brasil","description":"Descubra as diretrizes e pol\u00edticas corporativas da Girbau Brasil, nosso marco estrat\u00e9gico para garantir conformidade, transpar\u00eancia e uma gest\u00e3o respons\u00e1vel em toda a organiza\u00e7\u00e3o.","robots":{"index":"index","follow":"follow","max-snippet":"max-snippet:-1","max-image-preview":"max-image-preview:large","max-video-preview":"max-video-preview:-1"},"canonical":"https:\/\/www.girbau.com\/pt-br\/diretrizes-e-politicas\/","og_locale":"pt_BR","og_type":"article","og_title":"Pol\u00edticas Internas e Diretrizes","og_description":"Descubra as diretrizes e pol\u00edticas corporativas da Girbau Brasil, nosso marco estrat\u00e9gico para garantir conformidade, transpar\u00eancia e uma gest\u00e3o respons\u00e1vel em toda a organiza\u00e7\u00e3o.","og_url":"https:\/\/www.girbau.com\/pt-br\/diretrizes-e-politicas\/","og_site_name":"Girbau BR","article_modified_time":"2026-01-21T15:29:37+00:00","twitter_card":"summary_large_image","schema":{"@context":"https:\/\/schema.org","@graph":[{"@type":"WebPage","@id":"https:\/\/www.girbau.com\/pt-br\/diretrizes-e-politicas\/","url":"https:\/\/www.girbau.com\/pt-br\/diretrizes-e-politicas\/","name":"Diretrizes e pol\u00edticas | Girbau Brasil","isPartOf":{"@id":"https:\/\/www.girbau.com\/pt-br\/#website"},"datePublished":"2025-12-05T00:45:52+00:00","dateModified":"2026-01-21T15:29:37+00:00","description":"Descubra as diretrizes e pol\u00edticas corporativas da Girbau Brasil, nosso marco estrat\u00e9gico para garantir conformidade, transpar\u00eancia e uma gest\u00e3o respons\u00e1vel em toda a organiza\u00e7\u00e3o.","breadcrumb":{"@id":"https:\/\/www.girbau.com\/pt-br\/diretrizes-e-politicas\/#breadcrumb"},"inLanguage":"pt-BR","potentialAction":[{"@type":"ReadAction","target":["https:\/\/www.girbau.com\/pt-br\/diretrizes-e-politicas\/"]}]},{"@type":"BreadcrumbList","@id":"https:\/\/www.girbau.com\/pt-br\/diretrizes-e-politicas\/#breadcrumb","itemListElement":[{"@type":"ListItem","position":1,"name":"Home","item":"https:\/\/www.girbau.com\/pt-br\/"},{"@type":"ListItem","position":2,"name":"Pol\u00edticas Internas e Diretrizes"}]},{"@type":"WebSite","@id":"https:\/\/www.girbau.com\/pt-br\/#website","url":"https:\/\/www.girbau.com\/pt-br\/","name":"Girbau BR","description":"","potentialAction":[{"@type":"SearchAction","target":{"@type":"EntryPoint","urlTemplate":"https:\/\/www.girbau.com\/pt-br\/?s={search_term_string}"},"query-input":{"@type":"PropertyValueSpecification","valueRequired":true,"valueName":"search_term_string"}}],"inLanguage":"pt-BR"}]}},"_links":{"self":[{"href":"https:\/\/www.girbau.com\/pt-br\/wp-json\/wp\/v2\/pages\/794","targetHints":{"allow":["GET"]}}],"collection":[{"href":"https:\/\/www.girbau.com\/pt-br\/wp-json\/wp\/v2\/pages"}],"about":[{"href":"https:\/\/www.girbau.com\/pt-br\/wp-json\/wp\/v2\/types\/page"}],"author":[{"embeddable":true,"href":"https:\/\/www.girbau.com\/pt-br\/wp-json\/wp\/v2\/users\/10"}],"replies":[{"embeddable":true,"href":"https:\/\/www.girbau.com\/pt-br\/wp-json\/wp\/v2\/comments?post=794"}],"version-history":[{"count":16,"href":"https:\/\/www.girbau.com\/pt-br\/wp-json\/wp\/v2\/pages\/794\/revisions"}],"predecessor-version":[{"id":2092,"href":"https:\/\/www.girbau.com\/pt-br\/wp-json\/wp\/v2\/pages\/794\/revisions\/2092"}],"wp:attachment":[{"href":"https:\/\/www.girbau.com\/pt-br\/wp-json\/wp\/v2\/media?parent=794"}],"curies":[{"name":"wp","href":"https:\/\/api.w.org\/{rel}","templated":true}]}}